{"id":4432,"date":"2020-09-16T00:15:08","date_gmt":"2020-09-16T00:15:08","guid":{"rendered":"http:\/\/www.lojadeequipamentos.com.br\/loja\/?post_type=product&#038;p=4432"},"modified":"2020-12-21T03:22:04","modified_gmt":"2020-12-21T03:22:04","slug":"rocadeira-bbr43g-17cv-427cm%c2%b3-guidao-briggs","status":"publish","type":"product","link":"https:\/\/www.lojadeequipamentos.com.br\/loja\/produto\/rocadeira-bbr43g-17cv-427cm%c2%b3-guidao-briggs\/","title":{"rendered":"Ro\u00e7adeira BBR43G 1,7cv  42,7cm\u00b3 Guid\u00e3o &#8211; Briggs"},"content":{"rendered":"<h2>Ro\u00e7adeira BBR43G 1,7cv \/ 42,7 cm\u00b3 Guid\u00e3o - Briggs \/ Branco<\/h2>\n<p>\nA Ro\u00e7adeira tem como Principal Fun\u00e7\u00e3o a Limpeza e Manuten\u00e7\u00e3o de \u00c1reas Cobertas por Relvas, Gramas, Ervas Daninhas e Pequenos Arbustos. A vantagem da ro\u00e7adeira \u00e9 que Pode Ser Usada em Locais Irregulares, Morros, Buracos, Matas e Florestas.<br \/>\n<br \/>\nIndicada para Poda de Matos, Arbustos, Gramas Residenciais, \u00c1reas de Lazer em Condom\u00ednios, Manejo de Horticultura e Fruticultura, Agropecu\u00e1ria, Atividades em S\u00edtios, Ch\u00e1caras, Fazendas e Manejos Sustent\u00e1veis.<br \/>\n<br \/>\nEquipamento com Trava do Gatilho de Acelera\u00e7\u00e3o e Amortecedor de Vibra\u00e7\u00f5es.<br \/>\n<br \/>\n<strong>Prote\u00e7\u00e3o \u00e9 Fundamental:<\/strong> n\u00e3o esque\u00e7a de levar para casa os equipamentos de prote\u00e7\u00e3o individual e utiliz\u00e1-los sempre que for utilizar sua ro\u00e7adeira. Utilize luvas, \u00f3culos e protetores auriculares, al\u00e9m de sapatos anti-derrapantes. N\u00e3o utilize roupas soltas que possam atrapalhar o trabalho.<br \/>\nCertifique-se de n\u00e3o acionar sua ro\u00e7adeira pr\u00f3ximo a pessoas e animais de estima\u00e7\u00e3o, para evitar que qualquer peda\u00e7o de grama ou outro objeto que porventura esteja no solo seja arremessado contra eles.<br \/>\nPor raz\u00f5es de seguran\u00e7a, aqueles que n\u00e3o estejam familiarizados com sua opera\u00e7\u00e3o, n\u00e3o devem utiliz\u00e1-la;<br \/>\nLeia e compreenda as Instru\u00e7\u00f5es do Manual antes de us\u00e1-la pela primeira vez;<br \/>\nN\u00e3o cumprir as instru\u00e7\u00f5es de seguran\u00e7a pode resultar em Les\u00f5es Graves;<br \/>\n<br \/>\n\u00c9 Importante Fazer Manuten\u00e7\u00e3o Regularmente:<br \/>\n<strong>Rotinas Di\u00e1rias<\/strong><br \/>\nLimpe a parte externa da m\u00e1quina;<br \/>\nCertifique-se de que o cinto duplo de sustenta\u00e7\u00e3o n\u00e3o esteja danificado;<br \/>\nCertifique-se de que a trava do gatilho do acelerador e o acelerador funcionem corretamente do ponto de vista de seguran\u00e7a;<br \/>\nVerifique se o interruptor de parada funciona;<br \/>\nVerifique se o carretel\/faca n\u00e3o gira em marcha lenta;<br \/>\nLimpe o filtro de ar (e substitua se necess\u00e1rio);<br \/>\nVerifique se a prote\u00e7\u00e3o da navalha n\u00e3o est\u00e1 danificada nem rachada (substitua a prote\u00e7\u00e3o se ela tiver sido exposta ao impacto ou se estiver rachada);<br \/>\nVerifique se a l\u00e2mina est\u00e1 bem centrada, se est\u00e1 afiada e n\u00e3o est\u00e1 rachada. Uma l\u00e2mina descentrada causa vibra\u00e7\u00f5es que podem resultar em danos \u00e0 m\u00e1quina e ao operador;<br \/>\nCertifique que o carretel n\u00e3o est\u00e1 danificado nem rachado (substitua se necess\u00e1rio);<br \/>\nVerifique se a porca de travamento da faca est\u00e1 apertada;<br \/>\nExamine se todas as porcas e parafusos est\u00e3o apertados.<br \/>\n<br \/>\n<strong>Rotinas Mensais<\/strong><br \/>\nLimpe o tanque de combust\u00edvel;<br \/>\nMantenha o carburador e a \u00e1rea ao redor limpos;<br \/>\nLimpe a ventoinha e a \u00e1rea ao redor dela;<br \/>\nVerifique o filtro de combust\u00edvel e o tubo de combust\u00edvel, substitua se necess\u00e1rio;<br \/>\nRevise todos os cabos e conex\u00f5es;<br \/>\nVerifique a embreagem, as molas da embreagem e o tambor da embreagem em rela\u00e7\u00e3o ao desgaste (substitua se necess\u00e1rio).<br \/>\n<br \/>\nO Combust\u00edvel necess\u00e1rio \u00e9 Gasolina Comum com adicionamento de \u00d3leo 2 Tempos, Obedecendo as Caracter\u00edsticas do \u00d3leo ser: 2 Tempos, API TC, JASO FC ou FD e ISO L-EGD com uma Rela\u00e7\u00e3o de Mistura Combust\u00edvel e \u00d3leo de 25:1.<br \/>\n<strong>Misturas: 4 litros de Gasolina para 160ml de \u00d3leo 2 Tempos, 1 litro de Gasolina para 40ml de \u00d3leo 2 Tempos ou 0,5L\/500ml de Gasolina para 20ml de \u00d3leo 2 Tempos.<\/strong><br \/>\n<br \/>\nCaracter\u00edsticas T\u00e9cnicas:<br \/>\nC\u00f3digo do Produto      90314800<br \/>\nCombust\u00edvel            Gasolina + \u00d3leo 2 Tempos<br \/>\nMistura Gas.\/\u00d3leo      25:1<br \/>\nCapacidade Tanque      1200 ml<br \/>\nCilindrada             42,7 cm\u00b3<br \/>\nPot\u00eancia               1,7 cv \/ 1,25 kW a 7500 rpm<br \/>\nRota\u00e7\u00e3o Marcha Lenta   3200 rpm<br \/>\nRota\u00e7\u00e3o M\u00e1xima         10.000 rpm (Sem Carga)<br \/>\nDi\u00e2metro do Tubo       28 mm<br \/>\nDi\u00e2metro do Eixo       8 mm<br \/>\nDimens\u00f5es do Produto   1700 x 850 x 250mm (CxLxA)<br \/>\nDimens\u00f5es Embalagem    1850 x 300 x 280mm (CxLxA)<br \/>\nPeso                   7,8 kg<br \/>\nGarantia               6 Meses<br \/>\n<br \/>\n<strong>FAVOR ENTRAR EM CONTATO PARA COTA\u00c7\u00c3O DE FRETE<\/strong><br \/>\n<br \/>\n<a href=\"https:\/\/api.whatsapp.com\/send?phone=5521964144201\"><img loading=\"lazy\" decoding=\"async\" class=\"alignnone size-full wp-image-4307\" alt=\"botao_whatsapp\" src=\"http:\/\/www.lojadeequipamentos.com.br\/loja\/wp-content\/uploads\/2020\/08\/botao_whatsapp.png\" width=\"226\" height=\"82\" \/><\/a><\/p>\n","protected":false},"excerpt":{"rendered":"<strong>Ro\u00e7adeira BBR43G 1,7cv \/ 42,7 cm\u00b3 Guid\u00e3o - Briggs \/ Branco<\/strong>","protected":false},"featured_media":4569,"comment_status":"open","ping_status":"closed","template":"","meta":{"_links_to":"","_links_to_target":""},"product_brand":[],"product_cat":[],"product_tag":[4213,4214,4215,4216,4193,4217,4218,4219,4154,4220,4221,4222,4223,4224,4202,4225,4226,4205,4088,4162,4227,4228,4229,4209,4230,4231,4212],"class_list":{"0":"post-4432","1":"product","2":"type-product","3":"status-publish","4":"has-post-thumbnail","6":"product_tag-bbr43g-branco","7":"product_tag-bbr43g-rocadeira","8":"product_tag-bbr43g-rocadeira-briggs","9":"product_tag-briggs-bbr43g","10":"product_tag-briggs-rocadeira","11":"product_tag-briggs-rocadeira-1-7cv","12":"product_tag-briggs-rocadeira-42-7cc","13":"product_tag-briggs-rocadeira-bbr43g","14":"product_tag-rocadeira-1-7cv","15":"product_tag-rocadeira-42-7cc","16":"product_tag-rocadeira-42-7cc-briggs","17":"product_tag-rocadeira-42-7cc-gasolina","18":"product_tag-rocadeira-bbr43g","19":"product_tag-rocadeira-bbr43g-briggs","20":"product_tag-rocadeira-briggs","21":"product_tag-rocadeira-briggs-1-7cv","22":"product_tag-rocadeira-briggs-bbr43g","23":"product_tag-rocadeira-briggs-guidao","24":"product_tag-rocadeira-gasolina","25":"product_tag-rocadeira-gasolina-1-7cv","26":"product_tag-rocadeira-gasolina-42-7cc","27":"product_tag-rocadeira-gasolina-42-7cc-briggs","28":"product_tag-rocadeira-gasolina-bbr43g","29":"product_tag-rocadeira-gasolina-briggs","30":"product_tag-rocadeira-gasolina-briggs-1-7cv","31":"product_tag-rocadeira-gasolina-briggs-42-7cc","32":"product_tag-rocadeira-guidao-briggs","34":"first","35":"instock","36":"shipping-taxable","37":"purchasable","38":"product-type-simple"},"yoast_head":"<!-- This site is optimized with the Yoast SEO plugin v27.3 - https:\/\/yoast.com\/product\/yoast-seo-wordpress\/ -->\n<title>Ro\u00e7adeira BBR43G 1,7cv 42,7cm\u00b3 Guid\u00e3o - Briggs - Loja de Equipamentos<\/title>\n<meta name=\"description\" content=\"Ro\u00e7adeira BBR43G Guid\u00e3o Briggs - Part.Manual R$ 1.187,00, Pot.1,7cv - 42,7cm\u00b3 1,25 Kw a 7500 rpm Tanque 1200 ml, Rota\u00e7\u00e3o M\u00e1x.10.000 rpm sem carga, Motor 2T.\" \/>\n<meta name=\"robots\" content=\"index, follow, max-snippet:-1, max-image-preview:large, max-video-preview:-1\" \/>\n<link rel=\"canonical\" href=\"https:\/\/www.lojadeequipamentos.com.br\/loja\/produto\/rocadeira-bbr43g-17cv-427cm\u00b3-guidao-briggs\/\" \/>\n<meta property=\"og:locale\" content=\"pt_BR\" \/>\n<meta property=\"og:type\" content=\"article\" \/>\n<meta property=\"og:title\" content=\"Ro\u00e7adeira BBR43G 1,7cv 42,7cm\u00b3 Guid\u00e3o - Briggs - Loja de Equipamentos\" \/>\n<meta property=\"og:description\" content=\"Ro\u00e7adeira BBR43G Guid\u00e3o Briggs - Part.Manual R$ 1.187,00, Pot.1,7cv - 42,7cm\u00b3 1,25 Kw a 7500 rpm Tanque 1200 ml, Rota\u00e7\u00e3o M\u00e1x.10.000 rpm sem carga, Motor 2T.\" \/>\n<meta property=\"og:url\" content=\"https:\/\/www.lojadeequipamentos.com.br\/loja\/produto\/rocadeira-bbr43g-17cv-427cm\u00b3-guidao-briggs\/\" \/>\n<meta property=\"og:site_name\" content=\"Loja de Equipamentos\" \/>\n<meta property=\"article:modified_time\" content=\"2020-12-21T03:22:04+00:00\" \/>\n<meta property=\"og:image\" content=\"https:\/\/www.lojadeequipamentos.com.br\/loja\/wp-content\/uploads\/2020\/12\/rocadeira-bbr-33g-e-bbr-43g-loja-de-equipamentos.jpg\" \/>\n\t<meta property=\"og:image:width\" content=\"270\" \/>\n\t<meta property=\"og:image:height\" content=\"200\" \/>\n\t<meta property=\"og:image:type\" content=\"image\/jpeg\" \/>\n<meta name=\"twitter:card\" content=\"summary_large_image\" \/>\n<meta name=\"twitter:label1\" content=\"Est. tempo de leitura\" \/>\n\t<meta name=\"twitter:data1\" content=\"3 minutos\" \/>\n<script type=\"application\/ld+json\" class=\"yoast-schema-graph\">{\"@context\":\"https:\\\/\\\/schema.org\",\"@graph\":[{\"@type\":\"WebPage\",\"@id\":\"https:\\\/\\\/www.lojadeequipamentos.com.br\\\/loja\\\/produto\\\/rocadeira-bbr43g-17cv-427cm%c2%b3-guidao-briggs\\\/\",\"url\":\"https:\\\/\\\/www.lojadeequipamentos.com.br\\\/loja\\\/produto\\\/rocadeira-bbr43g-17cv-427cm%c2%b3-guidao-briggs\\\/\",\"name\":\"Ro\u00e7adeira BBR43G 1,7cv 42,7cm\u00b3 Guid\u00e3o - Briggs - Loja de Equipamentos\",\"isPartOf\":{\"@id\":\"https:\\\/\\\/www.lojadeequipamentos.com.br\\\/loja\\\/#website\"},\"primaryImageOfPage\":{\"@id\":\"https:\\\/\\\/www.lojadeequipamentos.com.br\\\/loja\\\/produto\\\/rocadeira-bbr43g-17cv-427cm%c2%b3-guidao-briggs\\\/#primaryimage\"},\"image\":{\"@id\":\"https:\\\/\\\/www.lojadeequipamentos.com.br\\\/loja\\\/produto\\\/rocadeira-bbr43g-17cv-427cm%c2%b3-guidao-briggs\\\/#primaryimage\"},\"thumbnailUrl\":\"https:\\\/\\\/www.lojadeequipamentos.com.br\\\/loja\\\/wp-content\\\/uploads\\\/2020\\\/12\\\/rocadeira-bbr-33g-e-bbr-43g-loja-de-equipamentos.jpg\",\"datePublished\":\"2020-09-16T00:15:08+00:00\",\"dateModified\":\"2020-12-21T03:22:04+00:00\",\"description\":\"Ro\u00e7adeira BBR43G Guid\u00e3o Briggs - Part.Manual R$ 1.187,00, Pot.1,7cv - 42,7cm\u00b3 1,25 Kw a 7500 rpm Tanque 1200 ml, Rota\u00e7\u00e3o M\u00e1x.10.000 rpm sem carga, Motor 2T.\",\"breadcrumb\":{\"@id\":\"https:\\\/\\\/www.lojadeequipamentos.com.br\\\/loja\\\/produto\\\/rocadeira-bbr43g-17cv-427cm%c2%b3-guidao-briggs\\\/#breadcrumb\"},\"inLanguage\":\"pt-BR\",\"potentialAction\":[{\"@type\":\"ReadAction\",\"target\":[\"https:\\\/\\\/www.lojadeequipamentos.com.br\\\/loja\\\/produto\\\/rocadeira-bbr43g-17cv-427cm%c2%b3-guidao-briggs\\\/\"]}]},{\"@type\":\"ImageObject\",\"inLanguage\":\"pt-BR\",\"@id\":\"https:\\\/\\\/www.lojadeequipamentos.com.br\\\/loja\\\/produto\\\/rocadeira-bbr43g-17cv-427cm%c2%b3-guidao-briggs\\\/#primaryimage\",\"url\":\"https:\\\/\\\/www.lojadeequipamentos.com.br\\\/loja\\\/wp-content\\\/uploads\\\/2020\\\/12\\\/rocadeira-bbr-33g-e-bbr-43g-loja-de-equipamentos.jpg\",\"contentUrl\":\"https:\\\/\\\/www.lojadeequipamentos.com.br\\\/loja\\\/wp-content\\\/uploads\\\/2020\\\/12\\\/rocadeira-bbr-33g-e-bbr-43g-loja-de-equipamentos.jpg\",\"width\":270,\"height\":200},{\"@type\":\"BreadcrumbList\",\"@id\":\"https:\\\/\\\/www.lojadeequipamentos.com.br\\\/loja\\\/produto\\\/rocadeira-bbr43g-17cv-427cm%c2%b3-guidao-briggs\\\/#breadcrumb\",\"itemListElement\":[{\"@type\":\"ListItem\",\"position\":1,\"name\":\"In\u00edcio\",\"item\":\"https:\\\/\\\/www.lojadeequipamentos.com.br\\\/loja\\\/\"},{\"@type\":\"ListItem\",\"position\":2,\"name\":\"Loja Virtual\",\"item\":\"https:\\\/\\\/www.lojadeequipamentos.com.br\\\/loja\\\/shop\\\/\"},{\"@type\":\"ListItem\",\"position\":3,\"name\":\"Ro\u00e7adeira BBR43G 1,7cv 42,7cm\u00b3 Guid\u00e3o &#8211; Briggs\"}]},{\"@type\":\"WebSite\",\"@id\":\"https:\\\/\\\/www.lojadeequipamentos.com.br\\\/loja\\\/#website\",\"url\":\"https:\\\/\\\/www.lojadeequipamentos.com.br\\\/loja\\\/\",\"name\":\"Loja de Equipamentos\",\"description\":\"\",\"potentialAction\":[{\"@type\":\"SearchAction\",\"target\":{\"@type\":\"EntryPoint\",\"urlTemplate\":\"https:\\\/\\\/www.lojadeequipamentos.com.br\\\/loja\\\/?s={search_term_string}\"},\"query-input\":{\"@type\":\"PropertyValueSpecification\",\"valueRequired\":true,\"valueName\":\"search_term_string\"}}],\"inLanguage\":\"pt-BR\"}]}<\/script>\n<!-- \/ Yoast SEO plugin. -->","yoast_head_json":{"title":"Ro\u00e7adeira BBR43G 1,7cv 42,7cm\u00b3 Guid\u00e3o - Briggs - Loja de Equipamentos","description":"Ro\u00e7adeira BBR43G Guid\u00e3o Briggs - Part.Manual R$ 1.187,00, Pot.1,7cv - 42,7cm\u00b3 1,25 Kw a 7500 rpm Tanque 1200 ml, Rota\u00e7\u00e3o M\u00e1x.10.000 rpm sem carga, Motor 2T.","robots":{"index":"index","follow":"follow","max-snippet":"max-snippet:-1","max-image-preview":"max-image-preview:large","max-video-preview":"max-video-preview:-1"},"canonical":"https:\/\/www.lojadeequipamentos.com.br\/loja\/produto\/rocadeira-bbr43g-17cv-427cm\u00b3-guidao-briggs\/","og_locale":"pt_BR","og_type":"article","og_title":"Ro\u00e7adeira BBR43G 1,7cv 42,7cm\u00b3 Guid\u00e3o - Briggs - Loja de Equipamentos","og_description":"Ro\u00e7adeira BBR43G Guid\u00e3o Briggs - Part.Manual R$ 1.187,00, Pot.1,7cv - 42,7cm\u00b3 1,25 Kw a 7500 rpm Tanque 1200 ml, Rota\u00e7\u00e3o M\u00e1x.10.000 rpm sem carga, Motor 2T.","og_url":"https:\/\/www.lojadeequipamentos.com.br\/loja\/produto\/rocadeira-bbr43g-17cv-427cm\u00b3-guidao-briggs\/","og_site_name":"Loja de Equipamentos","article_modified_time":"2020-12-21T03:22:04+00:00","og_image":[{"width":270,"height":200,"url":"https:\/\/www.lojadeequipamentos.com.br\/loja\/wp-content\/uploads\/2020\/12\/rocadeira-bbr-33g-e-bbr-43g-loja-de-equipamentos.jpg","type":"image\/jpeg"}],"twitter_card":"summary_large_image","twitter_misc":{"Est. tempo de leitura":"3 minutos"},"schema":{"@context":"https:\/\/schema.org","@graph":[{"@type":"WebPage","@id":"https:\/\/www.lojadeequipamentos.com.br\/loja\/produto\/rocadeira-bbr43g-17cv-427cm%c2%b3-guidao-briggs\/","url":"https:\/\/www.lojadeequipamentos.com.br\/loja\/produto\/rocadeira-bbr43g-17cv-427cm%c2%b3-guidao-briggs\/","name":"Ro\u00e7adeira BBR43G 1,7cv 42,7cm\u00b3 Guid\u00e3o - Briggs - Loja de Equipamentos","isPartOf":{"@id":"https:\/\/www.lojadeequipamentos.com.br\/loja\/#website"},"primaryImageOfPage":{"@id":"https:\/\/www.lojadeequipamentos.com.br\/loja\/produto\/rocadeira-bbr43g-17cv-427cm%c2%b3-guidao-briggs\/#primaryimage"},"image":{"@id":"https:\/\/www.lojadeequipamentos.com.br\/loja\/produto\/rocadeira-bbr43g-17cv-427cm%c2%b3-guidao-briggs\/#primaryimage"},"thumbnailUrl":"https:\/\/www.lojadeequipamentos.com.br\/loja\/wp-content\/uploads\/2020\/12\/rocadeira-bbr-33g-e-bbr-43g-loja-de-equipamentos.jpg","datePublished":"2020-09-16T00:15:08+00:00","dateModified":"2020-12-21T03:22:04+00:00","description":"Ro\u00e7adeira BBR43G Guid\u00e3o Briggs - Part.Manual R$ 1.187,00, Pot.1,7cv - 42,7cm\u00b3 1,25 Kw a 7500 rpm Tanque 1200 ml, Rota\u00e7\u00e3o M\u00e1x.10.000 rpm sem carga, Motor 2T.","breadcrumb":{"@id":"https:\/\/www.lojadeequipamentos.com.br\/loja\/produto\/rocadeira-bbr43g-17cv-427cm%c2%b3-guidao-briggs\/#breadcrumb"},"inLanguage":"pt-BR","potentialAction":[{"@type":"ReadAction","target":["https:\/\/www.lojadeequipamentos.com.br\/loja\/produto\/rocadeira-bbr43g-17cv-427cm%c2%b3-guidao-briggs\/"]}]},{"@type":"ImageObject","inLanguage":"pt-BR","@id":"https:\/\/www.lojadeequipamentos.com.br\/loja\/produto\/rocadeira-bbr43g-17cv-427cm%c2%b3-guidao-briggs\/#primaryimage","url":"https:\/\/www.lojadeequipamentos.com.br\/loja\/wp-content\/uploads\/2020\/12\/rocadeira-bbr-33g-e-bbr-43g-loja-de-equipamentos.jpg","contentUrl":"https:\/\/www.lojadeequipamentos.com.br\/loja\/wp-content\/uploads\/2020\/12\/rocadeira-bbr-33g-e-bbr-43g-loja-de-equipamentos.jpg","width":270,"height":200},{"@type":"BreadcrumbList","@id":"https:\/\/www.lojadeequipamentos.com.br\/loja\/produto\/rocadeira-bbr43g-17cv-427cm%c2%b3-guidao-briggs\/#breadcrumb","itemListElement":[{"@type":"ListItem","position":1,"name":"In\u00edcio","item":"https:\/\/www.lojadeequipamentos.com.br\/loja\/"},{"@type":"ListItem","position":2,"name":"Loja Virtual","item":"https:\/\/www.lojadeequipamentos.com.br\/loja\/shop\/"},{"@type":"ListItem","position":3,"name":"Ro\u00e7adeira BBR43G 1,7cv 42,7cm\u00b3 Guid\u00e3o &#8211; Briggs"}]},{"@type":"WebSite","@id":"https:\/\/www.lojadeequipamentos.com.br\/loja\/#website","url":"https:\/\/www.lojadeequipamentos.com.br\/loja\/","name":"Loja de Equipamentos","description":"","potentialAction":[{"@type":"SearchAction","target":{"@type":"EntryPoint","urlTemplate":"https:\/\/www.lojadeequipamentos.com.br\/loja\/?s={search_term_string}"},"query-input":{"@type":"PropertyValueSpecification","valueRequired":true,"valueName":"search_term_string"}}],"inLanguage":"pt-BR"}]}},"_links":{"self":[{"href":"https:\/\/www.lojadeequipamentos.com.br\/loja\/wp-json\/wp\/v2\/product\/4432","targetHints":{"allow":["GET"]}}],"collection":[{"href":"https:\/\/www.lojadeequipamentos.com.br\/loja\/wp-json\/wp\/v2\/product"}],"about":[{"href":"https:\/\/www.lojadeequipamentos.com.br\/loja\/wp-json\/wp\/v2\/types\/product"}],"replies":[{"embeddable":true,"href":"https:\/\/www.lojadeequipamentos.com.br\/loja\/wp-json\/wp\/v2\/comments?post=4432"}],"wp:featuredmedia":[{"embeddable":true,"href":"https:\/\/www.lojadeequipamentos.com.br\/loja\/wp-json\/wp\/v2\/media\/4569"}],"wp:attachment":[{"href":"https:\/\/www.lojadeequipamentos.com.br\/loja\/wp-json\/wp\/v2\/media?parent=4432"}],"wp:term":[{"taxonomy":"product_brand","embeddable":true,"href":"https:\/\/www.lojadeequipamentos.com.br\/loja\/wp-json\/wp\/v2\/product_brand?post=4432"},{"taxonomy":"product_cat","embeddable":true,"href":"https:\/\/www.lojadeequipamentos.com.br\/loja\/wp-json\/wp\/v2\/product_cat?post=4432"},{"taxonomy":"product_tag","embeddable":true,"href":"https:\/\/www.lojadeequipamentos.com.br\/loja\/wp-json\/wp\/v2\/product_tag?post=4432"}],"curies":[{"name":"wp","href":"https:\/\/api.w.org\/{rel}","templated":true}]}}