{"id":4393,"date":"2020-09-13T01:08:03","date_gmt":"2020-09-13T01:08:03","guid":{"rendered":"http:\/\/www.lojadeequipamentos.com.br\/loja\/?post_type=product&#038;p=4393"},"modified":"2020-12-21T02:28:05","modified_gmt":"2020-12-21T02:28:05","slug":"motor-bd-50-diesel-part-manual-branco","status":"publish","type":"product","link":"https:\/\/www.lojadeequipamentos.com.br\/loja\/produto\/motor-bd-50-diesel-part-manual-branco\/","title":{"rendered":"Motor BD-5.0 Diesel 5 Cv Part.Manual &#8211; Branco"},"content":{"rendered":"<h2>Motor BD-5.0 5cv Diesel Partida Manual - Branco<\/h2>\n<p>\nProduzido em Bloco de Alum\u00ednio, Refrigerado a Ar com Partida Manual, pode ser Aplicado em todo Equipamento que Necessite de Uma Cabe\u00e7a de For\u00e7a, tais como: Bombas D\u2019\u00c1gua, Geradores, Rabetas, Compactadores de Solo, Cortadores de Piso, M\u00e1quinas agr\u00edcolas e Outros.<br \/>\n<br \/>\n<strong>Obs: Ao instalar este Equipamento; Respeitar a inclina\u00e7\u00e3o M\u00e1xima de 20\u00b0 em sua Fixa\u00e7\u00e3o. A Partida \u00e9 Dada com um Suave e Curto Pux\u00e3o na<br \/>\nCorda, Simples como em Um Motor a Gasolina. Devido ao Descompressor com Retorno Autom\u00e1tico, a Partida se Torna Realmente F\u00e1cil.<\/strong><br \/>\n<br \/>\nA Curva de Desempenho deste Equipamento \u00e9 Avaliada no N\u00edvel do Mar (760 mm Hg) e \u00e0 Temperatura de 15,6\u00baC. Considerar que para cada Aumento de 305m de Altitude, Os Motores Perdem 3,5% da Pot\u00eancia. E para cada Aumento de 5,6\u00baC Acima da Temperatura Standard (15,6\u00baC), a Perda de Pot\u00eancia \u00e9 de 1%. Tamb\u00e9m Considerar que para Regime Cont\u00ednuo a Pot\u00eancia Dispon\u00edvel n\u00e3o Deve Exceder a 85% da Pot\u00eancia M\u00e1xima.<br \/>\n<br \/>\nCaracter\u00edsticas T\u00e9cnicas:<br \/>\nC\u00f3digo do Produto     90311700<br \/>\nPartida               Manual<br \/>\nMotor                 Horizontal, Monocil\u00edndrico, Diesel, Refrigerado a Ar<br \/>\nTipo de Combust\u00edvel   Diesel<br \/>\nSistema de Combust\u00e3o  Inje\u00e7\u00e3o Direta  <strong>(Padr\u00e3o Bosch -Bomba e Injetores)<\/strong><br \/>\nDi\u00e2metro x Curso      70mm x 55mm<br \/>\nCilindrada            211 cm\u00b3<br \/>\nTaxa de Compress\u00e3o    20:1<br \/>\nPot\u00eancia M\u00e1xima       5,0 cv a 3600 rpm<br \/>\nPot\u00eancia Cont\u00ednua     4,2 cv a 3600 rpm<br \/>\nTorque M\u00e1ximo         1,25 kgfm a 2500 rpm<br \/>\nLubrifica\u00e7\u00e3o          For\u00e7ada por Bomba de \u00d3leo<br \/>\nConsumo               1,1 L\/h<br \/>\nTanque Combust\u00edvel    2,5 L<br \/>\nCapac. \u00d3leo(C\u00c1RTER)   750 ml<br \/>\nDimens\u00f5es do Produto  400 x 350 x 450mm (CxLxA)<br \/>\nDimens\u00f5es Embalagem   410 x 380 x 460mm (CxLxA)<br \/>\nPeso                  29 Kg<br \/>\nN\u00edvel de ru\u00eddo        (7m) 77 dBA<br \/>\nGarantia              6 Meses<br \/>\n<br \/>\n<strong>FAVOR ENTRAR EM CONTATO PARA COTA\u00c7\u00c3O DE FRETE<\/strong><br \/>\n<br \/>\n<a href=\"https:\/\/api.whatsapp.com\/send?phone=5521964144201\"><img loading=\"lazy\" decoding=\"async\" class=\"alignnone size-full wp-image-4307\" alt=\"botao_whatsapp\" src=\"http:\/\/www.lojadeequipamentos.com.br\/loja\/wp-content\/uploads\/2020\/08\/botao_whatsapp.png\" width=\"226\" height=\"82\" \/><\/a><\/p>\n","protected":false},"excerpt":{"rendered":"<strong>Motor BD-5.0 5cv Diesel Partida Manual - Branco<\/strong>","protected":false},"featured_media":4396,"comment_status":"open","ping_status":"closed","template":"","meta":{"_links_to":"","_links_to_target":""},"product_brand":[],"product_cat":[3974],"product_tag":[4008,3976,3978,4009,3979,3977,3986,3984,3981,3983,4010,4011,4012,4013,3991,3992,3980,3993,3996,3997,3994,3998,3987,3989,3990,3988,3985,3995,3999,4000,3982,4001,4002],"class_list":{"0":"post-4393","1":"product","2":"type-product","3":"status-publish","4":"has-post-thumbnail","6":"product_cat-motor-branco","7":"product_tag-bd-5-0-motor","8":"product_tag-bd-50-motor","9":"product_tag-branco-motor","10":"product_tag-branco-motor-bd-5-0","11":"product_tag-branco-motor-bd-50","12":"product_tag-branco-motor-horizontal","13":"product_tag-horizontal-motor-branco","14":"product_tag-motor-5cv","15":"product_tag-motor-5cv-branco","16":"product_tag-motor-5cv-horizontal-branco","17":"product_tag-motor-bd-5-0","18":"product_tag-motor-bd-5-0-branco","19":"product_tag-motor-bd-5-0-branco-diesel","20":"product_tag-motor-bd-5-0-diesel-branco","21":"product_tag-motor-bd-50","22":"product_tag-motor-bd-50-branco","23":"product_tag-motor-bd-50-branco-diesel","24":"product_tag-motor-bd-50-diesel-branco","25":"product_tag-motor-branco-5cv-motor-branco","26":"product_tag-motor-branco-diesel","27":"product_tag-motor-branco-horizontal","28":"product_tag-motor-branco-partida-manual","29":"product_tag-motor-diesel","30":"product_tag-motor-diesel-5cv-branco","31":"product_tag-motor-diesel-branco","32":"product_tag-motor-diesel-horizontal-branco","33":"product_tag-motor-horizontal","34":"product_tag-motor-horizontal-branco","35":"product_tag-motor-partida-manual","36":"product_tag-motor-partida-manual-branco","37":"product_tag-motor-refrigerado-a-ar-branco","38":"product_tag-partida-manual-motor","39":"product_tag-partida-manual-motor-branco","41":"first","42":"instock","43":"shipping-taxable","44":"purchasable","45":"product-type-simple"},"yoast_head":"<!-- This site is optimized with the Yoast SEO plugin v27.3 - https:\/\/yoast.com\/product\/yoast-seo-wordpress\/ -->\n<title>Motor BD-5.0 Diesel 5 Cv Part.Manual - Branco - Loja de Equipamentos<\/title>\n<meta name=\"description\" content=\"Motor BD-5.0 Diesel - Branco - Partida Manual R$ 1.973,00, Motor Horizontal, Refrigerado a Ar, Pot\u00eancia 5cv, Torque 1,25 Kgfm, Tanque 2,5L, Consumo 1,1L\/h.\" \/>\n<meta name=\"robots\" content=\"index, follow, max-snippet:-1, max-image-preview:large, max-video-preview:-1\" \/>\n<link rel=\"canonical\" href=\"https:\/\/www.lojadeequipamentos.com.br\/loja\/produto\/motor-bd-50-diesel-part-manual-branco\/\" \/>\n<meta property=\"og:locale\" content=\"pt_BR\" \/>\n<meta property=\"og:type\" content=\"article\" \/>\n<meta property=\"og:title\" content=\"Motor BD-5.0 Diesel 5 Cv Part.Manual - Branco - Loja de Equipamentos\" \/>\n<meta property=\"og:description\" content=\"Motor BD-5.0 Diesel - Branco - Partida Manual R$ 1.973,00, Motor Horizontal, Refrigerado a Ar, Pot\u00eancia 5cv, Torque 1,25 Kgfm, Tanque 2,5L, Consumo 1,1L\/h.\" \/>\n<meta property=\"og:url\" content=\"https:\/\/www.lojadeequipamentos.com.br\/loja\/produto\/motor-bd-50-diesel-part-manual-branco\/\" \/>\n<meta property=\"og:site_name\" content=\"Loja de Equipamentos\" \/>\n<meta property=\"article:modified_time\" content=\"2020-12-21T02:28:05+00:00\" \/>\n<meta property=\"og:image\" content=\"https:\/\/www.lojadeequipamentos.com.br\/loja\/wp-content\/uploads\/2020\/09\/Motor-BD-5.0-loja-de-equipamentos.jpg\" \/>\n\t<meta property=\"og:image:width\" content=\"270\" \/>\n\t<meta property=\"og:image:height\" content=\"200\" \/>\n\t<meta property=\"og:image:type\" content=\"image\/jpeg\" \/>\n<meta name=\"twitter:card\" content=\"summary_large_image\" \/>\n<meta name=\"twitter:label1\" content=\"Est. tempo de leitura\" \/>\n\t<meta name=\"twitter:data1\" content=\"2 minutos\" \/>\n<script type=\"application\/ld+json\" class=\"yoast-schema-graph\">{\"@context\":\"https:\\\/\\\/schema.org\",\"@graph\":[{\"@type\":\"WebPage\",\"@id\":\"https:\\\/\\\/www.lojadeequipamentos.com.br\\\/loja\\\/produto\\\/motor-bd-50-diesel-part-manual-branco\\\/\",\"url\":\"https:\\\/\\\/www.lojadeequipamentos.com.br\\\/loja\\\/produto\\\/motor-bd-50-diesel-part-manual-branco\\\/\",\"name\":\"Motor BD-5.0 Diesel 5 Cv Part.Manual - Branco - Loja de Equipamentos\",\"isPartOf\":{\"@id\":\"https:\\\/\\\/www.lojadeequipamentos.com.br\\\/loja\\\/#website\"},\"primaryImageOfPage\":{\"@id\":\"https:\\\/\\\/www.lojadeequipamentos.com.br\\\/loja\\\/produto\\\/motor-bd-50-diesel-part-manual-branco\\\/#primaryimage\"},\"image\":{\"@id\":\"https:\\\/\\\/www.lojadeequipamentos.com.br\\\/loja\\\/produto\\\/motor-bd-50-diesel-part-manual-branco\\\/#primaryimage\"},\"thumbnailUrl\":\"https:\\\/\\\/www.lojadeequipamentos.com.br\\\/loja\\\/wp-content\\\/uploads\\\/2020\\\/09\\\/Motor-BD-5.0-loja-de-equipamentos.jpg\",\"datePublished\":\"2020-09-13T01:08:03+00:00\",\"dateModified\":\"2020-12-21T02:28:05+00:00\",\"description\":\"Motor BD-5.0 Diesel - Branco - Partida Manual R$ 1.973,00, Motor Horizontal, Refrigerado a Ar, Pot\u00eancia 5cv, Torque 1,25 Kgfm, Tanque 2,5L, Consumo 1,1L\\\/h.\",\"breadcrumb\":{\"@id\":\"https:\\\/\\\/www.lojadeequipamentos.com.br\\\/loja\\\/produto\\\/motor-bd-50-diesel-part-manual-branco\\\/#breadcrumb\"},\"inLanguage\":\"pt-BR\",\"potentialAction\":[{\"@type\":\"ReadAction\",\"target\":[\"https:\\\/\\\/www.lojadeequipamentos.com.br\\\/loja\\\/produto\\\/motor-bd-50-diesel-part-manual-branco\\\/\"]}]},{\"@type\":\"ImageObject\",\"inLanguage\":\"pt-BR\",\"@id\":\"https:\\\/\\\/www.lojadeequipamentos.com.br\\\/loja\\\/produto\\\/motor-bd-50-diesel-part-manual-branco\\\/#primaryimage\",\"url\":\"https:\\\/\\\/www.lojadeequipamentos.com.br\\\/loja\\\/wp-content\\\/uploads\\\/2020\\\/09\\\/Motor-BD-5.0-loja-de-equipamentos.jpg\",\"contentUrl\":\"https:\\\/\\\/www.lojadeequipamentos.com.br\\\/loja\\\/wp-content\\\/uploads\\\/2020\\\/09\\\/Motor-BD-5.0-loja-de-equipamentos.jpg\",\"width\":270,\"height\":200},{\"@type\":\"BreadcrumbList\",\"@id\":\"https:\\\/\\\/www.lojadeequipamentos.com.br\\\/loja\\\/produto\\\/motor-bd-50-diesel-part-manual-branco\\\/#breadcrumb\",\"itemListElement\":[{\"@type\":\"ListItem\",\"position\":1,\"name\":\"In\u00edcio\",\"item\":\"https:\\\/\\\/www.lojadeequipamentos.com.br\\\/loja\\\/\"},{\"@type\":\"ListItem\",\"position\":2,\"name\":\"Loja Virtual\",\"item\":\"https:\\\/\\\/www.lojadeequipamentos.com.br\\\/loja\\\/shop\\\/\"},{\"@type\":\"ListItem\",\"position\":3,\"name\":\"Motor BD-5.0 Diesel 5 Cv Part.Manual &#8211; Branco\"}]},{\"@type\":\"WebSite\",\"@id\":\"https:\\\/\\\/www.lojadeequipamentos.com.br\\\/loja\\\/#website\",\"url\":\"https:\\\/\\\/www.lojadeequipamentos.com.br\\\/loja\\\/\",\"name\":\"Loja de Equipamentos\",\"description\":\"\",\"potentialAction\":[{\"@type\":\"SearchAction\",\"target\":{\"@type\":\"EntryPoint\",\"urlTemplate\":\"https:\\\/\\\/www.lojadeequipamentos.com.br\\\/loja\\\/?s={search_term_string}\"},\"query-input\":{\"@type\":\"PropertyValueSpecification\",\"valueRequired\":true,\"valueName\":\"search_term_string\"}}],\"inLanguage\":\"pt-BR\"}]}<\/script>\n<!-- \/ Yoast SEO plugin. -->","yoast_head_json":{"title":"Motor BD-5.0 Diesel 5 Cv Part.Manual - Branco - Loja de Equipamentos","description":"Motor BD-5.0 Diesel - Branco - Partida Manual R$ 1.973,00, Motor Horizontal, Refrigerado a Ar, Pot\u00eancia 5cv, Torque 1,25 Kgfm, Tanque 2,5L, Consumo 1,1L\/h.","robots":{"index":"index","follow":"follow","max-snippet":"max-snippet:-1","max-image-preview":"max-image-preview:large","max-video-preview":"max-video-preview:-1"},"canonical":"https:\/\/www.lojadeequipamentos.com.br\/loja\/produto\/motor-bd-50-diesel-part-manual-branco\/","og_locale":"pt_BR","og_type":"article","og_title":"Motor BD-5.0 Diesel 5 Cv Part.Manual - Branco - Loja de Equipamentos","og_description":"Motor BD-5.0 Diesel - Branco - Partida Manual R$ 1.973,00, Motor Horizontal, Refrigerado a Ar, Pot\u00eancia 5cv, Torque 1,25 Kgfm, Tanque 2,5L, Consumo 1,1L\/h.","og_url":"https:\/\/www.lojadeequipamentos.com.br\/loja\/produto\/motor-bd-50-diesel-part-manual-branco\/","og_site_name":"Loja de Equipamentos","article_modified_time":"2020-12-21T02:28:05+00:00","og_image":[{"width":270,"height":200,"url":"https:\/\/www.lojadeequipamentos.com.br\/loja\/wp-content\/uploads\/2020\/09\/Motor-BD-5.0-loja-de-equipamentos.jpg","type":"image\/jpeg"}],"twitter_card":"summary_large_image","twitter_misc":{"Est. tempo de leitura":"2 minutos"},"schema":{"@context":"https:\/\/schema.org","@graph":[{"@type":"WebPage","@id":"https:\/\/www.lojadeequipamentos.com.br\/loja\/produto\/motor-bd-50-diesel-part-manual-branco\/","url":"https:\/\/www.lojadeequipamentos.com.br\/loja\/produto\/motor-bd-50-diesel-part-manual-branco\/","name":"Motor BD-5.0 Diesel 5 Cv Part.Manual - Branco - Loja de Equipamentos","isPartOf":{"@id":"https:\/\/www.lojadeequipamentos.com.br\/loja\/#website"},"primaryImageOfPage":{"@id":"https:\/\/www.lojadeequipamentos.com.br\/loja\/produto\/motor-bd-50-diesel-part-manual-branco\/#primaryimage"},"image":{"@id":"https:\/\/www.lojadeequipamentos.com.br\/loja\/produto\/motor-bd-50-diesel-part-manual-branco\/#primaryimage"},"thumbnailUrl":"https:\/\/www.lojadeequipamentos.com.br\/loja\/wp-content\/uploads\/2020\/09\/Motor-BD-5.0-loja-de-equipamentos.jpg","datePublished":"2020-09-13T01:08:03+00:00","dateModified":"2020-12-21T02:28:05+00:00","description":"Motor BD-5.0 Diesel - Branco - Partida Manual R$ 1.973,00, Motor Horizontal, Refrigerado a Ar, Pot\u00eancia 5cv, Torque 1,25 Kgfm, Tanque 2,5L, Consumo 1,1L\/h.","breadcrumb":{"@id":"https:\/\/www.lojadeequipamentos.com.br\/loja\/produto\/motor-bd-50-diesel-part-manual-branco\/#breadcrumb"},"inLanguage":"pt-BR","potentialAction":[{"@type":"ReadAction","target":["https:\/\/www.lojadeequipamentos.com.br\/loja\/produto\/motor-bd-50-diesel-part-manual-branco\/"]}]},{"@type":"ImageObject","inLanguage":"pt-BR","@id":"https:\/\/www.lojadeequipamentos.com.br\/loja\/produto\/motor-bd-50-diesel-part-manual-branco\/#primaryimage","url":"https:\/\/www.lojadeequipamentos.com.br\/loja\/wp-content\/uploads\/2020\/09\/Motor-BD-5.0-loja-de-equipamentos.jpg","contentUrl":"https:\/\/www.lojadeequipamentos.com.br\/loja\/wp-content\/uploads\/2020\/09\/Motor-BD-5.0-loja-de-equipamentos.jpg","width":270,"height":200},{"@type":"BreadcrumbList","@id":"https:\/\/www.lojadeequipamentos.com.br\/loja\/produto\/motor-bd-50-diesel-part-manual-branco\/#breadcrumb","itemListElement":[{"@type":"ListItem","position":1,"name":"In\u00edcio","item":"https:\/\/www.lojadeequipamentos.com.br\/loja\/"},{"@type":"ListItem","position":2,"name":"Loja Virtual","item":"https:\/\/www.lojadeequipamentos.com.br\/loja\/shop\/"},{"@type":"ListItem","position":3,"name":"Motor BD-5.0 Diesel 5 Cv Part.Manual &#8211; Branco"}]},{"@type":"WebSite","@id":"https:\/\/www.lojadeequipamentos.com.br\/loja\/#website","url":"https:\/\/www.lojadeequipamentos.com.br\/loja\/","name":"Loja de Equipamentos","description":"","potentialAction":[{"@type":"SearchAction","target":{"@type":"EntryPoint","urlTemplate":"https:\/\/www.lojadeequipamentos.com.br\/loja\/?s={search_term_string}"},"query-input":{"@type":"PropertyValueSpecification","valueRequired":true,"valueName":"search_term_string"}}],"inLanguage":"pt-BR"}]}},"_links":{"self":[{"href":"https:\/\/www.lojadeequipamentos.com.br\/loja\/wp-json\/wp\/v2\/product\/4393","targetHints":{"allow":["GET"]}}],"collection":[{"href":"https:\/\/www.lojadeequipamentos.com.br\/loja\/wp-json\/wp\/v2\/product"}],"about":[{"href":"https:\/\/www.lojadeequipamentos.com.br\/loja\/wp-json\/wp\/v2\/types\/product"}],"replies":[{"embeddable":true,"href":"https:\/\/www.lojadeequipamentos.com.br\/loja\/wp-json\/wp\/v2\/comments?post=4393"}],"wp:featuredmedia":[{"embeddable":true,"href":"https:\/\/www.lojadeequipamentos.com.br\/loja\/wp-json\/wp\/v2\/media\/4396"}],"wp:attachment":[{"href":"https:\/\/www.lojadeequipamentos.com.br\/loja\/wp-json\/wp\/v2\/media?parent=4393"}],"wp:term":[{"taxonomy":"product_brand","embeddable":true,"href":"https:\/\/www.lojadeequipamentos.com.br\/loja\/wp-json\/wp\/v2\/product_brand?post=4393"},{"taxonomy":"product_cat","embeddable":true,"href":"https:\/\/www.lojadeequipamentos.com.br\/loja\/wp-json\/wp\/v2\/product_cat?post=4393"},{"taxonomy":"product_tag","embeddable":true,"href":"https:\/\/www.lojadeequipamentos.com.br\/loja\/wp-json\/wp\/v2\/product_tag?post=4393"}],"curies":[{"name":"wp","href":"https:\/\/api.w.org\/{rel}","templated":true}]}}