{"id":4378,"date":"2020-09-10T21:46:19","date_gmt":"2020-09-10T21:46:19","guid":{"rendered":"http:\/\/www.lojadeequipamentos.com.br\/loja\/?post_type=product&#038;p=4378"},"modified":"2021-03-08T04:00:38","modified_gmt":"2021-03-08T04:00:38","slug":"motobomba-5-5hp-2autoescorvaante-gasmatsuyama","status":"publish","type":"product","link":"https:\/\/www.lojadeequipamentos.com.br\/loja\/produto\/motobomba-5-5hp-2autoescorvaante-gasmatsuyama\/","title":{"rendered":"Motobomba 5.5HP-2&#8243;Autoescorvaante Gas\/Matsuyama"},"content":{"rendered":"<h2>Motobomba 5.5HP-2\" Autoescorvante Gasolina \/ Matsuyama<\/h2>\n<p>\nMotor Monocil\u00edndrico, Refrigerado a Ar, com Absorvedor de Impacto.<br \/>\n<br \/>\nA Bomba Autoescorvante usa tamb\u00e9m a For\u00e7a Centr\u00edfuga em seu Funcionamento, por\u00e9m sua Partida \u00e9 dada pelo Processo de Escorvamento. Ela Possui uma Cavidade de Reten\u00e7\u00e3o que Permite Entrar a Quantidade de \u00c1gua necess\u00e1ria para Operar.<br \/>\nCom Processos mais Espec\u00edficos, a Bomba Autoescorvante \u00e9 Indicada para os Seguintes Servi\u00e7os:<br \/>\n<br \/>\nBombeamento e Escoamento de \u00c1guas Utilizadas em Diferentes Atividades Dom\u00e9sticas, Drenagem de Esgoto Dom\u00e9stico ou Industrial, Armazenamento de Cisternas, Reservat\u00f3rios e Caixas de \u00c1gua, Pressuriza\u00e7\u00e3o de \u00c1guas para Jardins, Pode ser Utilizada na Drenagem de Piscinas, Drenagem de Lagos, Pequenas \u00c1reas Alagadas, Reservat\u00f3rios, Po\u00e7os, Utilizada em Sistema de filtragens, nas Ind\u00fastrias pode ser Aproveitada em Fornos de Indu\u00e7\u00e3o, M\u00e1quina Operatrizes, Caldeiras e Sistema de Circula\u00e7\u00e3o de Flu\u00eddos, Sistemas de Irriga\u00e7\u00e3o Agr\u00edcola, Esgotamento de Est\u00e1bulos, Sistemas de Osmose Reversa e  Processos de Dessaliniza\u00e7\u00e3o.<br \/>\n\u00c9 Importante Lembrar que para Cada Utiliza\u00e7\u00e3o dessa, Existe um Formato de Motobomba Espec\u00edfico.<br \/>\n<br \/>\nAs Bombas Autoescorvantes Precisar\u00e3o de Conex\u00f5es como Curvas, Uni\u00e3o, Registro de Gaveta ou Esfera e Tubula\u00e7\u00e3o Indicada para Suc\u00e7\u00e3o. Aqui \u00e9 Necess\u00e1rio ter todo Cuidado na Primeira Partida para n\u00e3o Danificar o Motor. N\u00e3o \u00e9 Preciso V\u00e1lvula de P\u00e9, por\u00e9m, para Evitar que Particulares Maiores (em Processos de Drenagem de \u00c1guas Servidas, por exemplo) Utilize Ralo na Entrada da Tubula\u00e7\u00e3o de Suc\u00e7\u00e3o.<br \/>\n<br \/>\nSe a Bomba Autoescorvante for Ligada com algum Tipo de Interrup\u00e7\u00e3o na Suc\u00e7\u00e3o ou no Recalque, mesmo que por Pouco Tempo, Aquecer\u00e1 o L\u00edquido e Comprometer\u00e1 o Equipamento.<br \/>\n<br \/>\nDe maneira alguma Instale a Motobomba Autoescorvante for\u00e7ando os Bocais; essa A\u00e7\u00e3o pode Desalinhar a Carenagem da Bomba e o Motor, e Danificar o Equipamento e Inclusive Acidentes, caso tenha Pessoas Pr\u00f3ximas.<br \/>\n<br \/>\nEspecifica\u00e7\u00e3o T\u00e9cnicas do Produto:<br \/>\nC\u00f3digo Fabrica: 374741<br \/>\nTipo: Autoescorvante<br \/>\nDi\u00e2metro de Entrada: 2\"<br \/>\nDi\u00e2metro de Sa\u00edda: 2\"<br \/>\nEleva\u00e7\u00e3o da Bomba: 26m<br \/>\nAltura de Suc\u00e7\u00e3o: 8m<br \/>\nVaz\u00e3o: 550L\/Min - 33m\u00b3\/h<br \/>\nMaterial Corpo da Bomba: Ferro Fundido<br \/>\nN\u00famero de Rotores: 1<br \/>\nMaterial do Rotor: Alum\u00ednio<br \/>\nCombust\u00edvel: Gasolina<br \/>\nCapacidade do Tanque: 3,6L<br \/>\nConsumo de Combust\u00edvel: 1,7 L\/Hora<br \/>\nSistema de Partida: Manual<br \/>\nN\u00edvel de Ru\u00eddo: 63 Db(A) (7m)<br \/>\nDimens\u00f5es: 48x39x46 cm<br \/>\nPeso: 26kg<br \/>\n<br \/>\nMotor<br \/>\nPot\u00eancia: 5,5hp<br \/>\nTipo de Motor: 4 tempos<br \/>\nCilindradas: 163cc<br \/>\nRota\u00e7\u00e3o M\u00e1xima:3600 RPM<br \/>\nFiltro de Ar: Seco<br \/>\nQuantidade de \u00d3leo Lubrificante: 0,6L<br \/>\nTipo de \u00d3leo: SAE 20W-50<br \/>\nSensor de \u00d3leo: Sim<br \/>\nGarantia: 06 meses<br \/>\n<br \/>\n<strong>FAVOR ENTRAR EM CONTATO PARA COTA\u00c7\u00c3O DE FRETE<strong><br \/>\n<br \/>\n<a href=\"https:\/\/api.whatsapp.com\/send?phone=5521964144201\"><img loading=\"lazy\" decoding=\"async\" class=\"alignnone size-full wp-image-4307\" alt=\"botao_whatsapp\" src=\"http:\/\/www.lojadeequipamentos.com.br\/loja\/wp-content\/uploads\/2020\/08\/botao_whatsapp.png\" width=\"226\" height=\"82\" \/><\/a><\/p>\n","protected":false},"excerpt":{"rendered":"<strong>Motobomba 5.5HP-2\" Autoescorvante Gasolina \/ Matsuyama<\/strong>","protected":false},"featured_media":4008,"comment_status":"open","ping_status":"closed","template":"","meta":{"_links_to":"","_links_to_target":""},"product_brand":[],"product_cat":[3975],"product_tag":[3876,3858,3861,3855,3875,3864,3865,3866,3867,3868,3869,3870,3871,3846,3872,3849,3863,3873,3874,3852],"class_list":{"0":"post-4378","1":"product","2":"type-product","3":"status-publish","4":"has-post-thumbnail","6":"product_cat-motor","7":"product_tag-motobomba-2-5-5hp-matsuyama","8":"product_tag-motobomba-2-gasolina-matsuyama","9":"product_tag-motobomba-2-matsuyama","10":"product_tag-motobomba-4-tempos","11":"product_tag-motobomba-5-5hp-2-matsuyama","12":"product_tag-motobomba-5-5hp-matsuyama","13":"product_tag-motobomba-autoescorvante","14":"product_tag-motobomba-autoescorvante-5-5hp-matsuyama","15":"product_tag-motobomba-autoescorvante-gasolina","16":"product_tag-motobomba-autoescorvante-gasolina-2-polegadas-matsuyama","17":"product_tag-motobomba-autoescorvante-gasolina-5-5hp-matsuyama","18":"product_tag-motobomba-autoescorvante-gasolina-matsuyama","19":"product_tag-motobomba-autoescorvante-matsuyama","20":"product_tag-motobomba-gasolina","21":"product_tag-motobomba-gasolina-5-5hp-matsuyama","22":"product_tag-motobomba-gasolina-matsuyama","23":"product_tag-motobomba-matsuyama-2","24":"product_tag-motobomba-matsuyama-5-5hp","25":"product_tag-motobomba-matsuyama-autoescorvante","26":"product_tag-motobomba-matsuyama-gasolina","28":"first","29":"instock","30":"shipping-taxable","31":"product-type-simple"},"yoast_head":"<!-- This site is optimized with the Yoast SEO plugin v27.3 - https:\/\/yoast.com\/product\/yoast-seo-wordpress\/ -->\n<title>Motobomba 5.5HP-2&quot;Autoescorvaante Gas\/Matsuyama - Loja de Equipamentos<\/title>\n<meta name=\"description\" content=\"Motobomba 5.5HP-2&quot; Autoescorvante - Gasolina \/ Matsuyama, R$000,00, Vaz\u00e3o 550L\/min.- 33m\u00b3\/h, Eleva\u00e7\u00e3o 26mca,Altura Suc\u00e7\u00e3o 8m, Tanque de 3,6L, Partida Manual\" \/>\n<meta name=\"robots\" content=\"index, follow, max-snippet:-1, max-image-preview:large, max-video-preview:-1\" \/>\n<link rel=\"canonical\" href=\"https:\/\/www.lojadeequipamentos.com.br\/loja\/produto\/motobomba-5-5hp-2autoescorvaante-gasmatsuyama\/\" \/>\n<meta property=\"og:locale\" content=\"pt_BR\" \/>\n<meta property=\"og:type\" content=\"article\" \/>\n<meta property=\"og:title\" content=\"Motobomba 5.5HP-2&quot;Autoescorvaante Gas\/Matsuyama - Loja de Equipamentos\" \/>\n<meta property=\"og:description\" content=\"Motobomba 5.5HP-2&quot; Autoescorvante - Gasolina \/ Matsuyama, R$000,00, Vaz\u00e3o 550L\/min.- 33m\u00b3\/h, Eleva\u00e7\u00e3o 26mca,Altura Suc\u00e7\u00e3o 8m, Tanque de 3,6L, Partida Manual\" \/>\n<meta property=\"og:url\" content=\"https:\/\/www.lojadeequipamentos.com.br\/loja\/produto\/motobomba-5-5hp-2autoescorvaante-gasmatsuyama\/\" \/>\n<meta property=\"og:site_name\" content=\"Loja de Equipamentos\" \/>\n<meta property=\"article:modified_time\" content=\"2021-03-08T04:00:38+00:00\" \/>\n<meta property=\"og:image\" content=\"https:\/\/www.lojadeequipamentos.com.br\/loja\/wp-content\/uploads\/2020\/08\/MOTOBOMBA-2P-5-5HP-E-G.jpg\" \/>\n\t<meta property=\"og:image:width\" content=\"1000\" \/>\n\t<meta property=\"og:image:height\" content=\"1000\" \/>\n\t<meta property=\"og:image:type\" content=\"image\/jpeg\" \/>\n<meta name=\"twitter:card\" content=\"summary_large_image\" \/>\n<meta name=\"twitter:label1\" content=\"Est. tempo de leitura\" \/>\n\t<meta name=\"twitter:data1\" content=\"2 minutos\" \/>\n<script type=\"application\/ld+json\" class=\"yoast-schema-graph\">{\"@context\":\"https:\\\/\\\/schema.org\",\"@graph\":[{\"@type\":\"WebPage\",\"@id\":\"https:\\\/\\\/www.lojadeequipamentos.com.br\\\/loja\\\/produto\\\/motobomba-5-5hp-2autoescorvaante-gasmatsuyama\\\/\",\"url\":\"https:\\\/\\\/www.lojadeequipamentos.com.br\\\/loja\\\/produto\\\/motobomba-5-5hp-2autoescorvaante-gasmatsuyama\\\/\",\"name\":\"Motobomba 5.5HP-2\\\"Autoescorvaante Gas\\\/Matsuyama - Loja de Equipamentos\",\"isPartOf\":{\"@id\":\"https:\\\/\\\/www.lojadeequipamentos.com.br\\\/loja\\\/#website\"},\"primaryImageOfPage\":{\"@id\":\"https:\\\/\\\/www.lojadeequipamentos.com.br\\\/loja\\\/produto\\\/motobomba-5-5hp-2autoescorvaante-gasmatsuyama\\\/#primaryimage\"},\"image\":{\"@id\":\"https:\\\/\\\/www.lojadeequipamentos.com.br\\\/loja\\\/produto\\\/motobomba-5-5hp-2autoescorvaante-gasmatsuyama\\\/#primaryimage\"},\"thumbnailUrl\":\"https:\\\/\\\/www.lojadeequipamentos.com.br\\\/loja\\\/wp-content\\\/uploads\\\/2020\\\/08\\\/MOTOBOMBA-2P-5-5HP-E-G.jpg\",\"datePublished\":\"2020-09-10T21:46:19+00:00\",\"dateModified\":\"2021-03-08T04:00:38+00:00\",\"description\":\"Motobomba 5.5HP-2\\\" Autoescorvante - Gasolina \\\/ Matsuyama, R$000,00, Vaz\u00e3o 550L\\\/min.- 33m\u00b3\\\/h, Eleva\u00e7\u00e3o 26mca,Altura Suc\u00e7\u00e3o 8m, Tanque de 3,6L, Partida Manual\",\"breadcrumb\":{\"@id\":\"https:\\\/\\\/www.lojadeequipamentos.com.br\\\/loja\\\/produto\\\/motobomba-5-5hp-2autoescorvaante-gasmatsuyama\\\/#breadcrumb\"},\"inLanguage\":\"pt-BR\",\"potentialAction\":[{\"@type\":\"ReadAction\",\"target\":[\"https:\\\/\\\/www.lojadeequipamentos.com.br\\\/loja\\\/produto\\\/motobomba-5-5hp-2autoescorvaante-gasmatsuyama\\\/\"]}]},{\"@type\":\"ImageObject\",\"inLanguage\":\"pt-BR\",\"@id\":\"https:\\\/\\\/www.lojadeequipamentos.com.br\\\/loja\\\/produto\\\/motobomba-5-5hp-2autoescorvaante-gasmatsuyama\\\/#primaryimage\",\"url\":\"https:\\\/\\\/www.lojadeequipamentos.com.br\\\/loja\\\/wp-content\\\/uploads\\\/2020\\\/08\\\/MOTOBOMBA-2P-5-5HP-E-G.jpg\",\"contentUrl\":\"https:\\\/\\\/www.lojadeequipamentos.com.br\\\/loja\\\/wp-content\\\/uploads\\\/2020\\\/08\\\/MOTOBOMBA-2P-5-5HP-E-G.jpg\",\"width\":1000,\"height\":1000},{\"@type\":\"BreadcrumbList\",\"@id\":\"https:\\\/\\\/www.lojadeequipamentos.com.br\\\/loja\\\/produto\\\/motobomba-5-5hp-2autoescorvaante-gasmatsuyama\\\/#breadcrumb\",\"itemListElement\":[{\"@type\":\"ListItem\",\"position\":1,\"name\":\"In\u00edcio\",\"item\":\"https:\\\/\\\/www.lojadeequipamentos.com.br\\\/loja\\\/\"},{\"@type\":\"ListItem\",\"position\":2,\"name\":\"Loja Virtual\",\"item\":\"https:\\\/\\\/www.lojadeequipamentos.com.br\\\/loja\\\/shop\\\/\"},{\"@type\":\"ListItem\",\"position\":3,\"name\":\"Motobomba 5.5HP-2&#8243;Autoescorvaante Gas\\\/Matsuyama\"}]},{\"@type\":\"WebSite\",\"@id\":\"https:\\\/\\\/www.lojadeequipamentos.com.br\\\/loja\\\/#website\",\"url\":\"https:\\\/\\\/www.lojadeequipamentos.com.br\\\/loja\\\/\",\"name\":\"Loja de Equipamentos\",\"description\":\"\",\"potentialAction\":[{\"@type\":\"SearchAction\",\"target\":{\"@type\":\"EntryPoint\",\"urlTemplate\":\"https:\\\/\\\/www.lojadeequipamentos.com.br\\\/loja\\\/?s={search_term_string}\"},\"query-input\":{\"@type\":\"PropertyValueSpecification\",\"valueRequired\":true,\"valueName\":\"search_term_string\"}}],\"inLanguage\":\"pt-BR\"}]}<\/script>\n<!-- \/ Yoast SEO plugin. -->","yoast_head_json":{"title":"Motobomba 5.5HP-2\"Autoescorvaante Gas\/Matsuyama - Loja de Equipamentos","description":"Motobomba 5.5HP-2\" Autoescorvante - Gasolina \/ Matsuyama, R$000,00, Vaz\u00e3o 550L\/min.- 33m\u00b3\/h, Eleva\u00e7\u00e3o 26mca,Altura Suc\u00e7\u00e3o 8m, Tanque de 3,6L, Partida Manual","robots":{"index":"index","follow":"follow","max-snippet":"max-snippet:-1","max-image-preview":"max-image-preview:large","max-video-preview":"max-video-preview:-1"},"canonical":"https:\/\/www.lojadeequipamentos.com.br\/loja\/produto\/motobomba-5-5hp-2autoescorvaante-gasmatsuyama\/","og_locale":"pt_BR","og_type":"article","og_title":"Motobomba 5.5HP-2\"Autoescorvaante Gas\/Matsuyama - Loja de Equipamentos","og_description":"Motobomba 5.5HP-2\" Autoescorvante - Gasolina \/ Matsuyama, R$000,00, Vaz\u00e3o 550L\/min.- 33m\u00b3\/h, Eleva\u00e7\u00e3o 26mca,Altura Suc\u00e7\u00e3o 8m, Tanque de 3,6L, Partida Manual","og_url":"https:\/\/www.lojadeequipamentos.com.br\/loja\/produto\/motobomba-5-5hp-2autoescorvaante-gasmatsuyama\/","og_site_name":"Loja de Equipamentos","article_modified_time":"2021-03-08T04:00:38+00:00","og_image":[{"width":1000,"height":1000,"url":"https:\/\/www.lojadeequipamentos.com.br\/loja\/wp-content\/uploads\/2020\/08\/MOTOBOMBA-2P-5-5HP-E-G.jpg","type":"image\/jpeg"}],"twitter_card":"summary_large_image","twitter_misc":{"Est. tempo de leitura":"2 minutos"},"schema":{"@context":"https:\/\/schema.org","@graph":[{"@type":"WebPage","@id":"https:\/\/www.lojadeequipamentos.com.br\/loja\/produto\/motobomba-5-5hp-2autoescorvaante-gasmatsuyama\/","url":"https:\/\/www.lojadeequipamentos.com.br\/loja\/produto\/motobomba-5-5hp-2autoescorvaante-gasmatsuyama\/","name":"Motobomba 5.5HP-2\"Autoescorvaante Gas\/Matsuyama - Loja de Equipamentos","isPartOf":{"@id":"https:\/\/www.lojadeequipamentos.com.br\/loja\/#website"},"primaryImageOfPage":{"@id":"https:\/\/www.lojadeequipamentos.com.br\/loja\/produto\/motobomba-5-5hp-2autoescorvaante-gasmatsuyama\/#primaryimage"},"image":{"@id":"https:\/\/www.lojadeequipamentos.com.br\/loja\/produto\/motobomba-5-5hp-2autoescorvaante-gasmatsuyama\/#primaryimage"},"thumbnailUrl":"https:\/\/www.lojadeequipamentos.com.br\/loja\/wp-content\/uploads\/2020\/08\/MOTOBOMBA-2P-5-5HP-E-G.jpg","datePublished":"2020-09-10T21:46:19+00:00","dateModified":"2021-03-08T04:00:38+00:00","description":"Motobomba 5.5HP-2\" Autoescorvante - Gasolina \/ Matsuyama, R$000,00, Vaz\u00e3o 550L\/min.- 33m\u00b3\/h, Eleva\u00e7\u00e3o 26mca,Altura Suc\u00e7\u00e3o 8m, Tanque de 3,6L, Partida Manual","breadcrumb":{"@id":"https:\/\/www.lojadeequipamentos.com.br\/loja\/produto\/motobomba-5-5hp-2autoescorvaante-gasmatsuyama\/#breadcrumb"},"inLanguage":"pt-BR","potentialAction":[{"@type":"ReadAction","target":["https:\/\/www.lojadeequipamentos.com.br\/loja\/produto\/motobomba-5-5hp-2autoescorvaante-gasmatsuyama\/"]}]},{"@type":"ImageObject","inLanguage":"pt-BR","@id":"https:\/\/www.lojadeequipamentos.com.br\/loja\/produto\/motobomba-5-5hp-2autoescorvaante-gasmatsuyama\/#primaryimage","url":"https:\/\/www.lojadeequipamentos.com.br\/loja\/wp-content\/uploads\/2020\/08\/MOTOBOMBA-2P-5-5HP-E-G.jpg","contentUrl":"https:\/\/www.lojadeequipamentos.com.br\/loja\/wp-content\/uploads\/2020\/08\/MOTOBOMBA-2P-5-5HP-E-G.jpg","width":1000,"height":1000},{"@type":"BreadcrumbList","@id":"https:\/\/www.lojadeequipamentos.com.br\/loja\/produto\/motobomba-5-5hp-2autoescorvaante-gasmatsuyama\/#breadcrumb","itemListElement":[{"@type":"ListItem","position":1,"name":"In\u00edcio","item":"https:\/\/www.lojadeequipamentos.com.br\/loja\/"},{"@type":"ListItem","position":2,"name":"Loja Virtual","item":"https:\/\/www.lojadeequipamentos.com.br\/loja\/shop\/"},{"@type":"ListItem","position":3,"name":"Motobomba 5.5HP-2&#8243;Autoescorvaante Gas\/Matsuyama"}]},{"@type":"WebSite","@id":"https:\/\/www.lojadeequipamentos.com.br\/loja\/#website","url":"https:\/\/www.lojadeequipamentos.com.br\/loja\/","name":"Loja de Equipamentos","description":"","potentialAction":[{"@type":"SearchAction","target":{"@type":"EntryPoint","urlTemplate":"https:\/\/www.lojadeequipamentos.com.br\/loja\/?s={search_term_string}"},"query-input":{"@type":"PropertyValueSpecification","valueRequired":true,"valueName":"search_term_string"}}],"inLanguage":"pt-BR"}]}},"_links":{"self":[{"href":"https:\/\/www.lojadeequipamentos.com.br\/loja\/wp-json\/wp\/v2\/product\/4378","targetHints":{"allow":["GET"]}}],"collection":[{"href":"https:\/\/www.lojadeequipamentos.com.br\/loja\/wp-json\/wp\/v2\/product"}],"about":[{"href":"https:\/\/www.lojadeequipamentos.com.br\/loja\/wp-json\/wp\/v2\/types\/product"}],"replies":[{"embeddable":true,"href":"https:\/\/www.lojadeequipamentos.com.br\/loja\/wp-json\/wp\/v2\/comments?post=4378"}],"wp:featuredmedia":[{"embeddable":true,"href":"https:\/\/www.lojadeequipamentos.com.br\/loja\/wp-json\/wp\/v2\/media\/4008"}],"wp:attachment":[{"href":"https:\/\/www.lojadeequipamentos.com.br\/loja\/wp-json\/wp\/v2\/media?parent=4378"}],"wp:term":[{"taxonomy":"product_brand","embeddable":true,"href":"https:\/\/www.lojadeequipamentos.com.br\/loja\/wp-json\/wp\/v2\/product_brand?post=4378"},{"taxonomy":"product_cat","embeddable":true,"href":"https:\/\/www.lojadeequipamentos.com.br\/loja\/wp-json\/wp\/v2\/product_cat?post=4378"},{"taxonomy":"product_tag","embeddable":true,"href":"https:\/\/www.lojadeequipamentos.com.br\/loja\/wp-json\/wp\/v2\/product_tag?post=4378"}],"curies":[{"name":"wp","href":"https:\/\/api.w.org\/{rel}","templated":true}]}}