{"id":4289,"date":"2020-09-01T17:11:14","date_gmt":"2020-09-01T17:11:14","guid":{"rendered":"http:\/\/www.lojadeequipamentos.com.br\/loja\/?post_type=product&#038;p=4289"},"modified":"2024-09-19T17:20:33","modified_gmt":"2024-09-19T17:20:33","slug":"fritadeira-15l-x-2-cubas-croydon-fz28d-digital","status":"publish","type":"product","link":"https:\/\/www.lojadeequipamentos.com.br\/loja\/produto\/fritadeira-15l-x-2-cubas-croydon-fz28d-digital\/","title":{"rendered":"Fritadeira 15L x 1 Cuba Croydon FZ28D Digital"},"content":{"rendered":"<h2>Fritadeira El\u00e9trica de Piso FZ28D Digital - 15L c\/ 1 Cuba e 2 Cestas - Zona Fria - Croydon<\/h2>\n<p>Descri\u00e7\u00e3o: Fritadeira El\u00e9trica de Piso 15L c\/ 2 Cubas - Zona Fria c\/ 8000W Croydon, com gabinete alto em a\u00e7o inox, caixa de \u00f3leo em a\u00e7o em inox, cesta em arame estanhado, suporte para cesta, 01 termostato de temperatura Digital, 02 termostatos de seguran\u00e7a, l\u00e2mpada piloto, 02 resist\u00eancias blindada, 01 registro de gaveta para drenagem de \u00f3leo, chave liga\/desliga (on\/off) e cabo PP.<\/p>\n<p>Sistema Zona Fria: No Sistema Zona Fria, grande parte dos res\u00edduos se soltam dos alimentos e se sedimentam no fundo da cuba onde o \u00f3leo est\u00e1 a temperatura ambiente, fazendo com que a fritura destes res\u00edduos pare, e assim n\u00e3o s\u00e3o carbonizados, por isso n\u00e3o degrada o \u00f3leo. Por\u00e9m neste Sistema n\u00e3o h\u00e1 o isolamento dos res\u00edduos o que gera a transfer\u00eancia de gosto entre alimentos, al\u00e9m do que a vida \u00fatil do \u00f3leo \u00e9 relativamente baixa devido aos detritos que ficam no \u00f3leo. Sistema mais indicado para cozinhas com pouca varia\u00e7\u00e3o de produtos fritos e com grandes volumes de fritura. O \u00d3leo pode ter uma vida \u00fatil de 03 a 07 dias.<\/p>\n<p>Orienta\u00e7\u00f5es: A fim de evitar situa\u00e7\u00f5es de perigo devido a um rearmamento inadvertido de protetores t\u00e9rmicos, o aparelho n\u00e3o pode ser alimentado atrav\u00e9s de uma chave externa, como do tipo Contatora, ou conectado a um circuito que \u00e9 regularmente ligado e desligado por uma fonte de alimenta\u00e7\u00e3o independente de disjuntores. Este equipamento possui um dispositivo protetor t\u00e9rmico com RESET MANUAL (Termostato de seguran\u00e7a). Este dispositivo desativa a\/as resist\u00eancia\/s caso a temperatura do \u00f3leo atinja o n\u00edvel de seguran\u00e7a de 220\u00b0C.<br \/>\nComo n\u00e3o h\u00e1 tomadas\/plugues padronizados pelo INMETRO para correntes superiores a 20A, alguns equipamentos s\u00e3o fornecidos sem o plugue. O usu\u00e1rio poder\u00e1 optar pela aquisi\u00e7\u00e3o do conjunto plugue\/tomada que lhe for mais conveniente (desde que suporte a corrente total do equipamento + 20% de flutua\u00e7\u00e3o de tens\u00e3o) ou a liga\u00e7\u00e3o do equipamento diretamente em um disjuntor adequado pr\u00f3ximo a ele.<br \/>\nConecte o cabo de alimenta\u00e7\u00e3o do equipamento a uma fonte de energia el\u00e9trica apropriada para a carga indicada no item 1 - CARACTER\u00cdSTICAS T\u00c9CNICAS localizado no manual de instru\u00e7\u00f5es e na etiqueta de identifica\u00e7\u00e3o do produto localizada no pr\u00f3prio aparelho.<\/p>\n<p>NOTAS: Evite usar esponja met\u00e1lica ou qualquer esponja fibrosa\/abrasiva para evitar danos no acabamento do a\u00e7o inoxid\u00e1vel.<br \/>\nO Perigo de Fogo pode ocorrer caso n\u00e3o seja colocado a quantidade m\u00ednima de \u00f3leo no equipamento indicado no manual. Se isto ocorrer a garantia ser\u00e1 automaticamente cancelada.<\/p>\n<p>Dados T\u00e9cnicos<br \/>\nTermostatos Digitais<br \/>\nCapacidade Nominal: 15 litros<br \/>\nCapacidade de \u00d3leo: 15 litros (7,5 Litros x 2 Cestas)<br \/>\nCapacidade do Sistema de Fritura: 15L de \u00d3leo<br \/>\nPot\u00eancia: 220v - 8000W (5000W + 3000w)<br \/>\nConsumo: 4kw\/h<br \/>\nCorrente: 36,4A<br \/>\nAltura: 97cm Largura: 41cm Profundidade: 50cm<br \/>\nPeso L\u00edquido: 19kg Peso Bruto: 22kg<br \/>\nGarantia: 1 ano<\/p>\n<p><strong>FAVOR ENTRAR EM CONTATO PARA COTA\u00c7\u00c3O DE FRETE<\/strong><\/p>\n<p><a href=\"https:\/\/api.whatsapp.com\/send?phone=5521964144201\"><img loading=\"lazy\" decoding=\"async\" class=\"alignnone size-full wp-image-4307\" src=\"http:\/\/www.lojadeequipamentos.com.br\/loja\/wp-content\/uploads\/2020\/08\/botao_whatsapp.png\" alt=\"botao_whatsapp\" width=\"226\" height=\"82\" \/><\/a><\/p>\n","protected":false},"excerpt":{"rendered":"<strong>Fritadeira El\u00e9trica de Piso FZ28D Digital - 15L c\/ 1 Cubas e 2 Cestas - Zona Fria - Croydon<\/strong>","protected":false},"featured_media":4448,"comment_status":"open","ping_status":"closed","template":"","meta":{"_links_to":"","_links_to_target":""},"product_brand":[],"product_cat":[2257],"product_tag":[3735,3762,3744,2283,3745,3737,3764,2281,3746,2277,2278,3747,3748,2635,2361,2426,2260,2638,2427,2318,3749,3750,2293,3751,2321,2322,3752,3753,3736,3763,2267,2636,2362,2382,2261,2637,2363,2383,2325,3754,3755,2352,2328,3756,3757,3758,2296,3759,2289,2292,3760,3761,3765,3766],"class_list":{"0":"post-4289","1":"product","2":"type-product","3":"status-publish","4":"has-post-thumbnail","6":"product_cat-fritadeira","7":"product_tag-croydon-fritadeira-digital","8":"product_tag-croydon-fritadeira-digital-fz28d","9":"product_tag-croydon-fz28d","10":"product_tag-croydon-zona-fria","11":"product_tag-croydon-zona-fria-fz28d","12":"product_tag-digital-fritadeira-croydon","13":"product_tag-digital-fritadeira-croydon-fz28d","14":"product_tag-eletrica-croydon-fritadeira","15":"product_tag-eletrica-croydon-fritadeira-fz28d","16":"product_tag-eletrica-fritadeira","17":"product_tag-eletrica-fritadeira-croydon","18":"product_tag-eletrica-fritadeira-croydon-fz28d","19":"product_tag-eletrica-fritadeira-fz28d","20":"product_tag-fritadeira-15-litros","21":"product_tag-fritadeira-15l","22":"product_tag-fritadeira-8000w","23":"product_tag-fritadeira-croydon","24":"product_tag-fritadeira-croydon-15-litros","25":"product_tag-fritadeira-croydon-8000w","26":"product_tag-fritadeira-croydon-de-piso","27":"product_tag-fritadeira-croydon-de-piso-fz28d","28":"product_tag-fritadeira-croydon-fz28d","29":"product_tag-fritadeira-croydon-zona-fria","30":"product_tag-fritadeira-croydon-zona-fria-fz28d","31":"product_tag-fritadeira-de-piso","32":"product_tag-fritadeira-de-piso-croydon","33":"product_tag-fritadeira-de-piso-croydon-fz28d","34":"product_tag-fritadeira-de-piso-fz28d","35":"product_tag-fritadeira-digital-croydon","36":"product_tag-fritadeira-digital-croydon-fz28d","37":"product_tag-fritadeira-eletrica-2","38":"product_tag-fritadeira-eletrica-15-litros","39":"product_tag-fritadeira-eletrica-15l","40":"product_tag-fritadeira-eletrica-8000w","41":"product_tag-fritadeira-eletrica-croydon","42":"product_tag-fritadeira-eletrica-croydon-15-litros","43":"product_tag-fritadeira-eletrica-croydon-15l","44":"product_tag-fritadeira-eletrica-croydon-8000w","45":"product_tag-fritadeira-eletrica-croydon-de-piso","46":"product_tag-fritadeira-eletrica-croydon-de-piso-fz28d","47":"product_tag-fritadeira-eletrica-croydon-fz28d","48":"product_tag-fritadeira-eletrica-de-piso","49":"product_tag-fritadeira-eletrica-de-piso-croydon","50":"product_tag-fritadeira-eletrica-de-piso-croydon-fz28d","51":"product_tag-fritadeira-eletrica-de-piso-fz28d","52":"product_tag-fritadeira-eletrica-fz28d","53":"product_tag-fritadeira-eletrica-zona-fria","54":"product_tag-fritadeira-fz28d","55":"product_tag-fritadeira-zona-fria","56":"product_tag-fritadeira-zona-fria-croydon","57":"product_tag-fritadeira-zona-fria-croydon-fz28d","58":"product_tag-fritadeira-zona-fria-fz28d","59":"product_tag-fz28d-fritadeiora-croydon","60":"product_tag-fz28d-fritadeira","62":"first","63":"instock","64":"shipping-taxable","65":"purchasable","66":"product-type-simple"},"yoast_head":"<!-- This site is optimized with the Yoast SEO plugin v27.3 - https:\/\/yoast.com\/product\/yoast-seo-wordpress\/ -->\n<title>Fritadeira 15L x 1 Cuba Croydon FZ28D Digital - Loja de Equipamentos<\/title>\n<meta name=\"description\" content=\"R$3671,00 Fritadeira El\u00e9trica de Piso A\u00e7o Inox Modelo FZ28D Croydon Termostato digital 15L (2 Cestas 7,5 L x 1 Cuba) Zona Fria c\/ 8000W\" \/>\n<meta name=\"robots\" content=\"index, follow, max-snippet:-1, max-image-preview:large, max-video-preview:-1\" \/>\n<link rel=\"canonical\" href=\"https:\/\/www.lojadeequipamentos.com.br\/loja\/produto\/fritadeira-15l-x-2-cubas-croydon-fz28d-digital\/\" \/>\n<meta property=\"og:locale\" content=\"pt_BR\" \/>\n<meta property=\"og:type\" content=\"article\" \/>\n<meta property=\"og:title\" content=\"Fritadeira 15L x 1 Cuba Croydon FZ28D Digital - Loja de Equipamentos\" \/>\n<meta property=\"og:description\" content=\"R$3671,00 Fritadeira El\u00e9trica de Piso A\u00e7o Inox Modelo FZ28D Croydon Termostato digital 15L (2 Cestas 7,5 L x 1 Cuba) Zona Fria c\/ 8000W\" \/>\n<meta property=\"og:url\" content=\"https:\/\/www.lojadeequipamentos.com.br\/loja\/produto\/fritadeira-15l-x-2-cubas-croydon-fz28d-digital\/\" \/>\n<meta property=\"og:site_name\" content=\"Loja de Equipamentos\" \/>\n<meta property=\"article:modified_time\" content=\"2024-09-19T17:20:33+00:00\" \/>\n<meta property=\"og:image\" content=\"https:\/\/www.lojadeequipamentos.com.br\/loja\/wp-content\/uploads\/2020\/09\/fritadeira-FA28-e-FZ28-Digital.jpg\" \/>\n\t<meta property=\"og:image:width\" content=\"270\" \/>\n\t<meta property=\"og:image:height\" content=\"200\" \/>\n\t<meta property=\"og:image:type\" content=\"image\/jpeg\" \/>\n<meta name=\"twitter:card\" content=\"summary_large_image\" \/>\n<meta name=\"twitter:label1\" content=\"Est. tempo de leitura\" \/>\n\t<meta name=\"twitter:data1\" content=\"4 minutos\" \/>\n<script type=\"application\/ld+json\" class=\"yoast-schema-graph\">{\"@context\":\"https:\\\/\\\/schema.org\",\"@graph\":[{\"@type\":\"WebPage\",\"@id\":\"https:\\\/\\\/www.lojadeequipamentos.com.br\\\/loja\\\/produto\\\/fritadeira-15l-x-2-cubas-croydon-fz28d-digital\\\/\",\"url\":\"https:\\\/\\\/www.lojadeequipamentos.com.br\\\/loja\\\/produto\\\/fritadeira-15l-x-2-cubas-croydon-fz28d-digital\\\/\",\"name\":\"Fritadeira 15L x 1 Cuba Croydon FZ28D Digital - Loja de Equipamentos\",\"isPartOf\":{\"@id\":\"https:\\\/\\\/www.lojadeequipamentos.com.br\\\/loja\\\/#website\"},\"primaryImageOfPage\":{\"@id\":\"https:\\\/\\\/www.lojadeequipamentos.com.br\\\/loja\\\/produto\\\/fritadeira-15l-x-2-cubas-croydon-fz28d-digital\\\/#primaryimage\"},\"image\":{\"@id\":\"https:\\\/\\\/www.lojadeequipamentos.com.br\\\/loja\\\/produto\\\/fritadeira-15l-x-2-cubas-croydon-fz28d-digital\\\/#primaryimage\"},\"thumbnailUrl\":\"https:\\\/\\\/www.lojadeequipamentos.com.br\\\/loja\\\/wp-content\\\/uploads\\\/2020\\\/09\\\/fritadeira-FA28-e-FZ28-Digital.jpg\",\"datePublished\":\"2020-09-01T17:11:14+00:00\",\"dateModified\":\"2024-09-19T17:20:33+00:00\",\"description\":\"R$3671,00 Fritadeira El\u00e9trica de Piso A\u00e7o Inox Modelo FZ28D Croydon Termostato digital 15L (2 Cestas 7,5 L x 1 Cuba) Zona Fria c\\\/ 8000W\",\"breadcrumb\":{\"@id\":\"https:\\\/\\\/www.lojadeequipamentos.com.br\\\/loja\\\/produto\\\/fritadeira-15l-x-2-cubas-croydon-fz28d-digital\\\/#breadcrumb\"},\"inLanguage\":\"pt-BR\",\"potentialAction\":[{\"@type\":\"ReadAction\",\"target\":[\"https:\\\/\\\/www.lojadeequipamentos.com.br\\\/loja\\\/produto\\\/fritadeira-15l-x-2-cubas-croydon-fz28d-digital\\\/\"]}]},{\"@type\":\"ImageObject\",\"inLanguage\":\"pt-BR\",\"@id\":\"https:\\\/\\\/www.lojadeequipamentos.com.br\\\/loja\\\/produto\\\/fritadeira-15l-x-2-cubas-croydon-fz28d-digital\\\/#primaryimage\",\"url\":\"https:\\\/\\\/www.lojadeequipamentos.com.br\\\/loja\\\/wp-content\\\/uploads\\\/2020\\\/09\\\/fritadeira-FA28-e-FZ28-Digital.jpg\",\"contentUrl\":\"https:\\\/\\\/www.lojadeequipamentos.com.br\\\/loja\\\/wp-content\\\/uploads\\\/2020\\\/09\\\/fritadeira-FA28-e-FZ28-Digital.jpg\",\"width\":270,\"height\":200},{\"@type\":\"BreadcrumbList\",\"@id\":\"https:\\\/\\\/www.lojadeequipamentos.com.br\\\/loja\\\/produto\\\/fritadeira-15l-x-2-cubas-croydon-fz28d-digital\\\/#breadcrumb\",\"itemListElement\":[{\"@type\":\"ListItem\",\"position\":1,\"name\":\"In\u00edcio\",\"item\":\"https:\\\/\\\/www.lojadeequipamentos.com.br\\\/loja\\\/\"},{\"@type\":\"ListItem\",\"position\":2,\"name\":\"Loja Virtual\",\"item\":\"https:\\\/\\\/www.lojadeequipamentos.com.br\\\/loja\\\/shop\\\/\"},{\"@type\":\"ListItem\",\"position\":3,\"name\":\"Fritadeira 15L x 1 Cuba Croydon FZ28D Digital\"}]},{\"@type\":\"WebSite\",\"@id\":\"https:\\\/\\\/www.lojadeequipamentos.com.br\\\/loja\\\/#website\",\"url\":\"https:\\\/\\\/www.lojadeequipamentos.com.br\\\/loja\\\/\",\"name\":\"Loja de Equipamentos\",\"description\":\"\",\"potentialAction\":[{\"@type\":\"SearchAction\",\"target\":{\"@type\":\"EntryPoint\",\"urlTemplate\":\"https:\\\/\\\/www.lojadeequipamentos.com.br\\\/loja\\\/?s={search_term_string}\"},\"query-input\":{\"@type\":\"PropertyValueSpecification\",\"valueRequired\":true,\"valueName\":\"search_term_string\"}}],\"inLanguage\":\"pt-BR\"}]}<\/script>\n<!-- \/ Yoast SEO plugin. -->","yoast_head_json":{"title":"Fritadeira 15L x 1 Cuba Croydon FZ28D Digital - Loja de Equipamentos","description":"R$3671,00 Fritadeira El\u00e9trica de Piso A\u00e7o Inox Modelo FZ28D Croydon Termostato digital 15L (2 Cestas 7,5 L x 1 Cuba) Zona Fria c\/ 8000W","robots":{"index":"index","follow":"follow","max-snippet":"max-snippet:-1","max-image-preview":"max-image-preview:large","max-video-preview":"max-video-preview:-1"},"canonical":"https:\/\/www.lojadeequipamentos.com.br\/loja\/produto\/fritadeira-15l-x-2-cubas-croydon-fz28d-digital\/","og_locale":"pt_BR","og_type":"article","og_title":"Fritadeira 15L x 1 Cuba Croydon FZ28D Digital - Loja de Equipamentos","og_description":"R$3671,00 Fritadeira El\u00e9trica de Piso A\u00e7o Inox Modelo FZ28D Croydon Termostato digital 15L (2 Cestas 7,5 L x 1 Cuba) Zona Fria c\/ 8000W","og_url":"https:\/\/www.lojadeequipamentos.com.br\/loja\/produto\/fritadeira-15l-x-2-cubas-croydon-fz28d-digital\/","og_site_name":"Loja de Equipamentos","article_modified_time":"2024-09-19T17:20:33+00:00","og_image":[{"width":270,"height":200,"url":"https:\/\/www.lojadeequipamentos.com.br\/loja\/wp-content\/uploads\/2020\/09\/fritadeira-FA28-e-FZ28-Digital.jpg","type":"image\/jpeg"}],"twitter_card":"summary_large_image","twitter_misc":{"Est. tempo de leitura":"4 minutos"},"schema":{"@context":"https:\/\/schema.org","@graph":[{"@type":"WebPage","@id":"https:\/\/www.lojadeequipamentos.com.br\/loja\/produto\/fritadeira-15l-x-2-cubas-croydon-fz28d-digital\/","url":"https:\/\/www.lojadeequipamentos.com.br\/loja\/produto\/fritadeira-15l-x-2-cubas-croydon-fz28d-digital\/","name":"Fritadeira 15L x 1 Cuba Croydon FZ28D Digital - Loja de Equipamentos","isPartOf":{"@id":"https:\/\/www.lojadeequipamentos.com.br\/loja\/#website"},"primaryImageOfPage":{"@id":"https:\/\/www.lojadeequipamentos.com.br\/loja\/produto\/fritadeira-15l-x-2-cubas-croydon-fz28d-digital\/#primaryimage"},"image":{"@id":"https:\/\/www.lojadeequipamentos.com.br\/loja\/produto\/fritadeira-15l-x-2-cubas-croydon-fz28d-digital\/#primaryimage"},"thumbnailUrl":"https:\/\/www.lojadeequipamentos.com.br\/loja\/wp-content\/uploads\/2020\/09\/fritadeira-FA28-e-FZ28-Digital.jpg","datePublished":"2020-09-01T17:11:14+00:00","dateModified":"2024-09-19T17:20:33+00:00","description":"R$3671,00 Fritadeira El\u00e9trica de Piso A\u00e7o Inox Modelo FZ28D Croydon Termostato digital 15L (2 Cestas 7,5 L x 1 Cuba) Zona Fria c\/ 8000W","breadcrumb":{"@id":"https:\/\/www.lojadeequipamentos.com.br\/loja\/produto\/fritadeira-15l-x-2-cubas-croydon-fz28d-digital\/#breadcrumb"},"inLanguage":"pt-BR","potentialAction":[{"@type":"ReadAction","target":["https:\/\/www.lojadeequipamentos.com.br\/loja\/produto\/fritadeira-15l-x-2-cubas-croydon-fz28d-digital\/"]}]},{"@type":"ImageObject","inLanguage":"pt-BR","@id":"https:\/\/www.lojadeequipamentos.com.br\/loja\/produto\/fritadeira-15l-x-2-cubas-croydon-fz28d-digital\/#primaryimage","url":"https:\/\/www.lojadeequipamentos.com.br\/loja\/wp-content\/uploads\/2020\/09\/fritadeira-FA28-e-FZ28-Digital.jpg","contentUrl":"https:\/\/www.lojadeequipamentos.com.br\/loja\/wp-content\/uploads\/2020\/09\/fritadeira-FA28-e-FZ28-Digital.jpg","width":270,"height":200},{"@type":"BreadcrumbList","@id":"https:\/\/www.lojadeequipamentos.com.br\/loja\/produto\/fritadeira-15l-x-2-cubas-croydon-fz28d-digital\/#breadcrumb","itemListElement":[{"@type":"ListItem","position":1,"name":"In\u00edcio","item":"https:\/\/www.lojadeequipamentos.com.br\/loja\/"},{"@type":"ListItem","position":2,"name":"Loja Virtual","item":"https:\/\/www.lojadeequipamentos.com.br\/loja\/shop\/"},{"@type":"ListItem","position":3,"name":"Fritadeira 15L x 1 Cuba Croydon FZ28D Digital"}]},{"@type":"WebSite","@id":"https:\/\/www.lojadeequipamentos.com.br\/loja\/#website","url":"https:\/\/www.lojadeequipamentos.com.br\/loja\/","name":"Loja de Equipamentos","description":"","potentialAction":[{"@type":"SearchAction","target":{"@type":"EntryPoint","urlTemplate":"https:\/\/www.lojadeequipamentos.com.br\/loja\/?s={search_term_string}"},"query-input":{"@type":"PropertyValueSpecification","valueRequired":true,"valueName":"search_term_string"}}],"inLanguage":"pt-BR"}]}},"_links":{"self":[{"href":"https:\/\/www.lojadeequipamentos.com.br\/loja\/wp-json\/wp\/v2\/product\/4289","targetHints":{"allow":["GET"]}}],"collection":[{"href":"https:\/\/www.lojadeequipamentos.com.br\/loja\/wp-json\/wp\/v2\/product"}],"about":[{"href":"https:\/\/www.lojadeequipamentos.com.br\/loja\/wp-json\/wp\/v2\/types\/product"}],"replies":[{"embeddable":true,"href":"https:\/\/www.lojadeequipamentos.com.br\/loja\/wp-json\/wp\/v2\/comments?post=4289"}],"wp:featuredmedia":[{"embeddable":true,"href":"https:\/\/www.lojadeequipamentos.com.br\/loja\/wp-json\/wp\/v2\/media\/4448"}],"wp:attachment":[{"href":"https:\/\/www.lojadeequipamentos.com.br\/loja\/wp-json\/wp\/v2\/media?parent=4289"}],"wp:term":[{"taxonomy":"product_brand","embeddable":true,"href":"https:\/\/www.lojadeequipamentos.com.br\/loja\/wp-json\/wp\/v2\/product_brand?post=4289"},{"taxonomy":"product_cat","embeddable":true,"href":"https:\/\/www.lojadeequipamentos.com.br\/loja\/wp-json\/wp\/v2\/product_cat?post=4289"},{"taxonomy":"product_tag","embeddable":true,"href":"https:\/\/www.lojadeequipamentos.com.br\/loja\/wp-json\/wp\/v2\/product_tag?post=4289"}],"curies":[{"name":"wp","href":"https:\/\/api.w.org\/{rel}","templated":true}]}}