{"id":4288,"date":"2020-09-01T16:43:06","date_gmt":"2020-09-01T16:43:06","guid":{"rendered":"http:\/\/www.lojadeequipamentos.com.br\/loja\/?post_type=product&#038;p=4288"},"modified":"2024-09-19T18:26:40","modified_gmt":"2024-09-19T18:26:40","slug":"fritadeira-15l-x-2-cubas-croydon-fzm5d-digital","status":"publish","type":"product","link":"https:\/\/www.lojadeequipamentos.com.br\/loja\/produto\/fritadeira-15l-x-2-cubas-croydon-fzm5d-digital\/","title":{"rendered":"Fritadeira 15L x 1 Cuba  Croydon FZM5D Digital"},"content":{"rendered":"<h2>Fritadeira El\u00e9trica de Mesa FZM5 Digital - 15L c\/ 1 Cuba e 2 Cestas - Zona Fria - Croydon<\/h2>\n<p>Descri\u00e7\u00e3o: Fritadeira El\u00e9trica de Mesa 15L c\/ 1 Cuba - Zona Fria c\/ 5000W Croydon, com gabinete em a\u00e7o inox, caixa de \u00f3leo em a\u00e7o em inox, 02 cestas em arame estanhado, suporte para cesta, <strong> 01 Termostato de Temperatura Digital<\/strong>, termostato de seguran\u00e7a, l\u00e2mpada piloto, resist\u00eancia blindada, registro de gaveta para drenagem de \u00f3leo, chave liga\/desliga (on\/off) e cabo PP.<\/p>\n<p>Sistema Zona Fria: No Sistema Zona Fria, grande parte dos res\u00edduos se soltam dos alimentos e se sedimentam no fundo da cuba onde o \u00f3leo est\u00e1 a temperatura ambiente, fazendo com que a fritura destes res\u00edduos pare, e assim n\u00e3o s\u00e3o carbonizados, por isso n\u00e3o degrada o \u00f3leo. Por\u00e9m neste Sistema n\u00e3o h\u00e1 o isolamento dos res\u00edduos o que gera a transfer\u00eancia de gosto entre alimentos, al\u00e9m do que a vida \u00fatil do \u00f3leo \u00e9 relativamente baixa devido aos detritos que ficam no \u00f3leo. Sistema mais indicado para cozinhas com pouca varia\u00e7\u00e3o de produtos fritos e com grandes volumes de fritura. O \u00d3leo pode ter uma vida \u00fatil de 03 a 07 dias.<\/p>\n<p>Orienta\u00e7\u00f5es: A fim de evitar situa\u00e7\u00f5es de perigo devido a um rearmamento inadvertido de protetores t\u00e9rmicos, o aparelho n\u00e3o pode ser alimentado atrav\u00e9s de uma chave externa, como do tipo Contatora, ou conectado a um circuito que \u00e9 regularmente ligado e desligado por uma fonte de alimenta\u00e7\u00e3o independente de disjuntores. Este equipamento possui um dispositivo protetor t\u00e9rmico com RESET MANUAL (Termostato de seguran\u00e7a). Este dispositivo desativa a\/as resist\u00eancia\/s caso a temperatura do \u00f3leo atinja o n\u00edvel de seguran\u00e7a de 220\u00b0C.<br \/>\nComo n\u00e3o h\u00e1 tomadas\/plugues padronizados pelo INMETRO para correntes superiores a 20A, alguns equipamentos s\u00e3o fornecidos sem o plugue. O usu\u00e1rio poder\u00e1 optar pela aquisi\u00e7\u00e3o do conjunto plugue\/tomada que lhe for mais conveniente (desde que suporte a corrente total do equipamento + 20% de flutua\u00e7\u00e3o de tens\u00e3o) ou a liga\u00e7\u00e3o do equipamento diretamente em um disjuntor adequado pr\u00f3ximo a ele.<br \/>\nConecte o cabo de alimenta\u00e7\u00e3o do equipamento a uma fonte de energia el\u00e9trica apropriada para a carga indicada no item 1 - CARACTER\u00cdSTICAS T\u00c9CNICAS localizado no manual de instru\u00e7\u00f5es e na etiqueta de identifica\u00e7\u00e3o do produto localizada no pr\u00f3prio aparelho.<\/p>\n<p>NOTAS: Evite usar esponja met\u00e1lica ou qualquer esponja fibrosa\/abrasiva para evitar danos no acabamento do a\u00e7o inoxid\u00e1vel.<br \/>\nO Perigo de Fogo pode ocorrer caso n\u00e3o seja colocado a quantidade m\u00ednima de \u00f3leo no equipamento indicado no manual. Se isto ocorrer a garantia ser\u00e1 automaticamente cancelada.<\/p>\n<p>Dados T\u00e9cnicos<br \/>\nTermostato Digital<br \/>\nCapacidade Nominal: 15 litros<br \/>\nCapacidade de \u00d3leo: 15 litros<br \/>\nCapacidade do Sistema de Fritura: 15L de \u00d3leo<br \/>\nPot\u00eancia: 220v - 5000W<br \/>\nConsumo: 2,5kw\/h<br \/>\nCorrente: 22,7A<br \/>\nAltura: 49cm Largura: 41cm Profundidade: 50cm<br \/>\nPeso L\u00edquido: 12,3kg Peso Bruto: 15kg<br \/>\nGarantia: 1 ano<\/p>\n<p><strong>FAVOR ENTRAR EM CONTATO PARA COTA\u00c7\u00c3O DE FRETE<\/strong><\/p>\n<p><a href=\"https:\/\/api.whatsapp.com\/send?phone=5521964144201\"><img loading=\"lazy\" decoding=\"async\" class=\"alignnone size-full wp-image-4307\" src=\"http:\/\/www.lojadeequipamentos.com.br\/loja\/wp-content\/uploads\/2020\/08\/botao_whatsapp.png\" alt=\"botao_whatsapp\" width=\"226\" height=\"82\" \/><\/a><\/p>\n","protected":false},"excerpt":{"rendered":"<strong>Fritadeira El\u00e9trica de Mesa FZM5 Digital-15L c\/1 Cuba e 2 Cestas - Zona Fria - Croydon<\/strong>","protected":false},"featured_media":4452,"comment_status":"open","ping_status":"closed","template":"","meta":{"_links_to":"","_links_to_target":""},"product_brand":[],"product_cat":[2257],"product_tag":[3735,3738,3717,2283,3718,3737,3740,2281,3719,2277,2278,3720,3721,2635,2361,2428,2260,2429,2301,3722,3723,2293,3724,2302,3725,3726,3736,3739,3768,2267,2362,2359,2261,2363,2360,2306,3727,3728,2339,2309,3729,3730,3731,2296,3732,2289,2640,2292,3733,3734,3742,3741],"class_list":{"0":"post-4288","1":"product","2":"type-product","3":"status-publish","4":"has-post-thumbnail","6":"product_cat-fritadeira","7":"product_tag-croydon-fritadeira-digital","8":"product_tag-croydon-fritadeira-digital-fzm5d","9":"product_tag-croydon-fzm5d","10":"product_tag-croydon-zona-fria","11":"product_tag-croydon-zona-fria-fzm5d","12":"product_tag-digital-fritadeira-croydon","13":"product_tag-digital-fritadeira-croydon-fzm5d","14":"product_tag-eletrica-croydon-fritadeira","15":"product_tag-eletrica-croydon-fritadeira-fzm5d","16":"product_tag-eletrica-fritadeira","17":"product_tag-eletrica-fritadeira-croydon","18":"product_tag-eletrica-fritadeira-croydon-fzm5d","19":"product_tag-eletrica-fritadeira-fzm5d","20":"product_tag-fritadeira-15-litros","21":"product_tag-fritadeira-15l","22":"product_tag-fritadeira-5000w","23":"product_tag-fritadeira-croydon","24":"product_tag-fritadeira-croydon-5000w","25":"product_tag-fritadeira-croydon-de-mesa","26":"product_tag-fritadeira-croydon-de-mesa-fzm5d","27":"product_tag-fritadeira-croydon-fzm5d","28":"product_tag-fritadeira-croydon-zona-fria","29":"product_tag-fritadeira-croydon-zona-fria-fzm5d-fritadeira-de-mesa","30":"product_tag-fritadeira-de-mesa-croydon","31":"product_tag-fritadeira-de-mesa-croydon-fzm5d","32":"product_tag-fritadeira-de-mesa-fzm5d","33":"product_tag-fritadeira-digital-croydon","34":"product_tag-fritadeira-digital-croydon-fzm5d","35":"product_tag-fritadeira-digital-fzm5d","36":"product_tag-fritadeira-eletrica-2","37":"product_tag-fritadeira-eletrica-15l","38":"product_tag-fritadeira-eletrica-5000w","39":"product_tag-fritadeira-eletrica-croydon","40":"product_tag-fritadeira-eletrica-croydon-15l","41":"product_tag-fritadeira-eletrica-croydon-5000w","42":"product_tag-fritadeira-eletrica-croydon-de-mesa","43":"product_tag-fritadeira-eletrica-croydon-de-mesa-fzm5d","44":"product_tag-fritadeira-eletrica-croydon-fzm5d","45":"product_tag-fritadeira-eletrica-de-mesa","46":"product_tag-fritadeira-eletrica-de-mesa-croydon","47":"product_tag-fritadeira-eletrica-de-mesa-croydon-fzm5d","48":"product_tag-fritadeira-eletrica-de-mesa-fzm5d","49":"product_tag-fritadeira-eletrica-fzm5d","50":"product_tag-fritadeira-eletrica-zona-fria","51":"product_tag-fritadeira-fzm5d","52":"product_tag-fritadeira-zona-fria","53":"product_tag-fritadeira-zona-fria-15-litros","54":"product_tag-fritadeira-zona-fria-croydon","55":"product_tag-fritadeira-zona-fria-croydon-fzm5d","56":"product_tag-fritadeira-zona-fria-fzm5d","57":"product_tag-fzm5d-fritadeiora-croydon","58":"product_tag-fzm5d-fritadeira","60":"first","61":"instock","62":"shipping-taxable","63":"purchasable","64":"product-type-simple"},"yoast_head":"<!-- This site is optimized with the Yoast SEO plugin v27.3 - https:\/\/yoast.com\/product\/yoast-seo-wordpress\/ -->\n<title>Fritadeira 15L x 1 Cuba Croydon FZM5D Digital - Loja de Equipamentos<\/title>\n<meta name=\"description\" content=\"R$ 2.867,00Fritadeira El\u00e9trica de Mesa A\u00e7o Inox Mod. FZM5D Croydon Termostato Digital 15L\/ 1 Cuba e 2 Cestas Zona Fria c\/ 5000W Cap. Nom. 15 Litros\" \/>\n<meta name=\"robots\" content=\"index, follow, max-snippet:-1, max-image-preview:large, max-video-preview:-1\" \/>\n<link rel=\"canonical\" href=\"https:\/\/www.lojadeequipamentos.com.br\/loja\/produto\/fritadeira-15l-x-2-cubas-croydon-fzm5d-digital\/\" \/>\n<meta property=\"og:locale\" content=\"pt_BR\" \/>\n<meta property=\"og:type\" content=\"article\" \/>\n<meta property=\"og:title\" content=\"Fritadeira 15L x 1 Cuba Croydon FZM5D Digital - Loja de Equipamentos\" \/>\n<meta property=\"og:description\" content=\"R$ 2.867,00Fritadeira El\u00e9trica de Mesa A\u00e7o Inox Mod. FZM5D Croydon Termostato Digital 15L\/ 1 Cuba e 2 Cestas Zona Fria c\/ 5000W Cap. Nom. 15 Litros\" \/>\n<meta property=\"og:url\" content=\"https:\/\/www.lojadeequipamentos.com.br\/loja\/produto\/fritadeira-15l-x-2-cubas-croydon-fzm5d-digital\/\" \/>\n<meta property=\"og:site_name\" content=\"Loja de Equipamentos\" \/>\n<meta property=\"article:modified_time\" content=\"2024-09-19T18:26:40+00:00\" \/>\n<meta property=\"og:image\" content=\"https:\/\/www.lojadeequipamentos.com.br\/loja\/wp-content\/uploads\/2020\/09\/fritadeira-FAM5D-e-FZM5D-loja-de-equipamentos.jpg\" \/>\n\t<meta property=\"og:image:width\" content=\"270\" \/>\n\t<meta property=\"og:image:height\" content=\"200\" \/>\n\t<meta property=\"og:image:type\" content=\"image\/jpeg\" \/>\n<meta name=\"twitter:card\" content=\"summary_large_image\" \/>\n<meta name=\"twitter:label1\" content=\"Est. tempo de leitura\" \/>\n\t<meta name=\"twitter:data1\" content=\"3 minutos\" \/>\n<script type=\"application\/ld+json\" class=\"yoast-schema-graph\">{\"@context\":\"https:\\\/\\\/schema.org\",\"@graph\":[{\"@type\":\"WebPage\",\"@id\":\"https:\\\/\\\/www.lojadeequipamentos.com.br\\\/loja\\\/produto\\\/fritadeira-15l-x-2-cubas-croydon-fzm5d-digital\\\/\",\"url\":\"https:\\\/\\\/www.lojadeequipamentos.com.br\\\/loja\\\/produto\\\/fritadeira-15l-x-2-cubas-croydon-fzm5d-digital\\\/\",\"name\":\"Fritadeira 15L x 1 Cuba Croydon FZM5D Digital - Loja de Equipamentos\",\"isPartOf\":{\"@id\":\"https:\\\/\\\/www.lojadeequipamentos.com.br\\\/loja\\\/#website\"},\"primaryImageOfPage\":{\"@id\":\"https:\\\/\\\/www.lojadeequipamentos.com.br\\\/loja\\\/produto\\\/fritadeira-15l-x-2-cubas-croydon-fzm5d-digital\\\/#primaryimage\"},\"image\":{\"@id\":\"https:\\\/\\\/www.lojadeequipamentos.com.br\\\/loja\\\/produto\\\/fritadeira-15l-x-2-cubas-croydon-fzm5d-digital\\\/#primaryimage\"},\"thumbnailUrl\":\"https:\\\/\\\/www.lojadeequipamentos.com.br\\\/loja\\\/wp-content\\\/uploads\\\/2020\\\/09\\\/fritadeira-FAM5D-e-FZM5D-loja-de-equipamentos.jpg\",\"datePublished\":\"2020-09-01T16:43:06+00:00\",\"dateModified\":\"2024-09-19T18:26:40+00:00\",\"description\":\"R$ 2.867,00Fritadeira El\u00e9trica de Mesa A\u00e7o Inox Mod. FZM5D Croydon Termostato Digital 15L\\\/ 1 Cuba e 2 Cestas Zona Fria c\\\/ 5000W Cap. Nom. 15 Litros\",\"breadcrumb\":{\"@id\":\"https:\\\/\\\/www.lojadeequipamentos.com.br\\\/loja\\\/produto\\\/fritadeira-15l-x-2-cubas-croydon-fzm5d-digital\\\/#breadcrumb\"},\"inLanguage\":\"pt-BR\",\"potentialAction\":[{\"@type\":\"ReadAction\",\"target\":[\"https:\\\/\\\/www.lojadeequipamentos.com.br\\\/loja\\\/produto\\\/fritadeira-15l-x-2-cubas-croydon-fzm5d-digital\\\/\"]}]},{\"@type\":\"ImageObject\",\"inLanguage\":\"pt-BR\",\"@id\":\"https:\\\/\\\/www.lojadeequipamentos.com.br\\\/loja\\\/produto\\\/fritadeira-15l-x-2-cubas-croydon-fzm5d-digital\\\/#primaryimage\",\"url\":\"https:\\\/\\\/www.lojadeequipamentos.com.br\\\/loja\\\/wp-content\\\/uploads\\\/2020\\\/09\\\/fritadeira-FAM5D-e-FZM5D-loja-de-equipamentos.jpg\",\"contentUrl\":\"https:\\\/\\\/www.lojadeequipamentos.com.br\\\/loja\\\/wp-content\\\/uploads\\\/2020\\\/09\\\/fritadeira-FAM5D-e-FZM5D-loja-de-equipamentos.jpg\",\"width\":270,\"height\":200},{\"@type\":\"BreadcrumbList\",\"@id\":\"https:\\\/\\\/www.lojadeequipamentos.com.br\\\/loja\\\/produto\\\/fritadeira-15l-x-2-cubas-croydon-fzm5d-digital\\\/#breadcrumb\",\"itemListElement\":[{\"@type\":\"ListItem\",\"position\":1,\"name\":\"In\u00edcio\",\"item\":\"https:\\\/\\\/www.lojadeequipamentos.com.br\\\/loja\\\/\"},{\"@type\":\"ListItem\",\"position\":2,\"name\":\"Loja Virtual\",\"item\":\"https:\\\/\\\/www.lojadeequipamentos.com.br\\\/loja\\\/shop\\\/\"},{\"@type\":\"ListItem\",\"position\":3,\"name\":\"Fritadeira 15L x 1 Cuba Croydon FZM5D Digital\"}]},{\"@type\":\"WebSite\",\"@id\":\"https:\\\/\\\/www.lojadeequipamentos.com.br\\\/loja\\\/#website\",\"url\":\"https:\\\/\\\/www.lojadeequipamentos.com.br\\\/loja\\\/\",\"name\":\"Loja de Equipamentos\",\"description\":\"\",\"potentialAction\":[{\"@type\":\"SearchAction\",\"target\":{\"@type\":\"EntryPoint\",\"urlTemplate\":\"https:\\\/\\\/www.lojadeequipamentos.com.br\\\/loja\\\/?s={search_term_string}\"},\"query-input\":{\"@type\":\"PropertyValueSpecification\",\"valueRequired\":true,\"valueName\":\"search_term_string\"}}],\"inLanguage\":\"pt-BR\"}]}<\/script>\n<!-- \/ Yoast SEO plugin. -->","yoast_head_json":{"title":"Fritadeira 15L x 1 Cuba Croydon FZM5D Digital - Loja de Equipamentos","description":"R$ 2.867,00Fritadeira El\u00e9trica de Mesa A\u00e7o Inox Mod. FZM5D Croydon Termostato Digital 15L\/ 1 Cuba e 2 Cestas Zona Fria c\/ 5000W Cap. Nom. 15 Litros","robots":{"index":"index","follow":"follow","max-snippet":"max-snippet:-1","max-image-preview":"max-image-preview:large","max-video-preview":"max-video-preview:-1"},"canonical":"https:\/\/www.lojadeequipamentos.com.br\/loja\/produto\/fritadeira-15l-x-2-cubas-croydon-fzm5d-digital\/","og_locale":"pt_BR","og_type":"article","og_title":"Fritadeira 15L x 1 Cuba Croydon FZM5D Digital - Loja de Equipamentos","og_description":"R$ 2.867,00Fritadeira El\u00e9trica de Mesa A\u00e7o Inox Mod. FZM5D Croydon Termostato Digital 15L\/ 1 Cuba e 2 Cestas Zona Fria c\/ 5000W Cap. Nom. 15 Litros","og_url":"https:\/\/www.lojadeequipamentos.com.br\/loja\/produto\/fritadeira-15l-x-2-cubas-croydon-fzm5d-digital\/","og_site_name":"Loja de Equipamentos","article_modified_time":"2024-09-19T18:26:40+00:00","og_image":[{"width":270,"height":200,"url":"https:\/\/www.lojadeequipamentos.com.br\/loja\/wp-content\/uploads\/2020\/09\/fritadeira-FAM5D-e-FZM5D-loja-de-equipamentos.jpg","type":"image\/jpeg"}],"twitter_card":"summary_large_image","twitter_misc":{"Est. tempo de leitura":"3 minutos"},"schema":{"@context":"https:\/\/schema.org","@graph":[{"@type":"WebPage","@id":"https:\/\/www.lojadeequipamentos.com.br\/loja\/produto\/fritadeira-15l-x-2-cubas-croydon-fzm5d-digital\/","url":"https:\/\/www.lojadeequipamentos.com.br\/loja\/produto\/fritadeira-15l-x-2-cubas-croydon-fzm5d-digital\/","name":"Fritadeira 15L x 1 Cuba Croydon FZM5D Digital - Loja de Equipamentos","isPartOf":{"@id":"https:\/\/www.lojadeequipamentos.com.br\/loja\/#website"},"primaryImageOfPage":{"@id":"https:\/\/www.lojadeequipamentos.com.br\/loja\/produto\/fritadeira-15l-x-2-cubas-croydon-fzm5d-digital\/#primaryimage"},"image":{"@id":"https:\/\/www.lojadeequipamentos.com.br\/loja\/produto\/fritadeira-15l-x-2-cubas-croydon-fzm5d-digital\/#primaryimage"},"thumbnailUrl":"https:\/\/www.lojadeequipamentos.com.br\/loja\/wp-content\/uploads\/2020\/09\/fritadeira-FAM5D-e-FZM5D-loja-de-equipamentos.jpg","datePublished":"2020-09-01T16:43:06+00:00","dateModified":"2024-09-19T18:26:40+00:00","description":"R$ 2.867,00Fritadeira El\u00e9trica de Mesa A\u00e7o Inox Mod. FZM5D Croydon Termostato Digital 15L\/ 1 Cuba e 2 Cestas Zona Fria c\/ 5000W Cap. Nom. 15 Litros","breadcrumb":{"@id":"https:\/\/www.lojadeequipamentos.com.br\/loja\/produto\/fritadeira-15l-x-2-cubas-croydon-fzm5d-digital\/#breadcrumb"},"inLanguage":"pt-BR","potentialAction":[{"@type":"ReadAction","target":["https:\/\/www.lojadeequipamentos.com.br\/loja\/produto\/fritadeira-15l-x-2-cubas-croydon-fzm5d-digital\/"]}]},{"@type":"ImageObject","inLanguage":"pt-BR","@id":"https:\/\/www.lojadeequipamentos.com.br\/loja\/produto\/fritadeira-15l-x-2-cubas-croydon-fzm5d-digital\/#primaryimage","url":"https:\/\/www.lojadeequipamentos.com.br\/loja\/wp-content\/uploads\/2020\/09\/fritadeira-FAM5D-e-FZM5D-loja-de-equipamentos.jpg","contentUrl":"https:\/\/www.lojadeequipamentos.com.br\/loja\/wp-content\/uploads\/2020\/09\/fritadeira-FAM5D-e-FZM5D-loja-de-equipamentos.jpg","width":270,"height":200},{"@type":"BreadcrumbList","@id":"https:\/\/www.lojadeequipamentos.com.br\/loja\/produto\/fritadeira-15l-x-2-cubas-croydon-fzm5d-digital\/#breadcrumb","itemListElement":[{"@type":"ListItem","position":1,"name":"In\u00edcio","item":"https:\/\/www.lojadeequipamentos.com.br\/loja\/"},{"@type":"ListItem","position":2,"name":"Loja Virtual","item":"https:\/\/www.lojadeequipamentos.com.br\/loja\/shop\/"},{"@type":"ListItem","position":3,"name":"Fritadeira 15L x 1 Cuba Croydon FZM5D Digital"}]},{"@type":"WebSite","@id":"https:\/\/www.lojadeequipamentos.com.br\/loja\/#website","url":"https:\/\/www.lojadeequipamentos.com.br\/loja\/","name":"Loja de Equipamentos","description":"","potentialAction":[{"@type":"SearchAction","target":{"@type":"EntryPoint","urlTemplate":"https:\/\/www.lojadeequipamentos.com.br\/loja\/?s={search_term_string}"},"query-input":{"@type":"PropertyValueSpecification","valueRequired":true,"valueName":"search_term_string"}}],"inLanguage":"pt-BR"}]}},"_links":{"self":[{"href":"https:\/\/www.lojadeequipamentos.com.br\/loja\/wp-json\/wp\/v2\/product\/4288","targetHints":{"allow":["GET"]}}],"collection":[{"href":"https:\/\/www.lojadeequipamentos.com.br\/loja\/wp-json\/wp\/v2\/product"}],"about":[{"href":"https:\/\/www.lojadeequipamentos.com.br\/loja\/wp-json\/wp\/v2\/types\/product"}],"replies":[{"embeddable":true,"href":"https:\/\/www.lojadeequipamentos.com.br\/loja\/wp-json\/wp\/v2\/comments?post=4288"}],"wp:featuredmedia":[{"embeddable":true,"href":"https:\/\/www.lojadeequipamentos.com.br\/loja\/wp-json\/wp\/v2\/media\/4452"}],"wp:attachment":[{"href":"https:\/\/www.lojadeequipamentos.com.br\/loja\/wp-json\/wp\/v2\/media?parent=4288"}],"wp:term":[{"taxonomy":"product_brand","embeddable":true,"href":"https:\/\/www.lojadeequipamentos.com.br\/loja\/wp-json\/wp\/v2\/product_brand?post=4288"},{"taxonomy":"product_cat","embeddable":true,"href":"https:\/\/www.lojadeequipamentos.com.br\/loja\/wp-json\/wp\/v2\/product_cat?post=4288"},{"taxonomy":"product_tag","embeddable":true,"href":"https:\/\/www.lojadeequipamentos.com.br\/loja\/wp-json\/wp\/v2\/product_tag?post=4288"}],"curies":[{"name":"wp","href":"https:\/\/api.w.org\/{rel}","templated":true}]}}