{"id":4285,"date":"2020-08-22T04:00:58","date_gmt":"2020-08-22T04:00:58","guid":{"rendered":"http:\/\/www.lojadeequipamentos.com.br\/loja\/?post_type=product&#038;p=4285"},"modified":"2020-12-21T00:51:33","modified_gmt":"2020-12-21T00:51:33","slug":"gerador-gas-095-kva-220v-branco-b2t-950","status":"publish","type":"product","link":"https:\/\/www.lojadeequipamentos.com.br\/loja\/produto\/gerador-gas-095-kva-220v-branco-b2t-950\/","title":{"rendered":"Gerador Gas. 0,95 Kva-220V \/ Branco B2T-950"},"content":{"rendered":"<p><strong>Gerador 0,95 Kva - 1,9 Cv 220V Branco Modelo B2T-950 \/ Gasolina 2T Port\u00e1til<\/strong><br \/>\nGerador Port\u00e1til, Partida Manual, Cal\u00e7os em Borracha Anti Vibra\u00e7\u00e3o, Tanque de Combust\u00edvel Confeccionado em Chapa Galvanizada com Tratamento Interno Anti-Corros\u00e3o com  Capacidade de 4,5 Litros e Autonomia M\u00e9dia de Uso de 8 Horas. Controle de Tens\u00e3o por Inversor, Equipamento de Tens\u00e3o de Sa\u00edda de 220V com Pot\u00eancia Nominal de 0,80 Kva \/ 730W. Gerador recomend\u00e1vel par uso Campestre, Uso em Pescarias, Pequenas Embarca\u00e7\u00f5es, Uso Dom\u00e9stico Pontual(notebooks, eletrodom\u00e9sticos), Uso Emergencial, Veterin\u00e1rio em Campo, Uso Comercial para Auxilio de Ilumina\u00e7\u00f5es Pontuais e Equipamentos de Baixa Potencia dentro da Capacidade Nominal do Gerador.<br \/>\nO Combust\u00edvel necess\u00e1rio \u00e9 Gasolina Comum com adicionamento de \u00d3leo 2 Tempos, Obedecendo as Caracter\u00edsticas do \u00d3leo ser: 2 Tempos, API TC, JASO FC ou FD e ISO L-EGD com uma Rela\u00e7\u00e3o de Mistura Combust\u00edvel e \u00d3leo de 50:1.<br \/>\n<strong>Misturas: 4 litros de Gasolina para 80ml de \u00d3leo 2 Tempos, 1 litro de Gasolina para 20ml de \u00d3leo 2 Tempos ou 0,5L\/500ml de Gasolina para 10ml de \u00d3leo 2 Tempos.<\/strong><\/p>\n<p>Modelo\tB2T-950<br \/>\nC\u00f3digo\t90304063<br \/>\nPartida\t        Manual<br \/>\nCombust\u00edvel\tGasolina<br \/>\nMistura         Gasolina \/ \u00d3leo - 50:1<br \/>\nMotor           1,9 Cv<br \/>\nPot\u00eancia M\u00e1xima\t        0,95 Kva<br \/>\nPot\u00eancia Cont\u00ednua\t0,80 Kva<br \/>\nTens\u00e3o de Sa\u00edda Principal\t220V<br \/>\nCarregador de Bateria\t12 V; 8,3A<br \/>\nCapacidade do Tanque\t4,5 Litros<br \/>\nAutonomia 50% de Carga\t8 Horas<br \/>\nFases\tMonof\u00e1sico<br \/>\nRu\u00eddo\t56 dBa<br \/>\nFio Recomendado\t2,5mm<br \/>\nSelo de Homologa\u00e7\u00e3o\tISO 9001<br \/>\nDimens\u00f5es do Produto    (CxLxA)  350 x 290 x 380mm<br \/>\nDimens\u00f5es da Embalagem\t(CxLxA)  375 x 315 x 405mm<br \/>\nPeso Aproximado do Produto\t19 Kg<\/p>\n<p>Garantia do Fornecedor\t6 Meses<\/p>\n<p><strong>FAVOR ENTRAR EM CONTATO PARA COTA\u00c7\u00c3O DE FRETE<strong><\/p>\n<p>Visite nosso facebook: facebook\/lojadeequipamentos<\/p>\n","protected":false},"excerpt":{"rendered":"<strong>Gerador 0,95 Kva - 1,9 Cv 220V Branco Modelo B2T-950 \/ Gasolina 2T Port\u00e1til<\/strong>","protected":false},"featured_media":4262,"comment_status":"open","ping_status":"closed","template":"","meta":{"_links_to":"","_links_to_target":""},"product_brand":[],"product_cat":[3544],"product_tag":[3049,3685,3583,3652,3686,3654,3655,3656,3616,3614,3034,3615,3707,3040,3618,3688,3687,3689,3690,3012,3660,3691,3692,3639,3708,3694,3693,3695,3696,3697,3645,3709,3014,3711,3626,3625,3629,3710,3698,3699,3712,3665,3011,3714,3713,3715,3634,3666,3716,3667,3016,3637,3701,3028,3638,3702,3703,3015,3093,3664,3361,3670,3649,3704,3705,3648,3706,3658,3657],"class_list":{"0":"post-4285","1":"product","2":"type-product","3":"status-publish","4":"has-post-thumbnail","6":"product_cat-gerador-branco","7":"product_tag-2-tempos-gerador","8":"product_tag-2-tempos-gerador-branco","9":"product_tag-branco-gerador","10":"product_tag-branco-gerador-2-tempos","11":"product_tag-branco-gerador-b2t-950","12":"product_tag-branco-gerador-gasolina","13":"product_tag-branco-gerador-portatil","14":"product_tag-branco-portatil-gerador","15":"product_tag-gasolina-branco-gerador","16":"product_tag-gasolina-gerador-branco","17":"product_tag-gasolina-gerador-portatil","18":"product_tag-gasolina-gerador-portatil-branco","19":"product_tag-gerador-0-95-kva","20":"product_tag-gerador-2-tempos","21":"product_tag-gerador-2-tempos-branco","22":"product_tag-gerador-730w","23":"product_tag-gerador-730w-branco","24":"product_tag-gerador-730w-gasolina","25":"product_tag-gerador-730w-gasolina-branco","26":"product_tag-gerador-a-gasolina","27":"product_tag-gerador-a-gasolina-branco","28":"product_tag-gerador-b2t-950","29":"product_tag-gerador-b2t-950-branco","30":"product_tag-gerador-branco-2","31":"product_tag-gerador-branco-0-95-kva","32":"product_tag-gerador-branco-2-tempos","33":"product_tag-gerador-branco-730-w","34":"product_tag-gerador-branco-b2t-950","35":"product_tag-gerador-branco-b2t-950-portatil","36":"product_tag-gerador-branco-mod-b2t-950-portatil","37":"product_tag-gerador-branco-portatil","38":"product_tag-gerador-de-0-95-kva-branco","39":"product_tag-gerador-de-2-tempos","40":"product_tag-gerador-de-energia-a-gasolina-0-95-kva","41":"product_tag-gerador-de-energia-a-gasolina-branco","42":"product_tag-gerador-de-energia-branco","43":"product_tag-gerador-de-energia-branco-a-gasolina","44":"product_tag-gerador-de-energia-branco-de-0-95-kva","45":"product_tag-gerador-de-energia-branco-mod-b2t-950","46":"product_tag-gerador-de-energia-branco-modelo-b2t-950","47":"product_tag-gerador-de-energia-de-0-95-kva-branco","48":"product_tag-gerador-de-energia-portatil-branco","49":"product_tag-gerador-de-luz","50":"product_tag-gerador-de-luz-b2t-950-branco","51":"product_tag-gerador-de-luz-branco","52":"product_tag-gerador-de-luz-branco-b2t-950","53":"product_tag-gerador-de-luz-portatil-branco","54":"product_tag-gerador-eletrico-branco","55":"product_tag-gerador-eletrico-de-0-95-kva","56":"product_tag-gerador-eletrico-portatil-branco","57":"product_tag-gerador-gasolina","58":"product_tag-gerador-gasolina-branco","59":"product_tag-gerador-gasolina-branco-modelo-b2t-950","60":"product_tag-gerador-gasolina-portatil","61":"product_tag-gerador-gasolina-portatil-branco","62":"product_tag-gerador-mod-b2t-950","63":"product_tag-gerador-modelo-b2t-950","64":"product_tag-gerador-portatil","65":"product_tag-gerador-portatil-2-tempos","66":"product_tag-gerador-portatil-2-tempos-branco","67":"product_tag-gerador-portatil-220v","68":"product_tag-gerador-portatil-220v-branco","69":"product_tag-gerador-portatil-branco","70":"product_tag-gerador-portatil-branco-b2t-950","71":"product_tag-gerador-portatil-branco-gasolina","72":"product_tag-gerador-portatil-gasolina-branco","73":"product_tag-gerador-portatil-modelo-b2t-950-branco","74":"product_tag-portatil-gerador-branco","75":"product_tag-portatil-gerador-gasolina-branco","77":"first","78":"instock","79":"shipping-taxable","80":"purchasable","81":"product-type-simple"},"yoast_head":"<!-- This site is optimized with the Yoast SEO plugin v27.3 - https:\/\/yoast.com\/product\/yoast-seo-wordpress\/ -->\n<title>Gerador Gas. 0,95 Kva-220V \/ Branco B2T-950 - Loja de Equipamentos<\/title>\n<meta name=\"description\" content=\"Gerador Port\u00e1til Gasolina, 2T R$ 879,00 1,9 Cv Potencia Nominal 0,80 Kva 730W Partida Manual,Autonomia Media de 8h. Tanque de Comb. 4,5 Litros Tens\u00e3o 220V\" \/>\n<meta name=\"robots\" content=\"index, follow, max-snippet:-1, max-image-preview:large, max-video-preview:-1\" \/>\n<link rel=\"canonical\" href=\"https:\/\/www.lojadeequipamentos.com.br\/loja\/produto\/gerador-gas-095-kva-220v-branco-b2t-950\/\" \/>\n<meta property=\"og:locale\" content=\"pt_BR\" \/>\n<meta property=\"og:type\" content=\"article\" \/>\n<meta property=\"og:title\" content=\"Gerador Gas. 0,95 Kva-220V \/ Branco B2T-950 - Loja de Equipamentos\" \/>\n<meta property=\"og:description\" content=\"Gerador Port\u00e1til Gasolina, 2T R$ 879,00 1,9 Cv Potencia Nominal 0,80 Kva 730W Partida Manual,Autonomia Media de 8h. Tanque de Comb. 4,5 Litros Tens\u00e3o 220V\" \/>\n<meta property=\"og:url\" content=\"https:\/\/www.lojadeequipamentos.com.br\/loja\/produto\/gerador-gas-095-kva-220v-branco-b2t-950\/\" \/>\n<meta property=\"og:site_name\" content=\"Loja de Equipamentos\" \/>\n<meta property=\"article:modified_time\" content=\"2020-12-21T00:51:33+00:00\" \/>\n<meta property=\"og:image\" content=\"https:\/\/www.lojadeequipamentos.com.br\/loja\/wp-content\/uploads\/2020\/08\/Gerador-B2T-950.png\" \/>\n\t<meta property=\"og:image:width\" content=\"367\" \/>\n\t<meta property=\"og:image:height\" content=\"356\" \/>\n\t<meta property=\"og:image:type\" content=\"image\/png\" \/>\n<meta name=\"twitter:card\" content=\"summary_large_image\" \/>\n<meta name=\"twitter:label1\" content=\"Est. tempo de leitura\" \/>\n\t<meta name=\"twitter:data1\" content=\"1 minuto\" \/>\n<script type=\"application\/ld+json\" class=\"yoast-schema-graph\">{\"@context\":\"https:\\\/\\\/schema.org\",\"@graph\":[{\"@type\":\"WebPage\",\"@id\":\"https:\\\/\\\/www.lojadeequipamentos.com.br\\\/loja\\\/produto\\\/gerador-gas-095-kva-220v-branco-b2t-950\\\/\",\"url\":\"https:\\\/\\\/www.lojadeequipamentos.com.br\\\/loja\\\/produto\\\/gerador-gas-095-kva-220v-branco-b2t-950\\\/\",\"name\":\"Gerador Gas. 0,95 Kva-220V \\\/ Branco B2T-950 - Loja de Equipamentos\",\"isPartOf\":{\"@id\":\"https:\\\/\\\/www.lojadeequipamentos.com.br\\\/loja\\\/#website\"},\"primaryImageOfPage\":{\"@id\":\"https:\\\/\\\/www.lojadeequipamentos.com.br\\\/loja\\\/produto\\\/gerador-gas-095-kva-220v-branco-b2t-950\\\/#primaryimage\"},\"image\":{\"@id\":\"https:\\\/\\\/www.lojadeequipamentos.com.br\\\/loja\\\/produto\\\/gerador-gas-095-kva-220v-branco-b2t-950\\\/#primaryimage\"},\"thumbnailUrl\":\"https:\\\/\\\/www.lojadeequipamentos.com.br\\\/loja\\\/wp-content\\\/uploads\\\/2020\\\/08\\\/Gerador-B2T-950.png\",\"datePublished\":\"2020-08-22T04:00:58+00:00\",\"dateModified\":\"2020-12-21T00:51:33+00:00\",\"description\":\"Gerador Port\u00e1til Gasolina, 2T R$ 879,00 1,9 Cv Potencia Nominal 0,80 Kva 730W Partida Manual,Autonomia Media de 8h. Tanque de Comb. 4,5 Litros Tens\u00e3o 220V\",\"breadcrumb\":{\"@id\":\"https:\\\/\\\/www.lojadeequipamentos.com.br\\\/loja\\\/produto\\\/gerador-gas-095-kva-220v-branco-b2t-950\\\/#breadcrumb\"},\"inLanguage\":\"pt-BR\",\"potentialAction\":[{\"@type\":\"ReadAction\",\"target\":[\"https:\\\/\\\/www.lojadeequipamentos.com.br\\\/loja\\\/produto\\\/gerador-gas-095-kva-220v-branco-b2t-950\\\/\"]}]},{\"@type\":\"ImageObject\",\"inLanguage\":\"pt-BR\",\"@id\":\"https:\\\/\\\/www.lojadeequipamentos.com.br\\\/loja\\\/produto\\\/gerador-gas-095-kva-220v-branco-b2t-950\\\/#primaryimage\",\"url\":\"https:\\\/\\\/www.lojadeequipamentos.com.br\\\/loja\\\/wp-content\\\/uploads\\\/2020\\\/08\\\/Gerador-B2T-950.png\",\"contentUrl\":\"https:\\\/\\\/www.lojadeequipamentos.com.br\\\/loja\\\/wp-content\\\/uploads\\\/2020\\\/08\\\/Gerador-B2T-950.png\",\"width\":367,\"height\":356},{\"@type\":\"BreadcrumbList\",\"@id\":\"https:\\\/\\\/www.lojadeequipamentos.com.br\\\/loja\\\/produto\\\/gerador-gas-095-kva-220v-branco-b2t-950\\\/#breadcrumb\",\"itemListElement\":[{\"@type\":\"ListItem\",\"position\":1,\"name\":\"In\u00edcio\",\"item\":\"https:\\\/\\\/www.lojadeequipamentos.com.br\\\/loja\\\/\"},{\"@type\":\"ListItem\",\"position\":2,\"name\":\"Loja Virtual\",\"item\":\"https:\\\/\\\/www.lojadeequipamentos.com.br\\\/loja\\\/shop\\\/\"},{\"@type\":\"ListItem\",\"position\":3,\"name\":\"Gerador Gas. 0,95 Kva-220V \\\/ Branco B2T-950\"}]},{\"@type\":\"WebSite\",\"@id\":\"https:\\\/\\\/www.lojadeequipamentos.com.br\\\/loja\\\/#website\",\"url\":\"https:\\\/\\\/www.lojadeequipamentos.com.br\\\/loja\\\/\",\"name\":\"Loja de Equipamentos\",\"description\":\"\",\"potentialAction\":[{\"@type\":\"SearchAction\",\"target\":{\"@type\":\"EntryPoint\",\"urlTemplate\":\"https:\\\/\\\/www.lojadeequipamentos.com.br\\\/loja\\\/?s={search_term_string}\"},\"query-input\":{\"@type\":\"PropertyValueSpecification\",\"valueRequired\":true,\"valueName\":\"search_term_string\"}}],\"inLanguage\":\"pt-BR\"}]}<\/script>\n<!-- \/ Yoast SEO plugin. -->","yoast_head_json":{"title":"Gerador Gas. 0,95 Kva-220V \/ Branco B2T-950 - Loja de Equipamentos","description":"Gerador Port\u00e1til Gasolina, 2T R$ 879,00 1,9 Cv Potencia Nominal 0,80 Kva 730W Partida Manual,Autonomia Media de 8h. Tanque de Comb. 4,5 Litros Tens\u00e3o 220V","robots":{"index":"index","follow":"follow","max-snippet":"max-snippet:-1","max-image-preview":"max-image-preview:large","max-video-preview":"max-video-preview:-1"},"canonical":"https:\/\/www.lojadeequipamentos.com.br\/loja\/produto\/gerador-gas-095-kva-220v-branco-b2t-950\/","og_locale":"pt_BR","og_type":"article","og_title":"Gerador Gas. 0,95 Kva-220V \/ Branco B2T-950 - Loja de Equipamentos","og_description":"Gerador Port\u00e1til Gasolina, 2T R$ 879,00 1,9 Cv Potencia Nominal 0,80 Kva 730W Partida Manual,Autonomia Media de 8h. Tanque de Comb. 4,5 Litros Tens\u00e3o 220V","og_url":"https:\/\/www.lojadeequipamentos.com.br\/loja\/produto\/gerador-gas-095-kva-220v-branco-b2t-950\/","og_site_name":"Loja de Equipamentos","article_modified_time":"2020-12-21T00:51:33+00:00","og_image":[{"width":367,"height":356,"url":"https:\/\/www.lojadeequipamentos.com.br\/loja\/wp-content\/uploads\/2020\/08\/Gerador-B2T-950.png","type":"image\/png"}],"twitter_card":"summary_large_image","twitter_misc":{"Est. tempo de leitura":"1 minuto"},"schema":{"@context":"https:\/\/schema.org","@graph":[{"@type":"WebPage","@id":"https:\/\/www.lojadeequipamentos.com.br\/loja\/produto\/gerador-gas-095-kva-220v-branco-b2t-950\/","url":"https:\/\/www.lojadeequipamentos.com.br\/loja\/produto\/gerador-gas-095-kva-220v-branco-b2t-950\/","name":"Gerador Gas. 0,95 Kva-220V \/ Branco B2T-950 - Loja de Equipamentos","isPartOf":{"@id":"https:\/\/www.lojadeequipamentos.com.br\/loja\/#website"},"primaryImageOfPage":{"@id":"https:\/\/www.lojadeequipamentos.com.br\/loja\/produto\/gerador-gas-095-kva-220v-branco-b2t-950\/#primaryimage"},"image":{"@id":"https:\/\/www.lojadeequipamentos.com.br\/loja\/produto\/gerador-gas-095-kva-220v-branco-b2t-950\/#primaryimage"},"thumbnailUrl":"https:\/\/www.lojadeequipamentos.com.br\/loja\/wp-content\/uploads\/2020\/08\/Gerador-B2T-950.png","datePublished":"2020-08-22T04:00:58+00:00","dateModified":"2020-12-21T00:51:33+00:00","description":"Gerador Port\u00e1til Gasolina, 2T R$ 879,00 1,9 Cv Potencia Nominal 0,80 Kva 730W Partida Manual,Autonomia Media de 8h. Tanque de Comb. 4,5 Litros Tens\u00e3o 220V","breadcrumb":{"@id":"https:\/\/www.lojadeequipamentos.com.br\/loja\/produto\/gerador-gas-095-kva-220v-branco-b2t-950\/#breadcrumb"},"inLanguage":"pt-BR","potentialAction":[{"@type":"ReadAction","target":["https:\/\/www.lojadeequipamentos.com.br\/loja\/produto\/gerador-gas-095-kva-220v-branco-b2t-950\/"]}]},{"@type":"ImageObject","inLanguage":"pt-BR","@id":"https:\/\/www.lojadeequipamentos.com.br\/loja\/produto\/gerador-gas-095-kva-220v-branco-b2t-950\/#primaryimage","url":"https:\/\/www.lojadeequipamentos.com.br\/loja\/wp-content\/uploads\/2020\/08\/Gerador-B2T-950.png","contentUrl":"https:\/\/www.lojadeequipamentos.com.br\/loja\/wp-content\/uploads\/2020\/08\/Gerador-B2T-950.png","width":367,"height":356},{"@type":"BreadcrumbList","@id":"https:\/\/www.lojadeequipamentos.com.br\/loja\/produto\/gerador-gas-095-kva-220v-branco-b2t-950\/#breadcrumb","itemListElement":[{"@type":"ListItem","position":1,"name":"In\u00edcio","item":"https:\/\/www.lojadeequipamentos.com.br\/loja\/"},{"@type":"ListItem","position":2,"name":"Loja Virtual","item":"https:\/\/www.lojadeequipamentos.com.br\/loja\/shop\/"},{"@type":"ListItem","position":3,"name":"Gerador Gas. 0,95 Kva-220V \/ Branco B2T-950"}]},{"@type":"WebSite","@id":"https:\/\/www.lojadeequipamentos.com.br\/loja\/#website","url":"https:\/\/www.lojadeequipamentos.com.br\/loja\/","name":"Loja de Equipamentos","description":"","potentialAction":[{"@type":"SearchAction","target":{"@type":"EntryPoint","urlTemplate":"https:\/\/www.lojadeequipamentos.com.br\/loja\/?s={search_term_string}"},"query-input":{"@type":"PropertyValueSpecification","valueRequired":true,"valueName":"search_term_string"}}],"inLanguage":"pt-BR"}]}},"_links":{"self":[{"href":"https:\/\/www.lojadeequipamentos.com.br\/loja\/wp-json\/wp\/v2\/product\/4285","targetHints":{"allow":["GET"]}}],"collection":[{"href":"https:\/\/www.lojadeequipamentos.com.br\/loja\/wp-json\/wp\/v2\/product"}],"about":[{"href":"https:\/\/www.lojadeequipamentos.com.br\/loja\/wp-json\/wp\/v2\/types\/product"}],"replies":[{"embeddable":true,"href":"https:\/\/www.lojadeequipamentos.com.br\/loja\/wp-json\/wp\/v2\/comments?post=4285"}],"wp:featuredmedia":[{"embeddable":true,"href":"https:\/\/www.lojadeequipamentos.com.br\/loja\/wp-json\/wp\/v2\/media\/4262"}],"wp:attachment":[{"href":"https:\/\/www.lojadeequipamentos.com.br\/loja\/wp-json\/wp\/v2\/media?parent=4285"}],"wp:term":[{"taxonomy":"product_brand","embeddable":true,"href":"https:\/\/www.lojadeequipamentos.com.br\/loja\/wp-json\/wp\/v2\/product_brand?post=4285"},{"taxonomy":"product_cat","embeddable":true,"href":"https:\/\/www.lojadeequipamentos.com.br\/loja\/wp-json\/wp\/v2\/product_cat?post=4285"},{"taxonomy":"product_tag","embeddable":true,"href":"https:\/\/www.lojadeequipamentos.com.br\/loja\/wp-json\/wp\/v2\/product_tag?post=4285"}],"curies":[{"name":"wp","href":"https:\/\/api.w.org\/{rel}","templated":true}]}}