{"id":4274,"date":"2020-08-14T02:02:37","date_gmt":"2020-08-14T02:02:37","guid":{"rendered":"http:\/\/www.lojadeequipamentos.com.br\/loja\/?post_type=product&#038;p=4274"},"modified":"2020-12-21T01:16:17","modified_gmt":"2020-12-21T01:16:17","slug":"gerador-diesel-5cv-22kva-elet-branco-bd-2500e","status":"publish","type":"product","link":"https:\/\/www.lojadeequipamentos.com.br\/loja\/produto\/gerador-diesel-5cv-22kva-elet-branco-bd-2500e\/","title":{"rendered":"Gerador Diesel 5Cv-2,2Kva Elet. Branco BD-2500E"},"content":{"rendered":"<p><strong>Gerador Diesel 5 Cv - 2,2 Kva Partida Manual e El\u00e9trica \/ Branco BD-2500E<\/strong><\/p>\n<p>Gerador a Diesel 4 Tempos, com Chave Seletora podendo usar 110V ou 220V mas n\u00e3o Ambas ao mesmo Tempo; sempre dentro da Capacidade Nominal do Gerador, 01 Bateria, 01 Medidor de Voltagem e Disjuntor.<br \/>\nAplica\u00e7\u00e3o: Agricultura, Constru\u00e7\u00e3o Civil, Camping, Energia Emergencial, Prestadores de Servi\u00e7o, Resid\u00eancias entre Outros.<\/p>\n<p>O Combust\u00edvel necess\u00e1rio \u00e9 Diesel Comum(S-500) ou S10 de Melhor Rendimento.<br \/>\nObedecendo as Caracter\u00edsticas do \u00d3leo do Motor ser: SAE 5W-40<br \/>\nOBS: O uso de \u00d3leos de Motor Semi-Sint\u00e9ticos e Sint\u00e9ticos sempre resultar\u00e1 em Maior Desempenho a Altas Temperaturas, Economia de Combust\u00edvel, Redu\u00e7\u00e3o da Carboniza\u00e7\u00e3o Interna do Motor\/Componentes e Controle de Emiss\u00f5es de Poluentes.<br \/>\nO Combust\u00edvel Diesel S10 \u00e9 mais Eficiente. possui um Teor de Cetano que pode chegar a 48 contra 42 Diesel Comum (S-500); essa Subst\u00e2ncia Aumenta a Efici\u00eancia da Queima de Combust\u00edvel(combust\u00e3o),Menor Atraso da Igni\u00e7\u00e3o melhorando a Partida a Frio e Reduzindo a Fuma\u00e7a Branca no Escape. Outro Fator de Extrema Import\u00e2ncia \u00e9 Menor Teor de Enxofre de 10ppm contra 500ppm do Diesel Comum e a sua Capacidade Solvente de Sujeiras, devido a presen\u00e7a Maior de Hidrog\u00eanio.<br \/>\nRecomenda-se a utiliza\u00e7\u00e3o de \u00d3leo Diesel S-500(comum) em Geradores em Regime Stand-By de Opera\u00e7\u00e3o e o \u00d3leo Diesel S-10 em Geradores em Regime de Hor\u00e1rio de Ponta ou que Entrem em Opera\u00e7\u00e3o Frequentemente, a Vazio ou em Carga.<br \/>\n<strong>IMPORTANTE: <\/strong>O Gerador deve ser colocado em Opera\u00e7\u00e3o Semanalmente para Lubrifica\u00e7\u00e3o Interna do Motor e Sistema Injetor.<\/p>\n<p>Consequ\u00eancias do Diesel parado no Tanque segundo a ANP*<br \/>\nSurgimento de Part\u00edculas de \u00c1gua; Degrada\u00e7\u00e3o do Combust\u00edvel e suas Propriedades Qu\u00edmicas;<br \/>\nSurgimento de Sedimentos devido a Atividade Microbiana (borras); Degrada\u00e7\u00e3o das Paredes Internas de Tanques de Ferro pela A\u00e7\u00e3o da \u00c1gua;<br \/>\nDegrada\u00e7\u00e3o de Pe\u00e7as Internas do Motor que tem Contato com o Combust\u00edvel e Entupimento dos Filtros pela Borra e demais Sedimentos.<\/p>\n<p>Modelo:   BD-2500E<br \/>\nC\u00f3digo:   90304393<br \/>\nPartida:  Manual e El\u00e9trica<br \/>\nMotor:    5,0 cv<br \/>\nTipo de Combust\u00edvel:  Diesel<br \/>\nPot\u00eancia M\u00e1xima:  2,2 kVA<br \/>\nPot\u00eancia Cont\u00ednua:  2,0 kVA<br \/>\nTens\u00e3o de Sa\u00edda Principal:  220 V<br \/>\nTomada Auxiliar:  110 V<br \/>\nControle de Tens\u00e3o:  Capacitor \/ Sem Escova<br \/>\nBateria:  n\u00e3o<br \/>\nCarregador de Bateria:  12 V - 8,3 A<br \/>\nCapacidade do Tanque:  11 L<br \/>\nAutonomia (50% DE CARGA):  9h<br \/>\nFases:  monof\u00e1sico<br \/>\nbitola do fio recomendado(mm):  2,5<br \/>\nRu\u00eddo (7m):  77 dBA<br \/>\nSelo de Homologa\u00e7\u00e3o:  ISO 9001<br \/>\nDimens\u00f5es do Produto (CxLxA):  580 x 430 x 480 mm<br \/>\nPeso:  60 kg<br \/>\nGarantia: 03 Meses Uso Profissional e 06 Meses Uso Residencial <\/p>\n<p><strong>OBS: \u00c9 IMPRESCIND\u00cdVEL LER O MANUAL ANTES DO 1\u00b0 USO<\/strong><br \/>\nBranco Motores atua no Brasil desde 1936 com mais de 830 Assist\u00eancias T\u00e9cnicas em todo o Brasil.<br \/>\nImagens Meramente Ilustrativas<br \/>\nTodas as Informa\u00e7\u00f5es divulgadas s\u00e3o de Responsabilidade do Fabricante\/Fornecedor no Brasil<\/p>\n<p><strong>FAVOR ENTRAR EM CONTATO PARA COTA\u00c7\u00c3O DE FRETE<strong><\/p>\n<p>Visite nosso facebook: facebook\/lojadeequipamentos<\/p>\n","protected":false},"excerpt":{"rendered":"<strong>Gerador Diesel 5 Cv - 2,2 Kva Partida Manual e El\u00e9trica \/ Branco BD-2500E<\/strong>\r\n","protected":false},"featured_media":4160,"comment_status":"open","ping_status":"closed","template":"","meta":{"_links_to":"","_links_to_target":""},"product_brand":[],"product_cat":[3544],"product_tag":[3546,3547,3548,3549,3434,3306,3545,3582,3600,3588,3583,3601,3584,3586,3602,3585,3551,3550,3017,3352,3557,3314,3556,3554,3603,3555,3552,3598,3599,3553,3322,3604,3351,3595,3579,3596,3597,3605,3580,3560,3324,3561,3563,3562,3606,3565,3607,3326,3011,3331,3312,3332,3568,3608,3567,3569,3572,3570,3609,3571,3610,3611,3612,3577,3613,3578,3581,3593],"class_list":{"0":"post-4274","1":"product","2":"type-product","3":"status-publish","4":"has-post-thumbnail","6":"product_cat-gerador-branco","7":"product_tag-2-2-kva-diesel-gerador","8":"product_tag-2-2-kva-gerador","9":"product_tag-2-2-kva-gerador-diesel","10":"product_tag-2-2-kva-gerador-eletrico","11":"product_tag-4-tempos-gerador-diesel","12":"product_tag-4-tempos-gerador-eletrico","13":"product_tag-5-cv-gerador-eletrico-a-diesel","14":"product_tag-branco-2-2-kva-gerador-diesel","15":"product_tag-branco-bd-2500e","16":"product_tag-branco-diesel-gerador","17":"product_tag-branco-gerador","18":"product_tag-branco-gerador-bd-2500e","19":"product_tag-branco-gerador-diesel","20":"product_tag-branco-gerador-diesel-2-2-kva","21":"product_tag-branco-gerador-diesel-2500e","22":"product_tag-branco-gerador-diesel-5-cv","23":"product_tag-diesel-branco-gerador","24":"product_tag-diesel-gerador-branco","25":"product_tag-gerador-2","26":"product_tag-gerador-2-2-kva","27":"product_tag-gerador-2-2-kva-branco","28":"product_tag-gerador-2-2-kva-diesel","29":"product_tag-gerador-2-2-kva-diesel-branco","30":"product_tag-gerador-220-v-diesel","31":"product_tag-gerador-2500e-diesel","32":"product_tag-gerador-4-tempos-branco-gerador-2-kva-nominal","33":"product_tag-gerador-5-cv","34":"product_tag-gerador-5-cv-branco","35":"product_tag-gerador-5-cv-branco-diesel","36":"product_tag-gerador-5-cv-diesel","37":"product_tag-gerador-a-diesel","38":"product_tag-gerador-a-diesel-2500e-branco","39":"product_tag-gerador-a-diesel-de-partida-eletrica","40":"product_tag-gerador-branco-2-2-kva","41":"product_tag-gerador-branco-220-v","42":"product_tag-gerador-branco-5-cv","43":"product_tag-gerador-branco-5-cv-diesel","44":"product_tag-gerador-branco-bd-2500e","45":"product_tag-gerador-branco-diesel","46":"product_tag-gerador-de-energia-5-cv","47":"product_tag-gerador-de-energia-a-diesel-2-2-kva","48":"product_tag-gerador-de-energia-a-diesel-5-cv","49":"product_tag-gerador-de-energia-a-diesel-branco-de-2-2-kva","50":"product_tag-gerador-de-energia-a-diesel-branco-de-5-cv","51":"product_tag-gerador-de-energia-a-diesel-branco-mod-2500e","52":"product_tag-gerador-de-energia-branco-diesel","53":"product_tag-gerador-de-energia-branco-modelo-2500e","54":"product_tag-gerador-de-energia-de-2-2-kva","55":"product_tag-gerador-de-luz","56":"product_tag-gerador-de-luz-a-diesel","57":"product_tag-gerador-diesel","58":"product_tag-gerador-diesel-2-2-kva","59":"product_tag-gerador-diesel-220v","60":"product_tag-gerador-diesel-2500e-branco","61":"product_tag-gerador-diesel-5-cv","62":"product_tag-gerador-diesel-branco","63":"product_tag-gerador-diesel-branco-2-2-kva","64":"product_tag-gerador-diesel-branco-220-v","65":"product_tag-gerador-diesel-branco-2500e","66":"product_tag-gerador-diesel-branco-4-tempos","67":"product_tag-gerador-diesel-branco-bd-2500e","68":"product_tag-gerador-diesel-branco-mod-2500e","69":"product_tag-gerador-diesel-branco-modelo-2500e","70":"product_tag-gerador-diesel-branco-potencia-nominal-2-kva","71":"product_tag-gerador-diesel-partida-eletrica","72":"product_tag-gerador-eletrico-branco-220-v","73":"product_tag-gerador-monofasico","74":"product_tag-gerador-partida-manual","76":"first","77":"instock","78":"shipping-taxable","79":"purchasable","80":"product-type-simple"},"yoast_head":"<!-- This site is optimized with the Yoast SEO plugin v27.3 - https:\/\/yoast.com\/product\/yoast-seo-wordpress\/ -->\n<title>Gerador Diesel 5Cv-2,2Kva Elet. Branco BD-2500E - Loja de Equipamentos<\/title>\n<meta name=\"description\" content=\"Gerador Branco 5 Cv, 2,2 Kva Diesel R$ 4.059,00 Pot.Nominal 2 Kva Partida Manual e El\u00e9trica. Autonomia de 9h Tanque de Comb. 11 Litros 110V e 220V Monof\u00e1sico\" \/>\n<meta name=\"robots\" content=\"index, follow, max-snippet:-1, max-image-preview:large, max-video-preview:-1\" \/>\n<link rel=\"canonical\" href=\"https:\/\/www.lojadeequipamentos.com.br\/loja\/produto\/gerador-diesel-5cv-22kva-elet-branco-bd-2500e\/\" \/>\n<meta property=\"og:locale\" content=\"pt_BR\" \/>\n<meta property=\"og:type\" content=\"article\" \/>\n<meta property=\"og:title\" content=\"Gerador Diesel 5Cv-2,2Kva Elet. Branco BD-2500E - Loja de Equipamentos\" \/>\n<meta property=\"og:description\" content=\"Gerador Branco 5 Cv, 2,2 Kva Diesel R$ 4.059,00 Pot.Nominal 2 Kva Partida Manual e El\u00e9trica. Autonomia de 9h Tanque de Comb. 11 Litros 110V e 220V Monof\u00e1sico\" \/>\n<meta property=\"og:url\" content=\"https:\/\/www.lojadeequipamentos.com.br\/loja\/produto\/gerador-diesel-5cv-22kva-elet-branco-bd-2500e\/\" \/>\n<meta property=\"og:site_name\" content=\"Loja de Equipamentos\" \/>\n<meta property=\"article:modified_time\" content=\"2020-12-21T01:16:17+00:00\" \/>\n<meta property=\"og:image\" content=\"https:\/\/www.lojadeequipamentos.com.br\/loja\/wp-content\/uploads\/2020\/08\/Gerador-BD-2500-e-E.png\" \/>\n\t<meta property=\"og:image:width\" content=\"345\" \/>\n\t<meta property=\"og:image:height\" content=\"322\" \/>\n\t<meta property=\"og:image:type\" content=\"image\/png\" \/>\n<meta name=\"twitter:card\" content=\"summary_large_image\" \/>\n<meta name=\"twitter:label1\" content=\"Est. tempo de leitura\" \/>\n\t<meta name=\"twitter:data1\" content=\"2 minutos\" \/>\n<script type=\"application\/ld+json\" class=\"yoast-schema-graph\">{\"@context\":\"https:\\\/\\\/schema.org\",\"@graph\":[{\"@type\":\"WebPage\",\"@id\":\"https:\\\/\\\/www.lojadeequipamentos.com.br\\\/loja\\\/produto\\\/gerador-diesel-5cv-22kva-elet-branco-bd-2500e\\\/\",\"url\":\"https:\\\/\\\/www.lojadeequipamentos.com.br\\\/loja\\\/produto\\\/gerador-diesel-5cv-22kva-elet-branco-bd-2500e\\\/\",\"name\":\"Gerador Diesel 5Cv-2,2Kva Elet. Branco BD-2500E - Loja de Equipamentos\",\"isPartOf\":{\"@id\":\"https:\\\/\\\/www.lojadeequipamentos.com.br\\\/loja\\\/#website\"},\"primaryImageOfPage\":{\"@id\":\"https:\\\/\\\/www.lojadeequipamentos.com.br\\\/loja\\\/produto\\\/gerador-diesel-5cv-22kva-elet-branco-bd-2500e\\\/#primaryimage\"},\"image\":{\"@id\":\"https:\\\/\\\/www.lojadeequipamentos.com.br\\\/loja\\\/produto\\\/gerador-diesel-5cv-22kva-elet-branco-bd-2500e\\\/#primaryimage\"},\"thumbnailUrl\":\"https:\\\/\\\/www.lojadeequipamentos.com.br\\\/loja\\\/wp-content\\\/uploads\\\/2020\\\/08\\\/Gerador-BD-2500-e-E.png\",\"datePublished\":\"2020-08-14T02:02:37+00:00\",\"dateModified\":\"2020-12-21T01:16:17+00:00\",\"description\":\"Gerador Branco 5 Cv, 2,2 Kva Diesel R$ 4.059,00 Pot.Nominal 2 Kva Partida Manual e El\u00e9trica. Autonomia de 9h Tanque de Comb. 11 Litros 110V e 220V Monof\u00e1sico\",\"breadcrumb\":{\"@id\":\"https:\\\/\\\/www.lojadeequipamentos.com.br\\\/loja\\\/produto\\\/gerador-diesel-5cv-22kva-elet-branco-bd-2500e\\\/#breadcrumb\"},\"inLanguage\":\"pt-BR\",\"potentialAction\":[{\"@type\":\"ReadAction\",\"target\":[\"https:\\\/\\\/www.lojadeequipamentos.com.br\\\/loja\\\/produto\\\/gerador-diesel-5cv-22kva-elet-branco-bd-2500e\\\/\"]}]},{\"@type\":\"ImageObject\",\"inLanguage\":\"pt-BR\",\"@id\":\"https:\\\/\\\/www.lojadeequipamentos.com.br\\\/loja\\\/produto\\\/gerador-diesel-5cv-22kva-elet-branco-bd-2500e\\\/#primaryimage\",\"url\":\"https:\\\/\\\/www.lojadeequipamentos.com.br\\\/loja\\\/wp-content\\\/uploads\\\/2020\\\/08\\\/Gerador-BD-2500-e-E.png\",\"contentUrl\":\"https:\\\/\\\/www.lojadeequipamentos.com.br\\\/loja\\\/wp-content\\\/uploads\\\/2020\\\/08\\\/Gerador-BD-2500-e-E.png\",\"width\":345,\"height\":322},{\"@type\":\"BreadcrumbList\",\"@id\":\"https:\\\/\\\/www.lojadeequipamentos.com.br\\\/loja\\\/produto\\\/gerador-diesel-5cv-22kva-elet-branco-bd-2500e\\\/#breadcrumb\",\"itemListElement\":[{\"@type\":\"ListItem\",\"position\":1,\"name\":\"In\u00edcio\",\"item\":\"https:\\\/\\\/www.lojadeequipamentos.com.br\\\/loja\\\/\"},{\"@type\":\"ListItem\",\"position\":2,\"name\":\"Loja Virtual\",\"item\":\"https:\\\/\\\/www.lojadeequipamentos.com.br\\\/loja\\\/shop\\\/\"},{\"@type\":\"ListItem\",\"position\":3,\"name\":\"Gerador Diesel 5Cv-2,2Kva Elet. Branco BD-2500E\"}]},{\"@type\":\"WebSite\",\"@id\":\"https:\\\/\\\/www.lojadeequipamentos.com.br\\\/loja\\\/#website\",\"url\":\"https:\\\/\\\/www.lojadeequipamentos.com.br\\\/loja\\\/\",\"name\":\"Loja de Equipamentos\",\"description\":\"\",\"potentialAction\":[{\"@type\":\"SearchAction\",\"target\":{\"@type\":\"EntryPoint\",\"urlTemplate\":\"https:\\\/\\\/www.lojadeequipamentos.com.br\\\/loja\\\/?s={search_term_string}\"},\"query-input\":{\"@type\":\"PropertyValueSpecification\",\"valueRequired\":true,\"valueName\":\"search_term_string\"}}],\"inLanguage\":\"pt-BR\"}]}<\/script>\n<!-- \/ Yoast SEO plugin. -->","yoast_head_json":{"title":"Gerador Diesel 5Cv-2,2Kva Elet. Branco BD-2500E - Loja de Equipamentos","description":"Gerador Branco 5 Cv, 2,2 Kva Diesel R$ 4.059,00 Pot.Nominal 2 Kva Partida Manual e El\u00e9trica. Autonomia de 9h Tanque de Comb. 11 Litros 110V e 220V Monof\u00e1sico","robots":{"index":"index","follow":"follow","max-snippet":"max-snippet:-1","max-image-preview":"max-image-preview:large","max-video-preview":"max-video-preview:-1"},"canonical":"https:\/\/www.lojadeequipamentos.com.br\/loja\/produto\/gerador-diesel-5cv-22kva-elet-branco-bd-2500e\/","og_locale":"pt_BR","og_type":"article","og_title":"Gerador Diesel 5Cv-2,2Kva Elet. Branco BD-2500E - Loja de Equipamentos","og_description":"Gerador Branco 5 Cv, 2,2 Kva Diesel R$ 4.059,00 Pot.Nominal 2 Kva Partida Manual e El\u00e9trica. Autonomia de 9h Tanque de Comb. 11 Litros 110V e 220V Monof\u00e1sico","og_url":"https:\/\/www.lojadeequipamentos.com.br\/loja\/produto\/gerador-diesel-5cv-22kva-elet-branco-bd-2500e\/","og_site_name":"Loja de Equipamentos","article_modified_time":"2020-12-21T01:16:17+00:00","og_image":[{"width":345,"height":322,"url":"https:\/\/www.lojadeequipamentos.com.br\/loja\/wp-content\/uploads\/2020\/08\/Gerador-BD-2500-e-E.png","type":"image\/png"}],"twitter_card":"summary_large_image","twitter_misc":{"Est. tempo de leitura":"2 minutos"},"schema":{"@context":"https:\/\/schema.org","@graph":[{"@type":"WebPage","@id":"https:\/\/www.lojadeequipamentos.com.br\/loja\/produto\/gerador-diesel-5cv-22kva-elet-branco-bd-2500e\/","url":"https:\/\/www.lojadeequipamentos.com.br\/loja\/produto\/gerador-diesel-5cv-22kva-elet-branco-bd-2500e\/","name":"Gerador Diesel 5Cv-2,2Kva Elet. Branco BD-2500E - Loja de Equipamentos","isPartOf":{"@id":"https:\/\/www.lojadeequipamentos.com.br\/loja\/#website"},"primaryImageOfPage":{"@id":"https:\/\/www.lojadeequipamentos.com.br\/loja\/produto\/gerador-diesel-5cv-22kva-elet-branco-bd-2500e\/#primaryimage"},"image":{"@id":"https:\/\/www.lojadeequipamentos.com.br\/loja\/produto\/gerador-diesel-5cv-22kva-elet-branco-bd-2500e\/#primaryimage"},"thumbnailUrl":"https:\/\/www.lojadeequipamentos.com.br\/loja\/wp-content\/uploads\/2020\/08\/Gerador-BD-2500-e-E.png","datePublished":"2020-08-14T02:02:37+00:00","dateModified":"2020-12-21T01:16:17+00:00","description":"Gerador Branco 5 Cv, 2,2 Kva Diesel R$ 4.059,00 Pot.Nominal 2 Kva Partida Manual e El\u00e9trica. Autonomia de 9h Tanque de Comb. 11 Litros 110V e 220V Monof\u00e1sico","breadcrumb":{"@id":"https:\/\/www.lojadeequipamentos.com.br\/loja\/produto\/gerador-diesel-5cv-22kva-elet-branco-bd-2500e\/#breadcrumb"},"inLanguage":"pt-BR","potentialAction":[{"@type":"ReadAction","target":["https:\/\/www.lojadeequipamentos.com.br\/loja\/produto\/gerador-diesel-5cv-22kva-elet-branco-bd-2500e\/"]}]},{"@type":"ImageObject","inLanguage":"pt-BR","@id":"https:\/\/www.lojadeequipamentos.com.br\/loja\/produto\/gerador-diesel-5cv-22kva-elet-branco-bd-2500e\/#primaryimage","url":"https:\/\/www.lojadeequipamentos.com.br\/loja\/wp-content\/uploads\/2020\/08\/Gerador-BD-2500-e-E.png","contentUrl":"https:\/\/www.lojadeequipamentos.com.br\/loja\/wp-content\/uploads\/2020\/08\/Gerador-BD-2500-e-E.png","width":345,"height":322},{"@type":"BreadcrumbList","@id":"https:\/\/www.lojadeequipamentos.com.br\/loja\/produto\/gerador-diesel-5cv-22kva-elet-branco-bd-2500e\/#breadcrumb","itemListElement":[{"@type":"ListItem","position":1,"name":"In\u00edcio","item":"https:\/\/www.lojadeequipamentos.com.br\/loja\/"},{"@type":"ListItem","position":2,"name":"Loja Virtual","item":"https:\/\/www.lojadeequipamentos.com.br\/loja\/shop\/"},{"@type":"ListItem","position":3,"name":"Gerador Diesel 5Cv-2,2Kva Elet. Branco BD-2500E"}]},{"@type":"WebSite","@id":"https:\/\/www.lojadeequipamentos.com.br\/loja\/#website","url":"https:\/\/www.lojadeequipamentos.com.br\/loja\/","name":"Loja de Equipamentos","description":"","potentialAction":[{"@type":"SearchAction","target":{"@type":"EntryPoint","urlTemplate":"https:\/\/www.lojadeequipamentos.com.br\/loja\/?s={search_term_string}"},"query-input":{"@type":"PropertyValueSpecification","valueRequired":true,"valueName":"search_term_string"}}],"inLanguage":"pt-BR"}]}},"_links":{"self":[{"href":"https:\/\/www.lojadeequipamentos.com.br\/loja\/wp-json\/wp\/v2\/product\/4274","targetHints":{"allow":["GET"]}}],"collection":[{"href":"https:\/\/www.lojadeequipamentos.com.br\/loja\/wp-json\/wp\/v2\/product"}],"about":[{"href":"https:\/\/www.lojadeequipamentos.com.br\/loja\/wp-json\/wp\/v2\/types\/product"}],"replies":[{"embeddable":true,"href":"https:\/\/www.lojadeequipamentos.com.br\/loja\/wp-json\/wp\/v2\/comments?post=4274"}],"wp:featuredmedia":[{"embeddable":true,"href":"https:\/\/www.lojadeequipamentos.com.br\/loja\/wp-json\/wp\/v2\/media\/4160"}],"wp:attachment":[{"href":"https:\/\/www.lojadeequipamentos.com.br\/loja\/wp-json\/wp\/v2\/media?parent=4274"}],"wp:term":[{"taxonomy":"product_brand","embeddable":true,"href":"https:\/\/www.lojadeequipamentos.com.br\/loja\/wp-json\/wp\/v2\/product_brand?post=4274"},{"taxonomy":"product_cat","embeddable":true,"href":"https:\/\/www.lojadeequipamentos.com.br\/loja\/wp-json\/wp\/v2\/product_cat?post=4274"},{"taxonomy":"product_tag","embeddable":true,"href":"https:\/\/www.lojadeequipamentos.com.br\/loja\/wp-json\/wp\/v2\/product_tag?post=4274"}],"curies":[{"name":"wp","href":"https:\/\/api.w.org\/{rel}","templated":true}]}}