{"id":4073,"date":"2020-08-12T01:53:52","date_gmt":"2020-08-12T01:53:52","guid":{"rendered":"http:\/\/www.lojadeequipamentos.com.br\/loja\/?post_type=product&#038;p=4073"},"modified":"2020-12-21T00:00:40","modified_gmt":"2020-12-21T00:00:40","slug":"gerador-diesel-10hp-55kva-380t-matsuyama-6500","status":"publish","type":"product","link":"https:\/\/www.lojadeequipamentos.com.br\/loja\/produto\/gerador-diesel-10hp-55kva-380t-matsuyama-6500\/","title":{"rendered":"Gerador Diesel 10HP-5,5Kva 380T. Matsuyama 6500"},"content":{"rendered":"<p><strong>Gerador Diesel 10 HP-5,5 Kva 380V Trif\u00e1sico El\u00e9trico Matsuyama 6500<\/strong><\/p>\n<p>Estrutura Externa Confeccionado em Tubo Galvanizado com Pintura a \u00d3leo, Partida Manual e Partida El\u00e9trica, Cal\u00e7os em Borracha Anti Vibra\u00e7\u00e3o, Tanque de Combust\u00edvel Confeccionado em Chapa Galvanizada com tratamento Interno Anti-Corros\u00e3o com  Capacidade de 12,5 Litros e Autonomia M\u00e9dia de Uso de 5 Horas e 45 Minutos. Bateria Inclusa, Regulador de Tens\u00e3o por AVR (Regulador Autom\u00e1tico de Tens\u00e3o, tendo a fun\u00e7\u00e3o de manter a Tens\u00e3o de Sa\u00edda do Gerador sempre constante, independente das Oscila\u00e7\u00f5es de Carga e Rota\u00e7\u00e3o, dentro dos patamares corretos do Gerador), 01 Medidor de Voltagem, Equipamento de Tens\u00e3o de Sa\u00edda de 380V Trif\u00e1sico e 220V Mono com Pot\u00eancia Nominal de 5 KVA, A Corrente Nominal \u00e9 de: 380V Trif\u00e1sico de 9,5 Amperes. Carregador de Baterias de 12V com Corrente de Carga de 8,3 Amperes, Gerador recomend\u00e1vel par uso Campestre, Uso em Pescarias c\/ Refrigeradores, Uso Dom\u00e9stico Pontual, Uso Emergencial, Uso Comercial para Auxilio de Ilumina\u00e7\u00f5es e Equipamentos de dentro da Capacidade Nominal do Gerador.<br \/>\nO Combust\u00edvel necess\u00e1rio \u00e9 Diesel Comum(S-500) ou S10 de Melhor Rendimento.<br \/>\nObedecendo as Caracter\u00edsticas do \u00d3leo do Motor ser: SAE 5W-40<br \/>\nOBS: O uso de \u00d3leos de Motor Semi-Sint\u00e9ticos e Sint\u00e9ticos sempre resultar\u00e1 em Maior Desempenho a Altas Temperaturas, Economia de Combust\u00edvel, Redu\u00e7\u00e3o da Carboniza\u00e7\u00e3o Interna do Motor\/Componentes e Controle de Emiss\u00f5es de Poluentes.<br \/>\nO Combust\u00edvel Diesel S10 \u00e9 mais Eficiente. possui um Teor de Cetano que pode chegar a 48 contra 42 Diesel Comum (S-500); essa Subst\u00e2ncia Aumenta a Efici\u00eancia da Queima de Combust\u00edvel(combust\u00e3o),Menor Atraso da Igni\u00e7\u00e3o melhorando a Partida a Frio e Reduzindo a Fuma\u00e7a Branca no Escape. Outro Fator de Extrema Import\u00e2ncia \u00e9 Menor Teor de Enxofre de 10ppm contra 500ppm do Diesel Comum e a sua Capacidade Solvente de Sujeiras, devido a presen\u00e7a Maior de Hidrog\u00eanio.<br \/>\nRecomenda-se a utiliza\u00e7\u00e3o de \u00d3leo Diesel S-500(comum) em Geradores em Regime Stand-By de Opera\u00e7\u00e3o e o \u00d3leo Diesel S-10 em Geradores em Regime de Hor\u00e1rio de Ponta ou que Entrem em Opera\u00e7\u00e3o Frequentemente, a Vazio ou em Carga.<br \/>\nIMPORTANTE: O Gerador deve ser colocado em Opera\u00e7\u00e3o Semanalmente para Lubrifica\u00e7\u00e3o Interna do Motor e Sistema Injetor.<\/p>\n<p>Consequ\u00eancias do Diesel parado no Tanque segundo a ANP*<br \/>\nSurgimento de Part\u00edculas de \u00c1gua; Degrada\u00e7\u00e3o do Combust\u00edvel e suas Propriedades Qu\u00edmicas;<br \/>\nSurgimento de Sedimentos devido a Atividade Microbiana (borras); Degrada\u00e7\u00e3o das Paredes Internas de Tanques de Ferro pela A\u00e7\u00e3o da \u00c1gua;<br \/>\nDegrada\u00e7\u00e3o de Pe\u00e7as Internas do Motor que tem Contato com o Combust\u00edvel e Entupimento dos Filtros pela Borra e demais Sedimentos.<\/p>\n<p>DADOS T\u00c9CNICOS:\t             Mod. 272329<br \/>\nTens\u00e3o de sa\u00edda:      380V Trif\u00e1sico e 220V Mono<br \/>\nRegulador de tens\u00e3o:\t         AVR<br \/>\nFrequ\u00eancia:\t                60 Hz<br \/>\nFator de pot\u00eancia:\t        COS=1<br \/>\nPot\u00eancia de partida:\t       5,5 KVA<br \/>\nPot\u00eancia nominal:\t        5 KVA<br \/>\nCorrente nominal:\t        9,5 A<br \/>\nCarregador de bateria:\t     12V - 8,3A<br \/>\nCombust\u00edvel:\t               Diesel<br \/>\nCapacidade do tanque:\t       12,5 L<br \/>\nConsumo de combust\u00edvel:\t    2,18L\/P-Hora<br \/>\nSistema de partida:\t   Manual\/ El\u00e9trico<br \/>\nN\u00edvel de ru\u00eddo:\t\t    79 Db(A)-(7M)<br \/>\nDimens\u00f5es: (C x L x A)\t  710 X 495 X 620 mm<br \/>\nPeso:\t                       100 kg\t         <\/p>\n<p>MOTOR<br \/>\nPot\u00eancia:\t                 10HP<br \/>\nRefrigera\u00e7\u00e3o:\t                  AR<br \/>\nCilindradas:\t                 418cc<br \/>\nRota\u00e7\u00e3o m\u00e1xima:\t               3600 rpm<br \/>\nFiltro de ar:\t               Tipo seco<br \/>\nQuantidade de \u00f3leo lubrificante: 1,65L<br \/>\nTipo de \u00f3leo:\t               SAE 5W-40<br \/>\nSensor de \u00f3leo:\t                  Sim<br \/>\n<br \/>\n<strong>FAVOR ENTRAR EM CONTATO PARA COTA\u00c7\u00c3O DE FRETE<\/strong><br \/>\n<br \/>\n<a href=\"https:\/\/api.whatsapp.com\/send?phone=5521964144201\"><img loading=\"lazy\" decoding=\"async\" class=\"alignnone size-full wp-image-4307\" alt=\"botao_whatsapp\" src=\"http:\/\/www.lojadeequipamentos.com.br\/loja\/wp-content\/uploads\/2020\/08\/botao_whatsapp.png\" width=\"226\" height=\"82\" \/><\/a><\/p>\n","protected":false},"excerpt":{"rendered":"<strong>Gerador Diesel 10 HP-5,5 Kva 380V Trif\u00e1sico El\u00e9trico Matsuyama 6500<\/strong>\r\n","protected":false},"featured_media":3997,"comment_status":"open","ping_status":"closed","template":"","meta":{"_links_to":"","_links_to_target":""},"product_brand":[],"product_cat":[3010],"product_tag":[3535,3434,3306,3536,3537,3435,3438,3310,3311,3017,3533,3538,3524,3084,3400,3401,3402,3403,3404,3539,3322,3407,3351,3540,3541,3430,3542,3411,3413,3414,3327,3288,3011,3331,3312,3543,3525,3321,3415,3334,3526,3436,3431,3432,3418,3419,3420,3421,3422,3527,3528,3339,3448,3423,3068,3345,3495,3424,3425,3534],"class_list":{"0":"post-4073","1":"product","2":"type-product","3":"status-publish","4":"has-post-thumbnail","6":"product_cat-gerador","7":"product_tag-10-hp-gerador-eletrico-a-diesel","8":"product_tag-4-tempos-gerador-diesel","9":"product_tag-4-tempos-gerador-eletrico","10":"product_tag-5-5-kva-diesel-gerador","11":"product_tag-5-5-kva-gerador","12":"product_tag-5-5-kva-gerador-diesel","13":"product_tag-5-5-kva-gerador-eletrico","14":"product_tag-diesel-gerador-matsuyama","15":"product_tag-diesel-matsuyama-gerador","16":"product_tag-gerador-2","17":"product_tag-gerador-10-hp","18":"product_tag-gerador-10-hp-diesel","19":"product_tag-gerador-380-trif-diesel","20":"product_tag-gerador-4-tempos-matsuyama","21":"product_tag-gerador-5-kva-nominal","22":"product_tag-gerador-5-5-kva","23":"product_tag-gerador-5-5-kva-diesel","24":"product_tag-gerador-5-5-kva-diesel-matsuyama","25":"product_tag-gerador-5-5-kva-matsuyama","26":"product_tag-gerador-6500-diesel","27":"product_tag-gerador-a-diesel","28":"product_tag-gerador-a-diesel-6500-matsuyama","29":"product_tag-gerador-a-diesel-de-partida-eletrica","30":"product_tag-gerador-de-energia-10-hp","31":"product_tag-gerador-de-energia-a-diesel-10-hp","32":"product_tag-gerador-de-energia-a-diesel-5-5-kva","33":"product_tag-gerador-de-energia-a-diesel-matsuyama-de-10-hp","34":"product_tag-gerador-de-energia-a-diesel-matsuyama-de-5-5-kva","35":"product_tag-gerador-de-energia-a-diesel-matsuyama-mod-6500","36":"product_tag-gerador-de-energia-de-5-5-kva","37":"product_tag-gerador-de-energia-matsuyama-a-diesel","38":"product_tag-gerador-de-energia-matsuyama-modelo-6500","39":"product_tag-gerador-de-luz","40":"product_tag-gerador-de-luz-a-diesel","41":"product_tag-gerador-diesel","42":"product_tag-gerador-diesel-10-hp","43":"product_tag-gerador-diesel-380-trif","44":"product_tag-gerador-diesel-4-tempos","45":"product_tag-gerador-diesel-5-5-kva","46":"product_tag-gerador-diesel-matsuyama","47":"product_tag-gerador-diesel-matsuyama-380-trif","48":"product_tag-gerador-diesel-matsuyama-4-tempos","49":"product_tag-gerador-diesel-matsuyama-5-5-kva","50":"product_tag-gerador-diesel-matsuyama-6500","51":"product_tag-gerador-diesel-matsuyama-mod-6500","52":"product_tag-gerador-diesel-matsuyama-modelo-6500","53":"product_tag-gerador-diesel-modelo-6500","54":"product_tag-gerador-diesel-modelo-6500-matsuyama","55":"product_tag-gerador-diesel-potencia-nominal-5-kva","56":"product_tag-gerador-eletrico-380-trifasico","57":"product_tag-gerador-matsuyama-380-trif","58":"product_tag-gerador-matsuyama-diesel","59":"product_tag-gerador-trifasico","60":"product_tag-matsuyama-5-5-kva-gerador-diesel","61":"product_tag-matsuyama-gerador-4-tempos","62":"product_tag-matsuyama-gerador-diesel","63":"product_tag-matsuyama-gerador-diesel-10-hp","64":"product_tag-matsuyama-gerador-diesel-5-5-kva","65":"product_tag-matsuyama-gerador-diesel-6500","66":"product_tag-mitsuyama-gerador-4-tempos","68":"first","69":"instock","70":"shipping-taxable","71":"purchasable","72":"product-type-simple"},"yoast_head":"<!-- This site is optimized with the Yoast SEO plugin v27.3 - https:\/\/yoast.com\/product\/yoast-seo-wordpress\/ -->\n<title>Gerador Diesel 10HP-5,5Kva 380T. Matsuyama 6500 - Loja de Equipamentos<\/title>\n<meta name=\"description\" content=\"Gerador 10HP, 5,5 Kva, Diesel, 4T, R$ 4.631,00 Pot.Nom. 5 Kva, Part.Manual\/El\u00e9trica. Auton. de 5h45min., Tanq.de Combust\u00edvel 12,5 Litros, 380V Trif\u00e1sico \/220V Mono\" \/>\n<meta name=\"robots\" content=\"index, follow, max-snippet:-1, max-image-preview:large, max-video-preview:-1\" \/>\n<link rel=\"canonical\" href=\"https:\/\/www.lojadeequipamentos.com.br\/loja\/produto\/gerador-diesel-10hp-55kva-380t-matsuyama-6500\/\" \/>\n<meta property=\"og:locale\" content=\"pt_BR\" \/>\n<meta property=\"og:type\" content=\"article\" \/>\n<meta property=\"og:title\" content=\"Gerador Diesel 10HP-5,5Kva 380T. Matsuyama 6500 - Loja de Equipamentos\" \/>\n<meta property=\"og:description\" content=\"Gerador 10HP, 5,5 Kva, Diesel, 4T, R$ 4.631,00 Pot.Nom. 5 Kva, Part.Manual\/El\u00e9trica. Auton. de 5h45min., Tanq.de Combust\u00edvel 12,5 Litros, 380V Trif\u00e1sico \/220V Mono\" \/>\n<meta property=\"og:url\" content=\"https:\/\/www.lojadeequipamentos.com.br\/loja\/produto\/gerador-diesel-10hp-55kva-380t-matsuyama-6500\/\" \/>\n<meta property=\"og:site_name\" content=\"Loja de Equipamentos\" \/>\n<meta property=\"article:modified_time\" content=\"2020-12-21T00:00:40+00:00\" \/>\n<meta property=\"og:image\" content=\"https:\/\/www.lojadeequipamentos.com.br\/loja\/wp-content\/uploads\/2020\/08\/Gerador-6500-T-D.jpg\" \/>\n\t<meta property=\"og:image:width\" content=\"1000\" \/>\n\t<meta property=\"og:image:height\" content=\"1000\" \/>\n\t<meta property=\"og:image:type\" content=\"image\/jpeg\" \/>\n<meta name=\"twitter:card\" content=\"summary_large_image\" \/>\n<meta name=\"twitter:label1\" content=\"Est. tempo de leitura\" \/>\n\t<meta name=\"twitter:data1\" content=\"3 minutos\" \/>\n<script type=\"application\/ld+json\" class=\"yoast-schema-graph\">{\"@context\":\"https:\\\/\\\/schema.org\",\"@graph\":[{\"@type\":\"WebPage\",\"@id\":\"https:\\\/\\\/www.lojadeequipamentos.com.br\\\/loja\\\/produto\\\/gerador-diesel-10hp-55kva-380t-matsuyama-6500\\\/\",\"url\":\"https:\\\/\\\/www.lojadeequipamentos.com.br\\\/loja\\\/produto\\\/gerador-diesel-10hp-55kva-380t-matsuyama-6500\\\/\",\"name\":\"Gerador Diesel 10HP-5,5Kva 380T. Matsuyama 6500 - Loja de Equipamentos\",\"isPartOf\":{\"@id\":\"https:\\\/\\\/www.lojadeequipamentos.com.br\\\/loja\\\/#website\"},\"primaryImageOfPage\":{\"@id\":\"https:\\\/\\\/www.lojadeequipamentos.com.br\\\/loja\\\/produto\\\/gerador-diesel-10hp-55kva-380t-matsuyama-6500\\\/#primaryimage\"},\"image\":{\"@id\":\"https:\\\/\\\/www.lojadeequipamentos.com.br\\\/loja\\\/produto\\\/gerador-diesel-10hp-55kva-380t-matsuyama-6500\\\/#primaryimage\"},\"thumbnailUrl\":\"https:\\\/\\\/www.lojadeequipamentos.com.br\\\/loja\\\/wp-content\\\/uploads\\\/2020\\\/08\\\/Gerador-6500-T-D.jpg\",\"datePublished\":\"2020-08-12T01:53:52+00:00\",\"dateModified\":\"2020-12-21T00:00:40+00:00\",\"description\":\"Gerador 10HP, 5,5 Kva, Diesel, 4T, R$ 4.631,00 Pot.Nom. 5 Kva, Part.Manual\\\/El\u00e9trica. Auton. de 5h45min., Tanq.de Combust\u00edvel 12,5 Litros, 380V Trif\u00e1sico \\\/220V Mono\",\"breadcrumb\":{\"@id\":\"https:\\\/\\\/www.lojadeequipamentos.com.br\\\/loja\\\/produto\\\/gerador-diesel-10hp-55kva-380t-matsuyama-6500\\\/#breadcrumb\"},\"inLanguage\":\"pt-BR\",\"potentialAction\":[{\"@type\":\"ReadAction\",\"target\":[\"https:\\\/\\\/www.lojadeequipamentos.com.br\\\/loja\\\/produto\\\/gerador-diesel-10hp-55kva-380t-matsuyama-6500\\\/\"]}]},{\"@type\":\"ImageObject\",\"inLanguage\":\"pt-BR\",\"@id\":\"https:\\\/\\\/www.lojadeequipamentos.com.br\\\/loja\\\/produto\\\/gerador-diesel-10hp-55kva-380t-matsuyama-6500\\\/#primaryimage\",\"url\":\"https:\\\/\\\/www.lojadeequipamentos.com.br\\\/loja\\\/wp-content\\\/uploads\\\/2020\\\/08\\\/Gerador-6500-T-D.jpg\",\"contentUrl\":\"https:\\\/\\\/www.lojadeequipamentos.com.br\\\/loja\\\/wp-content\\\/uploads\\\/2020\\\/08\\\/Gerador-6500-T-D.jpg\",\"width\":1000,\"height\":1000},{\"@type\":\"BreadcrumbList\",\"@id\":\"https:\\\/\\\/www.lojadeequipamentos.com.br\\\/loja\\\/produto\\\/gerador-diesel-10hp-55kva-380t-matsuyama-6500\\\/#breadcrumb\",\"itemListElement\":[{\"@type\":\"ListItem\",\"position\":1,\"name\":\"In\u00edcio\",\"item\":\"https:\\\/\\\/www.lojadeequipamentos.com.br\\\/loja\\\/\"},{\"@type\":\"ListItem\",\"position\":2,\"name\":\"Loja Virtual\",\"item\":\"https:\\\/\\\/www.lojadeequipamentos.com.br\\\/loja\\\/shop\\\/\"},{\"@type\":\"ListItem\",\"position\":3,\"name\":\"Gerador Diesel 10HP-5,5Kva 380T. Matsuyama 6500\"}]},{\"@type\":\"WebSite\",\"@id\":\"https:\\\/\\\/www.lojadeequipamentos.com.br\\\/loja\\\/#website\",\"url\":\"https:\\\/\\\/www.lojadeequipamentos.com.br\\\/loja\\\/\",\"name\":\"Loja de Equipamentos\",\"description\":\"\",\"potentialAction\":[{\"@type\":\"SearchAction\",\"target\":{\"@type\":\"EntryPoint\",\"urlTemplate\":\"https:\\\/\\\/www.lojadeequipamentos.com.br\\\/loja\\\/?s={search_term_string}\"},\"query-input\":{\"@type\":\"PropertyValueSpecification\",\"valueRequired\":true,\"valueName\":\"search_term_string\"}}],\"inLanguage\":\"pt-BR\"}]}<\/script>\n<!-- \/ Yoast SEO plugin. -->","yoast_head_json":{"title":"Gerador Diesel 10HP-5,5Kva 380T. Matsuyama 6500 - Loja de Equipamentos","description":"Gerador 10HP, 5,5 Kva, Diesel, 4T, R$ 4.631,00 Pot.Nom. 5 Kva, Part.Manual\/El\u00e9trica. Auton. de 5h45min., Tanq.de Combust\u00edvel 12,5 Litros, 380V Trif\u00e1sico \/220V Mono","robots":{"index":"index","follow":"follow","max-snippet":"max-snippet:-1","max-image-preview":"max-image-preview:large","max-video-preview":"max-video-preview:-1"},"canonical":"https:\/\/www.lojadeequipamentos.com.br\/loja\/produto\/gerador-diesel-10hp-55kva-380t-matsuyama-6500\/","og_locale":"pt_BR","og_type":"article","og_title":"Gerador Diesel 10HP-5,5Kva 380T. Matsuyama 6500 - Loja de Equipamentos","og_description":"Gerador 10HP, 5,5 Kva, Diesel, 4T, R$ 4.631,00 Pot.Nom. 5 Kva, Part.Manual\/El\u00e9trica. Auton. de 5h45min., Tanq.de Combust\u00edvel 12,5 Litros, 380V Trif\u00e1sico \/220V Mono","og_url":"https:\/\/www.lojadeequipamentos.com.br\/loja\/produto\/gerador-diesel-10hp-55kva-380t-matsuyama-6500\/","og_site_name":"Loja de Equipamentos","article_modified_time":"2020-12-21T00:00:40+00:00","og_image":[{"width":1000,"height":1000,"url":"https:\/\/www.lojadeequipamentos.com.br\/loja\/wp-content\/uploads\/2020\/08\/Gerador-6500-T-D.jpg","type":"image\/jpeg"}],"twitter_card":"summary_large_image","twitter_misc":{"Est. tempo de leitura":"3 minutos"},"schema":{"@context":"https:\/\/schema.org","@graph":[{"@type":"WebPage","@id":"https:\/\/www.lojadeequipamentos.com.br\/loja\/produto\/gerador-diesel-10hp-55kva-380t-matsuyama-6500\/","url":"https:\/\/www.lojadeequipamentos.com.br\/loja\/produto\/gerador-diesel-10hp-55kva-380t-matsuyama-6500\/","name":"Gerador Diesel 10HP-5,5Kva 380T. Matsuyama 6500 - Loja de Equipamentos","isPartOf":{"@id":"https:\/\/www.lojadeequipamentos.com.br\/loja\/#website"},"primaryImageOfPage":{"@id":"https:\/\/www.lojadeequipamentos.com.br\/loja\/produto\/gerador-diesel-10hp-55kva-380t-matsuyama-6500\/#primaryimage"},"image":{"@id":"https:\/\/www.lojadeequipamentos.com.br\/loja\/produto\/gerador-diesel-10hp-55kva-380t-matsuyama-6500\/#primaryimage"},"thumbnailUrl":"https:\/\/www.lojadeequipamentos.com.br\/loja\/wp-content\/uploads\/2020\/08\/Gerador-6500-T-D.jpg","datePublished":"2020-08-12T01:53:52+00:00","dateModified":"2020-12-21T00:00:40+00:00","description":"Gerador 10HP, 5,5 Kva, Diesel, 4T, R$ 4.631,00 Pot.Nom. 5 Kva, Part.Manual\/El\u00e9trica. Auton. de 5h45min., Tanq.de Combust\u00edvel 12,5 Litros, 380V Trif\u00e1sico \/220V Mono","breadcrumb":{"@id":"https:\/\/www.lojadeequipamentos.com.br\/loja\/produto\/gerador-diesel-10hp-55kva-380t-matsuyama-6500\/#breadcrumb"},"inLanguage":"pt-BR","potentialAction":[{"@type":"ReadAction","target":["https:\/\/www.lojadeequipamentos.com.br\/loja\/produto\/gerador-diesel-10hp-55kva-380t-matsuyama-6500\/"]}]},{"@type":"ImageObject","inLanguage":"pt-BR","@id":"https:\/\/www.lojadeequipamentos.com.br\/loja\/produto\/gerador-diesel-10hp-55kva-380t-matsuyama-6500\/#primaryimage","url":"https:\/\/www.lojadeequipamentos.com.br\/loja\/wp-content\/uploads\/2020\/08\/Gerador-6500-T-D.jpg","contentUrl":"https:\/\/www.lojadeequipamentos.com.br\/loja\/wp-content\/uploads\/2020\/08\/Gerador-6500-T-D.jpg","width":1000,"height":1000},{"@type":"BreadcrumbList","@id":"https:\/\/www.lojadeequipamentos.com.br\/loja\/produto\/gerador-diesel-10hp-55kva-380t-matsuyama-6500\/#breadcrumb","itemListElement":[{"@type":"ListItem","position":1,"name":"In\u00edcio","item":"https:\/\/www.lojadeequipamentos.com.br\/loja\/"},{"@type":"ListItem","position":2,"name":"Loja Virtual","item":"https:\/\/www.lojadeequipamentos.com.br\/loja\/shop\/"},{"@type":"ListItem","position":3,"name":"Gerador Diesel 10HP-5,5Kva 380T. Matsuyama 6500"}]},{"@type":"WebSite","@id":"https:\/\/www.lojadeequipamentos.com.br\/loja\/#website","url":"https:\/\/www.lojadeequipamentos.com.br\/loja\/","name":"Loja de Equipamentos","description":"","potentialAction":[{"@type":"SearchAction","target":{"@type":"EntryPoint","urlTemplate":"https:\/\/www.lojadeequipamentos.com.br\/loja\/?s={search_term_string}"},"query-input":{"@type":"PropertyValueSpecification","valueRequired":true,"valueName":"search_term_string"}}],"inLanguage":"pt-BR"}]}},"_links":{"self":[{"href":"https:\/\/www.lojadeequipamentos.com.br\/loja\/wp-json\/wp\/v2\/product\/4073","targetHints":{"allow":["GET"]}}],"collection":[{"href":"https:\/\/www.lojadeequipamentos.com.br\/loja\/wp-json\/wp\/v2\/product"}],"about":[{"href":"https:\/\/www.lojadeequipamentos.com.br\/loja\/wp-json\/wp\/v2\/types\/product"}],"replies":[{"embeddable":true,"href":"https:\/\/www.lojadeequipamentos.com.br\/loja\/wp-json\/wp\/v2\/comments?post=4073"}],"wp:featuredmedia":[{"embeddable":true,"href":"https:\/\/www.lojadeequipamentos.com.br\/loja\/wp-json\/wp\/v2\/media\/3997"}],"wp:attachment":[{"href":"https:\/\/www.lojadeequipamentos.com.br\/loja\/wp-json\/wp\/v2\/media?parent=4073"}],"wp:term":[{"taxonomy":"product_brand","embeddable":true,"href":"https:\/\/www.lojadeequipamentos.com.br\/loja\/wp-json\/wp\/v2\/product_brand?post=4073"},{"taxonomy":"product_cat","embeddable":true,"href":"https:\/\/www.lojadeequipamentos.com.br\/loja\/wp-json\/wp\/v2\/product_cat?post=4073"},{"taxonomy":"product_tag","embeddable":true,"href":"https:\/\/www.lojadeequipamentos.com.br\/loja\/wp-json\/wp\/v2\/product_tag?post=4073"}],"curies":[{"name":"wp","href":"https:\/\/api.w.org\/{rel}","templated":true}]}}