{"id":4067,"date":"2020-08-10T20:53:07","date_gmt":"2020-08-10T20:53:07","guid":{"rendered":"http:\/\/www.lojadeequipamentos.com.br\/loja\/?post_type=product&#038;p=4067"},"modified":"2020-09-23T23:42:56","modified_gmt":"2020-09-23T23:42:56","slug":"gerador-diesel-13hp-67-kva-elet-matsuyama-8000","status":"publish","type":"product","link":"https:\/\/www.lojadeequipamentos.com.br\/loja\/produto\/gerador-diesel-13hp-67-kva-elet-matsuyama-8000\/","title":{"rendered":"Gerador Diesel 13HP-6,7 Kva Elet.Matsuyama 8000"},"content":{"rendered":"<p><strong>Gerador Diesel 13 HP-6,7 Kva El\u00e9trico Matsuyama 8000<\/strong><\/p>\n<p>Estrutura Externa Confeccionado em Tubo Galvanizado com Pintura a \u00d3leo, Partida Manual e Partida El\u00e9trica, Cal\u00e7os em Borracha Anti Vibra\u00e7\u00e3o, Tanque de Combust\u00edvel Confeccionado em Chapa Galvanizada com tratamento Interno Anti-Corros\u00e3o com  Capacidade de 12,5 Litros e Autonomia M\u00e9dia de Uso de 5 Horas e 15 Minutos. Bateria Inclusa, Regulador de Tens\u00e3o por AVR (Regulador Autom\u00e1tico de Tens\u00e3o, tendo a fun\u00e7\u00e3o de manter a Tens\u00e3o de Sa\u00edda do Gerador sempre constante, independente das Oscila\u00e7\u00f5es de Carga e Rota\u00e7\u00e3o, dentro dos patamares corretos do Gerador), 01 Medidor de Voltagem, Equipamento de Tens\u00e3o de Sa\u00edda de 127V e 220V com Pot\u00eancia Nominal de 6,2 KVA, A Corrente Nominal \u00e9 de: 127V de 48 Amperes, 220V de 28 Amperes, Ambas de 25 Amperes. Carregador de Baterias de 12V com Corrente de Carga de 8,3 Amperes, Gerador recomend\u00e1vel par uso Campestre, Uso em Pescarias c\/ Refrigeradores, Uso Dom\u00e9stico Pontual, Uso Emergencial, Uso Comercial para Auxilio de Ilumina\u00e7\u00f5es e Equipamentos de dentro da Capacidade Nominal do Gerador.<br \/>\nO Combust\u00edvel necess\u00e1rio \u00e9 Diesel Comum(S-500) ou S10 de Melhor Rendimento.<br \/>\nObedecendo as Caracter\u00edsticas do \u00d3leo do Motor ser: SAE 5W-40<br \/>\nOBS: O uso de \u00d3leos de Motor Semi-Sint\u00e9ticos e Sint\u00e9ticos sempre resultar\u00e1 em Maior Desempenho a Altas Temperaturas, Economia de Combust\u00edvel, Redu\u00e7\u00e3o da Carboniza\u00e7\u00e3o Interna do Motor\/Componentes e Controle de Emiss\u00f5es de Poluentes.<br \/>\nO Combust\u00edvel Diesel S10 \u00e9 mais Eficiente. possui um Teor de Cetano que pode chegar a 48 contra 42 Diesel Comum (S-500); essa Subst\u00e2ncia Aumenta a Efici\u00eancia da Queima de Combust\u00edvel(combust\u00e3o),Menor Atraso da Igni\u00e7\u00e3o melhorando a Partida a Frio e Reduzindo a Fuma\u00e7a Branca no Escape. Outro Fator de Extrema Import\u00e2ncia \u00e9 Menor Teor de Enxofre de 10ppm contra 500ppm do Diesel Comum e a sua Capacidade Solvente de Sujeiras, devido a presen\u00e7a Maior de Hidrog\u00eanio.<br \/>\nRecomenda-se a utiliza\u00e7\u00e3o de \u00d3leo Diesel S-500(comum) em Geradores em Regime Stand-By de Opera\u00e7\u00e3o e o \u00d3leo Diesel S-10 em Geradores em Regime de Hor\u00e1rio de Ponta ou que Entrem em Opera\u00e7\u00e3o Frequentemente, a Vazio ou em Carga.<br \/>\nIMPORTANTE: O Gerador deve ser colocado em Opera\u00e7\u00e3o Semanalmente para Lubrifica\u00e7\u00e3o Interna do Motor e Sistema Injetor.<\/p>\n<p>Consequ\u00eancias do Diesel parado no Tanque segundo a ANP*<br \/>\nSurgimento de Part\u00edculas de \u00c1gua; Degrada\u00e7\u00e3o do Combust\u00edvel e suas Propriedades Qu\u00edmicas;<br \/>\nSurgimento de Sedimentos devido a Atividade Microbiana (borras); Degrada\u00e7\u00e3o das Paredes Internas de Tanques de Ferro pela A\u00e7\u00e3o da \u00c1gua;<br \/>\nDegrada\u00e7\u00e3o de Pe\u00e7as Internas do Motor que tem Contato com o Combust\u00edvel e Entupimento dos Filtros pela Borra e demais Sedimentos.<\/p>\n<p>DADOS T\u00c9CNICOS:\t             Mod. 459135<br \/>\nTens\u00e3o de sa\u00edda:\t       127\/220V<br \/>\nRegulador de tens\u00e3o:\t         AVR<br \/>\nFrequ\u00eancia:\t                60 Hz<br \/>\nFator de pot\u00eancia:\t        COS=1<br \/>\nPot\u00eancia de partida:\t       6,7 KVA<br \/>\nPot\u00eancia nominal:\t       6,2 KVA<br \/>\nCorrente nominal:\t        25 A<br \/>\nCarregador de bateria:\t     12V - 8,3A<br \/>\nCombust\u00edvel:\t               Diesel<br \/>\nCapacidade do tanque:\t       12,5 L<br \/>\nConsumo de combust\u00edvel:\t    2,38L\/P-Hora<br \/>\nSistema de partida:\t   Manual\/ El\u00e9trico<br \/>\nN\u00edvel de ru\u00eddo:\t\t    79 Db(A)-(7M)<br \/>\nDimens\u00f5es: (C x L x A)\t  710 X 495 X 620 mm<br \/>\nPeso:\t                       102 kg\t         <\/p>\n<p>MOTOR<br \/>\nPot\u00eancia:\t                 13HP<br \/>\nRefrigera\u00e7\u00e3o:\t                  AR<br \/>\nCilindradas:\t                 456cc<br \/>\nRota\u00e7\u00e3o m\u00e1xima:\t               3600 rpm<br \/>\nFiltro de ar:\t               Tipo seco<br \/>\nQuantidade de \u00f3leo lubrificante: 1,65L<br \/>\nTipo de \u00f3leo:\t               SAE 5W-40<br \/>\nSensor de \u00f3leo:\t                  Sim<br \/>\n<br \/>\n<strong>FAVOR ENTRAR EM CONTATO PARA COTA\u00c7\u00c3O DE FRETE<\/strong><br \/>\n<br \/>\n<a href=\"https:\/\/api.whatsapp.com\/send?phone=5521964144201\"><img loading=\"lazy\" decoding=\"async\" class=\"alignnone size-full wp-image-4307\" alt=\"botao_whatsapp\" src=\"http:\/\/www.lojadeequipamentos.com.br\/loja\/wp-content\/uploads\/2020\/08\/botao_whatsapp.png\" width=\"226\" height=\"82\" \/><\/a><\/p>\n","protected":false},"excerpt":{"rendered":"<strong>Gerador Diesel 13HP-6,7 Kva El\u00e9trico Matsuyama 8000<\/strong>","protected":false},"featured_media":4000,"comment_status":"open","ping_status":"closed","template":"","meta":{"_links_to":"","_links_to_target":""},"product_brand":[],"product_cat":[3010],"product_tag":[3460,3461,3434,3306,3462,3463,3464,3309,3310,3311,3017,3465,3466,3467,3084,3468,3469,3470,3471,3472,3473,3322,3474,3351,3439,3475,3476,3477,3478,3479,3480,3481,3327,3284,3011,3331,3312,3482,3321,3483,3334,3436,3484,3485,3486,3487,3488,3489,3490,3441,3339,3440,3491,3498,3494,3068,3345,3495,3496,3497,3442],"class_list":{"0":"post-4067","1":"product","2":"type-product","3":"status-publish","4":"has-post-thumbnail","6":"product_cat-gerador","7":"product_tag-13-hp-gerador-eletrico-a-diesel","8":"product_tag-4-tempos-gerador-6-7-kva","9":"product_tag-4-tempos-gerador-diesel","10":"product_tag-4-tempos-gerador-eletrico","11":"product_tag-6-7-kva-gerador-diesel","12":"product_tag-6-7-kva-gerador-eletrico","13":"product_tag-6-7-kva-gerador-silenciado","14":"product_tag-diesel-gerador","15":"product_tag-diesel-gerador-matsuyama","16":"product_tag-diesel-matsuyama-gerador","17":"product_tag-gerador-2","18":"product_tag-gerador-13-hp","19":"product_tag-gerador-13-hp-diesel","20":"product_tag-gerador-13-hp-silenciado","21":"product_tag-gerador-4-tempos-matsuyama","22":"product_tag-gerador-6-2-kva-nominal","23":"product_tag-gerador-6-7-kva","24":"product_tag-gerador-6-7-kva-diesel","25":"product_tag-gerador-6-7-kva-diesel-matsuyama","26":"product_tag-gerador-6-7-kva-matsuyama","27":"product_tag-gerador-8000-diesel-silenciado","28":"product_tag-gerador-a-diesel","29":"product_tag-gerador-a-diesel-8000-matsuyama","30":"product_tag-gerador-a-diesel-de-partida-eletrica","31":"product_tag-gerador-cabinado","32":"product_tag-gerador-de-energia-13-hp","33":"product_tag-gerador-de-energia-a-diesel-13-hp","34":"product_tag-gerador-de-energia-a-diesel-6-7-kva","35":"product_tag-gerador-de-energia-a-diesel-matsuyama-de-13-hp","36":"product_tag-gerador-de-energia-a-diesel-matsuyama-de-6-7-kva","37":"product_tag-gerador-de-energia-a-diesel-matsuyama-mod-8000","38":"product_tag-gerador-de-energia-de-6-7-kva","39":"product_tag-gerador-de-energia-matsuyama-a-diesel","40":"product_tag-gerador-de-energia-matsuyama-modelo-8000","41":"product_tag-gerador-de-luz","42":"product_tag-gerador-de-luz-a-diesel","43":"product_tag-gerador-diesel","44":"product_tag-gerador-diesel-13-hp","45":"product_tag-gerador-diesel-4-tempos","46":"product_tag-gerador-diesel-6-7-kva","47":"product_tag-gerador-diesel-matsuyama","48":"product_tag-gerador-diesel-matsuyama-4-tempos","49":"product_tag-gerador-diesel-matsuyama-6-7-kva","50":"product_tag-gerador-diesel-matsuyama-8000","51":"product_tag-gerador-diesel-matsuyama-mod-8000","52":"product_tag-gerador-diesel-matsuyama-modelo-8000","53":"product_tag-gerador-diesel-modelo-8000","54":"product_tag-gerador-diesel-modelo-8000-matsuyama","55":"product_tag-gerador-diesel-potencia-nominal-6-2-kva","56":"product_tag-gerador-diesel-silenciado","57":"product_tag-gerador-matsuyama-diesel","58":"product_tag-gerador-silenciado","59":"product_tag-gerador-silenciado-13-hp","60":"product_tag-gerador-silenciado-6-2-kva","61":"product_tag-matsuyama-6-7-kva-gerador-diesel","62":"product_tag-matsuyama-gerador-4-tempos","63":"product_tag-matsuyama-gerador-diesel","64":"product_tag-matsuyama-gerador-diesel-10-hp","65":"product_tag-matsuyama-gerador-diesel-6-7-kva","66":"product_tag-matsuyama-gerador-diesel-8000","67":"product_tag-mitsuyama-gerador-silenciado","69":"first","70":"instock","71":"shipping-taxable","72":"product-type-simple"},"yoast_head":"<!-- This site is optimized with the Yoast SEO plugin v27.3 - https:\/\/yoast.com\/product\/yoast-seo-wordpress\/ -->\n<title>Gerador Diesel 13HP-6,7 Kva Elet.Matsuyama 8000 - Loja de Equipamentos<\/title>\n<meta name=\"description\" content=\"Gerador 13HP, 6,7 Kva, Diesel, 4T, Pot.Nominal 6,2 Kva, Partida Manual\/El\u00e9trica.Autonomia de 5h15min., Tanq. de Combust\u00edvel 12,5 Litros, Bi-Volt 127V e 220V\" \/>\n<meta name=\"robots\" content=\"index, follow, max-snippet:-1, max-image-preview:large, max-video-preview:-1\" \/>\n<link rel=\"canonical\" href=\"https:\/\/www.lojadeequipamentos.com.br\/loja\/produto\/gerador-diesel-13hp-67-kva-elet-matsuyama-8000\/\" \/>\n<meta property=\"og:locale\" content=\"pt_BR\" \/>\n<meta property=\"og:type\" content=\"article\" \/>\n<meta property=\"og:title\" content=\"Gerador Diesel 13HP-6,7 Kva Elet.Matsuyama 8000 - Loja de Equipamentos\" \/>\n<meta property=\"og:description\" content=\"Gerador 13HP, 6,7 Kva, Diesel, 4T, Pot.Nominal 6,2 Kva, Partida Manual\/El\u00e9trica.Autonomia de 5h15min., Tanq. de Combust\u00edvel 12,5 Litros, Bi-Volt 127V e 220V\" \/>\n<meta property=\"og:url\" content=\"https:\/\/www.lojadeequipamentos.com.br\/loja\/produto\/gerador-diesel-13hp-67-kva-elet-matsuyama-8000\/\" \/>\n<meta property=\"og:site_name\" content=\"Loja de Equipamentos\" \/>\n<meta property=\"article:modified_time\" content=\"2020-09-23T23:42:56+00:00\" \/>\n<meta property=\"og:image\" content=\"https:\/\/www.lojadeequipamentos.com.br\/loja\/wp-content\/uploads\/2020\/08\/Gerador-8000-T-D.jpg\" \/>\n\t<meta property=\"og:image:width\" content=\"1000\" \/>\n\t<meta property=\"og:image:height\" content=\"1000\" \/>\n\t<meta property=\"og:image:type\" content=\"image\/jpeg\" \/>\n<meta name=\"twitter:card\" content=\"summary_large_image\" \/>\n<meta name=\"twitter:label1\" content=\"Est. tempo de leitura\" \/>\n\t<meta name=\"twitter:data1\" content=\"3 minutos\" \/>\n<script type=\"application\/ld+json\" class=\"yoast-schema-graph\">{\"@context\":\"https:\\\/\\\/schema.org\",\"@graph\":[{\"@type\":\"WebPage\",\"@id\":\"https:\\\/\\\/www.lojadeequipamentos.com.br\\\/loja\\\/produto\\\/gerador-diesel-13hp-67-kva-elet-matsuyama-8000\\\/\",\"url\":\"https:\\\/\\\/www.lojadeequipamentos.com.br\\\/loja\\\/produto\\\/gerador-diesel-13hp-67-kva-elet-matsuyama-8000\\\/\",\"name\":\"Gerador Diesel 13HP-6,7 Kva Elet.Matsuyama 8000 - Loja de Equipamentos\",\"isPartOf\":{\"@id\":\"https:\\\/\\\/www.lojadeequipamentos.com.br\\\/loja\\\/#website\"},\"primaryImageOfPage\":{\"@id\":\"https:\\\/\\\/www.lojadeequipamentos.com.br\\\/loja\\\/produto\\\/gerador-diesel-13hp-67-kva-elet-matsuyama-8000\\\/#primaryimage\"},\"image\":{\"@id\":\"https:\\\/\\\/www.lojadeequipamentos.com.br\\\/loja\\\/produto\\\/gerador-diesel-13hp-67-kva-elet-matsuyama-8000\\\/#primaryimage\"},\"thumbnailUrl\":\"https:\\\/\\\/www.lojadeequipamentos.com.br\\\/loja\\\/wp-content\\\/uploads\\\/2020\\\/08\\\/Gerador-8000-T-D.jpg\",\"datePublished\":\"2020-08-10T20:53:07+00:00\",\"dateModified\":\"2020-09-23T23:42:56+00:00\",\"description\":\"Gerador 13HP, 6,7 Kva, Diesel, 4T, Pot.Nominal 6,2 Kva, Partida Manual\\\/El\u00e9trica.Autonomia de 5h15min., Tanq. de Combust\u00edvel 12,5 Litros, Bi-Volt 127V e 220V\",\"breadcrumb\":{\"@id\":\"https:\\\/\\\/www.lojadeequipamentos.com.br\\\/loja\\\/produto\\\/gerador-diesel-13hp-67-kva-elet-matsuyama-8000\\\/#breadcrumb\"},\"inLanguage\":\"pt-BR\",\"potentialAction\":[{\"@type\":\"ReadAction\",\"target\":[\"https:\\\/\\\/www.lojadeequipamentos.com.br\\\/loja\\\/produto\\\/gerador-diesel-13hp-67-kva-elet-matsuyama-8000\\\/\"]}]},{\"@type\":\"ImageObject\",\"inLanguage\":\"pt-BR\",\"@id\":\"https:\\\/\\\/www.lojadeequipamentos.com.br\\\/loja\\\/produto\\\/gerador-diesel-13hp-67-kva-elet-matsuyama-8000\\\/#primaryimage\",\"url\":\"https:\\\/\\\/www.lojadeequipamentos.com.br\\\/loja\\\/wp-content\\\/uploads\\\/2020\\\/08\\\/Gerador-8000-T-D.jpg\",\"contentUrl\":\"https:\\\/\\\/www.lojadeequipamentos.com.br\\\/loja\\\/wp-content\\\/uploads\\\/2020\\\/08\\\/Gerador-8000-T-D.jpg\",\"width\":1000,\"height\":1000},{\"@type\":\"BreadcrumbList\",\"@id\":\"https:\\\/\\\/www.lojadeequipamentos.com.br\\\/loja\\\/produto\\\/gerador-diesel-13hp-67-kva-elet-matsuyama-8000\\\/#breadcrumb\",\"itemListElement\":[{\"@type\":\"ListItem\",\"position\":1,\"name\":\"In\u00edcio\",\"item\":\"https:\\\/\\\/www.lojadeequipamentos.com.br\\\/loja\\\/\"},{\"@type\":\"ListItem\",\"position\":2,\"name\":\"Loja Virtual\",\"item\":\"https:\\\/\\\/www.lojadeequipamentos.com.br\\\/loja\\\/shop\\\/\"},{\"@type\":\"ListItem\",\"position\":3,\"name\":\"Gerador Diesel 13HP-6,7 Kva Elet.Matsuyama 8000\"}]},{\"@type\":\"WebSite\",\"@id\":\"https:\\\/\\\/www.lojadeequipamentos.com.br\\\/loja\\\/#website\",\"url\":\"https:\\\/\\\/www.lojadeequipamentos.com.br\\\/loja\\\/\",\"name\":\"Loja de Equipamentos\",\"description\":\"\",\"potentialAction\":[{\"@type\":\"SearchAction\",\"target\":{\"@type\":\"EntryPoint\",\"urlTemplate\":\"https:\\\/\\\/www.lojadeequipamentos.com.br\\\/loja\\\/?s={search_term_string}\"},\"query-input\":{\"@type\":\"PropertyValueSpecification\",\"valueRequired\":true,\"valueName\":\"search_term_string\"}}],\"inLanguage\":\"pt-BR\"}]}<\/script>\n<!-- \/ Yoast SEO plugin. -->","yoast_head_json":{"title":"Gerador Diesel 13HP-6,7 Kva Elet.Matsuyama 8000 - Loja de Equipamentos","description":"Gerador 13HP, 6,7 Kva, Diesel, 4T, Pot.Nominal 6,2 Kva, Partida Manual\/El\u00e9trica.Autonomia de 5h15min., Tanq. de Combust\u00edvel 12,5 Litros, Bi-Volt 127V e 220V","robots":{"index":"index","follow":"follow","max-snippet":"max-snippet:-1","max-image-preview":"max-image-preview:large","max-video-preview":"max-video-preview:-1"},"canonical":"https:\/\/www.lojadeequipamentos.com.br\/loja\/produto\/gerador-diesel-13hp-67-kva-elet-matsuyama-8000\/","og_locale":"pt_BR","og_type":"article","og_title":"Gerador Diesel 13HP-6,7 Kva Elet.Matsuyama 8000 - Loja de Equipamentos","og_description":"Gerador 13HP, 6,7 Kva, Diesel, 4T, Pot.Nominal 6,2 Kva, Partida Manual\/El\u00e9trica.Autonomia de 5h15min., Tanq. de Combust\u00edvel 12,5 Litros, Bi-Volt 127V e 220V","og_url":"https:\/\/www.lojadeequipamentos.com.br\/loja\/produto\/gerador-diesel-13hp-67-kva-elet-matsuyama-8000\/","og_site_name":"Loja de Equipamentos","article_modified_time":"2020-09-23T23:42:56+00:00","og_image":[{"width":1000,"height":1000,"url":"https:\/\/www.lojadeequipamentos.com.br\/loja\/wp-content\/uploads\/2020\/08\/Gerador-8000-T-D.jpg","type":"image\/jpeg"}],"twitter_card":"summary_large_image","twitter_misc":{"Est. tempo de leitura":"3 minutos"},"schema":{"@context":"https:\/\/schema.org","@graph":[{"@type":"WebPage","@id":"https:\/\/www.lojadeequipamentos.com.br\/loja\/produto\/gerador-diesel-13hp-67-kva-elet-matsuyama-8000\/","url":"https:\/\/www.lojadeequipamentos.com.br\/loja\/produto\/gerador-diesel-13hp-67-kva-elet-matsuyama-8000\/","name":"Gerador Diesel 13HP-6,7 Kva Elet.Matsuyama 8000 - Loja de Equipamentos","isPartOf":{"@id":"https:\/\/www.lojadeequipamentos.com.br\/loja\/#website"},"primaryImageOfPage":{"@id":"https:\/\/www.lojadeequipamentos.com.br\/loja\/produto\/gerador-diesel-13hp-67-kva-elet-matsuyama-8000\/#primaryimage"},"image":{"@id":"https:\/\/www.lojadeequipamentos.com.br\/loja\/produto\/gerador-diesel-13hp-67-kva-elet-matsuyama-8000\/#primaryimage"},"thumbnailUrl":"https:\/\/www.lojadeequipamentos.com.br\/loja\/wp-content\/uploads\/2020\/08\/Gerador-8000-T-D.jpg","datePublished":"2020-08-10T20:53:07+00:00","dateModified":"2020-09-23T23:42:56+00:00","description":"Gerador 13HP, 6,7 Kva, Diesel, 4T, Pot.Nominal 6,2 Kva, Partida Manual\/El\u00e9trica.Autonomia de 5h15min., Tanq. de Combust\u00edvel 12,5 Litros, Bi-Volt 127V e 220V","breadcrumb":{"@id":"https:\/\/www.lojadeequipamentos.com.br\/loja\/produto\/gerador-diesel-13hp-67-kva-elet-matsuyama-8000\/#breadcrumb"},"inLanguage":"pt-BR","potentialAction":[{"@type":"ReadAction","target":["https:\/\/www.lojadeequipamentos.com.br\/loja\/produto\/gerador-diesel-13hp-67-kva-elet-matsuyama-8000\/"]}]},{"@type":"ImageObject","inLanguage":"pt-BR","@id":"https:\/\/www.lojadeequipamentos.com.br\/loja\/produto\/gerador-diesel-13hp-67-kva-elet-matsuyama-8000\/#primaryimage","url":"https:\/\/www.lojadeequipamentos.com.br\/loja\/wp-content\/uploads\/2020\/08\/Gerador-8000-T-D.jpg","contentUrl":"https:\/\/www.lojadeequipamentos.com.br\/loja\/wp-content\/uploads\/2020\/08\/Gerador-8000-T-D.jpg","width":1000,"height":1000},{"@type":"BreadcrumbList","@id":"https:\/\/www.lojadeequipamentos.com.br\/loja\/produto\/gerador-diesel-13hp-67-kva-elet-matsuyama-8000\/#breadcrumb","itemListElement":[{"@type":"ListItem","position":1,"name":"In\u00edcio","item":"https:\/\/www.lojadeequipamentos.com.br\/loja\/"},{"@type":"ListItem","position":2,"name":"Loja Virtual","item":"https:\/\/www.lojadeequipamentos.com.br\/loja\/shop\/"},{"@type":"ListItem","position":3,"name":"Gerador Diesel 13HP-6,7 Kva Elet.Matsuyama 8000"}]},{"@type":"WebSite","@id":"https:\/\/www.lojadeequipamentos.com.br\/loja\/#website","url":"https:\/\/www.lojadeequipamentos.com.br\/loja\/","name":"Loja de Equipamentos","description":"","potentialAction":[{"@type":"SearchAction","target":{"@type":"EntryPoint","urlTemplate":"https:\/\/www.lojadeequipamentos.com.br\/loja\/?s={search_term_string}"},"query-input":{"@type":"PropertyValueSpecification","valueRequired":true,"valueName":"search_term_string"}}],"inLanguage":"pt-BR"}]}},"_links":{"self":[{"href":"https:\/\/www.lojadeequipamentos.com.br\/loja\/wp-json\/wp\/v2\/product\/4067","targetHints":{"allow":["GET"]}}],"collection":[{"href":"https:\/\/www.lojadeequipamentos.com.br\/loja\/wp-json\/wp\/v2\/product"}],"about":[{"href":"https:\/\/www.lojadeequipamentos.com.br\/loja\/wp-json\/wp\/v2\/types\/product"}],"replies":[{"embeddable":true,"href":"https:\/\/www.lojadeequipamentos.com.br\/loja\/wp-json\/wp\/v2\/comments?post=4067"}],"wp:featuredmedia":[{"embeddable":true,"href":"https:\/\/www.lojadeequipamentos.com.br\/loja\/wp-json\/wp\/v2\/media\/4000"}],"wp:attachment":[{"href":"https:\/\/www.lojadeequipamentos.com.br\/loja\/wp-json\/wp\/v2\/media?parent=4067"}],"wp:term":[{"taxonomy":"product_brand","embeddable":true,"href":"https:\/\/www.lojadeequipamentos.com.br\/loja\/wp-json\/wp\/v2\/product_brand?post=4067"},{"taxonomy":"product_cat","embeddable":true,"href":"https:\/\/www.lojadeequipamentos.com.br\/loja\/wp-json\/wp\/v2\/product_cat?post=4067"},{"taxonomy":"product_tag","embeddable":true,"href":"https:\/\/www.lojadeequipamentos.com.br\/loja\/wp-json\/wp\/v2\/product_tag?post=4067"}],"curies":[{"name":"wp","href":"https:\/\/api.w.org\/{rel}","templated":true}]}}