{"id":4049,"date":"2020-08-04T19:40:15","date_gmt":"2020-08-04T19:40:15","guid":{"rendered":"http:\/\/www.lojadeequipamentos.com.br\/loja\/?post_type=product&#038;p=4049"},"modified":"2020-12-21T00:32:09","modified_gmt":"2020-12-21T00:32:09","slug":"gerador-diesel-5hp-22kva-manual-matsuyama-2500","status":"publish","type":"product","link":"https:\/\/www.lojadeequipamentos.com.br\/loja\/produto\/gerador-diesel-5hp-22kva-manual-matsuyama-2500\/","title":{"rendered":"Gerador Diesel 5HP-2,2Kva Manual Matsuyama 2500"},"content":{"rendered":"<p>Gerador Diesel 5HP \/ 2,2 Kva Manual Matsuyama 2500<br \/>\nEstrutura Externa Confeccionado em Tubo Galvanizado com Pintura a \u00d3leo, Partida Manual, Cal\u00e7os em Borracha Anti Vibra\u00e7\u00e3o, Tanque de Combust\u00edvel Confeccionado em Chapa Galvanizada com tratamento Interno Anti-Corros\u00e3o com  Capacidade de 12,5 Litros e Autonomia M\u00e9dia de Uso de 13 Horas e 25 Minutos. Regulador de Tens\u00e3o por AVR (Regulador Autom\u00e1tico de Tens\u00e3o, tendo a fun\u00e7\u00e3o de manter a Tens\u00e3o de Sa\u00edda do Gerador sempre constante, independente das Oscila\u00e7\u00f5es de Carga e Rota\u00e7\u00e3o, dentro dos patamares corretos do Gerador), 01 Medidor de Voltagem, Equipamento de Tens\u00e3o de Sa\u00edda de 127V e 220V com Pot\u00eancia Nominal de 2 KVA, A Corrente Nominal \u00e9 de: 127V de 15,5 Amperes, 220V de 9 Amperes, Ambas de 9 Amperes. Carregador de Baterias de 12V com Corrente de Carga de 8,3 Amperes, Gerador recomend\u00e1vel par uso Campestre, Uso em Pescarias, Uso Dom\u00e9stico Pontual, Uso Emergencial, Uso Comercial para Auxilio de Ilumina\u00e7\u00f5es Pontuais e Equipamentos de Baixa Potencia dentro da Capacidade Nominal do Gerador.<br \/>\nO Combust\u00edvel necess\u00e1rio \u00e9 Diesel Comum(S-500) ou S10 de Melhor Rendimento.<br \/>\nObedecendo as Caracter\u00edsticas do \u00d3leo do Motor ser: SAE 5W-40<br \/>\nOBS: O uso de \u00d3leos de Motor Semi-Sint\u00e9ticos e Sint\u00e9ticos sempre resultar\u00e1 em Maior Desempenho a Altas Temperaturas, Economia de Combust\u00edvel, Redu\u00e7\u00e3o da Carboniza\u00e7\u00e3o Interna do Motor\/Componentes e Controle de Emiss\u00f5es de Poluentes.<br \/>\nO Combust\u00edvel Diesel S10 \u00e9 mais Eficiente. possui um Teor de Cetano que pode chegar a 48 contra 42 Diesel Comum (S-500); essa Subst\u00e2ncia Aumenta a Efici\u00eancia da Queima de Combust\u00edvel(combust\u00e3o),Menor Atraso da Igni\u00e7\u00e3o melhorando a Partida a Frio e Reduzindo a Fuma\u00e7a Branca no Escape. Outro Fator de Extrema Import\u00e2ncia \u00e9 Menor Teor de Enxofre de 10ppm contra 500ppm do Diesel Comum e a sua Capacidade Solvente de Sujeiras, devido a presen\u00e7a Maior de Hidrog\u00eanio.<br \/>\nRecomenda-se a utiliza\u00e7\u00e3o de \u00d3leo Diesel S-500(comum) em Geradores em Regime Stand-By de Opera\u00e7\u00e3o e o \u00d3leo Diesel S-10 em Geradores em Regime de Hor\u00e1rio de Ponta ou que Entrem em Opera\u00e7\u00e3o Frequentemente, a Vazio ou em Carga.<br \/>\nIMPORTANTE: O Gerador deve ser colocado em Opera\u00e7\u00e3o Semanalmente para Lubrifica\u00e7\u00e3o Interna do Motor e Sistema Injetor.<\/p>\n<p>Consequ\u00eancias do Diesel parado no Tanque segundo a ANP*<br \/>\nSurgimento de Part\u00edculas de \u00c1gua; Degrada\u00e7\u00e3o do Combust\u00edvel e suas Propriedades Qu\u00edmicas;<br \/>\nSurgimento de Sedimentos devido a Atividade Microbiana (borras); Degrada\u00e7\u00e3o das Paredes Internas de Tanques de Ferro pela A\u00e7\u00e3o da \u00c1gua;<br \/>\nDegrada\u00e7\u00e3o de Pe\u00e7as Internas do Motor que tem Contato com o Combust\u00edvel e Entupimento dos Filtros pela Borra e demais Sedimentos.<\/p>\n<p>DADOS T\u00c9CNICOS:\t           Mod. 228010<br \/>\nTens\u00e3o de sa\u00edda:\t       127\/220V<br \/>\nRegulador de tens\u00e3o:\t         AVR<br \/>\nFrequ\u00eancia:\t                60 Hz<br \/>\nFator de pot\u00eancia:\t        COS=1<br \/>\nPot\u00eancia de partida:\t       2,2 KVA<br \/>\nPot\u00eancia nominal:\t       2 KVA<br \/>\nCorrente nominal:\t        9,1 A<br \/>\nCarregador de bateria:\t     12V - 8,3A<br \/>\nCombust\u00edvel:\t               Diesel<br \/>\nCapacidade do tanque:\t       12,5 L<br \/>\nConsumo de combust\u00edvel:\t    0,93L\/P-Hora<br \/>\nSistema de partida:\t       Manual<br \/>\nN\u00edvel de ru\u00eddo:\t\t    82 Db(A)-(7M)<br \/>\nDimens\u00f5es: (C x L x A)\t  650 X 470 X 540 mm<br \/>\nPeso:\t                       53 kg\t         <\/p>\n<p>MOTOR<br \/>\nPot\u00eancia:\t                  5HP<br \/>\nRefrigera\u00e7\u00e3o:\t                  AR<br \/>\nCilindradas:\t                 211cc<br \/>\nRota\u00e7\u00e3o m\u00e1xima:\t               3600 rpm<br \/>\nFiltro de ar:\t               Tipo seco<br \/>\nQuantidade de \u00f3leo lubrificante: 0,75L<br \/>\nTipo de \u00f3leo:\t               SAE 5W-40<br \/>\nSensor de \u00f3leo:\t                  Sim<br \/>\n<br \/>\n<strong>FAVOR ENTRAR EM CONTATO PARA COTA\u00c7\u00c3O DE FRETE<\/strong><br \/>\n<br \/>\n<a href=\"https:\/\/api.whatsapp.com\/send?phone=5521964144201\"><img loading=\"lazy\" decoding=\"async\" class=\"alignnone size-full wp-image-4307\" alt=\"botao_whatsapp\" src=\"http:\/\/www.lojadeequipamentos.com.br\/loja\/wp-content\/uploads\/2020\/08\/botao_whatsapp.png\" width=\"226\" height=\"82\" \/><\/a><\/p>\n","protected":false},"excerpt":{"rendered":"<strong>Gerador Diesel 5HP \/ 2,2 Kva Manual Matsuyama 2500<\/strong>","protected":false},"featured_media":3991,"comment_status":"open","ping_status":"closed","template":"","meta":{"_links_to":"","_links_to_target":""},"product_brand":[],"product_cat":[3010],"product_tag":[3307,3306,3057,3308,3305,3309,3310,3311,3318,3314,3315,3316,3313,3084,3319,3320,3322,3317,3323,3324,3325,3328,3349,3329,3326,3327,3330,3011,3331,3312,3332,3321,3333,3334,3336,3337,3338,3340,3335,3341,3342,3343,3339,3344,3068,3345,3346,3347,3348],"class_list":{"0":"post-4049","1":"product","2":"type-product","3":"status-publish","4":"has-post-thumbnail","6":"product_cat-gerador","7":"product_tag-4-tempos-gerador-2-2-kva","8":"product_tag-4-tempos-gerador-eletrico","9":"product_tag-4t-gerador","10":"product_tag-4t-gerador-2-2-kva","11":"product_tag-5hp-gerador-eletrico-a-diesel","12":"product_tag-diesel-gerador","13":"product_tag-diesel-gerador-matsuyama","14":"product_tag-diesel-matsuyama-gerador","15":"product_tag-gerador-2-kva-nominal","16":"product_tag-gerador-2-2-kva-diesel","17":"product_tag-gerador-2-2-kva-diesel-matsuyama","18":"product_tag-gerador-2-2-kva-matsuyama","19":"product_tag-gerador-2-2kva","20":"product_tag-gerador-4-tempos-matsuyama","21":"product_tag-gerador-5hp","22":"product_tag-gerador-5hp-diesel","23":"product_tag-gerador-a-diesel","24":"product_tag-gerador-a-diesel-2500-matsuyama","25":"product_tag-gerador-de-energia-5hp","26":"product_tag-gerador-de-energia-a-diesel-2-2-kva","27":"product_tag-gerador-de-energia-a-diesel-5hp","28":"product_tag-gerador-de-energia-a-diesel-matsuyama-de-2-2-kva","29":"product_tag-gerador-de-energia-a-diesel-matsuyama-de-5hp","30":"product_tag-gerador-de-energia-a-diesel-matsuyama-mod-2500","31":"product_tag-gerador-de-energia-de-2-2-kva","32":"product_tag-gerador-de-energia-matsuyama-a-diesel","33":"product_tag-gerador-de-energia-matsuyama-modelo-2500","34":"product_tag-gerador-de-luz","35":"product_tag-gerador-de-luz-a-diesel","36":"product_tag-gerador-diesel","37":"product_tag-gerador-diesel-2-2-kva","38":"product_tag-gerador-diesel-4-tempos","39":"product_tag-gerador-diesel-5hp","40":"product_tag-gerador-diesel-matsuyama","41":"product_tag-gerador-diesel-matsuyama-2-2-kva","42":"product_tag-gerador-diesel-matsuyama-2500","43":"product_tag-gerador-diesel-matsuyama-4t","44":"product_tag-gerador-diesel-matsuyama-mod-2500","45":"product_tag-gerador-diesel-matsuyama-modelo-2500","46":"product_tag-gerador-diesel-modelo-2500","47":"product_tag-gerador-diesel-modelo-2500-matsuyama","48":"product_tag-gerador-diesel-potencia-nominal-2-kva","49":"product_tag-gerador-matsuyama-diesel","50":"product_tag-matsuyama-2-2-kva-gerador-diesel","51":"product_tag-matsuyama-gerador-4-tempos","52":"product_tag-matsuyama-gerador-diesel","53":"product_tag-matsuyama-gerador-diesel-2-2-kva","54":"product_tag-matsuyama-gerador-diesel-2500","55":"product_tag-matsuyama-gerador-diesel-5hp","57":"first","58":"instock","59":"shipping-taxable","60":"purchasable","61":"product-type-simple"},"yoast_head":"<!-- This site is optimized with the Yoast SEO plugin v27.3 - https:\/\/yoast.com\/product\/yoast-seo-wordpress\/ -->\n<title>Gerador Diesel 5HP-2,2Kva Manual Matsuyama 2500 - Loja de Equipamentos<\/title>\n<meta name=\"description\" content=\"Gerador 5HP 2,2 KVA 4T R$ 2.808,00 Pot. Nominal 2 KVA Partida Manual, Autonomia Media de 13h25min. Tanque de Combust\u00edvel 12,5 Litros Tens\u00f5es de 127V e 220V\" \/>\n<meta name=\"robots\" content=\"index, follow, max-snippet:-1, max-image-preview:large, max-video-preview:-1\" \/>\n<link rel=\"canonical\" href=\"https:\/\/www.lojadeequipamentos.com.br\/loja\/produto\/gerador-diesel-5hp-22kva-manual-matsuyama-2500\/\" \/>\n<meta property=\"og:locale\" content=\"pt_BR\" \/>\n<meta property=\"og:type\" content=\"article\" \/>\n<meta property=\"og:title\" content=\"Gerador Diesel 5HP-2,2Kva Manual Matsuyama 2500 - Loja de Equipamentos\" \/>\n<meta property=\"og:description\" content=\"Gerador 5HP 2,2 KVA 4T R$ 2.808,00 Pot. Nominal 2 KVA Partida Manual, Autonomia Media de 13h25min. Tanque de Combust\u00edvel 12,5 Litros Tens\u00f5es de 127V e 220V\" \/>\n<meta property=\"og:url\" content=\"https:\/\/www.lojadeequipamentos.com.br\/loja\/produto\/gerador-diesel-5hp-22kva-manual-matsuyama-2500\/\" \/>\n<meta property=\"og:site_name\" content=\"Loja de Equipamentos\" \/>\n<meta property=\"article:modified_time\" content=\"2020-12-21T00:32:09+00:00\" \/>\n<meta property=\"og:image\" content=\"https:\/\/www.lojadeequipamentos.com.br\/loja\/wp-content\/uploads\/2020\/08\/Gerador-2500-D.jpg\" \/>\n\t<meta property=\"og:image:width\" content=\"1000\" \/>\n\t<meta property=\"og:image:height\" content=\"1000\" \/>\n\t<meta property=\"og:image:type\" content=\"image\/jpeg\" \/>\n<meta name=\"twitter:card\" content=\"summary_large_image\" \/>\n<meta name=\"twitter:label1\" content=\"Est. tempo de leitura\" \/>\n\t<meta name=\"twitter:data1\" content=\"3 minutos\" \/>\n<script type=\"application\/ld+json\" class=\"yoast-schema-graph\">{\"@context\":\"https:\\\/\\\/schema.org\",\"@graph\":[{\"@type\":\"WebPage\",\"@id\":\"https:\\\/\\\/www.lojadeequipamentos.com.br\\\/loja\\\/produto\\\/gerador-diesel-5hp-22kva-manual-matsuyama-2500\\\/\",\"url\":\"https:\\\/\\\/www.lojadeequipamentos.com.br\\\/loja\\\/produto\\\/gerador-diesel-5hp-22kva-manual-matsuyama-2500\\\/\",\"name\":\"Gerador Diesel 5HP-2,2Kva Manual Matsuyama 2500 - Loja de Equipamentos\",\"isPartOf\":{\"@id\":\"https:\\\/\\\/www.lojadeequipamentos.com.br\\\/loja\\\/#website\"},\"primaryImageOfPage\":{\"@id\":\"https:\\\/\\\/www.lojadeequipamentos.com.br\\\/loja\\\/produto\\\/gerador-diesel-5hp-22kva-manual-matsuyama-2500\\\/#primaryimage\"},\"image\":{\"@id\":\"https:\\\/\\\/www.lojadeequipamentos.com.br\\\/loja\\\/produto\\\/gerador-diesel-5hp-22kva-manual-matsuyama-2500\\\/#primaryimage\"},\"thumbnailUrl\":\"https:\\\/\\\/www.lojadeequipamentos.com.br\\\/loja\\\/wp-content\\\/uploads\\\/2020\\\/08\\\/Gerador-2500-D.jpg\",\"datePublished\":\"2020-08-04T19:40:15+00:00\",\"dateModified\":\"2020-12-21T00:32:09+00:00\",\"description\":\"Gerador 5HP 2,2 KVA 4T R$ 2.808,00 Pot. Nominal 2 KVA Partida Manual, Autonomia Media de 13h25min. Tanque de Combust\u00edvel 12,5 Litros Tens\u00f5es de 127V e 220V\",\"breadcrumb\":{\"@id\":\"https:\\\/\\\/www.lojadeequipamentos.com.br\\\/loja\\\/produto\\\/gerador-diesel-5hp-22kva-manual-matsuyama-2500\\\/#breadcrumb\"},\"inLanguage\":\"pt-BR\",\"potentialAction\":[{\"@type\":\"ReadAction\",\"target\":[\"https:\\\/\\\/www.lojadeequipamentos.com.br\\\/loja\\\/produto\\\/gerador-diesel-5hp-22kva-manual-matsuyama-2500\\\/\"]}]},{\"@type\":\"ImageObject\",\"inLanguage\":\"pt-BR\",\"@id\":\"https:\\\/\\\/www.lojadeequipamentos.com.br\\\/loja\\\/produto\\\/gerador-diesel-5hp-22kva-manual-matsuyama-2500\\\/#primaryimage\",\"url\":\"https:\\\/\\\/www.lojadeequipamentos.com.br\\\/loja\\\/wp-content\\\/uploads\\\/2020\\\/08\\\/Gerador-2500-D.jpg\",\"contentUrl\":\"https:\\\/\\\/www.lojadeequipamentos.com.br\\\/loja\\\/wp-content\\\/uploads\\\/2020\\\/08\\\/Gerador-2500-D.jpg\",\"width\":1000,\"height\":1000},{\"@type\":\"BreadcrumbList\",\"@id\":\"https:\\\/\\\/www.lojadeequipamentos.com.br\\\/loja\\\/produto\\\/gerador-diesel-5hp-22kva-manual-matsuyama-2500\\\/#breadcrumb\",\"itemListElement\":[{\"@type\":\"ListItem\",\"position\":1,\"name\":\"In\u00edcio\",\"item\":\"https:\\\/\\\/www.lojadeequipamentos.com.br\\\/loja\\\/\"},{\"@type\":\"ListItem\",\"position\":2,\"name\":\"Loja Virtual\",\"item\":\"https:\\\/\\\/www.lojadeequipamentos.com.br\\\/loja\\\/shop\\\/\"},{\"@type\":\"ListItem\",\"position\":3,\"name\":\"Gerador Diesel 5HP-2,2Kva Manual Matsuyama 2500\"}]},{\"@type\":\"WebSite\",\"@id\":\"https:\\\/\\\/www.lojadeequipamentos.com.br\\\/loja\\\/#website\",\"url\":\"https:\\\/\\\/www.lojadeequipamentos.com.br\\\/loja\\\/\",\"name\":\"Loja de Equipamentos\",\"description\":\"\",\"potentialAction\":[{\"@type\":\"SearchAction\",\"target\":{\"@type\":\"EntryPoint\",\"urlTemplate\":\"https:\\\/\\\/www.lojadeequipamentos.com.br\\\/loja\\\/?s={search_term_string}\"},\"query-input\":{\"@type\":\"PropertyValueSpecification\",\"valueRequired\":true,\"valueName\":\"search_term_string\"}}],\"inLanguage\":\"pt-BR\"}]}<\/script>\n<!-- \/ Yoast SEO plugin. -->","yoast_head_json":{"title":"Gerador Diesel 5HP-2,2Kva Manual Matsuyama 2500 - Loja de Equipamentos","description":"Gerador 5HP 2,2 KVA 4T R$ 2.808,00 Pot. Nominal 2 KVA Partida Manual, Autonomia Media de 13h25min. Tanque de Combust\u00edvel 12,5 Litros Tens\u00f5es de 127V e 220V","robots":{"index":"index","follow":"follow","max-snippet":"max-snippet:-1","max-image-preview":"max-image-preview:large","max-video-preview":"max-video-preview:-1"},"canonical":"https:\/\/www.lojadeequipamentos.com.br\/loja\/produto\/gerador-diesel-5hp-22kva-manual-matsuyama-2500\/","og_locale":"pt_BR","og_type":"article","og_title":"Gerador Diesel 5HP-2,2Kva Manual Matsuyama 2500 - Loja de Equipamentos","og_description":"Gerador 5HP 2,2 KVA 4T R$ 2.808,00 Pot. Nominal 2 KVA Partida Manual, Autonomia Media de 13h25min. Tanque de Combust\u00edvel 12,5 Litros Tens\u00f5es de 127V e 220V","og_url":"https:\/\/www.lojadeequipamentos.com.br\/loja\/produto\/gerador-diesel-5hp-22kva-manual-matsuyama-2500\/","og_site_name":"Loja de Equipamentos","article_modified_time":"2020-12-21T00:32:09+00:00","og_image":[{"width":1000,"height":1000,"url":"https:\/\/www.lojadeequipamentos.com.br\/loja\/wp-content\/uploads\/2020\/08\/Gerador-2500-D.jpg","type":"image\/jpeg"}],"twitter_card":"summary_large_image","twitter_misc":{"Est. tempo de leitura":"3 minutos"},"schema":{"@context":"https:\/\/schema.org","@graph":[{"@type":"WebPage","@id":"https:\/\/www.lojadeequipamentos.com.br\/loja\/produto\/gerador-diesel-5hp-22kva-manual-matsuyama-2500\/","url":"https:\/\/www.lojadeequipamentos.com.br\/loja\/produto\/gerador-diesel-5hp-22kva-manual-matsuyama-2500\/","name":"Gerador Diesel 5HP-2,2Kva Manual Matsuyama 2500 - Loja de Equipamentos","isPartOf":{"@id":"https:\/\/www.lojadeequipamentos.com.br\/loja\/#website"},"primaryImageOfPage":{"@id":"https:\/\/www.lojadeequipamentos.com.br\/loja\/produto\/gerador-diesel-5hp-22kva-manual-matsuyama-2500\/#primaryimage"},"image":{"@id":"https:\/\/www.lojadeequipamentos.com.br\/loja\/produto\/gerador-diesel-5hp-22kva-manual-matsuyama-2500\/#primaryimage"},"thumbnailUrl":"https:\/\/www.lojadeequipamentos.com.br\/loja\/wp-content\/uploads\/2020\/08\/Gerador-2500-D.jpg","datePublished":"2020-08-04T19:40:15+00:00","dateModified":"2020-12-21T00:32:09+00:00","description":"Gerador 5HP 2,2 KVA 4T R$ 2.808,00 Pot. Nominal 2 KVA Partida Manual, Autonomia Media de 13h25min. Tanque de Combust\u00edvel 12,5 Litros Tens\u00f5es de 127V e 220V","breadcrumb":{"@id":"https:\/\/www.lojadeequipamentos.com.br\/loja\/produto\/gerador-diesel-5hp-22kva-manual-matsuyama-2500\/#breadcrumb"},"inLanguage":"pt-BR","potentialAction":[{"@type":"ReadAction","target":["https:\/\/www.lojadeequipamentos.com.br\/loja\/produto\/gerador-diesel-5hp-22kva-manual-matsuyama-2500\/"]}]},{"@type":"ImageObject","inLanguage":"pt-BR","@id":"https:\/\/www.lojadeequipamentos.com.br\/loja\/produto\/gerador-diesel-5hp-22kva-manual-matsuyama-2500\/#primaryimage","url":"https:\/\/www.lojadeequipamentos.com.br\/loja\/wp-content\/uploads\/2020\/08\/Gerador-2500-D.jpg","contentUrl":"https:\/\/www.lojadeequipamentos.com.br\/loja\/wp-content\/uploads\/2020\/08\/Gerador-2500-D.jpg","width":1000,"height":1000},{"@type":"BreadcrumbList","@id":"https:\/\/www.lojadeequipamentos.com.br\/loja\/produto\/gerador-diesel-5hp-22kva-manual-matsuyama-2500\/#breadcrumb","itemListElement":[{"@type":"ListItem","position":1,"name":"In\u00edcio","item":"https:\/\/www.lojadeequipamentos.com.br\/loja\/"},{"@type":"ListItem","position":2,"name":"Loja Virtual","item":"https:\/\/www.lojadeequipamentos.com.br\/loja\/shop\/"},{"@type":"ListItem","position":3,"name":"Gerador Diesel 5HP-2,2Kva Manual Matsuyama 2500"}]},{"@type":"WebSite","@id":"https:\/\/www.lojadeequipamentos.com.br\/loja\/#website","url":"https:\/\/www.lojadeequipamentos.com.br\/loja\/","name":"Loja de Equipamentos","description":"","potentialAction":[{"@type":"SearchAction","target":{"@type":"EntryPoint","urlTemplate":"https:\/\/www.lojadeequipamentos.com.br\/loja\/?s={search_term_string}"},"query-input":{"@type":"PropertyValueSpecification","valueRequired":true,"valueName":"search_term_string"}}],"inLanguage":"pt-BR"}]}},"_links":{"self":[{"href":"https:\/\/www.lojadeequipamentos.com.br\/loja\/wp-json\/wp\/v2\/product\/4049","targetHints":{"allow":["GET"]}}],"collection":[{"href":"https:\/\/www.lojadeequipamentos.com.br\/loja\/wp-json\/wp\/v2\/product"}],"about":[{"href":"https:\/\/www.lojadeequipamentos.com.br\/loja\/wp-json\/wp\/v2\/types\/product"}],"replies":[{"embeddable":true,"href":"https:\/\/www.lojadeequipamentos.com.br\/loja\/wp-json\/wp\/v2\/comments?post=4049"}],"wp:featuredmedia":[{"embeddable":true,"href":"https:\/\/www.lojadeequipamentos.com.br\/loja\/wp-json\/wp\/v2\/media\/3991"}],"wp:attachment":[{"href":"https:\/\/www.lojadeequipamentos.com.br\/loja\/wp-json\/wp\/v2\/media?parent=4049"}],"wp:term":[{"taxonomy":"product_brand","embeddable":true,"href":"https:\/\/www.lojadeequipamentos.com.br\/loja\/wp-json\/wp\/v2\/product_brand?post=4049"},{"taxonomy":"product_cat","embeddable":true,"href":"https:\/\/www.lojadeequipamentos.com.br\/loja\/wp-json\/wp\/v2\/product_cat?post=4049"},{"taxonomy":"product_tag","embeddable":true,"href":"https:\/\/www.lojadeequipamentos.com.br\/loja\/wp-json\/wp\/v2\/product_tag?post=4049"}],"curies":[{"name":"wp","href":"https:\/\/api.w.org\/{rel}","templated":true}]}}