{"id":3969,"date":"2020-06-13T19:13:38","date_gmt":"2020-06-13T19:13:38","guid":{"rendered":"http:\/\/www.lojadeequipamentos.com.br\/loja\/?post_type=product&#038;p=3969"},"modified":"2020-09-24T00:21:26","modified_gmt":"2020-09-24T00:21:26","slug":"gerador-matsuyama-2tgasolina-mod-950","status":"publish","type":"product","link":"https:\/\/www.lojadeequipamentos.com.br\/loja\/produto\/gerador-matsuyama-2tgasolina-mod-950\/","title":{"rendered":"Gerador Gas 1,8HP &#8211; 0,9 Kva 127V Matsuyama 950"},"content":{"rendered":"<p><strong>Gerador 1,8 HP - 0,9 Kva - 127V Matsuyama Modelo 950 \/ Gasolina 2T Port\u00e1til<\/strong><br \/>\nGerador Port\u00e1til, Estrutura Externa Confeccionado em Tubo Galvanizado com Pintura a \u00d3leo, Partida Manual, Cal\u00e7os em Borracha Anti Vibra\u00e7\u00e3o, Tanque de Combust\u00edvel Confeccionado em Chapa Galvanizada com tratamento Interno Anti-Corros\u00e3o com  Capacidade de 4 Litros e Autonomia M\u00e9dia de Uso de 5 Horas e 30 Minutos. Regulador de Tens\u00e3o por Capacitador, 01 Medidor de Voltagem, Equipamento de Tens\u00e3o de Sa\u00edda de 127V com Pot\u00eancia Nominal de 0,8 KVA. A Corrente Nominal \u00e9 de: 127V de 6 Amperes. Carregador de Baterias de 12V com Corrente de Carga de 8,3 Amperes, Gerador recomend\u00e1vel par uso Campestre, Uso em Pescarias, Uso Dom\u00e9stico Pontual, Uso Emergencial, Uso Comercial para Auxilio de Ilumina\u00e7\u00f5es Pontuais e Equipamentos de Baixa Potencia dentro da Capacidade Nominal do Gerador.<br \/>\nO Combust\u00edvel necess\u00e1rio \u00e9 Gasolina Comum com adicionamento de \u00d3leo 2 Tempos, Obedecendo as Caracter\u00edsticas do \u00d3leo ser: 2 Tempos, API TC, JASO FC ou FD e ISO L-EGD com uma Rela\u00e7\u00e3o de Mistura Combust\u00edvel e \u00d3leo de 50:1. <\/p>\n<p><strong>Misturas: 4 litros de Gasolina para 80ml de \u00d3leo 2 Tempos, 1 litro de Gasolina para 20ml de \u00d3leo 2 Tempos ou 0,5L\/500ml de Gasolina para 10ml de \u00d3leo 2 Tempos.<\/strong><\/p>\n<p>Dados T\u00e9cnicos:                  Mod.126438<br \/>\nTens\u00e3o de Sa\u00edda:                    127V<br \/>\nRegulador de Tens\u00e3o:              Capacitor<br \/>\nFrequ\u00eancia:                         60 Hz<br \/>\nFator de Pot\u00eancia:                  COS=1<br \/>\nPot\u00eancia de Partida:              0,9 KVA<br \/>\nPot\u00eancia Nominal:                 0,8 KVA<br \/>\nCorrente Nominal                     6A<br \/>\nCarregador de Bateria:            12V - 8,3A<br \/>\nCombust\u00edvel:               Gasolina + \u00d3leo 2 Tempos<br \/>\nMistura de Combust\u00edvel e \u00d3leo:      50:1<br \/>\nCapacidade do Tanque:                4L<br \/>\nConsumo de Combust\u00edvel:       0,67 Litros\/Hora<br \/>\nAutonomia M\u00e9dia:                 5h 30 min.<br \/>\nSistema de Partida:                Manual<br \/>\nN\u00edvel de Ru\u00eddo:                  68db a 7m<br \/>\nDimens\u00f5es:(C x L x A)         390 X 320 X 340 mm<br \/>\nPeso:                              18kg <\/p>\n<p>Dados Motor:<br \/>\nPot\u00eancia:                         1,8 HP<br \/>\nRefrigera\u00e7\u00e3o:                       Ar<br \/>\nCilindrada:                       62,8cc<br \/>\nRota\u00e7\u00e3o M\u00e1xima:                  3600 rpm<br \/>\nFiltro de Ar:                      Seco<br \/>\nTipo de \u00d3leo:    2 Tempos, API TC, JASO FC ou FD, ISO L-EGD<br \/>\nSensor de \u00d3leo:                 N\u00e3o possui<br \/>\n<br \/>\n<strong>FAVOR ENTRAR EM CONTATO PARA COTA\u00c7\u00c3O DE FRETE<\/strong><br \/>\n<br \/>\n<a href=\"https:\/\/api.whatsapp.com\/send?phone=5521964144201\"><img loading=\"lazy\" decoding=\"async\" class=\"alignnone size-full wp-image-4307\" alt=\"botao_whatsapp\" src=\"http:\/\/www.lojadeequipamentos.com.br\/loja\/wp-content\/uploads\/2020\/08\/botao_whatsapp.png\" width=\"226\" height=\"82\" \/><\/a><\/p>\n","protected":false},"excerpt":{"rendered":"<strong>Gerador 1,8 HP - 0,9 Kva - 127V Matsuyama Modelo 950 \/ Gasolina 2T Port\u00e1til<\/strong>","protected":false},"featured_media":3989,"comment_status":"open","ping_status":"closed","template":"","meta":{"_links_to":"","_links_to_target":""},"product_brand":[],"product_cat":[3010],"product_tag":[3049,3050,3051,3034,3052,3035,3355,3013,3041,3091,3092,3267,3019,3032,3012,3364,3014,3258,3260,3358,3359,3304,3281,3301,3302,3303,3011,3350,3363,3669,3668,3016,3042,3037,3028,3021,3360,3039,3022,3055,3054,3031,3026,3020,3015,3353,3093,3027,3053,3029,3030,3043,3023,3048,3024,3025,3033,3047,3044,3045,3046],"class_list":{"0":"post-3969","1":"product","2":"type-product","3":"status-publish","4":"has-post-thumbnail","6":"product_cat-gerador","7":"product_tag-2-tempos-gerador","8":"product_tag-2t-gerador","9":"product_tag-gasolina-gerador-mitsuyama","10":"product_tag-gasolina-gerador-portatil","11":"product_tag-gasolina-gerador-portatil-mitsuyama","12":"product_tag-gasolina-matsuyama-gerador","13":"product_tag-gerador-0-9-kva","14":"product_tag-gerador-2-t","15":"product_tag-gerador-2-tempos-mitsuyama","16":"product_tag-gerador-850w","17":"product_tag-gerador-850w-gasolina","18":"product_tag-gerador-850w-gasolina-matsuyama","19":"product_tag-gerador-950","20":"product_tag-gerador-950-matsuyama","21":"product_tag-gerador-a-gasolina","22":"product_tag-gerador-de-0-9-kva-matsuyama","23":"product_tag-gerador-de-2-tempos","24":"product_tag-gerador-de-energia","25":"product_tag-gerador-de-energia-a-gasolina","26":"product_tag-gerador-de-energia-a-gasolina-0-9-kva","27":"product_tag-gerador-de-energia-de-0-9-kva","28":"product_tag-gerador-de-energia-matsuyama","29":"product_tag-gerador-de-energia-matsuyama-a-gasolina","30":"product_tag-gerador-de-energia-matsuyama-de-0-9-kva","31":"product_tag-gerador-de-energia-matsuyama-mod-950","32":"product_tag-gerador-de-energia-matsuyama-modelo-950","33":"product_tag-gerador-de-luz","34":"product_tag-gerador-de-luz-portatil","35":"product_tag-gerador-eletrico-de-0-9-kva","36":"product_tag-gerador-eletrico-matsuyama","37":"product_tag-gerador-eletrico-portatil-matsuyama","38":"product_tag-gerador-gasolina","39":"product_tag-gerador-gasolina-matsuyama-modelo-950","40":"product_tag-gerador-gasolina-mitsuyama","41":"product_tag-gerador-gasolina-portatil","42":"product_tag-gerador-matsuyama","43":"product_tag-gerador-matsuyama-0-9-kva","44":"product_tag-gerador-matsuyama-2t","45":"product_tag-gerador-matsuyama-950","46":"product_tag-gerador-matsuyama-950-portatil","47":"product_tag-gerador-matsuyama-mod-950-portatil","48":"product_tag-gerador-matsuyama-portatil","49":"product_tag-gerador-mod-950","50":"product_tag-gerador-modelo-950","51":"product_tag-gerador-portatil","52":"product_tag-gerador-portatil-127v","53":"product_tag-gerador-portatil-2-tempos","54":"product_tag-gerador-portatil-gasolina","55":"product_tag-gerador-portatil-gasolina-mitsuyama","56":"product_tag-gerador-portatil-matsuyama","57":"product_tag-gerador-portatil-matsuyama-950","58":"product_tag-gerador-portatil-modelo-950-matsuyama","59":"product_tag-matsuyama-gerador","60":"product_tag-matsuyama-gerador-2-tempos","61":"product_tag-matsuyama-gerador-950","62":"product_tag-matsuyama-gerador-gasolina","63":"product_tag-matsuyama-gerador-portatil","64":"product_tag-matsuyama-portatil-gerador","65":"product_tag-portatil-gerador-gasolina","66":"product_tag-portatil-gerador-gasolina-matsuyama","67":"product_tag-portatil-gerador-matsuyama","69":"first","70":"instock","71":"shipping-taxable","72":"product-type-simple"},"yoast_head":"<!-- This site is optimized with the Yoast SEO plugin v27.3 - https:\/\/yoast.com\/product\/yoast-seo-wordpress\/ -->\n<title>Gerador Gas 1,8HP - 0,9 Kva 127V Matsuyama 950  - Loja de Equipamentos<\/title>\n<meta name=\"description\" content=\"Gerador Port\u00e1til Gasolina 1.8HP,Motor 2 Tempos,Potencia Nominal 0,8KVA,Partida Manual,Autonomia Media de 5h30min.Tanque de Combust\u00edvel 4 Litros, Tens\u00e3o 127V\" \/>\n<meta name=\"robots\" content=\"index, follow, max-snippet:-1, max-image-preview:large, max-video-preview:-1\" \/>\n<link rel=\"canonical\" href=\"https:\/\/www.lojadeequipamentos.com.br\/loja\/produto\/gerador-matsuyama-2tgasolina-mod-950\/\" \/>\n<meta property=\"og:locale\" content=\"pt_BR\" \/>\n<meta property=\"og:type\" content=\"article\" \/>\n<meta property=\"og:title\" content=\"Gerador Gas 1,8HP - 0,9 Kva 127V Matsuyama 950  - Loja de Equipamentos\" \/>\n<meta property=\"og:description\" content=\"Gerador Port\u00e1til Gasolina 1.8HP,Motor 2 Tempos,Potencia Nominal 0,8KVA,Partida Manual,Autonomia Media de 5h30min.Tanque de Combust\u00edvel 4 Litros, Tens\u00e3o 127V\" \/>\n<meta property=\"og:url\" content=\"https:\/\/www.lojadeequipamentos.com.br\/loja\/produto\/gerador-matsuyama-2tgasolina-mod-950\/\" \/>\n<meta property=\"og:site_name\" content=\"Loja de Equipamentos\" \/>\n<meta property=\"article:modified_time\" content=\"2020-09-24T00:21:26+00:00\" \/>\n<meta property=\"og:image\" content=\"https:\/\/www.lojadeequipamentos.com.br\/loja\/wp-content\/uploads\/2020\/08\/Gerador-950-G.jpg\" \/>\n\t<meta property=\"og:image:width\" content=\"1000\" \/>\n\t<meta property=\"og:image:height\" content=\"1000\" \/>\n\t<meta property=\"og:image:type\" content=\"image\/jpeg\" \/>\n<meta name=\"twitter:card\" content=\"summary_large_image\" \/>\n<meta name=\"twitter:label1\" content=\"Est. tempo de leitura\" \/>\n\t<meta name=\"twitter:data1\" content=\"2 minutos\" \/>\n<script type=\"application\/ld+json\" class=\"yoast-schema-graph\">{\"@context\":\"https:\\\/\\\/schema.org\",\"@graph\":[{\"@type\":\"WebPage\",\"@id\":\"https:\\\/\\\/www.lojadeequipamentos.com.br\\\/loja\\\/produto\\\/gerador-matsuyama-2tgasolina-mod-950\\\/\",\"url\":\"https:\\\/\\\/www.lojadeequipamentos.com.br\\\/loja\\\/produto\\\/gerador-matsuyama-2tgasolina-mod-950\\\/\",\"name\":\"Gerador Gas 1,8HP - 0,9 Kva 127V Matsuyama 950 - Loja de Equipamentos\",\"isPartOf\":{\"@id\":\"https:\\\/\\\/www.lojadeequipamentos.com.br\\\/loja\\\/#website\"},\"primaryImageOfPage\":{\"@id\":\"https:\\\/\\\/www.lojadeequipamentos.com.br\\\/loja\\\/produto\\\/gerador-matsuyama-2tgasolina-mod-950\\\/#primaryimage\"},\"image\":{\"@id\":\"https:\\\/\\\/www.lojadeequipamentos.com.br\\\/loja\\\/produto\\\/gerador-matsuyama-2tgasolina-mod-950\\\/#primaryimage\"},\"thumbnailUrl\":\"https:\\\/\\\/www.lojadeequipamentos.com.br\\\/loja\\\/wp-content\\\/uploads\\\/2020\\\/08\\\/Gerador-950-G.jpg\",\"datePublished\":\"2020-06-13T19:13:38+00:00\",\"dateModified\":\"2020-09-24T00:21:26+00:00\",\"description\":\"Gerador Port\u00e1til Gasolina 1.8HP,Motor 2 Tempos,Potencia Nominal 0,8KVA,Partida Manual,Autonomia Media de 5h30min.Tanque de Combust\u00edvel 4 Litros, Tens\u00e3o 127V\",\"breadcrumb\":{\"@id\":\"https:\\\/\\\/www.lojadeequipamentos.com.br\\\/loja\\\/produto\\\/gerador-matsuyama-2tgasolina-mod-950\\\/#breadcrumb\"},\"inLanguage\":\"pt-BR\",\"potentialAction\":[{\"@type\":\"ReadAction\",\"target\":[\"https:\\\/\\\/www.lojadeequipamentos.com.br\\\/loja\\\/produto\\\/gerador-matsuyama-2tgasolina-mod-950\\\/\"]}]},{\"@type\":\"ImageObject\",\"inLanguage\":\"pt-BR\",\"@id\":\"https:\\\/\\\/www.lojadeequipamentos.com.br\\\/loja\\\/produto\\\/gerador-matsuyama-2tgasolina-mod-950\\\/#primaryimage\",\"url\":\"https:\\\/\\\/www.lojadeequipamentos.com.br\\\/loja\\\/wp-content\\\/uploads\\\/2020\\\/08\\\/Gerador-950-G.jpg\",\"contentUrl\":\"https:\\\/\\\/www.lojadeequipamentos.com.br\\\/loja\\\/wp-content\\\/uploads\\\/2020\\\/08\\\/Gerador-950-G.jpg\",\"width\":1000,\"height\":1000},{\"@type\":\"BreadcrumbList\",\"@id\":\"https:\\\/\\\/www.lojadeequipamentos.com.br\\\/loja\\\/produto\\\/gerador-matsuyama-2tgasolina-mod-950\\\/#breadcrumb\",\"itemListElement\":[{\"@type\":\"ListItem\",\"position\":1,\"name\":\"In\u00edcio\",\"item\":\"https:\\\/\\\/www.lojadeequipamentos.com.br\\\/loja\\\/\"},{\"@type\":\"ListItem\",\"position\":2,\"name\":\"Loja Virtual\",\"item\":\"https:\\\/\\\/www.lojadeequipamentos.com.br\\\/loja\\\/shop\\\/\"},{\"@type\":\"ListItem\",\"position\":3,\"name\":\"Gerador Gas 1,8HP &#8211; 0,9 Kva 127V Matsuyama 950\"}]},{\"@type\":\"WebSite\",\"@id\":\"https:\\\/\\\/www.lojadeequipamentos.com.br\\\/loja\\\/#website\",\"url\":\"https:\\\/\\\/www.lojadeequipamentos.com.br\\\/loja\\\/\",\"name\":\"Loja de Equipamentos\",\"description\":\"\",\"potentialAction\":[{\"@type\":\"SearchAction\",\"target\":{\"@type\":\"EntryPoint\",\"urlTemplate\":\"https:\\\/\\\/www.lojadeequipamentos.com.br\\\/loja\\\/?s={search_term_string}\"},\"query-input\":{\"@type\":\"PropertyValueSpecification\",\"valueRequired\":true,\"valueName\":\"search_term_string\"}}],\"inLanguage\":\"pt-BR\"}]}<\/script>\n<!-- \/ Yoast SEO plugin. -->","yoast_head_json":{"title":"Gerador Gas 1,8HP - 0,9 Kva 127V Matsuyama 950  - Loja de Equipamentos","description":"Gerador Port\u00e1til Gasolina 1.8HP,Motor 2 Tempos,Potencia Nominal 0,8KVA,Partida Manual,Autonomia Media de 5h30min.Tanque de Combust\u00edvel 4 Litros, Tens\u00e3o 127V","robots":{"index":"index","follow":"follow","max-snippet":"max-snippet:-1","max-image-preview":"max-image-preview:large","max-video-preview":"max-video-preview:-1"},"canonical":"https:\/\/www.lojadeequipamentos.com.br\/loja\/produto\/gerador-matsuyama-2tgasolina-mod-950\/","og_locale":"pt_BR","og_type":"article","og_title":"Gerador Gas 1,8HP - 0,9 Kva 127V Matsuyama 950  - Loja de Equipamentos","og_description":"Gerador Port\u00e1til Gasolina 1.8HP,Motor 2 Tempos,Potencia Nominal 0,8KVA,Partida Manual,Autonomia Media de 5h30min.Tanque de Combust\u00edvel 4 Litros, Tens\u00e3o 127V","og_url":"https:\/\/www.lojadeequipamentos.com.br\/loja\/produto\/gerador-matsuyama-2tgasolina-mod-950\/","og_site_name":"Loja de Equipamentos","article_modified_time":"2020-09-24T00:21:26+00:00","og_image":[{"width":1000,"height":1000,"url":"https:\/\/www.lojadeequipamentos.com.br\/loja\/wp-content\/uploads\/2020\/08\/Gerador-950-G.jpg","type":"image\/jpeg"}],"twitter_card":"summary_large_image","twitter_misc":{"Est. tempo de leitura":"2 minutos"},"schema":{"@context":"https:\/\/schema.org","@graph":[{"@type":"WebPage","@id":"https:\/\/www.lojadeequipamentos.com.br\/loja\/produto\/gerador-matsuyama-2tgasolina-mod-950\/","url":"https:\/\/www.lojadeequipamentos.com.br\/loja\/produto\/gerador-matsuyama-2tgasolina-mod-950\/","name":"Gerador Gas 1,8HP - 0,9 Kva 127V Matsuyama 950 - Loja de Equipamentos","isPartOf":{"@id":"https:\/\/www.lojadeequipamentos.com.br\/loja\/#website"},"primaryImageOfPage":{"@id":"https:\/\/www.lojadeequipamentos.com.br\/loja\/produto\/gerador-matsuyama-2tgasolina-mod-950\/#primaryimage"},"image":{"@id":"https:\/\/www.lojadeequipamentos.com.br\/loja\/produto\/gerador-matsuyama-2tgasolina-mod-950\/#primaryimage"},"thumbnailUrl":"https:\/\/www.lojadeequipamentos.com.br\/loja\/wp-content\/uploads\/2020\/08\/Gerador-950-G.jpg","datePublished":"2020-06-13T19:13:38+00:00","dateModified":"2020-09-24T00:21:26+00:00","description":"Gerador Port\u00e1til Gasolina 1.8HP,Motor 2 Tempos,Potencia Nominal 0,8KVA,Partida Manual,Autonomia Media de 5h30min.Tanque de Combust\u00edvel 4 Litros, Tens\u00e3o 127V","breadcrumb":{"@id":"https:\/\/www.lojadeequipamentos.com.br\/loja\/produto\/gerador-matsuyama-2tgasolina-mod-950\/#breadcrumb"},"inLanguage":"pt-BR","potentialAction":[{"@type":"ReadAction","target":["https:\/\/www.lojadeequipamentos.com.br\/loja\/produto\/gerador-matsuyama-2tgasolina-mod-950\/"]}]},{"@type":"ImageObject","inLanguage":"pt-BR","@id":"https:\/\/www.lojadeequipamentos.com.br\/loja\/produto\/gerador-matsuyama-2tgasolina-mod-950\/#primaryimage","url":"https:\/\/www.lojadeequipamentos.com.br\/loja\/wp-content\/uploads\/2020\/08\/Gerador-950-G.jpg","contentUrl":"https:\/\/www.lojadeequipamentos.com.br\/loja\/wp-content\/uploads\/2020\/08\/Gerador-950-G.jpg","width":1000,"height":1000},{"@type":"BreadcrumbList","@id":"https:\/\/www.lojadeequipamentos.com.br\/loja\/produto\/gerador-matsuyama-2tgasolina-mod-950\/#breadcrumb","itemListElement":[{"@type":"ListItem","position":1,"name":"In\u00edcio","item":"https:\/\/www.lojadeequipamentos.com.br\/loja\/"},{"@type":"ListItem","position":2,"name":"Loja Virtual","item":"https:\/\/www.lojadeequipamentos.com.br\/loja\/shop\/"},{"@type":"ListItem","position":3,"name":"Gerador Gas 1,8HP &#8211; 0,9 Kva 127V Matsuyama 950"}]},{"@type":"WebSite","@id":"https:\/\/www.lojadeequipamentos.com.br\/loja\/#website","url":"https:\/\/www.lojadeequipamentos.com.br\/loja\/","name":"Loja de Equipamentos","description":"","potentialAction":[{"@type":"SearchAction","target":{"@type":"EntryPoint","urlTemplate":"https:\/\/www.lojadeequipamentos.com.br\/loja\/?s={search_term_string}"},"query-input":{"@type":"PropertyValueSpecification","valueRequired":true,"valueName":"search_term_string"}}],"inLanguage":"pt-BR"}]}},"_links":{"self":[{"href":"https:\/\/www.lojadeequipamentos.com.br\/loja\/wp-json\/wp\/v2\/product\/3969","targetHints":{"allow":["GET"]}}],"collection":[{"href":"https:\/\/www.lojadeequipamentos.com.br\/loja\/wp-json\/wp\/v2\/product"}],"about":[{"href":"https:\/\/www.lojadeequipamentos.com.br\/loja\/wp-json\/wp\/v2\/types\/product"}],"replies":[{"embeddable":true,"href":"https:\/\/www.lojadeequipamentos.com.br\/loja\/wp-json\/wp\/v2\/comments?post=3969"}],"wp:featuredmedia":[{"embeddable":true,"href":"https:\/\/www.lojadeequipamentos.com.br\/loja\/wp-json\/wp\/v2\/media\/3989"}],"wp:attachment":[{"href":"https:\/\/www.lojadeequipamentos.com.br\/loja\/wp-json\/wp\/v2\/media?parent=3969"}],"wp:term":[{"taxonomy":"product_brand","embeddable":true,"href":"https:\/\/www.lojadeequipamentos.com.br\/loja\/wp-json\/wp\/v2\/product_brand?post=3969"},{"taxonomy":"product_cat","embeddable":true,"href":"https:\/\/www.lojadeequipamentos.com.br\/loja\/wp-json\/wp\/v2\/product_cat?post=3969"},{"taxonomy":"product_tag","embeddable":true,"href":"https:\/\/www.lojadeequipamentos.com.br\/loja\/wp-json\/wp\/v2\/product_tag?post=3969"}],"curies":[{"name":"wp","href":"https:\/\/api.w.org\/{rel}","templated":true}]}}