{"id":3783,"date":"2019-08-25T03:28:56","date_gmt":"2019-08-25T03:28:56","guid":{"rendered":"http:\/\/www.lojadeequipamentos.com.br\/loja\/?post_type=product&#038;p=3783"},"modified":"2023-09-17T16:03:47","modified_gmt":"2023-09-17T16:03:47","slug":"sanduicheira-elet-ssge-spl-giga-estriadacroydon","status":"publish","type":"product","link":"https:\/\/www.lojadeequipamentos.com.br\/loja\/produto\/sanduicheira-elet-ssge-spl-giga-estriadacroydon\/","title":{"rendered":"Sanduicheira Elet. SSGE Estriada Croydon"},"content":{"rendered":"<h2>Sanduicheira El\u00e9trica Simples Gigante de Mesa c\/ Chapas Estriadas SSGE Croydon<\/h2>\n<p>\nDescri\u00e7\u00e3o: Sanduicheira El\u00e9trica Simples Gigante de Mesa c\/ Chapas Estriadas, resist\u00eancias de (220v) 3200W ou (127v) 1550W, termostato regul\u00e1vel, gabinete em a\u00e7o inox, caixa frontal em inox de reten\u00e7\u00e3o de gordura, anteparo traseiro em alum\u00ednio para evitar queda de res\u00edduos para a parte traseira da sanduicheira, Chapas de contato superior e inferior em alum\u00ednio fundido e aquecidas, bra\u00e7o de articula\u00e7\u00e3o da chapa superior em a\u00e7o inox, dispositivo protetor t\u00e9rmico com RESET MANUAL (Termostato de seguran\u00e7a), desativando as resist\u00eancias caso a temperatura da(s) placa(s) atinja(m) o n\u00edvel de seguran\u00e7a de 320\u00b0C., prensa de fechamento ajust\u00e1vel com limitador, l\u00e2mpada piloto e cal\u00e7os de borracha.<br \/>\n<br \/>\nDados T\u00e9cnicos<br \/>\nCapacidade Nominal: 12 sanduiches<br \/>\nPot\u00eancia: (220v) 3200W ou (127v) 1550W<br \/>\nCorrente: (220v) 14,5A ou (127v) 12,2A<br \/>\nConsumo: (220v) 1,6kw\/h ou (127v) 0,78kw\/h<br \/>\nAltura: 32cm  Largura: 53cm  Profundidade: 62cm<br \/>\nPeso L\u00edquido: 25kg  Peso Bruto: 26,3kg<br \/>\nGarantia: 03 meses<br \/>\nExce\u00e7\u00f5es: Esta garantia n\u00e3o se aplica \u00e0 manuten\u00e7\u00e3o normal do equipamento,incluindo (mas n\u00e3o limitado a) limpeza e lubrifica\u00e7\u00e3o.<br \/>\n<br \/>\n<strong>FAZER COTA\u00c7\u00c3O DE FRETE ANTES DE COMPRAR A MERCADORIA<\/strong><br \/>\n<br \/>\n<a href=\"https:\/\/api.whatsapp.com\/send?phone=5521964144201\"><img loading=\"lazy\" decoding=\"async\" class=\"alignnone size-full wp-image-4307\" alt=\"botao_whatsapp\" src=\"http:\/\/www.lojadeequipamentos.com.br\/loja\/wp-content\/uploads\/2020\/08\/botao_whatsapp.png\" width=\"226\" height=\"82\" \/><\/a><\/p>\n","protected":false},"excerpt":{"rendered":"<strong>Sanduicheira El\u00e9trica Simples Gigante de Mesa c\/ Chapas Estriadas SSGE - Croydon<\/strong>","protected":false},"featured_media":4718,"comment_status":"open","ping_status":"closed","template":"","meta":{"_links_to":"","_links_to_target":""},"product_brand":[],"product_cat":[2903],"product_tag":[2982,4580,4581,4582,4583,2983,2984,4487,4488,2939,2966,2923,2985,2986,2926,2987,2924,2925,2988,2989,2990,2942,2974,2991,2992,2993,2994,2995,2996,2997,2998,4485,4490,4486,4491,4483,4484,4489],"class_list":{"0":"post-3783","1":"product","2":"type-product","3":"status-publish","4":"has-post-thumbnail","6":"product_cat-sanduicheira","7":"product_tag-croydon-sanduicheira-chapa-estriada-ssge","8":"product_tag-croydon-sanduicheira-eletrica","9":"product_tag-croydon-sanduicheira-eletrica-ssge","10":"product_tag-croydon-sanduicheira-gigante","11":"product_tag-croydon-sanduicheira-simples-gigante","12":"product_tag-croydon-sanduicheira-ssge","13":"product_tag-croydon-ssge","14":"product_tag-croydon-ssge-1","15":"product_tag-croydon-ssge-2","16":"product_tag-eletrica-sanduicheira-croydon","17":"product_tag-eletrica-sanduicheira-gigante","18":"product_tag-sanduicheira-2","19":"product_tag-sanduicheira-chapa-estriada-croydon-ssge","20":"product_tag-sanduicheira-chapa-estriada-ssge","21":"product_tag-sanduicheira-croydon","22":"product_tag-sanduicheira-croydon-ssge","23":"product_tag-sanduicheira-eletrica-2","24":"product_tag-sanduicheira-eletrica-croydon","25":"product_tag-sanduicheira-eletrica-gigante-croydon-ssge","26":"product_tag-sanduicheira-eletrica-gigante-simples-ssge","27":"product_tag-sanduicheira-eletrica-simples-chapa-gigante-estriada-ssge","28":"product_tag-sanduicheira-eletrica-simples-croydon","29":"product_tag-sanduicheira-eletrica-simples-gigante","30":"product_tag-sanduicheira-eletrica-simples-gigante-chapa-estriada","31":"product_tag-sanduicheira-eletrica-simples-gigante-chapa-estriada-croydon","32":"product_tag-sanduicheira-eletrica-simples-gigante-chapa-estriada-croydon-ssge","33":"product_tag-sanduicheira-eletrica-simples-gigante-croydon-ssge","34":"product_tag-sanduicheira-eletrica-ssge","35":"product_tag-sanduicheira-gigante-chapa-estriada","36":"product_tag-sanduicheira-gigante-chapa-estriada-croydon","37":"product_tag-sanduicheira-ssge","38":"product_tag-sanduicheira-ssge-1","39":"product_tag-sanduicheira-ssge-1-croydon","40":"product_tag-sanduicheira-ssge-2","41":"product_tag-sanduicheira-ssge-2-croydon","42":"product_tag-ssge-1","43":"product_tag-ssge-2","44":"product_tag-ssge-2-croydon","46":"first","47":"instock","48":"shipping-taxable","49":"purchasable","50":"product-type-simple"},"yoast_head":"<!-- This site is optimized with the Yoast SEO plugin v27.3 - https:\/\/yoast.com\/product\/yoast-seo-wordpress\/ -->\n<title>Sanduicheira Elet. SSGE Estriada Croydon - Loja de Equipamentos<\/title>\n<meta name=\"description\" content=\"Sanduicheira El\u00e9trica SSGE Croydon R$ 2.792,70 Chapa Estriada Alum.Fundido, Resist. (220v)3200W ou (127v)1550W, Gab. A\u00e7o Inox\" \/>\n<meta name=\"robots\" content=\"index, follow, max-snippet:-1, max-image-preview:large, max-video-preview:-1\" \/>\n<link rel=\"canonical\" href=\"https:\/\/www.lojadeequipamentos.com.br\/loja\/produto\/sanduicheira-elet-ssge-spl-giga-estriadacroydon\/\" \/>\n<meta property=\"og:locale\" content=\"pt_BR\" \/>\n<meta property=\"og:type\" content=\"article\" \/>\n<meta property=\"og:title\" content=\"Sanduicheira Elet. SSGE Estriada Croydon - Loja de Equipamentos\" \/>\n<meta property=\"og:description\" content=\"Sanduicheira El\u00e9trica SSGE Croydon R$ 2.792,70 Chapa Estriada Alum.Fundido, Resist. (220v)3200W ou (127v)1550W, Gab. A\u00e7o Inox\" \/>\n<meta property=\"og:url\" content=\"https:\/\/www.lojadeequipamentos.com.br\/loja\/produto\/sanduicheira-elet-ssge-spl-giga-estriadacroydon\/\" \/>\n<meta property=\"og:site_name\" content=\"Loja de Equipamentos\" \/>\n<meta property=\"article:modified_time\" content=\"2023-09-17T16:03:47+00:00\" \/>\n<meta property=\"og:image\" content=\"https:\/\/www.lojadeequipamentos.com.br\/loja\/wp-content\/uploads\/2020\/12\/sanduicheira-ssge-loja-de-equipamentos.jpg\" \/>\n\t<meta property=\"og:image:width\" content=\"270\" \/>\n\t<meta property=\"og:image:height\" content=\"200\" \/>\n\t<meta property=\"og:image:type\" content=\"image\/jpeg\" \/>\n<meta name=\"twitter:card\" content=\"summary_large_image\" \/>\n<meta name=\"twitter:label1\" content=\"Est. tempo de leitura\" \/>\n\t<meta name=\"twitter:data1\" content=\"2 minutos\" \/>\n<script type=\"application\/ld+json\" class=\"yoast-schema-graph\">{\"@context\":\"https:\\\/\\\/schema.org\",\"@graph\":[{\"@type\":\"WebPage\",\"@id\":\"https:\\\/\\\/www.lojadeequipamentos.com.br\\\/loja\\\/produto\\\/sanduicheira-elet-ssge-spl-giga-estriadacroydon\\\/\",\"url\":\"https:\\\/\\\/www.lojadeequipamentos.com.br\\\/loja\\\/produto\\\/sanduicheira-elet-ssge-spl-giga-estriadacroydon\\\/\",\"name\":\"Sanduicheira Elet. SSGE Estriada Croydon - Loja de Equipamentos\",\"isPartOf\":{\"@id\":\"https:\\\/\\\/www.lojadeequipamentos.com.br\\\/loja\\\/#website\"},\"primaryImageOfPage\":{\"@id\":\"https:\\\/\\\/www.lojadeequipamentos.com.br\\\/loja\\\/produto\\\/sanduicheira-elet-ssge-spl-giga-estriadacroydon\\\/#primaryimage\"},\"image\":{\"@id\":\"https:\\\/\\\/www.lojadeequipamentos.com.br\\\/loja\\\/produto\\\/sanduicheira-elet-ssge-spl-giga-estriadacroydon\\\/#primaryimage\"},\"thumbnailUrl\":\"https:\\\/\\\/www.lojadeequipamentos.com.br\\\/loja\\\/wp-content\\\/uploads\\\/2020\\\/12\\\/sanduicheira-ssge-loja-de-equipamentos.jpg\",\"datePublished\":\"2019-08-25T03:28:56+00:00\",\"dateModified\":\"2023-09-17T16:03:47+00:00\",\"description\":\"Sanduicheira El\u00e9trica SSGE Croydon R$ 2.792,70 Chapa Estriada Alum.Fundido, Resist. (220v)3200W ou (127v)1550W, Gab. A\u00e7o Inox\",\"breadcrumb\":{\"@id\":\"https:\\\/\\\/www.lojadeequipamentos.com.br\\\/loja\\\/produto\\\/sanduicheira-elet-ssge-spl-giga-estriadacroydon\\\/#breadcrumb\"},\"inLanguage\":\"pt-BR\",\"potentialAction\":[{\"@type\":\"ReadAction\",\"target\":[\"https:\\\/\\\/www.lojadeequipamentos.com.br\\\/loja\\\/produto\\\/sanduicheira-elet-ssge-spl-giga-estriadacroydon\\\/\"]}]},{\"@type\":\"ImageObject\",\"inLanguage\":\"pt-BR\",\"@id\":\"https:\\\/\\\/www.lojadeequipamentos.com.br\\\/loja\\\/produto\\\/sanduicheira-elet-ssge-spl-giga-estriadacroydon\\\/#primaryimage\",\"url\":\"https:\\\/\\\/www.lojadeequipamentos.com.br\\\/loja\\\/wp-content\\\/uploads\\\/2020\\\/12\\\/sanduicheira-ssge-loja-de-equipamentos.jpg\",\"contentUrl\":\"https:\\\/\\\/www.lojadeequipamentos.com.br\\\/loja\\\/wp-content\\\/uploads\\\/2020\\\/12\\\/sanduicheira-ssge-loja-de-equipamentos.jpg\",\"width\":270,\"height\":200},{\"@type\":\"BreadcrumbList\",\"@id\":\"https:\\\/\\\/www.lojadeequipamentos.com.br\\\/loja\\\/produto\\\/sanduicheira-elet-ssge-spl-giga-estriadacroydon\\\/#breadcrumb\",\"itemListElement\":[{\"@type\":\"ListItem\",\"position\":1,\"name\":\"In\u00edcio\",\"item\":\"https:\\\/\\\/www.lojadeequipamentos.com.br\\\/loja\\\/\"},{\"@type\":\"ListItem\",\"position\":2,\"name\":\"Loja Virtual\",\"item\":\"https:\\\/\\\/www.lojadeequipamentos.com.br\\\/loja\\\/shop\\\/\"},{\"@type\":\"ListItem\",\"position\":3,\"name\":\"Sanduicheira Elet. SSGE Estriada Croydon\"}]},{\"@type\":\"WebSite\",\"@id\":\"https:\\\/\\\/www.lojadeequipamentos.com.br\\\/loja\\\/#website\",\"url\":\"https:\\\/\\\/www.lojadeequipamentos.com.br\\\/loja\\\/\",\"name\":\"Loja de Equipamentos\",\"description\":\"\",\"potentialAction\":[{\"@type\":\"SearchAction\",\"target\":{\"@type\":\"EntryPoint\",\"urlTemplate\":\"https:\\\/\\\/www.lojadeequipamentos.com.br\\\/loja\\\/?s={search_term_string}\"},\"query-input\":{\"@type\":\"PropertyValueSpecification\",\"valueRequired\":true,\"valueName\":\"search_term_string\"}}],\"inLanguage\":\"pt-BR\"}]}<\/script>\n<!-- \/ Yoast SEO plugin. -->","yoast_head_json":{"title":"Sanduicheira Elet. SSGE Estriada Croydon - Loja de Equipamentos","description":"Sanduicheira El\u00e9trica SSGE Croydon R$ 2.792,70 Chapa Estriada Alum.Fundido, Resist. (220v)3200W ou (127v)1550W, Gab. A\u00e7o Inox","robots":{"index":"index","follow":"follow","max-snippet":"max-snippet:-1","max-image-preview":"max-image-preview:large","max-video-preview":"max-video-preview:-1"},"canonical":"https:\/\/www.lojadeequipamentos.com.br\/loja\/produto\/sanduicheira-elet-ssge-spl-giga-estriadacroydon\/","og_locale":"pt_BR","og_type":"article","og_title":"Sanduicheira Elet. SSGE Estriada Croydon - Loja de Equipamentos","og_description":"Sanduicheira El\u00e9trica SSGE Croydon R$ 2.792,70 Chapa Estriada Alum.Fundido, Resist. (220v)3200W ou (127v)1550W, Gab. A\u00e7o Inox","og_url":"https:\/\/www.lojadeequipamentos.com.br\/loja\/produto\/sanduicheira-elet-ssge-spl-giga-estriadacroydon\/","og_site_name":"Loja de Equipamentos","article_modified_time":"2023-09-17T16:03:47+00:00","og_image":[{"width":270,"height":200,"url":"https:\/\/www.lojadeequipamentos.com.br\/loja\/wp-content\/uploads\/2020\/12\/sanduicheira-ssge-loja-de-equipamentos.jpg","type":"image\/jpeg"}],"twitter_card":"summary_large_image","twitter_misc":{"Est. tempo de leitura":"2 minutos"},"schema":{"@context":"https:\/\/schema.org","@graph":[{"@type":"WebPage","@id":"https:\/\/www.lojadeequipamentos.com.br\/loja\/produto\/sanduicheira-elet-ssge-spl-giga-estriadacroydon\/","url":"https:\/\/www.lojadeequipamentos.com.br\/loja\/produto\/sanduicheira-elet-ssge-spl-giga-estriadacroydon\/","name":"Sanduicheira Elet. SSGE Estriada Croydon - Loja de Equipamentos","isPartOf":{"@id":"https:\/\/www.lojadeequipamentos.com.br\/loja\/#website"},"primaryImageOfPage":{"@id":"https:\/\/www.lojadeequipamentos.com.br\/loja\/produto\/sanduicheira-elet-ssge-spl-giga-estriadacroydon\/#primaryimage"},"image":{"@id":"https:\/\/www.lojadeequipamentos.com.br\/loja\/produto\/sanduicheira-elet-ssge-spl-giga-estriadacroydon\/#primaryimage"},"thumbnailUrl":"https:\/\/www.lojadeequipamentos.com.br\/loja\/wp-content\/uploads\/2020\/12\/sanduicheira-ssge-loja-de-equipamentos.jpg","datePublished":"2019-08-25T03:28:56+00:00","dateModified":"2023-09-17T16:03:47+00:00","description":"Sanduicheira El\u00e9trica SSGE Croydon R$ 2.792,70 Chapa Estriada Alum.Fundido, Resist. (220v)3200W ou (127v)1550W, Gab. A\u00e7o Inox","breadcrumb":{"@id":"https:\/\/www.lojadeequipamentos.com.br\/loja\/produto\/sanduicheira-elet-ssge-spl-giga-estriadacroydon\/#breadcrumb"},"inLanguage":"pt-BR","potentialAction":[{"@type":"ReadAction","target":["https:\/\/www.lojadeequipamentos.com.br\/loja\/produto\/sanduicheira-elet-ssge-spl-giga-estriadacroydon\/"]}]},{"@type":"ImageObject","inLanguage":"pt-BR","@id":"https:\/\/www.lojadeequipamentos.com.br\/loja\/produto\/sanduicheira-elet-ssge-spl-giga-estriadacroydon\/#primaryimage","url":"https:\/\/www.lojadeequipamentos.com.br\/loja\/wp-content\/uploads\/2020\/12\/sanduicheira-ssge-loja-de-equipamentos.jpg","contentUrl":"https:\/\/www.lojadeequipamentos.com.br\/loja\/wp-content\/uploads\/2020\/12\/sanduicheira-ssge-loja-de-equipamentos.jpg","width":270,"height":200},{"@type":"BreadcrumbList","@id":"https:\/\/www.lojadeequipamentos.com.br\/loja\/produto\/sanduicheira-elet-ssge-spl-giga-estriadacroydon\/#breadcrumb","itemListElement":[{"@type":"ListItem","position":1,"name":"In\u00edcio","item":"https:\/\/www.lojadeequipamentos.com.br\/loja\/"},{"@type":"ListItem","position":2,"name":"Loja Virtual","item":"https:\/\/www.lojadeequipamentos.com.br\/loja\/shop\/"},{"@type":"ListItem","position":3,"name":"Sanduicheira Elet. SSGE Estriada Croydon"}]},{"@type":"WebSite","@id":"https:\/\/www.lojadeequipamentos.com.br\/loja\/#website","url":"https:\/\/www.lojadeequipamentos.com.br\/loja\/","name":"Loja de Equipamentos","description":"","potentialAction":[{"@type":"SearchAction","target":{"@type":"EntryPoint","urlTemplate":"https:\/\/www.lojadeequipamentos.com.br\/loja\/?s={search_term_string}"},"query-input":{"@type":"PropertyValueSpecification","valueRequired":true,"valueName":"search_term_string"}}],"inLanguage":"pt-BR"}]}},"_links":{"self":[{"href":"https:\/\/www.lojadeequipamentos.com.br\/loja\/wp-json\/wp\/v2\/product\/3783","targetHints":{"allow":["GET"]}}],"collection":[{"href":"https:\/\/www.lojadeequipamentos.com.br\/loja\/wp-json\/wp\/v2\/product"}],"about":[{"href":"https:\/\/www.lojadeequipamentos.com.br\/loja\/wp-json\/wp\/v2\/types\/product"}],"replies":[{"embeddable":true,"href":"https:\/\/www.lojadeequipamentos.com.br\/loja\/wp-json\/wp\/v2\/comments?post=3783"}],"wp:featuredmedia":[{"embeddable":true,"href":"https:\/\/www.lojadeequipamentos.com.br\/loja\/wp-json\/wp\/v2\/media\/4718"}],"wp:attachment":[{"href":"https:\/\/www.lojadeequipamentos.com.br\/loja\/wp-json\/wp\/v2\/media?parent=3783"}],"wp:term":[{"taxonomy":"product_brand","embeddable":true,"href":"https:\/\/www.lojadeequipamentos.com.br\/loja\/wp-json\/wp\/v2\/product_brand?post=3783"},{"taxonomy":"product_cat","embeddable":true,"href":"https:\/\/www.lojadeequipamentos.com.br\/loja\/wp-json\/wp\/v2\/product_cat?post=3783"},{"taxonomy":"product_tag","embeddable":true,"href":"https:\/\/www.lojadeequipamentos.com.br\/loja\/wp-json\/wp\/v2\/product_tag?post=3783"}],"curies":[{"name":"wp","href":"https:\/\/api.w.org\/{rel}","templated":true}]}}