{"id":3777,"date":"2019-08-25T02:23:16","date_gmt":"2019-08-25T02:23:16","guid":{"rendered":"http:\/\/www.lojadeequipamentos.com.br\/loja\/?post_type=product&#038;p=3777"},"modified":"2025-02-14T17:33:13","modified_gmt":"2025-02-14T17:33:13","slug":"sanduicheira-elet-sase-spl-estriada-croydon","status":"publish","type":"product","link":"https:\/\/www.lojadeequipamentos.com.br\/loja\/produto\/sanduicheira-elet-sase-spl-estriada-croydon\/","title":{"rendered":"Sanduicheira Elet. SASE Spl. Estriada Croydon"},"content":{"rendered":"<h2>Sanduicheira El\u00e9trica Simples de Mesa c\/ Chapa Estriada SASE Croydon<\/h2>\n<p>\nDescri\u00e7\u00e3o: Sanduicheira El\u00e9trica SASE Simples de Mesa c\/ Chapa Estriada, resist\u00eancias de (220v) 2500W ou (127v) 1600W, termostato regul\u00e1vel, gabinete em a\u00e7o inox, caixa frontal em inox de reten\u00e7\u00e3o de gordura, anteparo traseiro em alum\u00ednio para evitar queda de res\u00edduos para a parte traseira da sanduicheira, Chapas de contato superior e inferior em alum\u00ednio fundido e aquecidas, bra\u00e7o de articula\u00e7\u00e3o da chapa superior em a\u00e7o inox, dispositivo protetor t\u00e9rmico com RESET MANUAL (Termostato de seguran\u00e7a), desativando as resist\u00eancias caso a temperatura da(s) placa(s) atinja(m) o n\u00edvel de seguran\u00e7a de 320\u00b0C., prensa de fechamento ajust\u00e1vel com limitador e l\u00e2mpada piloto.<br \/>\n<br \/>\nDados T\u00e9cnicos<br \/>\nCapacidade Nominal: 9 sanduiches<br \/>\nPot\u00eancia: (220v) 2500W ou (127v) 1600W<br \/>\nCorrente: (220v) 11,4A ou (127v) 12,5A<br \/>\nConsumo: (220v) 1,3kw\/h ou (127v) 0,8kw\/h<br \/>\nAltura: 30cm  Largura: 43cm  Profundidade: 50cm<br \/>\nPeso L\u00edquido: 14,5kg  Peso Bruto: 15,8kg<br \/>\nGarantia: 03 meses<br \/>\nExce\u00e7\u00f5es: Esta garantia n\u00e3o se aplica \u00e0 manuten\u00e7\u00e3o normal do equipamento,incluindo (mas n\u00e3o limitado a) limpeza e lubrifica\u00e7\u00e3o.<br \/>\n<br \/>\n<strong>FAZER COTA\u00c7\u00c3O DE FRETE ANTES DE COMPRAR A MERCADORIA<\/strong><br \/>\n<br \/>\n<a href=\"https:\/\/api.whatsapp.com\/send?phone=5521964144201\"><img loading=\"lazy\" decoding=\"async\" class=\"alignnone size-full wp-image-4307\" alt=\"botao_whatsapp\" src=\"http:\/\/www.lojadeequipamentos.com.br\/loja\/wp-content\/uploads\/2020\/08\/botao_whatsapp.png\" width=\"226\" height=\"82\" \/><\/a><\/p>\n","protected":false},"excerpt":{"rendered":"<strong>Sanduicheira El\u00e9trica Simples de Mesa c\/Chapa Estriada SASE Croydon<\/strong>","protected":false},"featured_media":4713,"comment_status":"open","ping_status":"closed","template":"","meta":{"_links_to":"","_links_to_target":""},"product_brand":[],"product_cat":[2903],"product_tag":[2948,4589,4587,2949,4586,4588,2950,2938,2939,2923,2951,2952,2953,2954,2926,2955,2924,2925,2956,2957,2940,2941,2943,2958,2959,2942,2960,2961,2962],"class_list":{"0":"post-3777","1":"product","2":"type-product","3":"status-publish","4":"has-post-thumbnail","6":"product_cat-sanduicheira","7":"product_tag-croydon-sanduicheira-chapa-estriada-sase","8":"product_tag-croydon-sanduicheira-eletrica-sase","9":"product_tag-croydon-sanduicheira-eletrica-simples","10":"product_tag-croydon-sanduicheira-sase","11":"product_tag-croydon-sanduicheira-simples","12":"product_tag-croydon-sanduicheira-simples-estriada","13":"product_tag-croydon-sase","14":"product_tag-eletrica-sanduicheira","15":"product_tag-eletrica-sanduicheira-croydon","16":"product_tag-sanduicheira-2","17":"product_tag-sanduicheira-chapa-estriada","18":"product_tag-sanduicheira-chapa-estriada-croydon","19":"product_tag-sanduicheira-chapa-estriada-croydon-sase","20":"product_tag-sanduicheira-chapa-estriada-sase","21":"product_tag-sanduicheira-croydon","22":"product_tag-sanduicheira-croydon-sase","23":"product_tag-sanduicheira-eletrica-2","24":"product_tag-sanduicheira-eletrica-croydon","25":"product_tag-sanduicheira-eletrica-croydon-sase","26":"product_tag-sanduicheira-eletrica-sase","27":"product_tag-sanduicheira-eletrica-simples","28":"product_tag-sanduicheira-eletrica-simples-chapa-lisa","29":"product_tag-sanduicheira-eletrica-simples-chapa-lisa-croydon","30":"product_tag-sanduicheira-eletrica-simples-chapa-lisa-croydon-sase","31":"product_tag-sanduicheira-eletrica-simples-chapa-lisa-sase","32":"product_tag-sanduicheira-eletrica-simples-croydon","33":"product_tag-sanduicheira-eletrica-simples-croydon-sase","34":"product_tag-sanduicheira-eletrica-simples-sase","35":"product_tag-sanduicheira-sase","37":"first","38":"instock","39":"shipping-taxable","40":"purchasable","41":"product-type-simple"},"yoast_head":"<!-- This site is optimized with the Yoast SEO plugin v27.3 - https:\/\/yoast.com\/product\/yoast-seo-wordpress\/ -->\n<title>Sanduicheira Elet. SASE Spl. Estriada Croydon - Loja de Equipamentos<\/title>\n<meta name=\"description\" content=\"Sanduicheira El\u00e9trica SASE Croydon R$2.068,20 Chapa Estriada Alum\u00ednio Fundido Resist.(220v)2500W ou (127v)1600W Gab. Inox\" \/>\n<meta name=\"robots\" content=\"index, follow, max-snippet:-1, max-image-preview:large, max-video-preview:-1\" \/>\n<link rel=\"canonical\" href=\"https:\/\/www.lojadeequipamentos.com.br\/loja\/produto\/sanduicheira-elet-sase-spl-estriada-croydon\/\" \/>\n<meta property=\"og:locale\" content=\"pt_BR\" \/>\n<meta property=\"og:type\" content=\"article\" \/>\n<meta property=\"og:title\" content=\"Sanduicheira Elet. SASE Spl. Estriada Croydon - Loja de Equipamentos\" \/>\n<meta property=\"og:description\" content=\"Sanduicheira El\u00e9trica SASE Croydon R$2.068,20 Chapa Estriada Alum\u00ednio Fundido Resist.(220v)2500W ou (127v)1600W Gab. Inox\" \/>\n<meta property=\"og:url\" content=\"https:\/\/www.lojadeequipamentos.com.br\/loja\/produto\/sanduicheira-elet-sase-spl-estriada-croydon\/\" \/>\n<meta property=\"og:site_name\" content=\"Loja de Equipamentos\" \/>\n<meta property=\"article:modified_time\" content=\"2025-02-14T17:33:13+00:00\" \/>\n<meta property=\"og:image\" content=\"https:\/\/www.lojadeequipamentos.com.br\/loja\/wp-content\/uploads\/2020\/12\/sanduicheira-sase-loja-de-equipamentos.jpg\" \/>\n\t<meta property=\"og:image:width\" content=\"270\" \/>\n\t<meta property=\"og:image:height\" content=\"200\" \/>\n\t<meta property=\"og:image:type\" content=\"image\/jpeg\" \/>\n<meta name=\"twitter:card\" content=\"summary_large_image\" \/>\n<meta name=\"twitter:label1\" content=\"Est. tempo de leitura\" \/>\n\t<meta name=\"twitter:data1\" content=\"2 minutos\" \/>\n<script type=\"application\/ld+json\" class=\"yoast-schema-graph\">{\"@context\":\"https:\\\/\\\/schema.org\",\"@graph\":[{\"@type\":\"WebPage\",\"@id\":\"https:\\\/\\\/www.lojadeequipamentos.com.br\\\/loja\\\/produto\\\/sanduicheira-elet-sase-spl-estriada-croydon\\\/\",\"url\":\"https:\\\/\\\/www.lojadeequipamentos.com.br\\\/loja\\\/produto\\\/sanduicheira-elet-sase-spl-estriada-croydon\\\/\",\"name\":\"Sanduicheira Elet. SASE Spl. Estriada Croydon - Loja de Equipamentos\",\"isPartOf\":{\"@id\":\"https:\\\/\\\/www.lojadeequipamentos.com.br\\\/loja\\\/#website\"},\"primaryImageOfPage\":{\"@id\":\"https:\\\/\\\/www.lojadeequipamentos.com.br\\\/loja\\\/produto\\\/sanduicheira-elet-sase-spl-estriada-croydon\\\/#primaryimage\"},\"image\":{\"@id\":\"https:\\\/\\\/www.lojadeequipamentos.com.br\\\/loja\\\/produto\\\/sanduicheira-elet-sase-spl-estriada-croydon\\\/#primaryimage\"},\"thumbnailUrl\":\"https:\\\/\\\/www.lojadeequipamentos.com.br\\\/loja\\\/wp-content\\\/uploads\\\/2020\\\/12\\\/sanduicheira-sase-loja-de-equipamentos.jpg\",\"datePublished\":\"2019-08-25T02:23:16+00:00\",\"dateModified\":\"2025-02-14T17:33:13+00:00\",\"description\":\"Sanduicheira El\u00e9trica SASE Croydon R$2.068,20 Chapa Estriada Alum\u00ednio Fundido Resist.(220v)2500W ou (127v)1600W Gab. Inox\",\"breadcrumb\":{\"@id\":\"https:\\\/\\\/www.lojadeequipamentos.com.br\\\/loja\\\/produto\\\/sanduicheira-elet-sase-spl-estriada-croydon\\\/#breadcrumb\"},\"inLanguage\":\"pt-BR\",\"potentialAction\":[{\"@type\":\"ReadAction\",\"target\":[\"https:\\\/\\\/www.lojadeequipamentos.com.br\\\/loja\\\/produto\\\/sanduicheira-elet-sase-spl-estriada-croydon\\\/\"]}]},{\"@type\":\"ImageObject\",\"inLanguage\":\"pt-BR\",\"@id\":\"https:\\\/\\\/www.lojadeequipamentos.com.br\\\/loja\\\/produto\\\/sanduicheira-elet-sase-spl-estriada-croydon\\\/#primaryimage\",\"url\":\"https:\\\/\\\/www.lojadeequipamentos.com.br\\\/loja\\\/wp-content\\\/uploads\\\/2020\\\/12\\\/sanduicheira-sase-loja-de-equipamentos.jpg\",\"contentUrl\":\"https:\\\/\\\/www.lojadeequipamentos.com.br\\\/loja\\\/wp-content\\\/uploads\\\/2020\\\/12\\\/sanduicheira-sase-loja-de-equipamentos.jpg\",\"width\":270,\"height\":200},{\"@type\":\"BreadcrumbList\",\"@id\":\"https:\\\/\\\/www.lojadeequipamentos.com.br\\\/loja\\\/produto\\\/sanduicheira-elet-sase-spl-estriada-croydon\\\/#breadcrumb\",\"itemListElement\":[{\"@type\":\"ListItem\",\"position\":1,\"name\":\"In\u00edcio\",\"item\":\"https:\\\/\\\/www.lojadeequipamentos.com.br\\\/loja\\\/\"},{\"@type\":\"ListItem\",\"position\":2,\"name\":\"Loja Virtual\",\"item\":\"https:\\\/\\\/www.lojadeequipamentos.com.br\\\/loja\\\/shop\\\/\"},{\"@type\":\"ListItem\",\"position\":3,\"name\":\"Sanduicheira Elet. SASE Spl. Estriada Croydon\"}]},{\"@type\":\"WebSite\",\"@id\":\"https:\\\/\\\/www.lojadeequipamentos.com.br\\\/loja\\\/#website\",\"url\":\"https:\\\/\\\/www.lojadeequipamentos.com.br\\\/loja\\\/\",\"name\":\"Loja de Equipamentos\",\"description\":\"\",\"potentialAction\":[{\"@type\":\"SearchAction\",\"target\":{\"@type\":\"EntryPoint\",\"urlTemplate\":\"https:\\\/\\\/www.lojadeequipamentos.com.br\\\/loja\\\/?s={search_term_string}\"},\"query-input\":{\"@type\":\"PropertyValueSpecification\",\"valueRequired\":true,\"valueName\":\"search_term_string\"}}],\"inLanguage\":\"pt-BR\"}]}<\/script>\n<!-- \/ Yoast SEO plugin. -->","yoast_head_json":{"title":"Sanduicheira Elet. SASE Spl. Estriada Croydon - Loja de Equipamentos","description":"Sanduicheira El\u00e9trica SASE Croydon R$2.068,20 Chapa Estriada Alum\u00ednio Fundido Resist.(220v)2500W ou (127v)1600W Gab. Inox","robots":{"index":"index","follow":"follow","max-snippet":"max-snippet:-1","max-image-preview":"max-image-preview:large","max-video-preview":"max-video-preview:-1"},"canonical":"https:\/\/www.lojadeequipamentos.com.br\/loja\/produto\/sanduicheira-elet-sase-spl-estriada-croydon\/","og_locale":"pt_BR","og_type":"article","og_title":"Sanduicheira Elet. SASE Spl. Estriada Croydon - Loja de Equipamentos","og_description":"Sanduicheira El\u00e9trica SASE Croydon R$2.068,20 Chapa Estriada Alum\u00ednio Fundido Resist.(220v)2500W ou (127v)1600W Gab. Inox","og_url":"https:\/\/www.lojadeequipamentos.com.br\/loja\/produto\/sanduicheira-elet-sase-spl-estriada-croydon\/","og_site_name":"Loja de Equipamentos","article_modified_time":"2025-02-14T17:33:13+00:00","og_image":[{"width":270,"height":200,"url":"https:\/\/www.lojadeequipamentos.com.br\/loja\/wp-content\/uploads\/2020\/12\/sanduicheira-sase-loja-de-equipamentos.jpg","type":"image\/jpeg"}],"twitter_card":"summary_large_image","twitter_misc":{"Est. tempo de leitura":"2 minutos"},"schema":{"@context":"https:\/\/schema.org","@graph":[{"@type":"WebPage","@id":"https:\/\/www.lojadeequipamentos.com.br\/loja\/produto\/sanduicheira-elet-sase-spl-estriada-croydon\/","url":"https:\/\/www.lojadeequipamentos.com.br\/loja\/produto\/sanduicheira-elet-sase-spl-estriada-croydon\/","name":"Sanduicheira Elet. SASE Spl. Estriada Croydon - Loja de Equipamentos","isPartOf":{"@id":"https:\/\/www.lojadeequipamentos.com.br\/loja\/#website"},"primaryImageOfPage":{"@id":"https:\/\/www.lojadeequipamentos.com.br\/loja\/produto\/sanduicheira-elet-sase-spl-estriada-croydon\/#primaryimage"},"image":{"@id":"https:\/\/www.lojadeequipamentos.com.br\/loja\/produto\/sanduicheira-elet-sase-spl-estriada-croydon\/#primaryimage"},"thumbnailUrl":"https:\/\/www.lojadeequipamentos.com.br\/loja\/wp-content\/uploads\/2020\/12\/sanduicheira-sase-loja-de-equipamentos.jpg","datePublished":"2019-08-25T02:23:16+00:00","dateModified":"2025-02-14T17:33:13+00:00","description":"Sanduicheira El\u00e9trica SASE Croydon R$2.068,20 Chapa Estriada Alum\u00ednio Fundido Resist.(220v)2500W ou (127v)1600W Gab. Inox","breadcrumb":{"@id":"https:\/\/www.lojadeequipamentos.com.br\/loja\/produto\/sanduicheira-elet-sase-spl-estriada-croydon\/#breadcrumb"},"inLanguage":"pt-BR","potentialAction":[{"@type":"ReadAction","target":["https:\/\/www.lojadeequipamentos.com.br\/loja\/produto\/sanduicheira-elet-sase-spl-estriada-croydon\/"]}]},{"@type":"ImageObject","inLanguage":"pt-BR","@id":"https:\/\/www.lojadeequipamentos.com.br\/loja\/produto\/sanduicheira-elet-sase-spl-estriada-croydon\/#primaryimage","url":"https:\/\/www.lojadeequipamentos.com.br\/loja\/wp-content\/uploads\/2020\/12\/sanduicheira-sase-loja-de-equipamentos.jpg","contentUrl":"https:\/\/www.lojadeequipamentos.com.br\/loja\/wp-content\/uploads\/2020\/12\/sanduicheira-sase-loja-de-equipamentos.jpg","width":270,"height":200},{"@type":"BreadcrumbList","@id":"https:\/\/www.lojadeequipamentos.com.br\/loja\/produto\/sanduicheira-elet-sase-spl-estriada-croydon\/#breadcrumb","itemListElement":[{"@type":"ListItem","position":1,"name":"In\u00edcio","item":"https:\/\/www.lojadeequipamentos.com.br\/loja\/"},{"@type":"ListItem","position":2,"name":"Loja Virtual","item":"https:\/\/www.lojadeequipamentos.com.br\/loja\/shop\/"},{"@type":"ListItem","position":3,"name":"Sanduicheira Elet. SASE Spl. Estriada Croydon"}]},{"@type":"WebSite","@id":"https:\/\/www.lojadeequipamentos.com.br\/loja\/#website","url":"https:\/\/www.lojadeequipamentos.com.br\/loja\/","name":"Loja de Equipamentos","description":"","potentialAction":[{"@type":"SearchAction","target":{"@type":"EntryPoint","urlTemplate":"https:\/\/www.lojadeequipamentos.com.br\/loja\/?s={search_term_string}"},"query-input":{"@type":"PropertyValueSpecification","valueRequired":true,"valueName":"search_term_string"}}],"inLanguage":"pt-BR"}]}},"_links":{"self":[{"href":"https:\/\/www.lojadeequipamentos.com.br\/loja\/wp-json\/wp\/v2\/product\/3777","targetHints":{"allow":["GET"]}}],"collection":[{"href":"https:\/\/www.lojadeequipamentos.com.br\/loja\/wp-json\/wp\/v2\/product"}],"about":[{"href":"https:\/\/www.lojadeequipamentos.com.br\/loja\/wp-json\/wp\/v2\/types\/product"}],"replies":[{"embeddable":true,"href":"https:\/\/www.lojadeequipamentos.com.br\/loja\/wp-json\/wp\/v2\/comments?post=3777"}],"wp:featuredmedia":[{"embeddable":true,"href":"https:\/\/www.lojadeequipamentos.com.br\/loja\/wp-json\/wp\/v2\/media\/4713"}],"wp:attachment":[{"href":"https:\/\/www.lojadeequipamentos.com.br\/loja\/wp-json\/wp\/v2\/media?parent=3777"}],"wp:term":[{"taxonomy":"product_brand","embeddable":true,"href":"https:\/\/www.lojadeequipamentos.com.br\/loja\/wp-json\/wp\/v2\/product_brand?post=3777"},{"taxonomy":"product_cat","embeddable":true,"href":"https:\/\/www.lojadeequipamentos.com.br\/loja\/wp-json\/wp\/v2\/product_cat?post=3777"},{"taxonomy":"product_tag","embeddable":true,"href":"https:\/\/www.lojadeequipamentos.com.br\/loja\/wp-json\/wp\/v2\/product_tag?post=3777"}],"curies":[{"name":"wp","href":"https:\/\/api.w.org\/{rel}","templated":true}]}}