{"id":3673,"date":"2019-08-18T19:38:06","date_gmt":"2019-08-18T19:38:06","guid":{"rendered":"http:\/\/www.lojadeequipamentos.com.br\/loja\/?post_type=product&#038;p=3673"},"modified":"2023-09-15T10:50:15","modified_gmt":"2023-09-15T10:50:15","slug":"fritadeira-gas-croydon-f3ag-3l-x-3-3-cestos-2","status":"publish","type":"product","link":"https:\/\/www.lojadeequipamentos.com.br\/loja\/produto\/fritadeira-gas-croydon-f3ag-3l-x-3-3-cestos-2\/","title":{"rendered":"Fritadeira F3AG Croydon G\u00e1s"},"content":{"rendered":"<h2>Fritadeira a G\u00e1s de Mesa F3AG 3 Litros x 3 Cubas Croydon<\/h2>\n<p>\nDescri\u00e7\u00e3o: Fritadeira a G\u00e1s de Mesa Croydon de (09 Litros) 3 Litros x 3 Cubas, Pot\u00eancia(GLP): 3 x 9000Btu\/h (27.000Btu\/h) = 3 x 2.270Kcal\/h (6.810Kcal\/h), com gabinete em a\u00e7o inox, 03 caixas de \u00f3leo em a\u00e7o em inox, 03 cestas em arame estanhado, 03 suportes para cesta, 03 manipuladores de temperatura e 03 queimadores atmosf\u00e9rico.<br \/>\n<br \/>\nPara equipamentos alimentados por g\u00e1s GLP (P13 ou P45) utilizar regulador de press\u00e3o; independentes de serem conectados atrav\u00e9s de tubo flex\u00edvel(P13) ou rede primarias(P45 ou tanques de armazenamento estacion\u00e1rios) atrav\u00e9s de tubula\u00e7\u00f5es r\u00edgidas de ferro galvanizado ou cobre classe I.(menos os modelos TFAP e FA1B que operam em alta press\u00e3o com botij\u00e3o P13 sem regulador)<br \/>\nNa Instala\u00e7\u00e3o que se usa o tubo flex\u00edvel para liga\u00e7\u00e3o entre o equipamento e o boj\u00e3o dever\u00e1 atender a norma NBR 8613, no qual, a mangueira dever\u00e1 ter comprimento m\u00e1ximo de 80cm, n\u00e3o devendo cruzar a parte traseira do equipamento e deve indicar o nome do fabricante e o ano de fabrica\u00e7\u00e3o, pois sua vida \u00fatil \u00e9 de 5 (cinco) anos no m\u00e1ximo.<br \/>\nN\u00e3o \u00e9 permitido o uso de emendas entre os pontos ligados. As fixa\u00e7\u00f5es das extremidades da mangueira dever\u00e3o ser feitas com abra\u00e7adeiras met\u00e1licas nas suas extremidades para evitar vazamentos (em locais litor\u00e2neos \u00e9 recomendado o uso de abra\u00e7adeiras de a\u00e7o inox).<br \/>\n<br \/>\nNOTAS: \u00c9 importante que o tipo de g\u00e1s alimentado seja o mesmo para o qual o equipamento foi ajustado. Verifique na etiqueta de identifica\u00e7\u00e3o do produto, qual tipo de g\u00e1s dever\u00e1 ser utilizado.<br \/>\n<strong>Os equipamentos GLP convertidos para uso em GN dever\u00e3o operar com baixa press\u00e3o (200mmca). A transforma\u00e7\u00e3o de GLP para GN ou GN para GLP, n\u00e3o s\u00e3o cobertas pela garantia da f\u00e1brica.<\/strong><br \/>\nEvite usar esponja met\u00e1lica ou qualquer esponja fibrosa\/abrasiva para evitar danos no acabamento do a\u00e7o inoxid\u00e1vel.<br \/>\nO Perigo de fogo pode ocorrer caso n\u00e3o seja colocado a quantidade m\u00ednima de \u00f3leo indicada no manual. Se isto ocorrer a garantia ser\u00e1 automaticamente cancelada.<br \/>\nEste equipamento \u00e9 fornecido com registro de regulagem com 2 (dois) est\u00e1gios de chamas (m\u00e1xima e m\u00ednima). Incorporado ao registro existe um dispositivo de seguran\u00e7a que s\u00f3 permitir\u00e1 sua abertura quando o manipulador for pressionado e girado para a esquerda.<br \/>\n<br \/>\nDados T\u00e9cnicos<br \/>\nCapacidade da Cesta: 1,5 Kg x 3 = 4,5Kg<br \/>\nCapacidade Nominal: 9 Litros (3 Litros x 3)<br \/>\nPot\u00eancia(GLP):  3 x 9.000Btu\/h (27.000Btu\/h) = 3 x 2.270Kcal\/h (6.810Kcal\/h)<br \/>\nPress\u00e3o de Trabalho(GLP):280 mm.Ca<br \/>\nConsumo(GLP): 3 x 225g\/h = 675g\/h<br \/>\nAltura:41cm  Largura:59cm  Profundidade:39cm<br \/>\nPeso L\u00edquido: 7,5kg  Peso Bruto: 9,6kg<br \/>\n<br \/>\n<strong>FAVOR ENTRAR EM CONTATO PARA COTA\u00c7\u00c3O DE FRETE<strong><\/strong><\/strong><br \/>\n<br \/>\n<a href=\"https:\/\/api.whatsapp.com\/send?phone=5521964144201\"><img loading=\"lazy\" decoding=\"async\" class=\"alignnone size-full wp-image-4307\" alt=\"botao_whatsapp\" src=\"http:\/\/www.lojadeequipamentos.com.br\/loja\/wp-content\/uploads\/2020\/08\/botao_whatsapp.png\" width=\"226\" height=\"82\" \/><\/a><\/p>\n","protected":false},"excerpt":{"rendered":"<strong>Fritadeira F3AG Croydon G\u00e1s<\/strong> ","protected":false},"featured_media":4757,"comment_status":"open","ping_status":"closed","template":"","meta":{"_links_to":"","_links_to_target":""},"product_brand":[],"product_cat":[2257],"product_tag":[2431,2674,2585,6162,2675,2702,2703,2620,2605,2676,2677,2680,2678,2679,2681,2611,2682,2683,2684,2614,2685,2619,2686,2687,2688,2689,2690,2621,2691,2301,2692,2693,2694,2695,2302,2696,2697,2604,2698,2699,2700,2590,2861],"class_list":{"0":"post-3673","1":"product","2":"type-product","3":"status-publish","4":"has-post-thumbnail","6":"product_cat-fritadeira","7":"product_tag-croydon","8":"product_tag-croydon-f3ag","9":"product_tag-croydon-fritadeira","10":"product_tag-croydon-fritadeira-f3ag","11":"product_tag-friradeira-de-mesa-f3ag","12":"product_tag-fritadeira-27000-btu","13":"product_tag-fritadeira-6810kcal","14":"product_tag-fritadeira-9-litros","15":"product_tag-fritadeira-a-gas-2","16":"product_tag-fritadeira-a-gas-3-litros-x-3","17":"product_tag-fritadeira-a-gas-9-litros","18":"product_tag-fritadeira-a-gas-croydon-3-litros-x-3","19":"product_tag-fritadeira-a-gas-croydon-3-x-2270kcal","20":"product_tag-fritadeira-a-gas-croydon-3-x-9000btu","21":"product_tag-fritadeira-a-gas-croydon-9-litros","22":"product_tag-fritadeira-a-gas-croydon-de-mesa","23":"product_tag-fritadeira-a-gas-croydon-de-mesa-3-litros-x-3","24":"product_tag-fritadeira-a-gas-croydon-de-mesa-f3ag","25":"product_tag-fritadeira-a-gas-croydon-f3ag","26":"product_tag-fritadeira-a-gas-de-mesa","27":"product_tag-fritadeira-a-gas-de-mesa-3-litros-x-3","28":"product_tag-fritadeira-a-gas-de-mesa-croydon","29":"product_tag-fritadeira-a-gas-de-mesa-croydon-3-litros-x-3","30":"product_tag-fritadeira-a-gas-de-mesa-croydon-f3ag","31":"product_tag-fritadeira-a-gas-de-mesa-f3ag","32":"product_tag-fritadeira-croydon-3-x-2270kcal","33":"product_tag-fritadeira-croydon-3-x-9000btu","34":"product_tag-fritadeira-croydon-9-litros","35":"product_tag-fritadeira-croydon-a-gas-9-litros","36":"product_tag-fritadeira-croydon-de-mesa","37":"product_tag-fritadeira-croydon-de-mesa-3-litros-x-3","38":"product_tag-fritadeira-croydon-de-mesa-f3ag","39":"product_tag-fritadeira-croydon-f3ag","40":"product_tag-fritadeira-de-mesa-3-litros-x-3","41":"product_tag-fritadeira-de-mesa-croydon","42":"product_tag-fritadeira-de-mesa-croydon-3-litros-x-3","43":"product_tag-fritadeira-de-mesa-croydon-f3ag","44":"product_tag-fritadeira-gas","45":"product_tag-fritadeira-gas-3-litros-x-3","46":"product_tag-fritadeira-gas-croydon-3-litros-x-3","47":"product_tag-fritadeira-gas-f3ag","48":"product_tag-gas-fritadeira-croydon","49":"product_tag-gas-fritadeira-croydon-f3ag-3-litros-x-3","51":"first","52":"instock","53":"shipping-taxable","54":"purchasable","55":"product-type-simple"},"yoast_head":"<!-- This site is optimized with the Yoast SEO plugin v27.3 - https:\/\/yoast.com\/product\/yoast-seo-wordpress\/ -->\n<title>Fritadeira F3AG Croydon G\u00e1s Loja de Equipamentos<\/title>\n<meta name=\"description\" content=\"Fritadeira F3AG Croydon R$ 1.227.60 G\u00e1s 3 L x 3 Cubas Pot. 3 x 9000Btu\/h Cap. Cestas 4,5kg G\u00e1s GLP\" \/>\n<meta name=\"robots\" content=\"index, follow, max-snippet:-1, max-image-preview:large, max-video-preview:-1\" \/>\n<link rel=\"canonical\" href=\"https:\/\/www.lojadeequipamentos.com.br\/loja\/produto\/fritadeira-gas-croydon-f3ag-3l-x-3-3-cestos-2\/\" \/>\n<meta property=\"og:locale\" content=\"pt_BR\" \/>\n<meta property=\"og:type\" content=\"article\" \/>\n<meta property=\"og:title\" content=\"Fritadeira F3AG Croydon G\u00e1s Loja de Equipamentos\" \/>\n<meta property=\"og:description\" content=\"Fritadeira F3AG Croydon R$ 1.227.60 G\u00e1s 3 L x 3 Cubas Pot. 3 x 9000Btu\/h Cap. Cestas 4,5kg G\u00e1s GLP\" \/>\n<meta property=\"og:url\" content=\"https:\/\/www.lojadeequipamentos.com.br\/loja\/produto\/fritadeira-gas-croydon-f3ag-3l-x-3-3-cestos-2\/\" \/>\n<meta property=\"og:site_name\" content=\"Loja de Equipamentos\" \/>\n<meta property=\"article:modified_time\" content=\"2023-09-15T10:50:15+00:00\" \/>\n<meta property=\"og:image\" content=\"https:\/\/www.lojadeequipamentos.com.br\/loja\/wp-content\/uploads\/2021\/01\/fritadeira-f3ag-loja-de-equipamentos.jpg\" \/>\n\t<meta property=\"og:image:width\" content=\"270\" \/>\n\t<meta property=\"og:image:height\" content=\"200\" \/>\n\t<meta property=\"og:image:type\" content=\"image\/jpeg\" \/>\n<meta name=\"twitter:card\" content=\"summary_large_image\" \/>\n<meta name=\"twitter:label1\" content=\"Est. tempo de leitura\" \/>\n\t<meta name=\"twitter:data1\" content=\"3 minutos\" \/>\n<script type=\"application\/ld+json\" class=\"yoast-schema-graph\">{\"@context\":\"https:\\\/\\\/schema.org\",\"@graph\":[{\"@type\":\"WebPage\",\"@id\":\"https:\\\/\\\/www.lojadeequipamentos.com.br\\\/loja\\\/produto\\\/fritadeira-gas-croydon-f3ag-3l-x-3-3-cestos-2\\\/\",\"url\":\"https:\\\/\\\/www.lojadeequipamentos.com.br\\\/loja\\\/produto\\\/fritadeira-gas-croydon-f3ag-3l-x-3-3-cestos-2\\\/\",\"name\":\"Fritadeira F3AG Croydon G\u00e1s Loja de Equipamentos\",\"isPartOf\":{\"@id\":\"https:\\\/\\\/www.lojadeequipamentos.com.br\\\/loja\\\/#website\"},\"primaryImageOfPage\":{\"@id\":\"https:\\\/\\\/www.lojadeequipamentos.com.br\\\/loja\\\/produto\\\/fritadeira-gas-croydon-f3ag-3l-x-3-3-cestos-2\\\/#primaryimage\"},\"image\":{\"@id\":\"https:\\\/\\\/www.lojadeequipamentos.com.br\\\/loja\\\/produto\\\/fritadeira-gas-croydon-f3ag-3l-x-3-3-cestos-2\\\/#primaryimage\"},\"thumbnailUrl\":\"https:\\\/\\\/www.lojadeequipamentos.com.br\\\/loja\\\/wp-content\\\/uploads\\\/2021\\\/01\\\/fritadeira-f3ag-loja-de-equipamentos.jpg\",\"datePublished\":\"2019-08-18T19:38:06+00:00\",\"dateModified\":\"2023-09-15T10:50:15+00:00\",\"description\":\"Fritadeira F3AG Croydon R$ 1.227.60 G\u00e1s 3 L x 3 Cubas Pot. 3 x 9000Btu\\\/h Cap. Cestas 4,5kg G\u00e1s GLP\",\"breadcrumb\":{\"@id\":\"https:\\\/\\\/www.lojadeequipamentos.com.br\\\/loja\\\/produto\\\/fritadeira-gas-croydon-f3ag-3l-x-3-3-cestos-2\\\/#breadcrumb\"},\"inLanguage\":\"pt-BR\",\"potentialAction\":[{\"@type\":\"ReadAction\",\"target\":[\"https:\\\/\\\/www.lojadeequipamentos.com.br\\\/loja\\\/produto\\\/fritadeira-gas-croydon-f3ag-3l-x-3-3-cestos-2\\\/\"]}]},{\"@type\":\"ImageObject\",\"inLanguage\":\"pt-BR\",\"@id\":\"https:\\\/\\\/www.lojadeequipamentos.com.br\\\/loja\\\/produto\\\/fritadeira-gas-croydon-f3ag-3l-x-3-3-cestos-2\\\/#primaryimage\",\"url\":\"https:\\\/\\\/www.lojadeequipamentos.com.br\\\/loja\\\/wp-content\\\/uploads\\\/2021\\\/01\\\/fritadeira-f3ag-loja-de-equipamentos.jpg\",\"contentUrl\":\"https:\\\/\\\/www.lojadeequipamentos.com.br\\\/loja\\\/wp-content\\\/uploads\\\/2021\\\/01\\\/fritadeira-f3ag-loja-de-equipamentos.jpg\",\"width\":270,\"height\":200},{\"@type\":\"BreadcrumbList\",\"@id\":\"https:\\\/\\\/www.lojadeequipamentos.com.br\\\/loja\\\/produto\\\/fritadeira-gas-croydon-f3ag-3l-x-3-3-cestos-2\\\/#breadcrumb\",\"itemListElement\":[{\"@type\":\"ListItem\",\"position\":1,\"name\":\"In\u00edcio\",\"item\":\"https:\\\/\\\/www.lojadeequipamentos.com.br\\\/loja\\\/\"},{\"@type\":\"ListItem\",\"position\":2,\"name\":\"Loja Virtual\",\"item\":\"https:\\\/\\\/www.lojadeequipamentos.com.br\\\/loja\\\/shop\\\/\"},{\"@type\":\"ListItem\",\"position\":3,\"name\":\"Fritadeira F3AG Croydon G\u00e1s\"}]},{\"@type\":\"WebSite\",\"@id\":\"https:\\\/\\\/www.lojadeequipamentos.com.br\\\/loja\\\/#website\",\"url\":\"https:\\\/\\\/www.lojadeequipamentos.com.br\\\/loja\\\/\",\"name\":\"Loja de Equipamentos\",\"description\":\"\",\"potentialAction\":[{\"@type\":\"SearchAction\",\"target\":{\"@type\":\"EntryPoint\",\"urlTemplate\":\"https:\\\/\\\/www.lojadeequipamentos.com.br\\\/loja\\\/?s={search_term_string}\"},\"query-input\":{\"@type\":\"PropertyValueSpecification\",\"valueRequired\":true,\"valueName\":\"search_term_string\"}}],\"inLanguage\":\"pt-BR\"}]}<\/script>\n<!-- \/ Yoast SEO plugin. -->","yoast_head_json":{"title":"Fritadeira F3AG Croydon G\u00e1s Loja de Equipamentos","description":"Fritadeira F3AG Croydon R$ 1.227.60 G\u00e1s 3 L x 3 Cubas Pot. 3 x 9000Btu\/h Cap. Cestas 4,5kg G\u00e1s GLP","robots":{"index":"index","follow":"follow","max-snippet":"max-snippet:-1","max-image-preview":"max-image-preview:large","max-video-preview":"max-video-preview:-1"},"canonical":"https:\/\/www.lojadeequipamentos.com.br\/loja\/produto\/fritadeira-gas-croydon-f3ag-3l-x-3-3-cestos-2\/","og_locale":"pt_BR","og_type":"article","og_title":"Fritadeira F3AG Croydon G\u00e1s Loja de Equipamentos","og_description":"Fritadeira F3AG Croydon R$ 1.227.60 G\u00e1s 3 L x 3 Cubas Pot. 3 x 9000Btu\/h Cap. Cestas 4,5kg G\u00e1s GLP","og_url":"https:\/\/www.lojadeequipamentos.com.br\/loja\/produto\/fritadeira-gas-croydon-f3ag-3l-x-3-3-cestos-2\/","og_site_name":"Loja de Equipamentos","article_modified_time":"2023-09-15T10:50:15+00:00","og_image":[{"width":270,"height":200,"url":"https:\/\/www.lojadeequipamentos.com.br\/loja\/wp-content\/uploads\/2021\/01\/fritadeira-f3ag-loja-de-equipamentos.jpg","type":"image\/jpeg"}],"twitter_card":"summary_large_image","twitter_misc":{"Est. tempo de leitura":"3 minutos"},"schema":{"@context":"https:\/\/schema.org","@graph":[{"@type":"WebPage","@id":"https:\/\/www.lojadeequipamentos.com.br\/loja\/produto\/fritadeira-gas-croydon-f3ag-3l-x-3-3-cestos-2\/","url":"https:\/\/www.lojadeequipamentos.com.br\/loja\/produto\/fritadeira-gas-croydon-f3ag-3l-x-3-3-cestos-2\/","name":"Fritadeira F3AG Croydon G\u00e1s Loja de Equipamentos","isPartOf":{"@id":"https:\/\/www.lojadeequipamentos.com.br\/loja\/#website"},"primaryImageOfPage":{"@id":"https:\/\/www.lojadeequipamentos.com.br\/loja\/produto\/fritadeira-gas-croydon-f3ag-3l-x-3-3-cestos-2\/#primaryimage"},"image":{"@id":"https:\/\/www.lojadeequipamentos.com.br\/loja\/produto\/fritadeira-gas-croydon-f3ag-3l-x-3-3-cestos-2\/#primaryimage"},"thumbnailUrl":"https:\/\/www.lojadeequipamentos.com.br\/loja\/wp-content\/uploads\/2021\/01\/fritadeira-f3ag-loja-de-equipamentos.jpg","datePublished":"2019-08-18T19:38:06+00:00","dateModified":"2023-09-15T10:50:15+00:00","description":"Fritadeira F3AG Croydon R$ 1.227.60 G\u00e1s 3 L x 3 Cubas Pot. 3 x 9000Btu\/h Cap. Cestas 4,5kg G\u00e1s GLP","breadcrumb":{"@id":"https:\/\/www.lojadeequipamentos.com.br\/loja\/produto\/fritadeira-gas-croydon-f3ag-3l-x-3-3-cestos-2\/#breadcrumb"},"inLanguage":"pt-BR","potentialAction":[{"@type":"ReadAction","target":["https:\/\/www.lojadeequipamentos.com.br\/loja\/produto\/fritadeira-gas-croydon-f3ag-3l-x-3-3-cestos-2\/"]}]},{"@type":"ImageObject","inLanguage":"pt-BR","@id":"https:\/\/www.lojadeequipamentos.com.br\/loja\/produto\/fritadeira-gas-croydon-f3ag-3l-x-3-3-cestos-2\/#primaryimage","url":"https:\/\/www.lojadeequipamentos.com.br\/loja\/wp-content\/uploads\/2021\/01\/fritadeira-f3ag-loja-de-equipamentos.jpg","contentUrl":"https:\/\/www.lojadeequipamentos.com.br\/loja\/wp-content\/uploads\/2021\/01\/fritadeira-f3ag-loja-de-equipamentos.jpg","width":270,"height":200},{"@type":"BreadcrumbList","@id":"https:\/\/www.lojadeequipamentos.com.br\/loja\/produto\/fritadeira-gas-croydon-f3ag-3l-x-3-3-cestos-2\/#breadcrumb","itemListElement":[{"@type":"ListItem","position":1,"name":"In\u00edcio","item":"https:\/\/www.lojadeequipamentos.com.br\/loja\/"},{"@type":"ListItem","position":2,"name":"Loja Virtual","item":"https:\/\/www.lojadeequipamentos.com.br\/loja\/shop\/"},{"@type":"ListItem","position":3,"name":"Fritadeira F3AG Croydon G\u00e1s"}]},{"@type":"WebSite","@id":"https:\/\/www.lojadeequipamentos.com.br\/loja\/#website","url":"https:\/\/www.lojadeequipamentos.com.br\/loja\/","name":"Loja de Equipamentos","description":"","potentialAction":[{"@type":"SearchAction","target":{"@type":"EntryPoint","urlTemplate":"https:\/\/www.lojadeequipamentos.com.br\/loja\/?s={search_term_string}"},"query-input":{"@type":"PropertyValueSpecification","valueRequired":true,"valueName":"search_term_string"}}],"inLanguage":"pt-BR"}]}},"_links":{"self":[{"href":"https:\/\/www.lojadeequipamentos.com.br\/loja\/wp-json\/wp\/v2\/product\/3673","targetHints":{"allow":["GET"]}}],"collection":[{"href":"https:\/\/www.lojadeequipamentos.com.br\/loja\/wp-json\/wp\/v2\/product"}],"about":[{"href":"https:\/\/www.lojadeequipamentos.com.br\/loja\/wp-json\/wp\/v2\/types\/product"}],"replies":[{"embeddable":true,"href":"https:\/\/www.lojadeequipamentos.com.br\/loja\/wp-json\/wp\/v2\/comments?post=3673"}],"wp:featuredmedia":[{"embeddable":true,"href":"https:\/\/www.lojadeequipamentos.com.br\/loja\/wp-json\/wp\/v2\/media\/4757"}],"wp:attachment":[{"href":"https:\/\/www.lojadeequipamentos.com.br\/loja\/wp-json\/wp\/v2\/media?parent=3673"}],"wp:term":[{"taxonomy":"product_brand","embeddable":true,"href":"https:\/\/www.lojadeequipamentos.com.br\/loja\/wp-json\/wp\/v2\/product_brand?post=3673"},{"taxonomy":"product_cat","embeddable":true,"href":"https:\/\/www.lojadeequipamentos.com.br\/loja\/wp-json\/wp\/v2\/product_cat?post=3673"},{"taxonomy":"product_tag","embeddable":true,"href":"https:\/\/www.lojadeequipamentos.com.br\/loja\/wp-json\/wp\/v2\/product_tag?post=3673"}],"curies":[{"name":"wp","href":"https:\/\/api.w.org\/{rel}","templated":true}]}}