{"id":3672,"date":"2019-08-18T19:04:41","date_gmt":"2019-08-18T19:04:41","guid":{"rendered":"http:\/\/www.lojadeequipamentos.com.br\/loja\/?post_type=product&#038;p=3672"},"modified":"2023-09-15T10:57:59","modified_gmt":"2023-09-15T10:57:59","slug":"fritadeira-elet-croydon-fam5-15l-2-cestos","status":"publish","type":"product","link":"https:\/\/www.lojadeequipamentos.com.br\/loja\/produto\/fritadeira-elet-croydon-fam5-15l-2-cestos\/","title":{"rendered":"Fritadeira FAM5 Croydon Elet. 15L x 2 Cubas"},"content":{"rendered":"<h2>Fritadeira El\u00e9trica FAM25 de Mesa 15L c\/ 2 Cubas \u00c1gua e \u00d3leo Croydon<\/h2>\n<p>\nDescri\u00e7\u00e3o: Fritadeira El\u00e9trica de mesa 15L c\/ 2 Cubas - \u00c1gua e \u00d3leo c\/ 5000W Croydon, com gabinete alto em a\u00e7o inox, caixa de \u00f3leo em a\u00e7o em inox, cesta em arame estanhado, suporte para cesta, termostato de temperatura, termostato de seguran\u00e7a, l\u00e2mpada piloto, manipulador de temperatura, resist\u00eancia blindada, registro de gaveta para drenagem de \u00f3leo, chave liga\/desliga (on\/off) e cabo PP.<br \/>\n<br \/>\nSistema \u00c1gua\/Sal e \u00d3leo: No Sistema \u00c1gua\/Sal e \u00d3leo, os res\u00edduos de alimentos se depositam no fundo da cuba (\u00e1gua), onde \u00e9 mantido na salmoura a temperatura ambiente parando com a fritura e isolando-os do \u00f3leo de fritura, fazendo com que o gosto dos alimentos n\u00e3o se misture, dessa forma age como um filtro natural do \u00f3leo prolongando a vida \u00fatil do mesmo sem afetar a qualidade dos produtos fritos, por transfer\u00eancia de sabor entre alimentos. N\u00e3o carboniza os res\u00edduos, ou seja, n\u00e3o forma Acrole\u00edna (composto relativamente eletrof\u00edlico e reativo que resulta em sua elevada toxicidade para a pele, olhos, vias a\u00e9reas e f\u00edgado) e nem degrada o \u00f3leo como em outros Sistemas, no qual, o \u00f3leo pode ter uma vida \u00fatil de 05 a 15 dias, gerando a mais alta economia entre os Sistemas de Fritura. Sistema indicado para cozinhas que tem uma grande varia\u00e7\u00e3o de produtos fritos ou quer qualidade de confec\u00e7\u00e3o e ar ambiente. (Todos os sedimentos que s\u00e3o retidos na \u00e1gua s\u00e3o retirados por meio de um dreno na parte inferior, essa \u00e1gua pode ser retirada e a \u00e1gua com sal limpa ser colocada novamente, com isso o \u00f3leo fica novo e reaproveitado diversas vezes)<br \/>\n<br \/>\nOrienta\u00e7\u00f5es: A fim de evitar situa\u00e7\u00f5es de perigo devido a um rearmamento inadvertido de protetores t\u00e9rmicos, o aparelho n\u00e3o pode ser alimentado atrav\u00e9s de uma chave externa, como do tipo Contatora, ou conectado a um circuito que \u00e9 regularmente ligado e desligado por uma fonte de alimenta\u00e7\u00e3o independente de disjuntores. Este equipamento possui um dispositivo protetor t\u00e9rmico com RESET MANUAL (Termostato de seguran\u00e7a). Este dispositivo desativa a\/as resist\u00eancia\/s caso a temperatura do \u00f3leo atinja o n\u00edvel de seguran\u00e7a de 220\u00b0C.<br \/>\nComo n\u00e3o h\u00e1 tomadas\/plugues padronizados pelo INMETRO para correntes superiores a 20A, alguns equipamentos s\u00e3o fornecidos sem o plugue. O usu\u00e1rio poder\u00e1 optar pela aquisi\u00e7\u00e3o do conjunto plugue\/tomada que lhe for mais conveniente (desde que suporte a corrente total do equipamento + 20% de flutua\u00e7\u00e3o de tens\u00e3o) ou a liga\u00e7\u00e3o do equipamento diretamente em um disjuntor adequado pr\u00f3ximo a ele.<br \/>\nConecte o cabo de alimenta\u00e7\u00e3o do equipamento a uma fonte de energia el\u00e9trica apropriada para a carga indicada no item 1 - CARACTER\u00cdSTICAS T\u00c9CNICAS localizado no manual de instru\u00e7\u00f5es e na etiqueta de identifica\u00e7\u00e3o do produto localizada no pr\u00f3prio aparelho.<br \/>\n<br \/>\nNOTAS: Evite usar esponja met\u00e1lica ou qualquer esponja fibrosa\/abrasiva para evitar danos no acabamento do a\u00e7o inoxid\u00e1vel.<br \/>\nO Perigo de Fogo pode ocorrer caso n\u00e3o seja colocado a quantidade m\u00ednima de \u00f3leo no equipamento indicado no manual. Se isto ocorrer a garantia ser\u00e1 automaticamente cancelada.<br \/>\n<br \/>\nDados T\u00e9cnicos<br \/>\nCapacidade Nominal: 15 litros<br \/>\nCapacidade de \u00d3leo: 13,5 litros<br \/>\nCapacidade do Sistema de Fritura: 1,5L de \u00c1gua + 300gr de Sal<br \/>\nPot\u00eancia: 220v - 5000W<br \/>\nConsumo: 2,5kw\/h<br \/>\nCorrente: 22,7A<br \/>\nAltura: 49cm Largura: 41cm  Profundidade: 50cm<br \/>\nPeso L\u00edquido: 12,3kg  Peso Bruto: 15kg<br \/>\nGarantia: 1 ano<br \/>\n<br \/>\n<strong>FAVOR ENTRAR EM CONTATO PARA COTA\u00c7\u00c3O DE FRETE<strong><\/strong><\/strong><br \/>\n<br \/>\n<a href=\"https:\/\/api.whatsapp.com\/send?phone=5521964144201\"><img loading=\"lazy\" decoding=\"async\" class=\"alignnone size-full wp-image-4307\" alt=\"botao_whatsapp\" src=\"http:\/\/www.lojadeequipamentos.com.br\/loja\/wp-content\/uploads\/2020\/08\/botao_whatsapp.png\" width=\"226\" height=\"82\" \/><\/a><\/p>\n","protected":false},"excerpt":{"rendered":"<strong>Fritadeira El\u00e9trica FAM25 de Mesa - 15L c\/ 2 Cubas - \u00c1gua e \u00d3leo - Croydon<\/strong> ","protected":false},"featured_media":3684,"comment_status":"open","ping_status":"closed","template":"","meta":{"_links_to":"","_links_to_target":""},"product_brand":[],"product_cat":[2257],"product_tag":[2854,2272,2273,2262,2281,2282,2277,2278,2279,2280,2384,2428,2268,2639,2276,2271,2269,2260,2429,2274,2275,2318,2855,2263,2321,2322,2856,2857,2267,2385,2359,2270,2261,2386,2637,2360,2325,2858,2264,2328,2859,2860,2266,2265],"class_list":{"0":"post-3672","1":"product","2":"type-product","3":"status-publish","4":"has-post-thumbnail","6":"product_cat-fritadeira","7":"product_tag-agua-e-oleo-fritadeira","8":"product_tag-croydon-agua-e-oleo","9":"product_tag-croydon-agua-e-oleo-fam5","10":"product_tag-croydon-fam5","11":"product_tag-eletrica-croydon-fritadeira","12":"product_tag-eletrica-croydon-fritadeira-fam5","13":"product_tag-eletrica-fritadeira","14":"product_tag-eletrica-fritadeira-croydon","15":"product_tag-eletrica-fritadeira-croydon-fam5","16":"product_tag-eletrica-fritadeira-fam5","17":"product_tag-fritadeira-13-5l","18":"product_tag-fritadeira-5000w","19":"product_tag-fritadeira-agua-e-oleo","20":"product_tag-fritadeira-agua-e-oleo-15-litros","21":"product_tag-fritadeira-agua-e-oleo-croydon-fam5","22":"product_tag-fritadeira-agua-e-oleo-fam5","23":"product_tag-fritadeira-agua-oleo-croydon","24":"product_tag-fritadeira-croydon","25":"product_tag-fritadeira-croydon-5000w","26":"product_tag-fritadeira-croydon-agua-e-oleo","27":"product_tag-fritadeira-croydon-agua-e-oleo-fam5","28":"product_tag-fritadeira-croydon-de-piso","29":"product_tag-fritadeira-croydon-de-piso-fam5","30":"product_tag-fritadeira-croydon-fam5","31":"product_tag-fritadeira-de-piso","32":"product_tag-fritadeira-de-piso-croydon","33":"product_tag-fritadeira-de-piso-croydon-fam5","34":"product_tag-fritadeira-de-piso-fam5","35":"product_tag-fritadeira-eletrica-2","36":"product_tag-fritadeira-eletrica-13-5l","37":"product_tag-fritadeira-eletrica-5000w","38":"product_tag-fritadeira-eletrica-agua-e-oleo","39":"product_tag-fritadeira-eletrica-croydon","40":"product_tag-fritadeira-eletrica-croydon-13-5l","41":"product_tag-fritadeira-eletrica-croydon-15-litros","42":"product_tag-fritadeira-eletrica-croydon-5000w","43":"product_tag-fritadeira-eletrica-croydon-de-piso","44":"product_tag-fritadeira-eletrica-croydon-de-piso-fam5","45":"product_tag-fritadeira-eletrica-croydon-fam5","46":"product_tag-fritadeira-eletrica-de-piso-croydon","47":"product_tag-fritadeira-eletrica-de-piso-croydon-fam5","48":"product_tag-fritadeira-eletrica-de-piso-fam5","49":"product_tag-fritadeira-eletrica-fam5","50":"product_tag-fritadeira-fam5","52":"first","53":"instock","54":"shipping-taxable","55":"purchasable","56":"product-type-simple"},"yoast_head":"<!-- This site is optimized with the Yoast SEO plugin v27.3 - https:\/\/yoast.com\/product\/yoast-seo-wordpress\/ -->\n<title>Fritadeira FAM5 Croydon Elet. 15L x 2 Cubas Loja de Equipamentos<\/title>\n<meta name=\"description\" content=\"Fritadeira El\u00e9trica FAM5 Croydon R$ 2.005,20 15L 2 Cubas \u00c1gua \u00d3leo c\/ 5000W Capac. Nom. 15 Litros\" \/>\n<meta name=\"robots\" content=\"index, follow, max-snippet:-1, max-image-preview:large, max-video-preview:-1\" \/>\n<link rel=\"canonical\" href=\"https:\/\/www.lojadeequipamentos.com.br\/loja\/produto\/fritadeira-elet-croydon-fam5-15l-2-cestos\/\" \/>\n<meta property=\"og:locale\" content=\"pt_BR\" \/>\n<meta property=\"og:type\" content=\"article\" \/>\n<meta property=\"og:title\" content=\"Fritadeira FAM5 Croydon Elet. 15L x 2 Cubas Loja de Equipamentos\" \/>\n<meta property=\"og:description\" content=\"Fritadeira El\u00e9trica FAM5 Croydon R$ 2.005,20 15L 2 Cubas \u00c1gua \u00d3leo c\/ 5000W Capac. Nom. 15 Litros\" \/>\n<meta property=\"og:url\" content=\"https:\/\/www.lojadeequipamentos.com.br\/loja\/produto\/fritadeira-elet-croydon-fam5-15l-2-cestos\/\" \/>\n<meta property=\"og:site_name\" content=\"Loja de Equipamentos\" \/>\n<meta property=\"article:modified_time\" content=\"2023-09-15T10:57:59+00:00\" \/>\n<meta property=\"og:image\" content=\"https:\/\/www.lojadeequipamentos.com.br\/loja\/wp-content\/uploads\/2019\/08\/FAM5.jpg\" \/>\n\t<meta property=\"og:image:width\" content=\"750\" \/>\n\t<meta property=\"og:image:height\" content=\"611\" \/>\n\t<meta property=\"og:image:type\" content=\"image\/jpeg\" \/>\n<meta name=\"twitter:card\" content=\"summary_large_image\" \/>\n<meta name=\"twitter:label1\" content=\"Est. tempo de leitura\" \/>\n\t<meta name=\"twitter:data1\" content=\"4 minutos\" \/>\n<script type=\"application\/ld+json\" class=\"yoast-schema-graph\">{\"@context\":\"https:\\\/\\\/schema.org\",\"@graph\":[{\"@type\":\"WebPage\",\"@id\":\"https:\\\/\\\/www.lojadeequipamentos.com.br\\\/loja\\\/produto\\\/fritadeira-elet-croydon-fam5-15l-2-cestos\\\/\",\"url\":\"https:\\\/\\\/www.lojadeequipamentos.com.br\\\/loja\\\/produto\\\/fritadeira-elet-croydon-fam5-15l-2-cestos\\\/\",\"name\":\"Fritadeira FAM5 Croydon Elet. 15L x 2 Cubas Loja de Equipamentos\",\"isPartOf\":{\"@id\":\"https:\\\/\\\/www.lojadeequipamentos.com.br\\\/loja\\\/#website\"},\"primaryImageOfPage\":{\"@id\":\"https:\\\/\\\/www.lojadeequipamentos.com.br\\\/loja\\\/produto\\\/fritadeira-elet-croydon-fam5-15l-2-cestos\\\/#primaryimage\"},\"image\":{\"@id\":\"https:\\\/\\\/www.lojadeequipamentos.com.br\\\/loja\\\/produto\\\/fritadeira-elet-croydon-fam5-15l-2-cestos\\\/#primaryimage\"},\"thumbnailUrl\":\"https:\\\/\\\/www.lojadeequipamentos.com.br\\\/loja\\\/wp-content\\\/uploads\\\/2019\\\/08\\\/FAM5.jpg\",\"datePublished\":\"2019-08-18T19:04:41+00:00\",\"dateModified\":\"2023-09-15T10:57:59+00:00\",\"description\":\"Fritadeira El\u00e9trica FAM5 Croydon R$ 2.005,20 15L 2 Cubas \u00c1gua \u00d3leo c\\\/ 5000W Capac. Nom. 15 Litros\",\"breadcrumb\":{\"@id\":\"https:\\\/\\\/www.lojadeequipamentos.com.br\\\/loja\\\/produto\\\/fritadeira-elet-croydon-fam5-15l-2-cestos\\\/#breadcrumb\"},\"inLanguage\":\"pt-BR\",\"potentialAction\":[{\"@type\":\"ReadAction\",\"target\":[\"https:\\\/\\\/www.lojadeequipamentos.com.br\\\/loja\\\/produto\\\/fritadeira-elet-croydon-fam5-15l-2-cestos\\\/\"]}]},{\"@type\":\"ImageObject\",\"inLanguage\":\"pt-BR\",\"@id\":\"https:\\\/\\\/www.lojadeequipamentos.com.br\\\/loja\\\/produto\\\/fritadeira-elet-croydon-fam5-15l-2-cestos\\\/#primaryimage\",\"url\":\"https:\\\/\\\/www.lojadeequipamentos.com.br\\\/loja\\\/wp-content\\\/uploads\\\/2019\\\/08\\\/FAM5.jpg\",\"contentUrl\":\"https:\\\/\\\/www.lojadeequipamentos.com.br\\\/loja\\\/wp-content\\\/uploads\\\/2019\\\/08\\\/FAM5.jpg\",\"width\":750,\"height\":611,\"caption\":\"Fritadeira El\u00e9trica\"},{\"@type\":\"BreadcrumbList\",\"@id\":\"https:\\\/\\\/www.lojadeequipamentos.com.br\\\/loja\\\/produto\\\/fritadeira-elet-croydon-fam5-15l-2-cestos\\\/#breadcrumb\",\"itemListElement\":[{\"@type\":\"ListItem\",\"position\":1,\"name\":\"In\u00edcio\",\"item\":\"https:\\\/\\\/www.lojadeequipamentos.com.br\\\/loja\\\/\"},{\"@type\":\"ListItem\",\"position\":2,\"name\":\"Loja Virtual\",\"item\":\"https:\\\/\\\/www.lojadeequipamentos.com.br\\\/loja\\\/shop\\\/\"},{\"@type\":\"ListItem\",\"position\":3,\"name\":\"Fritadeira FAM5 Croydon Elet. 15L x 2 Cubas\"}]},{\"@type\":\"WebSite\",\"@id\":\"https:\\\/\\\/www.lojadeequipamentos.com.br\\\/loja\\\/#website\",\"url\":\"https:\\\/\\\/www.lojadeequipamentos.com.br\\\/loja\\\/\",\"name\":\"Loja de Equipamentos\",\"description\":\"\",\"potentialAction\":[{\"@type\":\"SearchAction\",\"target\":{\"@type\":\"EntryPoint\",\"urlTemplate\":\"https:\\\/\\\/www.lojadeequipamentos.com.br\\\/loja\\\/?s={search_term_string}\"},\"query-input\":{\"@type\":\"PropertyValueSpecification\",\"valueRequired\":true,\"valueName\":\"search_term_string\"}}],\"inLanguage\":\"pt-BR\"}]}<\/script>\n<!-- \/ Yoast SEO plugin. -->","yoast_head_json":{"title":"Fritadeira FAM5 Croydon Elet. 15L x 2 Cubas Loja de Equipamentos","description":"Fritadeira El\u00e9trica FAM5 Croydon R$ 2.005,20 15L 2 Cubas \u00c1gua \u00d3leo c\/ 5000W Capac. Nom. 15 Litros","robots":{"index":"index","follow":"follow","max-snippet":"max-snippet:-1","max-image-preview":"max-image-preview:large","max-video-preview":"max-video-preview:-1"},"canonical":"https:\/\/www.lojadeequipamentos.com.br\/loja\/produto\/fritadeira-elet-croydon-fam5-15l-2-cestos\/","og_locale":"pt_BR","og_type":"article","og_title":"Fritadeira FAM5 Croydon Elet. 15L x 2 Cubas Loja de Equipamentos","og_description":"Fritadeira El\u00e9trica FAM5 Croydon R$ 2.005,20 15L 2 Cubas \u00c1gua \u00d3leo c\/ 5000W Capac. Nom. 15 Litros","og_url":"https:\/\/www.lojadeequipamentos.com.br\/loja\/produto\/fritadeira-elet-croydon-fam5-15l-2-cestos\/","og_site_name":"Loja de Equipamentos","article_modified_time":"2023-09-15T10:57:59+00:00","og_image":[{"width":750,"height":611,"url":"https:\/\/www.lojadeequipamentos.com.br\/loja\/wp-content\/uploads\/2019\/08\/FAM5.jpg","type":"image\/jpeg"}],"twitter_card":"summary_large_image","twitter_misc":{"Est. tempo de leitura":"4 minutos"},"schema":{"@context":"https:\/\/schema.org","@graph":[{"@type":"WebPage","@id":"https:\/\/www.lojadeequipamentos.com.br\/loja\/produto\/fritadeira-elet-croydon-fam5-15l-2-cestos\/","url":"https:\/\/www.lojadeequipamentos.com.br\/loja\/produto\/fritadeira-elet-croydon-fam5-15l-2-cestos\/","name":"Fritadeira FAM5 Croydon Elet. 15L x 2 Cubas Loja de Equipamentos","isPartOf":{"@id":"https:\/\/www.lojadeequipamentos.com.br\/loja\/#website"},"primaryImageOfPage":{"@id":"https:\/\/www.lojadeequipamentos.com.br\/loja\/produto\/fritadeira-elet-croydon-fam5-15l-2-cestos\/#primaryimage"},"image":{"@id":"https:\/\/www.lojadeequipamentos.com.br\/loja\/produto\/fritadeira-elet-croydon-fam5-15l-2-cestos\/#primaryimage"},"thumbnailUrl":"https:\/\/www.lojadeequipamentos.com.br\/loja\/wp-content\/uploads\/2019\/08\/FAM5.jpg","datePublished":"2019-08-18T19:04:41+00:00","dateModified":"2023-09-15T10:57:59+00:00","description":"Fritadeira El\u00e9trica FAM5 Croydon R$ 2.005,20 15L 2 Cubas \u00c1gua \u00d3leo c\/ 5000W Capac. Nom. 15 Litros","breadcrumb":{"@id":"https:\/\/www.lojadeequipamentos.com.br\/loja\/produto\/fritadeira-elet-croydon-fam5-15l-2-cestos\/#breadcrumb"},"inLanguage":"pt-BR","potentialAction":[{"@type":"ReadAction","target":["https:\/\/www.lojadeequipamentos.com.br\/loja\/produto\/fritadeira-elet-croydon-fam5-15l-2-cestos\/"]}]},{"@type":"ImageObject","inLanguage":"pt-BR","@id":"https:\/\/www.lojadeequipamentos.com.br\/loja\/produto\/fritadeira-elet-croydon-fam5-15l-2-cestos\/#primaryimage","url":"https:\/\/www.lojadeequipamentos.com.br\/loja\/wp-content\/uploads\/2019\/08\/FAM5.jpg","contentUrl":"https:\/\/www.lojadeequipamentos.com.br\/loja\/wp-content\/uploads\/2019\/08\/FAM5.jpg","width":750,"height":611,"caption":"Fritadeira El\u00e9trica"},{"@type":"BreadcrumbList","@id":"https:\/\/www.lojadeequipamentos.com.br\/loja\/produto\/fritadeira-elet-croydon-fam5-15l-2-cestos\/#breadcrumb","itemListElement":[{"@type":"ListItem","position":1,"name":"In\u00edcio","item":"https:\/\/www.lojadeequipamentos.com.br\/loja\/"},{"@type":"ListItem","position":2,"name":"Loja Virtual","item":"https:\/\/www.lojadeequipamentos.com.br\/loja\/shop\/"},{"@type":"ListItem","position":3,"name":"Fritadeira FAM5 Croydon Elet. 15L x 2 Cubas"}]},{"@type":"WebSite","@id":"https:\/\/www.lojadeequipamentos.com.br\/loja\/#website","url":"https:\/\/www.lojadeequipamentos.com.br\/loja\/","name":"Loja de Equipamentos","description":"","potentialAction":[{"@type":"SearchAction","target":{"@type":"EntryPoint","urlTemplate":"https:\/\/www.lojadeequipamentos.com.br\/loja\/?s={search_term_string}"},"query-input":{"@type":"PropertyValueSpecification","valueRequired":true,"valueName":"search_term_string"}}],"inLanguage":"pt-BR"}]}},"_links":{"self":[{"href":"https:\/\/www.lojadeequipamentos.com.br\/loja\/wp-json\/wp\/v2\/product\/3672","targetHints":{"allow":["GET"]}}],"collection":[{"href":"https:\/\/www.lojadeequipamentos.com.br\/loja\/wp-json\/wp\/v2\/product"}],"about":[{"href":"https:\/\/www.lojadeequipamentos.com.br\/loja\/wp-json\/wp\/v2\/types\/product"}],"replies":[{"embeddable":true,"href":"https:\/\/www.lojadeequipamentos.com.br\/loja\/wp-json\/wp\/v2\/comments?post=3672"}],"wp:featuredmedia":[{"embeddable":true,"href":"https:\/\/www.lojadeequipamentos.com.br\/loja\/wp-json\/wp\/v2\/media\/3684"}],"wp:attachment":[{"href":"https:\/\/www.lojadeequipamentos.com.br\/loja\/wp-json\/wp\/v2\/media?parent=3672"}],"wp:term":[{"taxonomy":"product_brand","embeddable":true,"href":"https:\/\/www.lojadeequipamentos.com.br\/loja\/wp-json\/wp\/v2\/product_brand?post=3672"},{"taxonomy":"product_cat","embeddable":true,"href":"https:\/\/www.lojadeequipamentos.com.br\/loja\/wp-json\/wp\/v2\/product_cat?post=3672"},{"taxonomy":"product_tag","embeddable":true,"href":"https:\/\/www.lojadeequipamentos.com.br\/loja\/wp-json\/wp\/v2\/product_tag?post=3672"}],"curies":[{"name":"wp","href":"https:\/\/api.w.org\/{rel}","templated":true}]}}