{"id":3669,"date":"2019-08-18T18:16:17","date_gmt":"2019-08-18T18:16:17","guid":{"rendered":"http:\/\/www.lojadeequipamentos.com.br\/loja\/?post_type=product&#038;p=3669"},"modified":"2023-09-15T11:00:03","modified_gmt":"2023-09-15T11:00:03","slug":"tacho-gas-tfap-7-litros-alt-pressao-croydon","status":"publish","type":"product","link":"https:\/\/www.lojadeequipamentos.com.br\/loja\/produto\/tacho-gas-tfap-7-litros-alt-pressao-croydon\/","title":{"rendered":"Tacho \u00e0 G\u00e1s TFAP 7 Litros Alt.Press\u00e3o Croydon"},"content":{"rendered":"<h2>Tacho \u00e0 G\u00e1s de Mesa TFAP -7 Litros e 1 Cesto Alta Press\u00e3o - Croydon<\/h2>\n<p>\nDescri\u00e7\u00e3o: Tacho \u00e0 G\u00e1s de Mesa 7,5 Litros c\/ 1 Cesto - Croydon. Potencia GLP: 18.000Btu\/h = 4.539kcal\/h, gabinete em alum\u00ednio, cuba (bacia) em alum\u00ednio chapa grossa, cesta em arame estanhado, manipulador (registro) de vaz\u00e3o de g\u00e1s, queimador atmosf\u00e9rico e mangueira com borboleta.<br \/>\n<br \/>\nO Equipamento dever\u00e1 ser alimentado por g\u00e1s GLP (P13), na instala\u00e7\u00e3o que usa o tubo flex\u00edvel fornecido pelo fabricante para liga\u00e7\u00e3o entre o equipamento e o boj\u00e3o est\u00e1 dentro da norma NBR 8613, no qual, n\u00e3o devera cruzar a parte traseira do equipamento e tem a sua vida \u00fatil de 5 (cinco) anos no m\u00e1ximo, sendo obrigat\u00f3rio a sua troca dentro do vencimento indicado no tubo flex\u00edvel.<br \/>\nN\u00e3o \u00e9 permitido o uso de emendas entre os pontos ligados. As fixa\u00e7\u00f5es das extremidades da mangueira dever\u00e3o ser feitas com abra\u00e7adeiras met\u00e1licas nas suas extremidades para evitar vazamentos (em locais litor\u00e2neos \u00e9 recomendado o uso de abra\u00e7adeiras de a\u00e7o inox).<br \/>\n<br \/>\nNOTAS: Evite usar esponja met\u00e1lica ou qualquer esponja fibrosa\/abrasiva para evitar danos no acabamento do alum\u00ednio.<br \/>\nO Perigo de Fogo pode ocorrer caso n\u00e3o seja colocado a quantidade m\u00ednima de \u00f3leo no equipamento indicado no manual. Se isto ocorrer a garantia ser\u00e1 automaticamente cancelada.<br \/>\n<br \/>\nDados T\u00e9cnicos<br \/>\nCapacidade Nominal: 7 Litros<br \/>\nCapacidade de \u00d3leo: 7 litros<br \/>\nProdu\u00e7\u00e3o M\u00e1xima: 24kg\/h<br \/>\nPot\u00eancia (GLP): 18.000Btu\/h = 4.539Kcal\/h<br \/>\nPress\u00e3o de Trabalho (GLP): Alta press\u00e3o<br \/>\nConsumo (GLP): 450g\/h<br \/>\nAltura: 22cm  Largura: 48cm  Profundidade: 55cm<br \/>\nPeso L\u00edquido: 3,4kg  Peso Bruto: 4,0kg<br \/>\n<br \/>\nGarantia: 1 ano<br \/>\n<br \/>\n<strong>FAVOR ENTRAR EM CONTATO PARA COTA\u00c7\u00c3O DE FRETE<strong><\/strong><\/strong><br \/>\n<br \/>\n<a href=\"https:\/\/api.whatsapp.com\/send?phone=5521964144201\"><img loading=\"lazy\" decoding=\"async\" class=\"alignnone size-full wp-image-4307\" alt=\"botao_whatsapp\" src=\"http:\/\/www.lojadeequipamentos.com.br\/loja\/wp-content\/uploads\/2020\/08\/botao_whatsapp.png\" width=\"226\" height=\"82\" \/><\/a><\/p>\n","protected":false},"excerpt":{"rendered":"<strong>Tacho \u00e0 G\u00e1s de Mesa TFAP 7 L 1 Cesto Alta Press\u00e3o Croydon<\/strong> \r\n","protected":false},"featured_media":3685,"comment_status":"open","ping_status":"closed","template":"","meta":{"_links_to":"","_links_to_target":""},"product_brand":[],"product_cat":[2257],"product_tag":[2822,2823,2824,2844,6163,4477,4476,2795,2793,2835,2846,2838,2839,2845,2841,2836,2847,2799,2826,2827,2848,2849,2811,2815,2831,2832,2850,2812,2851,2852,4478,2853],"class_list":{"0":"post-3669","1":"product","2":"type-product","3":"status-publish","4":"has-post-thumbnail","6":"product_cat-fritadeira","7":"product_tag-a-gas-tacho","8":"product_tag-a-gas-tacho-7-litros","9":"product_tag-a-gas-tacho-croydon","10":"product_tag-a-gas-tacho-tfap","11":"product_tag-croydon-tacho-tfap","12":"product_tag-fritadeira-croydon-tfap","13":"product_tag-fritadeira-tfap","14":"product_tag-tacho","15":"product_tag-tacho-7-litros","16":"product_tag-tacho-a-gas-2","17":"product_tag-tacho-a-gas-alta-pressao","18":"product_tag-tacho-a-gas-croydon","19":"product_tag-tacho-a-gas-croydon-7-litros","20":"product_tag-tacho-a-gas-croydon-tfap","21":"product_tag-tacho-a-gas-de-7-litros","22":"product_tag-tacho-a-gas-glp","23":"product_tag-tacho-a-gas-tfap","24":"product_tag-tacho-croydon-7-litros","25":"product_tag-tacho-croydon-a-gas","26":"product_tag-tacho-croydon-a-gas-7-litros","27":"product_tag-tacho-croydon-a-gas-tfap","28":"product_tag-tacho-croydon-tfap","29":"product_tag-tacho-de-fritura","30":"product_tag-tacho-de-fritura-7-litros","31":"product_tag-tacho-de-fritura-a-gas","32":"product_tag-tacho-de-fritura-a-gas-croydon","33":"product_tag-tacho-de-fritura-a-gas-croydon-tfap","34":"product_tag-tacho-de-fritura-croydon","35":"product_tag-tacho-de-fritura-croydon-tfap","36":"product_tag-tacho-de-fritura-tfap","37":"product_tag-tacho-gas","38":"product_tag-tacho-tfap","40":"first","41":"instock","42":"shipping-taxable","43":"purchasable","44":"product-type-simple"},"yoast_head":"<!-- This site is optimized with the Yoast SEO plugin v27.3 - https:\/\/yoast.com\/product\/yoast-seo-wordpress\/ -->\n<title>Tacho \u00e0 G\u00e1s TFAP 7 Litros Alt.Press\u00e3o Croydon Loja de Equipamentos<\/title>\n<meta name=\"description\" content=\"Tacho \u00e0 G\u00e1s de Mesa TFAP Croydon R$ 835,20 7 L A. Press\u00e3o Pot. 18.000Btu\/h = 4.539Kcal\/h gab. alum\u00ednio cesta arame estanhado.\" \/>\n<meta name=\"robots\" content=\"index, follow, max-snippet:-1, max-image-preview:large, max-video-preview:-1\" \/>\n<link rel=\"canonical\" href=\"https:\/\/www.lojadeequipamentos.com.br\/loja\/produto\/tacho-gas-tfap-7-litros-alt-pressao-croydon\/\" \/>\n<meta property=\"og:locale\" content=\"pt_BR\" \/>\n<meta property=\"og:type\" content=\"article\" \/>\n<meta property=\"og:title\" content=\"Tacho \u00e0 G\u00e1s TFAP 7 Litros Alt.Press\u00e3o Croydon Loja de Equipamentos\" \/>\n<meta property=\"og:description\" content=\"Tacho \u00e0 G\u00e1s de Mesa TFAP Croydon R$ 835,20 7 L A. Press\u00e3o Pot. 18.000Btu\/h = 4.539Kcal\/h gab. alum\u00ednio cesta arame estanhado.\" \/>\n<meta property=\"og:url\" content=\"https:\/\/www.lojadeequipamentos.com.br\/loja\/produto\/tacho-gas-tfap-7-litros-alt-pressao-croydon\/\" \/>\n<meta property=\"og:site_name\" content=\"Loja de Equipamentos\" \/>\n<meta property=\"article:modified_time\" content=\"2023-09-15T11:00:03+00:00\" \/>\n<meta property=\"og:image\" content=\"https:\/\/www.lojadeequipamentos.com.br\/loja\/wp-content\/uploads\/2019\/08\/TFAP.jpg\" \/>\n\t<meta property=\"og:image:width\" content=\"765\" \/>\n\t<meta property=\"og:image:height\" content=\"624\" \/>\n\t<meta property=\"og:image:type\" content=\"image\/jpeg\" \/>\n<meta name=\"twitter:card\" content=\"summary_large_image\" \/>\n<meta name=\"twitter:label1\" content=\"Est. tempo de leitura\" \/>\n\t<meta name=\"twitter:data1\" content=\"2 minutos\" \/>\n<script type=\"application\/ld+json\" class=\"yoast-schema-graph\">{\"@context\":\"https:\\\/\\\/schema.org\",\"@graph\":[{\"@type\":\"WebPage\",\"@id\":\"https:\\\/\\\/www.lojadeequipamentos.com.br\\\/loja\\\/produto\\\/tacho-gas-tfap-7-litros-alt-pressao-croydon\\\/\",\"url\":\"https:\\\/\\\/www.lojadeequipamentos.com.br\\\/loja\\\/produto\\\/tacho-gas-tfap-7-litros-alt-pressao-croydon\\\/\",\"name\":\"Tacho \u00e0 G\u00e1s TFAP 7 Litros Alt.Press\u00e3o Croydon Loja de Equipamentos\",\"isPartOf\":{\"@id\":\"https:\\\/\\\/www.lojadeequipamentos.com.br\\\/loja\\\/#website\"},\"primaryImageOfPage\":{\"@id\":\"https:\\\/\\\/www.lojadeequipamentos.com.br\\\/loja\\\/produto\\\/tacho-gas-tfap-7-litros-alt-pressao-croydon\\\/#primaryimage\"},\"image\":{\"@id\":\"https:\\\/\\\/www.lojadeequipamentos.com.br\\\/loja\\\/produto\\\/tacho-gas-tfap-7-litros-alt-pressao-croydon\\\/#primaryimage\"},\"thumbnailUrl\":\"https:\\\/\\\/www.lojadeequipamentos.com.br\\\/loja\\\/wp-content\\\/uploads\\\/2019\\\/08\\\/TFAP.jpg\",\"datePublished\":\"2019-08-18T18:16:17+00:00\",\"dateModified\":\"2023-09-15T11:00:03+00:00\",\"description\":\"Tacho \u00e0 G\u00e1s de Mesa TFAP Croydon R$ 835,20 7 L A. Press\u00e3o Pot. 18.000Btu\\\/h = 4.539Kcal\\\/h gab. alum\u00ednio cesta arame estanhado.\",\"breadcrumb\":{\"@id\":\"https:\\\/\\\/www.lojadeequipamentos.com.br\\\/loja\\\/produto\\\/tacho-gas-tfap-7-litros-alt-pressao-croydon\\\/#breadcrumb\"},\"inLanguage\":\"pt-BR\",\"potentialAction\":[{\"@type\":\"ReadAction\",\"target\":[\"https:\\\/\\\/www.lojadeequipamentos.com.br\\\/loja\\\/produto\\\/tacho-gas-tfap-7-litros-alt-pressao-croydon\\\/\"]}]},{\"@type\":\"ImageObject\",\"inLanguage\":\"pt-BR\",\"@id\":\"https:\\\/\\\/www.lojadeequipamentos.com.br\\\/loja\\\/produto\\\/tacho-gas-tfap-7-litros-alt-pressao-croydon\\\/#primaryimage\",\"url\":\"https:\\\/\\\/www.lojadeequipamentos.com.br\\\/loja\\\/wp-content\\\/uploads\\\/2019\\\/08\\\/TFAP.jpg\",\"contentUrl\":\"https:\\\/\\\/www.lojadeequipamentos.com.br\\\/loja\\\/wp-content\\\/uploads\\\/2019\\\/08\\\/TFAP.jpg\",\"width\":765,\"height\":624,\"caption\":\"Tacho a g\u00e1s\"},{\"@type\":\"BreadcrumbList\",\"@id\":\"https:\\\/\\\/www.lojadeequipamentos.com.br\\\/loja\\\/produto\\\/tacho-gas-tfap-7-litros-alt-pressao-croydon\\\/#breadcrumb\",\"itemListElement\":[{\"@type\":\"ListItem\",\"position\":1,\"name\":\"In\u00edcio\",\"item\":\"https:\\\/\\\/www.lojadeequipamentos.com.br\\\/loja\\\/\"},{\"@type\":\"ListItem\",\"position\":2,\"name\":\"Loja Virtual\",\"item\":\"https:\\\/\\\/www.lojadeequipamentos.com.br\\\/loja\\\/shop\\\/\"},{\"@type\":\"ListItem\",\"position\":3,\"name\":\"Tacho \u00e0 G\u00e1s TFAP 7 Litros Alt.Press\u00e3o Croydon\"}]},{\"@type\":\"WebSite\",\"@id\":\"https:\\\/\\\/www.lojadeequipamentos.com.br\\\/loja\\\/#website\",\"url\":\"https:\\\/\\\/www.lojadeequipamentos.com.br\\\/loja\\\/\",\"name\":\"Loja de Equipamentos\",\"description\":\"\",\"potentialAction\":[{\"@type\":\"SearchAction\",\"target\":{\"@type\":\"EntryPoint\",\"urlTemplate\":\"https:\\\/\\\/www.lojadeequipamentos.com.br\\\/loja\\\/?s={search_term_string}\"},\"query-input\":{\"@type\":\"PropertyValueSpecification\",\"valueRequired\":true,\"valueName\":\"search_term_string\"}}],\"inLanguage\":\"pt-BR\"}]}<\/script>\n<!-- \/ Yoast SEO plugin. -->","yoast_head_json":{"title":"Tacho \u00e0 G\u00e1s TFAP 7 Litros Alt.Press\u00e3o Croydon Loja de Equipamentos","description":"Tacho \u00e0 G\u00e1s de Mesa TFAP Croydon R$ 835,20 7 L A. Press\u00e3o Pot. 18.000Btu\/h = 4.539Kcal\/h gab. alum\u00ednio cesta arame estanhado.","robots":{"index":"index","follow":"follow","max-snippet":"max-snippet:-1","max-image-preview":"max-image-preview:large","max-video-preview":"max-video-preview:-1"},"canonical":"https:\/\/www.lojadeequipamentos.com.br\/loja\/produto\/tacho-gas-tfap-7-litros-alt-pressao-croydon\/","og_locale":"pt_BR","og_type":"article","og_title":"Tacho \u00e0 G\u00e1s TFAP 7 Litros Alt.Press\u00e3o Croydon Loja de Equipamentos","og_description":"Tacho \u00e0 G\u00e1s de Mesa TFAP Croydon R$ 835,20 7 L A. Press\u00e3o Pot. 18.000Btu\/h = 4.539Kcal\/h gab. alum\u00ednio cesta arame estanhado.","og_url":"https:\/\/www.lojadeequipamentos.com.br\/loja\/produto\/tacho-gas-tfap-7-litros-alt-pressao-croydon\/","og_site_name":"Loja de Equipamentos","article_modified_time":"2023-09-15T11:00:03+00:00","og_image":[{"width":765,"height":624,"url":"https:\/\/www.lojadeequipamentos.com.br\/loja\/wp-content\/uploads\/2019\/08\/TFAP.jpg","type":"image\/jpeg"}],"twitter_card":"summary_large_image","twitter_misc":{"Est. tempo de leitura":"2 minutos"},"schema":{"@context":"https:\/\/schema.org","@graph":[{"@type":"WebPage","@id":"https:\/\/www.lojadeequipamentos.com.br\/loja\/produto\/tacho-gas-tfap-7-litros-alt-pressao-croydon\/","url":"https:\/\/www.lojadeequipamentos.com.br\/loja\/produto\/tacho-gas-tfap-7-litros-alt-pressao-croydon\/","name":"Tacho \u00e0 G\u00e1s TFAP 7 Litros Alt.Press\u00e3o Croydon Loja de Equipamentos","isPartOf":{"@id":"https:\/\/www.lojadeequipamentos.com.br\/loja\/#website"},"primaryImageOfPage":{"@id":"https:\/\/www.lojadeequipamentos.com.br\/loja\/produto\/tacho-gas-tfap-7-litros-alt-pressao-croydon\/#primaryimage"},"image":{"@id":"https:\/\/www.lojadeequipamentos.com.br\/loja\/produto\/tacho-gas-tfap-7-litros-alt-pressao-croydon\/#primaryimage"},"thumbnailUrl":"https:\/\/www.lojadeequipamentos.com.br\/loja\/wp-content\/uploads\/2019\/08\/TFAP.jpg","datePublished":"2019-08-18T18:16:17+00:00","dateModified":"2023-09-15T11:00:03+00:00","description":"Tacho \u00e0 G\u00e1s de Mesa TFAP Croydon R$ 835,20 7 L A. Press\u00e3o Pot. 18.000Btu\/h = 4.539Kcal\/h gab. alum\u00ednio cesta arame estanhado.","breadcrumb":{"@id":"https:\/\/www.lojadeequipamentos.com.br\/loja\/produto\/tacho-gas-tfap-7-litros-alt-pressao-croydon\/#breadcrumb"},"inLanguage":"pt-BR","potentialAction":[{"@type":"ReadAction","target":["https:\/\/www.lojadeequipamentos.com.br\/loja\/produto\/tacho-gas-tfap-7-litros-alt-pressao-croydon\/"]}]},{"@type":"ImageObject","inLanguage":"pt-BR","@id":"https:\/\/www.lojadeequipamentos.com.br\/loja\/produto\/tacho-gas-tfap-7-litros-alt-pressao-croydon\/#primaryimage","url":"https:\/\/www.lojadeequipamentos.com.br\/loja\/wp-content\/uploads\/2019\/08\/TFAP.jpg","contentUrl":"https:\/\/www.lojadeequipamentos.com.br\/loja\/wp-content\/uploads\/2019\/08\/TFAP.jpg","width":765,"height":624,"caption":"Tacho a g\u00e1s"},{"@type":"BreadcrumbList","@id":"https:\/\/www.lojadeequipamentos.com.br\/loja\/produto\/tacho-gas-tfap-7-litros-alt-pressao-croydon\/#breadcrumb","itemListElement":[{"@type":"ListItem","position":1,"name":"In\u00edcio","item":"https:\/\/www.lojadeequipamentos.com.br\/loja\/"},{"@type":"ListItem","position":2,"name":"Loja Virtual","item":"https:\/\/www.lojadeequipamentos.com.br\/loja\/shop\/"},{"@type":"ListItem","position":3,"name":"Tacho \u00e0 G\u00e1s TFAP 7 Litros Alt.Press\u00e3o Croydon"}]},{"@type":"WebSite","@id":"https:\/\/www.lojadeequipamentos.com.br\/loja\/#website","url":"https:\/\/www.lojadeequipamentos.com.br\/loja\/","name":"Loja de Equipamentos","description":"","potentialAction":[{"@type":"SearchAction","target":{"@type":"EntryPoint","urlTemplate":"https:\/\/www.lojadeequipamentos.com.br\/loja\/?s={search_term_string}"},"query-input":{"@type":"PropertyValueSpecification","valueRequired":true,"valueName":"search_term_string"}}],"inLanguage":"pt-BR"}]}},"_links":{"self":[{"href":"https:\/\/www.lojadeequipamentos.com.br\/loja\/wp-json\/wp\/v2\/product\/3669","targetHints":{"allow":["GET"]}}],"collection":[{"href":"https:\/\/www.lojadeequipamentos.com.br\/loja\/wp-json\/wp\/v2\/product"}],"about":[{"href":"https:\/\/www.lojadeequipamentos.com.br\/loja\/wp-json\/wp\/v2\/types\/product"}],"replies":[{"embeddable":true,"href":"https:\/\/www.lojadeequipamentos.com.br\/loja\/wp-json\/wp\/v2\/comments?post=3669"}],"wp:featuredmedia":[{"embeddable":true,"href":"https:\/\/www.lojadeequipamentos.com.br\/loja\/wp-json\/wp\/v2\/media\/3685"}],"wp:attachment":[{"href":"https:\/\/www.lojadeequipamentos.com.br\/loja\/wp-json\/wp\/v2\/media?parent=3669"}],"wp:term":[{"taxonomy":"product_brand","embeddable":true,"href":"https:\/\/www.lojadeequipamentos.com.br\/loja\/wp-json\/wp\/v2\/product_brand?post=3669"},{"taxonomy":"product_cat","embeddable":true,"href":"https:\/\/www.lojadeequipamentos.com.br\/loja\/wp-json\/wp\/v2\/product_cat?post=3669"},{"taxonomy":"product_tag","embeddable":true,"href":"https:\/\/www.lojadeequipamentos.com.br\/loja\/wp-json\/wp\/v2\/product_tag?post=3669"}],"curies":[{"name":"wp","href":"https:\/\/api.w.org\/{rel}","templated":true}]}}