{"id":3660,"date":"2019-08-17T22:21:29","date_gmt":"2019-08-17T22:21:29","guid":{"rendered":"http:\/\/www.lojadeequipamentos.com.br\/loja\/?post_type=product&#038;p=3660"},"modified":"2023-09-15T11:32:59","modified_gmt":"2023-09-15T11:32:59","slug":"fritadeira-gas-croydon-f2bg-45l-x-22-cestos","status":"publish","type":"product","link":"https:\/\/www.lojadeequipamentos.com.br\/loja\/produto\/fritadeira-gas-croydon-f2bg-45l-x-22-cestos\/","title":{"rendered":"Fritadeira 4,5L x 2 Cubas &#8211; G\u00e1s Croydon F2BG"},"content":{"rendered":"<h2>Fritadeira a G\u00e1s de Mesa F2BG - 4,5 Litros x 2 Cubas - Croydon<\/h2>\n<p>\nDescri\u00e7\u00e3o: Fritadeira a G\u00e1s de Mesa Croydon de (09 Litros) 4,5 Litros x 2 Cubas, Pot\u00eancia(GLP): 2 x 9000Btu\/h = 2 x 2.270Kcal\/h, com gabinete em a\u00e7o inox, 02 caixas de \u00f3leo em a\u00e7o em inox, 02 cestas em arame estanhado, 02 suportes para cesta, 02 manipuladores de temperatura e 02 queimadores atmosf\u00e9rico.<br \/>\n<br \/>\nPara equipamentos alimentados por g\u00e1s GLP (P13 ou P45) utilizar regulador de press\u00e3o; independentes de serem conectados atrav\u00e9s de tubo flex\u00edvel(P13) ou rede primarias(P45 ou tanques de armazenamento estacion\u00e1rios) atrav\u00e9s de tubula\u00e7\u00f5es r\u00edgidas de ferro galvanizado ou cobre classe I.(menos os modelos TFAP e FA1B que operam em alta press\u00e3o com botij\u00e3o P13 sem regulador)<br \/>\nNa Instala\u00e7\u00e3o que se usa o tubo flex\u00edvel para liga\u00e7\u00e3o entre o equipamento e o boj\u00e3o dever\u00e1 atender a norma NBR 8613, no qual, a mangueira dever\u00e1 ter comprimento m\u00e1ximo de 80cm, n\u00e3o devendo cruzar a parte traseira do equipamento e deve indicar o nome do fabricante e o ano de fabrica\u00e7\u00e3o, pois sua vida \u00fatil \u00e9 de 5 (cinco) anos no m\u00e1ximo.<br \/>\nN\u00e3o \u00e9 permitido o uso de emendas entre os pontos ligados. As fixa\u00e7\u00f5es das extremidades da mangueira dever\u00e3o ser feitas com abra\u00e7adeiras met\u00e1licas nas suas extremidades para evitar vazamentos (em locais litor\u00e2neos \u00e9 recomendado o uso de abra\u00e7adeiras de a\u00e7o inox).<br \/>\n<br \/>\nNOTAS: \u00c9 importante que o tipo de g\u00e1s alimentado seja o mesmo para o qual o equipamento foi ajustado. Verifique na etiqueta de identifica\u00e7\u00e3o do produto, qual tipo de g\u00e1s dever\u00e1 ser utilizado.<br \/>\n<strong>Os equipamentos GLP convertidos para uso em GN dever\u00e3o operar com baixa press\u00e3o (200mmca). A transforma\u00e7\u00e3o de GLP para GN ou GN para GLP, n\u00e3o s\u00e3o cobertas pela garantia da f\u00e1brica.<\/strong><br \/>\nEvite usar esponja met\u00e1lica ou qualquer esponja fibrosa\/abrasiva para evitar danos no acabamento do a\u00e7o inoxid\u00e1vel.<br \/>\nO Perigo de fogo pode ocorrer caso n\u00e3o seja colocado a quantidade m\u00ednima de \u00f3leo indicada no manual. Se isto ocorrer a garantia ser\u00e1 automaticamente cancelada.<br \/>\nEste equipamento \u00e9 fornecido com registro de regulagem com 2 (dois) est\u00e1gios de chamas (m\u00e1xima e m\u00ednima). Incorporado ao registro existe um dispositivo de seguran\u00e7a que s\u00f3 permitir\u00e1 sua abertura quando o manipulador for pressionado e girado para a esquerda.<br \/>\n<br \/>\nDados T\u00e9cnicos<br \/>\nCapacidade da Cesta: 1,5 Kg x 2 = 3Kg<br \/>\nCapacidade Nominal: 9 Litros (4,5 Litros x 2)<br \/>\nPot\u00eancia(GLP):  2 x 9000Btu\/h = 2 x 2.270Kcal\/h<br \/>\nPress\u00e3o de Trabalho(GLP):280 mm.Ca<br \/>\nConsumo(GLP): 2 x 225g\/h = 450g\/h<br \/>\nAltura:41cm  Largura:59cm  Profundidade:39cm<br \/>\nPeso L\u00edquido: 6,6kg  Peso Bruto: 8,6kg<br \/>\n<br \/>\n<strong>FAVOR ENTRAR EM CONTATO PARA COTA\u00c7\u00c3O DE FRETE<strong><\/strong><\/strong><br \/>\n<br \/>\n<a href=\"https:\/\/api.whatsapp.com\/send?phone=5521964144201\"><img loading=\"lazy\" decoding=\"async\" class=\"alignnone size-full wp-image-4307\" alt=\"botao_whatsapp\" src=\"http:\/\/www.lojadeequipamentos.com.br\/loja\/wp-content\/uploads\/2020\/08\/botao_whatsapp.png\" width=\"226\" height=\"82\" \/><\/a><\/p>\n","protected":false},"excerpt":{"rendered":"<strong>Fritadeira a G\u00e1s de Mesa F2BG - 4,5 Litros x 2 Cubas - Croydon<\/strong> ","protected":false},"featured_media":3689,"comment_status":"open","ping_status":"closed","template":"","meta":{"_links_to":"","_links_to_target":""},"product_brand":[],"product_cat":[2257],"product_tag":[2431,2733,2585,2734,2672,2673,2620,2605,2735,2677,2646,2648,2736,2681,2611,2737,2738,2739,2614,2740,2619,2741,2742,2743,2656,2657,2744,2621,2691,2301,2745,2746,2747,2748,2302,2749,2750,2604,2751,2752,2753,2590,2754],"class_list":{"0":"post-3660","1":"product","2":"type-product","3":"status-publish","4":"has-post-thumbnail","6":"product_cat-fritadeira","7":"product_tag-croydon","8":"product_tag-croydon-f2bg","9":"product_tag-croydon-fritadeira","10":"product_tag-friradeira-de-mesa-f2bg","11":"product_tag-fritadeira-18000-btu","12":"product_tag-fritadeira-4540kcal","13":"product_tag-fritadeira-9-litros","14":"product_tag-fritadeira-a-gas-2","15":"product_tag-fritadeira-a-gas-4-5-litros-x-2","16":"product_tag-fritadeira-a-gas-9-litros","17":"product_tag-fritadeira-a-gas-croydon-2-x-2270kcal","18":"product_tag-fritadeira-a-gas-croydon-2-x-9000btu","19":"product_tag-fritadeira-a-gas-croydon-4-5-litros-x-2","20":"product_tag-fritadeira-a-gas-croydon-9-litros","21":"product_tag-fritadeira-a-gas-croydon-de-mesa","22":"product_tag-fritadeira-a-gas-croydon-de-mesa-4-5-litros-x-2","23":"product_tag-fritadeira-a-gas-croydon-de-mesa-f2bg","24":"product_tag-fritadeira-a-gas-croydon-f2bg","25":"product_tag-fritadeira-a-gas-de-mesa","26":"product_tag-fritadeira-a-gas-de-mesa-4-5-litros-x-2","27":"product_tag-fritadeira-a-gas-de-mesa-croydon","28":"product_tag-fritadeira-a-gas-de-mesa-croydon-4-5-litros-x-2","29":"product_tag-fritadeira-a-gas-de-mesa-croydon-f2bg","30":"product_tag-fritadeira-a-gas-de-mesa-f2bg","31":"product_tag-fritadeira-croydon-2-x-2270kcal","32":"product_tag-fritadeira-croydon-2-x-9000btu","33":"product_tag-fritadeira-croydon-4-5-litros-x-2","34":"product_tag-fritadeira-croydon-9-litros","35":"product_tag-fritadeira-croydon-a-gas-9-litros","36":"product_tag-fritadeira-croydon-de-mesa","37":"product_tag-fritadeira-croydon-de-mesa-4-5-litros-x-2","38":"product_tag-fritadeira-croydon-de-mesa-f2bg","39":"product_tag-fritadeira-croydon-f2bg","40":"product_tag-fritadeira-de-mesa-4-5-litros-x-2","41":"product_tag-fritadeira-de-mesa-croydon","42":"product_tag-fritadeira-de-mesa-croydon-4-5-litros-x-2","43":"product_tag-fritadeira-de-mesa-croydon-f2bg","44":"product_tag-fritadeira-gas","45":"product_tag-fritadeira-gas-4-5-litros-x-2","46":"product_tag-fritadeira-gas-croydon-4-5-litros-x-2","47":"product_tag-fritadeira-gas-f2bg","48":"product_tag-gas-fritadeira-croydon","49":"product_tag-gas-fritadeira-croydon-f2bg","51":"first","52":"instock","53":"shipping-taxable","54":"purchasable","55":"product-type-simple"},"yoast_head":"<!-- This site is optimized with the Yoast SEO plugin v27.3 - https:\/\/yoast.com\/product\/yoast-seo-wordpress\/ -->\n<title>Fritadeira 4,5L x 2 Cubas - G\u00e1s Croydon F2BG - Loja de Equipamentos<\/title>\n<meta name=\"description\" content=\"R$ 1.056,60 Fritadeira G\u00e1s Mesa A\u00e7o Inox Mod. F2BG Croydon 4,5 Litros x 2 Cubas Pot. 2 x 9000Btu\/h 2 x 2.270Kcal\/h Cap. Cestas 3kg G\u00e1s GLP\" \/>\n<meta name=\"robots\" content=\"index, follow, max-snippet:-1, max-image-preview:large, max-video-preview:-1\" \/>\n<link rel=\"canonical\" href=\"https:\/\/www.lojadeequipamentos.com.br\/loja\/produto\/fritadeira-gas-croydon-f2bg-45l-x-22-cestos\/\" \/>\n<meta property=\"og:locale\" content=\"pt_BR\" \/>\n<meta property=\"og:type\" content=\"article\" \/>\n<meta property=\"og:title\" content=\"Fritadeira 4,5L x 2 Cubas - G\u00e1s Croydon F2BG - Loja de Equipamentos\" \/>\n<meta property=\"og:description\" content=\"R$ 1.056,60 Fritadeira G\u00e1s Mesa A\u00e7o Inox Mod. F2BG Croydon 4,5 Litros x 2 Cubas Pot. 2 x 9000Btu\/h 2 x 2.270Kcal\/h Cap. Cestas 3kg G\u00e1s GLP\" \/>\n<meta property=\"og:url\" content=\"https:\/\/www.lojadeequipamentos.com.br\/loja\/produto\/fritadeira-gas-croydon-f2bg-45l-x-22-cestos\/\" \/>\n<meta property=\"og:site_name\" content=\"Loja de Equipamentos\" \/>\n<meta property=\"article:modified_time\" content=\"2023-09-15T11:32:59+00:00\" \/>\n<meta property=\"og:image\" content=\"https:\/\/www.lojadeequipamentos.com.br\/loja\/wp-content\/uploads\/2019\/08\/F2BG.jpg\" \/>\n\t<meta property=\"og:image:width\" content=\"765\" \/>\n\t<meta property=\"og:image:height\" content=\"624\" \/>\n\t<meta property=\"og:image:type\" content=\"image\/jpeg\" \/>\n<meta name=\"twitter:card\" content=\"summary_large_image\" \/>\n<meta name=\"twitter:label1\" content=\"Est. tempo de leitura\" \/>\n\t<meta name=\"twitter:data1\" content=\"3 minutos\" \/>\n<script type=\"application\/ld+json\" class=\"yoast-schema-graph\">{\"@context\":\"https:\\\/\\\/schema.org\",\"@graph\":[{\"@type\":\"WebPage\",\"@id\":\"https:\\\/\\\/www.lojadeequipamentos.com.br\\\/loja\\\/produto\\\/fritadeira-gas-croydon-f2bg-45l-x-22-cestos\\\/\",\"url\":\"https:\\\/\\\/www.lojadeequipamentos.com.br\\\/loja\\\/produto\\\/fritadeira-gas-croydon-f2bg-45l-x-22-cestos\\\/\",\"name\":\"Fritadeira 4,5L x 2 Cubas - G\u00e1s Croydon F2BG - Loja de Equipamentos\",\"isPartOf\":{\"@id\":\"https:\\\/\\\/www.lojadeequipamentos.com.br\\\/loja\\\/#website\"},\"primaryImageOfPage\":{\"@id\":\"https:\\\/\\\/www.lojadeequipamentos.com.br\\\/loja\\\/produto\\\/fritadeira-gas-croydon-f2bg-45l-x-22-cestos\\\/#primaryimage\"},\"image\":{\"@id\":\"https:\\\/\\\/www.lojadeequipamentos.com.br\\\/loja\\\/produto\\\/fritadeira-gas-croydon-f2bg-45l-x-22-cestos\\\/#primaryimage\"},\"thumbnailUrl\":\"https:\\\/\\\/www.lojadeequipamentos.com.br\\\/loja\\\/wp-content\\\/uploads\\\/2019\\\/08\\\/F2BG.jpg\",\"datePublished\":\"2019-08-17T22:21:29+00:00\",\"dateModified\":\"2023-09-15T11:32:59+00:00\",\"description\":\"R$ 1.056,60 Fritadeira G\u00e1s Mesa A\u00e7o Inox Mod. F2BG Croydon 4,5 Litros x 2 Cubas Pot. 2 x 9000Btu\\\/h 2 x 2.270Kcal\\\/h Cap. Cestas 3kg G\u00e1s GLP\",\"breadcrumb\":{\"@id\":\"https:\\\/\\\/www.lojadeequipamentos.com.br\\\/loja\\\/produto\\\/fritadeira-gas-croydon-f2bg-45l-x-22-cestos\\\/#breadcrumb\"},\"inLanguage\":\"pt-BR\",\"potentialAction\":[{\"@type\":\"ReadAction\",\"target\":[\"https:\\\/\\\/www.lojadeequipamentos.com.br\\\/loja\\\/produto\\\/fritadeira-gas-croydon-f2bg-45l-x-22-cestos\\\/\"]}]},{\"@type\":\"ImageObject\",\"inLanguage\":\"pt-BR\",\"@id\":\"https:\\\/\\\/www.lojadeequipamentos.com.br\\\/loja\\\/produto\\\/fritadeira-gas-croydon-f2bg-45l-x-22-cestos\\\/#primaryimage\",\"url\":\"https:\\\/\\\/www.lojadeequipamentos.com.br\\\/loja\\\/wp-content\\\/uploads\\\/2019\\\/08\\\/F2BG.jpg\",\"contentUrl\":\"https:\\\/\\\/www.lojadeequipamentos.com.br\\\/loja\\\/wp-content\\\/uploads\\\/2019\\\/08\\\/F2BG.jpg\",\"width\":765,\"height\":624,\"caption\":\"Fritadeira a g\u00e1s\"},{\"@type\":\"BreadcrumbList\",\"@id\":\"https:\\\/\\\/www.lojadeequipamentos.com.br\\\/loja\\\/produto\\\/fritadeira-gas-croydon-f2bg-45l-x-22-cestos\\\/#breadcrumb\",\"itemListElement\":[{\"@type\":\"ListItem\",\"position\":1,\"name\":\"In\u00edcio\",\"item\":\"https:\\\/\\\/www.lojadeequipamentos.com.br\\\/loja\\\/\"},{\"@type\":\"ListItem\",\"position\":2,\"name\":\"Loja Virtual\",\"item\":\"https:\\\/\\\/www.lojadeequipamentos.com.br\\\/loja\\\/shop\\\/\"},{\"@type\":\"ListItem\",\"position\":3,\"name\":\"Fritadeira 4,5L x 2 Cubas &#8211; G\u00e1s Croydon F2BG\"}]},{\"@type\":\"WebSite\",\"@id\":\"https:\\\/\\\/www.lojadeequipamentos.com.br\\\/loja\\\/#website\",\"url\":\"https:\\\/\\\/www.lojadeequipamentos.com.br\\\/loja\\\/\",\"name\":\"Loja de Equipamentos\",\"description\":\"\",\"potentialAction\":[{\"@type\":\"SearchAction\",\"target\":{\"@type\":\"EntryPoint\",\"urlTemplate\":\"https:\\\/\\\/www.lojadeequipamentos.com.br\\\/loja\\\/?s={search_term_string}\"},\"query-input\":{\"@type\":\"PropertyValueSpecification\",\"valueRequired\":true,\"valueName\":\"search_term_string\"}}],\"inLanguage\":\"pt-BR\"}]}<\/script>\n<!-- \/ Yoast SEO plugin. -->","yoast_head_json":{"title":"Fritadeira 4,5L x 2 Cubas - G\u00e1s Croydon F2BG - Loja de Equipamentos","description":"R$ 1.056,60 Fritadeira G\u00e1s Mesa A\u00e7o Inox Mod. F2BG Croydon 4,5 Litros x 2 Cubas Pot. 2 x 9000Btu\/h 2 x 2.270Kcal\/h Cap. Cestas 3kg G\u00e1s GLP","robots":{"index":"index","follow":"follow","max-snippet":"max-snippet:-1","max-image-preview":"max-image-preview:large","max-video-preview":"max-video-preview:-1"},"canonical":"https:\/\/www.lojadeequipamentos.com.br\/loja\/produto\/fritadeira-gas-croydon-f2bg-45l-x-22-cestos\/","og_locale":"pt_BR","og_type":"article","og_title":"Fritadeira 4,5L x 2 Cubas - G\u00e1s Croydon F2BG - Loja de Equipamentos","og_description":"R$ 1.056,60 Fritadeira G\u00e1s Mesa A\u00e7o Inox Mod. F2BG Croydon 4,5 Litros x 2 Cubas Pot. 2 x 9000Btu\/h 2 x 2.270Kcal\/h Cap. Cestas 3kg G\u00e1s GLP","og_url":"https:\/\/www.lojadeequipamentos.com.br\/loja\/produto\/fritadeira-gas-croydon-f2bg-45l-x-22-cestos\/","og_site_name":"Loja de Equipamentos","article_modified_time":"2023-09-15T11:32:59+00:00","og_image":[{"width":765,"height":624,"url":"https:\/\/www.lojadeequipamentos.com.br\/loja\/wp-content\/uploads\/2019\/08\/F2BG.jpg","type":"image\/jpeg"}],"twitter_card":"summary_large_image","twitter_misc":{"Est. tempo de leitura":"3 minutos"},"schema":{"@context":"https:\/\/schema.org","@graph":[{"@type":"WebPage","@id":"https:\/\/www.lojadeequipamentos.com.br\/loja\/produto\/fritadeira-gas-croydon-f2bg-45l-x-22-cestos\/","url":"https:\/\/www.lojadeequipamentos.com.br\/loja\/produto\/fritadeira-gas-croydon-f2bg-45l-x-22-cestos\/","name":"Fritadeira 4,5L x 2 Cubas - G\u00e1s Croydon F2BG - Loja de Equipamentos","isPartOf":{"@id":"https:\/\/www.lojadeequipamentos.com.br\/loja\/#website"},"primaryImageOfPage":{"@id":"https:\/\/www.lojadeequipamentos.com.br\/loja\/produto\/fritadeira-gas-croydon-f2bg-45l-x-22-cestos\/#primaryimage"},"image":{"@id":"https:\/\/www.lojadeequipamentos.com.br\/loja\/produto\/fritadeira-gas-croydon-f2bg-45l-x-22-cestos\/#primaryimage"},"thumbnailUrl":"https:\/\/www.lojadeequipamentos.com.br\/loja\/wp-content\/uploads\/2019\/08\/F2BG.jpg","datePublished":"2019-08-17T22:21:29+00:00","dateModified":"2023-09-15T11:32:59+00:00","description":"R$ 1.056,60 Fritadeira G\u00e1s Mesa A\u00e7o Inox Mod. F2BG Croydon 4,5 Litros x 2 Cubas Pot. 2 x 9000Btu\/h 2 x 2.270Kcal\/h Cap. Cestas 3kg G\u00e1s GLP","breadcrumb":{"@id":"https:\/\/www.lojadeequipamentos.com.br\/loja\/produto\/fritadeira-gas-croydon-f2bg-45l-x-22-cestos\/#breadcrumb"},"inLanguage":"pt-BR","potentialAction":[{"@type":"ReadAction","target":["https:\/\/www.lojadeequipamentos.com.br\/loja\/produto\/fritadeira-gas-croydon-f2bg-45l-x-22-cestos\/"]}]},{"@type":"ImageObject","inLanguage":"pt-BR","@id":"https:\/\/www.lojadeequipamentos.com.br\/loja\/produto\/fritadeira-gas-croydon-f2bg-45l-x-22-cestos\/#primaryimage","url":"https:\/\/www.lojadeequipamentos.com.br\/loja\/wp-content\/uploads\/2019\/08\/F2BG.jpg","contentUrl":"https:\/\/www.lojadeequipamentos.com.br\/loja\/wp-content\/uploads\/2019\/08\/F2BG.jpg","width":765,"height":624,"caption":"Fritadeira a g\u00e1s"},{"@type":"BreadcrumbList","@id":"https:\/\/www.lojadeequipamentos.com.br\/loja\/produto\/fritadeira-gas-croydon-f2bg-45l-x-22-cestos\/#breadcrumb","itemListElement":[{"@type":"ListItem","position":1,"name":"In\u00edcio","item":"https:\/\/www.lojadeequipamentos.com.br\/loja\/"},{"@type":"ListItem","position":2,"name":"Loja Virtual","item":"https:\/\/www.lojadeequipamentos.com.br\/loja\/shop\/"},{"@type":"ListItem","position":3,"name":"Fritadeira 4,5L x 2 Cubas &#8211; G\u00e1s Croydon F2BG"}]},{"@type":"WebSite","@id":"https:\/\/www.lojadeequipamentos.com.br\/loja\/#website","url":"https:\/\/www.lojadeequipamentos.com.br\/loja\/","name":"Loja de Equipamentos","description":"","potentialAction":[{"@type":"SearchAction","target":{"@type":"EntryPoint","urlTemplate":"https:\/\/www.lojadeequipamentos.com.br\/loja\/?s={search_term_string}"},"query-input":{"@type":"PropertyValueSpecification","valueRequired":true,"valueName":"search_term_string"}}],"inLanguage":"pt-BR"}]}},"_links":{"self":[{"href":"https:\/\/www.lojadeequipamentos.com.br\/loja\/wp-json\/wp\/v2\/product\/3660","targetHints":{"allow":["GET"]}}],"collection":[{"href":"https:\/\/www.lojadeequipamentos.com.br\/loja\/wp-json\/wp\/v2\/product"}],"about":[{"href":"https:\/\/www.lojadeequipamentos.com.br\/loja\/wp-json\/wp\/v2\/types\/product"}],"replies":[{"embeddable":true,"href":"https:\/\/www.lojadeequipamentos.com.br\/loja\/wp-json\/wp\/v2\/comments?post=3660"}],"wp:featuredmedia":[{"embeddable":true,"href":"https:\/\/www.lojadeequipamentos.com.br\/loja\/wp-json\/wp\/v2\/media\/3689"}],"wp:attachment":[{"href":"https:\/\/www.lojadeequipamentos.com.br\/loja\/wp-json\/wp\/v2\/media?parent=3660"}],"wp:term":[{"taxonomy":"product_brand","embeddable":true,"href":"https:\/\/www.lojadeequipamentos.com.br\/loja\/wp-json\/wp\/v2\/product_brand?post=3660"},{"taxonomy":"product_cat","embeddable":true,"href":"https:\/\/www.lojadeequipamentos.com.br\/loja\/wp-json\/wp\/v2\/product_cat?post=3660"},{"taxonomy":"product_tag","embeddable":true,"href":"https:\/\/www.lojadeequipamentos.com.br\/loja\/wp-json\/wp\/v2\/product_tag?post=3660"}],"curies":[{"name":"wp","href":"https:\/\/api.w.org\/{rel}","templated":true}]}}