{"id":3646,"date":"2019-08-15T19:21:14","date_gmt":"2019-08-15T19:21:14","guid":{"rendered":"http:\/\/www.lojadeequipamentos.com.br\/loja\/?post_type=product&#038;p=3646"},"modified":"2023-09-15T11:40:41","modified_gmt":"2023-09-15T11:40:41","slug":"fritadeira-gas-croydon-f1ag-3l-1cesto","status":"publish","type":"product","link":"https:\/\/www.lojadeequipamentos.com.br\/loja\/produto\/fritadeira-gas-croydon-f1ag-3l-1cesto\/","title":{"rendered":"Fritadeira G\u00e1s Croydon F1AG 3L x 1 Cuba"},"content":{"rendered":"<h2>Fritadeira a G\u00e1s de Mesa F1AG - 3 Litros com 1 Cuba - Croydon<\/h2>\n<p>\nDescri\u00e7\u00e3o: Fritadeira a G\u00e1s de Mesa Croydon de 3 Litros e 1 Cuba, Pot\u00eancia(GLP):9000Btu\/h = 2.270Kcal\/h, com gabinete em a\u00e7o inox, caixa de \u00f3leo em a\u00e7o em inox, cesta em arame estanhado, suporte para cesta, manipulador de temperatura e queimador atmosf\u00e9rico.<br \/>\n<br \/>\nPara equipamentos alimentados por g\u00e1s GLP (P13 ou P45) utilizar regulador de press\u00e3o; independentes de serem conectados atrav\u00e9s de tubo flex\u00edvel(P13) ou rede primarias(P45 ou tanques de armazenamento estacion\u00e1rios) atrav\u00e9s de tubula\u00e7\u00f5es r\u00edgidas de ferro galvanizado ou cobre classe I.(menos os modelos TFAP e FA1B que operam em alta press\u00e3o com botij\u00e3o P13 sem regulador)<br \/>\nNa Instala\u00e7\u00e3o que se usa o tubo flex\u00edvel para liga\u00e7\u00e3o entre o equipamento e o boj\u00e3o dever\u00e1 atender a norma NBR 8613, no qual, a mangueira dever\u00e1 ter comprimento m\u00e1ximo de 80cm, n\u00e3o devendo cruzar a parte traseira do equipamento e deve indicar o nome do fabricante e o ano de fabrica\u00e7\u00e3o, pois sua vida \u00fatil \u00e9 de 5 (cinco) anos no m\u00e1ximo.<br \/>\nN\u00e3o \u00e9 permitido o uso de emendas entre os pontos ligados. As fixa\u00e7\u00f5es das extremidades da mangueira dever\u00e3o ser feitas com abra\u00e7adeiras met\u00e1licas nas suas extremidades para evitar vazamentos (em locais litor\u00e2neos \u00e9 recomendado o uso de abra\u00e7adeiras de a\u00e7o inox).<br \/>\n<br \/>\nNOTAS: \u00c9 importante que o tipo de g\u00e1s alimentado seja o mesmo para o qual o equipamento foi ajustado. Verifique na etiqueta de identifica\u00e7\u00e3o do produto, qual tipo de g\u00e1s dever\u00e1 ser utilizado.<br \/>\n<strong>Os equipamentos GLP convertidos para uso em GN dever\u00e3o operar com baixa press\u00e3o (200mmca). A transforma\u00e7\u00e3o de GLP para GN ou GN para GLP, n\u00e3o s\u00e3o cobertas pela garantia da f\u00e1brica.<\/strong><br \/>\nEvite usar esponja met\u00e1lica ou qualquer esponja fibrosa\/abrasiva para evitar danos no acabamento do a\u00e7o inoxid\u00e1vel.<br \/>\nO Perigo de fogo pode ocorrer caso n\u00e3o seja colocado a quantidade m\u00ednima de \u00f3leo indicada no manual. Se isto ocorrer a garantia ser\u00e1 automaticamente cancelada.<br \/>\nEste equipamento \u00e9 fornecido com registro de regulagem com 2 (dois) est\u00e1gios de chamas (m\u00e1xima e m\u00ednima). Incorporado ao registro existe um dispositivo de seguran\u00e7a que s\u00f3 permitir\u00e1 sua abertura quando o manipulador for pressionado e girado para a esquerda.<br \/>\n<br \/>\nDados T\u00e9cnicos<br \/>\nCapacidade da Cesta: 1,5kg<br \/>\nCapacidade Nominal: 3 Litros<br \/>\nPot\u00eancia(GLP): 9000Btu\/h = 2.270Kcal\/h<br \/>\nPress\u00e3o de Trabalho(GLP):280 mm.Ca<br \/>\nConsumo(GLP):225g\/h<br \/>\nAltura:41cm  Largura:23cm  Profundidade:39cm<br \/>\nPeso L\u00edquido:3,0kg  Peso Bruto: 4,8kg<br \/>\n<br \/>\n<strong>FAVOR ENTRAR EM CONTATO PARA COTA\u00c7\u00c3O DE FRETE<strong><\/strong><\/strong><br \/>\n<br \/>\n<a href=\"https:\/\/api.whatsapp.com\/send?phone=5521964144201\"><img loading=\"lazy\" decoding=\"async\" class=\"alignnone size-full wp-image-4307\" alt=\"botao_whatsapp\" src=\"http:\/\/www.lojadeequipamentos.com.br\/loja\/wp-content\/uploads\/2020\/08\/botao_whatsapp.png\" width=\"226\" height=\"82\" \/><\/a><\/p>\n","protected":false},"excerpt":{"rendered":"<strong>Fritadeira a G\u00e1s de Mesa F1AG - 3 Litros com 1 Cuba - Croydon<\/strong> \r\n","protected":false},"featured_media":3693,"comment_status":"open","ping_status":"closed","template":"","meta":{"_links_to":"","_links_to_target":""},"product_brand":[],"product_cat":[2257],"product_tag":[2431,2589,2585,2603,2705,2707,2605,2704,2597,2642,2706,2596,2608,2611,2612,2613,2610,2614,2615,2619,2617,2618,2616,2593,2595,2592,2301,2602,2601,2594,2453,2302,2600,2599,2604,2606,2598,2607,2590,2591],"class_list":{"0":"post-3646","1":"product","2":"type-product","3":"status-publish","4":"has-post-thumbnail","6":"product_cat-fritadeira","7":"product_tag-croydon","8":"product_tag-croydon-fiag","9":"product_tag-croydon-fritadeira","10":"product_tag-friradeira-de-mesa-f1ag","11":"product_tag-fritadeira-3-litros","12":"product_tag-fritadeira-3-litros-gas","13":"product_tag-fritadeira-a-gas-2","14":"product_tag-fritadeira-a-gas-3-litros","15":"product_tag-fritadeira-a-gas-3l","16":"product_tag-fritadeira-a-gas-croydon-2270kcal","17":"product_tag-fritadeira-a-gas-croydon-3-litros","18":"product_tag-fritadeira-a-gas-croydon-3l","19":"product_tag-fritadeira-a-gas-croydon-9000btu","20":"product_tag-fritadeira-a-gas-croydon-de-mesa","21":"product_tag-fritadeira-a-gas-croydon-de-mesa-3l","22":"product_tag-fritadeira-a-gas-croydon-de-mesa-f1ag","23":"product_tag-fritadeira-a-gas-croydon-f1ag","24":"product_tag-fritadeira-a-gas-de-mesa","25":"product_tag-fritadeira-a-gas-de-mesa-3l","26":"product_tag-fritadeira-a-gas-de-mesa-croydon","27":"product_tag-fritadeira-a-gas-de-mesa-croydon-3l","28":"product_tag-fritadeira-a-gas-de-mesa-croydon-f1ag","29":"product_tag-fritadeira-a-gas-de-mesa-f1ag","30":"product_tag-fritadeira-croydon-2270kcal","31":"product_tag-fritadeira-croydon-3l","32":"product_tag-fritadeira-croydon-9000btu","33":"product_tag-fritadeira-croydon-de-mesa","34":"product_tag-fritadeira-croydon-de-mesa-3l","35":"product_tag-fritadeira-croydon-de-mesa-f1ag","36":"product_tag-fritadeira-croydon-f1ag","37":"product_tag-fritadeira-de-mesa-3l","38":"product_tag-fritadeira-de-mesa-croydon","39":"product_tag-fritadeira-de-mesa-croydon-3l","40":"product_tag-fritadeira-de-mesa-croydon-f1ag","41":"product_tag-fritadeira-gas","42":"product_tag-fritadeira-gas-3l","43":"product_tag-fritadeira-gas-croydon-3l","44":"product_tag-fritadeira-gas-f1ag","45":"product_tag-gas-fritadeira-croydon","46":"product_tag-gas-fritadeira-croydon-f1ag","48":"first","49":"instock","50":"shipping-taxable","51":"purchasable","52":"product-type-simple"},"yoast_head":"<!-- This site is optimized with the Yoast SEO plugin v27.3 - https:\/\/yoast.com\/product\/yoast-seo-wordpress\/ -->\n<title>Fritadeira G\u00e1s Croydon F1AG 3L x 1 Cuba - Loja de Equipamentos<\/title>\n<meta name=\"description\" content=\"Fritadeira G\u00e1s Croydon F1AG 3L x 1 Cuba R$ 720,00 Pot. 9000Btu\/h = 2.270Kcal\/h - Capac. Nom. de 3 Litros - G\u00e1s GLP\" \/>\n<meta name=\"robots\" content=\"index, follow, max-snippet:-1, max-image-preview:large, max-video-preview:-1\" \/>\n<link rel=\"canonical\" href=\"https:\/\/www.lojadeequipamentos.com.br\/loja\/produto\/fritadeira-gas-croydon-f1ag-3l-1cesto\/\" \/>\n<meta property=\"og:locale\" content=\"pt_BR\" \/>\n<meta property=\"og:type\" content=\"article\" \/>\n<meta property=\"og:title\" content=\"Fritadeira G\u00e1s Croydon F1AG 3L x 1 Cuba - Loja de Equipamentos\" \/>\n<meta property=\"og:description\" content=\"Fritadeira G\u00e1s Croydon F1AG 3L x 1 Cuba R$ 720,00 Pot. 9000Btu\/h = 2.270Kcal\/h - Capac. Nom. de 3 Litros - G\u00e1s GLP\" \/>\n<meta property=\"og:url\" content=\"https:\/\/www.lojadeequipamentos.com.br\/loja\/produto\/fritadeira-gas-croydon-f1ag-3l-1cesto\/\" \/>\n<meta property=\"og:site_name\" content=\"Loja de Equipamentos\" \/>\n<meta property=\"article:modified_time\" content=\"2023-09-15T11:40:41+00:00\" \/>\n<meta property=\"og:image\" content=\"https:\/\/www.lojadeequipamentos.com.br\/loja\/wp-content\/uploads\/2019\/08\/F1AG.jpg\" \/>\n\t<meta property=\"og:image:width\" content=\"765\" \/>\n\t<meta property=\"og:image:height\" content=\"624\" \/>\n\t<meta property=\"og:image:type\" content=\"image\/jpeg\" \/>\n<meta name=\"twitter:card\" content=\"summary_large_image\" \/>\n<meta name=\"twitter:label1\" content=\"Est. tempo de leitura\" \/>\n\t<meta name=\"twitter:data1\" content=\"3 minutos\" \/>\n<script type=\"application\/ld+json\" class=\"yoast-schema-graph\">{\"@context\":\"https:\\\/\\\/schema.org\",\"@graph\":[{\"@type\":\"WebPage\",\"@id\":\"https:\\\/\\\/www.lojadeequipamentos.com.br\\\/loja\\\/produto\\\/fritadeira-gas-croydon-f1ag-3l-1cesto\\\/\",\"url\":\"https:\\\/\\\/www.lojadeequipamentos.com.br\\\/loja\\\/produto\\\/fritadeira-gas-croydon-f1ag-3l-1cesto\\\/\",\"name\":\"Fritadeira G\u00e1s Croydon F1AG 3L x 1 Cuba - Loja de Equipamentos\",\"isPartOf\":{\"@id\":\"https:\\\/\\\/www.lojadeequipamentos.com.br\\\/loja\\\/#website\"},\"primaryImageOfPage\":{\"@id\":\"https:\\\/\\\/www.lojadeequipamentos.com.br\\\/loja\\\/produto\\\/fritadeira-gas-croydon-f1ag-3l-1cesto\\\/#primaryimage\"},\"image\":{\"@id\":\"https:\\\/\\\/www.lojadeequipamentos.com.br\\\/loja\\\/produto\\\/fritadeira-gas-croydon-f1ag-3l-1cesto\\\/#primaryimage\"},\"thumbnailUrl\":\"https:\\\/\\\/www.lojadeequipamentos.com.br\\\/loja\\\/wp-content\\\/uploads\\\/2019\\\/08\\\/F1AG.jpg\",\"datePublished\":\"2019-08-15T19:21:14+00:00\",\"dateModified\":\"2023-09-15T11:40:41+00:00\",\"description\":\"Fritadeira G\u00e1s Croydon F1AG 3L x 1 Cuba R$ 720,00 Pot. 9000Btu\\\/h = 2.270Kcal\\\/h - Capac. Nom. de 3 Litros - G\u00e1s GLP\",\"breadcrumb\":{\"@id\":\"https:\\\/\\\/www.lojadeequipamentos.com.br\\\/loja\\\/produto\\\/fritadeira-gas-croydon-f1ag-3l-1cesto\\\/#breadcrumb\"},\"inLanguage\":\"pt-BR\",\"potentialAction\":[{\"@type\":\"ReadAction\",\"target\":[\"https:\\\/\\\/www.lojadeequipamentos.com.br\\\/loja\\\/produto\\\/fritadeira-gas-croydon-f1ag-3l-1cesto\\\/\"]}]},{\"@type\":\"ImageObject\",\"inLanguage\":\"pt-BR\",\"@id\":\"https:\\\/\\\/www.lojadeequipamentos.com.br\\\/loja\\\/produto\\\/fritadeira-gas-croydon-f1ag-3l-1cesto\\\/#primaryimage\",\"url\":\"https:\\\/\\\/www.lojadeequipamentos.com.br\\\/loja\\\/wp-content\\\/uploads\\\/2019\\\/08\\\/F1AG.jpg\",\"contentUrl\":\"https:\\\/\\\/www.lojadeequipamentos.com.br\\\/loja\\\/wp-content\\\/uploads\\\/2019\\\/08\\\/F1AG.jpg\",\"width\":765,\"height\":624,\"caption\":\"Fritadeira a g\u00e1s\"},{\"@type\":\"BreadcrumbList\",\"@id\":\"https:\\\/\\\/www.lojadeequipamentos.com.br\\\/loja\\\/produto\\\/fritadeira-gas-croydon-f1ag-3l-1cesto\\\/#breadcrumb\",\"itemListElement\":[{\"@type\":\"ListItem\",\"position\":1,\"name\":\"In\u00edcio\",\"item\":\"https:\\\/\\\/www.lojadeequipamentos.com.br\\\/loja\\\/\"},{\"@type\":\"ListItem\",\"position\":2,\"name\":\"Loja Virtual\",\"item\":\"https:\\\/\\\/www.lojadeequipamentos.com.br\\\/loja\\\/shop\\\/\"},{\"@type\":\"ListItem\",\"position\":3,\"name\":\"Fritadeira G\u00e1s Croydon F1AG 3L x 1 Cuba\"}]},{\"@type\":\"WebSite\",\"@id\":\"https:\\\/\\\/www.lojadeequipamentos.com.br\\\/loja\\\/#website\",\"url\":\"https:\\\/\\\/www.lojadeequipamentos.com.br\\\/loja\\\/\",\"name\":\"Loja de Equipamentos\",\"description\":\"\",\"potentialAction\":[{\"@type\":\"SearchAction\",\"target\":{\"@type\":\"EntryPoint\",\"urlTemplate\":\"https:\\\/\\\/www.lojadeequipamentos.com.br\\\/loja\\\/?s={search_term_string}\"},\"query-input\":{\"@type\":\"PropertyValueSpecification\",\"valueRequired\":true,\"valueName\":\"search_term_string\"}}],\"inLanguage\":\"pt-BR\"}]}<\/script>\n<!-- \/ Yoast SEO plugin. -->","yoast_head_json":{"title":"Fritadeira G\u00e1s Croydon F1AG 3L x 1 Cuba - Loja de Equipamentos","description":"Fritadeira G\u00e1s Croydon F1AG 3L x 1 Cuba R$ 720,00 Pot. 9000Btu\/h = 2.270Kcal\/h - Capac. Nom. de 3 Litros - G\u00e1s GLP","robots":{"index":"index","follow":"follow","max-snippet":"max-snippet:-1","max-image-preview":"max-image-preview:large","max-video-preview":"max-video-preview:-1"},"canonical":"https:\/\/www.lojadeequipamentos.com.br\/loja\/produto\/fritadeira-gas-croydon-f1ag-3l-1cesto\/","og_locale":"pt_BR","og_type":"article","og_title":"Fritadeira G\u00e1s Croydon F1AG 3L x 1 Cuba - Loja de Equipamentos","og_description":"Fritadeira G\u00e1s Croydon F1AG 3L x 1 Cuba R$ 720,00 Pot. 9000Btu\/h = 2.270Kcal\/h - Capac. Nom. de 3 Litros - G\u00e1s GLP","og_url":"https:\/\/www.lojadeequipamentos.com.br\/loja\/produto\/fritadeira-gas-croydon-f1ag-3l-1cesto\/","og_site_name":"Loja de Equipamentos","article_modified_time":"2023-09-15T11:40:41+00:00","og_image":[{"width":765,"height":624,"url":"https:\/\/www.lojadeequipamentos.com.br\/loja\/wp-content\/uploads\/2019\/08\/F1AG.jpg","type":"image\/jpeg"}],"twitter_card":"summary_large_image","twitter_misc":{"Est. tempo de leitura":"3 minutos"},"schema":{"@context":"https:\/\/schema.org","@graph":[{"@type":"WebPage","@id":"https:\/\/www.lojadeequipamentos.com.br\/loja\/produto\/fritadeira-gas-croydon-f1ag-3l-1cesto\/","url":"https:\/\/www.lojadeequipamentos.com.br\/loja\/produto\/fritadeira-gas-croydon-f1ag-3l-1cesto\/","name":"Fritadeira G\u00e1s Croydon F1AG 3L x 1 Cuba - Loja de Equipamentos","isPartOf":{"@id":"https:\/\/www.lojadeequipamentos.com.br\/loja\/#website"},"primaryImageOfPage":{"@id":"https:\/\/www.lojadeequipamentos.com.br\/loja\/produto\/fritadeira-gas-croydon-f1ag-3l-1cesto\/#primaryimage"},"image":{"@id":"https:\/\/www.lojadeequipamentos.com.br\/loja\/produto\/fritadeira-gas-croydon-f1ag-3l-1cesto\/#primaryimage"},"thumbnailUrl":"https:\/\/www.lojadeequipamentos.com.br\/loja\/wp-content\/uploads\/2019\/08\/F1AG.jpg","datePublished":"2019-08-15T19:21:14+00:00","dateModified":"2023-09-15T11:40:41+00:00","description":"Fritadeira G\u00e1s Croydon F1AG 3L x 1 Cuba R$ 720,00 Pot. 9000Btu\/h = 2.270Kcal\/h - Capac. Nom. de 3 Litros - G\u00e1s GLP","breadcrumb":{"@id":"https:\/\/www.lojadeequipamentos.com.br\/loja\/produto\/fritadeira-gas-croydon-f1ag-3l-1cesto\/#breadcrumb"},"inLanguage":"pt-BR","potentialAction":[{"@type":"ReadAction","target":["https:\/\/www.lojadeequipamentos.com.br\/loja\/produto\/fritadeira-gas-croydon-f1ag-3l-1cesto\/"]}]},{"@type":"ImageObject","inLanguage":"pt-BR","@id":"https:\/\/www.lojadeequipamentos.com.br\/loja\/produto\/fritadeira-gas-croydon-f1ag-3l-1cesto\/#primaryimage","url":"https:\/\/www.lojadeequipamentos.com.br\/loja\/wp-content\/uploads\/2019\/08\/F1AG.jpg","contentUrl":"https:\/\/www.lojadeequipamentos.com.br\/loja\/wp-content\/uploads\/2019\/08\/F1AG.jpg","width":765,"height":624,"caption":"Fritadeira a g\u00e1s"},{"@type":"BreadcrumbList","@id":"https:\/\/www.lojadeequipamentos.com.br\/loja\/produto\/fritadeira-gas-croydon-f1ag-3l-1cesto\/#breadcrumb","itemListElement":[{"@type":"ListItem","position":1,"name":"In\u00edcio","item":"https:\/\/www.lojadeequipamentos.com.br\/loja\/"},{"@type":"ListItem","position":2,"name":"Loja Virtual","item":"https:\/\/www.lojadeequipamentos.com.br\/loja\/shop\/"},{"@type":"ListItem","position":3,"name":"Fritadeira G\u00e1s Croydon F1AG 3L x 1 Cuba"}]},{"@type":"WebSite","@id":"https:\/\/www.lojadeequipamentos.com.br\/loja\/#website","url":"https:\/\/www.lojadeequipamentos.com.br\/loja\/","name":"Loja de Equipamentos","description":"","potentialAction":[{"@type":"SearchAction","target":{"@type":"EntryPoint","urlTemplate":"https:\/\/www.lojadeequipamentos.com.br\/loja\/?s={search_term_string}"},"query-input":{"@type":"PropertyValueSpecification","valueRequired":true,"valueName":"search_term_string"}}],"inLanguage":"pt-BR"}]}},"_links":{"self":[{"href":"https:\/\/www.lojadeequipamentos.com.br\/loja\/wp-json\/wp\/v2\/product\/3646","targetHints":{"allow":["GET"]}}],"collection":[{"href":"https:\/\/www.lojadeequipamentos.com.br\/loja\/wp-json\/wp\/v2\/product"}],"about":[{"href":"https:\/\/www.lojadeequipamentos.com.br\/loja\/wp-json\/wp\/v2\/types\/product"}],"replies":[{"embeddable":true,"href":"https:\/\/www.lojadeequipamentos.com.br\/loja\/wp-json\/wp\/v2\/comments?post=3646"}],"wp:featuredmedia":[{"embeddable":true,"href":"https:\/\/www.lojadeequipamentos.com.br\/loja\/wp-json\/wp\/v2\/media\/3693"}],"wp:attachment":[{"href":"https:\/\/www.lojadeequipamentos.com.br\/loja\/wp-json\/wp\/v2\/media?parent=3646"}],"wp:term":[{"taxonomy":"product_brand","embeddable":true,"href":"https:\/\/www.lojadeequipamentos.com.br\/loja\/wp-json\/wp\/v2\/product_brand?post=3646"},{"taxonomy":"product_cat","embeddable":true,"href":"https:\/\/www.lojadeequipamentos.com.br\/loja\/wp-json\/wp\/v2\/product_cat?post=3646"},{"taxonomy":"product_tag","embeddable":true,"href":"https:\/\/www.lojadeequipamentos.com.br\/loja\/wp-json\/wp\/v2\/product_tag?post=3646"}],"curies":[{"name":"wp","href":"https:\/\/api.w.org\/{rel}","templated":true}]}}