{"id":3641,"date":"2019-08-06T18:07:01","date_gmt":"2019-08-06T18:07:01","guid":{"rendered":"http:\/\/www.lojadeequipamentos.com.br\/loja\/?post_type=product&#038;p=3641"},"modified":"2023-09-15T12:15:41","modified_gmt":"2023-09-15T12:15:41","slug":"fritadeira-elet-croydon-fc1b-45l1-cesto","status":"publish","type":"product","link":"https:\/\/www.lojadeequipamentos.com.br\/loja\/produto\/fritadeira-elet-croydon-fc1b-45l1-cesto\/","title":{"rendered":"Fritadeira FC1B Croydon Elet. 4,5L x 1 Cuba"},"content":{"rendered":"<h2>Fritadeira El\u00e9trica de Mesa FC1B 4,5 Litros c\/ 1 Cuba Croydon<\/h2>\n<p>\nDescri\u00e7\u00e3o: Fritadeira El\u00e9trica FC1B de Mesa 4,5 Litros c\/ 1 Cuba - de 1700w ou 2900W Croydon, com gabinete em a\u00e7o inox, caixa de \u00f3leo em a\u00e7o em inox, cesta em arame estanhado, suporte para cesta, termostato de temperatura, termostato de seguran\u00e7a, l\u00e2mpada piloto, manipulador de temperatura, resist\u00eancia blindada, interruptor liga\/desliga (on\/off) e cabo PP.<br \/>\n<br \/>\nOrienta\u00e7\u00f5es: A fim de evitar situa\u00e7\u00f5es de perigo devido a um rearmamento inadvertido de protetores t\u00e9rmicos, o aparelho n\u00e3o pode ser alimentado atrav\u00e9s de uma chave externa, como do tipo Contatora, ou conectado a um circuito que \u00e9 regularmente ligado e desligado por uma fonte de alimenta\u00e7\u00e3o independente de disjuntores. Este equipamento possui um dispositivo protetor t\u00e9rmico com RESET MANUAL (Termostato de seguran\u00e7a). Este dispositivo desativa a\/as resist\u00eancia\/s caso a temperatura do \u00f3leo atinja o n\u00edvel de seguran\u00e7a de 220\u00b0C.<br \/>\nComo n\u00e3o h\u00e1 tomadas\/plugues padronizados pelo INMETRO para correntes superiores a 10A, alguns equipamentos s\u00e3o fornecidos sem o plugue. O usu\u00e1rio poder\u00e1 optar pela aquisi\u00e7\u00e3o do conjunto plugue\/tomada que lhe for mais conveniente (desde que suporte a corrente total do equipamento + 20% de flutua\u00e7\u00e3o de tens\u00e3o) ou a liga\u00e7\u00e3o do equipamento diretamente em um disjuntor adequado pr\u00f3ximo a ele.<br \/>\nConecte o cabo de alimenta\u00e7\u00e3o do equipamento a uma fonte de energia el\u00e9trica apropriada para a carga indicada no item 1 - CARACTER\u00cdSTICAS T\u00c9CNICAS localizado no manual de instru\u00e7\u00f5es e na etiqueta de identifica\u00e7\u00e3o do produto localizada no pr\u00f3prio aparelho.<br \/>\n<br \/>\nNOTAS: Evite usar esponja met\u00e1lica ou qualquer esponja fibrosa\/abrasiva para evitar danos no acabamento do a\u00e7o inoxid\u00e1vel.<br \/>\nO Perigo de Fogo pode ocorrer caso n\u00e3o seja colocado a quantidade m\u00ednima de \u00f3leo no equipamento indicado no manual. Se isto ocorrer a garantia ser\u00e1 automaticamente cancelada.<br \/>\n<br \/>\nDados T\u00e9cnicos<br \/>\nCapacidade Nominal: 4,5 litros<br \/>\nCapacidade de \u00d3leo: 4,5 litros<br \/>\nCapacidade do Sistema de Fritura: 4,5 Litros de \u00d3leo<br \/>\nProdu\u00e7\u00e3o M\u00e1xima: 18kg\/h<br \/>\nPot\u00eancias: 127V\/1700W ou 220V\/2900W<br \/>\nConsumos: 127V\/0,8kw\/h ou 220V\/1,5kw\/h<br \/>\nCorrente: 127V\/13,4A ou 220V\/13,2A<br \/>\nAltura: 34cm Largura: 28cm  Profundidade: 45cm<br \/>\nPeso L\u00edquido: 4,5kg  Peso Bruto: 5,9kg<br \/>\nGarantia: 1 ano<br \/>\n<br \/>\n<strong>FAVOR ENTRAR EM CONTATO PARA COTA\u00c7\u00c3O DE FRETE<strong><\/strong><\/strong><br \/>\n<br \/>\n<a href=\"https:\/\/api.whatsapp.com\/send?phone=5521964144201\"><img loading=\"lazy\" decoding=\"async\" class=\"alignnone size-full wp-image-4307\" alt=\"botao_whatsapp\" src=\"http:\/\/www.lojadeequipamentos.com.br\/loja\/wp-content\/uploads\/2020\/08\/botao_whatsapp.png\" width=\"226\" height=\"82\" \/><\/a><\/p>\n","protected":false},"excerpt":{"rendered":"<strong>Fritadeira El\u00e9trica de Mesa FC1B 4,5 Litros c\/ 1 Cuba Croydon<\/strong>","protected":false},"featured_media":3696,"comment_status":"open","ping_status":"closed","template":"","meta":{"_links_to":"","_links_to_target":""},"product_brand":[],"product_cat":[2257],"product_tag":[2431,2509,2585,6170,2281,2510,2277,2278,2511,2512,2452,2535,2513,2514,2260,2532,2515,2301,2516,2517,2300,2518,2302,2519,2520,2267,2536,2521,2522,2261,2534,2523,2524,2306,2525,2526,2339,2309,2527,2528,2529,2530,2531],"class_list":{"0":"post-3641","1":"product","2":"type-product","3":"status-publish","4":"has-post-thumbnail","6":"product_cat-fritadeira","7":"product_tag-croydon","8":"product_tag-croydon-fc1b","9":"product_tag-croydon-fritadeira","10":"product_tag-croydon-fritadeira-fc1b","11":"product_tag-eletrica-croydon-fritadeira","12":"product_tag-eletrica-croydon-fritadeira-fc1b","13":"product_tag-eletrica-fritadeira","14":"product_tag-eletrica-fritadeira-croydon","15":"product_tag-eletrica-fritadeira-croydon-fc1b","16":"product_tag-eletrica-fritadeira-fc1b","17":"product_tag-fritadeira-2","18":"product_tag-fritadeira-1700w","19":"product_tag-fritadeira-2900w","20":"product_tag-fritadeira-4-5l","21":"product_tag-fritadeira-croydon","22":"product_tag-fritadeira-croydon-1700w","23":"product_tag-fritadeira-croydon-2900w","24":"product_tag-fritadeira-croydon-de-mesa","25":"product_tag-fritadeira-croydon-de-mesa-fc1b","26":"product_tag-fritadeira-croydon-fc1b","27":"product_tag-fritadeira-de-mesa","28":"product_tag-fritadeira-de-mesa-4-5l","29":"product_tag-fritadeira-de-mesa-croydon","30":"product_tag-fritadeira-de-mesa-croydon-fc1b","31":"product_tag-fritadeira-de-mesa-fc1b","32":"product_tag-fritadeira-eletrica-2","33":"product_tag-fritadeira-eletrica-1700w","34":"product_tag-fritadeira-eletrica-2900w","35":"product_tag-fritadeira-eletrica-4-5l","36":"product_tag-fritadeira-eletrica-croydon","37":"product_tag-fritadeira-eletrica-croydon-1700w","38":"product_tag-fritadeira-eletrica-croydon-2900w","39":"product_tag-fritadeira-eletrica-croydon-4-5l","40":"product_tag-fritadeira-eletrica-croydon-de-mesa","41":"product_tag-fritadeira-eletrica-croydon-de-mesa-fc1b","42":"product_tag-fritadeira-eletrica-croydon-fc1b","43":"product_tag-fritadeira-eletrica-de-mesa","44":"product_tag-fritadeira-eletrica-de-mesa-croydon","45":"product_tag-fritadeira-eletrica-de-mesa-croydon-fc1b","46":"product_tag-fritadeira-eletrica-de-mesa-fc1b","47":"product_tag-fritadeira-eletrica-fc1b","48":"product_tag-fritadeira-eletrica-mesa-4-5l","49":"product_tag-fritadeira-fc1b","51":"first","52":"instock","53":"shipping-taxable","54":"purchasable","55":"product-type-simple"},"yoast_head":"<!-- This site is optimized with the Yoast SEO plugin v27.3 - https:\/\/yoast.com\/product\/yoast-seo-wordpress\/ -->\n<title>Fritadeira FC1B Croydon Elet. 4,5L x 1 Cuba - Loja de Equipamentos<\/title>\n<meta name=\"description\" content=\"Fritadeira FC1B Croydon El\u00e9trica R$ 1.081,80 Pot. 127V\/1700W ou 220V\/2900W Capac. Nom. 4,5 Litros\" \/>\n<meta name=\"robots\" content=\"index, follow, max-snippet:-1, max-image-preview:large, max-video-preview:-1\" \/>\n<link rel=\"canonical\" href=\"https:\/\/www.lojadeequipamentos.com.br\/loja\/produto\/fritadeira-elet-croydon-fc1b-45l1-cesto\/\" \/>\n<meta property=\"og:locale\" content=\"pt_BR\" \/>\n<meta property=\"og:type\" content=\"article\" \/>\n<meta property=\"og:title\" content=\"Fritadeira FC1B Croydon Elet. 4,5L x 1 Cuba - Loja de Equipamentos\" \/>\n<meta property=\"og:description\" content=\"Fritadeira FC1B Croydon El\u00e9trica R$ 1.081,80 Pot. 127V\/1700W ou 220V\/2900W Capac. Nom. 4,5 Litros\" \/>\n<meta property=\"og:url\" content=\"https:\/\/www.lojadeequipamentos.com.br\/loja\/produto\/fritadeira-elet-croydon-fc1b-45l1-cesto\/\" \/>\n<meta property=\"og:site_name\" content=\"Loja de Equipamentos\" \/>\n<meta property=\"article:modified_time\" content=\"2023-09-15T12:15:41+00:00\" \/>\n<meta property=\"og:image\" content=\"https:\/\/www.lojadeequipamentos.com.br\/loja\/wp-content\/uploads\/2019\/08\/FC1B.jpg\" \/>\n\t<meta property=\"og:image:width\" content=\"750\" \/>\n\t<meta property=\"og:image:height\" content=\"611\" \/>\n\t<meta property=\"og:image:type\" content=\"image\/jpeg\" \/>\n<meta name=\"twitter:card\" content=\"summary_large_image\" \/>\n<meta name=\"twitter:label1\" content=\"Est. tempo de leitura\" \/>\n\t<meta name=\"twitter:data1\" content=\"3 minutos\" \/>\n<script type=\"application\/ld+json\" class=\"yoast-schema-graph\">{\"@context\":\"https:\\\/\\\/schema.org\",\"@graph\":[{\"@type\":\"WebPage\",\"@id\":\"https:\\\/\\\/www.lojadeequipamentos.com.br\\\/loja\\\/produto\\\/fritadeira-elet-croydon-fc1b-45l1-cesto\\\/\",\"url\":\"https:\\\/\\\/www.lojadeequipamentos.com.br\\\/loja\\\/produto\\\/fritadeira-elet-croydon-fc1b-45l1-cesto\\\/\",\"name\":\"Fritadeira FC1B Croydon Elet. 4,5L x 1 Cuba - Loja de Equipamentos\",\"isPartOf\":{\"@id\":\"https:\\\/\\\/www.lojadeequipamentos.com.br\\\/loja\\\/#website\"},\"primaryImageOfPage\":{\"@id\":\"https:\\\/\\\/www.lojadeequipamentos.com.br\\\/loja\\\/produto\\\/fritadeira-elet-croydon-fc1b-45l1-cesto\\\/#primaryimage\"},\"image\":{\"@id\":\"https:\\\/\\\/www.lojadeequipamentos.com.br\\\/loja\\\/produto\\\/fritadeira-elet-croydon-fc1b-45l1-cesto\\\/#primaryimage\"},\"thumbnailUrl\":\"https:\\\/\\\/www.lojadeequipamentos.com.br\\\/loja\\\/wp-content\\\/uploads\\\/2019\\\/08\\\/FC1B.jpg\",\"datePublished\":\"2019-08-06T18:07:01+00:00\",\"dateModified\":\"2023-09-15T12:15:41+00:00\",\"description\":\"Fritadeira FC1B Croydon El\u00e9trica R$ 1.081,80 Pot. 127V\\\/1700W ou 220V\\\/2900W Capac. Nom. 4,5 Litros\",\"breadcrumb\":{\"@id\":\"https:\\\/\\\/www.lojadeequipamentos.com.br\\\/loja\\\/produto\\\/fritadeira-elet-croydon-fc1b-45l1-cesto\\\/#breadcrumb\"},\"inLanguage\":\"pt-BR\",\"potentialAction\":[{\"@type\":\"ReadAction\",\"target\":[\"https:\\\/\\\/www.lojadeequipamentos.com.br\\\/loja\\\/produto\\\/fritadeira-elet-croydon-fc1b-45l1-cesto\\\/\"]}]},{\"@type\":\"ImageObject\",\"inLanguage\":\"pt-BR\",\"@id\":\"https:\\\/\\\/www.lojadeequipamentos.com.br\\\/loja\\\/produto\\\/fritadeira-elet-croydon-fc1b-45l1-cesto\\\/#primaryimage\",\"url\":\"https:\\\/\\\/www.lojadeequipamentos.com.br\\\/loja\\\/wp-content\\\/uploads\\\/2019\\\/08\\\/FC1B.jpg\",\"contentUrl\":\"https:\\\/\\\/www.lojadeequipamentos.com.br\\\/loja\\\/wp-content\\\/uploads\\\/2019\\\/08\\\/FC1B.jpg\",\"width\":750,\"height\":611,\"caption\":\"Fritadeira El\u00e9trica\"},{\"@type\":\"BreadcrumbList\",\"@id\":\"https:\\\/\\\/www.lojadeequipamentos.com.br\\\/loja\\\/produto\\\/fritadeira-elet-croydon-fc1b-45l1-cesto\\\/#breadcrumb\",\"itemListElement\":[{\"@type\":\"ListItem\",\"position\":1,\"name\":\"In\u00edcio\",\"item\":\"https:\\\/\\\/www.lojadeequipamentos.com.br\\\/loja\\\/\"},{\"@type\":\"ListItem\",\"position\":2,\"name\":\"Loja Virtual\",\"item\":\"https:\\\/\\\/www.lojadeequipamentos.com.br\\\/loja\\\/shop\\\/\"},{\"@type\":\"ListItem\",\"position\":3,\"name\":\"Fritadeira FC1B Croydon Elet. 4,5L x 1 Cuba\"}]},{\"@type\":\"WebSite\",\"@id\":\"https:\\\/\\\/www.lojadeequipamentos.com.br\\\/loja\\\/#website\",\"url\":\"https:\\\/\\\/www.lojadeequipamentos.com.br\\\/loja\\\/\",\"name\":\"Loja de Equipamentos\",\"description\":\"\",\"potentialAction\":[{\"@type\":\"SearchAction\",\"target\":{\"@type\":\"EntryPoint\",\"urlTemplate\":\"https:\\\/\\\/www.lojadeequipamentos.com.br\\\/loja\\\/?s={search_term_string}\"},\"query-input\":{\"@type\":\"PropertyValueSpecification\",\"valueRequired\":true,\"valueName\":\"search_term_string\"}}],\"inLanguage\":\"pt-BR\"}]}<\/script>\n<!-- \/ Yoast SEO plugin. -->","yoast_head_json":{"title":"Fritadeira FC1B Croydon Elet. 4,5L x 1 Cuba - Loja de Equipamentos","description":"Fritadeira FC1B Croydon El\u00e9trica R$ 1.081,80 Pot. 127V\/1700W ou 220V\/2900W Capac. Nom. 4,5 Litros","robots":{"index":"index","follow":"follow","max-snippet":"max-snippet:-1","max-image-preview":"max-image-preview:large","max-video-preview":"max-video-preview:-1"},"canonical":"https:\/\/www.lojadeequipamentos.com.br\/loja\/produto\/fritadeira-elet-croydon-fc1b-45l1-cesto\/","og_locale":"pt_BR","og_type":"article","og_title":"Fritadeira FC1B Croydon Elet. 4,5L x 1 Cuba - Loja de Equipamentos","og_description":"Fritadeira FC1B Croydon El\u00e9trica R$ 1.081,80 Pot. 127V\/1700W ou 220V\/2900W Capac. Nom. 4,5 Litros","og_url":"https:\/\/www.lojadeequipamentos.com.br\/loja\/produto\/fritadeira-elet-croydon-fc1b-45l1-cesto\/","og_site_name":"Loja de Equipamentos","article_modified_time":"2023-09-15T12:15:41+00:00","og_image":[{"width":750,"height":611,"url":"https:\/\/www.lojadeequipamentos.com.br\/loja\/wp-content\/uploads\/2019\/08\/FC1B.jpg","type":"image\/jpeg"}],"twitter_card":"summary_large_image","twitter_misc":{"Est. tempo de leitura":"3 minutos"},"schema":{"@context":"https:\/\/schema.org","@graph":[{"@type":"WebPage","@id":"https:\/\/www.lojadeequipamentos.com.br\/loja\/produto\/fritadeira-elet-croydon-fc1b-45l1-cesto\/","url":"https:\/\/www.lojadeequipamentos.com.br\/loja\/produto\/fritadeira-elet-croydon-fc1b-45l1-cesto\/","name":"Fritadeira FC1B Croydon Elet. 4,5L x 1 Cuba - Loja de Equipamentos","isPartOf":{"@id":"https:\/\/www.lojadeequipamentos.com.br\/loja\/#website"},"primaryImageOfPage":{"@id":"https:\/\/www.lojadeequipamentos.com.br\/loja\/produto\/fritadeira-elet-croydon-fc1b-45l1-cesto\/#primaryimage"},"image":{"@id":"https:\/\/www.lojadeequipamentos.com.br\/loja\/produto\/fritadeira-elet-croydon-fc1b-45l1-cesto\/#primaryimage"},"thumbnailUrl":"https:\/\/www.lojadeequipamentos.com.br\/loja\/wp-content\/uploads\/2019\/08\/FC1B.jpg","datePublished":"2019-08-06T18:07:01+00:00","dateModified":"2023-09-15T12:15:41+00:00","description":"Fritadeira FC1B Croydon El\u00e9trica R$ 1.081,80 Pot. 127V\/1700W ou 220V\/2900W Capac. Nom. 4,5 Litros","breadcrumb":{"@id":"https:\/\/www.lojadeequipamentos.com.br\/loja\/produto\/fritadeira-elet-croydon-fc1b-45l1-cesto\/#breadcrumb"},"inLanguage":"pt-BR","potentialAction":[{"@type":"ReadAction","target":["https:\/\/www.lojadeequipamentos.com.br\/loja\/produto\/fritadeira-elet-croydon-fc1b-45l1-cesto\/"]}]},{"@type":"ImageObject","inLanguage":"pt-BR","@id":"https:\/\/www.lojadeequipamentos.com.br\/loja\/produto\/fritadeira-elet-croydon-fc1b-45l1-cesto\/#primaryimage","url":"https:\/\/www.lojadeequipamentos.com.br\/loja\/wp-content\/uploads\/2019\/08\/FC1B.jpg","contentUrl":"https:\/\/www.lojadeequipamentos.com.br\/loja\/wp-content\/uploads\/2019\/08\/FC1B.jpg","width":750,"height":611,"caption":"Fritadeira El\u00e9trica"},{"@type":"BreadcrumbList","@id":"https:\/\/www.lojadeequipamentos.com.br\/loja\/produto\/fritadeira-elet-croydon-fc1b-45l1-cesto\/#breadcrumb","itemListElement":[{"@type":"ListItem","position":1,"name":"In\u00edcio","item":"https:\/\/www.lojadeequipamentos.com.br\/loja\/"},{"@type":"ListItem","position":2,"name":"Loja Virtual","item":"https:\/\/www.lojadeequipamentos.com.br\/loja\/shop\/"},{"@type":"ListItem","position":3,"name":"Fritadeira FC1B Croydon Elet. 4,5L x 1 Cuba"}]},{"@type":"WebSite","@id":"https:\/\/www.lojadeequipamentos.com.br\/loja\/#website","url":"https:\/\/www.lojadeequipamentos.com.br\/loja\/","name":"Loja de Equipamentos","description":"","potentialAction":[{"@type":"SearchAction","target":{"@type":"EntryPoint","urlTemplate":"https:\/\/www.lojadeequipamentos.com.br\/loja\/?s={search_term_string}"},"query-input":{"@type":"PropertyValueSpecification","valueRequired":true,"valueName":"search_term_string"}}],"inLanguage":"pt-BR"}]}},"_links":{"self":[{"href":"https:\/\/www.lojadeequipamentos.com.br\/loja\/wp-json\/wp\/v2\/product\/3641","targetHints":{"allow":["GET"]}}],"collection":[{"href":"https:\/\/www.lojadeequipamentos.com.br\/loja\/wp-json\/wp\/v2\/product"}],"about":[{"href":"https:\/\/www.lojadeequipamentos.com.br\/loja\/wp-json\/wp\/v2\/types\/product"}],"replies":[{"embeddable":true,"href":"https:\/\/www.lojadeequipamentos.com.br\/loja\/wp-json\/wp\/v2\/comments?post=3641"}],"wp:featuredmedia":[{"embeddable":true,"href":"https:\/\/www.lojadeequipamentos.com.br\/loja\/wp-json\/wp\/v2\/media\/3696"}],"wp:attachment":[{"href":"https:\/\/www.lojadeequipamentos.com.br\/loja\/wp-json\/wp\/v2\/media?parent=3641"}],"wp:term":[{"taxonomy":"product_brand","embeddable":true,"href":"https:\/\/www.lojadeequipamentos.com.br\/loja\/wp-json\/wp\/v2\/product_brand?post=3641"},{"taxonomy":"product_cat","embeddable":true,"href":"https:\/\/www.lojadeequipamentos.com.br\/loja\/wp-json\/wp\/v2\/product_cat?post=3641"},{"taxonomy":"product_tag","embeddable":true,"href":"https:\/\/www.lojadeequipamentos.com.br\/loja\/wp-json\/wp\/v2\/product_tag?post=3641"}],"curies":[{"name":"wp","href":"https:\/\/api.w.org\/{rel}","templated":true}]}}