{"id":3625,"date":"2019-08-04T23:01:08","date_gmt":"2019-08-04T23:01:08","guid":{"rendered":"http:\/\/www.lojadeequipamentos.com.br\/loja\/?post_type=product&#038;p=3625"},"modified":"2023-09-15T12:31:57","modified_gmt":"2023-09-15T12:31:57","slug":"fritadeira-elet-croydon-fz25-15l2-cestos","status":"publish","type":"product","link":"https:\/\/www.lojadeequipamentos.com.br\/loja\/produto\/fritadeira-elet-croydon-fz25-15l2-cestos\/","title":{"rendered":"Fritadeira FZ25 Croydon Elet. 15L x 2 Cestas"},"content":{"rendered":"<h2>Fritadeira El\u00e9trica de Piso FZ25 15L c\/ 2 Cestas Zona Fria Croydon<\/h2>\n<p>\nDescri\u00e7\u00e3o: Fritadeira El\u00e9trica FZ25 de Piso 15L c\/ 2 Cestas - Zona Fria c\/ 5000W Croydon, com gabinete alto em a\u00e7o inox, caixa de \u00f3leo em a\u00e7o em inox, cesta em arame estanhado, suporte para cesta, termostato de temperatura, termostato de seguran\u00e7a, l\u00e2mpada piloto, manipulador de temperatura, resist\u00eancia blindada, registro de gaveta para drenagem de \u00f3leo, chave liga\/desliga (on\/off) e cabo PP.<br \/>\n<br \/>\nSistema Zona Fria: No Sistema Zona Fria, grande parte dos res\u00edduos se soltam dos alimentos e se sedimentam no fundo da cuba onde o \u00f3leo est\u00e1 a temperatura ambiente, fazendo com que a fritura destes res\u00edduos pare, e assim n\u00e3o s\u00e3o carbonizados, por isso n\u00e3o degrada o \u00f3leo. Por\u00e9m neste Sistema n\u00e3o h\u00e1 o isolamento dos res\u00edduos o que gera a transfer\u00eancia de gosto entre alimentos, al\u00e9m do que a vida \u00fatil do \u00f3leo \u00e9 relativamente baixa devido aos detritos que ficam no \u00f3leo.  Sistema mais indicado para cozinhas com pouca varia\u00e7\u00e3o de produtos fritos e com grandes volumes de fritura. O \u00d3leo pode ter uma vida \u00fatil de 03 a 07 dias.<br \/>\n<br \/>\nOrienta\u00e7\u00f5es: A fim de evitar situa\u00e7\u00f5es de perigo devido a um rearmamento inadvertido de protetores t\u00e9rmicos, o aparelho n\u00e3o pode ser alimentado atrav\u00e9s de uma chave externa, como do tipo Contatora, ou conectado a um circuito que \u00e9 regularmente ligado e desligado por uma fonte de alimenta\u00e7\u00e3o independente de disjuntores. Este equipamento possui um dispositivo protetor t\u00e9rmico com RESET MANUAL (Termostato de seguran\u00e7a). Este dispositivo desativa a\/as resist\u00eancia\/s caso a temperatura do \u00f3leo atinja o n\u00edvel de seguran\u00e7a de 220\u00b0C.<br \/>\nComo n\u00e3o h\u00e1 tomadas\/plugues padronizados pelo INMETRO para correntes superiores a 20A, alguns equipamentos s\u00e3o fornecidos sem o plugue. O usu\u00e1rio poder\u00e1 optar pela aquisi\u00e7\u00e3o do conjunto plugue\/tomada que lhe for mais conveniente (desde que suporte a corrente total do equipamento + 20% de flutua\u00e7\u00e3o de tens\u00e3o) ou a liga\u00e7\u00e3o do equipamento diretamente em um disjuntor adequado pr\u00f3ximo a ele.<br \/>\nConecte o cabo de alimenta\u00e7\u00e3o do equipamento a uma fonte de energia el\u00e9trica apropriada para a carga indicada no item 1 - CARACTER\u00cdSTICAS T\u00c9CNICAS localizado no manual de instru\u00e7\u00f5es e na etiqueta de identifica\u00e7\u00e3o do produto localizada no pr\u00f3prio aparelho.<br \/>\n<br \/>\nNOTAS: Evite usar esponja met\u00e1lica ou qualquer esponja fibrosa\/abrasiva para evitar danos no acabamento do a\u00e7o inoxid\u00e1vel.<br \/>\nO Perigo de Fogo pode ocorrer caso n\u00e3o seja colocado a quantidade m\u00ednima de \u00f3leo no equipamento indicado no manual. Se isto ocorrer a garantia ser\u00e1 automaticamente cancelada.<br \/>\n<br \/>\nDados T\u00e9cnicos<br \/>\nCapacidade Nominal: 15 litros<br \/>\nCapacidade de \u00d3leo: 15 litros (7,5L x 2)<br \/>\nCapacidade do Sistema de Fritura: 15L de \u00d3leo<br \/>\nPot\u00eancia: 220v - 5000W<br \/>\nConsumo: 2,5kw\/h<br \/>\nCorrente: 22,7A<br \/>\nAltura: 97cm Largura: 41cm  Profundidade: 50cm<br \/>\nPeso L\u00edquido: 19kg  Peso Bruto: 22kg<br \/>\nGarantia: 1 ano<br \/>\n<br \/>\n<strong>FAVOR ENTRAR EM CONTATO PARA COTA\u00c7\u00c3O DE FRETE<strong><\/strong><\/strong><br \/>\n<br \/>\n<a href=\"https:\/\/api.whatsapp.com\/send?phone=5521964144201\"><img loading=\"lazy\" decoding=\"async\" class=\"alignnone size-full wp-image-4307\" alt=\"botao_whatsapp\" src=\"http:\/\/www.lojadeequipamentos.com.br\/loja\/wp-content\/uploads\/2020\/08\/botao_whatsapp.png\" width=\"226\" height=\"82\" \/><\/a><\/p>\n","protected":false},"excerpt":{"rendered":"<strong>Fritadeira FZ25 Croydon El\u00e9trica<\/strong> \r\n","protected":false},"featured_media":3703,"comment_status":"open","ping_status":"closed","template":"","meta":{"_links_to":"","_links_to_target":""},"product_brand":[],"product_cat":[2257],"product_tag":[6167,6174,2340,2283,2341,2281,2342,2277,2278,2343,2344,2361,2428,2260,2429,2318,2345,2346,2293,2347,2321,2322,2348,2349,2267,2362,2359,2261,2363,2360,2325,2350,2351,2352,2328,2353,2354,2355,2296,2356,2289,2292,2357,2358],"class_list":{"0":"post-3625","1":"product","2":"type-product","3":"status-publish","4":"has-post-thumbnail","6":"product_cat-fritadeira","7":"product_tag-croydon-fritadeira-eletrica","8":"product_tag-croydon-fritadeira-fz25","9":"product_tag-croydon-fz25","10":"product_tag-croydon-zona-fria","11":"product_tag-croydon-zona-fria-fz25","12":"product_tag-eletrica-croydon-fritadeira","13":"product_tag-eletrica-croydon-fritadeira-fz25","14":"product_tag-eletrica-fritadeira","15":"product_tag-eletrica-fritadeira-croydon","16":"product_tag-eletrica-fritadeira-croydon-fz25","17":"product_tag-eletrica-fritadeira-fz25","18":"product_tag-fritadeira-15l","19":"product_tag-fritadeira-5000w","20":"product_tag-fritadeira-croydon","21":"product_tag-fritadeira-croydon-5000w","22":"product_tag-fritadeira-croydon-de-piso","23":"product_tag-fritadeira-croydon-de-piso-fz25","24":"product_tag-fritadeira-croydon-fz25","25":"product_tag-fritadeira-croydon-zona-fria","26":"product_tag-fritadeira-croydon-zona-fria-fz25","27":"product_tag-fritadeira-de-piso","28":"product_tag-fritadeira-de-piso-croydon","29":"product_tag-fritadeira-de-piso-croydon-fz25","30":"product_tag-fritadeira-de-piso-fz25","31":"product_tag-fritadeira-eletrica-2","32":"product_tag-fritadeira-eletrica-15l","33":"product_tag-fritadeira-eletrica-5000w","34":"product_tag-fritadeira-eletrica-croydon","35":"product_tag-fritadeira-eletrica-croydon-15l","36":"product_tag-fritadeira-eletrica-croydon-5000w","37":"product_tag-fritadeira-eletrica-croydon-de-piso","38":"product_tag-fritadeira-eletrica-croydon-de-piso-fz25","39":"product_tag-fritadeira-eletrica-croydon-fz25","40":"product_tag-fritadeira-eletrica-de-piso","41":"product_tag-fritadeira-eletrica-de-piso-croydon","42":"product_tag-fritadeira-eletrica-de-piso-croydon-fz25","43":"product_tag-fritadeira-eletrica-de-piso-fz25","44":"product_tag-fritadeira-eletrica-fz25","45":"product_tag-fritadeira-eletrica-zona-fria","46":"product_tag-fritadeira-fz25","47":"product_tag-fritadeira-zona-fria","48":"product_tag-fritadeira-zona-fria-croydon","49":"product_tag-fritadeira-zona-fria-croydon-fz25","50":"product_tag-fritadeira-zona-fria-fz25","52":"first","53":"instock","54":"shipping-taxable","55":"purchasable","56":"product-type-simple"},"yoast_head":"<!-- This site is optimized with the Yoast SEO plugin v27.3 - https:\/\/yoast.com\/product\/yoast-seo-wordpress\/ -->\n<title>Fritadeira FZ25 Croydon Elet. 15L x 2 Cestas - Loja de Equipamentos<\/title>\n<meta name=\"description\" content=\"Fritadeira FZ25 Croydon El\u00e9trica R$ 2.221,20 15L 2 Cestas 7,5L x 2 Zona Fria c\/ 5000W Cap. Nominal 15 Litros\" \/>\n<meta name=\"robots\" content=\"index, follow, max-snippet:-1, max-image-preview:large, max-video-preview:-1\" \/>\n<link rel=\"canonical\" href=\"https:\/\/www.lojadeequipamentos.com.br\/loja\/produto\/fritadeira-elet-croydon-fz25-15l2-cestos\/\" \/>\n<meta property=\"og:locale\" content=\"pt_BR\" \/>\n<meta property=\"og:type\" content=\"article\" \/>\n<meta property=\"og:title\" content=\"Fritadeira FZ25 Croydon Elet. 15L x 2 Cestas - Loja de Equipamentos\" \/>\n<meta property=\"og:description\" content=\"Fritadeira FZ25 Croydon El\u00e9trica R$ 2.221,20 15L 2 Cestas 7,5L x 2 Zona Fria c\/ 5000W Cap. Nominal 15 Litros\" \/>\n<meta property=\"og:url\" content=\"https:\/\/www.lojadeequipamentos.com.br\/loja\/produto\/fritadeira-elet-croydon-fz25-15l2-cestos\/\" \/>\n<meta property=\"og:site_name\" content=\"Loja de Equipamentos\" \/>\n<meta property=\"article:modified_time\" content=\"2023-09-15T12:31:57+00:00\" \/>\n<meta property=\"og:image\" content=\"https:\/\/www.lojadeequipamentos.com.br\/loja\/wp-content\/uploads\/2019\/08\/FZ25.jpg\" \/>\n\t<meta property=\"og:image:width\" content=\"750\" \/>\n\t<meta property=\"og:image:height\" content=\"611\" \/>\n\t<meta property=\"og:image:type\" content=\"image\/jpeg\" \/>\n<meta name=\"twitter:card\" content=\"summary_large_image\" \/>\n<meta name=\"twitter:label1\" content=\"Est. tempo de leitura\" \/>\n\t<meta name=\"twitter:data1\" content=\"3 minutos\" \/>\n<script type=\"application\/ld+json\" class=\"yoast-schema-graph\">{\"@context\":\"https:\\\/\\\/schema.org\",\"@graph\":[{\"@type\":\"WebPage\",\"@id\":\"https:\\\/\\\/www.lojadeequipamentos.com.br\\\/loja\\\/produto\\\/fritadeira-elet-croydon-fz25-15l2-cestos\\\/\",\"url\":\"https:\\\/\\\/www.lojadeequipamentos.com.br\\\/loja\\\/produto\\\/fritadeira-elet-croydon-fz25-15l2-cestos\\\/\",\"name\":\"Fritadeira FZ25 Croydon Elet. 15L x 2 Cestas - Loja de Equipamentos\",\"isPartOf\":{\"@id\":\"https:\\\/\\\/www.lojadeequipamentos.com.br\\\/loja\\\/#website\"},\"primaryImageOfPage\":{\"@id\":\"https:\\\/\\\/www.lojadeequipamentos.com.br\\\/loja\\\/produto\\\/fritadeira-elet-croydon-fz25-15l2-cestos\\\/#primaryimage\"},\"image\":{\"@id\":\"https:\\\/\\\/www.lojadeequipamentos.com.br\\\/loja\\\/produto\\\/fritadeira-elet-croydon-fz25-15l2-cestos\\\/#primaryimage\"},\"thumbnailUrl\":\"https:\\\/\\\/www.lojadeequipamentos.com.br\\\/loja\\\/wp-content\\\/uploads\\\/2019\\\/08\\\/FZ25.jpg\",\"datePublished\":\"2019-08-04T23:01:08+00:00\",\"dateModified\":\"2023-09-15T12:31:57+00:00\",\"description\":\"Fritadeira FZ25 Croydon El\u00e9trica R$ 2.221,20 15L 2 Cestas 7,5L x 2 Zona Fria c\\\/ 5000W Cap. Nominal 15 Litros\",\"breadcrumb\":{\"@id\":\"https:\\\/\\\/www.lojadeequipamentos.com.br\\\/loja\\\/produto\\\/fritadeira-elet-croydon-fz25-15l2-cestos\\\/#breadcrumb\"},\"inLanguage\":\"pt-BR\",\"potentialAction\":[{\"@type\":\"ReadAction\",\"target\":[\"https:\\\/\\\/www.lojadeequipamentos.com.br\\\/loja\\\/produto\\\/fritadeira-elet-croydon-fz25-15l2-cestos\\\/\"]}]},{\"@type\":\"ImageObject\",\"inLanguage\":\"pt-BR\",\"@id\":\"https:\\\/\\\/www.lojadeequipamentos.com.br\\\/loja\\\/produto\\\/fritadeira-elet-croydon-fz25-15l2-cestos\\\/#primaryimage\",\"url\":\"https:\\\/\\\/www.lojadeequipamentos.com.br\\\/loja\\\/wp-content\\\/uploads\\\/2019\\\/08\\\/FZ25.jpg\",\"contentUrl\":\"https:\\\/\\\/www.lojadeequipamentos.com.br\\\/loja\\\/wp-content\\\/uploads\\\/2019\\\/08\\\/FZ25.jpg\",\"width\":750,\"height\":611,\"caption\":\"Fritadeira El\u00e9trica\"},{\"@type\":\"BreadcrumbList\",\"@id\":\"https:\\\/\\\/www.lojadeequipamentos.com.br\\\/loja\\\/produto\\\/fritadeira-elet-croydon-fz25-15l2-cestos\\\/#breadcrumb\",\"itemListElement\":[{\"@type\":\"ListItem\",\"position\":1,\"name\":\"In\u00edcio\",\"item\":\"https:\\\/\\\/www.lojadeequipamentos.com.br\\\/loja\\\/\"},{\"@type\":\"ListItem\",\"position\":2,\"name\":\"Loja Virtual\",\"item\":\"https:\\\/\\\/www.lojadeequipamentos.com.br\\\/loja\\\/shop\\\/\"},{\"@type\":\"ListItem\",\"position\":3,\"name\":\"Fritadeira FZ25 Croydon Elet. 15L x 2 Cestas\"}]},{\"@type\":\"WebSite\",\"@id\":\"https:\\\/\\\/www.lojadeequipamentos.com.br\\\/loja\\\/#website\",\"url\":\"https:\\\/\\\/www.lojadeequipamentos.com.br\\\/loja\\\/\",\"name\":\"Loja de Equipamentos\",\"description\":\"\",\"potentialAction\":[{\"@type\":\"SearchAction\",\"target\":{\"@type\":\"EntryPoint\",\"urlTemplate\":\"https:\\\/\\\/www.lojadeequipamentos.com.br\\\/loja\\\/?s={search_term_string}\"},\"query-input\":{\"@type\":\"PropertyValueSpecification\",\"valueRequired\":true,\"valueName\":\"search_term_string\"}}],\"inLanguage\":\"pt-BR\"}]}<\/script>\n<!-- \/ Yoast SEO plugin. -->","yoast_head_json":{"title":"Fritadeira FZ25 Croydon Elet. 15L x 2 Cestas - Loja de Equipamentos","description":"Fritadeira FZ25 Croydon El\u00e9trica R$ 2.221,20 15L 2 Cestas 7,5L x 2 Zona Fria c\/ 5000W Cap. Nominal 15 Litros","robots":{"index":"index","follow":"follow","max-snippet":"max-snippet:-1","max-image-preview":"max-image-preview:large","max-video-preview":"max-video-preview:-1"},"canonical":"https:\/\/www.lojadeequipamentos.com.br\/loja\/produto\/fritadeira-elet-croydon-fz25-15l2-cestos\/","og_locale":"pt_BR","og_type":"article","og_title":"Fritadeira FZ25 Croydon Elet. 15L x 2 Cestas - Loja de Equipamentos","og_description":"Fritadeira FZ25 Croydon El\u00e9trica R$ 2.221,20 15L 2 Cestas 7,5L x 2 Zona Fria c\/ 5000W Cap. Nominal 15 Litros","og_url":"https:\/\/www.lojadeequipamentos.com.br\/loja\/produto\/fritadeira-elet-croydon-fz25-15l2-cestos\/","og_site_name":"Loja de Equipamentos","article_modified_time":"2023-09-15T12:31:57+00:00","og_image":[{"width":750,"height":611,"url":"https:\/\/www.lojadeequipamentos.com.br\/loja\/wp-content\/uploads\/2019\/08\/FZ25.jpg","type":"image\/jpeg"}],"twitter_card":"summary_large_image","twitter_misc":{"Est. tempo de leitura":"3 minutos"},"schema":{"@context":"https:\/\/schema.org","@graph":[{"@type":"WebPage","@id":"https:\/\/www.lojadeequipamentos.com.br\/loja\/produto\/fritadeira-elet-croydon-fz25-15l2-cestos\/","url":"https:\/\/www.lojadeequipamentos.com.br\/loja\/produto\/fritadeira-elet-croydon-fz25-15l2-cestos\/","name":"Fritadeira FZ25 Croydon Elet. 15L x 2 Cestas - Loja de Equipamentos","isPartOf":{"@id":"https:\/\/www.lojadeequipamentos.com.br\/loja\/#website"},"primaryImageOfPage":{"@id":"https:\/\/www.lojadeequipamentos.com.br\/loja\/produto\/fritadeira-elet-croydon-fz25-15l2-cestos\/#primaryimage"},"image":{"@id":"https:\/\/www.lojadeequipamentos.com.br\/loja\/produto\/fritadeira-elet-croydon-fz25-15l2-cestos\/#primaryimage"},"thumbnailUrl":"https:\/\/www.lojadeequipamentos.com.br\/loja\/wp-content\/uploads\/2019\/08\/FZ25.jpg","datePublished":"2019-08-04T23:01:08+00:00","dateModified":"2023-09-15T12:31:57+00:00","description":"Fritadeira FZ25 Croydon El\u00e9trica R$ 2.221,20 15L 2 Cestas 7,5L x 2 Zona Fria c\/ 5000W Cap. Nominal 15 Litros","breadcrumb":{"@id":"https:\/\/www.lojadeequipamentos.com.br\/loja\/produto\/fritadeira-elet-croydon-fz25-15l2-cestos\/#breadcrumb"},"inLanguage":"pt-BR","potentialAction":[{"@type":"ReadAction","target":["https:\/\/www.lojadeequipamentos.com.br\/loja\/produto\/fritadeira-elet-croydon-fz25-15l2-cestos\/"]}]},{"@type":"ImageObject","inLanguage":"pt-BR","@id":"https:\/\/www.lojadeequipamentos.com.br\/loja\/produto\/fritadeira-elet-croydon-fz25-15l2-cestos\/#primaryimage","url":"https:\/\/www.lojadeequipamentos.com.br\/loja\/wp-content\/uploads\/2019\/08\/FZ25.jpg","contentUrl":"https:\/\/www.lojadeequipamentos.com.br\/loja\/wp-content\/uploads\/2019\/08\/FZ25.jpg","width":750,"height":611,"caption":"Fritadeira El\u00e9trica"},{"@type":"BreadcrumbList","@id":"https:\/\/www.lojadeequipamentos.com.br\/loja\/produto\/fritadeira-elet-croydon-fz25-15l2-cestos\/#breadcrumb","itemListElement":[{"@type":"ListItem","position":1,"name":"In\u00edcio","item":"https:\/\/www.lojadeequipamentos.com.br\/loja\/"},{"@type":"ListItem","position":2,"name":"Loja Virtual","item":"https:\/\/www.lojadeequipamentos.com.br\/loja\/shop\/"},{"@type":"ListItem","position":3,"name":"Fritadeira FZ25 Croydon Elet. 15L x 2 Cestas"}]},{"@type":"WebSite","@id":"https:\/\/www.lojadeequipamentos.com.br\/loja\/#website","url":"https:\/\/www.lojadeequipamentos.com.br\/loja\/","name":"Loja de Equipamentos","description":"","potentialAction":[{"@type":"SearchAction","target":{"@type":"EntryPoint","urlTemplate":"https:\/\/www.lojadeequipamentos.com.br\/loja\/?s={search_term_string}"},"query-input":{"@type":"PropertyValueSpecification","valueRequired":true,"valueName":"search_term_string"}}],"inLanguage":"pt-BR"}]}},"_links":{"self":[{"href":"https:\/\/www.lojadeequipamentos.com.br\/loja\/wp-json\/wp\/v2\/product\/3625","targetHints":{"allow":["GET"]}}],"collection":[{"href":"https:\/\/www.lojadeequipamentos.com.br\/loja\/wp-json\/wp\/v2\/product"}],"about":[{"href":"https:\/\/www.lojadeequipamentos.com.br\/loja\/wp-json\/wp\/v2\/types\/product"}],"replies":[{"embeddable":true,"href":"https:\/\/www.lojadeequipamentos.com.br\/loja\/wp-json\/wp\/v2\/comments?post=3625"}],"wp:featuredmedia":[{"embeddable":true,"href":"https:\/\/www.lojadeequipamentos.com.br\/loja\/wp-json\/wp\/v2\/media\/3703"}],"wp:attachment":[{"href":"https:\/\/www.lojadeequipamentos.com.br\/loja\/wp-json\/wp\/v2\/media?parent=3625"}],"wp:term":[{"taxonomy":"product_brand","embeddable":true,"href":"https:\/\/www.lojadeequipamentos.com.br\/loja\/wp-json\/wp\/v2\/product_brand?post=3625"},{"taxonomy":"product_cat","embeddable":true,"href":"https:\/\/www.lojadeequipamentos.com.br\/loja\/wp-json\/wp\/v2\/product_cat?post=3625"},{"taxonomy":"product_tag","embeddable":true,"href":"https:\/\/www.lojadeequipamentos.com.br\/loja\/wp-json\/wp\/v2\/product_tag?post=3625"}],"curies":[{"name":"wp","href":"https:\/\/api.w.org\/{rel}","templated":true}]}}