{"id":3584,"date":"2019-07-18T02:39:37","date_gmt":"2019-07-18T02:39:37","guid":{"rendered":"http:\/\/www.lojadeequipamentos.com.br\/loja\/?post_type=product&#038;p=3584"},"modified":"2024-08-14T08:50:29","modified_gmt":"2024-08-14T08:50:29","slug":"forno-combinado-elet-h041-e-4gns-11-croydon","status":"publish","type":"product","link":"https:\/\/www.lojadeequipamentos.com.br\/loja\/produto\/forno-combinado-elet-h041-e-4gns-11-croydon\/","title":{"rendered":"Forno Combinado Elet.H041-E 4GNS 1\/1 Croydon"},"content":{"rendered":"<h2>Forno Combinado El\u00e9trico H041-E 4GNS 1\/1 Croydon<\/h2>\n<p>\nDescri\u00e7\u00e3o: FORNO COMBINADO EL\u00c9TRICO MODELO H041-E 4GNS 1\/1, DISPOSITIVO COOL-DOWN PARA RESFRIAMENTO R\u00c1PIDO DA C\u00c2MARA DE COZIMENTO, C\u00c2MARA DE COZIMENTO COM CANTOS ARREDONDADOS, CONTROLES ELETR\u00d4NICOS COM ACIONAMENTO POR ENCODER E SISTEMA DE SINALIZA\u00c7\u00c3O DE FALHAS, ABERTURA E FECHAMENTO DA PORTA FACILITADO PELO SISTEMA COLD-SOFT, ISOLAMENTO T\u00c9RMICO DE ALTA PERFORMANCE PROPORCIONANDO MAIS CONFORTO E ECONOMIA, ILUMINA\u00c7\u00c3O INTERNA COM COMANDO TEMPORIZADO, FUN\u00c7\u00c3O LAVAGEM,ESGUICHO DE \u00c1GUA PARA FACILITAR A LIMPEZA DO FORNO E USAR NO PREPARO DE ALIMENTOS, CONSTRU\u00c7\u00c3O EM A\u00c7O INOXID\u00c1VEL, PAINEL COM CONTROLES DE F\u00c1CIL OPERA\u00c7\u00c3O E ABERTURA FRONTAL PARA FACILITAR A MANUTEN\u00c7\u00c3O, PORTA COM VIDRO DUPLO E ABERTURA SEGURA.<br \/>\n<br \/>\nAcess\u00f3rios de S\u00e9rie do Forno Combinado: 01 FILTRO DUPLO DE \u00c1GUA(Carv\u00e3o Ativado e Polipropileno)COM SUPORTE DE PAREDE, 01 DISPOSITIVO DE INVERSOR DE VENTILA\u00c7\u00c3O, 01 DISPOSITIVO DE SENSOR DE N\u00daCLEO (estilete),01 DISPOSITIVO DRY SYSTEM MOTORIZADO(suc\u00e7\u00e3o de vapor interno). <strong>Este modelo n\u00e3o acompanha o suporte met\u00e1lico com rodizio<\/strong><br \/>\n<br \/>\nPrincipais Caracter\u00edsticas e Benef\u00edcios do Forno Combinado: Espa\u00e7o para 04 GNS de 1\/1, Combinado at\u00e9 270\u00baC, Vapor at\u00e9 110\u00baC, Sistema de Cozimento a Vapor n\u00e3o deixando que os Alimentos percam seus Sabores e Nutrientes, Ao fazer Frituras o Forno pode dispensar at\u00e9 100% do uso de \u00d3leos tornando o Alimento mais Saud\u00e1veis, Ganho de Tempo (at\u00e9 menos 30%) e Energia (at\u00e9 menos 50%) por n\u00e3o ser preciso esperar descongelamento dos alimentos para irem para o Forno, Cozimento Uniforme dos Alimentos pelo Sistema de Invers\u00e3o de Ventila\u00e7\u00e3o ( ate menos 20% de perda de peso dos alimentos), Dispositivo Dry System Motorizado para Suc\u00e7\u00e3o r\u00e1pida de Vapor, Sem Placa de Comando \u00danica (eletr\u00f4nica secionada) diminuindo Custo de Manuten\u00e7\u00e3o, Turbina de Alta Performance Importada, Painel de Comando com Abertura Frontal, F\u00e1cil Opera\u00e7\u00e3o e Manuten\u00e7\u00e3o, Retomadas Vigorosas de Temperatura Interna.<br \/>\n<br \/>\nTIPOS DE COZIMENTOS \u00c0 SEREM REALIZADOS<br \/>\nCONVEC\u00c7\u00c3O (seco) At\u00e9 270\u00b0C*: \u00e9 o modo de cozimento a seco mais tradicional com as vantagens da ventila\u00e7\u00e3o for\u00e7ada. \u00c9 ideal para assar, corar, fritar e gratinar. Permite cozer em pouco tempo grandes quantidades de alimentos, garantindo uma \u00f3tima uniformidade.<br \/>\nCOMBINADO At\u00e9 270\u00b0C*: \u00e9 a combina\u00e7\u00e3o entre ar quente seco e vapor. Tem a possibilidade, a cada momento e segundo as exig\u00eancias, de regular a temperatura, sobretudo, a quantidade de vapor. Os alimentos n\u00e3o ressecam, ficando uniformemente<br \/>\nmacios e apetitosos. \u00c9 o modo de cozer mais rapidamente alimentos altamente fibrosos.<br \/>\nREGENERA\u00c7\u00c3O At\u00e9 270\u00b0C*: regenerar significa fazer com que os alimentos, anteriormente cozidos, resfriados ou congelados e conservados por um certo per\u00edodo de tempo, voltem a temperatura de consumo adequada para serem consumidos. Com esta<br \/>\nfun\u00e7\u00e3o todo o tipo de alimento se regenera em tempo h\u00e1bil, no clima certo, sem que o mesmo fique ressecado.<br \/>\nVAPOR At\u00e9 110\u00b0C: o cozimento a vapor 100\u00b0C substitui o cozimento em panela com \u00e1gua fervendo tendo como beneficio, menor gasto de tempo, de espa\u00e7o e de energia. Cozendo a vapor verduras, legumes, ovos, peixes etc. se evita a dispers\u00e3o, em \u00e1gua de<br \/>\nfervura, de preciosos sais minerais e vitaminas. Melhor consist\u00eancia e colora\u00e7\u00e3o s\u00e3o as indiscut\u00edveis qualidades dos alimentos processados com este modo. Utilizando o vapor com temperaturas inferiores a 100\u00b0C se pode: cozer alimentos com estrutura delicada como os crust\u00e1ceos, efetuar cozimentos em banho-maria e efetuar r\u00e1pidos descongelamentos. Com temperaturas superiores a 100\u00b0C executam-se cozimentos de grandes cargas como arroz, tuberosos, inteiros ou fatiados, etc.<br \/>\n<br \/>\nDados T\u00e9cnicos:<br \/>\nTens\u00e3o de Alimenta\u00e7\u00e3o El\u00e9trica VCA: 220V Monof\u00e1sico - 60Hz<br \/>\nCarga El\u00e9trica Total: 6.400W<br \/>\nPot\u00eancia T\u00e9rmica: 6KW<br \/>\nConsumo de Energia El\u00e9trica\/Hora: 4,2Kw\/h (somente para aquecimento, baseado em 70% do consumo nominal)<br \/>\nConsumo de \u00c1gua em Combinado M\u00e9dio: 1,2 L\/h<br \/>\nEntrada de alimenta\u00e7\u00e3o de \u00c1gua tratada: 1\/2\"<br \/>\nEntrada de Ar do Dispositivo Dry-System: 2\"<br \/>\nSa\u00edda do Vapor: 2\"<br \/>\nSa\u00edda do Dreno: 1\"<br \/>\nCapacidade de Recipientes: 4 x GN 1\/1 (325mm x 530mm)<br \/>\nEspa\u00e7o entre Bandejas: 7cm<br \/>\n<strong>Produ\u00e7\u00e3o de 160 Refei\u00e7\u00f5es por Turno<br \/>\nProdu\u00e7\u00e3o de 06 Frangos por Carga<br \/>\nProdu\u00e7\u00e3o de 20 kg de Arroaz por Carga<br \/>\nProdu\u00e7\u00e3o de 14 Kg de Legumes por Carga<br \/>\nProdu\u00e7\u00e3o de 256 P\u00e3es\/Hora (50gr massa fresca)<\/strong><br \/>\nMedidas: Alt. 60cm - Larg. 78cm - Prof. 82cm<br \/>\nPeso:<br \/>\nGarantia: 01 ano<br \/>\n<br \/>\nEMBALAGEM INCLUSA NO PRE\u00c7O (ENGRADADO DE MADEIRA ECOL\u00d3GICA)<br \/>\n<br \/>\n<strong>OBS: PRE\u00c7OS DE FORNOS COMBINADOS TER\u00c3O QUE SER CONFIRMADOS NO ATO DA COMPRA, PRE\u00c7OS ATUAIS S\u00c3O SUGESTIVOS.<\/strong><br \/>\n<br \/>\n<strong>EQUIPAMENTOS FEITOS SOB ENCOMENDA<\/strong><br \/>\n<br \/>\n<strong>EMBALAGEM INCLUSA NO PRE\u00c7O (ENGRADADO DE MADEIRA CERTIFICADA)<\/strong><br \/>\n<br \/>\n<strong>FAVOR ENTRAR EM CONTATO PARA COTA\u00c7\u00c3O DE FRETE<strong><\/strong><\/strong><br \/>\n<br \/>\n<a href=\"https:\/\/api.whatsapp.com\/send?phone=5521964144201\"><img loading=\"lazy\" decoding=\"async\" class=\"alignnone size-full wp-image-4307\" alt=\"botao_whatsapp\" src=\"http:\/\/www.lojadeequipamentos.com.br\/loja\/wp-content\/uploads\/2020\/08\/botao_whatsapp.png\" width=\"226\" height=\"82\" \/><\/a><\/p>\n","protected":false},"excerpt":{"rendered":"<strong>Forno Combinado El\u00e9trico H041-E 4GNS 1\/1 Croydon<\/strong>","protected":false},"featured_media":3682,"comment_status":"open","ping_status":"closed","template":"","meta":{"_links_to":"","_links_to_target":""},"product_brand":[],"product_cat":[2143],"product_tag":[2154,2155,2159,4619,4629,4630,4631,4620,4623,4632,4633,4634,2147,2160,2157,2144,2153,2145,2181,2150,2152,2182,2156,2149,2146,2148,2236,2237,2246,2247,2158,4597],"class_list":{"0":"post-3584","1":"product","2":"type-product","3":"status-publish","4":"has-post-thumbnail","6":"product_cat-forno-combinado-eletrico","7":"product_tag-combinado-croydon","8":"product_tag-combinado-croydon-h041-e","9":"product_tag-combinado-h041e","10":"product_tag-croydon-eletrico-forno-combinado","11":"product_tag-croydon-eletrico-forno-combinado-h041e","12":"product_tag-croydon-eletrico-forno-h041e","13":"product_tag-croydon-forno-combinado-h041e","14":"product_tag-croydon-forno-eletrico","15":"product_tag-croydon-forno-eletrico-combinado","16":"product_tag-croydon-forno-eletrico-combinado-h041e","17":"product_tag-croydon-forno-eletrico-h041e","18":"product_tag-croydon-forno-h041e","19":"product_tag-croydon-h041-e","20":"product_tag-croydon-h041e","21":"product_tag-forno-4gns-11","22":"product_tag-forno-combinado-2","23":"product_tag-forno-combinado-4gns-11","24":"product_tag-forno-combinado-croydon","25":"product_tag-forno-combinado-croydon-eletrico","26":"product_tag-forno-combinado-croydon-h041-e","27":"product_tag-forno-combinado-eletrico-2","28":"product_tag-forno-combinado-eletrico-croydon","29":"product_tag-forno-combinado-eletrico-h041-e","30":"product_tag-forno-combinado-h041-e","31":"product_tag-forno-croydon","32":"product_tag-forno-croydon-h041-e","33":"product_tag-forno-eletrico-combinado","34":"product_tag-forno-eletrico-combinado-croydon","35":"product_tag-forno-eletrico-combinado-h041e","36":"product_tag-forno-eletrico-h041e","37":"product_tag-forno-h041e","38":"product_tag-forno-h041e-combinado","40":"first","41":"instock","42":"shipping-taxable","43":"purchasable","44":"product-type-simple"},"yoast_head":"<!-- This site is optimized with the Yoast SEO plugin v27.3 - https:\/\/yoast.com\/product\/yoast-seo-wordpress\/ -->\n<title>Forno Combinado Elet.H041-E 4GNS 1\/1 Croydon - Loja de Equipamentos<\/title>\n<meta name=\"description\" content=\"Forno Combinado H041-E 4GNS 1\/1 R$ 29.212,20 Croydon A\u00e7o Inox Dispositivo Cool Down Acionamento Encoder Inversor Ventila\u00e7\u00e3o Sensor de N\u00facleo 4 Bandejas\" \/>\n<meta name=\"robots\" content=\"index, follow, max-snippet:-1, max-image-preview:large, max-video-preview:-1\" \/>\n<link rel=\"canonical\" href=\"https:\/\/www.lojadeequipamentos.com.br\/loja\/produto\/forno-combinado-elet-h041-e-4gns-11-croydon\/\" \/>\n<meta property=\"og:locale\" content=\"pt_BR\" \/>\n<meta property=\"og:type\" content=\"article\" \/>\n<meta property=\"og:title\" content=\"Forno Combinado Elet.H041-E 4GNS 1\/1 Croydon - Loja de Equipamentos\" \/>\n<meta property=\"og:description\" content=\"Forno Combinado H041-E 4GNS 1\/1 R$ 29.212,20 Croydon A\u00e7o Inox Dispositivo Cool Down Acionamento Encoder Inversor Ventila\u00e7\u00e3o Sensor de N\u00facleo 4 Bandejas\" \/>\n<meta property=\"og:url\" content=\"https:\/\/www.lojadeequipamentos.com.br\/loja\/produto\/forno-combinado-elet-h041-e-4gns-11-croydon\/\" \/>\n<meta property=\"og:site_name\" content=\"Loja de Equipamentos\" \/>\n<meta property=\"article:modified_time\" content=\"2024-08-14T08:50:29+00:00\" \/>\n<meta property=\"og:image\" content=\"https:\/\/www.lojadeequipamentos.com.br\/loja\/wp-content\/uploads\/2019\/07\/H041-E.jpg\" \/>\n\t<meta property=\"og:image:width\" content=\"750\" \/>\n\t<meta property=\"og:image:height\" content=\"611\" \/>\n\t<meta property=\"og:image:type\" content=\"image\/jpeg\" \/>\n<meta name=\"twitter:card\" content=\"summary_large_image\" \/>\n<meta name=\"twitter:label1\" content=\"Est. tempo de leitura\" \/>\n\t<meta name=\"twitter:data1\" content=\"5 minutos\" \/>\n<script type=\"application\/ld+json\" class=\"yoast-schema-graph\">{\"@context\":\"https:\\\/\\\/schema.org\",\"@graph\":[{\"@type\":\"WebPage\",\"@id\":\"https:\\\/\\\/www.lojadeequipamentos.com.br\\\/loja\\\/produto\\\/forno-combinado-elet-h041-e-4gns-11-croydon\\\/\",\"url\":\"https:\\\/\\\/www.lojadeequipamentos.com.br\\\/loja\\\/produto\\\/forno-combinado-elet-h041-e-4gns-11-croydon\\\/\",\"name\":\"Forno Combinado Elet.H041-E 4GNS 1\\\/1 Croydon - Loja de Equipamentos\",\"isPartOf\":{\"@id\":\"https:\\\/\\\/www.lojadeequipamentos.com.br\\\/loja\\\/#website\"},\"primaryImageOfPage\":{\"@id\":\"https:\\\/\\\/www.lojadeequipamentos.com.br\\\/loja\\\/produto\\\/forno-combinado-elet-h041-e-4gns-11-croydon\\\/#primaryimage\"},\"image\":{\"@id\":\"https:\\\/\\\/www.lojadeequipamentos.com.br\\\/loja\\\/produto\\\/forno-combinado-elet-h041-e-4gns-11-croydon\\\/#primaryimage\"},\"thumbnailUrl\":\"https:\\\/\\\/www.lojadeequipamentos.com.br\\\/loja\\\/wp-content\\\/uploads\\\/2019\\\/07\\\/H041-E.jpg\",\"datePublished\":\"2019-07-18T02:39:37+00:00\",\"dateModified\":\"2024-08-14T08:50:29+00:00\",\"description\":\"Forno Combinado H041-E 4GNS 1\\\/1 R$ 29.212,20 Croydon A\u00e7o Inox Dispositivo Cool Down Acionamento Encoder Inversor Ventila\u00e7\u00e3o Sensor de N\u00facleo 4 Bandejas\",\"breadcrumb\":{\"@id\":\"https:\\\/\\\/www.lojadeequipamentos.com.br\\\/loja\\\/produto\\\/forno-combinado-elet-h041-e-4gns-11-croydon\\\/#breadcrumb\"},\"inLanguage\":\"pt-BR\",\"potentialAction\":[{\"@type\":\"ReadAction\",\"target\":[\"https:\\\/\\\/www.lojadeequipamentos.com.br\\\/loja\\\/produto\\\/forno-combinado-elet-h041-e-4gns-11-croydon\\\/\"]}]},{\"@type\":\"ImageObject\",\"inLanguage\":\"pt-BR\",\"@id\":\"https:\\\/\\\/www.lojadeequipamentos.com.br\\\/loja\\\/produto\\\/forno-combinado-elet-h041-e-4gns-11-croydon\\\/#primaryimage\",\"url\":\"https:\\\/\\\/www.lojadeequipamentos.com.br\\\/loja\\\/wp-content\\\/uploads\\\/2019\\\/07\\\/H041-E.jpg\",\"contentUrl\":\"https:\\\/\\\/www.lojadeequipamentos.com.br\\\/loja\\\/wp-content\\\/uploads\\\/2019\\\/07\\\/H041-E.jpg\",\"width\":750,\"height\":611,\"caption\":\"Forno Combinado El\u00e9trico\"},{\"@type\":\"BreadcrumbList\",\"@id\":\"https:\\\/\\\/www.lojadeequipamentos.com.br\\\/loja\\\/produto\\\/forno-combinado-elet-h041-e-4gns-11-croydon\\\/#breadcrumb\",\"itemListElement\":[{\"@type\":\"ListItem\",\"position\":1,\"name\":\"In\u00edcio\",\"item\":\"https:\\\/\\\/www.lojadeequipamentos.com.br\\\/loja\\\/\"},{\"@type\":\"ListItem\",\"position\":2,\"name\":\"Loja Virtual\",\"item\":\"https:\\\/\\\/www.lojadeequipamentos.com.br\\\/loja\\\/shop\\\/\"},{\"@type\":\"ListItem\",\"position\":3,\"name\":\"Forno Combinado Elet.H041-E 4GNS 1\\\/1 Croydon\"}]},{\"@type\":\"WebSite\",\"@id\":\"https:\\\/\\\/www.lojadeequipamentos.com.br\\\/loja\\\/#website\",\"url\":\"https:\\\/\\\/www.lojadeequipamentos.com.br\\\/loja\\\/\",\"name\":\"Loja de Equipamentos\",\"description\":\"\",\"potentialAction\":[{\"@type\":\"SearchAction\",\"target\":{\"@type\":\"EntryPoint\",\"urlTemplate\":\"https:\\\/\\\/www.lojadeequipamentos.com.br\\\/loja\\\/?s={search_term_string}\"},\"query-input\":{\"@type\":\"PropertyValueSpecification\",\"valueRequired\":true,\"valueName\":\"search_term_string\"}}],\"inLanguage\":\"pt-BR\"}]}<\/script>\n<!-- \/ Yoast SEO plugin. -->","yoast_head_json":{"title":"Forno Combinado Elet.H041-E 4GNS 1\/1 Croydon - Loja de Equipamentos","description":"Forno Combinado H041-E 4GNS 1\/1 R$ 29.212,20 Croydon A\u00e7o Inox Dispositivo Cool Down Acionamento Encoder Inversor Ventila\u00e7\u00e3o Sensor de N\u00facleo 4 Bandejas","robots":{"index":"index","follow":"follow","max-snippet":"max-snippet:-1","max-image-preview":"max-image-preview:large","max-video-preview":"max-video-preview:-1"},"canonical":"https:\/\/www.lojadeequipamentos.com.br\/loja\/produto\/forno-combinado-elet-h041-e-4gns-11-croydon\/","og_locale":"pt_BR","og_type":"article","og_title":"Forno Combinado Elet.H041-E 4GNS 1\/1 Croydon - Loja de Equipamentos","og_description":"Forno Combinado H041-E 4GNS 1\/1 R$ 29.212,20 Croydon A\u00e7o Inox Dispositivo Cool Down Acionamento Encoder Inversor Ventila\u00e7\u00e3o Sensor de N\u00facleo 4 Bandejas","og_url":"https:\/\/www.lojadeequipamentos.com.br\/loja\/produto\/forno-combinado-elet-h041-e-4gns-11-croydon\/","og_site_name":"Loja de Equipamentos","article_modified_time":"2024-08-14T08:50:29+00:00","og_image":[{"width":750,"height":611,"url":"https:\/\/www.lojadeequipamentos.com.br\/loja\/wp-content\/uploads\/2019\/07\/H041-E.jpg","type":"image\/jpeg"}],"twitter_card":"summary_large_image","twitter_misc":{"Est. tempo de leitura":"5 minutos"},"schema":{"@context":"https:\/\/schema.org","@graph":[{"@type":"WebPage","@id":"https:\/\/www.lojadeequipamentos.com.br\/loja\/produto\/forno-combinado-elet-h041-e-4gns-11-croydon\/","url":"https:\/\/www.lojadeequipamentos.com.br\/loja\/produto\/forno-combinado-elet-h041-e-4gns-11-croydon\/","name":"Forno Combinado Elet.H041-E 4GNS 1\/1 Croydon - Loja de Equipamentos","isPartOf":{"@id":"https:\/\/www.lojadeequipamentos.com.br\/loja\/#website"},"primaryImageOfPage":{"@id":"https:\/\/www.lojadeequipamentos.com.br\/loja\/produto\/forno-combinado-elet-h041-e-4gns-11-croydon\/#primaryimage"},"image":{"@id":"https:\/\/www.lojadeequipamentos.com.br\/loja\/produto\/forno-combinado-elet-h041-e-4gns-11-croydon\/#primaryimage"},"thumbnailUrl":"https:\/\/www.lojadeequipamentos.com.br\/loja\/wp-content\/uploads\/2019\/07\/H041-E.jpg","datePublished":"2019-07-18T02:39:37+00:00","dateModified":"2024-08-14T08:50:29+00:00","description":"Forno Combinado H041-E 4GNS 1\/1 R$ 29.212,20 Croydon A\u00e7o Inox Dispositivo Cool Down Acionamento Encoder Inversor Ventila\u00e7\u00e3o Sensor de N\u00facleo 4 Bandejas","breadcrumb":{"@id":"https:\/\/www.lojadeequipamentos.com.br\/loja\/produto\/forno-combinado-elet-h041-e-4gns-11-croydon\/#breadcrumb"},"inLanguage":"pt-BR","potentialAction":[{"@type":"ReadAction","target":["https:\/\/www.lojadeequipamentos.com.br\/loja\/produto\/forno-combinado-elet-h041-e-4gns-11-croydon\/"]}]},{"@type":"ImageObject","inLanguage":"pt-BR","@id":"https:\/\/www.lojadeequipamentos.com.br\/loja\/produto\/forno-combinado-elet-h041-e-4gns-11-croydon\/#primaryimage","url":"https:\/\/www.lojadeequipamentos.com.br\/loja\/wp-content\/uploads\/2019\/07\/H041-E.jpg","contentUrl":"https:\/\/www.lojadeequipamentos.com.br\/loja\/wp-content\/uploads\/2019\/07\/H041-E.jpg","width":750,"height":611,"caption":"Forno Combinado El\u00e9trico"},{"@type":"BreadcrumbList","@id":"https:\/\/www.lojadeequipamentos.com.br\/loja\/produto\/forno-combinado-elet-h041-e-4gns-11-croydon\/#breadcrumb","itemListElement":[{"@type":"ListItem","position":1,"name":"In\u00edcio","item":"https:\/\/www.lojadeequipamentos.com.br\/loja\/"},{"@type":"ListItem","position":2,"name":"Loja Virtual","item":"https:\/\/www.lojadeequipamentos.com.br\/loja\/shop\/"},{"@type":"ListItem","position":3,"name":"Forno Combinado Elet.H041-E 4GNS 1\/1 Croydon"}]},{"@type":"WebSite","@id":"https:\/\/www.lojadeequipamentos.com.br\/loja\/#website","url":"https:\/\/www.lojadeequipamentos.com.br\/loja\/","name":"Loja de Equipamentos","description":"","potentialAction":[{"@type":"SearchAction","target":{"@type":"EntryPoint","urlTemplate":"https:\/\/www.lojadeequipamentos.com.br\/loja\/?s={search_term_string}"},"query-input":{"@type":"PropertyValueSpecification","valueRequired":true,"valueName":"search_term_string"}}],"inLanguage":"pt-BR"}]}},"_links":{"self":[{"href":"https:\/\/www.lojadeequipamentos.com.br\/loja\/wp-json\/wp\/v2\/product\/3584","targetHints":{"allow":["GET"]}}],"collection":[{"href":"https:\/\/www.lojadeequipamentos.com.br\/loja\/wp-json\/wp\/v2\/product"}],"about":[{"href":"https:\/\/www.lojadeequipamentos.com.br\/loja\/wp-json\/wp\/v2\/types\/product"}],"replies":[{"embeddable":true,"href":"https:\/\/www.lojadeequipamentos.com.br\/loja\/wp-json\/wp\/v2\/comments?post=3584"}],"wp:featuredmedia":[{"embeddable":true,"href":"https:\/\/www.lojadeequipamentos.com.br\/loja\/wp-json\/wp\/v2\/media\/3682"}],"wp:attachment":[{"href":"https:\/\/www.lojadeequipamentos.com.br\/loja\/wp-json\/wp\/v2\/media?parent=3584"}],"wp:term":[{"taxonomy":"product_brand","embeddable":true,"href":"https:\/\/www.lojadeequipamentos.com.br\/loja\/wp-json\/wp\/v2\/product_brand?post=3584"},{"taxonomy":"product_cat","embeddable":true,"href":"https:\/\/www.lojadeequipamentos.com.br\/loja\/wp-json\/wp\/v2\/product_cat?post=3584"},{"taxonomy":"product_tag","embeddable":true,"href":"https:\/\/www.lojadeequipamentos.com.br\/loja\/wp-json\/wp\/v2\/product_tag?post=3584"}],"curies":[{"name":"wp","href":"https:\/\/api.w.org\/{rel}","templated":true}]}}