{"id":3573,"date":"2019-07-16T23:53:36","date_gmt":"2019-07-16T23:53:36","guid":{"rendered":"http:\/\/www.lojadeequipamentos.com.br\/loja\/?post_type=product&#038;p=3573"},"modified":"2024-12-02T01:07:10","modified_gmt":"2024-12-02T01:07:10","slug":"pressurizador-j8815-1-3cvserie-joy-mega-press","status":"publish","type":"product","link":"https:\/\/www.lojadeequipamentos.com.br\/loja\/produto\/pressurizador-j8815-1-3cvserie-joy-mega-press\/","title":{"rendered":"Pressurizador J8815-1 3cv\/Serie Joy Mega Press"},"content":{"rendered":"<p><strong>Pressurizador J8815-1 3cv \/ S\u00e9rie Joy - Mega Press<\/strong><br \/>\nDescri\u00e7\u00e3o: Pressurizador J8815-1, \u00e9 montado com 01 Bomba Multiest\u00e1gio Horizontal de 15 Est\u00e1gios com Corpo, Rotores e Conex\u00f5es de Suc\u00e7\u00e3o e Recalque em A\u00e7o Inox AISI 304 (Cromo-N\u00edquel Austen\u00edtico Padr\u00e3o) com resist\u00eancia \u00e0 oxida\u00e7\u00e3o at\u00e9 a temperatura de 850\u00b0C., por\u00e9m sendo garantida a resist\u00eancia a Corros\u00e3o Intercristalina ou Intergranular at\u00e9 a temperatura de 250\u00b0C., Selo Mec\u00e2nico com Veda\u00e7\u00e3o Primaria em Cer\u00e2mica + Carbono, Veda\u00e7\u00e3o Secundaria em Borracha EPDM para temperaturas de uso de \u2013 5\u00baC at\u00e9 90\u00baC, 01 Inversor de Freq\u00fc\u00eancia que controla a acelera\u00e7\u00e3o do motor de forma a manter a press\u00e3o constante, 01 Vaso de Expans\u00e3o, 01 V\u00e1lvula de 5 vias com reten\u00e7\u00e3o e 01 Man\u00f4metro Glicerinado com caixa em Inox.<br \/>\nPrincipais Caracter\u00edsticas: Compacta, Silenciosa, Resistente a Corros\u00e3o, Alta Efici\u00eancia com Inversores de Frequ\u00eancia, Alto Desempenho, Grande Durabilidade e 100% Inox no contato com L\u00edquidos N\u00e3o Corrosivos circulantes nos Rotores de Propuls\u00e3o.<br \/>\nAplica\u00e7\u00e3o Usual: Sistemas de Circula\u00e7\u00e3o de \u00c1gua; Sistemas de Transfer\u00eancia de Agu\u00e1, Sistemas de Pressuriza\u00e7\u00e3o; Sistemas de Tratamento; Sistema de Refrigera\u00e7\u00e3o; Sistemas de Ar Condicionado; Sistemas de Aquecimento; Sistemas de Irriga\u00e7\u00e3o e Fertiliza\u00e7\u00e3o.<br \/>\nAplica\u00e7\u00e3o Especifica: Residencias, Escolas, Academias, Hospitais, Hot\u00e9is, Restaurantes, Sal\u00f5es de Beleza, Desengorduramento e Lavagem de Equipamentos de Produ\u00e7\u00e3o, M\u00e1quinas de Lavagem, Unidades de Lavagem M\u00f3veis, Unidades de CIP (Cleaning In Place), Produ\u00e7\u00e3o de Placas Eletr\u00f4nicas, Equipamentos a Laser, Refrigera\u00e7\u00e3o Industrial, Aquecimento e Resfriamento em Processos Industriais, Trocadores de Calor, Osmose Reversa, Sistemas de Ultra Filtra\u00e7\u00e3o, Sistemas de Troca I\u00f4nica e Desmineraliza\u00e7\u00e3o, Filtra\u00e7\u00e3o Final, Limpador Industrial, Lava Lou\u00e7as, Sistemas de Destila\u00e7\u00e3o, Dosagem e Mistura, Evapora\u00e7\u00e3o, Transfer\u00eancia e Pressuriza\u00e7\u00e3o de L\u00edquidos, Vasos de Press\u00e3o, Industria de Alimentos, Industria de Bebidas, Industria Qu\u00edmica, Industria de \u00d3leo Mineral Limpo, Industria da Constru\u00e7\u00e3o C\u00edvil, Industria Automobil\u00edstica.<br \/>\n(Todas as especifica\u00e7\u00f5es acima mencionadas servem como uma orienta\u00e7\u00e3o geral e devem ser revistas dependendo das condi\u00e7\u00f5es espec\u00edficas de uso)<\/p>\n<p>Informa\u00e7\u00f5es T\u00e9cnicas J8815-1<br \/>\nTens\u00e3o:\t 220V Monof\u00e1sico.<br \/>\nMotor com 02 polos indu\u00e7\u00e3o<br \/>\nPot\u00eancia do Motor: 2 CV<br \/>\nFrequ\u00eancia: 60 Hz<br \/>\nGrau de Prote\u00e7\u00e3o: IP55 (Protegido contra a penetra\u00e7\u00e3o de poeiras e jatos de \u00e1gua lan\u00e7ados de qualquer dire\u00e7\u00e3o; n\u00e3o produzindo efeitos prejudiciais.<br \/>\nClasse de Isolamento: F (operam em temperaturas internas de 155 \u00b0C, com picos de 180 \u00b0C, e est\u00e3o sujeitos a ciclos de opera\u00e7\u00e3o exigentes que frequentemente consistem em at\u00e9 100 partidas por hora. )<br \/>\nVaz\u00e3o e Press\u00e3o M\u00e1xima: 16 m\u00b3\/h e 30mca<br \/>\nPress\u00e3o Max. de Trabalho: 8Kg<br \/>\nFaixa de Temperatura do L\u00edquido: -20\u00baC a 90\u00baC<br \/>\nRu\u00eddo: 60db<br \/>\nConex\u00e3o de Suc\u00e7\u00e3o\/Entrada: 1.1\/2\u201d<br \/>\nConex\u00e3o de Recalque\/Sa\u00edda: 1.1\/2\u201d<br \/>\nPeso (Kg): 23 Kg<\/p>\n<p><strong>FAVOR ENTRAR EM CONTATO PARA COTA\u00c7\u00c3O DE FRETE<\/strong><\/p>\n<p>\n<a href=\"https:\/\/api.whatsapp.com\/send?phone=5521964144201\"><img loading=\"lazy\" decoding=\"async\" class=\"alignnone size-full wp-image-4307\" alt=\"botao_whatsapp\" src=\"http:\/\/www.lojadeequipamentos.com.br\/loja\/wp-content\/uploads\/2020\/08\/botao_whatsapp.png\" width=\"226\" height=\"82\" \/><\/a><\/p>\n","protected":false},"excerpt":{"rendered":"<strong>Pressurizador J8815-1 3cv \/ S\u00e9rie Joy - Mega Press<\/strong>","protected":false},"featured_media":3713,"comment_status":"open","ping_status":"closed","template":"","meta":{"_links_to":"","_links_to_target":""},"product_brand":[],"product_cat":[4779],"product_tag":[2093,2060,2094,2048,2095,2052,2096,2066,2065,2049,2097,2050,2098,2056,2099,2055,2100,2101,2102],"class_list":{"0":"post-3573","1":"product","2":"type-product","3":"status-publish","4":"has-post-thumbnail","6":"product_cat-pressurizador-serie-joy","7":"product_tag-megapress-j8815-1","8":"product_tag-megapress-serie-joy","9":"product_tag-megapress-serie-joy-j8815-1","10":"product_tag-pressurizador-2","11":"product_tag-pressurizador-3cv","12":"product_tag-pressurizador-com-inversor-de-frequencia","13":"product_tag-pressurizador-com-inversor-de-frequencia-3cv","14":"product_tag-pressurizador-de-agua-megapress","15":"product_tag-pressurizador-de-agua-serie-joy","16":"product_tag-pressurizador-inox","17":"product_tag-pressurizador-j8815-1","18":"product_tag-pressurizador-megapress","19":"product_tag-pressurizador-megapress-3cv","20":"product_tag-pressurizador-megapress-serie-joy","21":"product_tag-pressurizador-megapress-serie-joy-j8815-1","22":"product_tag-pressurizador-serie-joy","23":"product_tag-pressurizador-serie-joy-3cv","24":"product_tag-pressurizador-serie-joy-j8815-1","25":"product_tag-serie-joy-j8815-1","27":"first","28":"instock","29":"shipping-taxable","30":"purchasable","31":"product-type-simple"},"yoast_head":"<!-- This site is optimized with the Yoast SEO plugin v27.3 - https:\/\/yoast.com\/product\/yoast-seo-wordpress\/ -->\n<title>Pressurizador J8815-1 3cv\/Serie Joy Mega Press - Loja de Equipamentos<\/title>\n<meta name=\"description\" content=\"Pressurizador J8815-1 R$ 7.545,60 Bomba A\u00e7o Inox 1 Inversor de Freq\u00fc\u00eancia 1 Vaso de Expans\u00e3o 1 V\u00e1lv. de 5 vias com Reten\u00e7\u00e3o e 1 Man\u00f4m. Inox Glicerinado.\" \/>\n<meta name=\"robots\" content=\"index, follow, max-snippet:-1, max-image-preview:large, max-video-preview:-1\" \/>\n<link rel=\"canonical\" href=\"https:\/\/www.lojadeequipamentos.com.br\/loja\/produto\/pressurizador-j8815-1-3cvserie-joy-mega-press\/\" \/>\n<meta property=\"og:locale\" content=\"pt_BR\" \/>\n<meta property=\"og:type\" content=\"article\" \/>\n<meta property=\"og:title\" content=\"Pressurizador J8815-1 3cv\/Serie Joy Mega Press - Loja de Equipamentos\" \/>\n<meta property=\"og:description\" content=\"Pressurizador J8815-1 R$ 7.545,60 Bomba A\u00e7o Inox 1 Inversor de Freq\u00fc\u00eancia 1 Vaso de Expans\u00e3o 1 V\u00e1lv. de 5 vias com Reten\u00e7\u00e3o e 1 Man\u00f4m. Inox Glicerinado.\" \/>\n<meta property=\"og:url\" content=\"https:\/\/www.lojadeequipamentos.com.br\/loja\/produto\/pressurizador-j8815-1-3cvserie-joy-mega-press\/\" \/>\n<meta property=\"og:site_name\" content=\"Loja de Equipamentos\" \/>\n<meta property=\"article:modified_time\" content=\"2024-12-02T01:07:10+00:00\" \/>\n<meta property=\"og:image\" content=\"https:\/\/www.lojadeequipamentos.com.br\/loja\/wp-content\/uploads\/2019\/07\/Joy-8805-a-8815.png\" \/>\n\t<meta property=\"og:image:width\" content=\"234\" \/>\n\t<meta property=\"og:image:height\" content=\"503\" \/>\n\t<meta property=\"og:image:type\" content=\"image\/png\" \/>\n<meta name=\"twitter:card\" content=\"summary_large_image\" \/>\n<meta name=\"twitter:label1\" content=\"Est. tempo de leitura\" \/>\n\t<meta name=\"twitter:data1\" content=\"3 minutos\" \/>\n<script type=\"application\/ld+json\" class=\"yoast-schema-graph\">{\"@context\":\"https:\\\/\\\/schema.org\",\"@graph\":[{\"@type\":\"WebPage\",\"@id\":\"https:\\\/\\\/www.lojadeequipamentos.com.br\\\/loja\\\/produto\\\/pressurizador-j8815-1-3cvserie-joy-mega-press\\\/\",\"url\":\"https:\\\/\\\/www.lojadeequipamentos.com.br\\\/loja\\\/produto\\\/pressurizador-j8815-1-3cvserie-joy-mega-press\\\/\",\"name\":\"Pressurizador J8815-1 3cv\\\/Serie Joy Mega Press - Loja de Equipamentos\",\"isPartOf\":{\"@id\":\"https:\\\/\\\/www.lojadeequipamentos.com.br\\\/loja\\\/#website\"},\"primaryImageOfPage\":{\"@id\":\"https:\\\/\\\/www.lojadeequipamentos.com.br\\\/loja\\\/produto\\\/pressurizador-j8815-1-3cvserie-joy-mega-press\\\/#primaryimage\"},\"image\":{\"@id\":\"https:\\\/\\\/www.lojadeequipamentos.com.br\\\/loja\\\/produto\\\/pressurizador-j8815-1-3cvserie-joy-mega-press\\\/#primaryimage\"},\"thumbnailUrl\":\"https:\\\/\\\/www.lojadeequipamentos.com.br\\\/loja\\\/wp-content\\\/uploads\\\/2019\\\/07\\\/Joy-8805-a-8815.png\",\"datePublished\":\"2019-07-16T23:53:36+00:00\",\"dateModified\":\"2024-12-02T01:07:10+00:00\",\"description\":\"Pressurizador J8815-1 R$ 7.545,60 Bomba A\u00e7o Inox 1 Inversor de Freq\u00fc\u00eancia 1 Vaso de Expans\u00e3o 1 V\u00e1lv. de 5 vias com Reten\u00e7\u00e3o e 1 Man\u00f4m. Inox Glicerinado.\",\"breadcrumb\":{\"@id\":\"https:\\\/\\\/www.lojadeequipamentos.com.br\\\/loja\\\/produto\\\/pressurizador-j8815-1-3cvserie-joy-mega-press\\\/#breadcrumb\"},\"inLanguage\":\"pt-BR\",\"potentialAction\":[{\"@type\":\"ReadAction\",\"target\":[\"https:\\\/\\\/www.lojadeequipamentos.com.br\\\/loja\\\/produto\\\/pressurizador-j8815-1-3cvserie-joy-mega-press\\\/\"]}]},{\"@type\":\"ImageObject\",\"inLanguage\":\"pt-BR\",\"@id\":\"https:\\\/\\\/www.lojadeequipamentos.com.br\\\/loja\\\/produto\\\/pressurizador-j8815-1-3cvserie-joy-mega-press\\\/#primaryimage\",\"url\":\"https:\\\/\\\/www.lojadeequipamentos.com.br\\\/loja\\\/wp-content\\\/uploads\\\/2019\\\/07\\\/Joy-8805-a-8815.png\",\"contentUrl\":\"https:\\\/\\\/www.lojadeequipamentos.com.br\\\/loja\\\/wp-content\\\/uploads\\\/2019\\\/07\\\/Joy-8805-a-8815.png\",\"width\":234,\"height\":503,\"caption\":\"Pressuriza\u00e7\u00e3o Inox\"},{\"@type\":\"BreadcrumbList\",\"@id\":\"https:\\\/\\\/www.lojadeequipamentos.com.br\\\/loja\\\/produto\\\/pressurizador-j8815-1-3cvserie-joy-mega-press\\\/#breadcrumb\",\"itemListElement\":[{\"@type\":\"ListItem\",\"position\":1,\"name\":\"In\u00edcio\",\"item\":\"https:\\\/\\\/www.lojadeequipamentos.com.br\\\/loja\\\/\"},{\"@type\":\"ListItem\",\"position\":2,\"name\":\"Loja Virtual\",\"item\":\"https:\\\/\\\/www.lojadeequipamentos.com.br\\\/loja\\\/shop\\\/\"},{\"@type\":\"ListItem\",\"position\":3,\"name\":\"Pressurizador J8815-1 3cv\\\/Serie Joy Mega Press\"}]},{\"@type\":\"WebSite\",\"@id\":\"https:\\\/\\\/www.lojadeequipamentos.com.br\\\/loja\\\/#website\",\"url\":\"https:\\\/\\\/www.lojadeequipamentos.com.br\\\/loja\\\/\",\"name\":\"Loja de Equipamentos\",\"description\":\"\",\"potentialAction\":[{\"@type\":\"SearchAction\",\"target\":{\"@type\":\"EntryPoint\",\"urlTemplate\":\"https:\\\/\\\/www.lojadeequipamentos.com.br\\\/loja\\\/?s={search_term_string}\"},\"query-input\":{\"@type\":\"PropertyValueSpecification\",\"valueRequired\":true,\"valueName\":\"search_term_string\"}}],\"inLanguage\":\"pt-BR\"}]}<\/script>\n<!-- \/ Yoast SEO plugin. -->","yoast_head_json":{"title":"Pressurizador J8815-1 3cv\/Serie Joy Mega Press - Loja de Equipamentos","description":"Pressurizador J8815-1 R$ 7.545,60 Bomba A\u00e7o Inox 1 Inversor de Freq\u00fc\u00eancia 1 Vaso de Expans\u00e3o 1 V\u00e1lv. de 5 vias com Reten\u00e7\u00e3o e 1 Man\u00f4m. Inox Glicerinado.","robots":{"index":"index","follow":"follow","max-snippet":"max-snippet:-1","max-image-preview":"max-image-preview:large","max-video-preview":"max-video-preview:-1"},"canonical":"https:\/\/www.lojadeequipamentos.com.br\/loja\/produto\/pressurizador-j8815-1-3cvserie-joy-mega-press\/","og_locale":"pt_BR","og_type":"article","og_title":"Pressurizador J8815-1 3cv\/Serie Joy Mega Press - Loja de Equipamentos","og_description":"Pressurizador J8815-1 R$ 7.545,60 Bomba A\u00e7o Inox 1 Inversor de Freq\u00fc\u00eancia 1 Vaso de Expans\u00e3o 1 V\u00e1lv. de 5 vias com Reten\u00e7\u00e3o e 1 Man\u00f4m. Inox Glicerinado.","og_url":"https:\/\/www.lojadeequipamentos.com.br\/loja\/produto\/pressurizador-j8815-1-3cvserie-joy-mega-press\/","og_site_name":"Loja de Equipamentos","article_modified_time":"2024-12-02T01:07:10+00:00","og_image":[{"width":234,"height":503,"url":"https:\/\/www.lojadeequipamentos.com.br\/loja\/wp-content\/uploads\/2019\/07\/Joy-8805-a-8815.png","type":"image\/png"}],"twitter_card":"summary_large_image","twitter_misc":{"Est. tempo de leitura":"3 minutos"},"schema":{"@context":"https:\/\/schema.org","@graph":[{"@type":"WebPage","@id":"https:\/\/www.lojadeequipamentos.com.br\/loja\/produto\/pressurizador-j8815-1-3cvserie-joy-mega-press\/","url":"https:\/\/www.lojadeequipamentos.com.br\/loja\/produto\/pressurizador-j8815-1-3cvserie-joy-mega-press\/","name":"Pressurizador J8815-1 3cv\/Serie Joy Mega Press - Loja de Equipamentos","isPartOf":{"@id":"https:\/\/www.lojadeequipamentos.com.br\/loja\/#website"},"primaryImageOfPage":{"@id":"https:\/\/www.lojadeequipamentos.com.br\/loja\/produto\/pressurizador-j8815-1-3cvserie-joy-mega-press\/#primaryimage"},"image":{"@id":"https:\/\/www.lojadeequipamentos.com.br\/loja\/produto\/pressurizador-j8815-1-3cvserie-joy-mega-press\/#primaryimage"},"thumbnailUrl":"https:\/\/www.lojadeequipamentos.com.br\/loja\/wp-content\/uploads\/2019\/07\/Joy-8805-a-8815.png","datePublished":"2019-07-16T23:53:36+00:00","dateModified":"2024-12-02T01:07:10+00:00","description":"Pressurizador J8815-1 R$ 7.545,60 Bomba A\u00e7o Inox 1 Inversor de Freq\u00fc\u00eancia 1 Vaso de Expans\u00e3o 1 V\u00e1lv. de 5 vias com Reten\u00e7\u00e3o e 1 Man\u00f4m. Inox Glicerinado.","breadcrumb":{"@id":"https:\/\/www.lojadeequipamentos.com.br\/loja\/produto\/pressurizador-j8815-1-3cvserie-joy-mega-press\/#breadcrumb"},"inLanguage":"pt-BR","potentialAction":[{"@type":"ReadAction","target":["https:\/\/www.lojadeequipamentos.com.br\/loja\/produto\/pressurizador-j8815-1-3cvserie-joy-mega-press\/"]}]},{"@type":"ImageObject","inLanguage":"pt-BR","@id":"https:\/\/www.lojadeequipamentos.com.br\/loja\/produto\/pressurizador-j8815-1-3cvserie-joy-mega-press\/#primaryimage","url":"https:\/\/www.lojadeequipamentos.com.br\/loja\/wp-content\/uploads\/2019\/07\/Joy-8805-a-8815.png","contentUrl":"https:\/\/www.lojadeequipamentos.com.br\/loja\/wp-content\/uploads\/2019\/07\/Joy-8805-a-8815.png","width":234,"height":503,"caption":"Pressuriza\u00e7\u00e3o Inox"},{"@type":"BreadcrumbList","@id":"https:\/\/www.lojadeequipamentos.com.br\/loja\/produto\/pressurizador-j8815-1-3cvserie-joy-mega-press\/#breadcrumb","itemListElement":[{"@type":"ListItem","position":1,"name":"In\u00edcio","item":"https:\/\/www.lojadeequipamentos.com.br\/loja\/"},{"@type":"ListItem","position":2,"name":"Loja Virtual","item":"https:\/\/www.lojadeequipamentos.com.br\/loja\/shop\/"},{"@type":"ListItem","position":3,"name":"Pressurizador J8815-1 3cv\/Serie Joy Mega Press"}]},{"@type":"WebSite","@id":"https:\/\/www.lojadeequipamentos.com.br\/loja\/#website","url":"https:\/\/www.lojadeequipamentos.com.br\/loja\/","name":"Loja de Equipamentos","description":"","potentialAction":[{"@type":"SearchAction","target":{"@type":"EntryPoint","urlTemplate":"https:\/\/www.lojadeequipamentos.com.br\/loja\/?s={search_term_string}"},"query-input":{"@type":"PropertyValueSpecification","valueRequired":true,"valueName":"search_term_string"}}],"inLanguage":"pt-BR"}]}},"_links":{"self":[{"href":"https:\/\/www.lojadeequipamentos.com.br\/loja\/wp-json\/wp\/v2\/product\/3573","targetHints":{"allow":["GET"]}}],"collection":[{"href":"https:\/\/www.lojadeequipamentos.com.br\/loja\/wp-json\/wp\/v2\/product"}],"about":[{"href":"https:\/\/www.lojadeequipamentos.com.br\/loja\/wp-json\/wp\/v2\/types\/product"}],"replies":[{"embeddable":true,"href":"https:\/\/www.lojadeequipamentos.com.br\/loja\/wp-json\/wp\/v2\/comments?post=3573"}],"wp:featuredmedia":[{"embeddable":true,"href":"https:\/\/www.lojadeequipamentos.com.br\/loja\/wp-json\/wp\/v2\/media\/3713"}],"wp:attachment":[{"href":"https:\/\/www.lojadeequipamentos.com.br\/loja\/wp-json\/wp\/v2\/media?parent=3573"}],"wp:term":[{"taxonomy":"product_brand","embeddable":true,"href":"https:\/\/www.lojadeequipamentos.com.br\/loja\/wp-json\/wp\/v2\/product_brand?post=3573"},{"taxonomy":"product_cat","embeddable":true,"href":"https:\/\/www.lojadeequipamentos.com.br\/loja\/wp-json\/wp\/v2\/product_cat?post=3573"},{"taxonomy":"product_tag","embeddable":true,"href":"https:\/\/www.lojadeequipamentos.com.br\/loja\/wp-json\/wp\/v2\/product_tag?post=3573"}],"curies":[{"name":"wp","href":"https:\/\/api.w.org\/{rel}","templated":true}]}}