{"id":3556,"date":"2019-07-16T15:38:09","date_gmt":"2019-07-16T15:38:09","guid":{"rendered":"http:\/\/www.lojadeequipamentos.com.br\/loja\/?post_type=product&#038;p=3556"},"modified":"2020-06-11T23:46:07","modified_gmt":"2020-06-11T23:46:07","slug":"sauna-vapor-gerador-de-vapor-6kw-hot-field","status":"publish","type":"product","link":"https:\/\/www.lojadeequipamentos.com.br\/loja\/produto\/sauna-vapor-gerador-de-vapor-6kw-hot-field\/","title":{"rendered":"Sauna Vapor \/ Gerador de Vapor 6Kw &#8211; Hot Field"},"content":{"rendered":"<p><strong>Sauna Vapor \/ Gerador de Vapor 6Kw - Hot Field<\/strong><br \/>\nDescri\u00e7\u00e3o: Sauna Vapor \/ Gerador de Vapor 6Kw - Hot Field \/ Namarra, cilindro\/tanque interno em a\u00e7o inox 304, isolamento t\u00e9rmico interno em l\u00e3 de vidro, chapa externa de acabamento em a\u00e7o inox espelhado 430 na parte traseira e nas laterais, chapa galvanizada com pintura automotiva em preto no frontal, resist\u00eancia blindada, boia mec\u00e2nica para gest\u00e3o de n\u00edvel e boia el\u00e9trica para falta de \u00e1gua (cortando a alimenta\u00e7\u00e3o el\u00e9trica na falta de \u00e1gua), painel de comando com termostato anal\u00f3gico, conex\u00e3o rosqueada de sa\u00edda de vapor de 1.1\/2\".<br \/>\n<strong>Produto sob encomenda especial. Fique atento aos nossos prazos especiais para este tipo de produto.<\/strong><br \/>\nTipo de Instala\u00e7\u00e3o: esta caldeira <strong> n\u00e3o permite instala\u00e7\u00e3o hidr\u00e1ulica de insufla\u00e7\u00e3o sifonada e com desn\u00edvel vertical<\/strong>, tendo no m\u00e1ximo 2m de comprimento.<br \/>\nDimensionamento da cabine: regi\u00f5es frias ate 07m\u00b3 e regi\u00f5es quentes ate 09m\u00b3.<br \/>\nMedida e Peso: profundidade 285mm x altura 540mm x comprimento 530mm, peso de 12,100gr.<br \/>\nGarantia: Tanque 01 ano contra defeito de fabrica\u00e7\u00e3o.(acompanha instru\u00e7\u00f5es e certificado de garantia do fabricante), Resist\u00eancia 90 dias e Termostato 90 dias<br \/>\nUso: somente \u00e1gua pot\u00e1vel, instala\u00e7\u00e3o de 01 filtro de linha e vaz\u00e3o minima de abastecimento de \u00e1gua de 80 litros\/hora (1,33L\/minuto)<br \/>\nOp\u00e7\u00f5es el\u00e9tricas: resist\u00eancia 6Kw\/220Bif., 6Kw\/220trif. e 6Kw\/380trif.<br \/>\nOp\u00e7\u00f5es de Comando: somente painel de comando com termostato anal\u00f3gico.<br \/>\nAcompanha: 01 mangueira para entrada de \u00e1gua.<br \/>\n<strong>OBS:<\/strong> o Dispositivo Residual(DR) deve ser instalado em linha com o disjuntor que devera ser instalado no seu quadro de luz(QDL), quadro de distribui\u00e7\u00e3o el\u00e9trica (QDE) ou no quadro de for\u00e7a(QDF).A fun\u00e7\u00e3o do DR de Seguran\u00e7a, \u00e9 desativar automaticamente o equipamento sempre que existir uma corrente de fuga no circuito el\u00e9trico. Usar somente um DR de 30mA (alta sensibilidade).\u00c9 imprescind\u00edvel a instala\u00e7\u00e3o de um aterramento para a Sauna.<\/p>\n<p>Visite nosso facebook: <a href=\"http:\/\/www.facebook.com\/lojadeequipamentos\" target=\"_blank\">facebook\/lojadeequipamentos<\/a><\/p>\n","protected":false},"excerpt":{"rendered":"<strong>Sauna Vapor \/ Gerador de Vapor 6Kw - Hot Field \/ Namarra<\/strong>","protected":false},"featured_media":3718,"comment_status":"open","ping_status":"closed","template":"","meta":{"_links_to":"","_links_to_target":""},"product_brand":[],"product_cat":[4410],"product_tag":[1821,1995,1996,2000,1999,1997,1998,2002,1990,1989,671,1994,1340,1992,2003,1993,1991,2001,993,1221],"class_list":{"0":"post-3556","1":"product","2":"type-product","3":"status-publish","4":"has-post-thumbnail","6":"product_cat-sem-categoria","7":"product_tag-aquecedores-namarra","8":"product_tag-gerador-de-vapor-hot-field","9":"product_tag-gerador-vapor-6kw","10":"product_tag-gerador-vapor-6kw-hot-field","11":"product_tag-gerador-vapor-6kw-namarra","12":"product_tag-gerador-vapor-hot-field-6kw","13":"product_tag-gerador-vapor-namarra","14":"product_tag-gerador-vapor-namarra-6kw","15":"product_tag-sauna-incisor","16":"product_tag-sauna-namarra","17":"product_tag-sauna-vapor-6kw","18":"product_tag-sauna-vapor-6kw-hot-field","19":"product_tag-sauna-vapor-6kw-namarra","20":"product_tag-sauna-vapor-hot-field","21":"product_tag-sauna-vapor-hot-field-6kw","22":"product_tag-sauna-vapor-hot-field-namarra","23":"product_tag-sauna-vapor-incisor","24":"product_tag-sauna-vapor-inox","25":"product_tag-sauna-vapor-namarra","26":"product_tag-sauna-vapor-namarra-6kw","28":"first","29":"instock","30":"shipping-taxable","31":"purchasable","32":"product-type-simple"},"yoast_head":"<!-- This site is optimized with the Yoast SEO plugin v27.3 - https:\/\/yoast.com\/product\/yoast-seo-wordpress\/ -->\n<title>Sauna Vapor \/ Gerador de Vapor 6Kw - Hot Field - Loja de Equipamentos<\/title>\n<meta name=\"description\" content=\"Sauna Vapor \/ 6Kw - Hot Field, cilindro\/tanque interno em a\u00e7o inox 304, boia mec\u00e2nica para gest\u00e3o de n\u00edvel e boia el\u00e9trica, painel c\/ termostato anal\u00f3gico,\" \/>\n<meta name=\"robots\" content=\"index, follow, max-snippet:-1, max-image-preview:large, max-video-preview:-1\" \/>\n<link rel=\"canonical\" href=\"https:\/\/www.lojadeequipamentos.com.br\/loja\/produto\/sauna-vapor-gerador-de-vapor-6kw-hot-field\/\" \/>\n<meta property=\"og:locale\" content=\"pt_BR\" \/>\n<meta property=\"og:type\" content=\"article\" \/>\n<meta property=\"og:title\" content=\"Sauna Vapor \/ Gerador de Vapor 6Kw - Hot Field - Loja de Equipamentos\" \/>\n<meta property=\"og:description\" content=\"Sauna Vapor \/ 6Kw - Hot Field, cilindro\/tanque interno em a\u00e7o inox 304, boia mec\u00e2nica para gest\u00e3o de n\u00edvel e boia el\u00e9trica, painel c\/ termostato anal\u00f3gico,\" \/>\n<meta property=\"og:url\" content=\"https:\/\/www.lojadeequipamentos.com.br\/loja\/produto\/sauna-vapor-gerador-de-vapor-6kw-hot-field\/\" \/>\n<meta property=\"og:site_name\" content=\"Loja de Equipamentos\" \/>\n<meta property=\"article:modified_time\" content=\"2020-06-11T23:46:07+00:00\" \/>\n<meta property=\"og:image\" content=\"https:\/\/www.lojadeequipamentos.com.br\/loja\/wp-content\/uploads\/2019\/07\/Gerador-Vapor-Hot-Field.png\" \/>\n\t<meta property=\"og:image:width\" content=\"260\" \/>\n\t<meta property=\"og:image:height\" content=\"260\" \/>\n\t<meta property=\"og:image:type\" content=\"image\/png\" \/>\n<meta name=\"twitter:card\" content=\"summary_large_image\" \/>\n<meta name=\"twitter:label1\" content=\"Est. tempo de leitura\" \/>\n\t<meta name=\"twitter:data1\" content=\"2 minutos\" \/>\n<script type=\"application\/ld+json\" class=\"yoast-schema-graph\">{\"@context\":\"https:\\\/\\\/schema.org\",\"@graph\":[{\"@type\":\"WebPage\",\"@id\":\"https:\\\/\\\/www.lojadeequipamentos.com.br\\\/loja\\\/produto\\\/sauna-vapor-gerador-de-vapor-6kw-hot-field\\\/\",\"url\":\"https:\\\/\\\/www.lojadeequipamentos.com.br\\\/loja\\\/produto\\\/sauna-vapor-gerador-de-vapor-6kw-hot-field\\\/\",\"name\":\"Sauna Vapor \\\/ Gerador de Vapor 6Kw - Hot Field - Loja de Equipamentos\",\"isPartOf\":{\"@id\":\"https:\\\/\\\/www.lojadeequipamentos.com.br\\\/loja\\\/#website\"},\"primaryImageOfPage\":{\"@id\":\"https:\\\/\\\/www.lojadeequipamentos.com.br\\\/loja\\\/produto\\\/sauna-vapor-gerador-de-vapor-6kw-hot-field\\\/#primaryimage\"},\"image\":{\"@id\":\"https:\\\/\\\/www.lojadeequipamentos.com.br\\\/loja\\\/produto\\\/sauna-vapor-gerador-de-vapor-6kw-hot-field\\\/#primaryimage\"},\"thumbnailUrl\":\"https:\\\/\\\/www.lojadeequipamentos.com.br\\\/loja\\\/wp-content\\\/uploads\\\/2019\\\/07\\\/Gerador-Vapor-Hot-Field.png\",\"datePublished\":\"2019-07-16T15:38:09+00:00\",\"dateModified\":\"2020-06-11T23:46:07+00:00\",\"description\":\"Sauna Vapor \\\/ 6Kw - Hot Field, cilindro\\\/tanque interno em a\u00e7o inox 304, boia mec\u00e2nica para gest\u00e3o de n\u00edvel e boia el\u00e9trica, painel c\\\/ termostato anal\u00f3gico,\",\"breadcrumb\":{\"@id\":\"https:\\\/\\\/www.lojadeequipamentos.com.br\\\/loja\\\/produto\\\/sauna-vapor-gerador-de-vapor-6kw-hot-field\\\/#breadcrumb\"},\"inLanguage\":\"pt-BR\",\"potentialAction\":[{\"@type\":\"ReadAction\",\"target\":[\"https:\\\/\\\/www.lojadeequipamentos.com.br\\\/loja\\\/produto\\\/sauna-vapor-gerador-de-vapor-6kw-hot-field\\\/\"]}]},{\"@type\":\"ImageObject\",\"inLanguage\":\"pt-BR\",\"@id\":\"https:\\\/\\\/www.lojadeequipamentos.com.br\\\/loja\\\/produto\\\/sauna-vapor-gerador-de-vapor-6kw-hot-field\\\/#primaryimage\",\"url\":\"https:\\\/\\\/www.lojadeequipamentos.com.br\\\/loja\\\/wp-content\\\/uploads\\\/2019\\\/07\\\/Gerador-Vapor-Hot-Field.png\",\"contentUrl\":\"https:\\\/\\\/www.lojadeequipamentos.com.br\\\/loja\\\/wp-content\\\/uploads\\\/2019\\\/07\\\/Gerador-Vapor-Hot-Field.png\",\"width\":260,\"height\":260,\"caption\":\"Sauna Vapor Hot Field\"},{\"@type\":\"BreadcrumbList\",\"@id\":\"https:\\\/\\\/www.lojadeequipamentos.com.br\\\/loja\\\/produto\\\/sauna-vapor-gerador-de-vapor-6kw-hot-field\\\/#breadcrumb\",\"itemListElement\":[{\"@type\":\"ListItem\",\"position\":1,\"name\":\"In\u00edcio\",\"item\":\"https:\\\/\\\/www.lojadeequipamentos.com.br\\\/loja\\\/\"},{\"@type\":\"ListItem\",\"position\":2,\"name\":\"Loja Virtual\",\"item\":\"https:\\\/\\\/www.lojadeequipamentos.com.br\\\/loja\\\/shop\\\/\"},{\"@type\":\"ListItem\",\"position\":3,\"name\":\"Sauna Vapor \\\/ Gerador de Vapor 6Kw &#8211; Hot Field\"}]},{\"@type\":\"WebSite\",\"@id\":\"https:\\\/\\\/www.lojadeequipamentos.com.br\\\/loja\\\/#website\",\"url\":\"https:\\\/\\\/www.lojadeequipamentos.com.br\\\/loja\\\/\",\"name\":\"Loja de Equipamentos\",\"description\":\"\",\"potentialAction\":[{\"@type\":\"SearchAction\",\"target\":{\"@type\":\"EntryPoint\",\"urlTemplate\":\"https:\\\/\\\/www.lojadeequipamentos.com.br\\\/loja\\\/?s={search_term_string}\"},\"query-input\":{\"@type\":\"PropertyValueSpecification\",\"valueRequired\":true,\"valueName\":\"search_term_string\"}}],\"inLanguage\":\"pt-BR\"}]}<\/script>\n<!-- \/ Yoast SEO plugin. -->","yoast_head_json":{"title":"Sauna Vapor \/ Gerador de Vapor 6Kw - Hot Field - Loja de Equipamentos","description":"Sauna Vapor \/ 6Kw - Hot Field, cilindro\/tanque interno em a\u00e7o inox 304, boia mec\u00e2nica para gest\u00e3o de n\u00edvel e boia el\u00e9trica, painel c\/ termostato anal\u00f3gico,","robots":{"index":"index","follow":"follow","max-snippet":"max-snippet:-1","max-image-preview":"max-image-preview:large","max-video-preview":"max-video-preview:-1"},"canonical":"https:\/\/www.lojadeequipamentos.com.br\/loja\/produto\/sauna-vapor-gerador-de-vapor-6kw-hot-field\/","og_locale":"pt_BR","og_type":"article","og_title":"Sauna Vapor \/ Gerador de Vapor 6Kw - Hot Field - Loja de Equipamentos","og_description":"Sauna Vapor \/ 6Kw - Hot Field, cilindro\/tanque interno em a\u00e7o inox 304, boia mec\u00e2nica para gest\u00e3o de n\u00edvel e boia el\u00e9trica, painel c\/ termostato anal\u00f3gico,","og_url":"https:\/\/www.lojadeequipamentos.com.br\/loja\/produto\/sauna-vapor-gerador-de-vapor-6kw-hot-field\/","og_site_name":"Loja de Equipamentos","article_modified_time":"2020-06-11T23:46:07+00:00","og_image":[{"width":260,"height":260,"url":"https:\/\/www.lojadeequipamentos.com.br\/loja\/wp-content\/uploads\/2019\/07\/Gerador-Vapor-Hot-Field.png","type":"image\/png"}],"twitter_card":"summary_large_image","twitter_misc":{"Est. tempo de leitura":"2 minutos"},"schema":{"@context":"https:\/\/schema.org","@graph":[{"@type":"WebPage","@id":"https:\/\/www.lojadeequipamentos.com.br\/loja\/produto\/sauna-vapor-gerador-de-vapor-6kw-hot-field\/","url":"https:\/\/www.lojadeequipamentos.com.br\/loja\/produto\/sauna-vapor-gerador-de-vapor-6kw-hot-field\/","name":"Sauna Vapor \/ Gerador de Vapor 6Kw - Hot Field - Loja de Equipamentos","isPartOf":{"@id":"https:\/\/www.lojadeequipamentos.com.br\/loja\/#website"},"primaryImageOfPage":{"@id":"https:\/\/www.lojadeequipamentos.com.br\/loja\/produto\/sauna-vapor-gerador-de-vapor-6kw-hot-field\/#primaryimage"},"image":{"@id":"https:\/\/www.lojadeequipamentos.com.br\/loja\/produto\/sauna-vapor-gerador-de-vapor-6kw-hot-field\/#primaryimage"},"thumbnailUrl":"https:\/\/www.lojadeequipamentos.com.br\/loja\/wp-content\/uploads\/2019\/07\/Gerador-Vapor-Hot-Field.png","datePublished":"2019-07-16T15:38:09+00:00","dateModified":"2020-06-11T23:46:07+00:00","description":"Sauna Vapor \/ 6Kw - Hot Field, cilindro\/tanque interno em a\u00e7o inox 304, boia mec\u00e2nica para gest\u00e3o de n\u00edvel e boia el\u00e9trica, painel c\/ termostato anal\u00f3gico,","breadcrumb":{"@id":"https:\/\/www.lojadeequipamentos.com.br\/loja\/produto\/sauna-vapor-gerador-de-vapor-6kw-hot-field\/#breadcrumb"},"inLanguage":"pt-BR","potentialAction":[{"@type":"ReadAction","target":["https:\/\/www.lojadeequipamentos.com.br\/loja\/produto\/sauna-vapor-gerador-de-vapor-6kw-hot-field\/"]}]},{"@type":"ImageObject","inLanguage":"pt-BR","@id":"https:\/\/www.lojadeequipamentos.com.br\/loja\/produto\/sauna-vapor-gerador-de-vapor-6kw-hot-field\/#primaryimage","url":"https:\/\/www.lojadeequipamentos.com.br\/loja\/wp-content\/uploads\/2019\/07\/Gerador-Vapor-Hot-Field.png","contentUrl":"https:\/\/www.lojadeequipamentos.com.br\/loja\/wp-content\/uploads\/2019\/07\/Gerador-Vapor-Hot-Field.png","width":260,"height":260,"caption":"Sauna Vapor Hot Field"},{"@type":"BreadcrumbList","@id":"https:\/\/www.lojadeequipamentos.com.br\/loja\/produto\/sauna-vapor-gerador-de-vapor-6kw-hot-field\/#breadcrumb","itemListElement":[{"@type":"ListItem","position":1,"name":"In\u00edcio","item":"https:\/\/www.lojadeequipamentos.com.br\/loja\/"},{"@type":"ListItem","position":2,"name":"Loja Virtual","item":"https:\/\/www.lojadeequipamentos.com.br\/loja\/shop\/"},{"@type":"ListItem","position":3,"name":"Sauna Vapor \/ Gerador de Vapor 6Kw &#8211; Hot Field"}]},{"@type":"WebSite","@id":"https:\/\/www.lojadeequipamentos.com.br\/loja\/#website","url":"https:\/\/www.lojadeequipamentos.com.br\/loja\/","name":"Loja de Equipamentos","description":"","potentialAction":[{"@type":"SearchAction","target":{"@type":"EntryPoint","urlTemplate":"https:\/\/www.lojadeequipamentos.com.br\/loja\/?s={search_term_string}"},"query-input":{"@type":"PropertyValueSpecification","valueRequired":true,"valueName":"search_term_string"}}],"inLanguage":"pt-BR"}]}},"_links":{"self":[{"href":"https:\/\/www.lojadeequipamentos.com.br\/loja\/wp-json\/wp\/v2\/product\/3556","targetHints":{"allow":["GET"]}}],"collection":[{"href":"https:\/\/www.lojadeequipamentos.com.br\/loja\/wp-json\/wp\/v2\/product"}],"about":[{"href":"https:\/\/www.lojadeequipamentos.com.br\/loja\/wp-json\/wp\/v2\/types\/product"}],"replies":[{"embeddable":true,"href":"https:\/\/www.lojadeequipamentos.com.br\/loja\/wp-json\/wp\/v2\/comments?post=3556"}],"wp:featuredmedia":[{"embeddable":true,"href":"https:\/\/www.lojadeequipamentos.com.br\/loja\/wp-json\/wp\/v2\/media\/3718"}],"wp:attachment":[{"href":"https:\/\/www.lojadeequipamentos.com.br\/loja\/wp-json\/wp\/v2\/media?parent=3556"}],"wp:term":[{"taxonomy":"product_brand","embeddable":true,"href":"https:\/\/www.lojadeequipamentos.com.br\/loja\/wp-json\/wp\/v2\/product_brand?post=3556"},{"taxonomy":"product_cat","embeddable":true,"href":"https:\/\/www.lojadeequipamentos.com.br\/loja\/wp-json\/wp\/v2\/product_cat?post=3556"},{"taxonomy":"product_tag","embeddable":true,"href":"https:\/\/www.lojadeequipamentos.com.br\/loja\/wp-json\/wp\/v2\/product_tag?post=3556"}],"curies":[{"name":"wp","href":"https:\/\/api.w.org\/{rel}","templated":true}]}}