{"id":3494,"date":"2019-07-06T02:27:56","date_gmt":"2019-07-06T02:27:56","guid":{"rendered":"http:\/\/www.lojadeequipamentos.com.br\/loja\/?post_type=product&#038;p=3494"},"modified":"2024-12-02T00:40:40","modified_gmt":"2024-12-02T00:40:40","slug":"bomba-circulacao-pressao-em-bronze-mhb-300","status":"publish","type":"product","link":"https:\/\/www.lojadeequipamentos.com.br\/loja\/produto\/bomba-circulacao-pressao-em-bronze-mhb-300\/","title":{"rendered":"Bomba Circula\u00e7\u00e3o\/Press\u00e3o em Bronze &#8211; MHB 300"},"content":{"rendered":"<p><strong>Bomba Circula\u00e7\u00e3o\/Press\u00e3o em Bronze - MHB 300<\/strong><br \/>\nLinha MHB 300, Megapress, Bomba de Circula\u00e7\u00e3o\/Press\u00e3o em Bronze com o Corpo em Bronze, Rotores\/Conex\u00f5es de Suc\u00e7\u00e3o e Recalque em Bronze com mais resist\u00eancia \u00e0 oxida\u00e7\u00e3o e \u00e1guas mais agressivas, temperaturas de uso de 0\u00baC at\u00e9 95\u00baC., Opera com Controle Autom\u00e1tico de Fluxo, N\u00e3o produz Golpe de Ar\u00edete, Op\u00e7\u00e3o de Ajuste de 03 velocidades atrav\u00e9s de chave no painel de comando integrado a bomba.<br \/>\nPrincipais Caracter\u00edsticas: Compacta, Silenciosa, Resistente a Corros\u00e3o, Efici\u00eancia, Desempenhos Ajust\u00e1veis, Grande Durabilidade em contato com L\u00edquidos N\u00e3o Corrosivos circulantes no Rotor de Propuls\u00e3o.<br \/>\nAplica\u00e7\u00e3o Usual: Sistemas de Circula\u00e7\u00e3o de \u00c1gua; Sistemas de Recircula\u00e7\u00e3o em Circuitos Fechados, Sistemas Solares, Aumento de Vaz\u00e3o Liquida Pontual, Sistema de Centrais T\u00e9rmicas, Sistemas de Aquecimento para Murais; Sistemas de Irriga\u00e7\u00e3o Pontual, Fontes de \u00c1gua Decorativas.<br \/>\n(Todas as especifica\u00e7\u00f5es acima mencionadas servem como uma orienta\u00e7\u00e3o geral e devem ser revistas dependendo das condi\u00e7\u00f5es espec\u00edficas de uso)<\/p>\n<p>Informa\u00e7\u00f5es T\u00e9cnicas MHB 300<br \/>\nTens\u00e3o: 220V.<br \/>\nCorrente Max. de Consumo: 1,38A<br \/>\n03 Velocidades Ajust\u00e1veis<br \/>\nPot\u00eancia do Motor: 0,265cv\/195W \u2013 0,333cv\/245W \u2013 0,415cv\/305W<br \/>\nFrequ\u00eancia: 60 Hz<br \/>\nGrau de Prote\u00e7\u00e3o: IP 42 (Prote\u00e7\u00e3o contra objetos s\u00f3lidos com 1,0 mm de di\u00e2metro ou mais e Protegido contra gotas que caiam na vertical com corpo inclinado a at\u00e9 15\u00b0)<br \/>\nClasse de Isolamento: F (opera em temperaturas internas de 155 \u00b0C, com picos de 180 \u00b0C, e est\u00e3o sujeitos a ciclos de opera\u00e7\u00e3o exigentes que frequentemente consistem em at\u00e9 100 partidas por hora. )<\/p>\n<p>Vaz\u00f5es: 43L\/Min.\/2,58m\u00b3\/h \u2013 51L\/Min.\/3,06m\u00b3\/h \u2013 64\/Min.\/3,84m\u00b3\/h.<br \/>\nPress\u00e3o Max.: 15,0 mca<br \/>\nFaixa de Temperatura do L\u00edquido: 0\u00baC a 95\u00baC<br \/>\nRu\u00eddo: 00 db<br \/>\nConex\u00e3o de Suc\u00e7\u00e3o\/Entrada: 3\/4\u201d Macho<br \/>\nConex\u00e3o de Recalque\/Sa\u00edda: 3\/4\u201d Macho<br \/>\nObs: acompanha 01 chave allen e 02 conectores macho \/ uni\u00e3o com oring de veda\u00e7\u00e3o<br \/>\nCabo e Plug: Padr\u00e3o Norma Brasileira<br \/>\nPeso (Kg): 4,7 KG<br \/>\nObs: favor ler o manual enviado junto a bomba, para a correta instala\u00e7\u00e3o quanto a posi\u00e7\u00e3o da bomba em rela\u00e7\u00e3o a hidr\u00e1ulica existente.<\/p>\n<p><strong>FAVOR ENTRAR EM CONTATO PARA COTA\u00c7\u00c3O DE FRETE<\/strong><\/p>\n<p><a href=\"https:\/\/api.whatsapp.com\/send?phone=5521964144201\"><img loading=\"lazy\" decoding=\"async\" class=\"alignnone size-full wp-image-4307\" src=\"http:\/\/www.lojadeequipamentos.com.br\/loja\/wp-content\/uploads\/2020\/08\/botao_whatsapp.png\" alt=\"botao_whatsapp\" width=\"226\" height=\"82\" \/><\/a><\/p>\n","protected":false},"excerpt":{"rendered":"<strong>Bomba Circula\u00e7\u00e3o\/Press\u00e3o em Bronze - MHB 300<\/strong>","protected":false},"featured_media":3706,"comment_status":"open","ping_status":"closed","template":"","meta":{"_links_to":"","_links_to_target":""},"product_brand":[],"product_cat":[4471],"product_tag":[1892,1884,4812,1885,1984,1985,1887,4813,1888,4815,1894,1891,4814,4475,1886,4474,4472,1883,1895,1893,4473,1983],"class_list":{"0":"post-3494","1":"product","2":"type-product","3":"status-publish","4":"has-post-thumbnail","6":"product_cat-bomba-circulacao-pressao","7":"product_tag-bomba-auxiliar-para-aquecedor","8":"product_tag-bomba-bronze-2","9":"product_tag-bomba-bronze-300w","10":"product_tag-bomba-bronze-megapress","11":"product_tag-bomba-bronze-megapress-mhb-300","12":"product_tag-bomba-bronze-mhb-300","13":"product_tag-bomba-circulacao","14":"product_tag-bomba-circulacao-300w","15":"product_tag-bomba-circulacao-bronze-2","16":"product_tag-bomba-circulacao-bronze-300w","17":"product_tag-bomba-circulacao-bronze-mhb-300","18":"product_tag-bomba-circulacao-megapress","19":"product_tag-bomba-circulacao-megapress-300w","20":"product_tag-bomba-circulacao-megapress-bronze","21":"product_tag-bomba-de-circulacao","22":"product_tag-bomba-de-pressao-megapress-bronze","23":"product_tag-bomba-de-pressao-mhb-300","24":"product_tag-bomba-em-bronze","25":"product_tag-bomba-mhb-300","26":"product_tag-bomba-para-aquecedor-a-gas","27":"product_tag-bomba-pressao-bronze","28":"product_tag-megapress-mhb-300","30":"first","31":"instock","32":"shipping-taxable","33":"purchasable","34":"product-type-simple"},"yoast_head":"<!-- This site is optimized with the Yoast SEO plugin v27.3 - https:\/\/yoast.com\/product\/yoast-seo-wordpress\/ -->\n<title>Bomba Circula\u00e7\u00e3o\/Press\u00e3o em Bronze - MHB 300 - Loja de Equipamentos<\/title>\n<meta name=\"description\" content=\"Bomba Circula\u00e7\u00e3o\/Press\u00e3o em Bronze R$ 1.168,20 300W Corpo em Bronze, Rotores\/Conex\u00f5es de Suc\u00e7\u00e3o e Recalque em Bronze resist\u00eancia \u00e0 oxida\u00e7\u00e3o e \u00e1guas agressivas\" \/>\n<meta name=\"robots\" content=\"index, follow, max-snippet:-1, max-image-preview:large, max-video-preview:-1\" \/>\n<link rel=\"canonical\" href=\"https:\/\/www.lojadeequipamentos.com.br\/loja\/produto\/bomba-circulacao-pressao-em-bronze-mhb-300\/\" \/>\n<meta property=\"og:locale\" content=\"pt_BR\" \/>\n<meta property=\"og:type\" content=\"article\" \/>\n<meta property=\"og:title\" content=\"Bomba Circula\u00e7\u00e3o\/Press\u00e3o em Bronze - MHB 300 - Loja de Equipamentos\" \/>\n<meta property=\"og:description\" content=\"Bomba Circula\u00e7\u00e3o\/Press\u00e3o em Bronze R$ 1.168,20 300W Corpo em Bronze, Rotores\/Conex\u00f5es de Suc\u00e7\u00e3o e Recalque em Bronze resist\u00eancia \u00e0 oxida\u00e7\u00e3o e \u00e1guas agressivas\" \/>\n<meta property=\"og:url\" content=\"https:\/\/www.lojadeequipamentos.com.br\/loja\/produto\/bomba-circulacao-pressao-em-bronze-mhb-300\/\" \/>\n<meta property=\"og:site_name\" content=\"Loja de Equipamentos\" \/>\n<meta property=\"article:modified_time\" content=\"2024-12-02T00:40:40+00:00\" \/>\n<meta property=\"og:image\" content=\"https:\/\/www.lojadeequipamentos.com.br\/loja\/wp-content\/uploads\/2019\/07\/MHB-300.jpg\" \/>\n\t<meta property=\"og:image:width\" content=\"442\" \/>\n\t<meta property=\"og:image:height\" content=\"453\" \/>\n\t<meta property=\"og:image:type\" content=\"image\/jpeg\" \/>\n<meta name=\"twitter:card\" content=\"summary_large_image\" \/>\n<meta name=\"twitter:label1\" content=\"Est. tempo de leitura\" \/>\n\t<meta name=\"twitter:data1\" content=\"3 minutos\" \/>\n<script type=\"application\/ld+json\" class=\"yoast-schema-graph\">{\"@context\":\"https:\\\/\\\/schema.org\",\"@graph\":[{\"@type\":\"WebPage\",\"@id\":\"https:\\\/\\\/www.lojadeequipamentos.com.br\\\/loja\\\/produto\\\/bomba-circulacao-pressao-em-bronze-mhb-300\\\/\",\"url\":\"https:\\\/\\\/www.lojadeequipamentos.com.br\\\/loja\\\/produto\\\/bomba-circulacao-pressao-em-bronze-mhb-300\\\/\",\"name\":\"Bomba Circula\u00e7\u00e3o\\\/Press\u00e3o em Bronze - MHB 300 - Loja de Equipamentos\",\"isPartOf\":{\"@id\":\"https:\\\/\\\/www.lojadeequipamentos.com.br\\\/loja\\\/#website\"},\"primaryImageOfPage\":{\"@id\":\"https:\\\/\\\/www.lojadeequipamentos.com.br\\\/loja\\\/produto\\\/bomba-circulacao-pressao-em-bronze-mhb-300\\\/#primaryimage\"},\"image\":{\"@id\":\"https:\\\/\\\/www.lojadeequipamentos.com.br\\\/loja\\\/produto\\\/bomba-circulacao-pressao-em-bronze-mhb-300\\\/#primaryimage\"},\"thumbnailUrl\":\"https:\\\/\\\/www.lojadeequipamentos.com.br\\\/loja\\\/wp-content\\\/uploads\\\/2019\\\/07\\\/MHB-300.jpg\",\"datePublished\":\"2019-07-06T02:27:56+00:00\",\"dateModified\":\"2024-12-02T00:40:40+00:00\",\"description\":\"Bomba Circula\u00e7\u00e3o\\\/Press\u00e3o em Bronze R$ 1.168,20 300W Corpo em Bronze, Rotores\\\/Conex\u00f5es de Suc\u00e7\u00e3o e Recalque em Bronze resist\u00eancia \u00e0 oxida\u00e7\u00e3o e \u00e1guas agressivas\",\"breadcrumb\":{\"@id\":\"https:\\\/\\\/www.lojadeequipamentos.com.br\\\/loja\\\/produto\\\/bomba-circulacao-pressao-em-bronze-mhb-300\\\/#breadcrumb\"},\"inLanguage\":\"pt-BR\",\"potentialAction\":[{\"@type\":\"ReadAction\",\"target\":[\"https:\\\/\\\/www.lojadeequipamentos.com.br\\\/loja\\\/produto\\\/bomba-circulacao-pressao-em-bronze-mhb-300\\\/\"]}]},{\"@type\":\"ImageObject\",\"inLanguage\":\"pt-BR\",\"@id\":\"https:\\\/\\\/www.lojadeequipamentos.com.br\\\/loja\\\/produto\\\/bomba-circulacao-pressao-em-bronze-mhb-300\\\/#primaryimage\",\"url\":\"https:\\\/\\\/www.lojadeequipamentos.com.br\\\/loja\\\/wp-content\\\/uploads\\\/2019\\\/07\\\/MHB-300.jpg\",\"contentUrl\":\"https:\\\/\\\/www.lojadeequipamentos.com.br\\\/loja\\\/wp-content\\\/uploads\\\/2019\\\/07\\\/MHB-300.jpg\",\"width\":442,\"height\":453,\"caption\":\"Bomba Circ. Bronze\"},{\"@type\":\"BreadcrumbList\",\"@id\":\"https:\\\/\\\/www.lojadeequipamentos.com.br\\\/loja\\\/produto\\\/bomba-circulacao-pressao-em-bronze-mhb-300\\\/#breadcrumb\",\"itemListElement\":[{\"@type\":\"ListItem\",\"position\":1,\"name\":\"In\u00edcio\",\"item\":\"https:\\\/\\\/www.lojadeequipamentos.com.br\\\/loja\\\/\"},{\"@type\":\"ListItem\",\"position\":2,\"name\":\"Loja Virtual\",\"item\":\"https:\\\/\\\/www.lojadeequipamentos.com.br\\\/loja\\\/shop\\\/\"},{\"@type\":\"ListItem\",\"position\":3,\"name\":\"Bomba Circula\u00e7\u00e3o\\\/Press\u00e3o em Bronze &#8211; MHB 300\"}]},{\"@type\":\"WebSite\",\"@id\":\"https:\\\/\\\/www.lojadeequipamentos.com.br\\\/loja\\\/#website\",\"url\":\"https:\\\/\\\/www.lojadeequipamentos.com.br\\\/loja\\\/\",\"name\":\"Loja de Equipamentos\",\"description\":\"\",\"potentialAction\":[{\"@type\":\"SearchAction\",\"target\":{\"@type\":\"EntryPoint\",\"urlTemplate\":\"https:\\\/\\\/www.lojadeequipamentos.com.br\\\/loja\\\/?s={search_term_string}\"},\"query-input\":{\"@type\":\"PropertyValueSpecification\",\"valueRequired\":true,\"valueName\":\"search_term_string\"}}],\"inLanguage\":\"pt-BR\"}]}<\/script>\n<!-- \/ Yoast SEO plugin. -->","yoast_head_json":{"title":"Bomba Circula\u00e7\u00e3o\/Press\u00e3o em Bronze - MHB 300 - Loja de Equipamentos","description":"Bomba Circula\u00e7\u00e3o\/Press\u00e3o em Bronze R$ 1.168,20 300W Corpo em Bronze, Rotores\/Conex\u00f5es de Suc\u00e7\u00e3o e Recalque em Bronze resist\u00eancia \u00e0 oxida\u00e7\u00e3o e \u00e1guas agressivas","robots":{"index":"index","follow":"follow","max-snippet":"max-snippet:-1","max-image-preview":"max-image-preview:large","max-video-preview":"max-video-preview:-1"},"canonical":"https:\/\/www.lojadeequipamentos.com.br\/loja\/produto\/bomba-circulacao-pressao-em-bronze-mhb-300\/","og_locale":"pt_BR","og_type":"article","og_title":"Bomba Circula\u00e7\u00e3o\/Press\u00e3o em Bronze - MHB 300 - Loja de Equipamentos","og_description":"Bomba Circula\u00e7\u00e3o\/Press\u00e3o em Bronze R$ 1.168,20 300W Corpo em Bronze, Rotores\/Conex\u00f5es de Suc\u00e7\u00e3o e Recalque em Bronze resist\u00eancia \u00e0 oxida\u00e7\u00e3o e \u00e1guas agressivas","og_url":"https:\/\/www.lojadeequipamentos.com.br\/loja\/produto\/bomba-circulacao-pressao-em-bronze-mhb-300\/","og_site_name":"Loja de Equipamentos","article_modified_time":"2024-12-02T00:40:40+00:00","og_image":[{"width":442,"height":453,"url":"https:\/\/www.lojadeequipamentos.com.br\/loja\/wp-content\/uploads\/2019\/07\/MHB-300.jpg","type":"image\/jpeg"}],"twitter_card":"summary_large_image","twitter_misc":{"Est. tempo de leitura":"3 minutos"},"schema":{"@context":"https:\/\/schema.org","@graph":[{"@type":"WebPage","@id":"https:\/\/www.lojadeequipamentos.com.br\/loja\/produto\/bomba-circulacao-pressao-em-bronze-mhb-300\/","url":"https:\/\/www.lojadeequipamentos.com.br\/loja\/produto\/bomba-circulacao-pressao-em-bronze-mhb-300\/","name":"Bomba Circula\u00e7\u00e3o\/Press\u00e3o em Bronze - MHB 300 - Loja de Equipamentos","isPartOf":{"@id":"https:\/\/www.lojadeequipamentos.com.br\/loja\/#website"},"primaryImageOfPage":{"@id":"https:\/\/www.lojadeequipamentos.com.br\/loja\/produto\/bomba-circulacao-pressao-em-bronze-mhb-300\/#primaryimage"},"image":{"@id":"https:\/\/www.lojadeequipamentos.com.br\/loja\/produto\/bomba-circulacao-pressao-em-bronze-mhb-300\/#primaryimage"},"thumbnailUrl":"https:\/\/www.lojadeequipamentos.com.br\/loja\/wp-content\/uploads\/2019\/07\/MHB-300.jpg","datePublished":"2019-07-06T02:27:56+00:00","dateModified":"2024-12-02T00:40:40+00:00","description":"Bomba Circula\u00e7\u00e3o\/Press\u00e3o em Bronze R$ 1.168,20 300W Corpo em Bronze, Rotores\/Conex\u00f5es de Suc\u00e7\u00e3o e Recalque em Bronze resist\u00eancia \u00e0 oxida\u00e7\u00e3o e \u00e1guas agressivas","breadcrumb":{"@id":"https:\/\/www.lojadeequipamentos.com.br\/loja\/produto\/bomba-circulacao-pressao-em-bronze-mhb-300\/#breadcrumb"},"inLanguage":"pt-BR","potentialAction":[{"@type":"ReadAction","target":["https:\/\/www.lojadeequipamentos.com.br\/loja\/produto\/bomba-circulacao-pressao-em-bronze-mhb-300\/"]}]},{"@type":"ImageObject","inLanguage":"pt-BR","@id":"https:\/\/www.lojadeequipamentos.com.br\/loja\/produto\/bomba-circulacao-pressao-em-bronze-mhb-300\/#primaryimage","url":"https:\/\/www.lojadeequipamentos.com.br\/loja\/wp-content\/uploads\/2019\/07\/MHB-300.jpg","contentUrl":"https:\/\/www.lojadeequipamentos.com.br\/loja\/wp-content\/uploads\/2019\/07\/MHB-300.jpg","width":442,"height":453,"caption":"Bomba Circ. Bronze"},{"@type":"BreadcrumbList","@id":"https:\/\/www.lojadeequipamentos.com.br\/loja\/produto\/bomba-circulacao-pressao-em-bronze-mhb-300\/#breadcrumb","itemListElement":[{"@type":"ListItem","position":1,"name":"In\u00edcio","item":"https:\/\/www.lojadeequipamentos.com.br\/loja\/"},{"@type":"ListItem","position":2,"name":"Loja Virtual","item":"https:\/\/www.lojadeequipamentos.com.br\/loja\/shop\/"},{"@type":"ListItem","position":3,"name":"Bomba Circula\u00e7\u00e3o\/Press\u00e3o em Bronze &#8211; MHB 300"}]},{"@type":"WebSite","@id":"https:\/\/www.lojadeequipamentos.com.br\/loja\/#website","url":"https:\/\/www.lojadeequipamentos.com.br\/loja\/","name":"Loja de Equipamentos","description":"","potentialAction":[{"@type":"SearchAction","target":{"@type":"EntryPoint","urlTemplate":"https:\/\/www.lojadeequipamentos.com.br\/loja\/?s={search_term_string}"},"query-input":{"@type":"PropertyValueSpecification","valueRequired":true,"valueName":"search_term_string"}}],"inLanguage":"pt-BR"}]}},"_links":{"self":[{"href":"https:\/\/www.lojadeequipamentos.com.br\/loja\/wp-json\/wp\/v2\/product\/3494","targetHints":{"allow":["GET"]}}],"collection":[{"href":"https:\/\/www.lojadeequipamentos.com.br\/loja\/wp-json\/wp\/v2\/product"}],"about":[{"href":"https:\/\/www.lojadeequipamentos.com.br\/loja\/wp-json\/wp\/v2\/types\/product"}],"replies":[{"embeddable":true,"href":"https:\/\/www.lojadeequipamentos.com.br\/loja\/wp-json\/wp\/v2\/comments?post=3494"}],"wp:featuredmedia":[{"embeddable":true,"href":"https:\/\/www.lojadeequipamentos.com.br\/loja\/wp-json\/wp\/v2\/media\/3706"}],"wp:attachment":[{"href":"https:\/\/www.lojadeequipamentos.com.br\/loja\/wp-json\/wp\/v2\/media?parent=3494"}],"wp:term":[{"taxonomy":"product_brand","embeddable":true,"href":"https:\/\/www.lojadeequipamentos.com.br\/loja\/wp-json\/wp\/v2\/product_brand?post=3494"},{"taxonomy":"product_cat","embeddable":true,"href":"https:\/\/www.lojadeequipamentos.com.br\/loja\/wp-json\/wp\/v2\/product_cat?post=3494"},{"taxonomy":"product_tag","embeddable":true,"href":"https:\/\/www.lojadeequipamentos.com.br\/loja\/wp-json\/wp\/v2\/product_tag?post=3494"}],"curies":[{"name":"wp","href":"https:\/\/api.w.org\/{rel}","templated":true}]}}