{"id":3488,"date":"2019-07-06T00:45:01","date_gmt":"2019-07-06T00:45:01","guid":{"rendered":"http:\/\/www.lojadeequipamentos.com.br\/loja\/?post_type=product&#038;p=3488"},"modified":"2024-12-02T00:28:07","modified_gmt":"2024-12-02T00:28:07","slug":"bomba-multiestagio-inox-3cv-cmi-12-15-megapress","status":"publish","type":"product","link":"https:\/\/www.lojadeequipamentos.com.br\/loja\/produto\/bomba-multiestagio-inox-3cv-cmi-12-15-megapress\/","title":{"rendered":"Bomba Multiest\u00e1gio Inox 3cv \/ CMI 12-15"},"content":{"rendered":"<p><strong>Bomba Multiest\u00e1gio Inox 3cv \/ CMI 12-15 - MegaPress<\/strong><br \/>\nDescri\u00e7\u00e3o: Linha CMI 12-15, Bomba Multiest\u00e1gio Inox 3cv Horizontal de 15 Est\u00e1gios com Corpo, Rotores e Conex\u00f5es de Suc\u00e7\u00e3o e Recalque em A\u00e7o Inox AISI 304 (Cromo-N\u00edquel Austen\u00edtico Padr\u00e3o) com resist\u00eancia \u00e0 oxida\u00e7\u00e3o at\u00e9 a temperatura de 850\u00b0C., por\u00e9m sendo garantida a resist\u00eancia a Corros\u00e3o Intercristalina ou Intergranular at\u00e9 a temperatura de 250\u00b0C., Selo Mec\u00e2nico com Veda\u00e7\u00e3o Primaria em Cer\u00e2mica + Carbono, Veda\u00e7\u00e3o Secundaria em Borracha EPDM para temperaturas de uso de \u2013 5\u00baC at\u00e9 90\u00baC.<br \/>\nPrincipais Caracter\u00edsticas: Compacta, Silenciosa, Resistente a Corros\u00e3o, Alta Efici\u00eancia com Inversores de Frequ\u00eancia, Alto Desempenho, Grande Durabilidade e 100% Inox no contato com L\u00edquidos N\u00e3o Corrosivos circulantes nos Rotores de Propuls\u00e3o.<br \/>\nAplica\u00e7\u00e3o Usual: Sistemas de Circula\u00e7\u00e3o de \u00c1gua; Sistemas de Recalque, Sistemas de Pressuriza\u00e7\u00e3o; Sistemas de Tratamento; Sistema de Refrigera\u00e7\u00e3o; Sistemas de Ar Condicionado; Sistemas de Aquecimento; Sistemas de Irriga\u00e7\u00e3o e Fertiliza\u00e7\u00e3o.<br \/>\nAplica\u00e7\u00e3o Especifica: Desengorduramento e Lavagem de Equipamentos de Produ\u00e7\u00e3o, M\u00e1quinas de Lavagem, Unidades de Lavagem M\u00f3veis, Unidades de CIP (Cleaning In Place), Produ\u00e7\u00e3o de Placas Eletr\u00f4nicas, Equipamentos a Laser, Refrigera\u00e7\u00e3o Industrial, Aquecimento e Resfriamento em Processos Industriais, Trocadores de Calor, Osmose Reversa, Sistemas de Ultra Filtra\u00e7\u00e3o, Sistemas de Troca I\u00f4nica e Desmineraliza\u00e7\u00e3o, Filtra\u00e7\u00e3o Final, Limpador Industrial, Lava Lou\u00e7as, Sistemas de Destila\u00e7\u00e3o, Dosagem e Mistura, Evapora\u00e7\u00e3o, Transfer\u00eancia e Pressuriza\u00e7\u00e3o de L\u00edquidos, Vasos de Press\u00e3o, Industria de Alimentos, Industria de Bebidas, Industria Qu\u00edmica, Industria de \u00d3leo Mineral Limpo, Industria da Constru\u00e7\u00e3o Civil, Industria Automobil\u00edstica.<br \/>\n(Todas as especifica\u00e7\u00f5es acima mencionadas servem como uma orienta\u00e7\u00e3o geral e devem ser revistas dependendo das condi\u00e7\u00f5es espec\u00edficas de uso)<\/p>\n<p>Informa\u00e7\u00f5es T\u00e9cnicas CMI 12-15<br \/>\nTens\u00e3o: 220V trif ou 380V trif.<br \/>\nMotor com 02 polos indu\u00e7\u00e3o<br \/>\nPot\u00eancia do Motor: 3,0 CV<br \/>\nFrequ\u00eancia: 60 Hz<br \/>\nGrau de Prote\u00e7\u00e3o: IP55 (Protegido contra a penetra\u00e7\u00e3o de poeiras e jatos de \u00e1gua lan\u00e7ados de qualquer dire\u00e7\u00e3o; n\u00e3o produzindo efeitos prejudiciais.<br \/>\nClasse de Isolamento: F (operam em temperaturas internas de 155 \u00b0C, com picos de 180 \u00b0C, e est\u00e3o sujeitos a ciclos de opera\u00e7\u00e3o exigentes que frequentemente consistem em at\u00e9 100 partidas por hora. )<br \/>\nVaz\u00e3o e Press\u00e3o: 15,2 m\u00b3\/h\/20mca \u00e0 5,5m\u00b3\/h\/42mca<br \/>\nPress\u00e3o Max. de Trabalho: 8Kg<br \/>\nFaixa de Temperatura do L\u00edquido: -20\u00baC a 90\u00baC<br \/>\nRu\u00eddo: 60db<br \/>\nConex\u00e3o de Suc\u00e7\u00e3o\/Entrada: 1.1\/2\u201d<br \/>\nConex\u00e3o de Recalque\/Sa\u00edda: 1.1\/2\u201d<br \/>\nPeso (Kg): 16,5 KG<\/p>\n<p><strong>FAVOR ENTRAR EM CONTATO PARA COTA\u00c7\u00c3O DE FRETE<\/strong><\/p>\n<p>Visite nosso facebook: <a href=\"http:\/\/www.facebook.com\/lojadeequipamentos\" target=\"_blank\" rel=\"noopener\">facebook\/lojadeequipamentos<\/a><\/p>\n","protected":false},"excerpt":{"rendered":"<strong>Bomba Multiest\u00e1gio Inox 3cv \/ CMI 12-15 - MegaPress<\/strong>","protected":false},"featured_media":3814,"comment_status":"open","ping_status":"closed","template":"","meta":{"_links_to":"","_links_to_target":""},"product_brand":[],"product_cat":[9559],"product_tag":[1869,1871,1930,1837,1872,1842,1838,1873,1928,1929,1836,1874,1927,1867,4398,1875,1841,1921,1868,1922,1923,1924,1925,1926],"class_list":{"0":"post-3488","1":"product","2":"type-product","3":"status-publish","4":"has-post-thumbnail","6":"product_cat-bomba-inox-12-15","7":"product_tag-bomba","8":"product_tag-bomba-3cv","9":"product_tag-bomba-cmi-12-15","10":"product_tag-bomba-inox","11":"product_tag-bomba-inox-3cv","12":"product_tag-bomba-inox-multiestagio","13":"product_tag-bomba-megapress","14":"product_tag-bomba-megapress-3cv-inox","15":"product_tag-bomba-megapress-cmi-12-15","16":"product_tag-bomba-megapress-multiestagio-cmi-12-15","17":"product_tag-bomba-multiestagio","18":"product_tag-bomba-multiestagio-3cv","19":"product_tag-bomba-multiestagio-cmi-12-15","20":"product_tag-bomba-multiestagio-ino","21":"product_tag-bomba-multiestagio-inox","22":"product_tag-bomba-multiestagio-inox-3cv","23":"product_tag-bomba-multiestagio-megapress","24":"product_tag-cmi-12-15","25":"product_tag-megapress","26":"product_tag-megapress-bomba-cmi-12-15","27":"product_tag-megapress-cmi-12-15","28":"product_tag-multiestagio-bomba-cmi-12-15","29":"product_tag-multiestagio-cmi-12-15","30":"product_tag-multiestagio-megapress-cmi-12-15","32":"first","33":"instock","34":"shipping-taxable","35":"purchasable","36":"product-type-simple"},"yoast_head":"<!-- This site is optimized with the Yoast SEO plugin v27.3 - https:\/\/yoast.com\/product\/yoast-seo-wordpress\/ -->\n<title>Bomba Multiest\u00e1gio Inox 3cv \/ CMI 12-15 - Loja de Equipamentos<\/title>\n<meta name=\"description\" content=\"Bomba Multiest\u00e1gio Inox Horizontal de 3cv R$ 3.258,00 com 15 Est\u00e1gios com Corpo, Rotores e Conex\u00f5es de Suc\u00e7\u00e3o e Recalque em A\u00e7o Inox AISI 304\" \/>\n<meta name=\"robots\" content=\"index, follow, max-snippet:-1, max-image-preview:large, max-video-preview:-1\" \/>\n<link rel=\"canonical\" href=\"https:\/\/www.lojadeequipamentos.com.br\/loja\/produto\/bomba-multiestagio-inox-3cv-cmi-12-15-megapress\/\" \/>\n<meta property=\"og:locale\" content=\"pt_BR\" \/>\n<meta property=\"og:type\" content=\"article\" \/>\n<meta property=\"og:title\" content=\"Bomba Multiest\u00e1gio Inox 3cv \/ CMI 12-15 - Loja de Equipamentos\" \/>\n<meta property=\"og:description\" content=\"Bomba Multiest\u00e1gio Inox Horizontal de 3cv R$ 3.258,00 com 15 Est\u00e1gios com Corpo, Rotores e Conex\u00f5es de Suc\u00e7\u00e3o e Recalque em A\u00e7o Inox AISI 304\" \/>\n<meta property=\"og:url\" content=\"https:\/\/www.lojadeequipamentos.com.br\/loja\/produto\/bomba-multiestagio-inox-3cv-cmi-12-15-megapress\/\" \/>\n<meta property=\"og:site_name\" content=\"Loja de Equipamentos\" \/>\n<meta property=\"article:modified_time\" content=\"2024-12-02T00:28:07+00:00\" \/>\n<meta property=\"og:image\" content=\"https:\/\/www.lojadeequipamentos.com.br\/loja\/wp-content\/uploads\/2019\/09\/bomba.png\" \/>\n\t<meta property=\"og:image:width\" content=\"270\" \/>\n\t<meta property=\"og:image:height\" content=\"200\" \/>\n\t<meta property=\"og:image:type\" content=\"image\/png\" \/>\n<meta name=\"twitter:card\" content=\"summary_large_image\" \/>\n<meta name=\"twitter:label1\" content=\"Est. tempo de leitura\" \/>\n\t<meta name=\"twitter:data1\" content=\"3 minutos\" \/>\n<script type=\"application\/ld+json\" class=\"yoast-schema-graph\">{\"@context\":\"https:\\\/\\\/schema.org\",\"@graph\":[{\"@type\":\"WebPage\",\"@id\":\"https:\\\/\\\/www.lojadeequipamentos.com.br\\\/loja\\\/produto\\\/bomba-multiestagio-inox-3cv-cmi-12-15-megapress\\\/\",\"url\":\"https:\\\/\\\/www.lojadeequipamentos.com.br\\\/loja\\\/produto\\\/bomba-multiestagio-inox-3cv-cmi-12-15-megapress\\\/\",\"name\":\"Bomba Multiest\u00e1gio Inox 3cv \\\/ CMI 12-15 - Loja de Equipamentos\",\"isPartOf\":{\"@id\":\"https:\\\/\\\/www.lojadeequipamentos.com.br\\\/loja\\\/#website\"},\"primaryImageOfPage\":{\"@id\":\"https:\\\/\\\/www.lojadeequipamentos.com.br\\\/loja\\\/produto\\\/bomba-multiestagio-inox-3cv-cmi-12-15-megapress\\\/#primaryimage\"},\"image\":{\"@id\":\"https:\\\/\\\/www.lojadeequipamentos.com.br\\\/loja\\\/produto\\\/bomba-multiestagio-inox-3cv-cmi-12-15-megapress\\\/#primaryimage\"},\"thumbnailUrl\":\"https:\\\/\\\/www.lojadeequipamentos.com.br\\\/loja\\\/wp-content\\\/uploads\\\/2019\\\/09\\\/bomba.png\",\"datePublished\":\"2019-07-06T00:45:01+00:00\",\"dateModified\":\"2024-12-02T00:28:07+00:00\",\"description\":\"Bomba Multiest\u00e1gio Inox Horizontal de 3cv R$ 3.258,00 com 15 Est\u00e1gios com Corpo, Rotores e Conex\u00f5es de Suc\u00e7\u00e3o e Recalque em A\u00e7o Inox AISI 304\",\"breadcrumb\":{\"@id\":\"https:\\\/\\\/www.lojadeequipamentos.com.br\\\/loja\\\/produto\\\/bomba-multiestagio-inox-3cv-cmi-12-15-megapress\\\/#breadcrumb\"},\"inLanguage\":\"pt-BR\",\"potentialAction\":[{\"@type\":\"ReadAction\",\"target\":[\"https:\\\/\\\/www.lojadeequipamentos.com.br\\\/loja\\\/produto\\\/bomba-multiestagio-inox-3cv-cmi-12-15-megapress\\\/\"]}]},{\"@type\":\"ImageObject\",\"inLanguage\":\"pt-BR\",\"@id\":\"https:\\\/\\\/www.lojadeequipamentos.com.br\\\/loja\\\/produto\\\/bomba-multiestagio-inox-3cv-cmi-12-15-megapress\\\/#primaryimage\",\"url\":\"https:\\\/\\\/www.lojadeequipamentos.com.br\\\/loja\\\/wp-content\\\/uploads\\\/2019\\\/09\\\/bomba.png\",\"contentUrl\":\"https:\\\/\\\/www.lojadeequipamentos.com.br\\\/loja\\\/wp-content\\\/uploads\\\/2019\\\/09\\\/bomba.png\",\"width\":270,\"height\":200},{\"@type\":\"BreadcrumbList\",\"@id\":\"https:\\\/\\\/www.lojadeequipamentos.com.br\\\/loja\\\/produto\\\/bomba-multiestagio-inox-3cv-cmi-12-15-megapress\\\/#breadcrumb\",\"itemListElement\":[{\"@type\":\"ListItem\",\"position\":1,\"name\":\"In\u00edcio\",\"item\":\"https:\\\/\\\/www.lojadeequipamentos.com.br\\\/loja\\\/\"},{\"@type\":\"ListItem\",\"position\":2,\"name\":\"Loja Virtual\",\"item\":\"https:\\\/\\\/www.lojadeequipamentos.com.br\\\/loja\\\/shop\\\/\"},{\"@type\":\"ListItem\",\"position\":3,\"name\":\"Bomba Multiest\u00e1gio Inox 3cv \\\/ CMI 12-15\"}]},{\"@type\":\"WebSite\",\"@id\":\"https:\\\/\\\/www.lojadeequipamentos.com.br\\\/loja\\\/#website\",\"url\":\"https:\\\/\\\/www.lojadeequipamentos.com.br\\\/loja\\\/\",\"name\":\"Loja de Equipamentos\",\"description\":\"\",\"potentialAction\":[{\"@type\":\"SearchAction\",\"target\":{\"@type\":\"EntryPoint\",\"urlTemplate\":\"https:\\\/\\\/www.lojadeequipamentos.com.br\\\/loja\\\/?s={search_term_string}\"},\"query-input\":{\"@type\":\"PropertyValueSpecification\",\"valueRequired\":true,\"valueName\":\"search_term_string\"}}],\"inLanguage\":\"pt-BR\"}]}<\/script>\n<!-- \/ Yoast SEO plugin. -->","yoast_head_json":{"title":"Bomba Multiest\u00e1gio Inox 3cv \/ CMI 12-15 - Loja de Equipamentos","description":"Bomba Multiest\u00e1gio Inox Horizontal de 3cv R$ 3.258,00 com 15 Est\u00e1gios com Corpo, Rotores e Conex\u00f5es de Suc\u00e7\u00e3o e Recalque em A\u00e7o Inox AISI 304","robots":{"index":"index","follow":"follow","max-snippet":"max-snippet:-1","max-image-preview":"max-image-preview:large","max-video-preview":"max-video-preview:-1"},"canonical":"https:\/\/www.lojadeequipamentos.com.br\/loja\/produto\/bomba-multiestagio-inox-3cv-cmi-12-15-megapress\/","og_locale":"pt_BR","og_type":"article","og_title":"Bomba Multiest\u00e1gio Inox 3cv \/ CMI 12-15 - Loja de Equipamentos","og_description":"Bomba Multiest\u00e1gio Inox Horizontal de 3cv R$ 3.258,00 com 15 Est\u00e1gios com Corpo, Rotores e Conex\u00f5es de Suc\u00e7\u00e3o e Recalque em A\u00e7o Inox AISI 304","og_url":"https:\/\/www.lojadeequipamentos.com.br\/loja\/produto\/bomba-multiestagio-inox-3cv-cmi-12-15-megapress\/","og_site_name":"Loja de Equipamentos","article_modified_time":"2024-12-02T00:28:07+00:00","og_image":[{"width":270,"height":200,"url":"https:\/\/www.lojadeequipamentos.com.br\/loja\/wp-content\/uploads\/2019\/09\/bomba.png","type":"image\/png"}],"twitter_card":"summary_large_image","twitter_misc":{"Est. tempo de leitura":"3 minutos"},"schema":{"@context":"https:\/\/schema.org","@graph":[{"@type":"WebPage","@id":"https:\/\/www.lojadeequipamentos.com.br\/loja\/produto\/bomba-multiestagio-inox-3cv-cmi-12-15-megapress\/","url":"https:\/\/www.lojadeequipamentos.com.br\/loja\/produto\/bomba-multiestagio-inox-3cv-cmi-12-15-megapress\/","name":"Bomba Multiest\u00e1gio Inox 3cv \/ CMI 12-15 - Loja de Equipamentos","isPartOf":{"@id":"https:\/\/www.lojadeequipamentos.com.br\/loja\/#website"},"primaryImageOfPage":{"@id":"https:\/\/www.lojadeequipamentos.com.br\/loja\/produto\/bomba-multiestagio-inox-3cv-cmi-12-15-megapress\/#primaryimage"},"image":{"@id":"https:\/\/www.lojadeequipamentos.com.br\/loja\/produto\/bomba-multiestagio-inox-3cv-cmi-12-15-megapress\/#primaryimage"},"thumbnailUrl":"https:\/\/www.lojadeequipamentos.com.br\/loja\/wp-content\/uploads\/2019\/09\/bomba.png","datePublished":"2019-07-06T00:45:01+00:00","dateModified":"2024-12-02T00:28:07+00:00","description":"Bomba Multiest\u00e1gio Inox Horizontal de 3cv R$ 3.258,00 com 15 Est\u00e1gios com Corpo, Rotores e Conex\u00f5es de Suc\u00e7\u00e3o e Recalque em A\u00e7o Inox AISI 304","breadcrumb":{"@id":"https:\/\/www.lojadeequipamentos.com.br\/loja\/produto\/bomba-multiestagio-inox-3cv-cmi-12-15-megapress\/#breadcrumb"},"inLanguage":"pt-BR","potentialAction":[{"@type":"ReadAction","target":["https:\/\/www.lojadeequipamentos.com.br\/loja\/produto\/bomba-multiestagio-inox-3cv-cmi-12-15-megapress\/"]}]},{"@type":"ImageObject","inLanguage":"pt-BR","@id":"https:\/\/www.lojadeequipamentos.com.br\/loja\/produto\/bomba-multiestagio-inox-3cv-cmi-12-15-megapress\/#primaryimage","url":"https:\/\/www.lojadeequipamentos.com.br\/loja\/wp-content\/uploads\/2019\/09\/bomba.png","contentUrl":"https:\/\/www.lojadeequipamentos.com.br\/loja\/wp-content\/uploads\/2019\/09\/bomba.png","width":270,"height":200},{"@type":"BreadcrumbList","@id":"https:\/\/www.lojadeequipamentos.com.br\/loja\/produto\/bomba-multiestagio-inox-3cv-cmi-12-15-megapress\/#breadcrumb","itemListElement":[{"@type":"ListItem","position":1,"name":"In\u00edcio","item":"https:\/\/www.lojadeequipamentos.com.br\/loja\/"},{"@type":"ListItem","position":2,"name":"Loja Virtual","item":"https:\/\/www.lojadeequipamentos.com.br\/loja\/shop\/"},{"@type":"ListItem","position":3,"name":"Bomba Multiest\u00e1gio Inox 3cv \/ CMI 12-15"}]},{"@type":"WebSite","@id":"https:\/\/www.lojadeequipamentos.com.br\/loja\/#website","url":"https:\/\/www.lojadeequipamentos.com.br\/loja\/","name":"Loja de Equipamentos","description":"","potentialAction":[{"@type":"SearchAction","target":{"@type":"EntryPoint","urlTemplate":"https:\/\/www.lojadeequipamentos.com.br\/loja\/?s={search_term_string}"},"query-input":{"@type":"PropertyValueSpecification","valueRequired":true,"valueName":"search_term_string"}}],"inLanguage":"pt-BR"}]}},"_links":{"self":[{"href":"https:\/\/www.lojadeequipamentos.com.br\/loja\/wp-json\/wp\/v2\/product\/3488","targetHints":{"allow":["GET"]}}],"collection":[{"href":"https:\/\/www.lojadeequipamentos.com.br\/loja\/wp-json\/wp\/v2\/product"}],"about":[{"href":"https:\/\/www.lojadeequipamentos.com.br\/loja\/wp-json\/wp\/v2\/types\/product"}],"replies":[{"embeddable":true,"href":"https:\/\/www.lojadeequipamentos.com.br\/loja\/wp-json\/wp\/v2\/comments?post=3488"}],"wp:featuredmedia":[{"embeddable":true,"href":"https:\/\/www.lojadeequipamentos.com.br\/loja\/wp-json\/wp\/v2\/media\/3814"}],"wp:attachment":[{"href":"https:\/\/www.lojadeequipamentos.com.br\/loja\/wp-json\/wp\/v2\/media?parent=3488"}],"wp:term":[{"taxonomy":"product_brand","embeddable":true,"href":"https:\/\/www.lojadeequipamentos.com.br\/loja\/wp-json\/wp\/v2\/product_brand?post=3488"},{"taxonomy":"product_cat","embeddable":true,"href":"https:\/\/www.lojadeequipamentos.com.br\/loja\/wp-json\/wp\/v2\/product_cat?post=3488"},{"taxonomy":"product_tag","embeddable":true,"href":"https:\/\/www.lojadeequipamentos.com.br\/loja\/wp-json\/wp\/v2\/product_tag?post=3488"}],"curies":[{"name":"wp","href":"https:\/\/api.w.org\/{rel}","templated":true}]}}