{"id":3461,"date":"2018-03-12T18:16:36","date_gmt":"2018-03-12T18:16:36","guid":{"rendered":"http:\/\/www.lojadeequipamentos.com.br\/loja\/?post_type=product&#038;p=3461"},"modified":"2023-07-25T16:11:07","modified_gmt":"2023-07-25T16:11:07","slug":"sauna-vapor-gas-caldeira-glp-ate-10m%c2%b3-namarra","status":"publish","type":"product","link":"https:\/\/www.lojadeequipamentos.com.br\/loja\/produto\/sauna-vapor-gas-caldeira-glp-ate-10m%c2%b3-namarra\/","title":{"rendered":"Sauna Vapor G\u00e1s \/ Mini Caldeira Techg\u00e1s 10 Pro GLP &#8211; Namarra"},"content":{"rendered":"<h2>Sauna Vapor G\u00e1s \/ Mini Caldeira Teghg\u00e1s 10 Pro GLP Namarra<\/h2>\n<p>\nDescri\u00e7\u00e3o: Sauna Vapor \u00e0 G\u00e1s \/ Caldeira GLP 20.900 kcal \u00e1rea ate 10m\u00b3 Namarra\/Incisor - Alta Press\u00e3o - Especial, cilindro\/tanque interno em a\u00e7o inox 304, isolamento t\u00e9rmico interno em l\u00e3 de vidro, chapa externa de acabamento em a\u00e7o inox 430, placa eletr\u00f4nica de gest\u00e3o de n\u00edvel e entrada de \u00e1gua (cortando a alimenta\u00e7\u00e3o el\u00e9trica na falta de \u00e1gua), sensor termopar (cortando o g\u00e1s em sua falta ou falha), v\u00e1lvula solenoide, bomba de \u00e1gua, conex\u00f5es rosqueadas de g\u00e1s de 1\/2\" e fornecimento de \u00e1gua em 3\/4\" e de sa\u00edda de vapor de 3\/4\".<br \/>\n<strong>Produto sob encomenda especial. Fique atento aos nossos prazos especiais para este tipo de produto.<\/strong><br \/>\nDimensionamento da cabine: regi\u00f5es frias ate 8m\u00b3 e regi\u00f5es quentes ate 10m\u00b3.<br \/>\n<br \/>\nTipo de Instala\u00e7\u00e3o: esta caldeira permite instala\u00e7\u00e3o hidr\u00e1ulica de insufla\u00e7\u00e3o sifonada e com desn\u00edvel vertical superior de at\u00e9 5m, sua fixa\u00e7\u00e3o \u00e9 feita na parede tendo como acess\u00f3rios: dutos, joelho 90\u00b0, joelho de 45\u00b0, chamin\u00e9 T , chamin\u00e9 chap\u00e9u chin\u00eas e chamin\u00e9 H.<br \/>\nMedida e Peso: Largura 49 cm x altura 89 cm x profundidade 25 cm, peso de 23,350Kg.<br \/>\nGarantia: Tanque 01 ano contra defeito de fabrica\u00e7\u00e3o.(acompanha instru\u00e7\u00f5es e certificado de garantia do fabricante), Termostato 90 dias<br \/>\n<br \/>\nUso: somente \u00e1gua pot\u00e1vel, instala\u00e7\u00e3o de 01 filtro de linha e vaz\u00e3o m\u00ednima de abastecimento de \u00e1gua de 90 litros\/hora (1,5L\/minuto), press\u00e3o de trabalho m\u00ednimo de 01 mca e m\u00e1ximo de 20 mca.<br \/>\nOp\u00e7\u00f5es de G\u00e1s\/El\u00e9trica: GN e GLP; acess\u00f3rios el\u00e9tricos internos 127V ou 220V.<br \/>\nConsumo de G\u00e1s e Press\u00e3o de G\u00e1s: GLP 1,700Kg\/h - 280mmca.<br \/>\nOp\u00e7\u00f5es de Comando: painel com termostato anal\u00f3gico e painel com termostato e term\u00f4metro digital.<br \/>\n<br \/>\n<a href=\"https:\/\/api.whatsapp.com\/send?phone=5521964144201\"><img loading=\"lazy\" decoding=\"async\" class=\"alignnone size-full wp-image-4307\" alt=\"botao_whatsapp\" src=\"http:\/\/www.lojadeequipamentos.com.br\/loja\/wp-content\/uploads\/2020\/08\/botao_whatsapp.png\" width=\"226\" height=\"82\" \/><\/a><\/p>\n","protected":false},"excerpt":{"rendered":"<strong>Sauna Vapor \u00e0 G\u00e1s \/ Mini Caldeira Techg\u00e1s 10 Pro GLP - 10m\u00b3 Namarra<\/strong>","protected":false},"featured_media":3714,"comment_status":"open","ping_status":"closed","template":"","meta":{"_links_to":"","_links_to_target":""},"product_brand":[],"product_cat":[1335],"product_tag":[338,1329,1328,1833,8321,1324,1331,1323,1834,1822,2038,8310,337,339,336,340,1330,1327,4396,8309,1325,1332,1326,993,8322],"class_list":{"0":"post-3461","1":"product","2":"type-product","3":"status-publish","4":"has-post-thumbnail","6":"product_cat-sauna-gas","7":"product_tag-caldeira-a-vapor-a-gas","8":"product_tag-caldeira-a-vapor-a-gas-glp","9":"product_tag-caldeira-a-vapor-a-gas-incisor","10":"product_tag-caldeira-a-vapor-a-gas-namarra","11":"product_tag-caldeira-techgas-10-pro","12":"product_tag-caldeira-vapor-a-gas","13":"product_tag-caldeira-vapor-gas-glp","14":"product_tag-caldeira-vapor-incisor","15":"product_tag-caldeira-vapor-namarra","16":"product_tag-mini-caldeira-pro","17":"product_tag-mini-caldeira-tech-gas","18":"product_tag-mini-caldeira-techgas-10-pro","19":"product_tag-sauna-a-gas-2","20":"product_tag-sauna-a-gas-automatica","21":"product_tag-sauna-a-vapor-a-gas","22":"product_tag-sauna-a-vapor-a-gas-automatica","23":"product_tag-sauna-a-vapor-a-gas-glp","24":"product_tag-sauna-a-vapor-a-gas-incisor","25":"product_tag-sauna-gas","26":"product_tag-sauna-techgas-10-pro","27":"product_tag-sauna-vapor-gas","28":"product_tag-sauna-vapor-gas-glp","29":"product_tag-sauna-vapor-gas-incisor","30":"product_tag-sauna-vapor-namarra","31":"product_tag-sauna-vapor-teghgas-10","33":"first","34":"instock","35":"shipping-taxable","36":"purchasable","37":"product-type-simple"},"yoast_head":"<!-- This site is optimized with the Yoast SEO plugin v27.3 - https:\/\/yoast.com\/product\/yoast-seo-wordpress\/ -->\n<title>Sauna Vapor G\u00e1s \/ Caldeira GLP ate 10m\u00b3 - Namarra<\/title>\n<meta name=\"description\" content=\"Sauna Vapor G\u00e1s Mini Caldeira Techg\u00e1s 10 Pro GLP R$ 5.763,60 tanque interno inox 304, chapa ext. inox 430, gest\u00e3o de n\u00edvel e de \u00e1gua, sensor termopar\" \/>\n<meta name=\"robots\" content=\"index, follow, max-snippet:-1, max-image-preview:large, max-video-preview:-1\" \/>\n<link rel=\"canonical\" href=\"https:\/\/www.lojadeequipamentos.com.br\/loja\/produto\/sauna-vapor-gas-caldeira-glp-ate-10m\u00b3-namarra\/\" \/>\n<meta property=\"og:locale\" content=\"pt_BR\" \/>\n<meta property=\"og:type\" content=\"article\" \/>\n<meta property=\"og:title\" content=\"Sauna Vapor G\u00e1s \/ Caldeira GLP ate 10m\u00b3 - Namarra\" \/>\n<meta property=\"og:description\" content=\"Sauna Vapor G\u00e1s Mini Caldeira Techg\u00e1s 10 Pro GLP R$ 5.763,60 tanque interno inox 304, chapa ext. inox 430, gest\u00e3o de n\u00edvel e de \u00e1gua, sensor termopar\" \/>\n<meta property=\"og:url\" content=\"https:\/\/www.lojadeequipamentos.com.br\/loja\/produto\/sauna-vapor-gas-caldeira-glp-ate-10m\u00b3-namarra\/\" \/>\n<meta property=\"og:site_name\" content=\"Loja de Equipamentos\" \/>\n<meta property=\"article:modified_time\" content=\"2023-07-25T16:11:07+00:00\" \/>\n<meta property=\"og:image\" content=\"https:\/\/www.lojadeequipamentos.com.br\/loja\/wp-content\/uploads\/2015\/08\/Mini-Caldeira-Techgas.png\" \/>\n\t<meta property=\"og:image:width\" content=\"260\" \/>\n\t<meta property=\"og:image:height\" content=\"260\" \/>\n\t<meta property=\"og:image:type\" content=\"image\/png\" \/>\n<meta name=\"twitter:card\" content=\"summary_large_image\" \/>\n<meta name=\"twitter:label1\" content=\"Est. tempo de leitura\" \/>\n\t<meta name=\"twitter:data1\" content=\"2 minutos\" \/>\n<script type=\"application\/ld+json\" class=\"yoast-schema-graph\">{\"@context\":\"https:\\\/\\\/schema.org\",\"@graph\":[{\"@type\":\"WebPage\",\"@id\":\"https:\\\/\\\/www.lojadeequipamentos.com.br\\\/loja\\\/produto\\\/sauna-vapor-gas-caldeira-glp-ate-10m%c2%b3-namarra\\\/\",\"url\":\"https:\\\/\\\/www.lojadeequipamentos.com.br\\\/loja\\\/produto\\\/sauna-vapor-gas-caldeira-glp-ate-10m%c2%b3-namarra\\\/\",\"name\":\"Sauna Vapor G\u00e1s \\\/ Caldeira GLP ate 10m\u00b3 - Namarra\",\"isPartOf\":{\"@id\":\"https:\\\/\\\/www.lojadeequipamentos.com.br\\\/loja\\\/#website\"},\"primaryImageOfPage\":{\"@id\":\"https:\\\/\\\/www.lojadeequipamentos.com.br\\\/loja\\\/produto\\\/sauna-vapor-gas-caldeira-glp-ate-10m%c2%b3-namarra\\\/#primaryimage\"},\"image\":{\"@id\":\"https:\\\/\\\/www.lojadeequipamentos.com.br\\\/loja\\\/produto\\\/sauna-vapor-gas-caldeira-glp-ate-10m%c2%b3-namarra\\\/#primaryimage\"},\"thumbnailUrl\":\"https:\\\/\\\/www.lojadeequipamentos.com.br\\\/loja\\\/wp-content\\\/uploads\\\/2015\\\/08\\\/Mini-Caldeira-Techgas.png\",\"datePublished\":\"2018-03-12T18:16:36+00:00\",\"dateModified\":\"2023-07-25T16:11:07+00:00\",\"description\":\"Sauna Vapor G\u00e1s Mini Caldeira Techg\u00e1s 10 Pro GLP R$ 5.763,60 tanque interno inox 304, chapa ext. inox 430, gest\u00e3o de n\u00edvel e de \u00e1gua, sensor termopar\",\"breadcrumb\":{\"@id\":\"https:\\\/\\\/www.lojadeequipamentos.com.br\\\/loja\\\/produto\\\/sauna-vapor-gas-caldeira-glp-ate-10m%c2%b3-namarra\\\/#breadcrumb\"},\"inLanguage\":\"pt-BR\",\"potentialAction\":[{\"@type\":\"ReadAction\",\"target\":[\"https:\\\/\\\/www.lojadeequipamentos.com.br\\\/loja\\\/produto\\\/sauna-vapor-gas-caldeira-glp-ate-10m%c2%b3-namarra\\\/\"]}]},{\"@type\":\"ImageObject\",\"inLanguage\":\"pt-BR\",\"@id\":\"https:\\\/\\\/www.lojadeequipamentos.com.br\\\/loja\\\/produto\\\/sauna-vapor-gas-caldeira-glp-ate-10m%c2%b3-namarra\\\/#primaryimage\",\"url\":\"https:\\\/\\\/www.lojadeequipamentos.com.br\\\/loja\\\/wp-content\\\/uploads\\\/2015\\\/08\\\/Mini-Caldeira-Techgas.png\",\"contentUrl\":\"https:\\\/\\\/www.lojadeequipamentos.com.br\\\/loja\\\/wp-content\\\/uploads\\\/2015\\\/08\\\/Mini-Caldeira-Techgas.png\",\"width\":260,\"height\":260,\"caption\":\"Sauna Vapor \u00e0 G\u00e1s\"},{\"@type\":\"BreadcrumbList\",\"@id\":\"https:\\\/\\\/www.lojadeequipamentos.com.br\\\/loja\\\/produto\\\/sauna-vapor-gas-caldeira-glp-ate-10m%c2%b3-namarra\\\/#breadcrumb\",\"itemListElement\":[{\"@type\":\"ListItem\",\"position\":1,\"name\":\"In\u00edcio\",\"item\":\"https:\\\/\\\/www.lojadeequipamentos.com.br\\\/loja\\\/\"},{\"@type\":\"ListItem\",\"position\":2,\"name\":\"Loja Virtual\",\"item\":\"https:\\\/\\\/www.lojadeequipamentos.com.br\\\/loja\\\/shop\\\/\"},{\"@type\":\"ListItem\",\"position\":3,\"name\":\"Sauna Vapor G\u00e1s \\\/ Mini Caldeira Techg\u00e1s 10 Pro GLP &#8211; Namarra\"}]},{\"@type\":\"WebSite\",\"@id\":\"https:\\\/\\\/www.lojadeequipamentos.com.br\\\/loja\\\/#website\",\"url\":\"https:\\\/\\\/www.lojadeequipamentos.com.br\\\/loja\\\/\",\"name\":\"Loja de Equipamentos\",\"description\":\"\",\"potentialAction\":[{\"@type\":\"SearchAction\",\"target\":{\"@type\":\"EntryPoint\",\"urlTemplate\":\"https:\\\/\\\/www.lojadeequipamentos.com.br\\\/loja\\\/?s={search_term_string}\"},\"query-input\":{\"@type\":\"PropertyValueSpecification\",\"valueRequired\":true,\"valueName\":\"search_term_string\"}}],\"inLanguage\":\"pt-BR\"}]}<\/script>\n<!-- \/ Yoast SEO plugin. -->","yoast_head_json":{"title":"Sauna Vapor G\u00e1s \/ Caldeira GLP ate 10m\u00b3 - Namarra","description":"Sauna Vapor G\u00e1s Mini Caldeira Techg\u00e1s 10 Pro GLP R$ 5.763,60 tanque interno inox 304, chapa ext. inox 430, gest\u00e3o de n\u00edvel e de \u00e1gua, sensor termopar","robots":{"index":"index","follow":"follow","max-snippet":"max-snippet:-1","max-image-preview":"max-image-preview:large","max-video-preview":"max-video-preview:-1"},"canonical":"https:\/\/www.lojadeequipamentos.com.br\/loja\/produto\/sauna-vapor-gas-caldeira-glp-ate-10m\u00b3-namarra\/","og_locale":"pt_BR","og_type":"article","og_title":"Sauna Vapor G\u00e1s \/ Caldeira GLP ate 10m\u00b3 - Namarra","og_description":"Sauna Vapor G\u00e1s Mini Caldeira Techg\u00e1s 10 Pro GLP R$ 5.763,60 tanque interno inox 304, chapa ext. inox 430, gest\u00e3o de n\u00edvel e de \u00e1gua, sensor termopar","og_url":"https:\/\/www.lojadeequipamentos.com.br\/loja\/produto\/sauna-vapor-gas-caldeira-glp-ate-10m\u00b3-namarra\/","og_site_name":"Loja de Equipamentos","article_modified_time":"2023-07-25T16:11:07+00:00","og_image":[{"width":260,"height":260,"url":"https:\/\/www.lojadeequipamentos.com.br\/loja\/wp-content\/uploads\/2015\/08\/Mini-Caldeira-Techgas.png","type":"image\/png"}],"twitter_card":"summary_large_image","twitter_misc":{"Est. tempo de leitura":"2 minutos"},"schema":{"@context":"https:\/\/schema.org","@graph":[{"@type":"WebPage","@id":"https:\/\/www.lojadeequipamentos.com.br\/loja\/produto\/sauna-vapor-gas-caldeira-glp-ate-10m%c2%b3-namarra\/","url":"https:\/\/www.lojadeequipamentos.com.br\/loja\/produto\/sauna-vapor-gas-caldeira-glp-ate-10m%c2%b3-namarra\/","name":"Sauna Vapor G\u00e1s \/ Caldeira GLP ate 10m\u00b3 - Namarra","isPartOf":{"@id":"https:\/\/www.lojadeequipamentos.com.br\/loja\/#website"},"primaryImageOfPage":{"@id":"https:\/\/www.lojadeequipamentos.com.br\/loja\/produto\/sauna-vapor-gas-caldeira-glp-ate-10m%c2%b3-namarra\/#primaryimage"},"image":{"@id":"https:\/\/www.lojadeequipamentos.com.br\/loja\/produto\/sauna-vapor-gas-caldeira-glp-ate-10m%c2%b3-namarra\/#primaryimage"},"thumbnailUrl":"https:\/\/www.lojadeequipamentos.com.br\/loja\/wp-content\/uploads\/2015\/08\/Mini-Caldeira-Techgas.png","datePublished":"2018-03-12T18:16:36+00:00","dateModified":"2023-07-25T16:11:07+00:00","description":"Sauna Vapor G\u00e1s Mini Caldeira Techg\u00e1s 10 Pro GLP R$ 5.763,60 tanque interno inox 304, chapa ext. inox 430, gest\u00e3o de n\u00edvel e de \u00e1gua, sensor termopar","breadcrumb":{"@id":"https:\/\/www.lojadeequipamentos.com.br\/loja\/produto\/sauna-vapor-gas-caldeira-glp-ate-10m%c2%b3-namarra\/#breadcrumb"},"inLanguage":"pt-BR","potentialAction":[{"@type":"ReadAction","target":["https:\/\/www.lojadeequipamentos.com.br\/loja\/produto\/sauna-vapor-gas-caldeira-glp-ate-10m%c2%b3-namarra\/"]}]},{"@type":"ImageObject","inLanguage":"pt-BR","@id":"https:\/\/www.lojadeequipamentos.com.br\/loja\/produto\/sauna-vapor-gas-caldeira-glp-ate-10m%c2%b3-namarra\/#primaryimage","url":"https:\/\/www.lojadeequipamentos.com.br\/loja\/wp-content\/uploads\/2015\/08\/Mini-Caldeira-Techgas.png","contentUrl":"https:\/\/www.lojadeequipamentos.com.br\/loja\/wp-content\/uploads\/2015\/08\/Mini-Caldeira-Techgas.png","width":260,"height":260,"caption":"Sauna Vapor \u00e0 G\u00e1s"},{"@type":"BreadcrumbList","@id":"https:\/\/www.lojadeequipamentos.com.br\/loja\/produto\/sauna-vapor-gas-caldeira-glp-ate-10m%c2%b3-namarra\/#breadcrumb","itemListElement":[{"@type":"ListItem","position":1,"name":"In\u00edcio","item":"https:\/\/www.lojadeequipamentos.com.br\/loja\/"},{"@type":"ListItem","position":2,"name":"Loja Virtual","item":"https:\/\/www.lojadeequipamentos.com.br\/loja\/shop\/"},{"@type":"ListItem","position":3,"name":"Sauna Vapor G\u00e1s \/ Mini Caldeira Techg\u00e1s 10 Pro GLP &#8211; Namarra"}]},{"@type":"WebSite","@id":"https:\/\/www.lojadeequipamentos.com.br\/loja\/#website","url":"https:\/\/www.lojadeequipamentos.com.br\/loja\/","name":"Loja de Equipamentos","description":"","potentialAction":[{"@type":"SearchAction","target":{"@type":"EntryPoint","urlTemplate":"https:\/\/www.lojadeequipamentos.com.br\/loja\/?s={search_term_string}"},"query-input":{"@type":"PropertyValueSpecification","valueRequired":true,"valueName":"search_term_string"}}],"inLanguage":"pt-BR"}]}},"_links":{"self":[{"href":"https:\/\/www.lojadeequipamentos.com.br\/loja\/wp-json\/wp\/v2\/product\/3461","targetHints":{"allow":["GET"]}}],"collection":[{"href":"https:\/\/www.lojadeequipamentos.com.br\/loja\/wp-json\/wp\/v2\/product"}],"about":[{"href":"https:\/\/www.lojadeequipamentos.com.br\/loja\/wp-json\/wp\/v2\/types\/product"}],"replies":[{"embeddable":true,"href":"https:\/\/www.lojadeequipamentos.com.br\/loja\/wp-json\/wp\/v2\/comments?post=3461"}],"wp:featuredmedia":[{"embeddable":true,"href":"https:\/\/www.lojadeequipamentos.com.br\/loja\/wp-json\/wp\/v2\/media\/3714"}],"wp:attachment":[{"href":"https:\/\/www.lojadeequipamentos.com.br\/loja\/wp-json\/wp\/v2\/media?parent=3461"}],"wp:term":[{"taxonomy":"product_brand","embeddable":true,"href":"https:\/\/www.lojadeequipamentos.com.br\/loja\/wp-json\/wp\/v2\/product_brand?post=3461"},{"taxonomy":"product_cat","embeddable":true,"href":"https:\/\/www.lojadeequipamentos.com.br\/loja\/wp-json\/wp\/v2\/product_cat?post=3461"},{"taxonomy":"product_tag","embeddable":true,"href":"https:\/\/www.lojadeequipamentos.com.br\/loja\/wp-json\/wp\/v2\/product_tag?post=3461"}],"curies":[{"name":"wp","href":"https:\/\/api.w.org\/{rel}","templated":true}]}}