{"id":3384,"date":"2016-04-14T01:04:54","date_gmt":"2016-04-14T01:04:54","guid":{"rendered":"http:\/\/www.lojadeequipamentos.com.br\/loja\/?post_type=product&#038;p=3384"},"modified":"2024-09-05T11:31:48","modified_gmt":"2024-09-05T11:31:48","slug":"cadeira-guardiao-aco-inox-com-rodas","status":"publish","type":"product","link":"https:\/\/www.lojadeequipamentos.com.br\/loja\/produto\/cadeira-guardiao-aco-inox-com-rodas\/","title":{"rendered":"Cadeira Guardi\u00e3o A\u00e7o Inox com Rodas e Suporte \/ Albacete"},"content":{"rendered":"<h2>Cadeira Guardi\u00e3o A\u00e7o Inox com Rodas e Suporte Albacete<\/h2>\n<p>\nDescri\u00e7\u00e3o: cadeira guardi\u00e3o em a\u00e7o inox Albacete, com cadeira confeccionada em fibra de vidro podendo girar um angulo de 60 graus. possui degraus e prancha antiderrapantes, suporte para coloca\u00e7\u00e3o de 01 guarda-sol e 01 par de roldanas para deslocamento.<br \/>\n<br \/>\nMedida e Peso: altura 2200mm, Largura 1300mm, Profundidade 900mm e peso de 60 kg.<br \/>\nGarantia: de 1 ano.<br \/>\n<\/p>\n<h3>cadeira guardi\u00e3o a\u00e7o inox Albacete<\/h3>\n<p>\nUso: cadeira de observa\u00e7\u00e3o para ampla vis\u00e3o em \u00e1reas publicas, comerciais, salva-vidas de piscina e sua pronta atua\u00e7\u00e3o, sendo obrigatoriamente instalada em local que permita perfeita visibilidade, pr\u00f3xima a piscina, quando a dimens\u00e3o desta for igual ou superior a 12 (doze) metros de comprimento ou possua \u00e1rea de banho igual ou superior a 60m\u00b2 (sessenta metros quadrados).<br \/>\nde acordo com a norma NBR 11238 torna-se obrigat\u00f3rio a instala\u00e7\u00e3o da cadeira de observa\u00e7\u00e3o em piscinas coletivas e p\u00fablicas.<br \/>\n<br \/>\n<strong>VENDA SOB CONSULTA<\/strong><br \/>\n<br \/>\n<strong>Opcionais:<\/strong><br \/>\n<br \/>\n<strong>a- Guarda-Sol. (padr\u00e3o)<\/strong><br \/>\n<br \/>\n<strong>b- Apoio de Bra\u00e7os.<\/strong><br \/>\n<br \/>\n<strong>d- Plataforma abaixo da Cadeira para Apoio de Pertences e Maleta de 1\u00ba Socorros.<\/strong><br \/>\n<br \/>\n<strong>FAVOR ENTRAR EM CONTATO PARA COTA\u00c7\u00c3O DE FRETE<strong><\/strong><\/strong><br \/>\n<br \/>\n<a href=\"https:\/\/api.whatsapp.com\/send?phone=5521964144201\"><img loading=\"lazy\" decoding=\"async\" class=\"alignnone size-full wp-image-4307\" alt=\"botao_whatsapp\" src=\"http:\/\/www.lojadeequipamentos.com.br\/loja\/wp-content\/uploads\/2020\/08\/botao_whatsapp.png\" width=\"226\" height=\"82\" \/><\/a><\/p>\n","protected":false},"excerpt":{"rendered":"<strong>Cadeira Guardi\u00e3o A\u00e7o Inox Albacete com Rodas e Suporte<\/strong>","protected":false},"featured_media":4347,"comment_status":"open","ping_status":"closed","template":"","meta":{"_links_to":"","_links_to_target":""},"product_brand":[],"product_cat":[1785],"product_tag":[9536,4462,4461,1783,1789,4397,4458,3829,4460,1787,1788,4459,1790,1791,1792,1793,1794,1784,1786,3828,3824,3823,9551,3819,3817,3820,3818,3822,3821,3825,3826,3827,1795],"class_list":{"0":"post-3384","1":"product","2":"type-product","3":"status-publish","4":"has-post-thumbnail","6":"product_cat-cadeira-guardiao-aco-inox","7":"product_tag-albacete-cadeira-guardiao-inox","8":"product_tag-cadeira-albacete-guardiao","9":"product_tag-cadeira-albacete-inox","10":"product_tag-cadeira-de-observacao","11":"product_tag-cadeira-de-observacao-inox","12":"product_tag-cadeira-guardiao-aco-inox","13":"product_tag-cadeira-guardiao-albacete","14":"product_tag-cadeira-guardiao-inox","15":"product_tag-cadeira-guardiao-inox-albacete","16":"product_tag-cadeira-guardiao-inox-incisor","17":"product_tag-cadeira-guardiao-inox-piscina","18":"product_tag-cadeira-inox-albacete","19":"product_tag-cadeira-inox-guardiao-piscina","20":"product_tag-cadeira-inox-piscina-seguranca","21":"product_tag-cadeira-inox-salva-vidas","22":"product_tag-cadeira-inox-seguranca","23":"product_tag-cadeira-inox-seguranca-piscina","24":"product_tag-cadeira-observacao","25":"product_tag-cadeira-observacao-inox","26":"product_tag-cadeira-salva-vida","27":"product_tag-cadeira-salva-vida-inox","28":"product_tag-cadeira-seguranca-inox","29":"product_tag-guardiao-cadeira-aco-inox","30":"product_tag-inox-cadeira-de-observacao","31":"product_tag-inox-cadeira-guardiao","32":"product_tag-inox-cadeira-observacao","33":"product_tag-inox-cadeira-piscina","34":"product_tag-inox-cadeira-salva-vida","35":"product_tag-inox-cadeira-seguranca","36":"product_tag-salva-vida-cadeira","37":"product_tag-salva-vida-cadeira-inox","38":"product_tag-salva-vida-inox-cadeira","39":"product_tag-seguranca-cadeira-inox","41":"first","42":"instock","43":"shipping-taxable","44":"purchasable","45":"product-type-simple"},"yoast_head":"<!-- This site is optimized with the Yoast SEO plugin v27.3 - https:\/\/yoast.com\/product\/yoast-seo-wordpress\/ -->\n<title>Cadeira Guardi\u00e3o A\u00e7o Inox com Rodas\/Suporte - Loja de Equipamentos<\/title>\n<meta name=\"description\" content=\"Cadeira Guardi\u00e3o A\u00e7o Inox e Seguran\u00e7a Albacete R$ 8.451,00 Assento Fibra de Vidro, 01 Par de Rodas e Suporte para 01 Guarda-Sol.\" \/>\n<meta name=\"robots\" content=\"index, follow, max-snippet:-1, max-image-preview:large, max-video-preview:-1\" \/>\n<link rel=\"canonical\" href=\"https:\/\/www.lojadeequipamentos.com.br\/loja\/produto\/cadeira-guardiao-aco-inox-com-rodas\/\" \/>\n<meta property=\"og:locale\" content=\"pt_BR\" \/>\n<meta property=\"og:type\" content=\"article\" \/>\n<meta property=\"og:title\" content=\"Cadeira Guardi\u00e3o A\u00e7o Inox com Rodas\/Suporte - Loja de Equipamentos\" \/>\n<meta property=\"og:description\" content=\"Cadeira Guardi\u00e3o A\u00e7o Inox e Seguran\u00e7a Albacete R$ 8.451,00 Assento Fibra de Vidro, 01 Par de Rodas e Suporte para 01 Guarda-Sol.\" \/>\n<meta property=\"og:url\" content=\"https:\/\/www.lojadeequipamentos.com.br\/loja\/produto\/cadeira-guardiao-aco-inox-com-rodas\/\" \/>\n<meta property=\"og:site_name\" content=\"Loja de Equipamentos\" \/>\n<meta property=\"article:modified_time\" content=\"2024-09-05T11:31:48+00:00\" \/>\n<meta property=\"og:image\" content=\"https:\/\/www.lojadeequipamentos.com.br\/loja\/wp-content\/uploads\/2020\/09\/cadeira-inox-loja-de-equipamentos.jpg\" \/>\n\t<meta property=\"og:image:width\" content=\"270\" \/>\n\t<meta property=\"og:image:height\" content=\"200\" \/>\n\t<meta property=\"og:image:type\" content=\"image\/jpeg\" \/>\n<meta name=\"twitter:card\" content=\"summary_large_image\" \/>\n<meta name=\"twitter:label1\" content=\"Est. tempo de leitura\" \/>\n\t<meta name=\"twitter:data1\" content=\"2 minutos\" \/>\n<script type=\"application\/ld+json\" class=\"yoast-schema-graph\">{\"@context\":\"https:\\\/\\\/schema.org\",\"@graph\":[{\"@type\":\"WebPage\",\"@id\":\"https:\\\/\\\/www.lojadeequipamentos.com.br\\\/loja\\\/produto\\\/cadeira-guardiao-aco-inox-com-rodas\\\/\",\"url\":\"https:\\\/\\\/www.lojadeequipamentos.com.br\\\/loja\\\/produto\\\/cadeira-guardiao-aco-inox-com-rodas\\\/\",\"name\":\"Cadeira Guardi\u00e3o A\u00e7o Inox com Rodas\\\/Suporte - Loja de Equipamentos\",\"isPartOf\":{\"@id\":\"https:\\\/\\\/www.lojadeequipamentos.com.br\\\/loja\\\/#website\"},\"primaryImageOfPage\":{\"@id\":\"https:\\\/\\\/www.lojadeequipamentos.com.br\\\/loja\\\/produto\\\/cadeira-guardiao-aco-inox-com-rodas\\\/#primaryimage\"},\"image\":{\"@id\":\"https:\\\/\\\/www.lojadeequipamentos.com.br\\\/loja\\\/produto\\\/cadeira-guardiao-aco-inox-com-rodas\\\/#primaryimage\"},\"thumbnailUrl\":\"https:\\\/\\\/www.lojadeequipamentos.com.br\\\/loja\\\/wp-content\\\/uploads\\\/2020\\\/09\\\/cadeira-inox-loja-de-equipamentos.jpg\",\"datePublished\":\"2016-04-14T01:04:54+00:00\",\"dateModified\":\"2024-09-05T11:31:48+00:00\",\"description\":\"Cadeira Guardi\u00e3o A\u00e7o Inox e Seguran\u00e7a Albacete R$ 8.451,00 Assento Fibra de Vidro, 01 Par de Rodas e Suporte para 01 Guarda-Sol.\",\"breadcrumb\":{\"@id\":\"https:\\\/\\\/www.lojadeequipamentos.com.br\\\/loja\\\/produto\\\/cadeira-guardiao-aco-inox-com-rodas\\\/#breadcrumb\"},\"inLanguage\":\"pt-BR\",\"potentialAction\":[{\"@type\":\"ReadAction\",\"target\":[\"https:\\\/\\\/www.lojadeequipamentos.com.br\\\/loja\\\/produto\\\/cadeira-guardiao-aco-inox-com-rodas\\\/\"]}]},{\"@type\":\"ImageObject\",\"inLanguage\":\"pt-BR\",\"@id\":\"https:\\\/\\\/www.lojadeequipamentos.com.br\\\/loja\\\/produto\\\/cadeira-guardiao-aco-inox-com-rodas\\\/#primaryimage\",\"url\":\"https:\\\/\\\/www.lojadeequipamentos.com.br\\\/loja\\\/wp-content\\\/uploads\\\/2020\\\/09\\\/cadeira-inox-loja-de-equipamentos.jpg\",\"contentUrl\":\"https:\\\/\\\/www.lojadeequipamentos.com.br\\\/loja\\\/wp-content\\\/uploads\\\/2020\\\/09\\\/cadeira-inox-loja-de-equipamentos.jpg\",\"width\":270,\"height\":200},{\"@type\":\"BreadcrumbList\",\"@id\":\"https:\\\/\\\/www.lojadeequipamentos.com.br\\\/loja\\\/produto\\\/cadeira-guardiao-aco-inox-com-rodas\\\/#breadcrumb\",\"itemListElement\":[{\"@type\":\"ListItem\",\"position\":1,\"name\":\"In\u00edcio\",\"item\":\"https:\\\/\\\/www.lojadeequipamentos.com.br\\\/loja\\\/\"},{\"@type\":\"ListItem\",\"position\":2,\"name\":\"Loja Virtual\",\"item\":\"https:\\\/\\\/www.lojadeequipamentos.com.br\\\/loja\\\/shop\\\/\"},{\"@type\":\"ListItem\",\"position\":3,\"name\":\"Cadeira Guardi\u00e3o A\u00e7o Inox com Rodas e Suporte \\\/ Albacete\"}]},{\"@type\":\"WebSite\",\"@id\":\"https:\\\/\\\/www.lojadeequipamentos.com.br\\\/loja\\\/#website\",\"url\":\"https:\\\/\\\/www.lojadeequipamentos.com.br\\\/loja\\\/\",\"name\":\"Loja de Equipamentos\",\"description\":\"\",\"potentialAction\":[{\"@type\":\"SearchAction\",\"target\":{\"@type\":\"EntryPoint\",\"urlTemplate\":\"https:\\\/\\\/www.lojadeequipamentos.com.br\\\/loja\\\/?s={search_term_string}\"},\"query-input\":{\"@type\":\"PropertyValueSpecification\",\"valueRequired\":true,\"valueName\":\"search_term_string\"}}],\"inLanguage\":\"pt-BR\"}]}<\/script>\n<!-- \/ Yoast SEO plugin. -->","yoast_head_json":{"title":"Cadeira Guardi\u00e3o A\u00e7o Inox com Rodas\/Suporte - Loja de Equipamentos","description":"Cadeira Guardi\u00e3o A\u00e7o Inox e Seguran\u00e7a Albacete R$ 8.451,00 Assento Fibra de Vidro, 01 Par de Rodas e Suporte para 01 Guarda-Sol.","robots":{"index":"index","follow":"follow","max-snippet":"max-snippet:-1","max-image-preview":"max-image-preview:large","max-video-preview":"max-video-preview:-1"},"canonical":"https:\/\/www.lojadeequipamentos.com.br\/loja\/produto\/cadeira-guardiao-aco-inox-com-rodas\/","og_locale":"pt_BR","og_type":"article","og_title":"Cadeira Guardi\u00e3o A\u00e7o Inox com Rodas\/Suporte - Loja de Equipamentos","og_description":"Cadeira Guardi\u00e3o A\u00e7o Inox e Seguran\u00e7a Albacete R$ 8.451,00 Assento Fibra de Vidro, 01 Par de Rodas e Suporte para 01 Guarda-Sol.","og_url":"https:\/\/www.lojadeequipamentos.com.br\/loja\/produto\/cadeira-guardiao-aco-inox-com-rodas\/","og_site_name":"Loja de Equipamentos","article_modified_time":"2024-09-05T11:31:48+00:00","og_image":[{"width":270,"height":200,"url":"https:\/\/www.lojadeequipamentos.com.br\/loja\/wp-content\/uploads\/2020\/09\/cadeira-inox-loja-de-equipamentos.jpg","type":"image\/jpeg"}],"twitter_card":"summary_large_image","twitter_misc":{"Est. tempo de leitura":"2 minutos"},"schema":{"@context":"https:\/\/schema.org","@graph":[{"@type":"WebPage","@id":"https:\/\/www.lojadeequipamentos.com.br\/loja\/produto\/cadeira-guardiao-aco-inox-com-rodas\/","url":"https:\/\/www.lojadeequipamentos.com.br\/loja\/produto\/cadeira-guardiao-aco-inox-com-rodas\/","name":"Cadeira Guardi\u00e3o A\u00e7o Inox com Rodas\/Suporte - Loja de Equipamentos","isPartOf":{"@id":"https:\/\/www.lojadeequipamentos.com.br\/loja\/#website"},"primaryImageOfPage":{"@id":"https:\/\/www.lojadeequipamentos.com.br\/loja\/produto\/cadeira-guardiao-aco-inox-com-rodas\/#primaryimage"},"image":{"@id":"https:\/\/www.lojadeequipamentos.com.br\/loja\/produto\/cadeira-guardiao-aco-inox-com-rodas\/#primaryimage"},"thumbnailUrl":"https:\/\/www.lojadeequipamentos.com.br\/loja\/wp-content\/uploads\/2020\/09\/cadeira-inox-loja-de-equipamentos.jpg","datePublished":"2016-04-14T01:04:54+00:00","dateModified":"2024-09-05T11:31:48+00:00","description":"Cadeira Guardi\u00e3o A\u00e7o Inox e Seguran\u00e7a Albacete R$ 8.451,00 Assento Fibra de Vidro, 01 Par de Rodas e Suporte para 01 Guarda-Sol.","breadcrumb":{"@id":"https:\/\/www.lojadeequipamentos.com.br\/loja\/produto\/cadeira-guardiao-aco-inox-com-rodas\/#breadcrumb"},"inLanguage":"pt-BR","potentialAction":[{"@type":"ReadAction","target":["https:\/\/www.lojadeequipamentos.com.br\/loja\/produto\/cadeira-guardiao-aco-inox-com-rodas\/"]}]},{"@type":"ImageObject","inLanguage":"pt-BR","@id":"https:\/\/www.lojadeequipamentos.com.br\/loja\/produto\/cadeira-guardiao-aco-inox-com-rodas\/#primaryimage","url":"https:\/\/www.lojadeequipamentos.com.br\/loja\/wp-content\/uploads\/2020\/09\/cadeira-inox-loja-de-equipamentos.jpg","contentUrl":"https:\/\/www.lojadeequipamentos.com.br\/loja\/wp-content\/uploads\/2020\/09\/cadeira-inox-loja-de-equipamentos.jpg","width":270,"height":200},{"@type":"BreadcrumbList","@id":"https:\/\/www.lojadeequipamentos.com.br\/loja\/produto\/cadeira-guardiao-aco-inox-com-rodas\/#breadcrumb","itemListElement":[{"@type":"ListItem","position":1,"name":"In\u00edcio","item":"https:\/\/www.lojadeequipamentos.com.br\/loja\/"},{"@type":"ListItem","position":2,"name":"Loja Virtual","item":"https:\/\/www.lojadeequipamentos.com.br\/loja\/shop\/"},{"@type":"ListItem","position":3,"name":"Cadeira Guardi\u00e3o A\u00e7o Inox com Rodas e Suporte \/ Albacete"}]},{"@type":"WebSite","@id":"https:\/\/www.lojadeequipamentos.com.br\/loja\/#website","url":"https:\/\/www.lojadeequipamentos.com.br\/loja\/","name":"Loja de Equipamentos","description":"","potentialAction":[{"@type":"SearchAction","target":{"@type":"EntryPoint","urlTemplate":"https:\/\/www.lojadeequipamentos.com.br\/loja\/?s={search_term_string}"},"query-input":{"@type":"PropertyValueSpecification","valueRequired":true,"valueName":"search_term_string"}}],"inLanguage":"pt-BR"}]}},"_links":{"self":[{"href":"https:\/\/www.lojadeequipamentos.com.br\/loja\/wp-json\/wp\/v2\/product\/3384","targetHints":{"allow":["GET"]}}],"collection":[{"href":"https:\/\/www.lojadeequipamentos.com.br\/loja\/wp-json\/wp\/v2\/product"}],"about":[{"href":"https:\/\/www.lojadeequipamentos.com.br\/loja\/wp-json\/wp\/v2\/types\/product"}],"replies":[{"embeddable":true,"href":"https:\/\/www.lojadeequipamentos.com.br\/loja\/wp-json\/wp\/v2\/comments?post=3384"}],"wp:featuredmedia":[{"embeddable":true,"href":"https:\/\/www.lojadeequipamentos.com.br\/loja\/wp-json\/wp\/v2\/media\/4347"}],"wp:attachment":[{"href":"https:\/\/www.lojadeequipamentos.com.br\/loja\/wp-json\/wp\/v2\/media?parent=3384"}],"wp:term":[{"taxonomy":"product_brand","embeddable":true,"href":"https:\/\/www.lojadeequipamentos.com.br\/loja\/wp-json\/wp\/v2\/product_brand?post=3384"},{"taxonomy":"product_cat","embeddable":true,"href":"https:\/\/www.lojadeequipamentos.com.br\/loja\/wp-json\/wp\/v2\/product_cat?post=3384"},{"taxonomy":"product_tag","embeddable":true,"href":"https:\/\/www.lojadeequipamentos.com.br\/loja\/wp-json\/wp\/v2\/product_tag?post=3384"}],"curies":[{"name":"wp","href":"https:\/\/api.w.org\/{rel}","templated":true}]}}