{"id":3250,"date":"2015-09-07T16:30:36","date_gmt":"2015-09-07T16:30:36","guid":{"rendered":"http:\/\/www.lojadeequipamentos.com.br\/loja\/?post_type=product&#038;p=3250"},"modified":"2021-03-14T01:52:15","modified_gmt":"2021-03-14T01:52:15","slug":"tampao-termico-spa-marbella-5000-albacete","status":"publish","type":"product","link":"https:\/\/www.lojadeequipamentos.com.br\/loja\/produto\/tampao-termico-spa-marbella-5000-albacete\/","title":{"rendered":"Tamp\u00e3o Termico SPA Marbella 5000 &#8211; Albacete"},"content":{"rendered":"<p><strong>Tamp\u00e3o Termico SPA Marbella 5000 - Albacete<\/strong><br \/>\nDescri\u00e7\u00e3o: o tamp\u00e3o termico foi cuidadosamente projetado para proteger com muito bom gosto em sua \u00e1rea de lazer externa ou interna o seu SPA. A utiliza\u00e7\u00e3o do tamp\u00e3o t\u00e9rmico oferece uma enorme economia no consumo de energia el\u00e9trica ou de g\u00e1s para o aquecimento do seu equipamento e uma diminui\u00e7\u00e3o no tempo e manuten\u00e7\u00e3o de aquecimento da \u00e1gua; alem de proteger da poeira e chuva (\u00e1rea externa).Fabricado em material termo-isolante, coberto com vinil resistente a intemp\u00e9ries.<br \/>\nModelo: Marbella 5000 Gel Coat e Acr\u00edlico.<br \/>\nDimens\u00e3o: 2,13 x 2,13m.<br \/>\nPeso: 20,730Kg.<br \/>\n<strong>Cores:<\/strong> Branco, Azul, Marrom e Verde<br \/>\nFrete: para o RJ capital \u00e9 gratuito; favor enviar dados para cota\u00e7\u00e3o fora da capital do RJ.<\/p>\n<p>Visite nosso facebook: <a href=\"http:\/\/www.facebook.com\/lojadeequipamentos\" target=\"_blank\" rel=\"noopener\">facebook\/lojadeequipamentos<\/a><\/p>\n","protected":false},"excerpt":{"rendered":"<strong>Tamp\u00e3o Termico SPA Marbella 5000 - Albacete<\/strong>","protected":false},"featured_media":0,"comment_status":"open","ping_status":"closed","template":"","meta":{"_links_to":"","_links_to_target":""},"product_brand":[],"product_cat":[4807],"product_tag":[1306,1459,1320,1460,1461,1274,1275,1430,1462],"class_list":{"0":"post-3250","1":"product","2":"type-product","3":"status-publish","5":"product_cat-tampao","6":"product_tag-tampa-termica-albacete","7":"product_tag-tampa-termica-marbella-5000","8":"product_tag-tampa-termica-spa-albacete","9":"product_tag-tampa-termica-spa-marbella-5000","10":"product_tag-tampao-marbella-5000","11":"product_tag-tampao-termico-albacete","12":"product_tag-tampao-termico-marbella-5000","13":"product_tag-tampao-termico-spa-albacete","14":"product_tag-tampao-termico-spa-marbella-5000","16":"first","17":"instock","18":"shipping-taxable","19":"purchasable","20":"product-type-simple"},"yoast_head":"<!-- This site is optimized with the Yoast SEO plugin v27.3 - https:\/\/yoast.com\/product\/yoast-seo-wordpress\/ -->\n<title>Tamp\u00e3o Termico SPA Marbella 5000 - Albacete - Loja de Equipamentos<\/title>\n<meta name=\"description\" content=\"SPA Marbella tamp\u00e3o termico R$ 2.138,00 material termo-isolante, de vinil resistente a intemp\u00e9ries, menor no consumo de energia e tempo de aquecimento.\" \/>\n<meta name=\"robots\" content=\"index, follow, max-snippet:-1, max-image-preview:large, max-video-preview:-1\" \/>\n<link rel=\"canonical\" href=\"https:\/\/www.lojadeequipamentos.com.br\/loja\/produto\/tampao-termico-spa-marbella-5000-albacete\/\" \/>\n<meta property=\"og:locale\" content=\"pt_BR\" \/>\n<meta property=\"og:type\" content=\"article\" \/>\n<meta property=\"og:title\" content=\"Tamp\u00e3o Termico SPA Marbella 5000 - Albacete - Loja de Equipamentos\" \/>\n<meta property=\"og:description\" content=\"SPA Marbella tamp\u00e3o termico R$ 2.138,00 material termo-isolante, de vinil resistente a intemp\u00e9ries, menor no consumo de energia e tempo de aquecimento.\" \/>\n<meta property=\"og:url\" content=\"https:\/\/www.lojadeequipamentos.com.br\/loja\/produto\/tampao-termico-spa-marbella-5000-albacete\/\" \/>\n<meta property=\"og:site_name\" content=\"Loja de Equipamentos\" \/>\n<meta property=\"article:modified_time\" content=\"2021-03-14T01:52:15+00:00\" \/>\n<meta name=\"twitter:card\" content=\"summary_large_image\" \/>\n<meta name=\"twitter:label1\" content=\"Est. tempo de leitura\" \/>\n\t<meta name=\"twitter:data1\" content=\"1 minuto\" \/>\n<script type=\"application\/ld+json\" class=\"yoast-schema-graph\">{\"@context\":\"https:\\\/\\\/schema.org\",\"@graph\":[{\"@type\":\"WebPage\",\"@id\":\"https:\\\/\\\/www.lojadeequipamentos.com.br\\\/loja\\\/produto\\\/tampao-termico-spa-marbella-5000-albacete\\\/\",\"url\":\"https:\\\/\\\/www.lojadeequipamentos.com.br\\\/loja\\\/produto\\\/tampao-termico-spa-marbella-5000-albacete\\\/\",\"name\":\"Tamp\u00e3o Termico SPA Marbella 5000 - Albacete - Loja de Equipamentos\",\"isPartOf\":{\"@id\":\"https:\\\/\\\/www.lojadeequipamentos.com.br\\\/loja\\\/#website\"},\"datePublished\":\"2015-09-07T16:30:36+00:00\",\"dateModified\":\"2021-03-14T01:52:15+00:00\",\"description\":\"SPA Marbella tamp\u00e3o termico R$ 2.138,00 material termo-isolante, de vinil resistente a intemp\u00e9ries, menor no consumo de energia e tempo de aquecimento.\",\"breadcrumb\":{\"@id\":\"https:\\\/\\\/www.lojadeequipamentos.com.br\\\/loja\\\/produto\\\/tampao-termico-spa-marbella-5000-albacete\\\/#breadcrumb\"},\"inLanguage\":\"pt-BR\",\"potentialAction\":[{\"@type\":\"ReadAction\",\"target\":[\"https:\\\/\\\/www.lojadeequipamentos.com.br\\\/loja\\\/produto\\\/tampao-termico-spa-marbella-5000-albacete\\\/\"]}]},{\"@type\":\"BreadcrumbList\",\"@id\":\"https:\\\/\\\/www.lojadeequipamentos.com.br\\\/loja\\\/produto\\\/tampao-termico-spa-marbella-5000-albacete\\\/#breadcrumb\",\"itemListElement\":[{\"@type\":\"ListItem\",\"position\":1,\"name\":\"In\u00edcio\",\"item\":\"https:\\\/\\\/www.lojadeequipamentos.com.br\\\/loja\\\/\"},{\"@type\":\"ListItem\",\"position\":2,\"name\":\"Loja Virtual\",\"item\":\"https:\\\/\\\/www.lojadeequipamentos.com.br\\\/loja\\\/shop\\\/\"},{\"@type\":\"ListItem\",\"position\":3,\"name\":\"Tamp\u00e3o Termico SPA Marbella 5000 &#8211; Albacete\"}]},{\"@type\":\"WebSite\",\"@id\":\"https:\\\/\\\/www.lojadeequipamentos.com.br\\\/loja\\\/#website\",\"url\":\"https:\\\/\\\/www.lojadeequipamentos.com.br\\\/loja\\\/\",\"name\":\"Loja de Equipamentos\",\"description\":\"\",\"potentialAction\":[{\"@type\":\"SearchAction\",\"target\":{\"@type\":\"EntryPoint\",\"urlTemplate\":\"https:\\\/\\\/www.lojadeequipamentos.com.br\\\/loja\\\/?s={search_term_string}\"},\"query-input\":{\"@type\":\"PropertyValueSpecification\",\"valueRequired\":true,\"valueName\":\"search_term_string\"}}],\"inLanguage\":\"pt-BR\"}]}<\/script>\n<!-- \/ Yoast SEO plugin. -->","yoast_head_json":{"title":"Tamp\u00e3o Termico SPA Marbella 5000 - Albacete - Loja de Equipamentos","description":"SPA Marbella tamp\u00e3o termico R$ 2.138,00 material termo-isolante, de vinil resistente a intemp\u00e9ries, menor no consumo de energia e tempo de aquecimento.","robots":{"index":"index","follow":"follow","max-snippet":"max-snippet:-1","max-image-preview":"max-image-preview:large","max-video-preview":"max-video-preview:-1"},"canonical":"https:\/\/www.lojadeequipamentos.com.br\/loja\/produto\/tampao-termico-spa-marbella-5000-albacete\/","og_locale":"pt_BR","og_type":"article","og_title":"Tamp\u00e3o Termico SPA Marbella 5000 - Albacete - Loja de Equipamentos","og_description":"SPA Marbella tamp\u00e3o termico R$ 2.138,00 material termo-isolante, de vinil resistente a intemp\u00e9ries, menor no consumo de energia e tempo de aquecimento.","og_url":"https:\/\/www.lojadeequipamentos.com.br\/loja\/produto\/tampao-termico-spa-marbella-5000-albacete\/","og_site_name":"Loja de Equipamentos","article_modified_time":"2021-03-14T01:52:15+00:00","twitter_card":"summary_large_image","twitter_misc":{"Est. tempo de leitura":"1 minuto"},"schema":{"@context":"https:\/\/schema.org","@graph":[{"@type":"WebPage","@id":"https:\/\/www.lojadeequipamentos.com.br\/loja\/produto\/tampao-termico-spa-marbella-5000-albacete\/","url":"https:\/\/www.lojadeequipamentos.com.br\/loja\/produto\/tampao-termico-spa-marbella-5000-albacete\/","name":"Tamp\u00e3o Termico SPA Marbella 5000 - Albacete - Loja de Equipamentos","isPartOf":{"@id":"https:\/\/www.lojadeequipamentos.com.br\/loja\/#website"},"datePublished":"2015-09-07T16:30:36+00:00","dateModified":"2021-03-14T01:52:15+00:00","description":"SPA Marbella tamp\u00e3o termico R$ 2.138,00 material termo-isolante, de vinil resistente a intemp\u00e9ries, menor no consumo de energia e tempo de aquecimento.","breadcrumb":{"@id":"https:\/\/www.lojadeequipamentos.com.br\/loja\/produto\/tampao-termico-spa-marbella-5000-albacete\/#breadcrumb"},"inLanguage":"pt-BR","potentialAction":[{"@type":"ReadAction","target":["https:\/\/www.lojadeequipamentos.com.br\/loja\/produto\/tampao-termico-spa-marbella-5000-albacete\/"]}]},{"@type":"BreadcrumbList","@id":"https:\/\/www.lojadeequipamentos.com.br\/loja\/produto\/tampao-termico-spa-marbella-5000-albacete\/#breadcrumb","itemListElement":[{"@type":"ListItem","position":1,"name":"In\u00edcio","item":"https:\/\/www.lojadeequipamentos.com.br\/loja\/"},{"@type":"ListItem","position":2,"name":"Loja Virtual","item":"https:\/\/www.lojadeequipamentos.com.br\/loja\/shop\/"},{"@type":"ListItem","position":3,"name":"Tamp\u00e3o Termico SPA Marbella 5000 &#8211; Albacete"}]},{"@type":"WebSite","@id":"https:\/\/www.lojadeequipamentos.com.br\/loja\/#website","url":"https:\/\/www.lojadeequipamentos.com.br\/loja\/","name":"Loja de Equipamentos","description":"","potentialAction":[{"@type":"SearchAction","target":{"@type":"EntryPoint","urlTemplate":"https:\/\/www.lojadeequipamentos.com.br\/loja\/?s={search_term_string}"},"query-input":{"@type":"PropertyValueSpecification","valueRequired":true,"valueName":"search_term_string"}}],"inLanguage":"pt-BR"}]}},"_links":{"self":[{"href":"https:\/\/www.lojadeequipamentos.com.br\/loja\/wp-json\/wp\/v2\/product\/3250","targetHints":{"allow":["GET"]}}],"collection":[{"href":"https:\/\/www.lojadeequipamentos.com.br\/loja\/wp-json\/wp\/v2\/product"}],"about":[{"href":"https:\/\/www.lojadeequipamentos.com.br\/loja\/wp-json\/wp\/v2\/types\/product"}],"replies":[{"embeddable":true,"href":"https:\/\/www.lojadeequipamentos.com.br\/loja\/wp-json\/wp\/v2\/comments?post=3250"}],"wp:attachment":[{"href":"https:\/\/www.lojadeequipamentos.com.br\/loja\/wp-json\/wp\/v2\/media?parent=3250"}],"wp:term":[{"taxonomy":"product_brand","embeddable":true,"href":"https:\/\/www.lojadeequipamentos.com.br\/loja\/wp-json\/wp\/v2\/product_brand?post=3250"},{"taxonomy":"product_cat","embeddable":true,"href":"https:\/\/www.lojadeequipamentos.com.br\/loja\/wp-json\/wp\/v2\/product_cat?post=3250"},{"taxonomy":"product_tag","embeddable":true,"href":"https:\/\/www.lojadeequipamentos.com.br\/loja\/wp-json\/wp\/v2\/product_tag?post=3250"}],"curies":[{"name":"wp","href":"https:\/\/api.w.org\/{rel}","templated":true}]}}