{"id":3235,"date":"2015-09-01T22:28:59","date_gmt":"2015-09-01T22:28:59","guid":{"rendered":"http:\/\/www.lojadeequipamentos.com.br\/loja\/?post_type=product&#038;p=3235"},"modified":"2022-06-29T20:24:30","modified_gmt":"2022-06-29T20:24:30","slug":"coletor-solar-placa-solar-100-x-150-namarra","status":"publish","type":"product","link":"https:\/\/www.lojadeequipamentos.com.br\/loja\/produto\/coletor-solar-placa-solar-100-x-150-namarra\/","title":{"rendered":"Coletor Solar \/ Placa Solar 1,00 x 1,40 Namarra"},"content":{"rendered":"<p><strong>Coletor Solar \/ Placa Solar 1,00 x 1,40 <\/strong><br \/>\nColetor Solar \u00e9 um dispositivo onde verificasse a transmiss\u00e3o do calor atrav\u00e9s de tr\u00eas processos: condu\u00e7\u00e3o, convec\u00e7\u00e3o e radia\u00e7\u00e3o. A energia solar que incide por radia\u00e7\u00e3o \u00e9 absorvida pelas placas coletoras\/solares.Estas transmitem a parcela absorvida desta energia para a \u00e1gua (que circula no interior de suas tubula\u00e7\u00f5es de cobre), sendo que uma pequena parte \u00e9 refletida para o ar que envolve a chapa. A efici\u00eancia do coletor \u00e9 dada pela propor\u00e7\u00e3o dessas tr\u00eas parcelas de energia (absorvida, transmitida e refletida) em rela\u00e7\u00e3o \u00e0 quantidade total de energia incidente.<\/p>\n<p>Descri\u00e7\u00e3o: Modelo horizontal constru\u00eddo em perfilado de alum\u00ednio, dando maior resist\u00eancia ao coletor, vidro plano transparente e serpentina de tubos de cobre de 22mm, aletas de alum\u00ednio ou cobre de 3\/8, isolamento com l\u00e3 de vidro e veda\u00e7\u00e3o com silicone industrial.<br \/>\nTipo de Instala\u00e7\u00e3o: para aquecimento de Boilers Solares e Piscinas desprovidas de Tratamento a Cloro.<br \/>\nMedida e Peso: largura 100cm x espessura 6,5cm x comprimento 140cm, peso de Kg.<br \/>\nGarantia:\u00a01 ano contra defeito de fabrica\u00e7\u00e3o.<br \/>\nObs: rendimento em \u00e1reas quente 1m\u00b2 x 140L e \u00e1reas frias 1m\u00b2 x 80L\/98L.<br \/>\n<br \/>\n<strong>FAVOR ENTRAR EM CONTATO PARA COTA\u00c7\u00c3O DE FRETE<strong><\/strong><\/strong><br \/>\n<br \/>\n<a href=\"https:\/\/api.whatsapp.com\/send?phone=5521964144201\"><img loading=\"lazy\" decoding=\"async\" class=\"alignnone size-full wp-image-4307\" alt=\"botao_whatsapp\" src=\"http:\/\/www.lojadeequipamentos.com.br\/loja\/wp-content\/uploads\/2020\/08\/botao_whatsapp.png\" width=\"226\" height=\"82\" \/><\/a><\/p>\n","protected":false},"excerpt":{"rendered":"<strong>Coletor Solar \/ Placa Solar 1,00 x 1,40 <\/strong>","protected":false},"featured_media":2826,"comment_status":"open","ping_status":"closed","template":"","meta":{"_links_to":"","_links_to_target":""},"product_brand":[],"product_cat":[1407],"product_tag":[1420,503,4261,1415,1421,505,4262,1417,1409,504,4263,1414],"class_list":{"0":"post-3235","1":"product","2":"type-product","3":"status-publish","4":"has-post-thumbnail","6":"product_cat-coletor-solar-2","7":"product_tag-coletor-de-captacao-solar","8":"product_tag-coletor-solar","9":"product_tag-coletor-solar-1-4-x-1-0","10":"product_tag-coletor-solar-horizontal","11":"product_tag-painel-de-captacao-solar","12":"product_tag-painel-solar","13":"product_tag-painel-solar-1-4-x-1-0","14":"product_tag-painel-solar-horizontal","15":"product_tag-placa-de-captacao-solar","16":"product_tag-placa-solar","17":"product_tag-placa-solar-1-4-x-1-0","18":"product_tag-placa-solar-horizontal","20":"first","21":"outofstock","22":"sale","23":"shipping-taxable","24":"purchasable","25":"product-type-simple"},"yoast_head":"<!-- This site is optimized with the Yoast SEO plugin v27.3 - https:\/\/yoast.com\/product\/yoast-seo-wordpress\/ -->\n<title>Coletor Solar \/ Placa Solar 1,00 x 1,40 - Loja de Equipamentos<\/title>\n<meta name=\"description\" content=\"Coletor Solar perfilado de alum\u00ednio, R$ 670,00 - tubos de cobre de 22mm, aletas de 3\/8, isolamento l\u00e3 de vidro e veda\u00e7\u00e3o silicone industrial.\" \/>\n<meta name=\"robots\" content=\"index, follow, max-snippet:-1, max-image-preview:large, max-video-preview:-1\" \/>\n<link rel=\"canonical\" href=\"https:\/\/www.lojadeequipamentos.com.br\/loja\/produto\/coletor-solar-placa-solar-100-x-150-namarra\/\" \/>\n<meta property=\"og:locale\" content=\"pt_BR\" \/>\n<meta property=\"og:type\" content=\"article\" \/>\n<meta property=\"og:title\" content=\"Coletor Solar \/ Placa Solar 1,00 x 1,40 - Loja de Equipamentos\" \/>\n<meta property=\"og:description\" content=\"Coletor Solar perfilado de alum\u00ednio, R$ 670,00 - tubos de cobre de 22mm, aletas de 3\/8, isolamento l\u00e3 de vidro e veda\u00e7\u00e3o silicone industrial.\" \/>\n<meta property=\"og:url\" content=\"https:\/\/www.lojadeequipamentos.com.br\/loja\/produto\/coletor-solar-placa-solar-100-x-150-namarra\/\" \/>\n<meta property=\"og:site_name\" content=\"Loja de Equipamentos\" \/>\n<meta property=\"article:modified_time\" content=\"2022-06-29T20:24:30+00:00\" \/>\n<meta property=\"og:image\" content=\"https:\/\/www.lojadeequipamentos.com.br\/loja\/wp-content\/uploads\/2015\/05\/coletor.png\" \/>\n\t<meta property=\"og:image:width\" content=\"400\" \/>\n\t<meta property=\"og:image:height\" content=\"400\" \/>\n\t<meta property=\"og:image:type\" content=\"image\/png\" \/>\n<meta name=\"twitter:card\" content=\"summary_large_image\" \/>\n<meta name=\"twitter:label1\" content=\"Est. tempo de leitura\" \/>\n\t<meta name=\"twitter:data1\" content=\"1 minuto\" \/>\n<script type=\"application\/ld+json\" class=\"yoast-schema-graph\">{\"@context\":\"https:\\\/\\\/schema.org\",\"@graph\":[{\"@type\":\"WebPage\",\"@id\":\"https:\\\/\\\/www.lojadeequipamentos.com.br\\\/loja\\\/produto\\\/coletor-solar-placa-solar-100-x-150-namarra\\\/\",\"url\":\"https:\\\/\\\/www.lojadeequipamentos.com.br\\\/loja\\\/produto\\\/coletor-solar-placa-solar-100-x-150-namarra\\\/\",\"name\":\"Coletor Solar \\\/ Placa Solar 1,00 x 1,40 - Loja de Equipamentos\",\"isPartOf\":{\"@id\":\"https:\\\/\\\/www.lojadeequipamentos.com.br\\\/loja\\\/#website\"},\"primaryImageOfPage\":{\"@id\":\"https:\\\/\\\/www.lojadeequipamentos.com.br\\\/loja\\\/produto\\\/coletor-solar-placa-solar-100-x-150-namarra\\\/#primaryimage\"},\"image\":{\"@id\":\"https:\\\/\\\/www.lojadeequipamentos.com.br\\\/loja\\\/produto\\\/coletor-solar-placa-solar-100-x-150-namarra\\\/#primaryimage\"},\"thumbnailUrl\":\"https:\\\/\\\/www.lojadeequipamentos.com.br\\\/loja\\\/wp-content\\\/uploads\\\/2015\\\/05\\\/coletor.png\",\"datePublished\":\"2015-09-01T22:28:59+00:00\",\"dateModified\":\"2022-06-29T20:24:30+00:00\",\"description\":\"Coletor Solar perfilado de alum\u00ednio, R$ 670,00 - tubos de cobre de 22mm, aletas de 3\\\/8, isolamento l\u00e3 de vidro e veda\u00e7\u00e3o silicone industrial.\",\"breadcrumb\":{\"@id\":\"https:\\\/\\\/www.lojadeequipamentos.com.br\\\/loja\\\/produto\\\/coletor-solar-placa-solar-100-x-150-namarra\\\/#breadcrumb\"},\"inLanguage\":\"pt-BR\",\"potentialAction\":[{\"@type\":\"ReadAction\",\"target\":[\"https:\\\/\\\/www.lojadeequipamentos.com.br\\\/loja\\\/produto\\\/coletor-solar-placa-solar-100-x-150-namarra\\\/\"]}]},{\"@type\":\"ImageObject\",\"inLanguage\":\"pt-BR\",\"@id\":\"https:\\\/\\\/www.lojadeequipamentos.com.br\\\/loja\\\/produto\\\/coletor-solar-placa-solar-100-x-150-namarra\\\/#primaryimage\",\"url\":\"https:\\\/\\\/www.lojadeequipamentos.com.br\\\/loja\\\/wp-content\\\/uploads\\\/2015\\\/05\\\/coletor.png\",\"contentUrl\":\"https:\\\/\\\/www.lojadeequipamentos.com.br\\\/loja\\\/wp-content\\\/uploads\\\/2015\\\/05\\\/coletor.png\",\"width\":400,\"height\":400},{\"@type\":\"BreadcrumbList\",\"@id\":\"https:\\\/\\\/www.lojadeequipamentos.com.br\\\/loja\\\/produto\\\/coletor-solar-placa-solar-100-x-150-namarra\\\/#breadcrumb\",\"itemListElement\":[{\"@type\":\"ListItem\",\"position\":1,\"name\":\"In\u00edcio\",\"item\":\"https:\\\/\\\/www.lojadeequipamentos.com.br\\\/loja\\\/\"},{\"@type\":\"ListItem\",\"position\":2,\"name\":\"Loja Virtual\",\"item\":\"https:\\\/\\\/www.lojadeequipamentos.com.br\\\/loja\\\/shop\\\/\"},{\"@type\":\"ListItem\",\"position\":3,\"name\":\"Coletor Solar \\\/ Placa Solar 1,00 x 1,40 Namarra\"}]},{\"@type\":\"WebSite\",\"@id\":\"https:\\\/\\\/www.lojadeequipamentos.com.br\\\/loja\\\/#website\",\"url\":\"https:\\\/\\\/www.lojadeequipamentos.com.br\\\/loja\\\/\",\"name\":\"Loja de Equipamentos\",\"description\":\"\",\"potentialAction\":[{\"@type\":\"SearchAction\",\"target\":{\"@type\":\"EntryPoint\",\"urlTemplate\":\"https:\\\/\\\/www.lojadeequipamentos.com.br\\\/loja\\\/?s={search_term_string}\"},\"query-input\":{\"@type\":\"PropertyValueSpecification\",\"valueRequired\":true,\"valueName\":\"search_term_string\"}}],\"inLanguage\":\"pt-BR\"}]}<\/script>\n<!-- \/ Yoast SEO plugin. -->","yoast_head_json":{"title":"Coletor Solar \/ Placa Solar 1,00 x 1,40 - Loja de Equipamentos","description":"Coletor Solar perfilado de alum\u00ednio, R$ 670,00 - tubos de cobre de 22mm, aletas de 3\/8, isolamento l\u00e3 de vidro e veda\u00e7\u00e3o silicone industrial.","robots":{"index":"index","follow":"follow","max-snippet":"max-snippet:-1","max-image-preview":"max-image-preview:large","max-video-preview":"max-video-preview:-1"},"canonical":"https:\/\/www.lojadeequipamentos.com.br\/loja\/produto\/coletor-solar-placa-solar-100-x-150-namarra\/","og_locale":"pt_BR","og_type":"article","og_title":"Coletor Solar \/ Placa Solar 1,00 x 1,40 - Loja de Equipamentos","og_description":"Coletor Solar perfilado de alum\u00ednio, R$ 670,00 - tubos de cobre de 22mm, aletas de 3\/8, isolamento l\u00e3 de vidro e veda\u00e7\u00e3o silicone industrial.","og_url":"https:\/\/www.lojadeequipamentos.com.br\/loja\/produto\/coletor-solar-placa-solar-100-x-150-namarra\/","og_site_name":"Loja de Equipamentos","article_modified_time":"2022-06-29T20:24:30+00:00","og_image":[{"width":400,"height":400,"url":"https:\/\/www.lojadeequipamentos.com.br\/loja\/wp-content\/uploads\/2015\/05\/coletor.png","type":"image\/png"}],"twitter_card":"summary_large_image","twitter_misc":{"Est. tempo de leitura":"1 minuto"},"schema":{"@context":"https:\/\/schema.org","@graph":[{"@type":"WebPage","@id":"https:\/\/www.lojadeequipamentos.com.br\/loja\/produto\/coletor-solar-placa-solar-100-x-150-namarra\/","url":"https:\/\/www.lojadeequipamentos.com.br\/loja\/produto\/coletor-solar-placa-solar-100-x-150-namarra\/","name":"Coletor Solar \/ Placa Solar 1,00 x 1,40 - Loja de Equipamentos","isPartOf":{"@id":"https:\/\/www.lojadeequipamentos.com.br\/loja\/#website"},"primaryImageOfPage":{"@id":"https:\/\/www.lojadeequipamentos.com.br\/loja\/produto\/coletor-solar-placa-solar-100-x-150-namarra\/#primaryimage"},"image":{"@id":"https:\/\/www.lojadeequipamentos.com.br\/loja\/produto\/coletor-solar-placa-solar-100-x-150-namarra\/#primaryimage"},"thumbnailUrl":"https:\/\/www.lojadeequipamentos.com.br\/loja\/wp-content\/uploads\/2015\/05\/coletor.png","datePublished":"2015-09-01T22:28:59+00:00","dateModified":"2022-06-29T20:24:30+00:00","description":"Coletor Solar perfilado de alum\u00ednio, R$ 670,00 - tubos de cobre de 22mm, aletas de 3\/8, isolamento l\u00e3 de vidro e veda\u00e7\u00e3o silicone industrial.","breadcrumb":{"@id":"https:\/\/www.lojadeequipamentos.com.br\/loja\/produto\/coletor-solar-placa-solar-100-x-150-namarra\/#breadcrumb"},"inLanguage":"pt-BR","potentialAction":[{"@type":"ReadAction","target":["https:\/\/www.lojadeequipamentos.com.br\/loja\/produto\/coletor-solar-placa-solar-100-x-150-namarra\/"]}]},{"@type":"ImageObject","inLanguage":"pt-BR","@id":"https:\/\/www.lojadeequipamentos.com.br\/loja\/produto\/coletor-solar-placa-solar-100-x-150-namarra\/#primaryimage","url":"https:\/\/www.lojadeequipamentos.com.br\/loja\/wp-content\/uploads\/2015\/05\/coletor.png","contentUrl":"https:\/\/www.lojadeequipamentos.com.br\/loja\/wp-content\/uploads\/2015\/05\/coletor.png","width":400,"height":400},{"@type":"BreadcrumbList","@id":"https:\/\/www.lojadeequipamentos.com.br\/loja\/produto\/coletor-solar-placa-solar-100-x-150-namarra\/#breadcrumb","itemListElement":[{"@type":"ListItem","position":1,"name":"In\u00edcio","item":"https:\/\/www.lojadeequipamentos.com.br\/loja\/"},{"@type":"ListItem","position":2,"name":"Loja Virtual","item":"https:\/\/www.lojadeequipamentos.com.br\/loja\/shop\/"},{"@type":"ListItem","position":3,"name":"Coletor Solar \/ Placa Solar 1,00 x 1,40 Namarra"}]},{"@type":"WebSite","@id":"https:\/\/www.lojadeequipamentos.com.br\/loja\/#website","url":"https:\/\/www.lojadeequipamentos.com.br\/loja\/","name":"Loja de Equipamentos","description":"","potentialAction":[{"@type":"SearchAction","target":{"@type":"EntryPoint","urlTemplate":"https:\/\/www.lojadeequipamentos.com.br\/loja\/?s={search_term_string}"},"query-input":{"@type":"PropertyValueSpecification","valueRequired":true,"valueName":"search_term_string"}}],"inLanguage":"pt-BR"}]}},"_links":{"self":[{"href":"https:\/\/www.lojadeequipamentos.com.br\/loja\/wp-json\/wp\/v2\/product\/3235","targetHints":{"allow":["GET"]}}],"collection":[{"href":"https:\/\/www.lojadeequipamentos.com.br\/loja\/wp-json\/wp\/v2\/product"}],"about":[{"href":"https:\/\/www.lojadeequipamentos.com.br\/loja\/wp-json\/wp\/v2\/types\/product"}],"replies":[{"embeddable":true,"href":"https:\/\/www.lojadeequipamentos.com.br\/loja\/wp-json\/wp\/v2\/comments?post=3235"}],"wp:featuredmedia":[{"embeddable":true,"href":"https:\/\/www.lojadeequipamentos.com.br\/loja\/wp-json\/wp\/v2\/media\/2826"}],"wp:attachment":[{"href":"https:\/\/www.lojadeequipamentos.com.br\/loja\/wp-json\/wp\/v2\/media?parent=3235"}],"wp:term":[{"taxonomy":"product_brand","embeddable":true,"href":"https:\/\/www.lojadeequipamentos.com.br\/loja\/wp-json\/wp\/v2\/product_brand?post=3235"},{"taxonomy":"product_cat","embeddable":true,"href":"https:\/\/www.lojadeequipamentos.com.br\/loja\/wp-json\/wp\/v2\/product_cat?post=3235"},{"taxonomy":"product_tag","embeddable":true,"href":"https:\/\/www.lojadeequipamentos.com.br\/loja\/wp-json\/wp\/v2\/product_tag?post=3235"}],"curies":[{"name":"wp","href":"https:\/\/api.w.org\/{rel}","templated":true}]}}