{"id":3200,"date":"2015-08-27T03:57:21","date_gmt":"2015-08-27T03:57:21","guid":{"rendered":"http:\/\/www.lojadeequipamentos.com.br\/loja\/?post_type=product&#038;p=3200"},"modified":"2020-06-11T23:47:00","modified_gmt":"2020-06-11T23:47:00","slug":"sauna-vapor-mini-caldeira-6kw-alta-pressao-aco-inox","status":"publish","type":"product","link":"https:\/\/www.lojadeequipamentos.com.br\/loja\/produto\/sauna-vapor-mini-caldeira-6kw-alta-pressao-aco-inox\/","title":{"rendered":"Sauna Vapor \/ Mini Caldeira 6Kw &#8211; Alta Press\u00e3o A\u00e7o Inox \/ Namarra"},"content":{"rendered":"<p><strong>Sauna Vapor \/ Mini Caldeira 6Kw - Alta Press\u00e3o A\u00e7o Inox<\/strong><br \/>\nDescri\u00e7\u00e3o: Sauna Vapor \/ Mini Caldeira 6Kw - Hot Max - Alta Press\u00e3o \/ Especial, cilindro\/tanque interno em a\u00e7o inox, isolamento t\u00e9rmico interno em l\u00e3 de vidro, chapa externa de acabamento em alum\u00ednio, resist\u00eancia blindada, placa eletr\u00f4nica de gest\u00e3o de n\u00edvel e entrada de \u00e1gua (cortando a alimenta\u00e7\u00e3o el\u00e9trica na falta de \u00e1gua), v\u00e1lvula solenoide e conex\u00e3o rosqueada de sa\u00edda de vapor de 1\/2\".<br \/>\n<strong>Produto sob encomenda especial. Fique atento aos nossos prazos especiais para este tipo de produto.<\/strong><br \/>\nTipo de Instala\u00e7\u00e3o: esta caldeira <strong>permite instala\u00e7\u00e3o hidr\u00e1ulica de insufla\u00e7\u00e3o sifonada e com desn\u00edvel vertical<\/strong> superior de at\u00e9 5m.<br \/>\nDimensionamento da cabine: regi\u00f5es frias ate 08m\u00b3 e regi\u00f5es quentes ate 09m\u00b3.<br \/>\nMedida e Peso: di\u00e2metro 200mm x altura 310mm x comprimento 540mm, peso de 11,110gr.<br \/>\nGarantia: Tanque 01 ano contra defeito de fabrica\u00e7\u00e3o.(acompanha instru\u00e7\u00f5es e certificado de garantia do fabricante), Resist\u00eancia 90 dias e Termostato 90 dias<br \/>\nUso: somente \u00e1gua pot\u00e1vel, instala\u00e7\u00e3o de 01 filtro de linha e vaz\u00e3o minima de abastecimento de \u00e1gua de 90 litros\/hora (1,5L\/minuto)<br \/>\nOp\u00e7\u00f5es el\u00e9tricas: resist\u00eancia 6Kw\/220Bif., 6Kw\/220trif. e 6Kw\/380trif.<br \/>\nOp\u00e7\u00f5es de Comando: painel liga\/desliga, painel com termostato anal\u00f3gico e painel com termostato e term\u00f4metro digital.<br \/>\nOBS: o Dispositivo Residual(DR) deve ser instalado em linha com o disjuntor que devera ser instalado no seu quadro de luz(QDL), quadro de distribui\u00e7\u00e3o el\u00e9trica (QDE) ou no quadro de for\u00e7a(QDF).A fun\u00e7\u00e3o do DR de Seguran\u00e7a, \u00e9 desativar automaticamente o equipamento sempre que existir uma corrente de fuga no circuito el\u00e9trico. Usar somente um DR de 30mA (alta sensibilidade).\u00c9 imprescind\u00edvel a instala\u00e7\u00e3o de um aterramento para a Sauna.<\/p>\n<p>Visite nosso facebook: <a href=\"http:\/\/www.facebook.com\/lojadeequipamentos\" target=\"_blank\">facebook\/lojadeequipamentos<\/a><\/p>\n","protected":false},"excerpt":{"rendered":"<strong>Sauna Vapor \/ Mini Caldeira 6Kw - Alta Press\u00e3o Galvanizado \/ Namarra<\/strong>","protected":false},"featured_media":3717,"comment_status":"open","ping_status":"closed","template":"","meta":{"_links_to":"","_links_to_target":""},"product_brand":[],"product_cat":[4410],"product_tag":[1821,1218,1820,1823,1219,2034,1194,1299,1220,1296,4374,1300,1302,71,669,671,1374,1340,1303,1301,1373,1221],"class_list":{"0":"post-3200","1":"product","2":"type-product","3":"status-publish","4":"has-post-thumbnail","6":"product_cat-sem-categoria","7":"product_tag-aquecedores-namarra","8":"product_tag-caldeira-vapor-6kw","9":"product_tag-hot-max","10":"product_tag-mini-caldeira","11":"product_tag-mini-caldeira-6kw","12":"product_tag-mini-caldeira-hot-max","13":"product_tag-mini-caldeira-namarra","14":"product_tag-mini-caldeira-vapor","15":"product_tag-mini-caldeira-vapor-6kw","16":"product_tag-mini-caldeira-vapor-aco-inox","17":"product_tag-sauna-a-vapor","18":"product_tag-sauna-a-vapor-6kw","19":"product_tag-sauna-alta-pressao-aco-inox","20":"product_tag-sauna-de-alta-pressao","21":"product_tag-sauna-vapor","22":"product_tag-sauna-vapor-6kw","23":"product_tag-sauna-vapor-6kw-incisor","24":"product_tag-sauna-vapor-6kw-namarra","25":"product_tag-sauna-vapor-aco-inox","26":"product_tag-sauna-vapor-alta-pressao","27":"product_tag-sauna-vapor-incisor-6kw","28":"product_tag-sauna-vapor-namarra-6kw","30":"first","31":"instock","32":"shipping-taxable","33":"purchasable","34":"product-type-simple"},"yoast_head":"<!-- This site is optimized with the Yoast SEO plugin v27.3 - https:\/\/yoast.com\/product\/yoast-seo-wordpress\/ -->\n<title>Sauna Vapor \/ Mini Caldeira 6Kw - Alta Press\u00e3o A\u00e7o Inox \/ Namarra<\/title>\n<meta name=\"description\" content=\"Sauna Vapor \/ Mini Caldeira 6Kw - Alta Press\u00e3o, cilindro\/tanque em a\u00e7o inox, instala\u00e7\u00e3o hidr\u00e1ulica de insufla\u00e7\u00e3o sifonada e com desn\u00edvel vertical de 5m.\" \/>\n<meta name=\"robots\" content=\"index, follow, max-snippet:-1, max-image-preview:large, max-video-preview:-1\" \/>\n<link rel=\"canonical\" href=\"https:\/\/www.lojadeequipamentos.com.br\/loja\/produto\/sauna-vapor-mini-caldeira-6kw-alta-pressao-aco-inox\/\" \/>\n<meta property=\"og:locale\" content=\"pt_BR\" \/>\n<meta property=\"og:type\" content=\"article\" \/>\n<meta property=\"og:title\" content=\"Sauna Vapor \/ Mini Caldeira 6Kw - Alta Press\u00e3o A\u00e7o Inox \/ Namarra\" \/>\n<meta property=\"og:description\" content=\"Sauna Vapor \/ Mini Caldeira 6Kw - Alta Press\u00e3o, cilindro\/tanque em a\u00e7o inox, instala\u00e7\u00e3o hidr\u00e1ulica de insufla\u00e7\u00e3o sifonada e com desn\u00edvel vertical de 5m.\" \/>\n<meta property=\"og:url\" content=\"https:\/\/www.lojadeequipamentos.com.br\/loja\/produto\/sauna-vapor-mini-caldeira-6kw-alta-pressao-aco-inox\/\" \/>\n<meta property=\"og:site_name\" content=\"Loja de Equipamentos\" \/>\n<meta property=\"article:modified_time\" content=\"2020-06-11T23:47:00+00:00\" \/>\n<meta property=\"og:image\" content=\"https:\/\/www.lojadeequipamentos.com.br\/loja\/wp-content\/uploads\/2019\/07\/Mini-Caldeira-Hotmax.png\" \/>\n\t<meta property=\"og:image:width\" content=\"260\" \/>\n\t<meta property=\"og:image:height\" content=\"260\" \/>\n\t<meta property=\"og:image:type\" content=\"image\/png\" \/>\n<meta name=\"twitter:card\" content=\"summary_large_image\" \/>\n<meta name=\"twitter:label1\" content=\"Est. tempo de leitura\" \/>\n\t<meta name=\"twitter:data1\" content=\"2 minutos\" \/>\n<script type=\"application\/ld+json\" class=\"yoast-schema-graph\">{\"@context\":\"https:\\\/\\\/schema.org\",\"@graph\":[{\"@type\":\"WebPage\",\"@id\":\"https:\\\/\\\/www.lojadeequipamentos.com.br\\\/loja\\\/produto\\\/sauna-vapor-mini-caldeira-6kw-alta-pressao-aco-inox\\\/\",\"url\":\"https:\\\/\\\/www.lojadeequipamentos.com.br\\\/loja\\\/produto\\\/sauna-vapor-mini-caldeira-6kw-alta-pressao-aco-inox\\\/\",\"name\":\"Sauna Vapor \\\/ Mini Caldeira 6Kw - Alta Press\u00e3o A\u00e7o Inox \\\/ Namarra\",\"isPartOf\":{\"@id\":\"https:\\\/\\\/www.lojadeequipamentos.com.br\\\/loja\\\/#website\"},\"primaryImageOfPage\":{\"@id\":\"https:\\\/\\\/www.lojadeequipamentos.com.br\\\/loja\\\/produto\\\/sauna-vapor-mini-caldeira-6kw-alta-pressao-aco-inox\\\/#primaryimage\"},\"image\":{\"@id\":\"https:\\\/\\\/www.lojadeequipamentos.com.br\\\/loja\\\/produto\\\/sauna-vapor-mini-caldeira-6kw-alta-pressao-aco-inox\\\/#primaryimage\"},\"thumbnailUrl\":\"https:\\\/\\\/www.lojadeequipamentos.com.br\\\/loja\\\/wp-content\\\/uploads\\\/2019\\\/07\\\/Mini-Caldeira-Hotmax.png\",\"datePublished\":\"2015-08-27T03:57:21+00:00\",\"dateModified\":\"2020-06-11T23:47:00+00:00\",\"description\":\"Sauna Vapor \\\/ Mini Caldeira 6Kw - Alta Press\u00e3o, cilindro\\\/tanque em a\u00e7o inox, instala\u00e7\u00e3o hidr\u00e1ulica de insufla\u00e7\u00e3o sifonada e com desn\u00edvel vertical de 5m.\",\"breadcrumb\":{\"@id\":\"https:\\\/\\\/www.lojadeequipamentos.com.br\\\/loja\\\/produto\\\/sauna-vapor-mini-caldeira-6kw-alta-pressao-aco-inox\\\/#breadcrumb\"},\"inLanguage\":\"pt-BR\",\"potentialAction\":[{\"@type\":\"ReadAction\",\"target\":[\"https:\\\/\\\/www.lojadeequipamentos.com.br\\\/loja\\\/produto\\\/sauna-vapor-mini-caldeira-6kw-alta-pressao-aco-inox\\\/\"]}]},{\"@type\":\"ImageObject\",\"inLanguage\":\"pt-BR\",\"@id\":\"https:\\\/\\\/www.lojadeequipamentos.com.br\\\/loja\\\/produto\\\/sauna-vapor-mini-caldeira-6kw-alta-pressao-aco-inox\\\/#primaryimage\",\"url\":\"https:\\\/\\\/www.lojadeequipamentos.com.br\\\/loja\\\/wp-content\\\/uploads\\\/2019\\\/07\\\/Mini-Caldeira-Hotmax.png\",\"contentUrl\":\"https:\\\/\\\/www.lojadeequipamentos.com.br\\\/loja\\\/wp-content\\\/uploads\\\/2019\\\/07\\\/Mini-Caldeira-Hotmax.png\",\"width\":260,\"height\":260,\"caption\":\"Sauna Vapor Hot Max Mini Caldeira\"},{\"@type\":\"BreadcrumbList\",\"@id\":\"https:\\\/\\\/www.lojadeequipamentos.com.br\\\/loja\\\/produto\\\/sauna-vapor-mini-caldeira-6kw-alta-pressao-aco-inox\\\/#breadcrumb\",\"itemListElement\":[{\"@type\":\"ListItem\",\"position\":1,\"name\":\"In\u00edcio\",\"item\":\"https:\\\/\\\/www.lojadeequipamentos.com.br\\\/loja\\\/\"},{\"@type\":\"ListItem\",\"position\":2,\"name\":\"Loja Virtual\",\"item\":\"https:\\\/\\\/www.lojadeequipamentos.com.br\\\/loja\\\/shop\\\/\"},{\"@type\":\"ListItem\",\"position\":3,\"name\":\"Sauna Vapor \\\/ Mini Caldeira 6Kw &#8211; Alta Press\u00e3o A\u00e7o Inox \\\/ Namarra\"}]},{\"@type\":\"WebSite\",\"@id\":\"https:\\\/\\\/www.lojadeequipamentos.com.br\\\/loja\\\/#website\",\"url\":\"https:\\\/\\\/www.lojadeequipamentos.com.br\\\/loja\\\/\",\"name\":\"Loja de Equipamentos\",\"description\":\"\",\"potentialAction\":[{\"@type\":\"SearchAction\",\"target\":{\"@type\":\"EntryPoint\",\"urlTemplate\":\"https:\\\/\\\/www.lojadeequipamentos.com.br\\\/loja\\\/?s={search_term_string}\"},\"query-input\":{\"@type\":\"PropertyValueSpecification\",\"valueRequired\":true,\"valueName\":\"search_term_string\"}}],\"inLanguage\":\"pt-BR\"}]}<\/script>\n<!-- \/ Yoast SEO plugin. -->","yoast_head_json":{"title":"Sauna Vapor \/ Mini Caldeira 6Kw - Alta Press\u00e3o A\u00e7o Inox \/ Namarra","description":"Sauna Vapor \/ Mini Caldeira 6Kw - Alta Press\u00e3o, cilindro\/tanque em a\u00e7o inox, instala\u00e7\u00e3o hidr\u00e1ulica de insufla\u00e7\u00e3o sifonada e com desn\u00edvel vertical de 5m.","robots":{"index":"index","follow":"follow","max-snippet":"max-snippet:-1","max-image-preview":"max-image-preview:large","max-video-preview":"max-video-preview:-1"},"canonical":"https:\/\/www.lojadeequipamentos.com.br\/loja\/produto\/sauna-vapor-mini-caldeira-6kw-alta-pressao-aco-inox\/","og_locale":"pt_BR","og_type":"article","og_title":"Sauna Vapor \/ Mini Caldeira 6Kw - Alta Press\u00e3o A\u00e7o Inox \/ Namarra","og_description":"Sauna Vapor \/ Mini Caldeira 6Kw - Alta Press\u00e3o, cilindro\/tanque em a\u00e7o inox, instala\u00e7\u00e3o hidr\u00e1ulica de insufla\u00e7\u00e3o sifonada e com desn\u00edvel vertical de 5m.","og_url":"https:\/\/www.lojadeequipamentos.com.br\/loja\/produto\/sauna-vapor-mini-caldeira-6kw-alta-pressao-aco-inox\/","og_site_name":"Loja de Equipamentos","article_modified_time":"2020-06-11T23:47:00+00:00","og_image":[{"width":260,"height":260,"url":"https:\/\/www.lojadeequipamentos.com.br\/loja\/wp-content\/uploads\/2019\/07\/Mini-Caldeira-Hotmax.png","type":"image\/png"}],"twitter_card":"summary_large_image","twitter_misc":{"Est. tempo de leitura":"2 minutos"},"schema":{"@context":"https:\/\/schema.org","@graph":[{"@type":"WebPage","@id":"https:\/\/www.lojadeequipamentos.com.br\/loja\/produto\/sauna-vapor-mini-caldeira-6kw-alta-pressao-aco-inox\/","url":"https:\/\/www.lojadeequipamentos.com.br\/loja\/produto\/sauna-vapor-mini-caldeira-6kw-alta-pressao-aco-inox\/","name":"Sauna Vapor \/ Mini Caldeira 6Kw - Alta Press\u00e3o A\u00e7o Inox \/ Namarra","isPartOf":{"@id":"https:\/\/www.lojadeequipamentos.com.br\/loja\/#website"},"primaryImageOfPage":{"@id":"https:\/\/www.lojadeequipamentos.com.br\/loja\/produto\/sauna-vapor-mini-caldeira-6kw-alta-pressao-aco-inox\/#primaryimage"},"image":{"@id":"https:\/\/www.lojadeequipamentos.com.br\/loja\/produto\/sauna-vapor-mini-caldeira-6kw-alta-pressao-aco-inox\/#primaryimage"},"thumbnailUrl":"https:\/\/www.lojadeequipamentos.com.br\/loja\/wp-content\/uploads\/2019\/07\/Mini-Caldeira-Hotmax.png","datePublished":"2015-08-27T03:57:21+00:00","dateModified":"2020-06-11T23:47:00+00:00","description":"Sauna Vapor \/ Mini Caldeira 6Kw - Alta Press\u00e3o, cilindro\/tanque em a\u00e7o inox, instala\u00e7\u00e3o hidr\u00e1ulica de insufla\u00e7\u00e3o sifonada e com desn\u00edvel vertical de 5m.","breadcrumb":{"@id":"https:\/\/www.lojadeequipamentos.com.br\/loja\/produto\/sauna-vapor-mini-caldeira-6kw-alta-pressao-aco-inox\/#breadcrumb"},"inLanguage":"pt-BR","potentialAction":[{"@type":"ReadAction","target":["https:\/\/www.lojadeequipamentos.com.br\/loja\/produto\/sauna-vapor-mini-caldeira-6kw-alta-pressao-aco-inox\/"]}]},{"@type":"ImageObject","inLanguage":"pt-BR","@id":"https:\/\/www.lojadeequipamentos.com.br\/loja\/produto\/sauna-vapor-mini-caldeira-6kw-alta-pressao-aco-inox\/#primaryimage","url":"https:\/\/www.lojadeequipamentos.com.br\/loja\/wp-content\/uploads\/2019\/07\/Mini-Caldeira-Hotmax.png","contentUrl":"https:\/\/www.lojadeequipamentos.com.br\/loja\/wp-content\/uploads\/2019\/07\/Mini-Caldeira-Hotmax.png","width":260,"height":260,"caption":"Sauna Vapor Hot Max Mini Caldeira"},{"@type":"BreadcrumbList","@id":"https:\/\/www.lojadeequipamentos.com.br\/loja\/produto\/sauna-vapor-mini-caldeira-6kw-alta-pressao-aco-inox\/#breadcrumb","itemListElement":[{"@type":"ListItem","position":1,"name":"In\u00edcio","item":"https:\/\/www.lojadeequipamentos.com.br\/loja\/"},{"@type":"ListItem","position":2,"name":"Loja Virtual","item":"https:\/\/www.lojadeequipamentos.com.br\/loja\/shop\/"},{"@type":"ListItem","position":3,"name":"Sauna Vapor \/ Mini Caldeira 6Kw &#8211; Alta Press\u00e3o A\u00e7o Inox \/ Namarra"}]},{"@type":"WebSite","@id":"https:\/\/www.lojadeequipamentos.com.br\/loja\/#website","url":"https:\/\/www.lojadeequipamentos.com.br\/loja\/","name":"Loja de Equipamentos","description":"","potentialAction":[{"@type":"SearchAction","target":{"@type":"EntryPoint","urlTemplate":"https:\/\/www.lojadeequipamentos.com.br\/loja\/?s={search_term_string}"},"query-input":{"@type":"PropertyValueSpecification","valueRequired":true,"valueName":"search_term_string"}}],"inLanguage":"pt-BR"}]}},"_links":{"self":[{"href":"https:\/\/www.lojadeequipamentos.com.br\/loja\/wp-json\/wp\/v2\/product\/3200","targetHints":{"allow":["GET"]}}],"collection":[{"href":"https:\/\/www.lojadeequipamentos.com.br\/loja\/wp-json\/wp\/v2\/product"}],"about":[{"href":"https:\/\/www.lojadeequipamentos.com.br\/loja\/wp-json\/wp\/v2\/types\/product"}],"replies":[{"embeddable":true,"href":"https:\/\/www.lojadeequipamentos.com.br\/loja\/wp-json\/wp\/v2\/comments?post=3200"}],"wp:featuredmedia":[{"embeddable":true,"href":"https:\/\/www.lojadeequipamentos.com.br\/loja\/wp-json\/wp\/v2\/media\/3717"}],"wp:attachment":[{"href":"https:\/\/www.lojadeequipamentos.com.br\/loja\/wp-json\/wp\/v2\/media?parent=3200"}],"wp:term":[{"taxonomy":"product_brand","embeddable":true,"href":"https:\/\/www.lojadeequipamentos.com.br\/loja\/wp-json\/wp\/v2\/product_brand?post=3200"},{"taxonomy":"product_cat","embeddable":true,"href":"https:\/\/www.lojadeequipamentos.com.br\/loja\/wp-json\/wp\/v2\/product_cat?post=3200"},{"taxonomy":"product_tag","embeddable":true,"href":"https:\/\/www.lojadeequipamentos.com.br\/loja\/wp-json\/wp\/v2\/product_tag?post=3200"}],"curies":[{"name":"wp","href":"https:\/\/api.w.org\/{rel}","templated":true}]}}