{"id":2807,"date":"2015-05-13T04:54:58","date_gmt":"2015-05-13T04:54:58","guid":{"rendered":"http:\/\/www.lojadeequipamentos.com.br\/loja\/?post_type=product&#038;p=2807"},"modified":"2023-01-03T17:15:55","modified_gmt":"2023-01-03T17:15:55","slug":"sauna-seca-gerador-de-calor-9kw","status":"publish","type":"product","link":"https:\/\/www.lojadeequipamentos.com.br\/loja\/produto\/sauna-seca-gerador-de-calor-9kw\/","title":{"rendered":"Sauna Seca \/ Gerador de Calor &#8211; 9Kw  Namarra"},"content":{"rendered":"<p><strong>Sauna Seca \/ Gerador de Calor - 9Kw Namarra - Especial<\/strong><br \/>\nDescri\u00e7\u00e3o: Sauna Seca \/ Gerador de Calor - 9Kw, gerador produzido em a\u00e7o inoxid\u00e1vel 430, 04 bases de sustenta\u00e7\u00e3o com resist\u00eancia blindada e cont\u00eainer para ess\u00eancias.<br \/>\n<strong>Produto sob encomenda especial. Fique atento aos nossos prazos especiais para este tipo de produto.<\/strong><br \/>\nTipo de Instala\u00e7\u00e3o: gerador el\u00e9trico para \u00e1rea isolada com madeiras.<br \/>\nDimensionamento da cabine: regi\u00f5es frias ate 10m\u00b3 e regi\u00f5es quentes ate 15m\u00b3.<br \/>\nMedida e Peso: largura 410mm x altura 620mm x profundidade 250mm, peso de 11,565Kg.<br \/>\nGarantia:\u00a0Estrutura em inox 1 ano contra defeito de fabrica\u00e7\u00e3o, Resist\u00eancia 90 dias e Termostato 90 dias<br \/>\nUso: somente usar cabeamento el\u00e9trico com espessura minima de 10\/6\/6mm e cabeamento de terramento de 10\/6\/6mm.<br \/>\nOp\u00e7\u00e3o el\u00e9trica: resist\u00eancia 9Kw\/220bif, 9 Kw\/220trif, 9Kw\/380trif.<br \/>\nOp\u00e7\u00f5es de Comando: painel com termostato anal\u00f3gico e painel com termostato digital.<br \/>\nOBS: o Dispositivo Residual(DR) deve ser instalado em linha com o disjuntor que devera ser instalado no seu quadro de luz(QDL), quadro de distribui\u00e7\u00e3o el\u00e9trica (QDE) ou no quadro de for\u00e7a(QDF).A fun\u00e7\u00e3o do DR de Seguran\u00e7a, \u00e9 desativar automaticamente o equipamento sempre que existir uma corrente de fuga no circuito el\u00e9trico. Usar somente um DR de 30mA (alta sensibilidade).\u00c9 imprescind\u00edvel a instala\u00e7\u00e3o de um aterramento para a Sauna.<br \/>\nConsulte a op\u00e7\u00e3o de encomendas especiais de sauna seca conforme necessidades t\u00e9cnicas.<br \/>\n<br \/>\n<a href=\"https:\/\/api.whatsapp.com\/send?phone=5521964144201\"><img loading=\"lazy\" decoding=\"async\" class=\"alignnone size-full wp-image-4307\" alt=\"botao_whatsapp\" src=\"http:\/\/www.lojadeequipamentos.com.br\/loja\/wp-content\/uploads\/2020\/08\/botao_whatsapp.png\" width=\"226\" height=\"82\" \/><\/a><\/p>\n","protected":false},"excerpt":{"rendered":"<strong>Sauna Seca \/ Gerador de Calor - 9Kw - Especial<\/strong>\r\n","protected":false},"featured_media":3716,"comment_status":"open","ping_status":"closed","template":"","meta":{"_links_to":"","_links_to_target":""},"product_brand":[],"product_cat":[169],"product_tag":[518,945,2043,679,939,2044,517,946,785,947,783,942,2045,4393,516,948,2046,943],"class_list":{"0":"post-2807","1":"product","2":"type-product","3":"status-publish","4":"has-post-thumbnail","6":"product_cat-sauna-9kw","7":"product_tag-gerador-de-calor-9kw","8":"product_tag-gerador-de-calor-9kw-namarra","9":"product_tag-gerador-de-calor-hot-dry-pro","10":"product_tag-gerador-de-calor-seco","11":"product_tag-gerador-de-calor-seco-namarra","12":"product_tag-gerador-hot-dry-pro","13":"product_tag-modelo-sauna-seca-9kw","14":"product_tag-modelo-sauna-seca-9kw-namarra","15":"product_tag-sauna-9kw-seca","16":"product_tag-sauna-9kw-seca-namarra","17":"product_tag-sauna-calor-seco","18":"product_tag-sauna-calor-seco-namarra","19":"product_tag-sauna-hot-dry-pro","20":"product_tag-sauna-seca","21":"product_tag-sauna-seca-9kw","22":"product_tag-sauna-seca-9kw-namarra","23":"product_tag-sauna-seca-hot-dry-pro","24":"product_tag-sauna-seca-namarra","26":"first","27":"instock","28":"shipping-taxable","29":"purchasable","30":"product-type-simple"},"yoast_head":"<!-- This site is optimized with the Yoast SEO plugin v27.3 - https:\/\/yoast.com\/product\/yoast-seo-wordpress\/ -->\n<title>Sauna Seca \/ Gerador de Calor 9kw Namarra - Loja de Equipamentos<\/title>\n<meta name=\"description\" content=\"Sauna Seca \/ Gerador de Calor 9Kw R$ 1.687,50 gerador produzido em a\u00e7o inoxid\u00e1vel 430, com resist\u00eancia blindada e cont\u00eainer para ess\u00eancias.\" \/>\n<meta name=\"robots\" content=\"index, follow, max-snippet:-1, max-image-preview:large, max-video-preview:-1\" \/>\n<link rel=\"canonical\" href=\"https:\/\/www.lojadeequipamentos.com.br\/loja\/produto\/sauna-seca-gerador-de-calor-9kw\/\" \/>\n<meta property=\"og:locale\" content=\"pt_BR\" \/>\n<meta property=\"og:type\" content=\"article\" \/>\n<meta property=\"og:title\" content=\"Sauna Seca \/ Gerador de Calor 9kw Namarra - Loja de Equipamentos\" \/>\n<meta property=\"og:description\" content=\"Sauna Seca \/ Gerador de Calor 9Kw R$ 1.687,50 gerador produzido em a\u00e7o inoxid\u00e1vel 430, com resist\u00eancia blindada e cont\u00eainer para ess\u00eancias.\" \/>\n<meta property=\"og:url\" content=\"https:\/\/www.lojadeequipamentos.com.br\/loja\/produto\/sauna-seca-gerador-de-calor-9kw\/\" \/>\n<meta property=\"og:site_name\" content=\"Loja de Equipamentos\" \/>\n<meta property=\"article:modified_time\" content=\"2023-01-03T17:15:55+00:00\" \/>\n<meta property=\"og:image\" content=\"https:\/\/www.lojadeequipamentos.com.br\/loja\/wp-content\/uploads\/2015\/05\/Mini-Caldeira-Hotdry-Pro.png\" \/>\n\t<meta property=\"og:image:width\" content=\"260\" \/>\n\t<meta property=\"og:image:height\" content=\"260\" \/>\n\t<meta property=\"og:image:type\" content=\"image\/png\" \/>\n<meta name=\"twitter:card\" content=\"summary_large_image\" \/>\n<meta name=\"twitter:label1\" content=\"Est. tempo de leitura\" \/>\n\t<meta name=\"twitter:data1\" content=\"2 minutos\" \/>\n<script type=\"application\/ld+json\" class=\"yoast-schema-graph\">{\"@context\":\"https:\\\/\\\/schema.org\",\"@graph\":[{\"@type\":\"WebPage\",\"@id\":\"https:\\\/\\\/www.lojadeequipamentos.com.br\\\/loja\\\/produto\\\/sauna-seca-gerador-de-calor-9kw\\\/\",\"url\":\"https:\\\/\\\/www.lojadeequipamentos.com.br\\\/loja\\\/produto\\\/sauna-seca-gerador-de-calor-9kw\\\/\",\"name\":\"Sauna Seca \\\/ Gerador de Calor 9kw Namarra - Loja de Equipamentos\",\"isPartOf\":{\"@id\":\"https:\\\/\\\/www.lojadeequipamentos.com.br\\\/loja\\\/#website\"},\"primaryImageOfPage\":{\"@id\":\"https:\\\/\\\/www.lojadeequipamentos.com.br\\\/loja\\\/produto\\\/sauna-seca-gerador-de-calor-9kw\\\/#primaryimage\"},\"image\":{\"@id\":\"https:\\\/\\\/www.lojadeequipamentos.com.br\\\/loja\\\/produto\\\/sauna-seca-gerador-de-calor-9kw\\\/#primaryimage\"},\"thumbnailUrl\":\"https:\\\/\\\/www.lojadeequipamentos.com.br\\\/loja\\\/wp-content\\\/uploads\\\/2015\\\/05\\\/Mini-Caldeira-Hotdry-Pro.png\",\"datePublished\":\"2015-05-13T04:54:58+00:00\",\"dateModified\":\"2023-01-03T17:15:55+00:00\",\"description\":\"Sauna Seca \\\/ Gerador de Calor 9Kw R$ 1.687,50 gerador produzido em a\u00e7o inoxid\u00e1vel 430, com resist\u00eancia blindada e cont\u00eainer para ess\u00eancias.\",\"breadcrumb\":{\"@id\":\"https:\\\/\\\/www.lojadeequipamentos.com.br\\\/loja\\\/produto\\\/sauna-seca-gerador-de-calor-9kw\\\/#breadcrumb\"},\"inLanguage\":\"pt-BR\",\"potentialAction\":[{\"@type\":\"ReadAction\",\"target\":[\"https:\\\/\\\/www.lojadeequipamentos.com.br\\\/loja\\\/produto\\\/sauna-seca-gerador-de-calor-9kw\\\/\"]}]},{\"@type\":\"ImageObject\",\"inLanguage\":\"pt-BR\",\"@id\":\"https:\\\/\\\/www.lojadeequipamentos.com.br\\\/loja\\\/produto\\\/sauna-seca-gerador-de-calor-9kw\\\/#primaryimage\",\"url\":\"https:\\\/\\\/www.lojadeequipamentos.com.br\\\/loja\\\/wp-content\\\/uploads\\\/2015\\\/05\\\/Mini-Caldeira-Hotdry-Pro.png\",\"contentUrl\":\"https:\\\/\\\/www.lojadeequipamentos.com.br\\\/loja\\\/wp-content\\\/uploads\\\/2015\\\/05\\\/Mini-Caldeira-Hotdry-Pro.png\",\"width\":260,\"height\":260,\"caption\":\"Sauna Seca Hotdry Pro\"},{\"@type\":\"BreadcrumbList\",\"@id\":\"https:\\\/\\\/www.lojadeequipamentos.com.br\\\/loja\\\/produto\\\/sauna-seca-gerador-de-calor-9kw\\\/#breadcrumb\",\"itemListElement\":[{\"@type\":\"ListItem\",\"position\":1,\"name\":\"In\u00edcio\",\"item\":\"https:\\\/\\\/www.lojadeequipamentos.com.br\\\/loja\\\/\"},{\"@type\":\"ListItem\",\"position\":2,\"name\":\"Loja Virtual\",\"item\":\"https:\\\/\\\/www.lojadeequipamentos.com.br\\\/loja\\\/shop\\\/\"},{\"@type\":\"ListItem\",\"position\":3,\"name\":\"Sauna Seca \\\/ Gerador de Calor &#8211; 9Kw Namarra\"}]},{\"@type\":\"WebSite\",\"@id\":\"https:\\\/\\\/www.lojadeequipamentos.com.br\\\/loja\\\/#website\",\"url\":\"https:\\\/\\\/www.lojadeequipamentos.com.br\\\/loja\\\/\",\"name\":\"Loja de Equipamentos\",\"description\":\"\",\"potentialAction\":[{\"@type\":\"SearchAction\",\"target\":{\"@type\":\"EntryPoint\",\"urlTemplate\":\"https:\\\/\\\/www.lojadeequipamentos.com.br\\\/loja\\\/?s={search_term_string}\"},\"query-input\":{\"@type\":\"PropertyValueSpecification\",\"valueRequired\":true,\"valueName\":\"search_term_string\"}}],\"inLanguage\":\"pt-BR\"}]}<\/script>\n<!-- \/ Yoast SEO plugin. -->","yoast_head_json":{"title":"Sauna Seca \/ Gerador de Calor 9kw Namarra - Loja de Equipamentos","description":"Sauna Seca \/ Gerador de Calor 9Kw R$ 1.687,50 gerador produzido em a\u00e7o inoxid\u00e1vel 430, com resist\u00eancia blindada e cont\u00eainer para ess\u00eancias.","robots":{"index":"index","follow":"follow","max-snippet":"max-snippet:-1","max-image-preview":"max-image-preview:large","max-video-preview":"max-video-preview:-1"},"canonical":"https:\/\/www.lojadeequipamentos.com.br\/loja\/produto\/sauna-seca-gerador-de-calor-9kw\/","og_locale":"pt_BR","og_type":"article","og_title":"Sauna Seca \/ Gerador de Calor 9kw Namarra - Loja de Equipamentos","og_description":"Sauna Seca \/ Gerador de Calor 9Kw R$ 1.687,50 gerador produzido em a\u00e7o inoxid\u00e1vel 430, com resist\u00eancia blindada e cont\u00eainer para ess\u00eancias.","og_url":"https:\/\/www.lojadeequipamentos.com.br\/loja\/produto\/sauna-seca-gerador-de-calor-9kw\/","og_site_name":"Loja de Equipamentos","article_modified_time":"2023-01-03T17:15:55+00:00","og_image":[{"width":260,"height":260,"url":"https:\/\/www.lojadeequipamentos.com.br\/loja\/wp-content\/uploads\/2015\/05\/Mini-Caldeira-Hotdry-Pro.png","type":"image\/png"}],"twitter_card":"summary_large_image","twitter_misc":{"Est. tempo de leitura":"2 minutos"},"schema":{"@context":"https:\/\/schema.org","@graph":[{"@type":"WebPage","@id":"https:\/\/www.lojadeequipamentos.com.br\/loja\/produto\/sauna-seca-gerador-de-calor-9kw\/","url":"https:\/\/www.lojadeequipamentos.com.br\/loja\/produto\/sauna-seca-gerador-de-calor-9kw\/","name":"Sauna Seca \/ Gerador de Calor 9kw Namarra - Loja de Equipamentos","isPartOf":{"@id":"https:\/\/www.lojadeequipamentos.com.br\/loja\/#website"},"primaryImageOfPage":{"@id":"https:\/\/www.lojadeequipamentos.com.br\/loja\/produto\/sauna-seca-gerador-de-calor-9kw\/#primaryimage"},"image":{"@id":"https:\/\/www.lojadeequipamentos.com.br\/loja\/produto\/sauna-seca-gerador-de-calor-9kw\/#primaryimage"},"thumbnailUrl":"https:\/\/www.lojadeequipamentos.com.br\/loja\/wp-content\/uploads\/2015\/05\/Mini-Caldeira-Hotdry-Pro.png","datePublished":"2015-05-13T04:54:58+00:00","dateModified":"2023-01-03T17:15:55+00:00","description":"Sauna Seca \/ Gerador de Calor 9Kw R$ 1.687,50 gerador produzido em a\u00e7o inoxid\u00e1vel 430, com resist\u00eancia blindada e cont\u00eainer para ess\u00eancias.","breadcrumb":{"@id":"https:\/\/www.lojadeequipamentos.com.br\/loja\/produto\/sauna-seca-gerador-de-calor-9kw\/#breadcrumb"},"inLanguage":"pt-BR","potentialAction":[{"@type":"ReadAction","target":["https:\/\/www.lojadeequipamentos.com.br\/loja\/produto\/sauna-seca-gerador-de-calor-9kw\/"]}]},{"@type":"ImageObject","inLanguage":"pt-BR","@id":"https:\/\/www.lojadeequipamentos.com.br\/loja\/produto\/sauna-seca-gerador-de-calor-9kw\/#primaryimage","url":"https:\/\/www.lojadeequipamentos.com.br\/loja\/wp-content\/uploads\/2015\/05\/Mini-Caldeira-Hotdry-Pro.png","contentUrl":"https:\/\/www.lojadeequipamentos.com.br\/loja\/wp-content\/uploads\/2015\/05\/Mini-Caldeira-Hotdry-Pro.png","width":260,"height":260,"caption":"Sauna Seca Hotdry Pro"},{"@type":"BreadcrumbList","@id":"https:\/\/www.lojadeequipamentos.com.br\/loja\/produto\/sauna-seca-gerador-de-calor-9kw\/#breadcrumb","itemListElement":[{"@type":"ListItem","position":1,"name":"In\u00edcio","item":"https:\/\/www.lojadeequipamentos.com.br\/loja\/"},{"@type":"ListItem","position":2,"name":"Loja Virtual","item":"https:\/\/www.lojadeequipamentos.com.br\/loja\/shop\/"},{"@type":"ListItem","position":3,"name":"Sauna Seca \/ Gerador de Calor &#8211; 9Kw Namarra"}]},{"@type":"WebSite","@id":"https:\/\/www.lojadeequipamentos.com.br\/loja\/#website","url":"https:\/\/www.lojadeequipamentos.com.br\/loja\/","name":"Loja de Equipamentos","description":"","potentialAction":[{"@type":"SearchAction","target":{"@type":"EntryPoint","urlTemplate":"https:\/\/www.lojadeequipamentos.com.br\/loja\/?s={search_term_string}"},"query-input":{"@type":"PropertyValueSpecification","valueRequired":true,"valueName":"search_term_string"}}],"inLanguage":"pt-BR"}]}},"_links":{"self":[{"href":"https:\/\/www.lojadeequipamentos.com.br\/loja\/wp-json\/wp\/v2\/product\/2807","targetHints":{"allow":["GET"]}}],"collection":[{"href":"https:\/\/www.lojadeequipamentos.com.br\/loja\/wp-json\/wp\/v2\/product"}],"about":[{"href":"https:\/\/www.lojadeequipamentos.com.br\/loja\/wp-json\/wp\/v2\/types\/product"}],"replies":[{"embeddable":true,"href":"https:\/\/www.lojadeequipamentos.com.br\/loja\/wp-json\/wp\/v2\/comments?post=2807"}],"wp:featuredmedia":[{"embeddable":true,"href":"https:\/\/www.lojadeequipamentos.com.br\/loja\/wp-json\/wp\/v2\/media\/3716"}],"wp:attachment":[{"href":"https:\/\/www.lojadeequipamentos.com.br\/loja\/wp-json\/wp\/v2\/media?parent=2807"}],"wp:term":[{"taxonomy":"product_brand","embeddable":true,"href":"https:\/\/www.lojadeequipamentos.com.br\/loja\/wp-json\/wp\/v2\/product_brand?post=2807"},{"taxonomy":"product_cat","embeddable":true,"href":"https:\/\/www.lojadeequipamentos.com.br\/loja\/wp-json\/wp\/v2\/product_cat?post=2807"},{"taxonomy":"product_tag","embeddable":true,"href":"https:\/\/www.lojadeequipamentos.com.br\/loja\/wp-json\/wp\/v2\/product_tag?post=2807"}],"curies":[{"name":"wp","href":"https:\/\/api.w.org\/{rel}","templated":true}]}}