{"id":2592,"date":"2015-01-27T14:24:15","date_gmt":"2015-01-27T14:24:15","guid":{"rendered":"http:\/\/www.lojadeequipamentos.com.br\/loja\/?post_type=product&#038;p=2592"},"modified":"2023-07-19T13:09:14","modified_gmt":"2023-07-19T13:09:14","slug":"sauna-vapor-mini-caldeira-21kw-alta-pressao-2","status":"publish","type":"product","link":"https:\/\/www.lojadeequipamentos.com.br\/loja\/produto\/sauna-vapor-mini-caldeira-21kw-alta-pressao-2\/","title":{"rendered":"Sauna Vapor \/ Mini Caldeira Extreme 21Kw &#8211; Alta Press\u00e3o A\u00e7o Inox \/ Namarra"},"content":{"rendered":"<p><strong>Sauna Vapor \/ Mini Caldeira Extreme 21Kw - Alta Press\u00e3o - Namarra<\/strong><br \/>\nDescri\u00e7\u00e3o: Sauna Vapor \/ Mini Caldeira Extreme 21Kw - Alta Press\u00e3o - Especial, cilindro\/tanque interno em a\u00e7o inox, isolamento t\u00e9rmico interno em l\u00e3 de vidro, chapa externa de acabamento em alum\u00ednio, resist\u00eancia blindada, placa eletr\u00f4nica de gest\u00e3o de n\u00edvel e entrada de \u00e1gua (cortando a alimenta\u00e7\u00e3o el\u00e9trica na falta de \u00e1gua), v\u00e1lvula solenoide e conex\u00e3o rosqueada de sa\u00edda de vapor de 1\".<br \/>\n<strong>Produto sob encomenda especial. Fique atento aos nossos prazos especiais para este tipo de produto.<\/strong><br \/>\nTipo de Instala\u00e7\u00e3o: esta caldeira <strong>permite instala\u00e7\u00e3o hidr\u00e1ulica de insufla\u00e7\u00e3o sifonada e com desn\u00edvel vertical<\/strong> superior de at\u00e9 5m.<br \/>\nDimensionamento da cabine: regi\u00f5es frias ate 29m\u00b3 e regi\u00f5es quentes ate 37m\u00b3.<br \/>\nMedida e Peso: largura 470mm x altura 590mm x comprimento 780mm, peso de 41,300Kg.<br \/>\nGarantia: Tanque 01 ano contra defeito de fabrica\u00e7\u00e3o.(acompanha instru\u00e7\u00f5es e certificado de garantia do fabricante), Resist\u00eancia 90 dias e Termostato 90 dias<br \/>\nUso: somente \u00e1gua pot\u00e1vel, instala\u00e7\u00e3o de 01 filtro de linha e vaz\u00e3o minima de abastecimento de \u00e1gua de 90 litros\/hora (1,5L\/minuto)<br \/>\nOp\u00e7\u00f5es el\u00e9tricas: resist\u00eancia 21Kw\/220trif. e 21Kw\/380trif.<br \/>\nOp\u00e7\u00f5es de Comando: painel liga\/desliga, painel com termostato anal\u00f3gico e painel com termostato e term\u00f4metro digital.<br \/>\nOBS: o Dispositivo Residual(DR) deve ser instalado em linha com o disjuntor que devera ser instalado no seu quadro de luz(QDL), quadro de distribui\u00e7\u00e3o el\u00e9trica (QDE) ou no quadro de for\u00e7a(QDF).A fun\u00e7\u00e3o do DR de Seguran\u00e7a, \u00e9 desativar automaticamente o equipamento sempre que existir uma corrente de fuga no circuito el\u00e9trico. Usar somente um DR de 30mA (alta sensibilidade).\u00c9 imprescind\u00edvel a instala\u00e7\u00e3o de um aterramento para a Sauna.<br \/>\n<br \/>\n<a href=\"https:\/\/api.whatsapp.com\/send?phone=5521964144201\"><img loading=\"lazy\" decoding=\"async\" class=\"alignnone size-full wp-image-4307\" alt=\"botao_whatsapp\" src=\"http:\/\/www.lojadeequipamentos.com.br\/loja\/wp-content\/uploads\/2020\/08\/botao_whatsapp.png\" width=\"226\" height=\"82\" \/><\/a><\/p>\n","protected":false},"excerpt":{"rendered":"<strong>Sauna Vapor \/ Mini Caldeira Extreme 21Kw - Alta Press\u00e3o - Namarra<\/strong>","protected":false},"featured_media":2828,"comment_status":"open","ping_status":"closed","template":"","meta":{"_links_to":"","_links_to_target":""},"product_brand":[],"product_cat":[290],"product_tag":[1824,1210,1820,1825,1211,70,1826,2037,1194,1212,4374,291,330,386,385,71,669,672,1350,1213],"class_list":{"0":"post-2592","1":"product","2":"type-product","3":"status-publish","4":"has-post-thumbnail","6":"product_cat-sauna-21kw","7":"product_tag-aquecedor-namarra","8":"product_tag-caldeira-vapor-21kw","9":"product_tag-hot-max","10":"product_tag-hot-max-extreme","11":"product_tag-mini-caldeira-21kw","12":"product_tag-mini-caldeira-a-vapor","13":"product_tag-mini-caldeira-extreme","14":"product_tag-mini-caldeira-extreme-21kw","15":"product_tag-mini-caldeira-namarra","16":"product_tag-mini-caldeira-vapor-21kw","17":"product_tag-sauna-a-vapor","18":"product_tag-sauna-a-vapor-de-21kw","19":"product_tag-sauna-a-vapor-de-alta-pressao","20":"product_tag-sauna-a-vapor-de-alto-rendimento","21":"product_tag-sauna-a-vapor-eletrica","22":"product_tag-sauna-de-alta-pressao","23":"product_tag-sauna-vapor","24":"product_tag-sauna-vapor-21kw","25":"product_tag-sauna-vapor-21kw-namarra","26":"product_tag-sauna-vapor-namarra-21kw","28":"first","29":"instock","30":"shipping-taxable","31":"purchasable","32":"product-type-simple"},"yoast_head":"<!-- This site is optimized with the Yoast SEO plugin v27.3 - https:\/\/yoast.com\/product\/yoast-seo-wordpress\/ -->\n<title>Sauna Vapor \/ Mini Caldeira Extreme 21Kw - Alta Press\u00e3o A\u00e7o Inox<\/title>\n<meta name=\"description\" content=\"Sauna Vapor \/ Mini Caldeira Extreme 21Kw Alta Press\u00e3o,R$ 6.888,60 cilindro\/tanque a\u00e7o inox, inst. hidr\u00e1ulica de insufla\u00e7\u00e3o sifonada e desn\u00edvel vertical 5m.\" \/>\n<meta name=\"robots\" content=\"index, follow, max-snippet:-1, max-image-preview:large, max-video-preview:-1\" \/>\n<link rel=\"canonical\" href=\"https:\/\/www.lojadeequipamentos.com.br\/loja\/produto\/sauna-vapor-mini-caldeira-21kw-alta-pressao-2\/\" \/>\n<meta property=\"og:locale\" content=\"pt_BR\" \/>\n<meta property=\"og:type\" content=\"article\" \/>\n<meta property=\"og:title\" content=\"Sauna Vapor \/ Mini Caldeira Extreme 21Kw - Alta Press\u00e3o A\u00e7o Inox\" \/>\n<meta property=\"og:description\" content=\"Sauna Vapor \/ Mini Caldeira Extreme 21Kw Alta Press\u00e3o,R$ 6.888,60 cilindro\/tanque a\u00e7o inox, inst. hidr\u00e1ulica de insufla\u00e7\u00e3o sifonada e desn\u00edvel vertical 5m.\" \/>\n<meta property=\"og:url\" content=\"https:\/\/www.lojadeequipamentos.com.br\/loja\/produto\/sauna-vapor-mini-caldeira-21kw-alta-pressao-2\/\" \/>\n<meta property=\"og:site_name\" content=\"Loja de Equipamentos\" \/>\n<meta property=\"article:modified_time\" content=\"2023-07-19T13:09:14+00:00\" \/>\n<meta property=\"og:image\" content=\"https:\/\/www.lojadeequipamentos.com.br\/loja\/wp-content\/uploads\/2015\/01\/hotmax.png\" \/>\n\t<meta property=\"og:image:width\" content=\"400\" \/>\n\t<meta property=\"og:image:height\" content=\"400\" \/>\n\t<meta property=\"og:image:type\" content=\"image\/png\" \/>\n<meta name=\"twitter:card\" content=\"summary_large_image\" \/>\n<meta name=\"twitter:label1\" content=\"Est. tempo de leitura\" \/>\n\t<meta name=\"twitter:data1\" content=\"2 minutos\" \/>\n<script type=\"application\/ld+json\" class=\"yoast-schema-graph\">{\"@context\":\"https:\\\/\\\/schema.org\",\"@graph\":[{\"@type\":\"WebPage\",\"@id\":\"https:\\\/\\\/www.lojadeequipamentos.com.br\\\/loja\\\/produto\\\/sauna-vapor-mini-caldeira-21kw-alta-pressao-2\\\/\",\"url\":\"https:\\\/\\\/www.lojadeequipamentos.com.br\\\/loja\\\/produto\\\/sauna-vapor-mini-caldeira-21kw-alta-pressao-2\\\/\",\"name\":\"Sauna Vapor \\\/ Mini Caldeira Extreme 21Kw - Alta Press\u00e3o A\u00e7o Inox\",\"isPartOf\":{\"@id\":\"https:\\\/\\\/www.lojadeequipamentos.com.br\\\/loja\\\/#website\"},\"primaryImageOfPage\":{\"@id\":\"https:\\\/\\\/www.lojadeequipamentos.com.br\\\/loja\\\/produto\\\/sauna-vapor-mini-caldeira-21kw-alta-pressao-2\\\/#primaryimage\"},\"image\":{\"@id\":\"https:\\\/\\\/www.lojadeequipamentos.com.br\\\/loja\\\/produto\\\/sauna-vapor-mini-caldeira-21kw-alta-pressao-2\\\/#primaryimage\"},\"thumbnailUrl\":\"https:\\\/\\\/www.lojadeequipamentos.com.br\\\/loja\\\/wp-content\\\/uploads\\\/2015\\\/01\\\/hotmax.png\",\"datePublished\":\"2015-01-27T14:24:15+00:00\",\"dateModified\":\"2023-07-19T13:09:14+00:00\",\"description\":\"Sauna Vapor \\\/ Mini Caldeira Extreme 21Kw Alta Press\u00e3o,R$ 6.888,60 cilindro\\\/tanque a\u00e7o inox, inst. hidr\u00e1ulica de insufla\u00e7\u00e3o sifonada e desn\u00edvel vertical 5m.\",\"breadcrumb\":{\"@id\":\"https:\\\/\\\/www.lojadeequipamentos.com.br\\\/loja\\\/produto\\\/sauna-vapor-mini-caldeira-21kw-alta-pressao-2\\\/#breadcrumb\"},\"inLanguage\":\"pt-BR\",\"potentialAction\":[{\"@type\":\"ReadAction\",\"target\":[\"https:\\\/\\\/www.lojadeequipamentos.com.br\\\/loja\\\/produto\\\/sauna-vapor-mini-caldeira-21kw-alta-pressao-2\\\/\"]}]},{\"@type\":\"ImageObject\",\"inLanguage\":\"pt-BR\",\"@id\":\"https:\\\/\\\/www.lojadeequipamentos.com.br\\\/loja\\\/produto\\\/sauna-vapor-mini-caldeira-21kw-alta-pressao-2\\\/#primaryimage\",\"url\":\"https:\\\/\\\/www.lojadeequipamentos.com.br\\\/loja\\\/wp-content\\\/uploads\\\/2015\\\/01\\\/hotmax.png\",\"contentUrl\":\"https:\\\/\\\/www.lojadeequipamentos.com.br\\\/loja\\\/wp-content\\\/uploads\\\/2015\\\/01\\\/hotmax.png\",\"width\":400,\"height\":400},{\"@type\":\"BreadcrumbList\",\"@id\":\"https:\\\/\\\/www.lojadeequipamentos.com.br\\\/loja\\\/produto\\\/sauna-vapor-mini-caldeira-21kw-alta-pressao-2\\\/#breadcrumb\",\"itemListElement\":[{\"@type\":\"ListItem\",\"position\":1,\"name\":\"In\u00edcio\",\"item\":\"https:\\\/\\\/www.lojadeequipamentos.com.br\\\/loja\\\/\"},{\"@type\":\"ListItem\",\"position\":2,\"name\":\"Loja Virtual\",\"item\":\"https:\\\/\\\/www.lojadeequipamentos.com.br\\\/loja\\\/shop\\\/\"},{\"@type\":\"ListItem\",\"position\":3,\"name\":\"Sauna Vapor \\\/ Mini Caldeira Extreme 21Kw &#8211; Alta Press\u00e3o A\u00e7o Inox \\\/ Namarra\"}]},{\"@type\":\"WebSite\",\"@id\":\"https:\\\/\\\/www.lojadeequipamentos.com.br\\\/loja\\\/#website\",\"url\":\"https:\\\/\\\/www.lojadeequipamentos.com.br\\\/loja\\\/\",\"name\":\"Loja de Equipamentos\",\"description\":\"\",\"potentialAction\":[{\"@type\":\"SearchAction\",\"target\":{\"@type\":\"EntryPoint\",\"urlTemplate\":\"https:\\\/\\\/www.lojadeequipamentos.com.br\\\/loja\\\/?s={search_term_string}\"},\"query-input\":{\"@type\":\"PropertyValueSpecification\",\"valueRequired\":true,\"valueName\":\"search_term_string\"}}],\"inLanguage\":\"pt-BR\"}]}<\/script>\n<!-- \/ Yoast SEO plugin. -->","yoast_head_json":{"title":"Sauna Vapor \/ Mini Caldeira Extreme 21Kw - Alta Press\u00e3o A\u00e7o Inox","description":"Sauna Vapor \/ Mini Caldeira Extreme 21Kw Alta Press\u00e3o,R$ 6.888,60 cilindro\/tanque a\u00e7o inox, inst. hidr\u00e1ulica de insufla\u00e7\u00e3o sifonada e desn\u00edvel vertical 5m.","robots":{"index":"index","follow":"follow","max-snippet":"max-snippet:-1","max-image-preview":"max-image-preview:large","max-video-preview":"max-video-preview:-1"},"canonical":"https:\/\/www.lojadeequipamentos.com.br\/loja\/produto\/sauna-vapor-mini-caldeira-21kw-alta-pressao-2\/","og_locale":"pt_BR","og_type":"article","og_title":"Sauna Vapor \/ Mini Caldeira Extreme 21Kw - Alta Press\u00e3o A\u00e7o Inox","og_description":"Sauna Vapor \/ Mini Caldeira Extreme 21Kw Alta Press\u00e3o,R$ 6.888,60 cilindro\/tanque a\u00e7o inox, inst. hidr\u00e1ulica de insufla\u00e7\u00e3o sifonada e desn\u00edvel vertical 5m.","og_url":"https:\/\/www.lojadeequipamentos.com.br\/loja\/produto\/sauna-vapor-mini-caldeira-21kw-alta-pressao-2\/","og_site_name":"Loja de Equipamentos","article_modified_time":"2023-07-19T13:09:14+00:00","og_image":[{"width":400,"height":400,"url":"https:\/\/www.lojadeequipamentos.com.br\/loja\/wp-content\/uploads\/2015\/01\/hotmax.png","type":"image\/png"}],"twitter_card":"summary_large_image","twitter_misc":{"Est. tempo de leitura":"2 minutos"},"schema":{"@context":"https:\/\/schema.org","@graph":[{"@type":"WebPage","@id":"https:\/\/www.lojadeequipamentos.com.br\/loja\/produto\/sauna-vapor-mini-caldeira-21kw-alta-pressao-2\/","url":"https:\/\/www.lojadeequipamentos.com.br\/loja\/produto\/sauna-vapor-mini-caldeira-21kw-alta-pressao-2\/","name":"Sauna Vapor \/ Mini Caldeira Extreme 21Kw - Alta Press\u00e3o A\u00e7o Inox","isPartOf":{"@id":"https:\/\/www.lojadeequipamentos.com.br\/loja\/#website"},"primaryImageOfPage":{"@id":"https:\/\/www.lojadeequipamentos.com.br\/loja\/produto\/sauna-vapor-mini-caldeira-21kw-alta-pressao-2\/#primaryimage"},"image":{"@id":"https:\/\/www.lojadeequipamentos.com.br\/loja\/produto\/sauna-vapor-mini-caldeira-21kw-alta-pressao-2\/#primaryimage"},"thumbnailUrl":"https:\/\/www.lojadeequipamentos.com.br\/loja\/wp-content\/uploads\/2015\/01\/hotmax.png","datePublished":"2015-01-27T14:24:15+00:00","dateModified":"2023-07-19T13:09:14+00:00","description":"Sauna Vapor \/ Mini Caldeira Extreme 21Kw Alta Press\u00e3o,R$ 6.888,60 cilindro\/tanque a\u00e7o inox, inst. hidr\u00e1ulica de insufla\u00e7\u00e3o sifonada e desn\u00edvel vertical 5m.","breadcrumb":{"@id":"https:\/\/www.lojadeequipamentos.com.br\/loja\/produto\/sauna-vapor-mini-caldeira-21kw-alta-pressao-2\/#breadcrumb"},"inLanguage":"pt-BR","potentialAction":[{"@type":"ReadAction","target":["https:\/\/www.lojadeequipamentos.com.br\/loja\/produto\/sauna-vapor-mini-caldeira-21kw-alta-pressao-2\/"]}]},{"@type":"ImageObject","inLanguage":"pt-BR","@id":"https:\/\/www.lojadeequipamentos.com.br\/loja\/produto\/sauna-vapor-mini-caldeira-21kw-alta-pressao-2\/#primaryimage","url":"https:\/\/www.lojadeequipamentos.com.br\/loja\/wp-content\/uploads\/2015\/01\/hotmax.png","contentUrl":"https:\/\/www.lojadeequipamentos.com.br\/loja\/wp-content\/uploads\/2015\/01\/hotmax.png","width":400,"height":400},{"@type":"BreadcrumbList","@id":"https:\/\/www.lojadeequipamentos.com.br\/loja\/produto\/sauna-vapor-mini-caldeira-21kw-alta-pressao-2\/#breadcrumb","itemListElement":[{"@type":"ListItem","position":1,"name":"In\u00edcio","item":"https:\/\/www.lojadeequipamentos.com.br\/loja\/"},{"@type":"ListItem","position":2,"name":"Loja Virtual","item":"https:\/\/www.lojadeequipamentos.com.br\/loja\/shop\/"},{"@type":"ListItem","position":3,"name":"Sauna Vapor \/ Mini Caldeira Extreme 21Kw &#8211; Alta Press\u00e3o A\u00e7o Inox \/ Namarra"}]},{"@type":"WebSite","@id":"https:\/\/www.lojadeequipamentos.com.br\/loja\/#website","url":"https:\/\/www.lojadeequipamentos.com.br\/loja\/","name":"Loja de Equipamentos","description":"","potentialAction":[{"@type":"SearchAction","target":{"@type":"EntryPoint","urlTemplate":"https:\/\/www.lojadeequipamentos.com.br\/loja\/?s={search_term_string}"},"query-input":{"@type":"PropertyValueSpecification","valueRequired":true,"valueName":"search_term_string"}}],"inLanguage":"pt-BR"}]}},"_links":{"self":[{"href":"https:\/\/www.lojadeequipamentos.com.br\/loja\/wp-json\/wp\/v2\/product\/2592","targetHints":{"allow":["GET"]}}],"collection":[{"href":"https:\/\/www.lojadeequipamentos.com.br\/loja\/wp-json\/wp\/v2\/product"}],"about":[{"href":"https:\/\/www.lojadeequipamentos.com.br\/loja\/wp-json\/wp\/v2\/types\/product"}],"replies":[{"embeddable":true,"href":"https:\/\/www.lojadeequipamentos.com.br\/loja\/wp-json\/wp\/v2\/comments?post=2592"}],"wp:featuredmedia":[{"embeddable":true,"href":"https:\/\/www.lojadeequipamentos.com.br\/loja\/wp-json\/wp\/v2\/media\/2828"}],"wp:attachment":[{"href":"https:\/\/www.lojadeequipamentos.com.br\/loja\/wp-json\/wp\/v2\/media?parent=2592"}],"wp:term":[{"taxonomy":"product_brand","embeddable":true,"href":"https:\/\/www.lojadeequipamentos.com.br\/loja\/wp-json\/wp\/v2\/product_brand?post=2592"},{"taxonomy":"product_cat","embeddable":true,"href":"https:\/\/www.lojadeequipamentos.com.br\/loja\/wp-json\/wp\/v2\/product_cat?post=2592"},{"taxonomy":"product_tag","embeddable":true,"href":"https:\/\/www.lojadeequipamentos.com.br\/loja\/wp-json\/wp\/v2\/product_tag?post=2592"}],"curies":[{"name":"wp","href":"https:\/\/api.w.org\/{rel}","templated":true}]}}