{"id":2439,"date":"2014-08-07T04:40:25","date_gmt":"2014-08-07T04:40:25","guid":{"rendered":"http:\/\/www.lojadeequipamentos.com.br\/loja\/?post_type=product&#038;p=2439"},"modified":"2023-07-24T14:11:07","modified_gmt":"2023-07-24T14:11:07","slug":"boiler-vertical-100l-alta-pressao-aco-inox-316-15mm","status":"publish","type":"product","link":"https:\/\/www.lojadeequipamentos.com.br\/loja\/produto\/boiler-vertical-100l-alta-pressao-aco-inox-316-15mm\/","title":{"rendered":"Boiler Vertical 100L Alta Press\u00e3o a\u00e7o inox 316 &#8211; 1,5mm &#8211; Especial"},"content":{"rendered":"<p><strong>Boiler Vertical 100L Alta Press\u00e3o a\u00e7o inox 316 - 1,5mm - Especial<\/strong><br \/>\nDescri\u00e7\u00e3o: boiler vertical 100L alta press\u00e3o, cilindro\/tanque interno em a\u00e7o inox chapa 316 espessura 1,5mm, press\u00e3o de trabalho de 40 mca \/ 04Kg, isolamento t\u00e9rmico interno em poliuretano de alta densidade, chapa externa de acabamento em alum\u00ednio, termostato regul\u00e1vel e resist\u00eancia padr\u00e3o de 2Kw 127\/220 Volts, 03 bases de sustenta\u00e7\u00e3o e conex\u00f5es rosqueadas de 3\/4\".<br \/>\n<strong>Produto sob encomenda especial. Fique atento aos nossos prazos especiais para este tipo de produto. <\/strong><br \/>\nTipo de Instala\u00e7\u00e3o: B\u00e1sica ou Solar - por termo sif\u00e3o com desn\u00edvel da base do boiler a placa solar de 30cm no minimo e distancia m\u00e1xima de 4m; caso contrario fazer instala\u00e7\u00e3o for\u00e7ada entre boiler e placa com 01 bomba de circula\u00e7\u00e3o especifica respeitando a press\u00e3o de trabalho do boiler.<br \/>\nMedida e Peso: di\u00e2metro 47cm x altura 125cm x di\u00e2metro com acabamento 57cm, peso de 26Kg.<br \/>\nGarantia: Tanque 01 ano contra defeito de fabrica\u00e7\u00e3o.(acompanha instru\u00e7\u00f5es e certificado de garantia do fabricante), Resist\u00eancia 90 dias e Termostato 90 dias<br \/>\nUso: \u00e1gua pot\u00e1vel, \u00e1gua clorada ate 05ppm, \u00e1gua acida, \u00e1gua com cloretos ate 800ppm e temperatura elevada.(residencial, comercial e industrial)<br \/>\nOp\u00e7\u00f5es: barra de anodo (sacrif\u00edcio), conex\u00f5es extras para aquecimento auxiliar, 02 resist\u00eancias e monitoramento digital.<br \/>\nOBS: conforme norma ABNT, ser\u00e1 necess\u00e1rio a instala\u00e7\u00e3o de 1 vaso de expans\u00e3o no min. de 5,0 Litros junto ao equipamento.<br \/>\nConsulte a op\u00e7\u00e3o de medidas especiais para boiler e placas solares.<\/p>\n<p><a href=\"https:\/\/api.whatsapp.com\/send?phone=5521964144201\"><img loading=\"lazy\" decoding=\"async\" class=\"alignnone size-full wp-image-4307\" alt=\"botao_whatsapp\" src=\"http:\/\/www.lojadeequipamentos.com.br\/loja\/wp-content\/uploads\/2020\/08\/botao_whatsapp.png\" width=\"226\" height=\"82\" \/><\/a><\/p>\n","protected":false},"excerpt":{"rendered":"<strong>Boiler Vertical 100L Alta Press\u00e3o A\u00e7o Inox 316 - 1,5mm - Especial<\/strong>","protected":false},"featured_media":2824,"comment_status":"open","ping_status":"closed","template":"","meta":{"_links_to":"","_links_to_target":""},"product_brand":[],"product_cat":[2999],"product_tag":[45,838,840,774,842,837,839,841,69,321,214,322,210,220,215,211,212,213,375,4387],"class_list":{"0":"post-2439","1":"product","2":"type-product","3":"status-publish","4":"has-post-thumbnail","6":"product_cat-boiler-100","7":"product_tag-boiler-2","8":"product_tag-boiler-100l-alta-pressao-vertical","9":"product_tag-boiler-100l-eletrico-vertical","10":"product_tag-boiler-100l-solar","11":"product_tag-boiler-100l-solar-vertical","12":"product_tag-boiler-100l-vertical","13":"product_tag-boiler-100l-vertical-alta-pressao","14":"product_tag-boiler-100l-vertical-eletrico","15":"product_tag-boiler-alta-pressao","16":"product_tag-boiler-eletrico-vertical-100l","17":"product_tag-boiler-solar-vertical","18":"product_tag-boiler-solar-vertical-100l","19":"product_tag-boiler-vertical","20":"product_tag-boiler-vertical-100l-2","21":"product_tag-boiler-vertical-aco-inox-316","22":"product_tag-boiler-vertical-alta-pressao","23":"product_tag-boiler-vertical-eletrico","24":"product_tag-boiler-vertical-solar","25":"product_tag-boiler-vertical-solar-100l","26":"product_tag-instalacao","28":"first","29":"instock","30":"shipping-taxable","31":"purchasable","32":"product-type-simple"},"yoast_head":"<!-- This site is optimized with the Yoast SEO plugin v27.3 - https:\/\/yoast.com\/product\/yoast-seo-wordpress\/ -->\n<title>Boiler Vertical 100L Alta Press\u00e3o a\u00e7o inox 316 - 1,5mm - Especial<\/title>\n<meta name=\"description\" content=\"boiler vertical 100L alta press\u00e3o R$ 3.414,60 cilindro\/tanque em a\u00e7o inox chapa 316 espessura 1,5mm, press\u00e3o de trabalho de 40 mca \/ 04Kg.\" \/>\n<meta name=\"robots\" content=\"index, follow, max-snippet:-1, max-image-preview:large, max-video-preview:-1\" \/>\n<link rel=\"canonical\" href=\"https:\/\/www.lojadeequipamentos.com.br\/loja\/produto\/boiler-vertical-100l-alta-pressao-aco-inox-316-15mm\/\" \/>\n<meta property=\"og:locale\" content=\"pt_BR\" \/>\n<meta property=\"og:type\" content=\"article\" \/>\n<meta property=\"og:title\" content=\"Boiler Vertical 100L Alta Press\u00e3o a\u00e7o inox 316 - 1,5mm - Especial\" \/>\n<meta property=\"og:description\" content=\"boiler vertical 100L alta press\u00e3o R$ 3.414,60 cilindro\/tanque em a\u00e7o inox chapa 316 espessura 1,5mm, press\u00e3o de trabalho de 40 mca \/ 04Kg.\" \/>\n<meta property=\"og:url\" content=\"https:\/\/www.lojadeequipamentos.com.br\/loja\/produto\/boiler-vertical-100l-alta-pressao-aco-inox-316-15mm\/\" \/>\n<meta property=\"og:site_name\" content=\"Loja de Equipamentos\" \/>\n<meta property=\"article:modified_time\" content=\"2023-07-24T14:11:07+00:00\" \/>\n<meta property=\"og:image\" content=\"https:\/\/www.lojadeequipamentos.com.br\/loja\/wp-content\/uploads\/2015\/05\/BOILER_vertical2.png\" \/>\n\t<meta property=\"og:image:width\" content=\"400\" \/>\n\t<meta property=\"og:image:height\" content=\"400\" \/>\n\t<meta property=\"og:image:type\" content=\"image\/png\" \/>\n<meta name=\"twitter:card\" content=\"summary_large_image\" \/>\n<meta name=\"twitter:label1\" content=\"Est. tempo de leitura\" \/>\n\t<meta name=\"twitter:data1\" content=\"2 minutos\" \/>\n<script type=\"application\/ld+json\" class=\"yoast-schema-graph\">{\"@context\":\"https:\\\/\\\/schema.org\",\"@graph\":[{\"@type\":\"WebPage\",\"@id\":\"https:\\\/\\\/www.lojadeequipamentos.com.br\\\/loja\\\/produto\\\/boiler-vertical-100l-alta-pressao-aco-inox-316-15mm\\\/\",\"url\":\"https:\\\/\\\/www.lojadeequipamentos.com.br\\\/loja\\\/produto\\\/boiler-vertical-100l-alta-pressao-aco-inox-316-15mm\\\/\",\"name\":\"Boiler Vertical 100L Alta Press\u00e3o a\u00e7o inox 316 - 1,5mm - Especial\",\"isPartOf\":{\"@id\":\"https:\\\/\\\/www.lojadeequipamentos.com.br\\\/loja\\\/#website\"},\"primaryImageOfPage\":{\"@id\":\"https:\\\/\\\/www.lojadeequipamentos.com.br\\\/loja\\\/produto\\\/boiler-vertical-100l-alta-pressao-aco-inox-316-15mm\\\/#primaryimage\"},\"image\":{\"@id\":\"https:\\\/\\\/www.lojadeequipamentos.com.br\\\/loja\\\/produto\\\/boiler-vertical-100l-alta-pressao-aco-inox-316-15mm\\\/#primaryimage\"},\"thumbnailUrl\":\"https:\\\/\\\/www.lojadeequipamentos.com.br\\\/loja\\\/wp-content\\\/uploads\\\/2015\\\/05\\\/BOILER_vertical2.png\",\"datePublished\":\"2014-08-07T04:40:25+00:00\",\"dateModified\":\"2023-07-24T14:11:07+00:00\",\"description\":\"boiler vertical 100L alta press\u00e3o R$ 3.414,60 cilindro\\\/tanque em a\u00e7o inox chapa 316 espessura 1,5mm, press\u00e3o de trabalho de 40 mca \\\/ 04Kg.\",\"breadcrumb\":{\"@id\":\"https:\\\/\\\/www.lojadeequipamentos.com.br\\\/loja\\\/produto\\\/boiler-vertical-100l-alta-pressao-aco-inox-316-15mm\\\/#breadcrumb\"},\"inLanguage\":\"pt-BR\",\"potentialAction\":[{\"@type\":\"ReadAction\",\"target\":[\"https:\\\/\\\/www.lojadeequipamentos.com.br\\\/loja\\\/produto\\\/boiler-vertical-100l-alta-pressao-aco-inox-316-15mm\\\/\"]}]},{\"@type\":\"ImageObject\",\"inLanguage\":\"pt-BR\",\"@id\":\"https:\\\/\\\/www.lojadeequipamentos.com.br\\\/loja\\\/produto\\\/boiler-vertical-100l-alta-pressao-aco-inox-316-15mm\\\/#primaryimage\",\"url\":\"https:\\\/\\\/www.lojadeequipamentos.com.br\\\/loja\\\/wp-content\\\/uploads\\\/2015\\\/05\\\/BOILER_vertical2.png\",\"contentUrl\":\"https:\\\/\\\/www.lojadeequipamentos.com.br\\\/loja\\\/wp-content\\\/uploads\\\/2015\\\/05\\\/BOILER_vertical2.png\",\"width\":400,\"height\":400},{\"@type\":\"BreadcrumbList\",\"@id\":\"https:\\\/\\\/www.lojadeequipamentos.com.br\\\/loja\\\/produto\\\/boiler-vertical-100l-alta-pressao-aco-inox-316-15mm\\\/#breadcrumb\",\"itemListElement\":[{\"@type\":\"ListItem\",\"position\":1,\"name\":\"In\u00edcio\",\"item\":\"https:\\\/\\\/www.lojadeequipamentos.com.br\\\/loja\\\/\"},{\"@type\":\"ListItem\",\"position\":2,\"name\":\"Loja Virtual\",\"item\":\"https:\\\/\\\/www.lojadeequipamentos.com.br\\\/loja\\\/shop\\\/\"},{\"@type\":\"ListItem\",\"position\":3,\"name\":\"Boiler Vertical 100L Alta Press\u00e3o a\u00e7o inox 316 &#8211; 1,5mm &#8211; Especial\"}]},{\"@type\":\"WebSite\",\"@id\":\"https:\\\/\\\/www.lojadeequipamentos.com.br\\\/loja\\\/#website\",\"url\":\"https:\\\/\\\/www.lojadeequipamentos.com.br\\\/loja\\\/\",\"name\":\"Loja de Equipamentos\",\"description\":\"\",\"potentialAction\":[{\"@type\":\"SearchAction\",\"target\":{\"@type\":\"EntryPoint\",\"urlTemplate\":\"https:\\\/\\\/www.lojadeequipamentos.com.br\\\/loja\\\/?s={search_term_string}\"},\"query-input\":{\"@type\":\"PropertyValueSpecification\",\"valueRequired\":true,\"valueName\":\"search_term_string\"}}],\"inLanguage\":\"pt-BR\"}]}<\/script>\n<!-- \/ Yoast SEO plugin. -->","yoast_head_json":{"title":"Boiler Vertical 100L Alta Press\u00e3o a\u00e7o inox 316 - 1,5mm - Especial","description":"boiler vertical 100L alta press\u00e3o R$ 3.414,60 cilindro\/tanque em a\u00e7o inox chapa 316 espessura 1,5mm, press\u00e3o de trabalho de 40 mca \/ 04Kg.","robots":{"index":"index","follow":"follow","max-snippet":"max-snippet:-1","max-image-preview":"max-image-preview:large","max-video-preview":"max-video-preview:-1"},"canonical":"https:\/\/www.lojadeequipamentos.com.br\/loja\/produto\/boiler-vertical-100l-alta-pressao-aco-inox-316-15mm\/","og_locale":"pt_BR","og_type":"article","og_title":"Boiler Vertical 100L Alta Press\u00e3o a\u00e7o inox 316 - 1,5mm - Especial","og_description":"boiler vertical 100L alta press\u00e3o R$ 3.414,60 cilindro\/tanque em a\u00e7o inox chapa 316 espessura 1,5mm, press\u00e3o de trabalho de 40 mca \/ 04Kg.","og_url":"https:\/\/www.lojadeequipamentos.com.br\/loja\/produto\/boiler-vertical-100l-alta-pressao-aco-inox-316-15mm\/","og_site_name":"Loja de Equipamentos","article_modified_time":"2023-07-24T14:11:07+00:00","og_image":[{"width":400,"height":400,"url":"https:\/\/www.lojadeequipamentos.com.br\/loja\/wp-content\/uploads\/2015\/05\/BOILER_vertical2.png","type":"image\/png"}],"twitter_card":"summary_large_image","twitter_misc":{"Est. tempo de leitura":"2 minutos"},"schema":{"@context":"https:\/\/schema.org","@graph":[{"@type":"WebPage","@id":"https:\/\/www.lojadeequipamentos.com.br\/loja\/produto\/boiler-vertical-100l-alta-pressao-aco-inox-316-15mm\/","url":"https:\/\/www.lojadeequipamentos.com.br\/loja\/produto\/boiler-vertical-100l-alta-pressao-aco-inox-316-15mm\/","name":"Boiler Vertical 100L Alta Press\u00e3o a\u00e7o inox 316 - 1,5mm - Especial","isPartOf":{"@id":"https:\/\/www.lojadeequipamentos.com.br\/loja\/#website"},"primaryImageOfPage":{"@id":"https:\/\/www.lojadeequipamentos.com.br\/loja\/produto\/boiler-vertical-100l-alta-pressao-aco-inox-316-15mm\/#primaryimage"},"image":{"@id":"https:\/\/www.lojadeequipamentos.com.br\/loja\/produto\/boiler-vertical-100l-alta-pressao-aco-inox-316-15mm\/#primaryimage"},"thumbnailUrl":"https:\/\/www.lojadeequipamentos.com.br\/loja\/wp-content\/uploads\/2015\/05\/BOILER_vertical2.png","datePublished":"2014-08-07T04:40:25+00:00","dateModified":"2023-07-24T14:11:07+00:00","description":"boiler vertical 100L alta press\u00e3o R$ 3.414,60 cilindro\/tanque em a\u00e7o inox chapa 316 espessura 1,5mm, press\u00e3o de trabalho de 40 mca \/ 04Kg.","breadcrumb":{"@id":"https:\/\/www.lojadeequipamentos.com.br\/loja\/produto\/boiler-vertical-100l-alta-pressao-aco-inox-316-15mm\/#breadcrumb"},"inLanguage":"pt-BR","potentialAction":[{"@type":"ReadAction","target":["https:\/\/www.lojadeequipamentos.com.br\/loja\/produto\/boiler-vertical-100l-alta-pressao-aco-inox-316-15mm\/"]}]},{"@type":"ImageObject","inLanguage":"pt-BR","@id":"https:\/\/www.lojadeequipamentos.com.br\/loja\/produto\/boiler-vertical-100l-alta-pressao-aco-inox-316-15mm\/#primaryimage","url":"https:\/\/www.lojadeequipamentos.com.br\/loja\/wp-content\/uploads\/2015\/05\/BOILER_vertical2.png","contentUrl":"https:\/\/www.lojadeequipamentos.com.br\/loja\/wp-content\/uploads\/2015\/05\/BOILER_vertical2.png","width":400,"height":400},{"@type":"BreadcrumbList","@id":"https:\/\/www.lojadeequipamentos.com.br\/loja\/produto\/boiler-vertical-100l-alta-pressao-aco-inox-316-15mm\/#breadcrumb","itemListElement":[{"@type":"ListItem","position":1,"name":"In\u00edcio","item":"https:\/\/www.lojadeequipamentos.com.br\/loja\/"},{"@type":"ListItem","position":2,"name":"Loja Virtual","item":"https:\/\/www.lojadeequipamentos.com.br\/loja\/shop\/"},{"@type":"ListItem","position":3,"name":"Boiler Vertical 100L Alta Press\u00e3o a\u00e7o inox 316 &#8211; 1,5mm &#8211; Especial"}]},{"@type":"WebSite","@id":"https:\/\/www.lojadeequipamentos.com.br\/loja\/#website","url":"https:\/\/www.lojadeequipamentos.com.br\/loja\/","name":"Loja de Equipamentos","description":"","potentialAction":[{"@type":"SearchAction","target":{"@type":"EntryPoint","urlTemplate":"https:\/\/www.lojadeequipamentos.com.br\/loja\/?s={search_term_string}"},"query-input":{"@type":"PropertyValueSpecification","valueRequired":true,"valueName":"search_term_string"}}],"inLanguage":"pt-BR"}]}},"_links":{"self":[{"href":"https:\/\/www.lojadeequipamentos.com.br\/loja\/wp-json\/wp\/v2\/product\/2439","targetHints":{"allow":["GET"]}}],"collection":[{"href":"https:\/\/www.lojadeequipamentos.com.br\/loja\/wp-json\/wp\/v2\/product"}],"about":[{"href":"https:\/\/www.lojadeequipamentos.com.br\/loja\/wp-json\/wp\/v2\/types\/product"}],"replies":[{"embeddable":true,"href":"https:\/\/www.lojadeequipamentos.com.br\/loja\/wp-json\/wp\/v2\/comments?post=2439"}],"wp:featuredmedia":[{"embeddable":true,"href":"https:\/\/www.lojadeequipamentos.com.br\/loja\/wp-json\/wp\/v2\/media\/2824"}],"wp:attachment":[{"href":"https:\/\/www.lojadeequipamentos.com.br\/loja\/wp-json\/wp\/v2\/media?parent=2439"}],"wp:term":[{"taxonomy":"product_brand","embeddable":true,"href":"https:\/\/www.lojadeequipamentos.com.br\/loja\/wp-json\/wp\/v2\/product_brand?post=2439"},{"taxonomy":"product_cat","embeddable":true,"href":"https:\/\/www.lojadeequipamentos.com.br\/loja\/wp-json\/wp\/v2\/product_cat?post=2439"},{"taxonomy":"product_tag","embeddable":true,"href":"https:\/\/www.lojadeequipamentos.com.br\/loja\/wp-json\/wp\/v2\/product_tag?post=2439"}],"curies":[{"name":"wp","href":"https:\/\/api.w.org\/{rel}","templated":true}]}}