{"id":2282,"date":"2014-07-24T03:12:46","date_gmt":"2014-07-24T03:12:46","guid":{"rendered":"http:\/\/www.lojadeequipamentos.com.br\/loja\/?post_type=product&#038;p=2282"},"modified":"2026-04-22T15:09:01","modified_gmt":"2026-04-22T15:09:01","slug":"cadeira-guardiao-piscina-e-seguranca-com-rodas","status":"publish","type":"product","link":"https:\/\/www.lojadeequipamentos.com.br\/loja\/produto\/cadeira-guardiao-piscina-e-seguranca-com-rodas\/","title":{"rendered":"Cadeira Guardi\u00e3o Piscina e Seguran\u00e7a com Rodas"},"content":{"rendered":"<h2>Cadeira Guardi\u00e3o Piscina e Seguran\u00e7a com Rodas<\/h2>\n<p>\nDescri\u00e7\u00e3o: cadeira guardi\u00e3o produzida em A\u00e7o Galvanizado com tratamento anti-corrosivo, assento em Fibra de Vidro e base para os p\u00e9s e degraus confeccionados em metal, suporte para coloca\u00e7\u00e3o de 01 guarda-sol e 01 par de roldanas para deslocamento.<br \/>\nMedida e Peso: largura 1130mm x profundidade 1360mm x altura 2360mm, peso de 40Kg.<br \/>\nGarantia: de 3 meses.<br \/>\n<br \/>\nUso: cadeira de observa\u00e7\u00e3o para ampla vis\u00e3o para seguran\u00e7as e salva-vidas de piscina e sua pronta atua\u00e7\u00e3o, sendo obrigatoriamente instalada em local que permita perfeita visibilidade, pr\u00f3xima a piscina, quando a dimens\u00e3o desta for igual ou superior a 12 (doze) metros de comprimento ou possua \u00e1rea de banho igual ou superior a 60m\u00b2 (sessenta metros quadrados).<br \/>\nde acordo com a norma NBR 11238 torna-se obrigat\u00f3rio a instala\u00e7\u00e3o da cadeira de observa\u00e7\u00e3o em piscinas coletivas e p\u00fablicas.<br \/>\n<br \/>\n<strong>Opcionais:<\/strong><\/p>\n<p><strong>a- Guarda-Sol. (padr\u00e3o)<\/strong><br \/>\n<br \/>\n<strong>d- Plataforma Superior (680,00\/622,00) e Plataforma Inferior ( 970,00\/873,00) para Apoio de Pertences e Maleta de 1\u00ba Socorros e Outros.<\/strong><br \/>\n<br \/>\n<strong>FAVOR ENTRAR EM CONTATO PARA COTA\u00c7\u00c3O DE FRETE<strong><\/strong><\/strong><br \/>\n<br \/>\n<a href=\"https:\/\/api.whatsapp.com\/send?phone=5521964144201\"><img loading=\"lazy\" decoding=\"async\" class=\"alignnone size-full wp-image-4307\" alt=\"botao_whatsapp\" src=\"http:\/\/www.lojadeequipamentos.com.br\/loja\/wp-content\/uploads\/2020\/08\/botao_whatsapp.png\" width=\"226\" height=\"82\" \/><\/a><\/p>\n","protected":false},"excerpt":{"rendered":"<strong>Cadeira Guardi\u00e3o Piscina e Seguran\u00e7a com Suporte<\/strong>","protected":false},"featured_media":8036,"comment_status":"open","ping_status":"closed","template":"","meta":{"_links_to":"","_links_to_target":""},"product_brand":[],"product_cat":[175],"product_tag":[1783,136,1492,402,1784,3834,752,1778,135,1493,403,1779,137,3830,3831,3825,3832,3833,1780,3835],"class_list":{"0":"post-2282","1":"product","2":"type-product","3":"status-publish","4":"has-post-thumbnail","6":"product_cat-cadeira-guardiao-2","7":"product_tag-cadeira-de-observacao","8":"product_tag-cadeira-guardiao","9":"product_tag-cadeira-guardiao-incisor","10":"product_tag-cadeira-guardiao-piscina","11":"product_tag-cadeira-observacao","12":"product_tag-cadeira-observacao-salva-vida","13":"product_tag-cadeira-piscina-guardiao","14":"product_tag-cadeira-piscina-seguranca","15":"product_tag-cadeira-salva-vidas","16":"product_tag-cadeira-salva-vidas-incisor","17":"product_tag-cadeira-salva-vidas-piscina","18":"product_tag-cadeira-seguranca","19":"product_tag-cadeira-seguranca-piscina","20":"product_tag-guardiao-cadeira-2","21":"product_tag-guardiao-cadeira-observacao","22":"product_tag-salva-vida-cadeira","23":"product_tag-salva-vida-cadeira-guardiao","24":"product_tag-salva-vida-cadeira-observacao","25":"product_tag-seguranca-cadeira","26":"product_tag-seguranca-cadeira-observacao","28":"first","29":"instock","30":"shipping-taxable","31":"purchasable","32":"product-type-simple"},"yoast_head":"<!-- This site is optimized with the Yoast SEO plugin v27.3 - https:\/\/yoast.com\/product\/yoast-seo-wordpress\/ -->\n<title>Cadeira Guardi\u00e3o Piscina e Seguran\u00e7a com Rodas - Loja de Equipamentos<\/title>\n<meta name=\"description\" content=\"Cadeira Guardi\u00e3o R$ 3.625,20 A\u00e7o Galvanizado, Assento em Fibra de Vidro, Suporte para 01 Guarda-Sol e 01 Par de Roldanas.\" \/>\n<meta name=\"robots\" content=\"index, follow, max-snippet:-1, max-image-preview:large, max-video-preview:-1\" \/>\n<link rel=\"canonical\" href=\"https:\/\/www.lojadeequipamentos.com.br\/loja\/produto\/cadeira-guardiao-piscina-e-seguranca-com-rodas\/\" \/>\n<meta property=\"og:locale\" content=\"pt_BR\" \/>\n<meta property=\"og:type\" content=\"article\" \/>\n<meta property=\"og:title\" content=\"Cadeira Guardi\u00e3o Piscina e Seguran\u00e7a com Rodas - Loja de Equipamentos\" \/>\n<meta property=\"og:description\" content=\"Cadeira Guardi\u00e3o R$ 3.625,20 A\u00e7o Galvanizado, Assento em Fibra de Vidro, Suporte para 01 Guarda-Sol e 01 Par de Roldanas.\" \/>\n<meta property=\"og:url\" content=\"https:\/\/www.lojadeequipamentos.com.br\/loja\/produto\/cadeira-guardiao-piscina-e-seguranca-com-rodas\/\" \/>\n<meta property=\"og:site_name\" content=\"Loja de Equipamentos\" \/>\n<meta property=\"article:modified_time\" content=\"2026-04-22T15:09:01+00:00\" \/>\n<meta property=\"og:image\" content=\"https:\/\/www.lojadeequipamentos.com.br\/loja\/wp-content\/uploads\/2014\/07\/Cadeira-Guardiao-Galvanizada.jpg\" \/>\n\t<meta property=\"og:image:width\" content=\"1062\" \/>\n\t<meta property=\"og:image:height\" content=\"845\" \/>\n\t<meta property=\"og:image:type\" content=\"image\/jpeg\" \/>\n<meta name=\"twitter:card\" content=\"summary_large_image\" \/>\n<meta name=\"twitter:label1\" content=\"Est. tempo de leitura\" \/>\n\t<meta name=\"twitter:data1\" content=\"2 minutos\" \/>\n<script type=\"application\/ld+json\" class=\"yoast-schema-graph\">{\"@context\":\"https:\\\/\\\/schema.org\",\"@graph\":[{\"@type\":\"WebPage\",\"@id\":\"https:\\\/\\\/www.lojadeequipamentos.com.br\\\/loja\\\/produto\\\/cadeira-guardiao-piscina-e-seguranca-com-rodas\\\/\",\"url\":\"https:\\\/\\\/www.lojadeequipamentos.com.br\\\/loja\\\/produto\\\/cadeira-guardiao-piscina-e-seguranca-com-rodas\\\/\",\"name\":\"Cadeira Guardi\u00e3o Piscina e Seguran\u00e7a com Rodas - Loja de Equipamentos\",\"isPartOf\":{\"@id\":\"https:\\\/\\\/www.lojadeequipamentos.com.br\\\/loja\\\/#website\"},\"primaryImageOfPage\":{\"@id\":\"https:\\\/\\\/www.lojadeequipamentos.com.br\\\/loja\\\/produto\\\/cadeira-guardiao-piscina-e-seguranca-com-rodas\\\/#primaryimage\"},\"image\":{\"@id\":\"https:\\\/\\\/www.lojadeequipamentos.com.br\\\/loja\\\/produto\\\/cadeira-guardiao-piscina-e-seguranca-com-rodas\\\/#primaryimage\"},\"thumbnailUrl\":\"https:\\\/\\\/www.lojadeequipamentos.com.br\\\/loja\\\/wp-content\\\/uploads\\\/2014\\\/07\\\/Cadeira-Guardiao-Galvanizada.jpg\",\"datePublished\":\"2014-07-24T03:12:46+00:00\",\"dateModified\":\"2026-04-22T15:09:01+00:00\",\"description\":\"Cadeira Guardi\u00e3o R$ 3.625,20 A\u00e7o Galvanizado, Assento em Fibra de Vidro, Suporte para 01 Guarda-Sol e 01 Par de Roldanas.\",\"breadcrumb\":{\"@id\":\"https:\\\/\\\/www.lojadeequipamentos.com.br\\\/loja\\\/produto\\\/cadeira-guardiao-piscina-e-seguranca-com-rodas\\\/#breadcrumb\"},\"inLanguage\":\"pt-BR\",\"potentialAction\":[{\"@type\":\"ReadAction\",\"target\":[\"https:\\\/\\\/www.lojadeequipamentos.com.br\\\/loja\\\/produto\\\/cadeira-guardiao-piscina-e-seguranca-com-rodas\\\/\"]}]},{\"@type\":\"ImageObject\",\"inLanguage\":\"pt-BR\",\"@id\":\"https:\\\/\\\/www.lojadeequipamentos.com.br\\\/loja\\\/produto\\\/cadeira-guardiao-piscina-e-seguranca-com-rodas\\\/#primaryimage\",\"url\":\"https:\\\/\\\/www.lojadeequipamentos.com.br\\\/loja\\\/wp-content\\\/uploads\\\/2014\\\/07\\\/Cadeira-Guardiao-Galvanizada.jpg\",\"contentUrl\":\"https:\\\/\\\/www.lojadeequipamentos.com.br\\\/loja\\\/wp-content\\\/uploads\\\/2014\\\/07\\\/Cadeira-Guardiao-Galvanizada.jpg\",\"width\":1062,\"height\":845},{\"@type\":\"BreadcrumbList\",\"@id\":\"https:\\\/\\\/www.lojadeequipamentos.com.br\\\/loja\\\/produto\\\/cadeira-guardiao-piscina-e-seguranca-com-rodas\\\/#breadcrumb\",\"itemListElement\":[{\"@type\":\"ListItem\",\"position\":1,\"name\":\"In\u00edcio\",\"item\":\"https:\\\/\\\/www.lojadeequipamentos.com.br\\\/loja\\\/\"},{\"@type\":\"ListItem\",\"position\":2,\"name\":\"Loja Virtual\",\"item\":\"https:\\\/\\\/www.lojadeequipamentos.com.br\\\/loja\\\/shop\\\/\"},{\"@type\":\"ListItem\",\"position\":3,\"name\":\"Cadeira Guardi\u00e3o Piscina e Seguran\u00e7a com Rodas\"}]},{\"@type\":\"WebSite\",\"@id\":\"https:\\\/\\\/www.lojadeequipamentos.com.br\\\/loja\\\/#website\",\"url\":\"https:\\\/\\\/www.lojadeequipamentos.com.br\\\/loja\\\/\",\"name\":\"Loja de Equipamentos\",\"description\":\"\",\"potentialAction\":[{\"@type\":\"SearchAction\",\"target\":{\"@type\":\"EntryPoint\",\"urlTemplate\":\"https:\\\/\\\/www.lojadeequipamentos.com.br\\\/loja\\\/?s={search_term_string}\"},\"query-input\":{\"@type\":\"PropertyValueSpecification\",\"valueRequired\":true,\"valueName\":\"search_term_string\"}}],\"inLanguage\":\"pt-BR\"}]}<\/script>\n<!-- \/ Yoast SEO plugin. -->","yoast_head_json":{"title":"Cadeira Guardi\u00e3o Piscina e Seguran\u00e7a com Rodas - Loja de Equipamentos","description":"Cadeira Guardi\u00e3o R$ 3.625,20 A\u00e7o Galvanizado, Assento em Fibra de Vidro, Suporte para 01 Guarda-Sol e 01 Par de Roldanas.","robots":{"index":"index","follow":"follow","max-snippet":"max-snippet:-1","max-image-preview":"max-image-preview:large","max-video-preview":"max-video-preview:-1"},"canonical":"https:\/\/www.lojadeequipamentos.com.br\/loja\/produto\/cadeira-guardiao-piscina-e-seguranca-com-rodas\/","og_locale":"pt_BR","og_type":"article","og_title":"Cadeira Guardi\u00e3o Piscina e Seguran\u00e7a com Rodas - Loja de Equipamentos","og_description":"Cadeira Guardi\u00e3o R$ 3.625,20 A\u00e7o Galvanizado, Assento em Fibra de Vidro, Suporte para 01 Guarda-Sol e 01 Par de Roldanas.","og_url":"https:\/\/www.lojadeequipamentos.com.br\/loja\/produto\/cadeira-guardiao-piscina-e-seguranca-com-rodas\/","og_site_name":"Loja de Equipamentos","article_modified_time":"2026-04-22T15:09:01+00:00","og_image":[{"width":1062,"height":845,"url":"https:\/\/www.lojadeequipamentos.com.br\/loja\/wp-content\/uploads\/2014\/07\/Cadeira-Guardiao-Galvanizada.jpg","type":"image\/jpeg"}],"twitter_card":"summary_large_image","twitter_misc":{"Est. tempo de leitura":"2 minutos"},"schema":{"@context":"https:\/\/schema.org","@graph":[{"@type":"WebPage","@id":"https:\/\/www.lojadeequipamentos.com.br\/loja\/produto\/cadeira-guardiao-piscina-e-seguranca-com-rodas\/","url":"https:\/\/www.lojadeequipamentos.com.br\/loja\/produto\/cadeira-guardiao-piscina-e-seguranca-com-rodas\/","name":"Cadeira Guardi\u00e3o Piscina e Seguran\u00e7a com Rodas - Loja de Equipamentos","isPartOf":{"@id":"https:\/\/www.lojadeequipamentos.com.br\/loja\/#website"},"primaryImageOfPage":{"@id":"https:\/\/www.lojadeequipamentos.com.br\/loja\/produto\/cadeira-guardiao-piscina-e-seguranca-com-rodas\/#primaryimage"},"image":{"@id":"https:\/\/www.lojadeequipamentos.com.br\/loja\/produto\/cadeira-guardiao-piscina-e-seguranca-com-rodas\/#primaryimage"},"thumbnailUrl":"https:\/\/www.lojadeequipamentos.com.br\/loja\/wp-content\/uploads\/2014\/07\/Cadeira-Guardiao-Galvanizada.jpg","datePublished":"2014-07-24T03:12:46+00:00","dateModified":"2026-04-22T15:09:01+00:00","description":"Cadeira Guardi\u00e3o R$ 3.625,20 A\u00e7o Galvanizado, Assento em Fibra de Vidro, Suporte para 01 Guarda-Sol e 01 Par de Roldanas.","breadcrumb":{"@id":"https:\/\/www.lojadeequipamentos.com.br\/loja\/produto\/cadeira-guardiao-piscina-e-seguranca-com-rodas\/#breadcrumb"},"inLanguage":"pt-BR","potentialAction":[{"@type":"ReadAction","target":["https:\/\/www.lojadeequipamentos.com.br\/loja\/produto\/cadeira-guardiao-piscina-e-seguranca-com-rodas\/"]}]},{"@type":"ImageObject","inLanguage":"pt-BR","@id":"https:\/\/www.lojadeequipamentos.com.br\/loja\/produto\/cadeira-guardiao-piscina-e-seguranca-com-rodas\/#primaryimage","url":"https:\/\/www.lojadeequipamentos.com.br\/loja\/wp-content\/uploads\/2014\/07\/Cadeira-Guardiao-Galvanizada.jpg","contentUrl":"https:\/\/www.lojadeequipamentos.com.br\/loja\/wp-content\/uploads\/2014\/07\/Cadeira-Guardiao-Galvanizada.jpg","width":1062,"height":845},{"@type":"BreadcrumbList","@id":"https:\/\/www.lojadeequipamentos.com.br\/loja\/produto\/cadeira-guardiao-piscina-e-seguranca-com-rodas\/#breadcrumb","itemListElement":[{"@type":"ListItem","position":1,"name":"In\u00edcio","item":"https:\/\/www.lojadeequipamentos.com.br\/loja\/"},{"@type":"ListItem","position":2,"name":"Loja Virtual","item":"https:\/\/www.lojadeequipamentos.com.br\/loja\/shop\/"},{"@type":"ListItem","position":3,"name":"Cadeira Guardi\u00e3o Piscina e Seguran\u00e7a com Rodas"}]},{"@type":"WebSite","@id":"https:\/\/www.lojadeequipamentos.com.br\/loja\/#website","url":"https:\/\/www.lojadeequipamentos.com.br\/loja\/","name":"Loja de Equipamentos","description":"","potentialAction":[{"@type":"SearchAction","target":{"@type":"EntryPoint","urlTemplate":"https:\/\/www.lojadeequipamentos.com.br\/loja\/?s={search_term_string}"},"query-input":{"@type":"PropertyValueSpecification","valueRequired":true,"valueName":"search_term_string"}}],"inLanguage":"pt-BR"}]}},"_links":{"self":[{"href":"https:\/\/www.lojadeequipamentos.com.br\/loja\/wp-json\/wp\/v2\/product\/2282","targetHints":{"allow":["GET"]}}],"collection":[{"href":"https:\/\/www.lojadeequipamentos.com.br\/loja\/wp-json\/wp\/v2\/product"}],"about":[{"href":"https:\/\/www.lojadeequipamentos.com.br\/loja\/wp-json\/wp\/v2\/types\/product"}],"replies":[{"embeddable":true,"href":"https:\/\/www.lojadeequipamentos.com.br\/loja\/wp-json\/wp\/v2\/comments?post=2282"}],"wp:featuredmedia":[{"embeddable":true,"href":"https:\/\/www.lojadeequipamentos.com.br\/loja\/wp-json\/wp\/v2\/media\/8036"}],"wp:attachment":[{"href":"https:\/\/www.lojadeequipamentos.com.br\/loja\/wp-json\/wp\/v2\/media?parent=2282"}],"wp:term":[{"taxonomy":"product_brand","embeddable":true,"href":"https:\/\/www.lojadeequipamentos.com.br\/loja\/wp-json\/wp\/v2\/product_brand?post=2282"},{"taxonomy":"product_cat","embeddable":true,"href":"https:\/\/www.lojadeequipamentos.com.br\/loja\/wp-json\/wp\/v2\/product_cat?post=2282"},{"taxonomy":"product_tag","embeddable":true,"href":"https:\/\/www.lojadeequipamentos.com.br\/loja\/wp-json\/wp\/v2\/product_tag?post=2282"}],"curies":[{"name":"wp","href":"https:\/\/api.w.org\/{rel}","templated":true}]}}