{"id":2373,"date":"2014-08-05T21:09:04","date_gmt":"2014-08-05T21:09:04","guid":{"rendered":"http:\/\/www.lojadeequipamentos.com.br\/loja\/?page_id=2373"},"modified":"2014-08-05T23:02:07","modified_gmt":"2014-08-05T23:02:07","slug":"encomendas-especiais","status":"publish","type":"page","link":"https:\/\/www.lojadeequipamentos.com.br\/loja\/encomendas-especiais\/","title":{"rendered":"Encomendas Especiais"},"content":{"rendered":"<p>Seja bem-vindo a \u00e1rea de Encomendas Especiais. Preencha os dados abaixo com o m\u00e1ximo de detalhes da \u00e1rea\u00a0\"detalhamento\" para que possamos lhe oferecer um or\u00e7amento preciso.<\/p>\n<p>&nbsp;<\/p>\n\n<div class=\"wpcf7 no-js\" id=\"wpcf7-f2402-o1\" lang=\"pt-PT\" dir=\"ltr\" data-wpcf7-id=\"2402\">\n<div class=\"screen-reader-response\"><p role=\"status\" aria-live=\"polite\" aria-atomic=\"true\"><\/p> <ul><\/ul><\/div>\n<form action=\"\/loja\/wp-json\/wp\/v2\/pages\/2373#wpcf7-f2402-o1\" method=\"post\" class=\"wpcf7-form init\" aria-label=\"Formul\u00e1rios de contato\" novalidate=\"novalidate\" data-status=\"init\">\n<fieldset class=\"hidden-fields-container\"><input type=\"hidden\" name=\"_wpcf7\" value=\"2402\" \/><input type=\"hidden\" name=\"_wpcf7_version\" value=\"6.1.5\" \/><input type=\"hidden\" name=\"_wpcf7_locale\" value=\"pt_PT\" \/><input type=\"hidden\" name=\"_wpcf7_unit_tag\" value=\"wpcf7-f2402-o1\" \/><input type=\"hidden\" name=\"_wpcf7_container_post\" value=\"0\" \/><input type=\"hidden\" name=\"_wpcf7_posted_data_hash\" value=\"\" \/>\n<\/fieldset>\n<p>O seu nome (obrigat\u00f3rio)\n<\/p>\n<p><span class=\"wpcf7-form-control-wrap\" data-name=\"your-name\"><input size=\"40\" maxlength=\"400\" class=\"wpcf7-form-control wpcf7-text wpcf7-validates-as-required\" aria-required=\"true\" aria-invalid=\"false\" value=\"\" type=\"text\" name=\"your-name\" \/><\/span>\n<\/p>\n<p>O seu e-mail (obrigat\u00f3rio)\n<\/p>\n<p><span class=\"wpcf7-form-control-wrap\" data-name=\"your-email\"><input size=\"40\" maxlength=\"400\" class=\"wpcf7-form-control wpcf7-email wpcf7-validates-as-required wpcf7-text wpcf7-validates-as-email\" aria-required=\"true\" aria-invalid=\"false\" value=\"\" type=\"email\" name=\"your-email\" \/><\/span>\n<\/p>\n<p>Telefone\n<\/p>\n<p><span class=\"wpcf7-form-control-wrap\" data-name=\"your-tel\"><input size=\"40\" maxlength=\"400\" class=\"wpcf7-form-control wpcf7-text\" aria-invalid=\"false\" value=\"\" type=\"text\" name=\"your-tel\" \/><\/span>\n<\/p>\n<p>Quantos litros?\n<\/p>\n<p><span class=\"wpcf7-form-control-wrap\" data-name=\"your-litros\"><input size=\"40\" maxlength=\"400\" class=\"wpcf7-form-control wpcf7-text\" aria-invalid=\"false\" value=\"\" type=\"text\" name=\"your-litros\" \/><\/span>\n<\/p>\n<p>Qual a pot\u00eancia?\n<\/p>\n<p><span class=\"wpcf7-form-control-wrap\" data-name=\"your-potencia\"><input size=\"40\" maxlength=\"400\" class=\"wpcf7-form-control wpcf7-text\" aria-invalid=\"false\" value=\"\" type=\"text\" name=\"your-potencia\" \/><\/span>\n<\/p>\n<p>Qual a finalidade?\n<\/p>\n<p><span class=\"wpcf7-form-control-wrap\" data-name=\"your-finalidade\"><input size=\"40\" maxlength=\"400\" class=\"wpcf7-form-control wpcf7-text\" aria-invalid=\"false\" value=\"\" type=\"text\" name=\"your-finalidade\" \/><\/span>\n<\/p>\n<p>Qual o tipo de \u00e1gua?\n<\/p>\n<p><span class=\"wpcf7-form-control-wrap\" data-name=\"your-agua\"><input size=\"40\" maxlength=\"400\" class=\"wpcf7-form-control wpcf7-text\" aria-invalid=\"false\" value=\"\" type=\"text\" name=\"your-agua\" \/><\/span>\n<\/p>\n<p>Observa\u00e7\u00f5es\n<\/p>\n<p><span class=\"wpcf7-form-control-wrap\" data-name=\"your-message\"><textarea cols=\"40\" rows=\"10\" maxlength=\"2000\" class=\"wpcf7-form-control wpcf7-textarea\" aria-invalid=\"false\" name=\"your-message\"><\/textarea><\/span>\n<\/p>\n<p><input class=\"wpcf7-form-control wpcf7-submit has-spinner\" type=\"submit\" value=\"Enviar\" \/>\n<\/p><p style=\"display: none !important;\" class=\"akismet-fields-container\" data-prefix=\"_wpcf7_ak_\"><label>&#916;<textarea name=\"_wpcf7_ak_hp_textarea\" cols=\"45\" rows=\"8\" maxlength=\"100\"><\/textarea><\/label><input type=\"hidden\" id=\"ak_js_1\" name=\"_wpcf7_ak_js\" value=\"205\"\/><script>document.getElementById( \"ak_js_1\" ).setAttribute( \"value\", ( new Date() ).getTime() );<\/script><\/p><div class=\"wpcf7-response-output\" aria-hidden=\"true\"><\/div>\n<\/form>\n<\/div>\n\n","protected":false},"excerpt":{"rendered":"Seja bem-vindo a \u00e1rea de Encomendas Especiais. Preencha os dados abaixo com o m\u00e1ximo de detalhes da \u00e1rea\u00a0\"detalhamento\" para que possamos lhe oferecer um or\u00e7amento preciso. &nbsp;","protected":false},"author":1,"featured_media":0,"parent":0,"menu_order":0,"comment_status":"open","ping_status":"open","template":"","meta":{"footnotes":"","_links_to":"","_links_to_target":""},"class_list":["post-2373","page","type-page","status-publish","hentry"],"yoast_head":"<!-- This site is optimized with the Yoast SEO plugin v27.3 - https:\/\/yoast.com\/product\/yoast-seo-wordpress\/ -->\n<title>Encomendas Especiais - Loja de Equipamentos<\/title>\n<meta name=\"robots\" content=\"index, follow, max-snippet:-1, max-image-preview:large, max-video-preview:-1\" \/>\n<link rel=\"canonical\" href=\"https:\/\/www.lojadeequipamentos.com.br\/loja\/encomendas-especiais\/\" \/>\n<meta property=\"og:locale\" content=\"pt_BR\" \/>\n<meta property=\"og:type\" content=\"article\" \/>\n<meta property=\"og:title\" content=\"Encomendas Especiais - Loja de Equipamentos\" \/>\n<meta property=\"og:description\" content=\"Seja bem-vindo a \u00e1rea de Encomendas Especiais. Preencha os dados abaixo com o m\u00e1ximo de detalhes da \u00e1rea\u00a0&quot;detalhamento&quot; para que possamos lhe oferecer um or\u00e7amento preciso. &nbsp;\" \/>\n<meta property=\"og:url\" content=\"https:\/\/www.lojadeequipamentos.com.br\/loja\/encomendas-especiais\/\" \/>\n<meta property=\"og:site_name\" content=\"Loja de Equipamentos\" \/>\n<meta property=\"article:modified_time\" content=\"2014-08-05T23:02:07+00:00\" \/>\n<meta name=\"twitter:card\" content=\"summary_large_image\" \/>\n<script type=\"application\/ld+json\" class=\"yoast-schema-graph\">{\"@context\":\"https:\\\/\\\/schema.org\",\"@graph\":[{\"@type\":\"WebPage\",\"@id\":\"https:\\\/\\\/www.lojadeequipamentos.com.br\\\/loja\\\/encomendas-especiais\\\/\",\"url\":\"https:\\\/\\\/www.lojadeequipamentos.com.br\\\/loja\\\/encomendas-especiais\\\/\",\"name\":\"Encomendas Especiais - Loja de Equipamentos\",\"isPartOf\":{\"@id\":\"https:\\\/\\\/www.lojadeequipamentos.com.br\\\/loja\\\/#website\"},\"datePublished\":\"2014-08-05T21:09:04+00:00\",\"dateModified\":\"2014-08-05T23:02:07+00:00\",\"breadcrumb\":{\"@id\":\"https:\\\/\\\/www.lojadeequipamentos.com.br\\\/loja\\\/encomendas-especiais\\\/#breadcrumb\"},\"inLanguage\":\"pt-BR\",\"potentialAction\":[{\"@type\":\"ReadAction\",\"target\":[\"https:\\\/\\\/www.lojadeequipamentos.com.br\\\/loja\\\/encomendas-especiais\\\/\"]}]},{\"@type\":\"BreadcrumbList\",\"@id\":\"https:\\\/\\\/www.lojadeequipamentos.com.br\\\/loja\\\/encomendas-especiais\\\/#breadcrumb\",\"itemListElement\":[{\"@type\":\"ListItem\",\"position\":1,\"name\":\"In\u00edcio\",\"item\":\"https:\\\/\\\/www.lojadeequipamentos.com.br\\\/loja\\\/\"},{\"@type\":\"ListItem\",\"position\":2,\"name\":\"Encomendas Especiais\"}]},{\"@type\":\"WebSite\",\"@id\":\"https:\\\/\\\/www.lojadeequipamentos.com.br\\\/loja\\\/#website\",\"url\":\"https:\\\/\\\/www.lojadeequipamentos.com.br\\\/loja\\\/\",\"name\":\"Loja de Equipamentos\",\"description\":\"\",\"potentialAction\":[{\"@type\":\"SearchAction\",\"target\":{\"@type\":\"EntryPoint\",\"urlTemplate\":\"https:\\\/\\\/www.lojadeequipamentos.com.br\\\/loja\\\/?s={search_term_string}\"},\"query-input\":{\"@type\":\"PropertyValueSpecification\",\"valueRequired\":true,\"valueName\":\"search_term_string\"}}],\"inLanguage\":\"pt-BR\"}]}<\/script>\n<!-- \/ Yoast SEO plugin. -->","yoast_head_json":{"title":"Encomendas Especiais - Loja de Equipamentos","robots":{"index":"index","follow":"follow","max-snippet":"max-snippet:-1","max-image-preview":"max-image-preview:large","max-video-preview":"max-video-preview:-1"},"canonical":"https:\/\/www.lojadeequipamentos.com.br\/loja\/encomendas-especiais\/","og_locale":"pt_BR","og_type":"article","og_title":"Encomendas Especiais - Loja de Equipamentos","og_description":"Seja bem-vindo a \u00e1rea de Encomendas Especiais. Preencha os dados abaixo com o m\u00e1ximo de detalhes da \u00e1rea\u00a0\"detalhamento\" para que possamos lhe oferecer um or\u00e7amento preciso. &nbsp;","og_url":"https:\/\/www.lojadeequipamentos.com.br\/loja\/encomendas-especiais\/","og_site_name":"Loja de Equipamentos","article_modified_time":"2014-08-05T23:02:07+00:00","twitter_card":"summary_large_image","schema":{"@context":"https:\/\/schema.org","@graph":[{"@type":"WebPage","@id":"https:\/\/www.lojadeequipamentos.com.br\/loja\/encomendas-especiais\/","url":"https:\/\/www.lojadeequipamentos.com.br\/loja\/encomendas-especiais\/","name":"Encomendas Especiais - Loja de Equipamentos","isPartOf":{"@id":"https:\/\/www.lojadeequipamentos.com.br\/loja\/#website"},"datePublished":"2014-08-05T21:09:04+00:00","dateModified":"2014-08-05T23:02:07+00:00","breadcrumb":{"@id":"https:\/\/www.lojadeequipamentos.com.br\/loja\/encomendas-especiais\/#breadcrumb"},"inLanguage":"pt-BR","potentialAction":[{"@type":"ReadAction","target":["https:\/\/www.lojadeequipamentos.com.br\/loja\/encomendas-especiais\/"]}]},{"@type":"BreadcrumbList","@id":"https:\/\/www.lojadeequipamentos.com.br\/loja\/encomendas-especiais\/#breadcrumb","itemListElement":[{"@type":"ListItem","position":1,"name":"In\u00edcio","item":"https:\/\/www.lojadeequipamentos.com.br\/loja\/"},{"@type":"ListItem","position":2,"name":"Encomendas Especiais"}]},{"@type":"WebSite","@id":"https:\/\/www.lojadeequipamentos.com.br\/loja\/#website","url":"https:\/\/www.lojadeequipamentos.com.br\/loja\/","name":"Loja de Equipamentos","description":"","potentialAction":[{"@type":"SearchAction","target":{"@type":"EntryPoint","urlTemplate":"https:\/\/www.lojadeequipamentos.com.br\/loja\/?s={search_term_string}"},"query-input":{"@type":"PropertyValueSpecification","valueRequired":true,"valueName":"search_term_string"}}],"inLanguage":"pt-BR"}]}},"_links":{"self":[{"href":"https:\/\/www.lojadeequipamentos.com.br\/loja\/wp-json\/wp\/v2\/pages\/2373","targetHints":{"allow":["GET"]}}],"collection":[{"href":"https:\/\/www.lojadeequipamentos.com.br\/loja\/wp-json\/wp\/v2\/pages"}],"about":[{"href":"https:\/\/www.lojadeequipamentos.com.br\/loja\/wp-json\/wp\/v2\/types\/page"}],"author":[{"embeddable":true,"href":"https:\/\/www.lojadeequipamentos.com.br\/loja\/wp-json\/wp\/v2\/users\/1"}],"replies":[{"embeddable":true,"href":"https:\/\/www.lojadeequipamentos.com.br\/loja\/wp-json\/wp\/v2\/comments?post=2373"}],"version-history":[{"count":9,"href":"https:\/\/www.lojadeequipamentos.com.br\/loja\/wp-json\/wp\/v2\/pages\/2373\/revisions"}],"predecessor-version":[{"id":2415,"href":"https:\/\/www.lojadeequipamentos.com.br\/loja\/wp-json\/wp\/v2\/pages\/2373\/revisions\/2415"}],"wp:attachment":[{"href":"https:\/\/www.lojadeequipamentos.com.br\/loja\/wp-json\/wp\/v2\/media?parent=2373"}],"curies":[{"name":"wp","href":"https:\/\/api.w.org\/{rel}","templated":true}]}}