{"id":1967,"date":"2013-09-05T13:39:59","date_gmt":"2013-09-05T13:39:59","guid":{"rendered":"http:\/\/livedemo00.template-help.com\/woocommerce_47868\/?page_id=1967"},"modified":"2019-10-07T13:47:47","modified_gmt":"2019-10-07T13:47:47","slug":"delivery","status":"publish","type":"page","link":"https:\/\/www.lojadeequipamentos.com.br\/loja\/delivery\/","title":{"rendered":"Entregas"},"content":{"rendered":"<div>\n<h2>Entregas<\/h2>\n<h5>Nosso objetivo \u00e9 entregar o seu produto no menor tempo poss\u00edvel.<\/h5>\n<div class=\"spacer\"><\/div><!-- .spacer (end) -->\nA data do pedido aceito pela Loja de Equipamentos n\u00e3o conta para c\u00e1lculo do prazo de entrega. Os pedidos efetuados ap\u00f3s as 17:00 horas ou nos finais de semana e feriados ser\u00e3o considerados efetuados no primeiro dia \u00fatil seguinte. O servi\u00e7o de entrega \u00e9 terceirizado e executado por Transportadora indicada pela Loja de Equipamentos ou de Preferencia do Cliente e sua Responsabilidade.<\/p>\n<p><strong>Os Pedidos s\u00f3 ser\u00e3o confirmados pela Loja de Equipamentos mediante envio de e-mail para contato@lojadeequipamentos.com.br pelo Cliente confirmando a sua Ci\u00eancia referente a Nossa Politica de Vendas e Entregas exposta neste site.<\/strong><\/p>\n<p>A Loja de Equipamentos n\u00e3o garante a entrega nos casos de insucessos provocados por: Cliente ausente, Cliente ou Funcion\u00e1rios que se negam a averiguar o conte\u00fado da embalagem perante a Transportadora no ato da entrega, dados cadastrais incorretos, recusa pelo Cliente ou Funcion\u00e1rios de endere\u00e7os residenciais e comerciais, mudan\u00e7a de endere\u00e7o, endere\u00e7os comerciais fechados, \u00e1rea de risco e desastres naturais (for\u00e7a maior). A entrega ser\u00e1 realizada dentro do prazo e no local indicado na Confirma\u00e7\u00e3o do Pedido.<\/p>\n<p><strong>O Cliente ou seus funcion\u00e1rios ser\u00e3o respons\u00e1veis pela n\u00e3o conferencia da mercadoria no ato da entrega pela Transportadora e pelas perdas e danos causados pelos insucessos de entregas mencionados acima e pela recusa injustificada da entrega, assim considerada aquela n\u00e3o prevista na legisla\u00e7\u00e3o aplic\u00e1vel.<br \/>\nOs Produtos Padr\u00e3o e Produtos Especiais (sob encomenda) enviados n\u00e3o passam por qualquer altera\u00e7\u00e3o em nosso Centro de Distribui\u00e7\u00e3o. Todos eles s\u00e3o enviados ao Cliente exatamente como foram entregues pela F\u00e1brica ou Importados.<\/strong><\/p>\n<p>Normalmente as entregas s\u00e3o efetuadas, junto a Transportadora nos seguintes prazos:<br \/>\nProduto em estoque: 02 dias + prazo m\u00e9dio da op\u00e7\u00e3o de envio<br \/>\nProdutos Especiais (Sob Encomenda): 10 a 45 dias + prazo m\u00e9dio da op\u00e7\u00e3o de envio<br \/>\nPrazos v\u00e1lidos para pagamentos por Cart\u00e3o de Cr\u00e9dito para pedidos com produtos em estoque. Caso opte por pagamento por Boleto Banc\u00e1rio, adicionar mais tr\u00eas dias \u00fateis em m\u00e9dia aos prazos mencionados acima, ap\u00f3s o pagamento do boleto.<br \/>\nA Loja de Equipamentos n\u00e3o se responsabiliza por atrasos nas entregas causados por problemas de for\u00e7a maior, como acidentes, greves, fen\u00f4menos naturais ou interfer\u00eancias municipais, estaduais e federais.<\/p>\n<p><strong>A Assinatura no Aviso de Recebimento da Transportadora respons\u00e1vel pelas entregas da Loja de Equipamentos; implica no reconhecimento do recebimento, exame e aprova\u00e7\u00e3o das mercadorias adquiridas dentro da embalagem sem nenhum dano externo aparente. N\u00e3o cabe a Loja de Equipamentos ser respons\u00e1vel pela n\u00e3o averigua\u00e7\u00e3o e interesse do Cliente ou de seus Funcion\u00e1rios em averiguar a sua mercadoria no ato da entrega, n\u00e3o sendo aceito nenhuma Reclama\u00e7\u00e3o de Danos Aparentes ou Contundentes apos o aceite do recebimento.<\/strong><\/p>\n<div class=\"spacer\"><\/div><!-- .spacer (end) -->\nOBS: Os valores de envio incluem Manipula\u00e7\u00e3o e Embalagem, bem como os Custos de Transporte e seu Seguro ate a conferencia da Mercadoria pelo Cliente ou seus Funcion\u00e1rios. Os valores de manuseio s\u00e3o fixos, os valores de Transporte variam de acordo com o peso total, medidas da remessa e distancia de envio. Aconselhamos a agrupar os produtos em uma ordem. N\u00e3o podemos agrupar duas encomendas distintas feitas separadamente e as despesas de envio ser\u00e3o aplicadas a cada uma delas.<br \/>\n<div class=\"spacer\"><\/div><!-- .spacer (end) -->\n<\/p><\/div>\n","protected":false},"excerpt":{"rendered":"Entregas Nosso objetivo \u00e9 entregar o seu produto no menor tempo poss\u00edvel. A data do pedido aceito pela Loja de Equipamentos n\u00e3o conta para c\u00e1lculo do prazo de entrega. Os pedidos efetuados ap\u00f3s as 17:00 horas ou nos finais de semana e feriados ser\u00e3o considerados efetuados no primeiro dia \u00fatil seguinte. O servi\u00e7o de entrega \u00e9 terceirizado e executado por&nbsp;<a href=\"https:\/\/www.lojadeequipamentos.com.br\/loja\/delivery\/\" class=\"read-more\">Continue Reading<\/a>","protected":false},"author":3,"featured_media":0,"parent":0,"menu_order":0,"comment_status":"open","ping_status":"open","template":"","meta":{"footnotes":"","_links_to":"","_links_to_target":""},"class_list":["post-1967","page","type-page","status-publish","hentry"],"yoast_head":"<!-- This site is optimized with the Yoast SEO plugin v27.3 - https:\/\/yoast.com\/product\/yoast-seo-wordpress\/ -->\n<title>Entregas<\/title>\n<meta name=\"description\" content=\"Nosso objetivo \u00e9 realizar as entregas o seu produto no menor tempo poss\u00edvel.\" \/>\n<meta name=\"robots\" content=\"index, follow, max-snippet:-1, max-image-preview:large, max-video-preview:-1\" \/>\n<link rel=\"canonical\" href=\"https:\/\/www.lojadeequipamentos.com.br\/loja\/delivery\/\" \/>\n<meta property=\"og:locale\" content=\"pt_BR\" \/>\n<meta property=\"og:type\" content=\"article\" \/>\n<meta property=\"og:title\" content=\"Entregas\" \/>\n<meta property=\"og:description\" content=\"Nosso objetivo \u00e9 realizar as entregas o seu produto no menor tempo poss\u00edvel.\" \/>\n<meta property=\"og:url\" content=\"https:\/\/www.lojadeequipamentos.com.br\/loja\/delivery\/\" \/>\n<meta property=\"og:site_name\" content=\"Loja de Equipamentos\" \/>\n<meta property=\"article:modified_time\" content=\"2019-10-07T13:47:47+00:00\" \/>\n<meta name=\"twitter:card\" content=\"summary_large_image\" \/>\n<meta name=\"twitter:label1\" content=\"Est. tempo de leitura\" \/>\n\t<meta name=\"twitter:data1\" content=\"3 minutos\" \/>\n<script type=\"application\/ld+json\" class=\"yoast-schema-graph\">{\"@context\":\"https:\\\/\\\/schema.org\",\"@graph\":[{\"@type\":\"WebPage\",\"@id\":\"https:\\\/\\\/www.lojadeequipamentos.com.br\\\/loja\\\/delivery\\\/\",\"url\":\"https:\\\/\\\/www.lojadeequipamentos.com.br\\\/loja\\\/delivery\\\/\",\"name\":\"Entregas\",\"isPartOf\":{\"@id\":\"https:\\\/\\\/www.lojadeequipamentos.com.br\\\/loja\\\/#website\"},\"datePublished\":\"2013-09-05T13:39:59+00:00\",\"dateModified\":\"2019-10-07T13:47:47+00:00\",\"description\":\"Nosso objetivo \u00e9 realizar as entregas o seu produto no menor tempo poss\u00edvel.\",\"breadcrumb\":{\"@id\":\"https:\\\/\\\/www.lojadeequipamentos.com.br\\\/loja\\\/delivery\\\/#breadcrumb\"},\"inLanguage\":\"pt-BR\",\"potentialAction\":[{\"@type\":\"ReadAction\",\"target\":[\"https:\\\/\\\/www.lojadeequipamentos.com.br\\\/loja\\\/delivery\\\/\"]}]},{\"@type\":\"BreadcrumbList\",\"@id\":\"https:\\\/\\\/www.lojadeequipamentos.com.br\\\/loja\\\/delivery\\\/#breadcrumb\",\"itemListElement\":[{\"@type\":\"ListItem\",\"position\":1,\"name\":\"In\u00edcio\",\"item\":\"https:\\\/\\\/www.lojadeequipamentos.com.br\\\/loja\\\/\"},{\"@type\":\"ListItem\",\"position\":2,\"name\":\"Entregas\"}]},{\"@type\":\"WebSite\",\"@id\":\"https:\\\/\\\/www.lojadeequipamentos.com.br\\\/loja\\\/#website\",\"url\":\"https:\\\/\\\/www.lojadeequipamentos.com.br\\\/loja\\\/\",\"name\":\"Loja de Equipamentos\",\"description\":\"\",\"potentialAction\":[{\"@type\":\"SearchAction\",\"target\":{\"@type\":\"EntryPoint\",\"urlTemplate\":\"https:\\\/\\\/www.lojadeequipamentos.com.br\\\/loja\\\/?s={search_term_string}\"},\"query-input\":{\"@type\":\"PropertyValueSpecification\",\"valueRequired\":true,\"valueName\":\"search_term_string\"}}],\"inLanguage\":\"pt-BR\"}]}<\/script>\n<!-- \/ Yoast SEO plugin. -->","yoast_head_json":{"title":"Entregas","description":"Nosso objetivo \u00e9 realizar as entregas o seu produto no menor tempo poss\u00edvel.","robots":{"index":"index","follow":"follow","max-snippet":"max-snippet:-1","max-image-preview":"max-image-preview:large","max-video-preview":"max-video-preview:-1"},"canonical":"https:\/\/www.lojadeequipamentos.com.br\/loja\/delivery\/","og_locale":"pt_BR","og_type":"article","og_title":"Entregas","og_description":"Nosso objetivo \u00e9 realizar as entregas o seu produto no menor tempo poss\u00edvel.","og_url":"https:\/\/www.lojadeequipamentos.com.br\/loja\/delivery\/","og_site_name":"Loja de Equipamentos","article_modified_time":"2019-10-07T13:47:47+00:00","twitter_card":"summary_large_image","twitter_misc":{"Est. tempo de leitura":"3 minutos"},"schema":{"@context":"https:\/\/schema.org","@graph":[{"@type":"WebPage","@id":"https:\/\/www.lojadeequipamentos.com.br\/loja\/delivery\/","url":"https:\/\/www.lojadeequipamentos.com.br\/loja\/delivery\/","name":"Entregas","isPartOf":{"@id":"https:\/\/www.lojadeequipamentos.com.br\/loja\/#website"},"datePublished":"2013-09-05T13:39:59+00:00","dateModified":"2019-10-07T13:47:47+00:00","description":"Nosso objetivo \u00e9 realizar as entregas o seu produto no menor tempo poss\u00edvel.","breadcrumb":{"@id":"https:\/\/www.lojadeequipamentos.com.br\/loja\/delivery\/#breadcrumb"},"inLanguage":"pt-BR","potentialAction":[{"@type":"ReadAction","target":["https:\/\/www.lojadeequipamentos.com.br\/loja\/delivery\/"]}]},{"@type":"BreadcrumbList","@id":"https:\/\/www.lojadeequipamentos.com.br\/loja\/delivery\/#breadcrumb","itemListElement":[{"@type":"ListItem","position":1,"name":"In\u00edcio","item":"https:\/\/www.lojadeequipamentos.com.br\/loja\/"},{"@type":"ListItem","position":2,"name":"Entregas"}]},{"@type":"WebSite","@id":"https:\/\/www.lojadeequipamentos.com.br\/loja\/#website","url":"https:\/\/www.lojadeequipamentos.com.br\/loja\/","name":"Loja de Equipamentos","description":"","potentialAction":[{"@type":"SearchAction","target":{"@type":"EntryPoint","urlTemplate":"https:\/\/www.lojadeequipamentos.com.br\/loja\/?s={search_term_string}"},"query-input":{"@type":"PropertyValueSpecification","valueRequired":true,"valueName":"search_term_string"}}],"inLanguage":"pt-BR"}]}},"_links":{"self":[{"href":"https:\/\/www.lojadeequipamentos.com.br\/loja\/wp-json\/wp\/v2\/pages\/1967","targetHints":{"allow":["GET"]}}],"collection":[{"href":"https:\/\/www.lojadeequipamentos.com.br\/loja\/wp-json\/wp\/v2\/pages"}],"about":[{"href":"https:\/\/www.lojadeequipamentos.com.br\/loja\/wp-json\/wp\/v2\/types\/page"}],"author":[{"embeddable":true,"href":"https:\/\/www.lojadeequipamentos.com.br\/loja\/wp-json\/wp\/v2\/users\/3"}],"replies":[{"embeddable":true,"href":"https:\/\/www.lojadeequipamentos.com.br\/loja\/wp-json\/wp\/v2\/comments?post=1967"}],"version-history":[{"count":22,"href":"https:\/\/www.lojadeequipamentos.com.br\/loja\/wp-json\/wp\/v2\/pages\/1967\/revisions"}],"predecessor-version":[{"id":3889,"href":"https:\/\/www.lojadeequipamentos.com.br\/loja\/wp-json\/wp\/v2\/pages\/1967\/revisions\/3889"}],"wp:attachment":[{"href":"https:\/\/www.lojadeequipamentos.com.br\/loja\/wp-json\/wp\/v2\/media?parent=1967"}],"curies":[{"name":"wp","href":"https:\/\/api.w.org\/{rel}","templated":true}]}}