{"id":14,"date":"2011-07-14T19:47:05","date_gmt":"2011-07-14T19:47:05","guid":{"rendered":"http:\/\/192.168.9.29\/Development\/TB\/?page_id=14"},"modified":"2021-04-05T23:07:47","modified_gmt":"2021-04-05T23:07:47","slug":"contacts","status":"publish","type":"page","link":"https:\/\/www.lojadeequipamentos.com.br\/loja\/contacts\/","title":{"rendered":"Contato"},"content":{"rendered":"<div class=\"row \">\n<div class=\"span12 \"><a href=\"http:\/\/www.lojadeequipamentos.com.br\/loja\/wp-content\/uploads\/2014\/08\/contato.png\"><img loading=\"lazy\" decoding=\"async\" class=\"alignleft size-full wp-image-2250\" src=\"http:\/\/www.lojadeequipamentos.com.br\/loja\/wp-content\/uploads\/2014\/08\/contato.png\" alt=\"programa\u00e7\u00e3o_rwr\" width=\"1176\" height=\"303\"><\/a><br \/><\/div>\n<div class=\"span4 \"><h2>Informa\u00e7\u00f5es de Contato<\/h2>\n<h5>Entre em contato conosco. Ser\u00e1 um grande prazer atend\u00ea-lo.<\/h5>\n<p>Nossos 40 anos de Mercado nos possibilitam oferecer aos nossos Clientes a Melhor Solu\u00e7\u00e3o para as suas demandas em Aquecimento, Pressuriza\u00e7\u00f5es, Saunas, Spas, Equipamentos, Acess\u00f3rios de Lazer, Equipamentos de Emerg\u00eancia, Equipamentos Industriais, Equipamentos para Cozinhas Industriais, Equipamentos de Manuten\u00e7\u00e3o e Consultoria no Geral. Entre em contato conosco, ser\u00e1 um enorme prazer atend\u00ea-lo.<br \/>\n<address>\n<strong>Loja de Equipamentos.<\/strong><\/p>\n<p><strong>Matriz: Rio de Janeiro - RJ<br \/>\nCNPJ: 20.377.621\/0001-04.<\/strong><\/p>\n<p><strong>Filial PR: <\/strong><strong>Curitiba - PR<\/strong><br \/>\n<strong>CNPJ: 20.377.621\/0002-87.<\/strong><\/p>\n<p><strong>Filial RO: <strong>Candeias do Jamari - RO<\/strong><br \/>\n<strong>CNPJ: 20.377.621\/0003-68.<\/strong><\/strong><\/p>\n<p><strong><strong>Filial SP: S\u00e3o Paulo - SP<br \/>\nCNPJ: 20.377.621\/0004-49.<\/strong><\/strong><\/p>\n<p><strong><br \/>\n<\/strong><strong><\/strong><strong><strong><strong>Telefone: (21) 4102-4254 e 9641-44201<\/strong><br \/>\nE-mail: <a href=\"mailto:contato@lojadeequipamentos.com.br\">contato@lojadeequipamentos.com.br<\/a><br \/>\n<\/address><!-- address (end) --><\/div>\n<div class=\"span8 \"><\/strong><\/strong><\/p>\n<h2>Formul\u00e1rio de Contato<\/h2>\n\n<div class=\"wpcf7 no-js\" id=\"wpcf7-f208-o1\" lang=\"\" dir=\"ltr\" data-wpcf7-id=\"208\">\n<div class=\"screen-reader-response\"><p role=\"status\" aria-live=\"polite\" aria-atomic=\"true\"><\/p> <ul><\/ul><\/div>\n<form action=\"\/loja\/wp-json\/wp\/v2\/pages\/14#wpcf7-f208-o1\" method=\"post\" class=\"wpcf7-form init\" aria-label=\"Formul\u00e1rios de contato\" novalidate=\"novalidate\" data-status=\"init\">\n<fieldset class=\"hidden-fields-container\"><input type=\"hidden\" name=\"_wpcf7\" value=\"208\" \/><input type=\"hidden\" name=\"_wpcf7_version\" value=\"6.1.5\" \/><input type=\"hidden\" name=\"_wpcf7_locale\" value=\"\" \/><input type=\"hidden\" name=\"_wpcf7_unit_tag\" value=\"wpcf7-f208-o1\" \/><input type=\"hidden\" name=\"_wpcf7_container_post\" value=\"0\" \/><input type=\"hidden\" name=\"_wpcf7_posted_data_hash\" value=\"\" \/>\n<\/fieldset>\n<div class=\"row-fluid\">\n\t<p class=\"span4 field\"><span class=\"wpcf7-form-control-wrap\" data-name=\"your-name\"><input size=\"40\" maxlength=\"400\" class=\"wpcf7-form-control wpcf7-text wpcf7-validates-as-required\" aria-required=\"true\" aria-invalid=\"false\" placeholder=\"Nome:\" value=\"\" type=\"text\" name=\"your-name\" \/><\/span>\n\t<\/p>\n\t<p class=\"span4 field\"><span class=\"wpcf7-form-control-wrap\" data-name=\"your-email\"><input size=\"40\" maxlength=\"400\" class=\"wpcf7-form-control wpcf7-email wpcf7-validates-as-required wpcf7-text wpcf7-validates-as-email\" aria-required=\"true\" aria-invalid=\"false\" placeholder=\"E-mail:\" value=\"\" type=\"email\" name=\"your-email\" \/><\/span>\n\t<\/p>\n\t<p class=\"span4 field\"><span class=\"wpcf7-form-control-wrap\" data-name=\"your-phone\"><input size=\"40\" maxlength=\"400\" class=\"wpcf7-form-control wpcf7-text\" aria-invalid=\"false\" placeholder=\"Telefone:\" value=\"\" type=\"text\" name=\"your-phone\" \/><\/span>\n\t<\/p>\n<\/div>\n<p class=\"field\"><span class=\"wpcf7-form-control-wrap\" data-name=\"your-message\"><textarea cols=\"40\" rows=\"10\" maxlength=\"2000\" class=\"wpcf7-form-control wpcf7-textarea\" aria-invalid=\"false\" placeholder=\"Mensagem:\" name=\"your-message\"><\/textarea><\/span>\n<\/p>\n<p class=\"submit-wrap\"><input type=\"reset\" value=\"limpar\" class=\"btn btn-primary\" \/><input class=\"wpcf7-form-control wpcf7-submit has-spinner btn btn-primary\" type=\"submit\" value=\"enviar\" \/>\n<\/p><p style=\"display: none !important;\" class=\"akismet-fields-container\" data-prefix=\"_wpcf7_ak_\"><label>&#916;<textarea name=\"_wpcf7_ak_hp_textarea\" cols=\"45\" rows=\"8\" maxlength=\"100\"><\/textarea><\/label><input type=\"hidden\" id=\"ak_js_1\" name=\"_wpcf7_ak_js\" value=\"173\"\/><script>document.getElementById( \"ak_js_1\" ).setAttribute( \"value\", ( new Date() ).getTime() );<\/script><\/p><div class=\"wpcf7-response-output\" aria-hidden=\"true\"><\/div>\n<\/form>\n<\/div>\n<\/div>\n<\/div><!-- .row (end) -->\n","protected":false},"excerpt":{"rendered":"","protected":false},"author":3,"featured_media":0,"parent":0,"menu_order":6,"comment_status":"open","ping_status":"closed","template":"page-fullwidth.php","meta":{"footnotes":"","_links_to":"","_links_to_target":""},"class_list":["post-14","page","type-page","status-publish","hentry"],"yoast_head":"<!-- This site is optimized with the Yoast SEO plugin v27.3 - https:\/\/yoast.com\/product\/yoast-seo-wordpress\/ -->\n<title>Contato - Loja de Equipamentos<\/title>\n<meta name=\"robots\" content=\"index, follow, max-snippet:-1, max-image-preview:large, max-video-preview:-1\" \/>\n<link rel=\"canonical\" href=\"https:\/\/www.lojadeequipamentos.com.br\/loja\/contacts\/\" \/>\n<meta property=\"og:locale\" content=\"pt_BR\" \/>\n<meta property=\"og:type\" content=\"article\" \/>\n<meta property=\"og:title\" content=\"Contato - Loja de Equipamentos\" \/>\n<meta property=\"og:url\" content=\"https:\/\/www.lojadeequipamentos.com.br\/loja\/contacts\/\" \/>\n<meta property=\"og:site_name\" content=\"Loja de Equipamentos\" \/>\n<meta property=\"article:modified_time\" content=\"2021-04-05T23:07:47+00:00\" \/>\n<meta property=\"og:image\" content=\"http:\/\/www.lojadeequipamentos.com.br\/loja\/wp-content\/uploads\/2014\/08\/contato.png\" \/>\n<meta name=\"twitter:card\" content=\"summary_large_image\" \/>\n<meta name=\"twitter:label1\" content=\"Est. tempo de leitura\" \/>\n\t<meta name=\"twitter:data1\" content=\"1 minuto\" \/>\n<script type=\"application\/ld+json\" class=\"yoast-schema-graph\">{\"@context\":\"https:\\\/\\\/schema.org\",\"@graph\":[{\"@type\":\"WebPage\",\"@id\":\"https:\\\/\\\/www.lojadeequipamentos.com.br\\\/loja\\\/contacts\\\/\",\"url\":\"https:\\\/\\\/www.lojadeequipamentos.com.br\\\/loja\\\/contacts\\\/\",\"name\":\"Contato - Loja de Equipamentos\",\"isPartOf\":{\"@id\":\"https:\\\/\\\/www.lojadeequipamentos.com.br\\\/loja\\\/#website\"},\"primaryImageOfPage\":{\"@id\":\"https:\\\/\\\/www.lojadeequipamentos.com.br\\\/loja\\\/contacts\\\/#primaryimage\"},\"image\":{\"@id\":\"https:\\\/\\\/www.lojadeequipamentos.com.br\\\/loja\\\/contacts\\\/#primaryimage\"},\"thumbnailUrl\":\"http:\\\/\\\/www.lojadeequipamentos.com.br\\\/loja\\\/wp-content\\\/uploads\\\/2014\\\/08\\\/contato.png\",\"datePublished\":\"2011-07-14T19:47:05+00:00\",\"dateModified\":\"2021-04-05T23:07:47+00:00\",\"breadcrumb\":{\"@id\":\"https:\\\/\\\/www.lojadeequipamentos.com.br\\\/loja\\\/contacts\\\/#breadcrumb\"},\"inLanguage\":\"pt-BR\",\"potentialAction\":[{\"@type\":\"ReadAction\",\"target\":[\"https:\\\/\\\/www.lojadeequipamentos.com.br\\\/loja\\\/contacts\\\/\"]}]},{\"@type\":\"ImageObject\",\"inLanguage\":\"pt-BR\",\"@id\":\"https:\\\/\\\/www.lojadeequipamentos.com.br\\\/loja\\\/contacts\\\/#primaryimage\",\"url\":\"http:\\\/\\\/www.lojadeequipamentos.com.br\\\/loja\\\/wp-content\\\/uploads\\\/2014\\\/08\\\/contato.png\",\"contentUrl\":\"http:\\\/\\\/www.lojadeequipamentos.com.br\\\/loja\\\/wp-content\\\/uploads\\\/2014\\\/08\\\/contato.png\"},{\"@type\":\"BreadcrumbList\",\"@id\":\"https:\\\/\\\/www.lojadeequipamentos.com.br\\\/loja\\\/contacts\\\/#breadcrumb\",\"itemListElement\":[{\"@type\":\"ListItem\",\"position\":1,\"name\":\"In\u00edcio\",\"item\":\"https:\\\/\\\/www.lojadeequipamentos.com.br\\\/loja\\\/\"},{\"@type\":\"ListItem\",\"position\":2,\"name\":\"Contato\"}]},{\"@type\":\"WebSite\",\"@id\":\"https:\\\/\\\/www.lojadeequipamentos.com.br\\\/loja\\\/#website\",\"url\":\"https:\\\/\\\/www.lojadeequipamentos.com.br\\\/loja\\\/\",\"name\":\"Loja de Equipamentos\",\"description\":\"\",\"potentialAction\":[{\"@type\":\"SearchAction\",\"target\":{\"@type\":\"EntryPoint\",\"urlTemplate\":\"https:\\\/\\\/www.lojadeequipamentos.com.br\\\/loja\\\/?s={search_term_string}\"},\"query-input\":{\"@type\":\"PropertyValueSpecification\",\"valueRequired\":true,\"valueName\":\"search_term_string\"}}],\"inLanguage\":\"pt-BR\"}]}<\/script>\n<!-- \/ Yoast SEO plugin. -->","yoast_head_json":{"title":"Contato - Loja de Equipamentos","robots":{"index":"index","follow":"follow","max-snippet":"max-snippet:-1","max-image-preview":"max-image-preview:large","max-video-preview":"max-video-preview:-1"},"canonical":"https:\/\/www.lojadeequipamentos.com.br\/loja\/contacts\/","og_locale":"pt_BR","og_type":"article","og_title":"Contato - Loja de Equipamentos","og_url":"https:\/\/www.lojadeequipamentos.com.br\/loja\/contacts\/","og_site_name":"Loja de Equipamentos","article_modified_time":"2021-04-05T23:07:47+00:00","og_image":[{"url":"http:\/\/www.lojadeequipamentos.com.br\/loja\/wp-content\/uploads\/2014\/08\/contato.png","type":"","width":"","height":""}],"twitter_card":"summary_large_image","twitter_misc":{"Est. tempo de leitura":"1 minuto"},"schema":{"@context":"https:\/\/schema.org","@graph":[{"@type":"WebPage","@id":"https:\/\/www.lojadeequipamentos.com.br\/loja\/contacts\/","url":"https:\/\/www.lojadeequipamentos.com.br\/loja\/contacts\/","name":"Contato - Loja de Equipamentos","isPartOf":{"@id":"https:\/\/www.lojadeequipamentos.com.br\/loja\/#website"},"primaryImageOfPage":{"@id":"https:\/\/www.lojadeequipamentos.com.br\/loja\/contacts\/#primaryimage"},"image":{"@id":"https:\/\/www.lojadeequipamentos.com.br\/loja\/contacts\/#primaryimage"},"thumbnailUrl":"http:\/\/www.lojadeequipamentos.com.br\/loja\/wp-content\/uploads\/2014\/08\/contato.png","datePublished":"2011-07-14T19:47:05+00:00","dateModified":"2021-04-05T23:07:47+00:00","breadcrumb":{"@id":"https:\/\/www.lojadeequipamentos.com.br\/loja\/contacts\/#breadcrumb"},"inLanguage":"pt-BR","potentialAction":[{"@type":"ReadAction","target":["https:\/\/www.lojadeequipamentos.com.br\/loja\/contacts\/"]}]},{"@type":"ImageObject","inLanguage":"pt-BR","@id":"https:\/\/www.lojadeequipamentos.com.br\/loja\/contacts\/#primaryimage","url":"http:\/\/www.lojadeequipamentos.com.br\/loja\/wp-content\/uploads\/2014\/08\/contato.png","contentUrl":"http:\/\/www.lojadeequipamentos.com.br\/loja\/wp-content\/uploads\/2014\/08\/contato.png"},{"@type":"BreadcrumbList","@id":"https:\/\/www.lojadeequipamentos.com.br\/loja\/contacts\/#breadcrumb","itemListElement":[{"@type":"ListItem","position":1,"name":"In\u00edcio","item":"https:\/\/www.lojadeequipamentos.com.br\/loja\/"},{"@type":"ListItem","position":2,"name":"Contato"}]},{"@type":"WebSite","@id":"https:\/\/www.lojadeequipamentos.com.br\/loja\/#website","url":"https:\/\/www.lojadeequipamentos.com.br\/loja\/","name":"Loja de Equipamentos","description":"","potentialAction":[{"@type":"SearchAction","target":{"@type":"EntryPoint","urlTemplate":"https:\/\/www.lojadeequipamentos.com.br\/loja\/?s={search_term_string}"},"query-input":{"@type":"PropertyValueSpecification","valueRequired":true,"valueName":"search_term_string"}}],"inLanguage":"pt-BR"}]}},"_links":{"self":[{"href":"https:\/\/www.lojadeequipamentos.com.br\/loja\/wp-json\/wp\/v2\/pages\/14","targetHints":{"allow":["GET"]}}],"collection":[{"href":"https:\/\/www.lojadeequipamentos.com.br\/loja\/wp-json\/wp\/v2\/pages"}],"about":[{"href":"https:\/\/www.lojadeequipamentos.com.br\/loja\/wp-json\/wp\/v2\/types\/page"}],"author":[{"embeddable":true,"href":"https:\/\/www.lojadeequipamentos.com.br\/loja\/wp-json\/wp\/v2\/users\/3"}],"replies":[{"embeddable":true,"href":"https:\/\/www.lojadeequipamentos.com.br\/loja\/wp-json\/wp\/v2\/comments?post=14"}],"version-history":[{"count":28,"href":"https:\/\/www.lojadeequipamentos.com.br\/loja\/wp-json\/wp\/v2\/pages\/14\/revisions"}],"predecessor-version":[{"id":5506,"href":"https:\/\/www.lojadeequipamentos.com.br\/loja\/wp-json\/wp\/v2\/pages\/14\/revisions\/5506"}],"wp:attachment":[{"href":"https:\/\/www.lojadeequipamentos.com.br\/loja\/wp-json\/wp\/v2\/media?parent=14"}],"curies":[{"name":"wp","href":"https:\/\/api.w.org\/{rel}","templated":true}]}}